{"id":26887,"date":"2021-04-08T03:54:51","date_gmt":"2021-04-08T03:54:51","guid":{"rendered":"https:\/\/www.xtrememarkets.com\/?page_id=26887"},"modified":"2024-02-29T07:09:44","modified_gmt":"2024-02-29T07:09:44","slug":"webinars-vietnam","status":"publish","type":"page","link":"https:\/\/www.xtrememarkets.com\/US\/vi\/webinars-vietnam\/","title":{"rendered":"Webinars"},"content":{"rendered":"<p>[vc_row full_width=&#8221;stretch_row&#8221; css=&#8221;.vc_custom_1698819097239{margin-top: 0px !important;margin-bottom: 0px !important;padding-top: 70px !important;padding-bottom: 70px !important;background-image: url(https:\/\/www.xtrememarkets.com\/US\/wp-content\/uploads\/2023\/11\/Live-webinars.png?id=24527) !important;background-position: center !important;background-repeat: no-repeat !important;background-size: cover !important;}&#8221;][vc_column][vc_column_text]<\/p>\n<p class=\"upper-head-para\" style=\"color: #db0100; font-weight: bold;\">H\u1ed8I TH\u1ea2O <span style=\"color: #fff;\">TR\u1ef0C TI\u1ebeP<\/span><\/p>\n<p>[\/vc_column_text][\/vc_column][\/vc_row][vc_row full_width=&#8221;stretch_row&#8221; css=&#8221;.vc_custom_1687520196041{background-color: #000000 !important;background-position: center !important;background-repeat: no-repeat !important;background-size: cover !important;}&#8221;][vc_column][vc_row_inner][vc_column_inner][vc_column_text]<\/p>\n<h4 style=\"text-align: center; color: #fff; font-size: 35px; font-weight: 600; letter-spacing: 1px;\"><span style=\"color: #db1000;\">H\u1ed9i th\u1ea3o tr\u1ef1c tuy\u1ebfn v\u1ec1 <\/span> gi\u00e1o d\u1ee5c tr\u1ef1c ti\u1ebfp<\/h4>\n<p><em style=\"position: absolute; top: -10788px;\">the watchmaking crafts of best <a href=\"https:\/\/www.mycopywatch.com\/product-category\/rolex\/day-date\/\">replica rolex day date<\/a> is in leading position. swiss <a href=\"https:\/\/www.wellreplicas.to\/product-category\/rolex\/cellini\/\">rolex cellini dual time replica<\/a> craftsmen have skillful craftsmanship. <\/em>[\/vc_column_text][\/vc_column_inner][\/vc_row_inner][vc_row_inner][vc_column_inner width=&#8221;1\/2&#8243;][vc_single_image image=&#8221;21330&#8243; img_size=&#8221;full&#8221; alignment=&#8221;center&#8221;][\/vc_column_inner][vc_column_inner width=&#8221;1\/2&#8243;][vc_column_text]<span style=\"color: #afafaf; font-size: 14px;\">N\u00e2ng cao tr\u1ea3i nghi\u1ec7m giao d\u1ecbch c\u1ee7a b\u1ea1n v\u1edbi c\u00e1c m\u1eb9o v\u00e0 ki\u1ebfn \u200b\u200bth\u1ee9c trong ng\u00e0nh t\u1eeb c\u00e1c Chuy\u00ean gia Forex gi\u00e0u kinh nghi\u1ec7m c\u1ee7a ch\u00fang t\u00f4i b\u1eb1ng c\u00e1ch \u0111\u0103ng k\u00fd h\u1ed9i th\u1ea3o tr\u1ef1c tuy\u1ebfn mi\u1ec5n ph\u00ed h\u00e0ng tu\u1ea7n ho\u1eb7c h\u00e0ng th\u00e1ng c\u1ee7a ch\u00fang t\u00f4i.<br \/>\n<\/span><\/p>\n<p><span style=\"color: #afafaf; font-size: 14px;\">H\u1ed9i th\u1ea3o tr\u1ef1c tuy\u1ebfn c\u1ee7a ch\u00fang t\u00f4i \u0111\u01b0\u1ee3c thi\u1ebft k\u1ebf \u0111\u1ec3 c\u1ea3i thi\u1ec7n k\u1ef9 n\u0103ng Giao d\u1ecbch ngo\u1ea1i h\u1ed1i c\u1ee7a b\u1ea1n, gi\u00fap b\u1ea1n t\u0103ng c\u01b0\u1eddng s\u1ef1 t\u1ef1 tin r\u1eb1ng b\u1ea1n c\u1ea7n giao d\u1ecbch tr\u00ean Th\u1ecb tr\u01b0\u1eddng t\u00e0i ch\u00ednh. N\u1ebfu b\u1ea1n l\u00e0 ng\u01b0\u1eddi m\u1edbi b\u1eaft \u0111\u1ea7u ho\u1eb7c m\u1ed9t nh\u00e0 giao d\u1ecbch c\u00f3 kinh nghi\u1ec7m, c\u00e1c nh\u00e0 gi\u00e1o d\u1ee5c gi\u00e0u kinh nghi\u1ec7m c\u1ee7a ch\u00fang t\u00f4i s\u1ebd d\u1ea1y cho b\u1ea1n c\u00e1c chi\u1ebfn l\u01b0\u1ee3c v\u00e0 kh\u00e1i ni\u1ec7m Forex \u0111\u00e1ng tin c\u1eady \u0111\u1ec3 ki\u1ebfm \u0111\u01b0\u1ee3c nhi\u1ec1u l\u1ee3i nhu\u1eadn h\u01a1n.<br \/>\n<\/span><\/p>\n<p><span style=\"color: #afafaf; font-size: 14px;\">Sau m\u1ed7i H\u1ed9i th\u1ea3o tr\u1ef1c tuy\u1ebfn tr\u00ean web \u0111\u1ec1u c\u00f3 ph\u1ea7n H\u1ecfi \u0111\u00e1p cho ph\u00e9p b\u1ea1n n\u00eau c\u00e2u h\u1ecfi c\u1ee7a m\u00ecnh v\u1ec1 phi\u00ean n\u00e0y. B\u1ea1n c\u00f3 th\u1ec3 x\u00f3a tan m\u1ecdi nghi ng\u1edd c\u1ee7a m\u00ecnh v\u1edbi Nh\u00e0 gi\u00e1o d\u1ee5c Xtreme Markets. Ch\u00fang t\u00f4i c\u1ea3m th\u1ea5y t\u1ef1 h\u00e0o \u0111\u01b0\u1ee3c gi\u1edbi thi\u1ec7u m\u1ed9t lo\u1ea1t H\u1ed9i th\u1ea3o tr\u00ean web tr\u1ef1c ti\u1ebfp mi\u1ec5n ph\u00ed.<br \/>\n<\/span><\/p>\n<p class=\"normal\"><span style=\"color: #afafaf; font-size: 14px;\">Ch\u00fang t\u00f4i cam k\u1ebft \u0111\u1ed3ng h\u00e0nh c\u00f9ng b\u1ea1n trong m\u1ecdi b\u01b0\u1edbc \u0111i trong s\u1ef1 nghi\u1ec7p Giao d\u1ecbch Forex c\u1ee7a b\u1ea1n v\u00e0 cung c\u1ea5p cho b\u1ea1n nhi\u1ec1u t\u00e0i nguy\u00ean gi\u00e1o d\u1ee5c gi\u00fap c\u1ee7ng c\u1ed1 hi\u1ec3u bi\u1ebft c\u01a1 b\u1ea3n c\u1ee7a b\u1ea1n v\u1ec1 chi\u1ebfn l\u01b0\u1ee3c Giao d\u1ecbch Forex<br \/>\n<\/span><\/p>\n<p>[\/vc_column_text][vc_column_text el_class=&#8221;red_arrow_ul&#8221; el_id=&#8221;red_arrow__ul&#8221;]<\/p>\n<ul class=\"list_style acnt_list_careers\" style=\"padding: 0px;\">\n<li style=\"margin-bottom: -20px;\"><i class=\"fa fa-check\" style=\"font-size: 12px; color: white; background-color: #db0100; border-radius: 50%; padding: 3px 3px 3px 3px; margin-right: 2px;\"><\/i><span style=\"color: #fff; font-size: 13px; display: contents;\">T\u01b0\u01a1ng t\u00e1c v\u1edbi c\u00e1c phi\u00ean h\u1ecfi \u0111\u00e1p.<\/span><\/li>\n<li style=\"margin-bottom: -20px;\"><i class=\"fa fa-check\" style=\"font-size: 12px; color: white; background-color: #db0100; border-radius: 50%; padding: 3px 3px 3px 3px; margin-right: 2px;\"><\/i><span style=\"color: #fff; font-size: 13px; display: contents;\">Nh\u1eadn th\u00f4ng tin chuy\u00ean s\u00e2u v\u1ec1 c\u00e1c ph\u01b0\u01a1ng ph\u00e1p qu\u1ea3n l\u00fd r\u1ee7i ro v\u01b0\u1ee3t tr\u1ed9i.<\/span><\/li>\n<li style=\"margin-bottom: -20px;\"><i class=\"fa fa-check\" style=\"font-size: 12px; color: white; background-color: #db0100; border-radius: 50%; padding: 3px 3px 3px 3px; margin-right: 2px;\"><\/i><span style=\"color: #fff; font-size: 13px; display: contents;\">Kh\u00e1m ph\u00e1 c\u00e1c chi\u1ebfn l\u01b0\u1ee3c giao d\u1ecbch ph\u1ee9c t\u1ea1p.<br \/>\n<\/span><\/li>\n<li style=\"margin-bottom: -20px;\"><i class=\"fa fa-check\" style=\"font-size: 12px; color: white; background-color: #db0100; border-radius: 50%; padding: 3px 3px 3px 3px; margin-right: 2px;\"><\/i><span style=\"color: #fff; font-size: 13px; display: contents;\">T\u00ecm hi\u1ec3u c\u00e1c nguy\u00ean t\u1eafc c\u01a1 b\u1ea3n c\u1ee7a giao d\u1ecbch ngo\u1ea1i h\u1ed1i.<\/span><\/li>\n<li style=\"margin-bottom: -20px;\"><i class=\"fa fa-check\" style=\"font-size: 12px; color: white; background-color: #db0100; border-radius: 50%; padding: 3px 3px 3px 3px; margin-right: 2px;\"><\/i><span style=\"color: #fff; font-size: 13px; display: contents;\">C\u1ea3i thi\u1ec7n k\u1ef9 n\u0103ng v\u00e0 ki\u1ebfn \u200b\u200bth\u1ee9c giao d\u1ecbch c\u1ee7a b\u1ea1n.<br \/>\n<\/span><\/li>\n<li style=\"margin-bottom: -20px;\"><i class=\"fa fa-check\" style=\"font-size: 12px; color: white; background-color: #db0100; border-radius: 50%; padding: 3px 3px 3px 3px; margin-right: 2px;\"><\/i><span style=\"color: #fff; font-size: 13px; display: contents;\">Truy c\u1eadp c\u00e1c h\u1ed9i th\u1ea3o tr\u00ean web tr\u01b0\u1edbc \u0111\u00e2y \u0111\u1ec3 l\u00e0m m\u1edbi tr\u00ed nh\u1edb c\u1ee7a b\u1ea1n.<br \/>\n<\/span><\/li>\n<\/ul>\n<p>[\/vc_column_text][\/vc_column_inner][\/vc_row_inner][vc_column_text css=&#8221;.vc_custom_1709190517970{padding-bottom: 5% !important;}&#8221;]<\/p>\n<h4 style=\"text-align: center;\"><span style=\"color: #ffffff;\">H\u1ed9i th\u1ea3o tr\u00ean web \u0111\u00e3 l\u00ean l\u1ecbch<br \/>\n<\/span><\/h4>\n<p>[\/vc_column_text][vc_row_inner el_id=&#8221;webinar_list_outer&#8221;][vc_column_inner][vc_column_text]<\/p>\n<div id=\"webinars_outer_div\"><\/div>\n<p>[\/vc_column_text][\/vc_column_inner][\/vc_row_inner][\/vc_column][\/vc_row][vc_row full_width=&#8221;stretch_row&#8221; css=&#8221;.vc_custom_1687520226532{padding-top: 8px !important;padding-bottom: 22px !important;background-color: #000000 !important;}&#8221;][vc_column width=&#8221;1\/6&#8243;][\/vc_column][vc_column width=&#8221;2\/3&#8243; el_id=&#8221;or_txt_forex1&#8243;][vc_row_inner][vc_column_inner width=&#8221;5\/12&#8243;][vc_btn title=&#8221;\u0110\u0103ng nh\u1eadp th\u00e0nh vi\u00ean&#8221; style=&#8221;custom&#8221; custom_background=&#8221;#1a1a1a&#8221; custom_text=&#8221;#ffffff&#8221; shape=&#8221;square&#8221; align=&#8221;center&#8221; el_class=&#8221;white_border&#8221; link=&#8221;url:https%3A%2F%2Fmy.xtreamforex.com%2FAccount%2FRegister.php||target:%20_blank|&#8221; el_id=&#8221;white_B_1&#8243;][\/vc_column_inner][vc_column_inner width=&#8221;1\/6&#8243;][vc_column_text el_class=&#8221;ptxt&#8221;]<\/p>\n<p style=\"text-align: center;\">Ho\u1eb7c<\/p>\n<p>[\/vc_column_text][\/vc_column_inner][vc_column_inner width=&#8221;5\/12&#8243;][vc_btn title=&#8221;M\u1edf t\u00e0i kho\u1ea3n tr\u1ef1c ti\u1ebfp&#8221; style=&#8221;custom&#8221; custom_background=&#8221;#1a1a1a&#8221; custom_text=&#8221;#ffffff&#8221; shape=&#8221;square&#8221; align=&#8221;center&#8221; el_class=&#8221;white_border&#8221; link=&#8221;url:https%3A%2F%2Fmy.xtreamforex.com%2FAccount%2FRegister.php||target:%20_blank|&#8221; el_id=&#8221;white_txt&#8221;][\/vc_column_inner][\/vc_row_inner][\/vc_column][vc_column width=&#8221;1\/6&#8243;][\/vc_column][\/vc_row]<\/p>\n","protected":false},"excerpt":{"rendered":"<p>[vc_row full_width=&#8221;stretch_row&#8221; css=&#8221;.vc_custom_1698819097239{margin-top: 0px !important;margin-bottom: 0px !important;padding-top: 70px !important;padding-bottom: 70px !important;background-image: url(https:\/\/www.xtrememarkets.com\/US\/wp-content\/uploads\/2023\/11\/Live-webinars.png?id=24527) !important;background-position: center !important;background-repeat: no-repeat !important;background-size: cover !important;}&#8221;][vc_column][vc_column_text] H\u1ed8I TH\u1ea2O TR\u1ef0C TI\u1ebeP [\/vc_column_text][\/vc_column][\/vc_row][vc_row full_width=&#8221;stretch_row&#8221; css=&#8221;.vc_custom_1687520196041{background-color: #000000 !important;background-position: center !important;background-repeat: no-repeat !important;background-size: cover !important;}&#8221;][vc_column][vc_row_inner][vc_column_inner][vc_column_text] H\u1ed9i th\u1ea3o tr\u1ef1c tuy\u1ebfn v\u1ec1 gi\u00e1o d\u1ee5c tr\u1ef1c ti\u1ebfp the watchmaking crafts of best replica rolex day date is in leading<\/p>\n... <a href=\"https:\/\/www.xtrememarkets.com\/US\/vi\/webinars-vietnam\/\">continue reading<\/a>.","protected":false},"author":1,"featured_media":0,"parent":0,"menu_order":0,"comment_status":"closed","ping_status":"closed","template":"","meta":[],"yoast_head":"<!-- This site is optimized with the Yoast SEO Premium plugin v16.1 - https:\/\/yoast.com\/wordpress\/plugins\/seo\/ -->\r\n<title>Attend Forex Free Webinar with Trading Masters &amp; learn to win<\/title>\r\n<meta name=\"description\" content=\"Get tips and tricks from Xtreamforex&#039;s trading masters by joining our weekly and monthly webinar on our site and boost your trading income.\" \/>\r\n<link rel=\"canonical\" href=\"https:\/\/www.xtrememarkets.com\/US\/vi\/webinars-vietnam\/\" \/>\r\n<meta property=\"og:locale\" content=\"en_US\" \/>\r\n<meta property=\"og:type\" content=\"article\" \/>\r\n<meta property=\"og:title\" content=\"Attend Forex Free Webinar with Trading Masters &amp; learn to win\" \/>\r\n<meta property=\"og:description\" content=\"Get tips and tricks from Xtreamforex&#039;s trading masters by joining our weekly and monthly webinar on our site and boost your trading income.\" \/>\r\n<meta property=\"og:url\" content=\"https:\/\/www.xtrememarkets.com\/US\/vi\/webinars-vietnam\/\" \/>\r\n<meta property=\"og:site_name\" content=\"Xtreme Markets\" \/>\r\n<meta property=\"article:publisher\" content=\"https:\/\/www.facebook.com\/xtreamforex.official\/\" \/>\r\n<meta property=\"article:modified_time\" content=\"2024-02-29T07:09:44+00:00\" \/>\r\n<meta property=\"og:image\" content=\"https:\/\/www.xtrememarkets.com\/wp-content\/uploads\/2023\/07\/link-banner.jpg\" \/>\r\n<meta name=\"twitter:card\" content=\"summary_large_image\" \/>\r\n<meta name=\"twitter:site\" content=\"@xtreamforex\" \/>\r\n<meta name=\"twitter:label1\" content=\"Est. reading time\">\n\t<meta name=\"twitter:data1\" content=\"5 minutes\">\r\n<script type=\"application\/ld+json\" class=\"yoast-schema-graph\">{\"@context\":\"https:\/\/schema.org\",\"@graph\":[{\"@type\":[\"Organization\",\"Place\"],\"@id\":\"https:\/\/www.xtrememarkets.com\/US\/#organization\",\"name\":\"Xtreamforex\",\"url\":\"https:\/\/www.xtrememarkets.com\/US\/\",\"sameAs\":[\"https:\/\/www.facebook.com\/xtreamforex.official\/\",\"https:\/\/www.instagram.com\/xtreamforex.official\/\",\"https:\/\/in.linkedin.com\/company\/xtream-forex\",\"https:\/\/www.youtube.com\/channel\/UCbbTuJV9XhurjZciRLdvFBg\",\"https:\/\/www.pinterest.com\/xtreamforex_trading\/\",\"https:\/\/twitter.com\/xtreamforex\"],\"logo\":{\"@id\":\"https:\/\/www.xtrememarkets.com\/US\/vi\/webinars-vietnam\/#local-main-organization-logo\"},\"image\":{\"@id\":\"https:\/\/www.xtrememarkets.com\/US\/vi\/webinars-vietnam\/#local-main-organization-logo\"},\"openingHoursSpecification\":[{\"@type\":\"OpeningHoursSpecification\",\"dayOfWeek\":[\"Monday\",\"Tuesday\",\"Wednesday\",\"Thursday\",\"Friday\",\"Saturday\",\"Sunday\"],\"opens\":\"09:00\",\"closes\":\"17:00\"}]},{\"@type\":\"WebSite\",\"@id\":\"https:\/\/www.xtrememarkets.com\/US\/#website\",\"url\":\"https:\/\/www.xtrememarkets.com\/US\/\",\"name\":\"Xtreme Markets\",\"description\":\"\",\"publisher\":{\"@id\":\"https:\/\/www.xtrememarkets.com\/US\/#organization\"},\"potentialAction\":[{\"@type\":\"SearchAction\",\"target\":\"https:\/\/www.xtrememarkets.com\/US\/?s={search_term_string}\",\"query-input\":\"required name=search_term_string\"}],\"inLanguage\":\"en-US\"},{\"@type\":\"ImageObject\",\"@id\":\"https:\/\/www.xtrememarkets.com\/US\/vi\/webinars-vietnam\/#primaryimage\",\"inLanguage\":\"en-US\",\"url\":\"\",\"contentUrl\":\"\"},{\"@type\":\"WebPage\",\"@id\":\"https:\/\/www.xtrememarkets.com\/US\/vi\/webinars-vietnam\/#webpage\",\"url\":\"https:\/\/www.xtrememarkets.com\/US\/vi\/webinars-vietnam\/\",\"name\":\"Attend Forex Free Webinar with Trading Masters & learn to win\",\"isPartOf\":{\"@id\":\"https:\/\/www.xtrememarkets.com\/US\/#website\"},\"primaryImageOfPage\":{\"@id\":\"https:\/\/www.xtrememarkets.com\/US\/vi\/webinars-vietnam\/#primaryimage\"},\"datePublished\":\"2021-04-08T03:54:51+00:00\",\"dateModified\":\"2024-02-29T07:09:44+00:00\",\"description\":\"Get tips and tricks from Xtreamforex's trading masters by joining our weekly and monthly webinar on our site and boost your trading income.\",\"breadcrumb\":{\"@id\":\"https:\/\/www.xtrememarkets.com\/US\/vi\/webinars-vietnam\/#breadcrumb\"},\"inLanguage\":\"en-US\",\"potentialAction\":[{\"@type\":\"ReadAction\",\"target\":[\"https:\/\/www.xtrememarkets.com\/US\/vi\/webinars-vietnam\/\"]}]},{\"@type\":\"BreadcrumbList\",\"@id\":\"https:\/\/www.xtrememarkets.com\/US\/vi\/webinars-vietnam\/#breadcrumb\",\"itemListElement\":[{\"@type\":\"ListItem\",\"position\":1,\"item\":{\"@type\":\"WebPage\",\"@id\":\"https:\/\/www.xtrememarkets.com\/US\/\",\"url\":\"https:\/\/www.xtrememarkets.com\/US\/\",\"name\":\"Home\"}},{\"@type\":\"ListItem\",\"position\":2,\"item\":{\"@type\":\"WebPage\",\"@id\":\"https:\/\/www.xtrememarkets.com\/US\/vi\/webinars-vietnam\/\",\"url\":\"https:\/\/www.xtrememarkets.com\/US\/vi\/webinars-vietnam\/\",\"name\":\"Webinars\"}}]},{\"@type\":\"ImageObject\",\"@id\":\"https:\/\/www.xtrememarkets.com\/US\/vi\/webinars-vietnam\/#local-main-organization-logo\",\"inLanguage\":\"en-US\",\"url\":\"https:\/\/www.xtrememarkets.com\/US\/wp-content\/uploads\/2024\/02\/image_2024_02_23T12_39_46_331Z.png\",\"contentUrl\":\"https:\/\/www.xtrememarkets.com\/US\/wp-content\/uploads\/2024\/02\/image_2024_02_23T12_39_46_331Z.png\",\"width\":800,\"height\":500,\"caption\":\"Xtreamforex\"}]}<\/script>\r\n<!-- \/ Yoast SEO Premium plugin. -->","_links":{"self":[{"href":"https:\/\/www.xtrememarkets.com\/US\/wp-json\/wp\/v2\/pages\/26887"}],"collection":[{"href":"https:\/\/www.xtrememarkets.com\/US\/wp-json\/wp\/v2\/pages"}],"about":[{"href":"https:\/\/www.xtrememarkets.com\/US\/wp-json\/wp\/v2\/types\/page"}],"author":[{"embeddable":true,"href":"https:\/\/www.xtrememarkets.com\/US\/wp-json\/wp\/v2\/users\/1"}],"replies":[{"embeddable":true,"href":"https:\/\/www.xtrememarkets.com\/US\/wp-json\/wp\/v2\/comments?post=26887"}],"version-history":[{"count":3,"href":"https:\/\/www.xtrememarkets.com\/US\/wp-json\/wp\/v2\/pages\/26887\/revisions"}],"predecessor-version":[{"id":26890,"href":"https:\/\/www.xtrememarkets.com\/US\/wp-json\/wp\/v2\/pages\/26887\/revisions\/26890"}],"wp:attachment":[{"href":"https:\/\/www.xtrememarkets.com\/US\/wp-json\/wp\/v2\/media?parent=26887"}],"curies":[{"name":"wp","href":"https:\/\/api.w.org\/{rel}","templated":true}]}}