{"id":26879,"date":"2020-05-15T11:43:18","date_gmt":"2020-05-15T11:43:18","guid":{"rendered":"https:\/\/www.xtrememarkets.com\/?page_id=26879"},"modified":"2024-02-29T06:28:21","modified_gmt":"2024-02-29T06:28:21","slug":"trading-tools-vietnam","status":"publish","type":"page","link":"https:\/\/www.xtrememarkets.com\/US\/vi\/trading-tools-vietnam\/","title":{"rendered":"Powerful Trading Tools"},"content":{"rendered":"<p>[vc_row full_width=&#8221;stretch_row&#8221; css=&#8221;.vc_custom_1698760659888{margin-top: 0px !important;margin-bottom: 0px !important;padding-top: 70px !important;padding-bottom: 70px !important;background-image: url(https:\/\/www.xtrememarkets.com\/US\/wp-content\/uploads\/2023\/10\/trading-tools.png?id=24513) !important;background-position: center !important;background-repeat: no-repeat !important;background-size: cover !important;}&#8221;][vc_column][vc_column_text]<\/p>\n<p class=\"upper-head-para\" style=\"color: #db0100; font-weight: bold;\">C\u00d4NG C\u1ee4 <span style=\"color: #fff;\">GIAO D\u1ecaCH<br \/>\n<\/span><\/p>\n<p>[\/vc_column_text][\/vc_column][\/vc_row][vc_row full_width=&#8221;stretch_row&#8221; css=&#8221;.vc_custom_1698760682775{margin-top: 0px !important;background-color: #000000 !important;}&#8221;][vc_column el_id=&#8221;T_T_first_p&#8221;][vc_column_text css=&#8221;.vc_custom_1709187096771{padding-top: 10px !important;padding-right: 10px !important;padding-bottom: 10px !important;padding-left: 10px !important;}&#8221; el_class=&#8221;aa&#8221;]<\/p>\n<p style=\"color: #afafaf; font-size: 15px; line-height: 25px;\">\u0110\u1eebng bao gi\u1edd b\u1ecf l\u1ee1 c\u01a1 h\u1ed9i \u0111\u1ec3 gi\u1ea3m thi\u1ec3u r\u1ee7i ro c\u1ee7a b\u1ea1n! C\u1ea3i thi\u1ec7n chi\u1ebfn l\u01b0\u1ee3c giao d\u1ecbch c\u1ee7a b\u1ea1n v\u00e0 \u0111\u01b0a ra quy\u1ebft \u0111\u1ecbnh t\u1ed1t h\u01a1n v\u1edbi c\u00e1c C\u00f4ng c\u1ee5 giao d\u1ecbch m\u1ea1nh m\u1ebd c\u1ee7a Xtreme Markets nh\u01b0 c\u00f4ng c\u1ee5 chuy\u1ec3n \u0111\u1ed5i ti\u1ec1n t\u1ec7, m\u00e1y t\u00ednh pip v\u00e0 nhi\u1ec1u c\u01a1 ch\u1ebf giao d\u1ecbch kh\u00e1c c\u00f3 th\u1ec3 \u0111\u01b0\u1ee3c s\u1eed d\u1ee5ng trong Th\u1ecb tr\u01b0\u1eddng Forex.<\/p>\n<p>[\/vc_column_text][\/vc_column][\/vc_row][vc_row full_width=&#8221;stretch_row&#8221; css=&#8221;.vc_custom_1689155140161{padding-bottom: 28px !important;background-color: #000000 !important;}&#8221; el_class=&#8221;rowpd&#8221;][vc_column width=&#8221;1\/3&#8243; el_id=&#8221;imgs_TT&#8221;][vc_single_image image=&#8221;22001&#8243; img_size=&#8221;350&#215;230&#8243; alignment=&#8221;center&#8221; css=&#8221;.vc_custom_1697026826525{margin-top: -35px !important;margin-bottom: 0px !important;margin-left: -15px !important;}&#8221; el_class=&#8221;boximg&#8221;][\/vc_column][vc_column width=&#8221;2\/3&#8243; el_class=&#8221;colpdng&#8221; el_id=&#8221;trading_first_sec-1&#8243;][vc_column_text el_class=&#8221;boxhd&#8221;]<span style=\"color: #ffffff;\"><strong>Ng\u00e0y l\u1ec5<\/strong> ngo\u1ea1i h\u1ed1i<\/span>[\/vc_column_text][vc_column_text el_class=&#8221;boxpara&#8221; el_id=&#8221;pip_calculator&#8221;]<span style=\"color: #afafaf; font-size: 15px;\">Danh s\u00e1ch chi ti\u1ebft c\u00e1c ng\u00e0y ngh\u1ec9 l\u1ec5 tr\u00ean to\u00e0n th\u1ebf gi\u1edbi c\u00f3 th\u1ec3 \u1ea3nh h\u01b0\u1edfng \u0111\u1ebfn Giao d\u1ecbch Forex. Ki\u1ec3m tra danh s\u00e1ch chi ti\u1ebft L\u1ecbch ngh\u1ec9 l\u1ec5 Forex!<\/span>[\/vc_column_text][vc_btn title=&#8221;S\u1eed d\u1ee5ng c\u00f4ng c\u1ee5 n\u00e0y&#8221; style=&#8221;custom&#8221; custom_background=&#8221;#db0100&#8243; custom_text=&#8221;#dedede&#8221; shape=&#8221;square&#8221; link=&#8221;url:https%3A%2F%2Fxtreamforex.com%2Fforex-holidays%2F|||&#8221; el_class=&#8221;boxbtn2 use_this_tool&#8221; el_id=&#8221;TT_first_btn&#8221;][\/vc_column][\/vc_row][vc_row full_width=&#8221;stretch_row&#8221; css=&#8221;.vc_custom_1689155155896{padding-bottom: 28px !important;background-color: #000000 !important;}&#8221; el_class=&#8221;rowpd&#8221;][vc_column width=&#8221;1\/3&#8243; el_id=&#8221;imgs_TT&#8221;][vc_single_image image=&#8221;22000&#8243; img_size=&#8221;350&#215;230&#8243; alignment=&#8221;center&#8221; css=&#8221;.vc_custom_1697026835111{margin-top: -35px !important;margin-bottom: 0px !important;margin-left: -15px !important;}&#8221; el_class=&#8221;boximg&#8221;][\/vc_column][vc_column width=&#8221;2\/3&#8243; el_class=&#8221;colpdng&#8221; el_id=&#8221;trading_first_sec-2&#8243;][vc_column_text el_class=&#8221;boxhd&#8221;]<span style=\"color: #ffffff;\"><strong>C\u00f4ng c\u1ee5 t\u00ednh k\u00edch<\/strong> th\u01b0\u1edbc v\u1ecb th\u1ebf<\/span>[\/vc_column_text][vc_column_text el_class=&#8221;boxpara&#8221;]<span style=\"color: #afafaf; font-size: 15px;\">C\u00f4ng c\u1ee5 t\u00ednh Quy m\u00f4 V\u1ecb th\u1ebf gi\u00fap b\u1ea1n ph\u00e2n t\u00edch gi\u00e1 tr\u1ecb theo th\u1eddi gian th\u1ef1c v\u1edbi gi\u00e1 th\u1ecb tr\u01b0\u1eddng hi\u1ec7n t\u1ea1i v\u00e0 cung c\u1ea5p cho b\u1ea1n k\u1ebft qu\u1ea3 ch\u00ednh x\u00e1c.<br \/>\n<\/span>[\/vc_column_text][vc_btn title=&#8221;S\u1eed d\u1ee5ng c\u00f4ng c\u1ee5 n\u00e0y&#8221; style=&#8221;custom&#8221; custom_background=&#8221;#db0100&#8243; custom_text=&#8221;#dedede&#8221; shape=&#8221;square&#8221; el_class=&#8221;boxbtn2&#8243; css=&#8221;.vc_custom_1709187674458{margin-top: -12px !important;padding-top: 0px !important;padding-right: 0px !important;padding-bottom: 0px !important;padding-left: 0px !important;}&#8221; link=&#8221;url:https%3A%2F%2Fxtreamforex.com%2Fposition-size-calculator%2F|||&#8221; el_id=&#8221;TT_first_btn&#8221;][\/vc_column][\/vc_row][vc_row full_width=&#8221;stretch_row&#8221; css=&#8221;.vc_custom_1689155161468{padding-bottom: 28px !important;background-color: #000000 !important;}&#8221; el_class=&#8221;rowpd&#8221;][vc_column width=&#8221;1\/3&#8243; el_id=&#8221;imgs_TT&#8221;][vc_single_image image=&#8221;21999&#8243; img_size=&#8221;350&#215;230&#8243; alignment=&#8221;center&#8221; css=&#8221;.vc_custom_1697026840948{margin-top: -35px !important;margin-bottom: 0px !important;margin-left: -15px !important;}&#8221; el_class=&#8221;boximg&#8221;][\/vc_column][vc_column width=&#8221;2\/3&#8243; el_class=&#8221;colpdng&#8221; el_id=&#8221;trading_first_sec-3&#8243;][vc_column_text el_class=&#8221;boxhd&#8221;]<span style=\"color: #ffffff;\"><strong>M\u00e1y t\u00ednh <\/strong> Pip<\/span>[\/vc_column_text][vc_column_text el_class=&#8221;boxpara&#8221; el_id=&#8221;pip_calculator&#8221;]<span style=\"color: #afafaf; font-size: 15px;\">S\u1eed d\u1ee5ng C\u00f4ng c\u1ee5 t\u00ednh Pip v\u00e0 Giao d\u1ecbch CFD tr\u00ean Forex \u0111\u1ec3 t\u00ednh gi\u00e1 tr\u1ecb pip b\u1ea1n mu\u1ed1n giao d\u1ecbch ngo\u1ea1i h\u1ed1i.<\/span>[\/vc_column_text][vc_btn title=&#8221;S\u1eed d\u1ee5ng c\u00f4ng c\u1ee5 n\u00e0y&#8221; style=&#8221;custom&#8221; custom_background=&#8221;#db0100&#8243; custom_text=&#8221;#dedede&#8221; shape=&#8221;square&#8221; el_class=&#8221;boxbtn2 use_this_tool&#8221; css=&#8221;.vc_custom_1709187758817{margin-top: -10px !important;padding-top: 0px !important;padding-right: 0px !important;padding-bottom: 0px !important;padding-left: 0px !important;}&#8221; link=&#8221;url:https%3A%2F%2Fxtreamforex.com%2Fpip-calculator%2F|||&#8221; el_id=&#8221;TT_first_btn&#8221;][\/vc_column][\/vc_row][vc_row full_width=&#8221;stretch_row&#8221; css=&#8221;.vc_custom_1689155233767{padding-bottom: 28px !important;background-color: #000000 !important;}&#8221; el_class=&#8221;rowpd&#8221;][vc_column width=&#8221;1\/3&#8243; el_id=&#8221;imgs_TT&#8221;][vc_single_image image=&#8221;21998&#8243; img_size=&#8221;350&#215;230&#8243; alignment=&#8221;center&#8221; css=&#8221;.vc_custom_1697026847372{margin-top: -35px !important;margin-bottom: 0px !important;margin-left: -15px !important;}&#8221; el_class=&#8221;boximg&#8221;][\/vc_column][vc_column width=&#8221;2\/3&#8243; el_class=&#8221;colpdng&#8221; el_id=&#8221;trading_first_sec-4&#8243;][vc_column_text el_class=&#8221;boxhd&#8221;]<span style=\"color: #ffffff;\"><strong>L\u1ecbch kinh <\/strong> t\u1ebf<\/span>[\/vc_column_text][vc_column_text el_class=&#8221;boxpara&#8221; el_id=&#8221;pip_calculator&#8221;]<span style=\"color: #afafaf; font-size: 15px;\">Lu\u00f4n c\u1eadp nh\u1eadt v\u1edbi t\u1ea5t c\u1ea3 c\u00e1c s\u1ef1 ki\u1ec7n kinh t\u1ebf chuy\u1ec3n \u0111\u1ed9ng th\u1ecb tr\u01b0\u1eddng tr\u00ean to\u00e0n th\u1ebf gi\u1edbi. C\u00e1ch d\u1ec5 d\u00e0ng \u0111\u1ec3 theo d\u00f5i c\u1eadp nh\u1eadt kinh t\u1ebf.<br \/>\n<\/span>[\/vc_column_text][vc_btn title=&#8221;S\u1eed d\u1ee5ng c\u00f4ng c\u1ee5 n\u00e0y&#8221; style=&#8221;custom&#8221; custom_background=&#8221;#db0100&#8243; custom_text=&#8221;#dedede&#8221; shape=&#8221;square&#8221; el_class=&#8221;boxbtn2&#8243; css=&#8221;.vc_custom_1709187847842{margin-top: -10px !important;padding-top: 0px !important;padding-right: 0px !important;padding-bottom: 0px !important;padding-left: 0px !important;}&#8221; link=&#8221;url:https%3A%2F%2Fxtreamforex.com%2Feconomic-calendar%2F|||&#8221; el_id=&#8221;TT_first_btn&#8221;][\/vc_column][\/vc_row][vc_row full_width=&#8221;stretch_row&#8221; css=&#8221;.vc_custom_1689157980024{background-color: #000000 !important;}&#8221;][vc_column width=&#8221;1\/6&#8243;][\/vc_column][vc_column width=&#8221;2\/3&#8243;][vc_row_inner][vc_column_inner width=&#8221;5\/12&#8243;][vc_btn title=&#8221;M\u1edf t\u00e0i kho\u1ea3n tr\u1ef1c ti\u1ebfp&#8221; style=&#8221;custom&#8221; custom_background=&#8221;#000000&#8243; custom_text=&#8221;#ffffff&#8221; shape=&#8221;square&#8221; align=&#8221;center&#8221; el_class=&#8221;white_border black_btn&#8221; link=&#8221;url:https%3A%2F%2Fmy.xtreamforex.com%2FAccount%2FRegister.php||target:%20_blank|&#8221;][\/vc_column_inner][vc_column_inner width=&#8221;1\/6&#8243;][vc_column_text]<\/p>\n<p style=\"text-align: center;\"><span style=\"color: #ffffff;\">Or<\/span><\/p>\n<p>[\/vc_column_text][\/vc_column_inner][vc_column_inner width=&#8221;5\/12&#8243;][vc_btn title=&#8221;M\u1edf t\u00e0i kho\u1ea3n demo&#8221; style=&#8221;custom&#8221; custom_background=&#8221;#000000&#8243; custom_text=&#8221;#ffffff&#8221; shape=&#8221;square&#8221; align=&#8221;center&#8221; el_class=&#8221;white_border black_btn&#8221; link=&#8221;url:https%3A%2F%2Fmy.xtreamforex.com%2FAccount%2FRegister.php||target:%20_blank|&#8221;][\/vc_column_inner][\/vc_row_inner][\/vc_column][vc_column width=&#8221;1\/6&#8243;][\/vc_column][\/vc_row]<\/p>\n","protected":false},"excerpt":{"rendered":"<p>[vc_row full_width=&#8221;stretch_row&#8221; css=&#8221;.vc_custom_1698760659888{margin-top: 0px !important;margin-bottom: 0px !important;padding-top: 70px !important;padding-bottom: 70px !important;background-image: url(https:\/\/www.xtrememarkets.com\/US\/wp-content\/uploads\/2023\/10\/trading-tools.png?id=24513) !important;background-position: center !important;background-repeat: no-repeat !important;background-size: cover !important;}&#8221;][vc_column][vc_column_text] C\u00d4NG C\u1ee4 GIAO D\u1ecaCH [\/vc_column_text][\/vc_column][\/vc_row][vc_row full_width=&#8221;stretch_row&#8221; css=&#8221;.vc_custom_1698760682775{margin-top: 0px !important;background-color: #000000 !important;}&#8221;][vc_column el_id=&#8221;T_T_first_p&#8221;][vc_column_text css=&#8221;.vc_custom_1709187096771{padding-top: 10px !important;padding-right: 10px !important;padding-bottom: 10px !important;padding-left: 10px !important;}&#8221; el_class=&#8221;aa&#8221;] \u0110\u1eebng bao gi\u1edd b\u1ecf l\u1ee1 c\u01a1 h\u1ed9i \u0111\u1ec3 gi\u1ea3m thi\u1ec3u r\u1ee7i ro c\u1ee7a b\u1ea1n!<\/p>\n... <a href=\"https:\/\/www.xtrememarkets.com\/US\/vi\/trading-tools-vietnam\/\">continue reading<\/a>.","protected":false},"author":1,"featured_media":0,"parent":0,"menu_order":0,"comment_status":"closed","ping_status":"closed","template":"","meta":[],"yoast_head":"<!-- This site is optimized with the Yoast SEO Premium plugin v16.1 - https:\/\/yoast.com\/wordpress\/plugins\/seo\/ -->\r\n<title>Powerful Trading Tools | Xtreme Markets<\/title>\r\n<meta name=\"description\" content=\"Improve your trading strategies and make better decisions with XtreamForex powerful Trading Tools such as currency converter, pip calculators and various other trding mechanisms. | Xtreme Markets\" \/>\r\n<link rel=\"canonical\" href=\"https:\/\/www.xtrememarkets.com\/US\/vi\/trading-tools-vietnam\/\" \/>\r\n<meta property=\"og:locale\" content=\"en_US\" \/>\r\n<meta property=\"og:type\" content=\"article\" \/>\r\n<meta property=\"og:title\" content=\"Powerful Trading Tools | Xtreme Markets\" \/>\r\n<meta property=\"og:description\" content=\"Improve your trading strategies and make better decisions with XtreamForex powerful Trading Tools such as currency converter, pip calculators and various other trding mechanisms. | Xtreme Markets\" \/>\r\n<meta property=\"og:url\" content=\"https:\/\/www.xtrememarkets.com\/US\/vi\/trading-tools-vietnam\/\" \/>\r\n<meta property=\"og:site_name\" content=\"Xtreme Markets\" \/>\r\n<meta property=\"article:publisher\" content=\"https:\/\/www.facebook.com\/xtreamforex.official\/\" \/>\r\n<meta property=\"article:modified_time\" content=\"2024-02-29T06:28:21+00:00\" \/>\r\n<meta property=\"og:image\" content=\"https:\/\/www.xtrememarkets.com\/wp-content\/uploads\/2023\/07\/link-banner.jpg\" \/>\r\n<meta name=\"twitter:card\" content=\"summary_large_image\" \/>\r\n<meta name=\"twitter:site\" content=\"@xtreamforex\" \/>\r\n<meta name=\"twitter:label1\" content=\"Est. reading time\">\n\t<meta name=\"twitter:data1\" content=\"6 minutes\">\r\n<script type=\"application\/ld+json\" class=\"yoast-schema-graph\">{\"@context\":\"https:\/\/schema.org\",\"@graph\":[{\"@type\":[\"Organization\",\"Place\"],\"@id\":\"https:\/\/www.xtrememarkets.com\/US\/#organization\",\"name\":\"Xtreamforex\",\"url\":\"https:\/\/www.xtrememarkets.com\/US\/\",\"sameAs\":[\"https:\/\/www.facebook.com\/xtreamforex.official\/\",\"https:\/\/www.instagram.com\/xtreamforex.official\/\",\"https:\/\/in.linkedin.com\/company\/xtream-forex\",\"https:\/\/www.youtube.com\/channel\/UCbbTuJV9XhurjZciRLdvFBg\",\"https:\/\/www.pinterest.com\/xtreamforex_trading\/\",\"https:\/\/twitter.com\/xtreamforex\"],\"logo\":{\"@id\":\"https:\/\/www.xtrememarkets.com\/US\/vi\/trading-tools-vietnam\/#local-main-organization-logo\"},\"image\":{\"@id\":\"https:\/\/www.xtrememarkets.com\/US\/vi\/trading-tools-vietnam\/#local-main-organization-logo\"},\"openingHoursSpecification\":[{\"@type\":\"OpeningHoursSpecification\",\"dayOfWeek\":[\"Monday\",\"Tuesday\",\"Wednesday\",\"Thursday\",\"Friday\",\"Saturday\",\"Sunday\"],\"opens\":\"09:00\",\"closes\":\"17:00\"}]},{\"@type\":\"WebSite\",\"@id\":\"https:\/\/www.xtrememarkets.com\/US\/#website\",\"url\":\"https:\/\/www.xtrememarkets.com\/US\/\",\"name\":\"Xtreme Markets\",\"description\":\"\",\"publisher\":{\"@id\":\"https:\/\/www.xtrememarkets.com\/US\/#organization\"},\"potentialAction\":[{\"@type\":\"SearchAction\",\"target\":\"https:\/\/www.xtrememarkets.com\/US\/?s={search_term_string}\",\"query-input\":\"required name=search_term_string\"}],\"inLanguage\":\"en-US\"},{\"@type\":\"ImageObject\",\"@id\":\"https:\/\/www.xtrememarkets.com\/US\/vi\/trading-tools-vietnam\/#primaryimage\",\"inLanguage\":\"en-US\",\"url\":\"\",\"contentUrl\":\"\"},{\"@type\":\"WebPage\",\"@id\":\"https:\/\/www.xtrememarkets.com\/US\/vi\/trading-tools-vietnam\/#webpage\",\"url\":\"https:\/\/www.xtrememarkets.com\/US\/vi\/trading-tools-vietnam\/\",\"name\":\"Powerful Trading Tools | Xtreme Markets\",\"isPartOf\":{\"@id\":\"https:\/\/www.xtrememarkets.com\/US\/#website\"},\"primaryImageOfPage\":{\"@id\":\"https:\/\/www.xtrememarkets.com\/US\/vi\/trading-tools-vietnam\/#primaryimage\"},\"datePublished\":\"2020-05-15T11:43:18+00:00\",\"dateModified\":\"2024-02-29T06:28:21+00:00\",\"description\":\"Improve your trading strategies and make better decisions with XtreamForex powerful Trading Tools such as currency converter, pip calculators and various other trding mechanisms. | Xtreme Markets\",\"breadcrumb\":{\"@id\":\"https:\/\/www.xtrememarkets.com\/US\/vi\/trading-tools-vietnam\/#breadcrumb\"},\"inLanguage\":\"en-US\",\"potentialAction\":[{\"@type\":\"ReadAction\",\"target\":[\"https:\/\/www.xtrememarkets.com\/US\/vi\/trading-tools-vietnam\/\"]}]},{\"@type\":\"BreadcrumbList\",\"@id\":\"https:\/\/www.xtrememarkets.com\/US\/vi\/trading-tools-vietnam\/#breadcrumb\",\"itemListElement\":[{\"@type\":\"ListItem\",\"position\":1,\"item\":{\"@type\":\"WebPage\",\"@id\":\"https:\/\/www.xtrememarkets.com\/US\/\",\"url\":\"https:\/\/www.xtrememarkets.com\/US\/\",\"name\":\"Home\"}},{\"@type\":\"ListItem\",\"position\":2,\"item\":{\"@type\":\"WebPage\",\"@id\":\"https:\/\/www.xtrememarkets.com\/US\/vi\/trading-tools-vietnam\/\",\"url\":\"https:\/\/www.xtrememarkets.com\/US\/vi\/trading-tools-vietnam\/\",\"name\":\"Powerful Trading Tools\"}}]},{\"@type\":\"ImageObject\",\"@id\":\"https:\/\/www.xtrememarkets.com\/US\/vi\/trading-tools-vietnam\/#local-main-organization-logo\",\"inLanguage\":\"en-US\",\"url\":\"https:\/\/www.xtrememarkets.com\/US\/wp-content\/uploads\/2024\/02\/image_2024_02_23T12_39_46_331Z.png\",\"contentUrl\":\"https:\/\/www.xtrememarkets.com\/US\/wp-content\/uploads\/2024\/02\/image_2024_02_23T12_39_46_331Z.png\",\"width\":800,\"height\":500,\"caption\":\"Xtreamforex\"}]}<\/script>\r\n<!-- \/ Yoast SEO Premium plugin. -->","_links":{"self":[{"href":"https:\/\/www.xtrememarkets.com\/US\/wp-json\/wp\/v2\/pages\/26879"}],"collection":[{"href":"https:\/\/www.xtrememarkets.com\/US\/wp-json\/wp\/v2\/pages"}],"about":[{"href":"https:\/\/www.xtrememarkets.com\/US\/wp-json\/wp\/v2\/types\/page"}],"author":[{"embeddable":true,"href":"https:\/\/www.xtrememarkets.com\/US\/wp-json\/wp\/v2\/users\/1"}],"replies":[{"embeddable":true,"href":"https:\/\/www.xtrememarkets.com\/US\/wp-json\/wp\/v2\/comments?post=26879"}],"version-history":[{"count":4,"href":"https:\/\/www.xtrememarkets.com\/US\/wp-json\/wp\/v2\/pages\/26879\/revisions"}],"predecessor-version":[{"id":26883,"href":"https:\/\/www.xtrememarkets.com\/US\/wp-json\/wp\/v2\/pages\/26879\/revisions\/26883"}],"wp:attachment":[{"href":"https:\/\/www.xtrememarkets.com\/US\/wp-json\/wp\/v2\/media?parent=26879"}],"curies":[{"name":"wp","href":"https:\/\/api.w.org\/{rel}","templated":true}]}}