{"id":26487,"date":"2025-10-24T04:47:04","date_gmt":"2025-10-24T04:47:04","guid":{"rendered":"https:\/\/www.xtreamforex.com\/?page_id=26487"},"modified":"2024-03-12T11:46:01","modified_gmt":"2024-03-12T11:46:01","slug":"ecn-account-vietnam","status":"publish","type":"page","link":"https:\/\/www.xtrememarkets.com\/US\/vi\/ecn-account-vietnam\/","title":{"rendered":"Open ECN Account with Best ECN Forex Broker"},"content":{"rendered":"<p>[vc_row full_width=&#8221;stretch_row&#8221; css=&#8221;.vc_custom_1698751351343{margin-top: 0px !important;margin-bottom: 0px !important;padding-top: 70px !important;padding-bottom: 70px !important;background-image: url(https:\/\/www.xtrememarkets.com\/US\/wp-content\/uploads\/2023\/10\/ecn-account.png?id=24465) !important;background-position: center !important;background-repeat: no-repeat !important;background-size: cover !important;}&#8221;][vc_column][vc_column_text]<\/p>\n<p class=\"\" style=\"font-size: 50px; color: #db0100; font-weight: bold;\">T\u00c0I KHO\u1ea2N <span style=\"color: #fff;\">ECN<\/span><\/p>\n<p>[\/vc_column_text][\/vc_column][\/vc_row][vc_row full_width=&#8221;stretch_row&#8221; css=&#8221;.vc_custom_1698751259069{margin-top: 0px !important;background-color: #000000 !important;}&#8221;][vc_column width=&#8221;1\/2&#8243; el_class=&#8221;ecn_account_1sec&#8221;][vc_single_image image=&#8221;21039&#8243; img_size=&#8221;full&#8221; alignment=&#8221;center&#8221;][\/vc_column][vc_column width=&#8221;1\/2&#8243; el_class=&#8221;ecn_account_1sec&#8221; css=&#8221;.vc_custom_1686981205974{padding-top: 10% !important;}&#8221;][vc_column_text]<\/p>\n<p style=\"text-align: left;\"><span style=\"color: #ffffff; background-color: #db0100; padding: 5px;\">XTREME MARKETS<\/span><\/p>\n<p>[\/vc_column_text][vc_column_text]<\/p>\n<h6 style=\"color: #ffffff; text-align: left; font-family: Abril Fatface; font-weight: 600; font-style: normal; font-size: 40px; margin-top: -20px; margin-bottom: 20px;\">T\u00c0I KHO\u1ea2N ECN<\/h6>\n<p>[\/vc_column_text][vc_column_text]<\/p>\n<p style=\"text-align: justify;\"><span style=\"color: #afafaf; font-size: 14px;\">ECN l\u00e0 m\u1ed9t m\u1ea1ng l\u01b0\u1edbi giao ti\u1ebfp \u0111i\u1ec7n t\u1eed li\u00ean k\u1ebft c\u00e1c th\u00e0nh ph\u1ea7n kh\u00e1c nhau trong th\u1ecb tr\u01b0\u1eddng Ngo\u1ea1i H\u1ed1i: Qu\u1ef9 \u0111\u1ea7u t\u01b0, Ng\u00e2n h\u00e0ng, Nh\u00e0 giao d\u1ecbch ngo\u1ea1i h\u1ed1i c\u00e1 nh\u00e2n, vv. \u0110\u1ec3 th\u1ef1c thi l\u1ec7nh c\u1ee7a kh\u00e1ch h\u00e0ng, c\u00f4ng ngh\u1ec7 ECN t\u00ecm ki\u1ebfm t\u1ea5t c\u1ea3 c\u00e1c l\u1ec7nh \u0111\u01b0\u1ee3c \u0111\u1eb7t b\u1edfi nh\u1eefng b\u00ean tham gia trong th\u1eddi gian th\u1ef1c. M\u1ed9t khi t\u00ecm \u0111\u01b0\u1ee3c l\u1ec7nh \u0111\u1ed1i \u1ee9ng kh\u1edbp m\u1ee9c gi\u00e1 v\u1edbi \u0111\u1ee7 kh\u1ed1i l\u01b0\u1ee3ng, l\u1ec7nh c\u1ee7a kh\u00e1ch h\u00e0ng \u0111\u01b0\u1ee3c th\u1ef1c thi. Trong qu\u00e1 tr\u00ecnh th\u1ef1c thi l\u1ec7nh kh\u00f4ng c\u00f3 b\u00ean trung gian hay \u0111\u1ea1i l\u00fd tham gia.<\/span><\/p>\n<p style=\"text-align: justify;\"><span style=\"color: #afafaf; font-size: 14px;\">T\u00e0i Kho\u1ea3n ECN ph\u00f9 h\u1ee3p v\u1edbi nh\u00e0 giao d\u1ecbch ngo\u1ea1i h\u1ed1i c\u00e1 nh\u00e2n c\u00f3 kinh nghi\u1ec7m. V\u1edbi ch\u1ee9c n\u0103ng n\u1ed5i b\u1eadt Ch\u00eanh l\u1ec7ch gi\u00e1 ph\u00f9 h\u1ee3p v\u1edbi c\u00e1c chi\u1ebfn l\u01b0\u1ee3c l\u01b0\u1edbt s\u00f3ng. K\u00edch th\u01b0\u1edbc giao d\u1ecbch t\u1ed1i thi\u1ec3u t\u1eeb 0.01 l\u00f4 v\u00e0 s\u1ef1 thay \u0111\u1ed5i k\u00edch th\u01b0\u1edbc giao d\u1ecbch linh ho\u1ea1t t\u1eeb 0.01. T\u00e0i Kho\u1ea3n ECN s\u1eed d\u1ee5ng n\u1ec1n t\u1ea3ng MetaTrader 4.<\/span><\/p>\n<p>[\/vc_column_text][\/vc_column][\/vc_row][vc_row full_width=&#8221;stretch_row&#8221; css=&#8221;.vc_custom_1686981317458{padding-top: 30px !important;background-color: #000000 !important;background-position: center !important;background-repeat: no-repeat !important;background-size: cover !important;}&#8221;][vc_column][vc_column_text el_class=&#8221;career&#8221;]<\/p>\n<h2 style=\"font-size: 32px; font-weight: 400; text-align: center; margin-bottom: 25px;\"><span style=\"color: #ffffff;\">\u0110\u0102NG K\u00dd V\u1edaI NH\u00c0 M\u00d4I GI\u1edaI NGO\u1ea0I H\u1ed0I ECN T\u1ed0T NH\u1ea4T<\/span><\/h2>\n<p>&nbsp;<\/p>\n<table class=\"table example table-striped\" style=\"background: #fff; margin-bottom: 60px;\">\n<tbody>\n<tr style=\"background: #DB0100;\">\n<th style=\"color: #ffffff; font-weight: bold; width: 50%;\">LO\u1ea0I T\u00c0I KHO\u1ea2N<\/th>\n<th style=\"color: #ffffff; font-weight: bold; width: 50%;\">ECN<\/th>\n<\/tr>\n<tr>\n<td>Ti\u1ec1n n\u1ea1p t\u1ed1i thi\u1ec3u<\/td>\n<td>$250<\/td>\n<\/tr>\n<tr>\n<td>Ph\u00ed ch\u00eanh l\u1ec7ch th\u1ea5p<\/td>\n<td>Raw Spread<\/td>\n<\/tr>\n<tr>\n<td>Hoa h\u1ed3ng<\/td>\n<td>7$<\/td>\n<\/tr>\n<tr>\n<td>M\u1ee9c Stop Out<\/td>\n<td>30%<\/td>\n<\/tr>\n<tr>\n<td>Margin Call<\/td>\n<td>60%<\/td>\n<\/tr>\n<tr>\n<td>Kh\u1edbp l\u1ec7nh<\/td>\n<td>Th\u1ecb tr\u01b0\u1eddng<\/td>\n<\/tr>\n<tr>\n<td>\u0110\u00f2n B\u1ea9y T\u1ed1i \u0110a<\/td>\n<td>1:400<\/td>\n<\/tr>\n<tr>\n<td>T\u00e0i Kho\u1ea3n Mi\u1ec5n Ph\u00ed Qua \u0110\u00eam<\/td>\n<td>Available Islamic<\/td>\n<\/tr>\n<tr>\n<td>K\u00edch th\u01b0\u1edbc l\u1ec7nh t\u1ed1i thi\u1ec3u<\/td>\n<td>0.01<\/td>\n<\/tr>\n<tr>\n<td>K\u00edch th\u01b0\u1edbc l\u1ec7nh t\u1ed1i \u0111a<\/td>\n<td>500<\/td>\n<\/tr>\n<tr>\n<td>C\u1ed1 v\u1ea5n Chuy\u00ean gia<\/td>\n<td><img decoding=\"async\" loading=\"lazy\" class=\"size-full wp-image-691 aligncenter\" src=\"https:\/\/xtreamforex.com\/wp-content\/uploads\/2020\/05\/ticc.png\" alt=\"\" width=\"72\" height=\"56\" \/><\/td>\n<\/tr>\n<tr>\n<td>L\u01b0\u1edbt s\u00f3ng\/Hedging<\/td>\n<td><img decoding=\"async\" loading=\"lazy\" class=\"size-full wp-image-691 aligncenter\" src=\"https:\/\/xtreamforex.com\/wp-content\/uploads\/2020\/05\/ticc.png\" alt=\"\" width=\"72\" height=\"56\" \/><\/td>\n<\/tr>\n<tr>\n<td>Kh\u1ed1i l\u01b0\u1ee3ng giao d\u1ecbch t\u1ed1i \u0111a<\/td>\n<td>50 Lot<\/td>\n<\/tr>\n<tr>\n<td>Khuy\u1ebfn m\u00e3i<\/td>\n<td><img decoding=\"async\" loading=\"lazy\" class=\"size-full wp-image-691 aligncenter\" src=\"https:\/\/xtreamforex.com\/wp-content\/uploads\/2020\/05\/ticc.png\" alt=\"\" width=\"72\" height=\"56\" \/><\/td>\n<\/tr>\n<tr>\n<td>Lo\u1ea1i ti\u1ec1n n\u1ea1p<\/td>\n<td>USD<\/td>\n<\/tr>\n<tr>\n<td>Qu\u1ea3n l\u00fd t\u00e0i kho\u1ea3n<\/td>\n<td><img decoding=\"async\" loading=\"lazy\" class=\"size-full wp-image-691 aligncenter\" src=\"https:\/\/xtreamforex.com\/wp-content\/uploads\/2020\/05\/ticc.png\" alt=\"\" width=\"72\" height=\"56\" \/><\/td>\n<\/tr>\n<tr>\n<td>V\u1ecb tr\u00ed m\u1edf t\u1ed1i \u0111a<\/td>\n<td>100<\/td>\n<\/tr>\n<\/tbody>\n<\/table>\n<p>[\/vc_column_text][\/vc_column][\/vc_row][vc_row full_width=&#8221;stretch_row&#8221; css=&#8221;.vc_custom_1686981326388{margin-top: -25px !important;padding-top: 8px !important;padding-bottom: 22px !important;background-color: #000000 !important;}&#8221;][vc_column width=&#8221;1\/6&#8243;][\/vc_column][vc_column width=&#8221;2\/3&#8243; el_id=&#8221;grey_btn_2&#8243;][vc_row_inner][vc_column_inner width=&#8221;5\/12&#8243;][vc_btn title=&#8221;M\u1edf t\u00e0i kho\u1ea3n tr\u1ef1c ti\u1ebfp&#8221; style=&#8221;custom&#8221; custom_background=&#8221;#000000&#8243; custom_text=&#8221;#ffffff&#8221; shape=&#8221;square&#8221; align=&#8221;center&#8221; el_class=&#8221;white_border&#8221; link=&#8221;url:https%3A%2F%2Fmy.xtreamforex.com%2FAccount%2FRegister.php||target:%20_blank|&#8221;][\/vc_column_inner][vc_column_inner width=&#8221;1\/6&#8243;][vc_column_text el_class=&#8221;ptxt&#8221; el_id=&#8221;or_b&#8221;]<\/p>\n<p style=\"text-align: center;\">Ho\u1eb7c<\/p>\n<p>[\/vc_column_text][\/vc_column_inner][vc_column_inner width=&#8221;5\/12&#8243;][vc_btn title=&#8221;M\u1edf t\u00e0i kho\u1ea3n demo&#8221; style=&#8221;custom&#8221; custom_background=&#8221;#000000&#8243; custom_text=&#8221;#ffffff&#8221; shape=&#8221;square&#8221; align=&#8221;center&#8221; el_class=&#8221;white_border&#8221; link=&#8221;url:https%3A%2F%2Fmy.xtreamforex.com%2FAccount%2FRegister.php||target:%20_blank|&#8221;][\/vc_column_inner][\/vc_row_inner][\/vc_column][vc_column width=&#8221;1\/6&#8243;][\/vc_column][\/vc_row]<\/p>\n","protected":false},"excerpt":{"rendered":"<p>[vc_row full_width=&#8221;stretch_row&#8221; css=&#8221;.vc_custom_1698751351343{margin-top: 0px !important;margin-bottom: 0px !important;padding-top: 70px !important;padding-bottom: 70px !important;background-image: url(https:\/\/www.xtrememarkets.com\/US\/wp-content\/uploads\/2023\/10\/ecn-account.png?id=24465) !important;background-position: center !important;background-repeat: no-repeat !important;background-size: cover !important;}&#8221;][vc_column][vc_column_text] T\u00c0I KHO\u1ea2N ECN [\/vc_column_text][\/vc_column][\/vc_row][vc_row full_width=&#8221;stretch_row&#8221; css=&#8221;.vc_custom_1698751259069{margin-top: 0px !important;background-color: #000000 !important;}&#8221;][vc_column width=&#8221;1\/2&#8243; el_class=&#8221;ecn_account_1sec&#8221;][vc_single_image image=&#8221;21039&#8243; img_size=&#8221;full&#8221; alignment=&#8221;center&#8221;][\/vc_column][vc_column width=&#8221;1\/2&#8243; el_class=&#8221;ecn_account_1sec&#8221; css=&#8221;.vc_custom_1686981205974{padding-top: 10% !important;}&#8221;][vc_column_text] XTREME MARKETS [\/vc_column_text][vc_column_text] T\u00c0I KHO\u1ea2N ECN [\/vc_column_text][vc_column_text] ECN l\u00e0 m\u1ed9t m\u1ea1ng l\u01b0\u1edbi giao ti\u1ebfp \u0111i\u1ec7n t\u1eed<\/p>\n... <a href=\"https:\/\/www.xtrememarkets.com\/US\/vi\/ecn-account-vietnam\/\">continue reading<\/a>.","protected":false},"author":1,"featured_media":0,"parent":0,"menu_order":0,"comment_status":"closed","ping_status":"closed","template":"","meta":[],"yoast_head":"<!-- This site is optimized with the Yoast SEO Premium plugin v16.1 - https:\/\/yoast.com\/wordpress\/plugins\/seo\/ -->\r\n<title>Join Best ECN Forex Broker to link with forex participants<\/title>\r\n<meta name=\"description\" content=\"Connect with top banks, investment funds &amp; forex traders that generate great leverage &amp; margin call for you. Earn money easily with the best ECN forex broker!\" \/>\r\n<link rel=\"canonical\" href=\"https:\/\/www.xtrememarkets.com\/US\/vi\/ecn-account-vietnam\/\" \/>\r\n<meta property=\"og:locale\" content=\"en_US\" \/>\r\n<meta property=\"og:type\" content=\"article\" \/>\r\n<meta property=\"og:title\" content=\"Join Best ECN Forex Broker to link with forex participants\" \/>\r\n<meta property=\"og:description\" content=\"Connect with top banks, investment funds &amp; forex traders that generate great leverage &amp; margin call for you. Earn money easily with the best ECN forex broker!\" \/>\r\n<meta property=\"og:url\" content=\"https:\/\/www.xtrememarkets.com\/US\/vi\/ecn-account-vietnam\/\" \/>\r\n<meta property=\"og:site_name\" content=\"Xtreme Markets\" \/>\r\n<meta property=\"article:publisher\" content=\"https:\/\/www.facebook.com\/xtreamforex.official\/\" \/>\r\n<meta property=\"article:modified_time\" content=\"2024-03-12T11:46:01+00:00\" \/>\r\n<meta property=\"og:image\" content=\"https:\/\/www.xtrememarkets.com\/wp-content\/uploads\/2023\/07\/link-banner.jpg\" \/>\r\n<meta name=\"twitter:card\" content=\"summary_large_image\" \/>\r\n<meta name=\"twitter:site\" content=\"@xtreamforex\" \/>\r\n<meta name=\"twitter:label1\" content=\"Est. reading time\">\n\t<meta name=\"twitter:data1\" content=\"4 minutes\">\r\n<script type=\"application\/ld+json\" class=\"yoast-schema-graph\">{\"@context\":\"https:\/\/schema.org\",\"@graph\":[{\"@type\":[\"Organization\",\"Place\"],\"@id\":\"https:\/\/www.xtrememarkets.com\/US\/#organization\",\"name\":\"Xtreamforex\",\"url\":\"https:\/\/www.xtrememarkets.com\/US\/\",\"sameAs\":[\"https:\/\/www.facebook.com\/xtreamforex.official\/\",\"https:\/\/www.instagram.com\/xtreamforex.official\/\",\"https:\/\/in.linkedin.com\/company\/xtream-forex\",\"https:\/\/www.youtube.com\/channel\/UCbbTuJV9XhurjZciRLdvFBg\",\"https:\/\/www.pinterest.com\/xtreamforex_trading\/\",\"https:\/\/twitter.com\/xtreamforex\"],\"logo\":{\"@id\":\"https:\/\/www.xtrememarkets.com\/US\/vi\/ecn-account-vietnam\/#local-main-organization-logo\"},\"image\":{\"@id\":\"https:\/\/www.xtrememarkets.com\/US\/vi\/ecn-account-vietnam\/#local-main-organization-logo\"},\"openingHoursSpecification\":[{\"@type\":\"OpeningHoursSpecification\",\"dayOfWeek\":[\"Monday\",\"Tuesday\",\"Wednesday\",\"Thursday\",\"Friday\",\"Saturday\",\"Sunday\"],\"opens\":\"09:00\",\"closes\":\"17:00\"}]},{\"@type\":\"WebSite\",\"@id\":\"https:\/\/www.xtrememarkets.com\/US\/#website\",\"url\":\"https:\/\/www.xtrememarkets.com\/US\/\",\"name\":\"Xtreme Markets\",\"description\":\"\",\"publisher\":{\"@id\":\"https:\/\/www.xtrememarkets.com\/US\/#organization\"},\"potentialAction\":[{\"@type\":\"SearchAction\",\"target\":\"https:\/\/www.xtrememarkets.com\/US\/?s={search_term_string}\",\"query-input\":\"required name=search_term_string\"}],\"inLanguage\":\"en-US\"},{\"@type\":\"ImageObject\",\"@id\":\"https:\/\/www.xtrememarkets.com\/US\/vi\/ecn-account-vietnam\/#primaryimage\",\"inLanguage\":\"en-US\",\"url\":\"\",\"contentUrl\":\"\"},{\"@type\":\"WebPage\",\"@id\":\"https:\/\/www.xtrememarkets.com\/US\/vi\/ecn-account-vietnam\/#webpage\",\"url\":\"https:\/\/www.xtrememarkets.com\/US\/vi\/ecn-account-vietnam\/\",\"name\":\"Join Best ECN Forex Broker to link with forex participants\",\"isPartOf\":{\"@id\":\"https:\/\/www.xtrememarkets.com\/US\/#website\"},\"primaryImageOfPage\":{\"@id\":\"https:\/\/www.xtrememarkets.com\/US\/vi\/ecn-account-vietnam\/#primaryimage\"},\"datePublished\":\"2025-10-24T04:47:04+00:00\",\"dateModified\":\"2024-03-12T11:46:01+00:00\",\"description\":\"Connect with top banks, investment funds & forex traders that generate great leverage & margin call for you. Earn money easily with the best ECN forex broker!\",\"breadcrumb\":{\"@id\":\"https:\/\/www.xtrememarkets.com\/US\/vi\/ecn-account-vietnam\/#breadcrumb\"},\"inLanguage\":\"en-US\",\"potentialAction\":[{\"@type\":\"ReadAction\",\"target\":[\"https:\/\/www.xtrememarkets.com\/US\/vi\/ecn-account-vietnam\/\"]}]},{\"@type\":\"BreadcrumbList\",\"@id\":\"https:\/\/www.xtrememarkets.com\/US\/vi\/ecn-account-vietnam\/#breadcrumb\",\"itemListElement\":[{\"@type\":\"ListItem\",\"position\":1,\"item\":{\"@type\":\"WebPage\",\"@id\":\"https:\/\/www.xtrememarkets.com\/US\/\",\"url\":\"https:\/\/www.xtrememarkets.com\/US\/\",\"name\":\"Home\"}},{\"@type\":\"ListItem\",\"position\":2,\"item\":{\"@type\":\"WebPage\",\"@id\":\"https:\/\/www.xtrememarkets.com\/US\/vi\/ecn-account-vietnam\/\",\"url\":\"https:\/\/www.xtrememarkets.com\/US\/vi\/ecn-account-vietnam\/\",\"name\":\"Open ECN Account with Best ECN Forex Broker\"}}]},{\"@type\":\"ImageObject\",\"@id\":\"https:\/\/www.xtrememarkets.com\/US\/vi\/ecn-account-vietnam\/#local-main-organization-logo\",\"inLanguage\":\"en-US\",\"url\":\"https:\/\/www.xtrememarkets.com\/US\/wp-content\/uploads\/2024\/02\/image_2024_02_23T12_39_46_331Z.png\",\"contentUrl\":\"https:\/\/www.xtrememarkets.com\/US\/wp-content\/uploads\/2024\/02\/image_2024_02_23T12_39_46_331Z.png\",\"width\":800,\"height\":500,\"caption\":\"Xtreamforex\"}]}<\/script>\r\n<!-- \/ Yoast SEO Premium plugin. -->","_links":{"self":[{"href":"https:\/\/www.xtrememarkets.com\/US\/wp-json\/wp\/v2\/pages\/26487"}],"collection":[{"href":"https:\/\/www.xtrememarkets.com\/US\/wp-json\/wp\/v2\/pages"}],"about":[{"href":"https:\/\/www.xtrememarkets.com\/US\/wp-json\/wp\/v2\/types\/page"}],"author":[{"embeddable":true,"href":"https:\/\/www.xtrememarkets.com\/US\/wp-json\/wp\/v2\/users\/1"}],"replies":[{"embeddable":true,"href":"https:\/\/www.xtrememarkets.com\/US\/wp-json\/wp\/v2\/comments?post=26487"}],"version-history":[{"count":5,"href":"https:\/\/www.xtrememarkets.com\/US\/wp-json\/wp\/v2\/pages\/26487\/revisions"}],"predecessor-version":[{"id":27267,"href":"https:\/\/www.xtrememarkets.com\/US\/wp-json\/wp\/v2\/pages\/26487\/revisions\/27267"}],"wp:attachment":[{"href":"https:\/\/www.xtrememarkets.com\/US\/wp-json\/wp\/v2\/media?parent=26487"}],"curies":[{"name":"wp","href":"https:\/\/api.w.org\/{rel}","templated":true}]}}