{"id":26482,"date":"2025-10-24T04:40:43","date_gmt":"2025-10-24T04:40:43","guid":{"rendered":"https:\/\/www.xtreamforex.com\/?page_id=26482"},"modified":"2024-03-12T11:43:17","modified_gmt":"2024-03-12T11:43:17","slug":"standard-account-vietnam","status":"publish","type":"page","link":"https:\/\/www.xtrememarkets.com\/US\/vi\/standard-account-vietnam\/","title":{"rendered":"Open Account with Trusted STP Brokers"},"content":{"rendered":"<p>[vc_row full_width=&#8221;stretch_row&#8221; css=&#8221;.vc_custom_1698750298890{margin-top: 0px !important;margin-bottom: 0px !important;padding-top: 70px !important;padding-bottom: 70px !important;background-image: url(https:\/\/www.xtrememarkets.com\/US\/wp-content\/uploads\/2023\/10\/standard-account.png?id=24458) !important;background-position: center !important;background-repeat: no-repeat !important;background-size: cover !important;}&#8221;][vc_column][vc_column_text]<\/p>\n<p class=\"upper-head-para\" style=\"color: #db0100; font-weight: bold;\">T\u00c0I KHO\u1ea2N <span style=\"color: #fff;\">STANDARD<\/span><\/p>\n<p>[\/vc_column_text][\/vc_column][\/vc_row][vc_row full_width=&#8221;stretch_row&#8221; css=&#8221;.vc_custom_1698750148947{margin-top: 0px !important;background-color: #000000 !important;}&#8221;][vc_column width=&#8221;1\/2&#8243; el_class=&#8221;standard_account_1sec&#8221;][vc_single_image image=&#8221;21025&#8243; img_size=&#8221;full&#8221; alignment=&#8221;center&#8221;][\/vc_column][vc_column width=&#8221;1\/2&#8243; css=&#8221;.vc_custom_1686980618637{padding-top: 10% !important;}&#8221; el_class=&#8221;standard_account_1sec&#8221;][vc_column_text]<\/p>\n<p style=\"text-align: left;\"><span style=\"color: #ffffff; background-color: #db0100; padding: 5px;\">XTREME MARKETS<\/span><\/p>\n<p>[\/vc_column_text][vc_column_text]<\/p>\n<h6 style=\"color: #ffffff; text-align: left; font-family: Abril Fatface; font-weight: 600; font-style: normal; font-size: 40px; margin-top: -20px; margin-bottom: 20px;\">T\u00c0I KHO\u1ea2N STANDARD<\/h6>\n<p>[\/vc_column_text][vc_column_text]<\/p>\n<p style=\"text-align: justify;\"><span style=\"color: #afafaf; font-size: 14px;\">Xtreme Markets cung c\u1ea5p \u0111a d\u1ea1ng lo\u1ea1i t\u00e0i kho\u1ea3n Ngo\u1ea1i H\u1ed1i ph\u00f9 h\u1ee3p v\u1edbi kinh nghi\u1ec7m giao d\u1ecbch v\u00e0 s\u1ed1 v\u1ed1n. T\u00e0i Kho\u1ea3n Standard Xtreme Markets l\u00e0 m\u1ed9t l\u1ef1a ch\u1ecdn t\u1ed1t cho nh\u00e0 giao d\u1ecbch m\u1edbi, c\u0169ng nh\u01b0 kh\u00e1ch h\u00e0ng t\u00ecm ki\u1ebfm s\u1ef1 ho\u00e0n thi\u1ec7n chi\u1ebfn l\u01b0\u1ee3c. N\u00f3 cung c\u1ea5p nhi\u1ec1u l\u1ee3i \u00edch h\u01a1n c\u00e1c lo\u1ea1i t\u00e0i kho\u1ea3n giao d\u1ecbch kh\u00e1c, m\u1eb7c d\u00f9 v\u1eabn l\u00e0 m\u1ed9t l\u1ef1a ch\u1ecdn \u1edf ng\u01b0\u1ee1ng b\u1eaft \u0111\u1ea7u.<\/span><\/p>\n<p style=\"text-align: justify;\"><span style=\"color: #afafaf; font-size: 14px;\">T\u00e0i kho\u1ea3n giao d\u1ecbch Standard cung c\u1ea5p m\u1ed9t s\u1ed1 l\u1ee3i \u00edch cho kh\u00e1ch h\u00e0ng mu\u1ed1n giao d\u1ecbch Ngo\u1ea1i H\u1ed1i, H\u00e0ng Ho\u00e1, bao g\u1ed3m c\u1ea3 kh\u1ea3 n\u0103ng s\u1eed d\u1ee5ng MetaTrader 4. Kh\u00e1ch h\u00e0ng c\u0169ng nh\u1eadn \u0111\u01b0\u1ee3c l\u1ee3i \u00edch t\u1eeb s\u1ef1 b\u1ea3o v\u1ec7 tuy\u1ec7t v\u1eddi v\u00e0 t\u00e1ch ri\u00eang s\u1ed1 d\u01b0 c\u1ee7a Xtreme Markets \u2013 ch\u00fang t\u00f4i cam k\u1ebft kh\u00f4ng bao gi\u1edd ki\u1ebfm l\u1ee3i tr\u00ean s\u1ef1 m\u1ea5t m\u00e1t c\u1ee7a kh\u00e1ch h\u00e0ng, kh\u00f4ng nh\u01b0 nh\u1eefng b\u00ean d\u1ecbch v\u1ee5 kh\u00e1c.<\/span><\/p>\n<p style=\"text-align: justify;\"><span style=\"color: #afafaf; font-size: 14px;\">T\u00e0i Kho\u1ea3n Giao D\u1ecbch Standard Ngo\u1ea1i H\u1ed1i ph\u00f9 h\u1ee3p v\u1edbi nh\u00e0 giao d\u1ecbch c\u00e1 nh\u00e2n c\u00f3 kinh nghi\u1ec7m. V\u1edbi ch\u1ee9c n\u0103ng n\u1ed5i b\u1eadt l\u00e0 linh ho\u1ea1t k\u00edch th\u01b0\u1edbc v\u1ecb th\u1ebf. Gi\u1edbi h\u1ea1n c\u1ee7a m\u1ed9t giao d\u1ecbch l\u00e0 50 l\u00f4. K\u00edch th\u01b0\u1edbc giao d\u1ecbch t\u1ed1i thi\u1ec3u l\u00e0 0.01 l\u00f4 v\u00e0 s\u1ef1 thay \u0111\u1ed5i k\u00edch th\u01b0\u1edbc giao d\u1ecbch linh ho\u1ea1t t\u1eeb 0.01. T\u00e0i Kho\u1ea3n Standard s\u1eed d\u1ee5ng n\u1ec1n t\u1ea3ng MetaTrader 4.<\/span><\/p>\n<p>[\/vc_column_text][\/vc_column][\/vc_row][vc_row full_width=&#8221;stretch_row&#8221; css=&#8221;.vc_custom_1686980705107{border-top-width: 30px !important;background-color: #000000 !important;background-position: center !important;background-repeat: no-repeat !important;background-size: cover !important;}&#8221;][vc_column][vc_column_text el_class=&#8221;career&#8221;]<\/p>\n<h2 style=\"font-size: 32px; font-weight: 400; text-align: center;\"><span style=\"color: #ffffff; letter-spacing: 1px; text-transform: capitalize;\">\u0110\u0102NG K\u00dd V\u1edaI NH\u00c0 M\u00d4I GI\u1edaI STP \u0110\u00c1NG TIN C\u1eacY<\/span><\/h2>\n<p>&nbsp;<\/p>\n<table class=\"table example table-striped\" style=\"background: #fff;\">\n<tbody>\n<tr style=\"background: #DB0100;\">\n<th style=\"color: #ffffff; font-weight: bold; width: 50%;\">LO\u1ea0I T\u00c0I KHO\u1ea2N<\/th>\n<th style=\"color: #ffffff; font-weight: bold; width: 50%;\">STANDARD<\/th>\n<\/tr>\n<tr>\n<td>Ti\u1ec1n n\u1ea1p t\u1ed1i thi\u1ec3u<\/td>\n<td>$250<\/td>\n<\/tr>\n<tr>\n<td>Ph\u00ed ch\u00eanh l\u1ec7ch th\u1ea5p<\/td>\n<td>1<\/td>\n<\/tr>\n<tr>\n<td>Hoa h\u1ed3ng<\/td>\n<td>0<\/td>\n<\/tr>\n<tr>\n<td>M\u1ee9c Stop Out<\/td>\n<td>30%<\/td>\n<\/tr>\n<tr>\n<td>Margin Call<\/td>\n<td>60%<\/td>\n<\/tr>\n<tr>\n<td>Kh\u1edbp l\u1ec7nh<\/td>\n<td>Th\u1ecb tr\u01b0\u1eddng<\/td>\n<\/tr>\n<tr>\n<td>\u0110\u00f2n B\u1ea9y T\u1ed1i \u0110a<\/td>\n<td>1:500<\/td>\n<\/tr>\n<tr>\n<td>T\u00e0i Kho\u1ea3n Mi\u1ec5n Ph\u00ed Qua \u0110\u00eam<\/td>\n<td>Available Islamic<\/td>\n<\/tr>\n<tr>\n<td>K\u00edch th\u01b0\u1edbc l\u1ec7nh t\u1ed1i thi\u1ec3u<\/td>\n<td>0.01<\/td>\n<\/tr>\n<tr>\n<td>K\u00edch th\u01b0\u1edbc l\u1ec7nh t\u1ed1i \u0111a<\/td>\n<td>500<\/td>\n<\/tr>\n<tr>\n<td>C\u1ed1 v\u1ea5n Chuy\u00ean gia<\/td>\n<td><img decoding=\"async\" loading=\"lazy\" class=\"size-full wp-image-691 aligncenter\" src=\"https:\/\/xtreamforex.com\/wp-content\/uploads\/2020\/05\/ticc.png\" alt=\"\" width=\"72\" height=\"56\" \/><\/td>\n<\/tr>\n<tr>\n<td>L\u01b0\u1edbt s\u00f3ng\/Hedging<\/td>\n<td><img decoding=\"async\" loading=\"lazy\" class=\"size-full wp-image-691 aligncenter\" src=\"https:\/\/xtreamforex.com\/wp-content\/uploads\/2020\/05\/ticc.png\" alt=\"\" width=\"72\" height=\"56\" \/><\/td>\n<\/tr>\n<tr>\n<td>Kh\u1ed1i l\u01b0\u1ee3ng giao d\u1ecbch t\u1ed1i \u0111a<\/td>\n<td>50 Lot<\/td>\n<\/tr>\n<tr>\n<td>Khuy\u1ebfn m\u00e3i<\/td>\n<td><img decoding=\"async\" loading=\"lazy\" class=\"size-full wp-image-691 aligncenter\" src=\"https:\/\/xtreamforex.com\/wp-content\/uploads\/2020\/05\/ticc.png\" alt=\"\" width=\"72\" height=\"56\" \/><\/td>\n<\/tr>\n<tr>\n<td>Lo\u1ea1i ti\u1ec1n n\u1ea1p<\/td>\n<td>USD<\/td>\n<\/tr>\n<tr>\n<td>Qu\u1ea3n l\u00fd t\u00e0i kho\u1ea3n<\/td>\n<td><img decoding=\"async\" loading=\"lazy\" class=\"size-full wp-image-691 aligncenter\" src=\"https:\/\/xtreamforex.com\/wp-content\/uploads\/2020\/05\/ticc.png\" alt=\"\" width=\"72\" height=\"56\" \/><\/td>\n<\/tr>\n<tr>\n<td>V\u1ecb tr\u00ed m\u1edf t\u1ed1i \u0111a<\/td>\n<td>100<\/td>\n<\/tr>\n<\/tbody>\n<\/table>\n<p>[\/vc_column_text][\/vc_column][\/vc_row][vc_row full_width=&#8221;stretch_row&#8221; css=&#8221;.vc_custom_1686980723185{padding-top: 8px !important;padding-bottom: 22px !important;background-color: #000000 !important;}&#8221;][vc_column width=&#8221;1\/6&#8243;][\/vc_column][vc_column width=&#8221;2\/3&#8243;][vc_row_inner][vc_column_inner width=&#8221;5\/12&#8243;][vc_btn title=&#8221;M\u1edf t\u00e0i kho\u1ea3n tr\u1ef1c ti\u1ebfp&#8221; style=&#8221;custom&#8221; custom_background=&#8221;#000000&#8243; custom_text=&#8221;#ffffff&#8221; shape=&#8221;square&#8221; align=&#8221;center&#8221; el_class=&#8221;white_border&#8221; link=&#8221;url:https%3A%2F%2Fmy.xtreamforex.com%2FAccount%2FRegister.php||target:%20_blank|&#8221;][\/vc_column_inner][vc_column_inner width=&#8221;1\/6&#8243;][vc_column_text el_class=&#8221;ptxt&#8221;]<\/p>\n<p style=\"text-align: center;\">Ho\u1eb7c<\/p>\n<p>[\/vc_column_text][\/vc_column_inner][vc_column_inner width=&#8221;5\/12&#8243;][vc_btn title=&#8221;M\u1edf t\u00e0i kho\u1ea3n demo&#8221; style=&#8221;custom&#8221; custom_background=&#8221;#000000&#8243; custom_text=&#8221;#ffffff&#8221; shape=&#8221;square&#8221; align=&#8221;center&#8221; el_class=&#8221;white_border&#8221; link=&#8221;url:https%3A%2F%2Fmy.xtreamforex.com%2FAccount%2FRegister.php||target:%20_blank|&#8221;][\/vc_column_inner][\/vc_row_inner][\/vc_column][vc_column width=&#8221;1\/6&#8243;][\/vc_column][\/vc_row]<\/p>\n","protected":false},"excerpt":{"rendered":"<p>[vc_row full_width=&#8221;stretch_row&#8221; css=&#8221;.vc_custom_1698750298890{margin-top: 0px !important;margin-bottom: 0px !important;padding-top: 70px !important;padding-bottom: 70px !important;background-image: url(https:\/\/www.xtrememarkets.com\/US\/wp-content\/uploads\/2023\/10\/standard-account.png?id=24458) !important;background-position: center !important;background-repeat: no-repeat !important;background-size: cover !important;}&#8221;][vc_column][vc_column_text] T\u00c0I KHO\u1ea2N STANDARD [\/vc_column_text][\/vc_column][\/vc_row][vc_row full_width=&#8221;stretch_row&#8221; css=&#8221;.vc_custom_1698750148947{margin-top: 0px !important;background-color: #000000 !important;}&#8221;][vc_column width=&#8221;1\/2&#8243; el_class=&#8221;standard_account_1sec&#8221;][vc_single_image image=&#8221;21025&#8243; img_size=&#8221;full&#8221; alignment=&#8221;center&#8221;][\/vc_column][vc_column width=&#8221;1\/2&#8243; css=&#8221;.vc_custom_1686980618637{padding-top: 10% !important;}&#8221; el_class=&#8221;standard_account_1sec&#8221;][vc_column_text] XTREME MARKETS [\/vc_column_text][vc_column_text] T\u00c0I KHO\u1ea2N STANDARD [\/vc_column_text][vc_column_text] Xtreme Markets cung c\u1ea5p \u0111a d\u1ea1ng lo\u1ea1i t\u00e0i kho\u1ea3n<\/p>\n... <a href=\"https:\/\/www.xtrememarkets.com\/US\/vi\/standard-account-vietnam\/\">continue reading<\/a>.","protected":false},"author":1,"featured_media":0,"parent":0,"menu_order":0,"comment_status":"closed","ping_status":"closed","template":"","meta":[],"yoast_head":"<!-- This site is optimized with the Yoast SEO Premium plugin v16.1 - https:\/\/yoast.com\/wordpress\/plugins\/seo\/ -->\r\n<title>Trusted STP Broker Opening a Best Trading Account in $250<\/title>\r\n<meta name=\"description\" content=\"Get your best trading account ready in just $250 and obtain a margin call of 60%, peak leverage of 1:400 and expert advisor support using Xtreamforex.\" \/>\r\n<link rel=\"canonical\" href=\"https:\/\/www.xtrememarkets.com\/US\/vi\/standard-account-vietnam\/\" \/>\r\n<meta property=\"og:locale\" content=\"en_US\" \/>\r\n<meta property=\"og:type\" content=\"article\" \/>\r\n<meta property=\"og:title\" content=\"Trusted STP Broker Opening a Best Trading Account in $250\" \/>\r\n<meta property=\"og:description\" content=\"Get your best trading account ready in just $250 and obtain a margin call of 60%, peak leverage of 1:400 and expert advisor support using Xtreamforex.\" \/>\r\n<meta property=\"og:url\" content=\"https:\/\/www.xtrememarkets.com\/US\/vi\/standard-account-vietnam\/\" \/>\r\n<meta property=\"og:site_name\" content=\"Xtreme Markets\" \/>\r\n<meta property=\"article:publisher\" content=\"https:\/\/www.facebook.com\/xtreamforex.official\/\" \/>\r\n<meta property=\"article:modified_time\" content=\"2024-03-12T11:43:17+00:00\" \/>\r\n<meta property=\"og:image\" content=\"https:\/\/www.xtrememarkets.com\/wp-content\/uploads\/2023\/07\/link-banner.jpg\" \/>\r\n<meta name=\"twitter:card\" content=\"summary_large_image\" \/>\r\n<meta name=\"twitter:site\" content=\"@xtreamforex\" \/>\r\n<meta name=\"twitter:label1\" content=\"Est. reading time\">\n\t<meta name=\"twitter:data1\" content=\"4 minutes\">\r\n<script type=\"application\/ld+json\" class=\"yoast-schema-graph\">{\"@context\":\"https:\/\/schema.org\",\"@graph\":[{\"@type\":[\"Organization\",\"Place\"],\"@id\":\"https:\/\/www.xtrememarkets.com\/US\/#organization\",\"name\":\"Xtreamforex\",\"url\":\"https:\/\/www.xtrememarkets.com\/US\/\",\"sameAs\":[\"https:\/\/www.facebook.com\/xtreamforex.official\/\",\"https:\/\/www.instagram.com\/xtreamforex.official\/\",\"https:\/\/in.linkedin.com\/company\/xtream-forex\",\"https:\/\/www.youtube.com\/channel\/UCbbTuJV9XhurjZciRLdvFBg\",\"https:\/\/www.pinterest.com\/xtreamforex_trading\/\",\"https:\/\/twitter.com\/xtreamforex\"],\"logo\":{\"@id\":\"https:\/\/www.xtrememarkets.com\/US\/vi\/standard-account-vietnam\/#local-main-organization-logo\"},\"image\":{\"@id\":\"https:\/\/www.xtrememarkets.com\/US\/vi\/standard-account-vietnam\/#local-main-organization-logo\"},\"openingHoursSpecification\":[{\"@type\":\"OpeningHoursSpecification\",\"dayOfWeek\":[\"Monday\",\"Tuesday\",\"Wednesday\",\"Thursday\",\"Friday\",\"Saturday\",\"Sunday\"],\"opens\":\"09:00\",\"closes\":\"17:00\"}]},{\"@type\":\"WebSite\",\"@id\":\"https:\/\/www.xtrememarkets.com\/US\/#website\",\"url\":\"https:\/\/www.xtrememarkets.com\/US\/\",\"name\":\"Xtreme Markets\",\"description\":\"\",\"publisher\":{\"@id\":\"https:\/\/www.xtrememarkets.com\/US\/#organization\"},\"potentialAction\":[{\"@type\":\"SearchAction\",\"target\":\"https:\/\/www.xtrememarkets.com\/US\/?s={search_term_string}\",\"query-input\":\"required name=search_term_string\"}],\"inLanguage\":\"en-US\"},{\"@type\":\"ImageObject\",\"@id\":\"https:\/\/www.xtrememarkets.com\/US\/vi\/standard-account-vietnam\/#primaryimage\",\"inLanguage\":\"en-US\",\"url\":\"\",\"contentUrl\":\"\"},{\"@type\":\"WebPage\",\"@id\":\"https:\/\/www.xtrememarkets.com\/US\/vi\/standard-account-vietnam\/#webpage\",\"url\":\"https:\/\/www.xtrememarkets.com\/US\/vi\/standard-account-vietnam\/\",\"name\":\"Trusted STP Broker Opening a Best Trading Account in $250\",\"isPartOf\":{\"@id\":\"https:\/\/www.xtrememarkets.com\/US\/#website\"},\"primaryImageOfPage\":{\"@id\":\"https:\/\/www.xtrememarkets.com\/US\/vi\/standard-account-vietnam\/#primaryimage\"},\"datePublished\":\"2025-10-24T04:40:43+00:00\",\"dateModified\":\"2024-03-12T11:43:17+00:00\",\"description\":\"Get your best trading account ready in just $250 and obtain a margin call of 60%, peak leverage of 1:400 and expert advisor support using Xtreamforex.\",\"breadcrumb\":{\"@id\":\"https:\/\/www.xtrememarkets.com\/US\/vi\/standard-account-vietnam\/#breadcrumb\"},\"inLanguage\":\"en-US\",\"potentialAction\":[{\"@type\":\"ReadAction\",\"target\":[\"https:\/\/www.xtrememarkets.com\/US\/vi\/standard-account-vietnam\/\"]}]},{\"@type\":\"BreadcrumbList\",\"@id\":\"https:\/\/www.xtrememarkets.com\/US\/vi\/standard-account-vietnam\/#breadcrumb\",\"itemListElement\":[{\"@type\":\"ListItem\",\"position\":1,\"item\":{\"@type\":\"WebPage\",\"@id\":\"https:\/\/www.xtrememarkets.com\/US\/\",\"url\":\"https:\/\/www.xtrememarkets.com\/US\/\",\"name\":\"Home\"}},{\"@type\":\"ListItem\",\"position\":2,\"item\":{\"@type\":\"WebPage\",\"@id\":\"https:\/\/www.xtrememarkets.com\/US\/vi\/standard-account-vietnam\/\",\"url\":\"https:\/\/www.xtrememarkets.com\/US\/vi\/standard-account-vietnam\/\",\"name\":\"Open Account with Trusted STP Brokers\"}}]},{\"@type\":\"ImageObject\",\"@id\":\"https:\/\/www.xtrememarkets.com\/US\/vi\/standard-account-vietnam\/#local-main-organization-logo\",\"inLanguage\":\"en-US\",\"url\":\"https:\/\/www.xtrememarkets.com\/US\/wp-content\/uploads\/2024\/02\/image_2024_02_23T12_39_46_331Z.png\",\"contentUrl\":\"https:\/\/www.xtrememarkets.com\/US\/wp-content\/uploads\/2024\/02\/image_2024_02_23T12_39_46_331Z.png\",\"width\":800,\"height\":500,\"caption\":\"Xtreamforex\"}]}<\/script>\r\n<!-- \/ Yoast SEO Premium plugin. -->","_links":{"self":[{"href":"https:\/\/www.xtrememarkets.com\/US\/wp-json\/wp\/v2\/pages\/26482"}],"collection":[{"href":"https:\/\/www.xtrememarkets.com\/US\/wp-json\/wp\/v2\/pages"}],"about":[{"href":"https:\/\/www.xtrememarkets.com\/US\/wp-json\/wp\/v2\/types\/page"}],"author":[{"embeddable":true,"href":"https:\/\/www.xtrememarkets.com\/US\/wp-json\/wp\/v2\/users\/1"}],"replies":[{"embeddable":true,"href":"https:\/\/www.xtrememarkets.com\/US\/wp-json\/wp\/v2\/comments?post=26482"}],"version-history":[{"count":5,"href":"https:\/\/www.xtrememarkets.com\/US\/wp-json\/wp\/v2\/pages\/26482\/revisions"}],"predecessor-version":[{"id":27266,"href":"https:\/\/www.xtrememarkets.com\/US\/wp-json\/wp\/v2\/pages\/26482\/revisions\/27266"}],"wp:attachment":[{"href":"https:\/\/www.xtrememarkets.com\/US\/wp-json\/wp\/v2\/media?parent=26482"}],"curies":[{"name":"wp","href":"https:\/\/api.w.org\/{rel}","templated":true}]}}