{"id":26435,"date":"2023-09-04T11:59:33","date_gmt":"2023-09-04T11:59:33","guid":{"rendered":"https:\/\/www.xtreamforex.com\/?page_id=26435"},"modified":"2024-01-09T11:57:38","modified_gmt":"2024-01-09T11:57:38","slug":"metal-energies-vietnam","status":"publish","type":"page","link":"https:\/\/www.xtrememarkets.com\/US\/vi\/metal-energies-vietnam\/","title":{"rendered":"Metal &#038; Energies"},"content":{"rendered":"<p>[vc_row full_width=&#8221;stretch_row&#8221; css=&#8221;.vc_custom_1698736358622{padding-top: 50px !important;padding-bottom: 50px !important;background-image: url(https:\/\/www.xtrememarkets.com\/US\/wp-content\/uploads\/2023\/10\/METALS-AND-ENERGIES-1.png?id=24377) !important;background-position: center !important;background-repeat: no-repeat !important;background-size: cover !important;}&#8221;][vc_column][vc_column_text]<\/p>\n<p class=\"upper-head-para\" style=\"color: #db0100; font-weight: 900;\">KIM LO\u1ea0I V\u00c0 <span style=\"color: #fff;\">N\u0102NG L\u01af\u1ee2NG<\/span><\/p>\n<p>[\/vc_column_text][\/vc_column][\/vc_row][vc_row full_width=&#8221;stretch_row&#8221; css=&#8221;.vc_custom_1704800695530{background-color: #000000 !important;}&#8221;][vc_column][vc_custom_heading text=&#8221;Th\u00f4ng s\u1ed1 k\u1ef9 thu\u1eadt kim lo\u1ea1i<br \/>\n&#8221; font_container=&#8221;tag:h2|text_align:center|color:%23ffffff&#8221; use_theme_fonts=&#8221;yes&#8221; el_class=&#8221;heading&#8221;][\/vc_column][\/vc_row][vc_row full_width=&#8221;stretch_row&#8221; css=&#8221;.vc_custom_1704800708904{background-color: #000000 !important;}&#8221;][vc_column][vc_column_text]<\/p>\n<p style=\"text-align: center;\"><span style=\"font-size: 14px; color: #b2b2b2;\">Giao d\u1ecbch kim lo\u1ea1i th\u01b0\u1eddng li\u00ean quan \u0111\u1ebfn v\u00e0ng v\u00e0 b\u1ea1c. Giao d\u1ecbch kim lo\u1ea1i c\u00f3 m\u1ed1i li\u00ean h\u1ec7 ch\u1eb7t ch\u1ebd v\u1edbi tri\u1ec3n v\u1ecdng c\u1ee7a n\u1ec1n kinh t\u1ebf to\u00e0n c\u1ea7u n\u00f3i chung v\u00e0 c\u00e1c lo\u1ea1i ti\u1ec1n t\u1ec7 ch\u00ednh.<br \/>\n<\/span><\/p>\n<p>[\/vc_column_text][\/vc_column][\/vc_row][vc_row full_width=&#8221;stretch_row&#8221; css=&#8221;.vc_custom_1704800747896{background-color: #000000 !important;}&#8221;][vc_column][vc_column_text]<\/p>\n<div style=\"overflow-x: scroll;\">\n<table id=\"products_cryptocurrencies\" class=\"table example table-striped align-center instruments-with-swaps-and-hours\">\n<thead>\n<tr class=\"tableHeader color-light bg-color-black\">\n<th class=\"vertical-align-middle\">Symbol<\/th>\n<th class=\"text-align-center vertical-align-middle\">Description<\/th>\n<th class=\"text-align-center vertical-align-middle\">Contract\u00a0Size<\/th>\n<th class=\"text-align-center vertical-align-middle\">Digits<\/th>\n<th class=\"text-align-center vertical-align-middle\">Margin Percentage<\/th>\n<th class=\"text-align-center vertical-align-middle\">Swap Short<\/th>\n<th class=\"text-align-center vertical-align-middle\">Swap Long<\/th>\n<th class=\"text-align-center vertical-align-middle\">Spread<\/th>\n<th class=\"text-align-center vertical-align-middle\">Trading Session (Server time)<\/th>\n<\/tr>\n<\/thead>\n<tbody>\n<tr class=\"hoverable\">\n<td class=\"vertical-align-middle text-align-center\">XAUEUR<\/td>\n<td class=\"vertical-align-middle text-align-center\">Gold\/Euro<\/td>\n<td class=\"vertical-align-middle text-align-center\">100<\/td>\n<td class=\"vertical-align-middle text-align-center\">2<\/td>\n<td class=\"vertical-align-middle text-align-center\">100%<\/td>\n<td class=\"vertical-align-middle text-align-center\">-1<\/td>\n<td class=\"vertical-align-middle text-align-center\">-99<\/td>\n<td class=\"vertical-align-middle text-align-center\">2.8<\/td>\n<td class=\"vertical-align-middle text-align-center\">01:05 -23:55<\/td>\n<\/tr>\n<tr class=\"hoverable\">\n<td class=\"vertical-align-middle text-align-center\">XAUUSD<\/td>\n<td class=\"vertical-align-middle text-align-center\">Gold\/US Dollar<\/td>\n<td class=\"vertical-align-middle text-align-center\">100<\/td>\n<td class=\"vertical-align-middle text-align-center\">2<\/td>\n<td class=\"vertical-align-middle text-align-center\">100%<\/td>\n<td class=\"vertical-align-middle text-align-center\">-6.7<\/td>\n<td class=\"vertical-align-middle text-align-center\">-17.9<\/td>\n<td class=\"vertical-align-middle text-align-center\">2.1<\/td>\n<td class=\"vertical-align-middle text-align-center\">01:05 -23:55<\/td>\n<\/tr>\n<tr class=\"hoverable\">\n<td class=\"vertical-align-middle text-align-center\">XAGUSD<\/td>\n<td class=\"vertical-align-middle text-align-center\">Silver\/US Dollar<\/td>\n<td class=\"vertical-align-middle text-align-center\">100<\/td>\n<td class=\"vertical-align-middle text-align-center\">2<\/td>\n<td class=\"vertical-align-middle text-align-center\">100%<\/td>\n<td class=\"vertical-align-middle text-align-center\">0.54<\/td>\n<td class=\"vertical-align-middle text-align-center\">-1.48<\/td>\n<td class=\"vertical-align-middle text-align-center\">2.5<\/td>\n<td class=\"vertical-align-middle text-align-center\">01:05 -23:55<\/td>\n<\/tr>\n<\/tbody>\n<\/table>\n<\/div>\n<p>[\/vc_column_text][vc_column_text][\/vc_column_text][\/vc_column][\/vc_row][vc_row full_width=&#8221;stretch_row&#8221; css=&#8221;.vc_custom_1704800772032{background-color: #000000 !important;}&#8221;][vc_column][vc_custom_heading text=&#8221;Th\u00f4ng s\u1ed1 n\u0103ng l\u01b0\u1ee3ng<br \/>\n&#8221; font_container=&#8221;tag:h2|text_align:center|color:%23ffffff&#8221; use_theme_fonts=&#8221;yes&#8221; el_class=&#8221;heading&#8221;][\/vc_column][vc_column][vc_column_text]<\/p>\n<p style=\"text-align: center;\"><span style=\"font-size: 14px; color: #b2b2b2;\">Giao d\u1ecbch n\u0103ng l\u01b0\u1ee3ng li\u00ean quan \u0111\u1ebfn c\u00e1c s\u1ea3n ph\u1ea9m nh\u01b0 d\u1ea7u th\u00f4, kh\u00ed \u0111\u1ed1t t\u1ef1 nhi\u00ean v\u00e0 n\u0103ng l\u01b0\u1ee3ng gi\u00f3. V\u00ec nh\u1eefng m\u1eb7t h\u00e0ng n\u00e0y th\u01b0\u1eddng bi\u1ebfn \u0111\u1ed9ng \u0111\u1ed9t ng\u1ed9t n\u00ean ch\u00fang c\u00f3 th\u1ec3 h\u1ea5p d\u1eabn c\u00e1c nh\u00e0 \u0111\u1ea7u c\u01a1.<br \/>\n<\/span><\/p>\n<p>[\/vc_column_text][\/vc_column][\/vc_row][vc_row full_width=&#8221;stretch_row&#8221; css=&#8221;.vc_custom_1704800797151{background-color: #000000 !important;}&#8221;][vc_column][vc_column_text]<\/p>\n<div style=\"overflow-x: scroll;\">\n<table id=\"products_cryptocurrencies\" class=\"table example table-striped align-center instruments-with-swaps-and-hours\">\n<thead>\n<tr class=\"tableHeader color-light bg-color-black\">\n<th class=\"vertical-align-middle\">Symbol<\/th>\n<th class=\"text-align-center vertical-align-middle\">Description<\/th>\n<th class=\"text-align-center vertical-align-middle\">Contract\u00a0Size<\/th>\n<th class=\"text-align-center vertical-align-middle\">Digits<\/th>\n<th class=\"text-align-center vertical-align-middle\">Margin Percentage<\/th>\n<th class=\"text-align-center vertical-align-middle\">Swap Short<\/th>\n<th class=\"text-align-center vertical-align-middle\">Swap Long<\/th>\n<th class=\"text-align-center vertical-align-middle\">Spread<\/th>\n<th class=\"text-align-center vertical-align-middle\">Trading Session (Server time)<\/th>\n<\/tr>\n<\/thead>\n<tbody>\n<tr class=\"hoverable\">\n<td class=\"vertical-align-middle text-align-center\">NGAS<\/td>\n<td class=\"vertical-align-middle text-align-center\">Natural gas spot<\/td>\n<td class=\"vertical-align-middle text-align-center\">100<\/td>\n<td class=\"vertical-align-middle text-align-center\">3<\/td>\n<td class=\"vertical-align-middle text-align-center\">50%<\/td>\n<td class=\"vertical-align-middle text-align-center\">-15<\/td>\n<td class=\"vertical-align-middle text-align-center\">-20<\/td>\n<td class=\"vertical-align-middle text-align-center\">1.3<\/td>\n<td class=\"vertical-align-middle text-align-center\">01:05 -23:55<\/td>\n<\/tr>\n<tr class=\"hoverable\">\n<td class=\"vertical-align-middle text-align-center\">USOIL<\/td>\n<td class=\"vertical-align-middle text-align-center\">Crude Oil(WTI)<\/td>\n<td class=\"vertical-align-middle text-align-center\">100<\/td>\n<td class=\"vertical-align-middle text-align-center\">2<\/td>\n<td class=\"vertical-align-middle text-align-center\">50%<\/td>\n<td class=\"vertical-align-middle text-align-center\">-0.8<\/td>\n<td class=\"vertical-align-middle text-align-center\">-1.9<\/td>\n<td class=\"vertical-align-middle text-align-center\">1.4<\/td>\n<td class=\"vertical-align-middle text-align-center\">01:05 -23:55<\/td>\n<\/tr>\n<tr class=\"hoverable\">\n<td class=\"vertical-align-middle text-align-center\">UKOIL<\/td>\n<td class=\"vertical-align-middle text-align-center\">Crude Oil(Brent)<\/td>\n<td class=\"vertical-align-middle text-align-center\">100<\/td>\n<td class=\"vertical-align-middle text-align-center\">2<\/td>\n<td class=\"vertical-align-middle text-align-center\">50%<\/td>\n<td class=\"vertical-align-middle text-align-center\">-0.9<\/td>\n<td class=\"vertical-align-middle text-align-center\">-3.4<\/td>\n<td class=\"vertical-align-middle text-align-center\">1.2<\/td>\n<td class=\"vertical-align-middle text-align-center\">01:05 -23:55<\/td>\n<\/tr>\n<\/tbody>\n<\/table>\n<\/div>\n<p>[\/vc_column_text][\/vc_column][\/vc_row][vc_row full_width=&#8221;stretch_row&#8221; css=&#8221;.vc_custom_1704800817031{background-color: #000000 !important;}&#8221;][vc_column][vc_column_text]<span style=\"color: #d60302;\"><strong>QUAN TR\u1eccNG<\/strong><\/span><\/p>\n<div class=\"row\">\n<div class=\"col-md-12 col-sm-12 col-xs-12 m-b-30\">\n<p><span style=\"color: #b2b2b2; font-size: 14px;\">1. Gi\u00e1 tr\u1ecb ph\u00ed qua \u0111\u00eam c\u00f3 th\u1ec3 \u0111\u01b0\u1ee3c \u0111i\u1ec1u ch\u1ec9nh h\u00e0ng ng\u00e0y d\u1ef1a tr\u00ean \u0111i\u1ec1u ki\u1ec7n th\u1ecb tr\u01b0\u1eddng v\u00e0 t\u1ef7 gi\u00e1 do Nh\u00e0 cung c\u1ea5p gi\u00e1 c\u1ee7a ch\u00fang t\u00f4i cung c\u1ea5p \u00e1p d\u1ee5ng cho t\u1ea5t c\u1ea3 c\u00e1c v\u1ecb th\u1ebf m\u1edf.<\/span><br \/>\n<span style=\"color: #b2b2b2; font-size: 14px;\"><b>Ho\u00e1n \u0111\u1ed5i ba l\u1ea7n \u0111\u01b0\u1ee3c \u00e1p d\u1ee5ng v\u00e0o th\u1ee9 T\u01b0 h\u00e0ng tu\u1ea7n.<\/b><\/span><\/p>\n<p><span style=\"color: #b2b2b2; font-size: 14px;\">2. Gi\u1edd m\u00e1y ch\u1ee7: M\u00f9a \u0111\u00f4ng: GMT+2 v\u00e0 M\u00f9a h\u00e8: GMT+3 (DST) (Ch\u1ee7 nh\u1eadt cu\u1ed1i c\u00f9ng c\u1ee7a th\u00e1ng 3 v\u00e0 k\u1ebft th\u00fac v\u00e0o Ch\u1ee7 nh\u1eadt cu\u1ed1i c\u00f9ng c\u1ee7a th\u00e1ng 10).<\/span><\/p>\n<p><span style=\"color: #b2b2b2; font-size: 14px;\">3. T\u1ea5t c\u1ea3 c\u00e1c L\u1ec7nh ch\u1edd s\u1ebd b\u1ecb \u0111\u00f3ng trong th\u1eddi gian th\u1ecb tr\u01b0\u1eddng ngh\u1ec9 ng\u01a1i. Trong tr\u01b0\u1eddng h\u1ee3p b\u1ea5t k\u1ef3 l\u1ec7nh n\u00e0o \u0111ang ch\u1edd x\u1eed l\u00fd, n\u00f3 s\u1ebd t\u1ef1 \u0111\u1ed9ng b\u1ecb x\u00f3a khi th\u1ecb tr\u01b0\u1eddng \u0111\u00f3ng c\u1eeda v\u00e0o th\u1ee9 S\u00e1u.<br \/>\n<\/span><\/p>\n<\/div>\n<\/div>\n<p>[\/vc_column_text][\/vc_column][\/vc_row][vc_row full_width=&#8221;stretch_row&#8221; css=&#8221;.vc_custom_1704800829809{background-color: #000000 !important;}&#8221;][vc_column width=&#8221;1\/2&#8243;][vc_column_text]<span style=\"color: #b2b2b2; font-size: 14px;\">T\u00ednh to\u00e1n y\u00eau c\u1ea7u k\u00fd qu\u1ef9 kim lo\u1ea1i &#8211; V\u00ed d\u1ee5<br \/>\n\u0110\u1ed3ng ti\u1ec1n c\u01a1 s\u1edf c\u1ee7a t\u00e0i kho\u1ea3n: USD<br \/>\nV\u1ecb tr\u00ed: M\u1edf 10 l\u00f4 MUA XAUUSD t\u1ea1i 1924.449<br \/>\nK\u00edch th\u01b0\u1edbc 1 l\u00f4: 100 Ounce<br \/>\nGi\u1edbi h\u1ea1n \u0111\u00f2n b\u1ea9y: 1:200<br \/>\nGi\u00e1 tr\u1ecb danh ngh\u0129a l\u00e0: 10 \u00d7 100 \u00d7 1924,449 = 1924449 USD<br \/>\nS\u1ed1 ti\u1ec1n k\u00fd qu\u1ef9 y\u00eau c\u1ea7u l\u00e0: 1924449\/200 = 9622,245 USD<\/span>[\/vc_column_text][\/vc_column][vc_column width=&#8221;1\/2&#8243;][vc_column_text]<span style=\"color: #b2b2b2; font-size: 14px;\">T\u00ednh to\u00e1n y\u00eau c\u1ea7u bi\u00ean n\u0103ng l\u01b0\u1ee3ng &#8211; V\u00ed d\u1ee5<br \/>\n\u0110\u1ed3ng ti\u1ec1n c\u01a1 s\u1edf c\u1ee7a t\u00e0i kho\u1ea3n: USD<br \/>\nV\u1ecb tr\u00ed: M\u1edf 10 l\u00f4 MUA USOIL \u1edf m\u1ee9c 43,20<br \/>\nK\u00edch th\u01b0\u1edbc 1 l\u00f4: 100 th\u00f9ng<br \/>\nY\u00eau c\u1ea7u k\u00fd qu\u1ef9: 2% Gi\u00e1 tr\u1ecb danh ngh\u0129a<br \/>\nGi\u00e1 tr\u1ecb danh ngh\u0129a l\u00e0: 10 \u00d7 100 \u00d7 43,20 = 43200 USD<br \/>\nS\u1ed1 ti\u1ec1n k\u00fd qu\u1ef9 y\u00eau c\u1ea7u l\u00e0: 43.200 USD \/ 0,02 = 864 USD<br \/>\n<\/span>[\/vc_column_text][\/vc_column][\/vc_row]<\/p>\n","protected":false},"excerpt":{"rendered":"<p>[vc_row full_width=&#8221;stretch_row&#8221; css=&#8221;.vc_custom_1698736358622{padding-top: 50px !important;padding-bottom: 50px !important;background-image: url(https:\/\/www.xtrememarkets.com\/US\/wp-content\/uploads\/2023\/10\/METALS-AND-ENERGIES-1.png?id=24377) !important;background-position: center !important;background-repeat: no-repeat !important;background-size: cover !important;}&#8221;][vc_column][vc_column_text] KIM LO\u1ea0I V\u00c0 N\u0102NG L\u01af\u1ee2NG [\/vc_column_text][\/vc_column][\/vc_row][vc_row full_width=&#8221;stretch_row&#8221; css=&#8221;.vc_custom_1704800695530{background-color: #000000 !important;}&#8221;][vc_column][vc_custom_heading text=&#8221;Th\u00f4ng s\u1ed1 k\u1ef9 thu\u1eadt kim lo\u1ea1i &#8221; font_container=&#8221;tag:h2|text_align:center|color:%23ffffff&#8221; use_theme_fonts=&#8221;yes&#8221; el_class=&#8221;heading&#8221;][\/vc_column][\/vc_row][vc_row full_width=&#8221;stretch_row&#8221; css=&#8221;.vc_custom_1704800708904{background-color: #000000 !important;}&#8221;][vc_column][vc_column_text] Giao d\u1ecbch kim lo\u1ea1i th\u01b0\u1eddng li\u00ean quan \u0111\u1ebfn v\u00e0ng v\u00e0 b\u1ea1c. Giao d\u1ecbch kim lo\u1ea1i c\u00f3<\/p>\n... <a href=\"https:\/\/www.xtrememarkets.com\/US\/vi\/metal-energies-vietnam\/\">continue reading<\/a>.","protected":false},"author":1,"featured_media":0,"parent":0,"menu_order":0,"comment_status":"closed","ping_status":"closed","template":"","meta":[],"yoast_head":"<!-- This site is optimized with the Yoast SEO Premium plugin v16.1 - https:\/\/yoast.com\/wordpress\/plugins\/seo\/ -->\r\n<title>Metals &amp; Energies Trading Online | Oil &amp; Gold Trading | Xtreamforex<\/title>\r\n<meta name=\"description\" content=\"Metals &amp; Energies Trading. Start trading oil, Gold and other metals with a multi-asset regulated and licensed global broker. Trade Gold Now \u2713 Xtreamforex.\" \/>\r\n<link rel=\"canonical\" href=\"https:\/\/www.xtrememarkets.com\/US\/vi\/metal-energies-vietnam\/\" \/>\r\n<meta property=\"og:locale\" content=\"en_US\" \/>\r\n<meta property=\"og:type\" content=\"article\" \/>\r\n<meta property=\"og:title\" content=\"Metals &amp; Energies Trading Online | Oil &amp; Gold Trading | Xtreamforex\" \/>\r\n<meta property=\"og:description\" content=\"Metals &amp; Energies Trading. Start trading oil, Gold and other metals with a multi-asset regulated and licensed global broker. Trade Gold Now \u2713 Xtreamforex.\" \/>\r\n<meta property=\"og:url\" content=\"https:\/\/www.xtrememarkets.com\/US\/vi\/metal-energies-vietnam\/\" \/>\r\n<meta property=\"og:site_name\" content=\"Xtreme Markets\" \/>\r\n<meta property=\"article:publisher\" content=\"https:\/\/www.facebook.com\/xtreamforex.official\/\" \/>\r\n<meta property=\"article:modified_time\" content=\"2024-01-09T11:57:38+00:00\" \/>\r\n<meta property=\"og:image\" content=\"https:\/\/www.xtrememarkets.com\/US\/wp-content\/uploads\/2024\/02\/image_2024_02_23T12_39_46_331Z.png\" \/>\r\n\t<meta property=\"og:image:width\" content=\"800\" \/>\r\n\t<meta property=\"og:image:height\" content=\"500\" \/>\r\n<meta name=\"twitter:card\" content=\"summary_large_image\" \/>\r\n<meta name=\"twitter:site\" content=\"@xtreamforex\" \/>\r\n<meta name=\"twitter:label1\" content=\"Est. reading time\">\n\t<meta name=\"twitter:data1\" content=\"4 minutes\">\r\n<script type=\"application\/ld+json\" class=\"yoast-schema-graph\">{\"@context\":\"https:\/\/schema.org\",\"@graph\":[{\"@type\":[\"Organization\",\"Place\"],\"@id\":\"https:\/\/www.xtrememarkets.com\/US\/#organization\",\"name\":\"Xtreamforex\",\"url\":\"https:\/\/www.xtrememarkets.com\/US\/\",\"sameAs\":[\"https:\/\/www.facebook.com\/xtreamforex.official\/\",\"https:\/\/www.instagram.com\/xtreamforex.official\/\",\"https:\/\/in.linkedin.com\/company\/xtream-forex\",\"https:\/\/www.youtube.com\/channel\/UCbbTuJV9XhurjZciRLdvFBg\",\"https:\/\/www.pinterest.com\/xtreamforex_trading\/\",\"https:\/\/twitter.com\/xtreamforex\"],\"logo\":{\"@id\":\"https:\/\/www.xtrememarkets.com\/US\/vi\/metal-energies-vietnam\/#local-main-organization-logo\"},\"image\":{\"@id\":\"https:\/\/www.xtrememarkets.com\/US\/vi\/metal-energies-vietnam\/#local-main-organization-logo\"},\"openingHoursSpecification\":[{\"@type\":\"OpeningHoursSpecification\",\"dayOfWeek\":[\"Monday\",\"Tuesday\",\"Wednesday\",\"Thursday\",\"Friday\",\"Saturday\",\"Sunday\"],\"opens\":\"09:00\",\"closes\":\"17:00\"}]},{\"@type\":\"WebSite\",\"@id\":\"https:\/\/www.xtrememarkets.com\/US\/#website\",\"url\":\"https:\/\/www.xtrememarkets.com\/US\/\",\"name\":\"Xtreme Markets\",\"description\":\"\",\"publisher\":{\"@id\":\"https:\/\/www.xtrememarkets.com\/US\/#organization\"},\"potentialAction\":[{\"@type\":\"SearchAction\",\"target\":\"https:\/\/www.xtrememarkets.com\/US\/?s={search_term_string}\",\"query-input\":\"required name=search_term_string\"}],\"inLanguage\":\"en-US\"},{\"@type\":\"WebPage\",\"@id\":\"https:\/\/www.xtrememarkets.com\/US\/vi\/metal-energies-vietnam\/#webpage\",\"url\":\"https:\/\/www.xtrememarkets.com\/US\/vi\/metal-energies-vietnam\/\",\"name\":\"Metals & Energies Trading Online | Oil & Gold Trading | Xtreamforex\",\"isPartOf\":{\"@id\":\"https:\/\/www.xtrememarkets.com\/US\/#website\"},\"datePublished\":\"2023-09-04T11:59:33+00:00\",\"dateModified\":\"2024-01-09T11:57:38+00:00\",\"description\":\"Metals & Energies Trading. Start trading oil, Gold and other metals with a multi-asset regulated and licensed global broker. Trade Gold Now \\u2713 Xtreamforex.\",\"breadcrumb\":{\"@id\":\"https:\/\/www.xtrememarkets.com\/US\/vi\/metal-energies-vietnam\/#breadcrumb\"},\"inLanguage\":\"en-US\",\"potentialAction\":[{\"@type\":\"ReadAction\",\"target\":[\"https:\/\/www.xtrememarkets.com\/US\/vi\/metal-energies-vietnam\/\"]}]},{\"@type\":\"BreadcrumbList\",\"@id\":\"https:\/\/www.xtrememarkets.com\/US\/vi\/metal-energies-vietnam\/#breadcrumb\",\"itemListElement\":[{\"@type\":\"ListItem\",\"position\":1,\"item\":{\"@type\":\"WebPage\",\"@id\":\"https:\/\/www.xtrememarkets.com\/US\/\",\"url\":\"https:\/\/www.xtrememarkets.com\/US\/\",\"name\":\"Home\"}},{\"@type\":\"ListItem\",\"position\":2,\"item\":{\"@type\":\"WebPage\",\"@id\":\"https:\/\/www.xtrememarkets.com\/US\/vi\/metal-energies-vietnam\/\",\"url\":\"https:\/\/www.xtrememarkets.com\/US\/vi\/metal-energies-vietnam\/\",\"name\":\"Metal &#038; Energies\"}}]},{\"@type\":\"ImageObject\",\"@id\":\"https:\/\/www.xtrememarkets.com\/US\/vi\/metal-energies-vietnam\/#local-main-organization-logo\",\"inLanguage\":\"en-US\",\"url\":\"https:\/\/www.xtrememarkets.com\/US\/wp-content\/uploads\/2024\/02\/image_2024_02_23T12_39_46_331Z.png\",\"contentUrl\":\"https:\/\/www.xtrememarkets.com\/US\/wp-content\/uploads\/2024\/02\/image_2024_02_23T12_39_46_331Z.png\",\"width\":800,\"height\":500,\"caption\":\"Xtreamforex\"}]}<\/script>\r\n<!-- \/ Yoast SEO Premium plugin. -->","_links":{"self":[{"href":"https:\/\/www.xtrememarkets.com\/US\/wp-json\/wp\/v2\/pages\/26435"}],"collection":[{"href":"https:\/\/www.xtrememarkets.com\/US\/wp-json\/wp\/v2\/pages"}],"about":[{"href":"https:\/\/www.xtrememarkets.com\/US\/wp-json\/wp\/v2\/types\/page"}],"author":[{"embeddable":true,"href":"https:\/\/www.xtrememarkets.com\/US\/wp-json\/wp\/v2\/users\/1"}],"replies":[{"embeddable":true,"href":"https:\/\/www.xtrememarkets.com\/US\/wp-json\/wp\/v2\/comments?post=26435"}],"version-history":[{"count":4,"href":"https:\/\/www.xtrememarkets.com\/US\/wp-json\/wp\/v2\/pages\/26435\/revisions"}],"predecessor-version":[{"id":26439,"href":"https:\/\/www.xtrememarkets.com\/US\/wp-json\/wp\/v2\/pages\/26435\/revisions\/26439"}],"wp:attachment":[{"href":"https:\/\/www.xtrememarkets.com\/US\/wp-json\/wp\/v2\/media?parent=26435"}],"curies":[{"name":"wp","href":"https:\/\/api.w.org\/{rel}","templated":true}]}}