{"id":26275,"date":"2021-01-28T04:20:30","date_gmt":"2021-01-28T04:20:30","guid":{"rendered":"https:\/\/www.xtreamforex.com\/?page_id=26275"},"modified":"2024-03-12T08:26:55","modified_gmt":"2024-03-12T08:26:55","slug":"company-profile-vietnam","status":"publish","type":"page","link":"https:\/\/www.xtrememarkets.com\/US\/vi\/company-profile-vietnam\/","title":{"rendered":"Company Profile"},"content":{"rendered":"<p>[vc_row full_width=&#8221;stretch_row&#8221; content_placement=&#8221;middle&#8221; css=&#8221;.vc_custom_1698318677675{position:relative !important; z-index:-111 !important; padding-top: 50px !important;padding-bottom: 50px !important;background-image: url(https:\/\/www.xtrememarkets.com\/US\/wp-content\/uploads\/2023\/10\/Company_profile_banner.webp?id=24090) !important;background-position: center !important;background-repeat: no-repeat !important;background-size: cover !important;}&#8221;][vc_column][vc_row_inner][vc_column_inner][vc_column_text css=&#8221;.vc_custom_1698317686242{padding-top: 20px !important;padding-bottom: 20px !important;}&#8221;]<\/p>\n<p class=\"upper-head-para\" style=\" color: #db0100; font-weight: 900;\">H\u1ed2 S\u01a0 <span style=\"color: #fff;\">C\u00d4NG TY<\/span><\/p>\n<p>[\/vc_column_text][\/vc_column_inner][\/vc_row_inner][\/vc_column][\/vc_row][vc_row full_width=&#8221;stretch_row&#8221; css=&#8221;.vc_custom_1684318324649{background-color: #000000 !important;background-position: center !important;background-repeat: no-repeat !important;background-size: cover !important;}&#8221;][vc_column css=&#8221;.vc_custom_1703838634523{padding-right: 20px !important;padding-left: 20px !important;}&#8221;][vc_row_inner][vc_column_inner][vc_raw_html css=&#8221;.vc_custom_1704690904988{margin-top: 50px !important;margin-bottom: 100px !important;padding-bottom: 100px !important;}&#8221;]JTNDZGl2JTIwc3R5bGUlM0QlMjJ3aWR0aCUzQTEwMCUyNSUzQiUyMiUzRSUwQSUwQSUzQ2RpdiUyMGNsYXNzJTNEJTIyZGl2XzIwd2lkdGglMjIlM0UlMEElM0NwJTNFSCVDNiVBME4lM0MlMkZwJTNFJTBBJTNDaDIlM0UyLjFNJTNDJTJGaDIlM0UlMEElM0NwJTNFVCVDMyU4MEklMjBLSE8lRTElQkElQTJOJTIwTElWRSUyMCVDNCU5MCVDNiVBRiVFMSVCQiVBMkMlMjBNJUUxJUJCJTlFJTNDJTJGcCUzRSUwQSUzQyUyRmRpdiUzRSUwQSUwQSUzQ2RpdiUyMGNsYXNzJTNEJTIyZGl2XzIwd2lkdGglMjIlM0UlMEElM0NwJTNFSCVDNiVBME4lM0MlMkZwJTNFJTBBJTNDaDIlM0U4JTNDJTJGaDIlM0UlMEElM0NwJTNFTiVDNCU4Mk0lMjBLSU5IJTIwTkdISSVFMSVCQiU4Nk0lM0MlMkZwJTNFJTBBJTNDJTJGZGl2JTNFJTBBJTBBJTNDZGl2JTIwY2xhc3MlM0QlMjJkaXZfMjB3aWR0aCUyMiUzRSUwQSUzQ3AlM0VIJUM2JUEwTiUzQyUyRnAlM0UlMEElM0NoMiUzRTI1JTNDJTJGaDIlM0UlMEElM0NwJTNFVCVDMyU4MEklMjBLSE8lRTElQkElQTJOJTIwJUM0JTkwJUM0JTgyTkclMjBMJUMzJTlEJTNDJTJGcCUzRSUwQSUzQyUyRmRpdiUzRSUwQSUwQSUzQ2RpdiUyMGNsYXNzJTNEJTIyZGl2XzIwd2lkdGglMjIlM0UlMEElM0NwJTNFSCVDNiVBME4lM0MlMkZwJTNFJTBBJTNDaDIlM0UxNTAlM0MlMkZoMiUzRSUwQSUzQ3AlM0VORyVDMyU5NE4lMjBORyVFMSVCQiVBRSUyMCVDNCU5MCVDNiVBRiVFMSVCQiVBMkMlMjBIJUUxJUJCJTk2JTIwVFIlRTElQkIlQTIlM0MlMkZwJTNFJTBBJTNDJTJGZGl2JTNFJTBBJTBBJTNDZGl2JTIwY2xhc3MlM0QlMjJkaXZfMjB3aWR0aCUyMiUzRSUwQSUzQ3AlM0VIJUM2JUEwTiUzQyUyRnAlM0UlMEElM0NoMiUzRTE2MCUzQyUyRmgyJTNFJTBBJTNDcCUzRU5IJUMzJTgyTiUyMFMlRTElQkIlQjAlMjBUTyVDMyU4ME4lMjBDJUUxJUJBJUE2VSUzQyUyRnAlM0UlMEElM0MlMkZkaXYlM0UlMEElMEElM0MlMkZkaXYlM0U=[\/vc_raw_html][\/vc_column_inner][\/vc_row_inner][\/vc_column][vc_column][\/vc_column][\/vc_row][vc_row full_width=&#8221;stretch_row&#8221; css=&#8221;.vc_custom_1684318363056{background-color: #000000 !important;background-position: center !important;background-repeat: no-repeat !important;background-size: cover !important;}&#8221;][vc_column el_class=&#8221;about_sec_CP&#8221;][vc_row_inner css=&#8221;.vc_custom_1703839306637{padding-top: 20px !important;padding-right: 20px !important;padding-left: 20px !important;}&#8221;][vc_column_inner][vc_custom_heading text=&#8221;V\u1ec0 Xtreme Markets&#8221; font_container=&#8221;tag:h6|text_align:left|color:%23ffffff&#8221;][vc_column_text]<\/p>\n<p style=\"color: #afafaf; font-size: 14px; text-align: left; font-weight: lighter; margin-top: 20px; line-height: 1.7;\">Xtreme Markets l\u00e0 Nh\u00e0 m\u00f4i gi\u1edbi ECN Ph\u00e1t tri\u1ec3n Nhanh nh\u1ea5t \u0111\u01b0\u1ee3c th\u00e0nh l\u1eadp b\u1edfi Xtreme Markets Ltd. Ch\u00fang t\u00f4i \u0111\u00e3 th\u00e0nh l\u1eadp v\u00e0 \u0111\u0103ng k\u00fd t\u1ea1i \u0110\u1ea3o Marshall. Xtreme Markets cung c\u1ea5p d\u1ecbch v\u1ee5 giao d\u1ecbch v\u1edbi Ngo\u1ea1i h\u1ed1i, h\u00e0ng ho\u00e1, ch\u1ec9 s\u1ed1, c\u1ed5 phi\u1ebfu v\u00e0 ti\u1ec1n \u0111i\u1ec7n t\u1eed.<\/p>\n<p><span data-mce-type=\"bookmark\" style=\"display: inline-block; width: 0px; overflow: hidden; line-height: 0;\" class=\"mce_SELRES_start\">\ufeff<\/span>[\/vc_column_text][vc_custom_heading text=&#8221;GIAO D\u1ecaCH CH\u1ea4T L\u01af\u1ee2NG CAO&#8221; font_container=&#8221;tag:h6|text_align:left|color:%23db0100&#8243;][vc_column_text]<\/p>\n<p style=\"text-align: left; color: #afafaf; font-size: 14px; font-weight: lighter; margin-top: 20px; line-height: 1.7;\">V\u1edbi m\u00f4i tr\u01b0\u1eddng giao d\u1ecbch t\u1ed1t nh\u1ea5t, ch\u00fang t\u00f4i cung c\u1ea5p \u0111a d\u1ea1ng lo\u1ea1i t\u00e0i kho\u1ea3n, n\u1ec1n t\u1ea3ng, v\u00e0 thi\u1ebft b\u1ecb cho kh\u00e1ch h\u00e0ng c\u00f3 th\u1ec3 l\u1ef1a ch\u1ecdn ph\u00f9 h\u1ee3p v\u1edbi nhu c\u1ea7u v\u00e0 kinh nghi\u1ec7m giao d\u1ecbch.<\/p>\n<p>[\/vc_column_text][\/vc_column_inner][\/vc_row_inner][vc_row_inner css=&#8221;.vc_custom_1703838449565{margin-top: 50px !important;padding-right: 20px !important;padding-left: 20px !important;}&#8221;][vc_column_inner width=&#8221;1\/2&#8243; el_id=&#8221;prsn_img&#8221;][vc_single_image image=&#8221;19793&#8243; img_size=&#8221;large&#8221;][\/vc_column_inner][vc_column_inner el_class=&#8221;text_right_CP&#8221; width=&#8221;1\/2&#8243;][vc_column_text]<\/p>\n<p style=\"color: #db0100; font-size: 15px; margin: 50px 0px 5px 0px;\">H\u1ed3 s\u01a1 c\u00f4ng ty<\/p>\n<h4 style=\"color: #fff; font-weight: bold; letter-spacing: 1px; font-size: 30px;\">S\u1ee8 M\u1ec6NH V\u00c0 T\u1ea6M NH\u00ccN<\/h4>\n<p style=\"color: #afafaf; font-size: 15px; margin-top: 25px; line-height: 2; text-align: justify;\">Ch\u00fang t\u00f4i h\u01b0\u1edbng t\u1edbi d\u1eabn \u0111\u1ea7u cung c\u1ea5p d\u1ecbch v\u1ee5 cho nh\u00e0 giao d\u1ecbch Ngo\u1ea1i H\u1ed1i tr\u00ean to\u00e0n th\u1ebf gi\u1edbi. L\u00e0 nh\u00e0 m\u00f4i gi\u1edbi m\u00e0 m\u1ecdi kh\u00e1ch h\u00e0ng mong mu\u1ed1n, l\u00e0 n\u01a1i c\u00f3 th\u1ec3 qu\u1ea3n l\u00fd s\u1ed1 ti\u1ec1n v\u1ed1n qu\u00fd gi\u00e1 c\u1ee7a kh\u00e1ch h\u00e0ng. XtremeMarkets t\u1eadp trung cung c\u1ea5p nh\u1eefng khuy\u1ebfn ngh\u1ecb t\u1ed1t nh\u1ea5t nh\u1eb1m gi\u00fap bi\u1ebfn nh\u1eefng c\u1ed1 g\u1eafng c\u1ee7a kh\u00e1ch h\u00e0ng th\u00e0nh l\u1ee3i nhu\u1eadn. Ch\u00fang t\u00f4i c\u00f3 \u0111\u1ed9i ng\u0169 chuy\u00ean gia c\u00f3 kinh nghi\u1ec7m cung c\u1ea5p d\u1ecbch v\u1ee5 cho kh\u00e1ch h\u00e0ng. Ch\u00fang t\u00f4i \u0111ang x\u00e2y d\u1ef1ng con \u0111\u01b0\u1eddng t\u1edbi m\u1ed9t t\u01b0\u01a1ng lai th\u00e0nh c\u00f4ng, t\u01b0\u01a1i s\u00e1ng v\u00e0 cam k\u1ebft x\u00e2y d\u1ef1ng m\u1ed1i quan h\u1ec7 l\u00e2u d\u00e0i v\u1edbi kh\u00e1ch h\u00e0ng.<\/p>\n<p>[\/vc_column_text][\/vc_column_inner][\/vc_row_inner][vc_row_inner css=&#8221;.vc_custom_1703838461093{margin-top: 50px !important;padding-right: 20px !important;padding-left: 20px !important;}&#8221;][vc_column_inner][vc_custom_heading text=&#8221;CH\u00caNH L\u1ec6CH GI\u00c1 TH\u1ea4P<br \/>\n&#8221; font_container=&#8221;tag:h6|text_align:left|color:%23ffffff&#8221;][vc_column_text]<\/p>\n<p style=\"text-align: left; font-size: 14px; color: #afafaf; margin-top: 15px; line-height: 1.7;\">XtremeMarkets cung c\u1ea5p gi\u00e1 c\u1ea3 c\u1ea1nh tranh nh\u1ea5t trong th\u1ecb tr\u01b0\u1eddng, v\u01b0\u1ee3t qua t\u1ea5t c\u1ea3 c\u00e1c \u0111\u1ed1i th\u1ee7. L\u1ec7nh c\u1ee7a kh\u00e1ch h\u00e0ng s\u1ebd \u0111\u01b0\u1ee3c chuy\u1ec3n tr\u1ef1c ti\u1ebfp t\u1edbi Nh\u00e0 cung c\u1ea5p Thanh Kho\u1ea3n \u2013 s\u1ebd kh\u00f4ng c\u00f3 s\u1ef1 can thi\u1ec7p trung gian<\/p>\n<p>[\/vc_column_text][\/vc_column_inner][\/vc_row_inner][\/vc_column][\/vc_row][vc_row full_width=&#8221;stretch_row&#8221; css=&#8221;.vc_custom_1703838397232{background-color: #000000 !important;}&#8221;][vc_column][vc_row_inner css=&#8221;.vc_custom_1703838407158{padding-right: 20px !important;padding-left: 20px !important;}&#8221;][vc_column_inner width=&#8221;1\/2&#8243;][vc_column_text]<\/p>\n<p style=\"text-align: left;\"><span style=\"color: #ffffff;\">Video ch\u00ednh th\u1ee9c v\u1ec1 c\u00f4ng ty Xtreme Markets<\/span><\/p>\n<p>[\/vc_column_text][vc_raw_html]JTNDZGl2JTIwY2xhc3MlM0QlMjJ2aWRfb3V0ZXIlMjIlM0UlMEElM0N2aWRlbyUyMGNvbnRyb2xzJTIwc3R5bGUlM0QlMjJ3aWR0aCUzQSUyMDEwMCUyNSUzQiUyMiUyMHBvc3RlciUzRCUyMiUyRndwLWNvbnRlbnQlMkZ1cGxvYWRzJTJGMjAyMyUyRjA1JTJGMi00LTIucG5nJTIyJTNFJTA5JTIwJTBBJTNDc291cmNlJTIwc3JjJTNEJTIyJTJGd3AtY29udGVudCUyRnVwbG9hZHMlMkYyMDIzJTJGMDUlMkZYdHJlYW1mb3JleCUyMG9mZmljaWFsJTIwY29wb3JhdGUlMjB2aWRlby5tcDQlMjIlMjB0eXBlJTNEJTIydmlkZW8lMkZtcDQlMjIlM0UlMEElM0MlMkZ2aWRlbyUzRSUwQSUzQyUyRmRpdiUzRQ==[\/vc_raw_html][\/vc_column_inner][vc_column_inner width=&#8221;1\/2&#8243;][vc_column_text]<\/p>\n<p style=\"text-align: left;\"><span style=\"color: #ffffff;\">Lu\u00f4n b\u00ean c\u1ea1nh b\u1ea1n<\/span><\/p>\n<p>[\/vc_column_text][vc_raw_html]JTNDZGl2JTIwY2xhc3MlM0QlMjJ2aWRfb3V0ZXIlMjIlM0UlMEElM0N2aWRlbyUyMGNvbnRyb2xzJTIwc3R5bGUlM0QlMjJ3aWR0aCUzQSUyMDEwMCUyNSUzQiUyMiUyMHBvc3RlciUzRCUyMmh0dHBzJTNBJTJGd3AtY29udGVudCUyRnVwbG9hZHMlMkYyMDIzJTJGMDUlMkYxLTEtMS5wbmclMjIlM0UlMDklMjAlMEElM0Nzb3VyY2UlMjBzcmMlM0QlMjIlMkZ3cC1jb250ZW50JTJGdXBsb2FkcyUyRjIwMjMlMkYwNSUyRkFsd2F5cyUyMGJ5JTIweW91ciUyMHNpZGUubXA0JTIyJTIwdHlwZSUzRCUyMnZpZGVvJTJGbXA0JTIyJTNFJTBBJTNDJTJGdmlkZW8lM0UlMEElM0MlMkZkaXYlM0U=[\/vc_raw_html][\/vc_column_inner][\/vc_row_inner][\/vc_column][\/vc_row][vc_row full_width=&#8221;stretch_row&#8221; css=&#8221;.vc_custom_1684320735924{background-color: #000000 !important;background-position: center !important;background-repeat: no-repeat !important;background-size: cover !important;}&#8221;][vc_column][vc_custom_heading text=&#8221;L\u00dd DO L\u1ef0A CH\u1eccN Xtreme Markets&#8221; font_container=&#8221;tag:h6|text_align:left|color:%23ffffff&#8221; el_id=&#8221;why_choose_H&#8221; css=&#8221;.vc_custom_1710231995652{padding-left: 20px !important;}&#8221;][vc_empty_space][vc_row_inner el_id=&#8221;two_lists_sec&#8221; css=&#8221;.vc_custom_1703838343126{padding-right: 20px !important;padding-left: 20px !important;}&#8221;][vc_column_inner width=&#8221;1\/2&#8243; el_id=&#8221;col_red_arrow&#8221;][vc_column_text el_class=&#8221;red_arrow_ul&#8221;]<\/p>\n<ul>\n<li><span style=\"color: #dddddd; font-size: 14px; font-weight: lighter;\">Thanh Kho\u1ea3n S\u00e2u t\u1eeb nh\u00e0 cung c\u1ea5p thanh kho\u1ea3n H\u00e0ng \u0110\u1ea7u<\/span><\/li>\n<li><span style=\"color: #dddddd; font-size: 14px; font-weight: lighter;\">Giao d\u1ecbch v\u1edbi gi\u00e1 c\u1ea1nh tranh tr\u1ef1c ti\u1ebfp t\u1eeb nh\u00e0 cung c\u1ea5p thanh kho\u1ea3n<\/span><\/li>\n<li><span style=\"color: #dddddd; font-size: 14px; font-weight: lighter;\">Ch\u1ea5t l\u01b0\u1ee3ng kh\u1edbp l\u1ec7nh tuy\u1ec7t v\u1eddi<\/span><\/li>\n<li><span style=\"color: #dddddd; font-size: 14px; font-weight: lighter;\">M\u1ee9c Stop\/Limit r\u1ea5t th\u1ea5p<\/span><\/li>\n<li><span style=\"color: #dddddd; font-size: 14px; font-weight: lighter;\">B\u1ea3o v\u1ec7 v\u1ed1n kh\u00e1ch h\u00e0ng<\/span><\/li>\n<\/ul>\n<p>[\/vc_column_text][\/vc_column_inner][vc_column_inner width=&#8221;1\/2&#8243; el_id=&#8221;col_red_arrow&#8221;][vc_column_text el_class=&#8221;red_arrow_ul&#8221;]<\/p>\n<ul>\n<li><span style=\"color: #dddddd; font-size: 14px; font-weight: lighter;\">N\u1ea1p v\u00e0 R\u00fat nhanh ch\u00f3ng<\/span><\/li>\n<li><span style=\"color: #dddddd; font-size: 14px; font-weight: lighter;\">D\u1ecbch v\u1ee5 kh\u00e1ch h\u00e0ng tuy\u1ec7t v\u1eddi<\/span><\/li>\n<li><span style=\"color: #dddddd; font-size: 14px; font-weight: lighter;\">S\u1ea3n ph\u1ea9m giao d\u1ecbch Ngo\u1ea1i H\u1ed1i \u0111a d\u1ea1ng<\/span><\/li>\n<li><span style=\"color: #dddddd; font-size: 14px; font-weight: lighter;\">M\u00f4i tr\u01b0\u1eddng giao d\u1ecbch Ngo\u1ea1i H\u1ed1i tuy\u1ec7t v\u1eddi<\/span><\/li>\n<li><span style=\"color: #dddddd; font-size: 14px; font-weight: lighter;\">B\u1ea3o v\u1ec7 s\u1ed1 d\u01b0 \u00e2m<\/span><\/li>\n<\/ul>\n<p>[\/vc_column_text][\/vc_column_inner][\/vc_row_inner][\/vc_column][\/vc_row][vc_row full_width=&#8221;stretch_row_content&#8221; css=&#8221;.vc_custom_1703839111313{margin-top: -20px !important;padding-top: 50px !important;padding-bottom: 50px !important;background-color: #000000 !important;}&#8221;][vc_column width=&#8221;1\/3&#8243;][vc_btn title=&#8221;M\u1edf t\u00e0i kho\u1ea3n Live&#8221; style=&#8221;custom&#8221; custom_background=&#8221;#000000&#8243; custom_text=&#8221;#ffffff&#8221; shape=&#8221;square&#8221; align=&#8221;right&#8221; link=&#8221;url:https%3A%2F%2Fmy.xtreamforex.com%2FAccount%2FRegister.php|||&#8221; el_class=&#8221;white_border black_btn&#8221;][\/vc_column][vc_column width=&#8221;1\/3&#8243;][vc_column_text]<\/p>\n<p style=\"text-align: center;\"><span style=\"color: #ffffff;\">Ho\u1eb7c<\/span><\/p>\n<p>[\/vc_column_text][\/vc_column][vc_column width=&#8221;1\/3&#8243;][vc_btn title=&#8221;M\u1edf t\u00e0i kho\u1ea3n Demo&#8221; style=&#8221;custom&#8221; custom_background=&#8221;#000000&#8243; custom_text=&#8221;#ffffff&#8221; shape=&#8221;square&#8221; align=&#8221;left&#8221; link=&#8221;url:https%3A%2F%2Fmy.xtreamforex.com%2FAccount%2FRegister.php||target:%20_blank|&#8221; el_class=&#8221;white_border black_btn&#8221;][\/vc_column][\/vc_row]<\/p>\n","protected":false},"excerpt":{"rendered":"<p>[vc_row full_width=&#8221;stretch_row&#8221; content_placement=&#8221;middle&#8221; css=&#8221;.vc_custom_1698318677675{position:relative !important; z-index:-111 !important; padding-top: 50px !important;padding-bottom: 50px !important;background-image: url(https:\/\/www.xtrememarkets.com\/US\/wp-content\/uploads\/2023\/10\/Company_profile_banner.webp?id=24090) !important;background-position: center !important;background-repeat: no-repeat !important;background-size: cover !important;}&#8221;][vc_column][vc_row_inner][vc_column_inner][vc_column_text css=&#8221;.vc_custom_1698317686242{padding-top: 20px !important;padding-bottom: 20px !important;}&#8221;] H\u1ed2 S\u01a0 C\u00d4NG TY [\/vc_column_text][\/vc_column_inner][\/vc_row_inner][\/vc_column][\/vc_row][vc_row full_width=&#8221;stretch_row&#8221; css=&#8221;.vc_custom_1684318324649{background-color: #000000 !important;background-position: center !important;background-repeat: no-repeat !important;background-size: cover !important;}&#8221;][vc_column css=&#8221;.vc_custom_1703838634523{padding-right: 20px !important;padding-left: 20px !important;}&#8221;][vc_row_inner][vc_column_inner][vc_raw_html css=&#8221;.vc_custom_1704690904988{margin-top: 50px !important;margin-bottom: 100px !important;padding-bottom: 100px !important;}&#8221;]JTNDZGl2JTIwc3R5bGUlM0QlMjJ3aWR0aCUzQTEwMCUyNSUzQiUyMiUzRSUwQSUwQSUzQ2RpdiUyMGNsYXNzJTNEJTIyZGl2XzIwd2lkdGglMjIlM0UlMEElM0NwJTNFSCVDNiVBME4lM0MlMkZwJTNFJTBBJTNDaDIlM0UyLjFNJTNDJTJGaDIlM0UlMEElM0NwJTNFVCVDMyU4MEklMjBLSE8lRTElQkElQTJOJTIwTElWRSUyMCVDNCU5MCVDNiVBRiVFMSVCQiVBMkMlMjBNJUUxJUJCJTlFJTNDJTJGcCUzRSUwQSUzQyUyRmRpdiUzRSUwQSUwQSUzQ2RpdiUyMGNsYXNzJTNEJTIyZGl2XzIwd2lkdGglMjIlM0UlMEElM0NwJTNFSCVDNiVBME4lM0MlMkZwJTNFJTBBJTNDaDIlM0U4JTNDJTJGaDIlM0UlMEElM0NwJTNFTiVDNCU4Mk0lMjBLSU5IJTIwTkdISSVFMSVCQiU4Nk0lM0MlMkZwJTNFJTBBJTNDJTJGZGl2JTNFJTBBJTBBJTNDZGl2JTIwY2xhc3MlM0QlMjJkaXZfMjB3aWR0aCUyMiUzRSUwQSUzQ3AlM0VIJUM2JUEwTiUzQyUyRnAlM0UlMEElM0NoMiUzRTI1JTNDJTJGaDIlM0UlMEElM0NwJTNFVCVDMyU4MEklMjBLSE8lRTElQkElQTJOJTIwJUM0JTkwJUM0JTgyTkclMjBMJUMzJTlEJTNDJTJGcCUzRSUwQSUzQyUyRmRpdiUzRSUwQSUwQSUzQ2RpdiUyMGNsYXNzJTNEJTIyZGl2XzIwd2lkdGglMjIlM0UlMEElM0NwJTNFSCVDNiVBME4lM0MlMkZwJTNFJTBBJTNDaDIlM0UxNTAlM0MlMkZoMiUzRSUwQSUzQ3AlM0VORyVDMyU5NE4lMjBORyVFMSVCQiVBRSUyMCVDNCU5MCVDNiVBRiVFMSVCQiVBMkMlMjBIJUUxJUJCJTk2JTIwVFIlRTElQkIlQTIlM0MlMkZwJTNFJTBBJTNDJTJGZGl2JTNFJTBBJTBBJTNDZGl2JTIwY2xhc3MlM0QlMjJkaXZfMjB3aWR0aCUyMiUzRSUwQSUzQ3AlM0VIJUM2JUEwTiUzQyUyRnAlM0UlMEElM0NoMiUzRTE2MCUzQyUyRmgyJTNFJTBBJTNDcCUzRU5IJUMzJTgyTiUyMFMlRTElQkIlQjAlMjBUTyVDMyU4ME4lMjBDJUUxJUJBJUE2VSUzQyUyRnAlM0UlMEElM0MlMkZkaXYlM0UlMEElMEElM0MlMkZkaXYlM0U=[\/vc_raw_html][\/vc_column_inner][\/vc_row_inner][\/vc_column][vc_column][\/vc_column][\/vc_row][vc_row full_width=&#8221;stretch_row&#8221; css=&#8221;.vc_custom_1684318363056{background-color: #000000<\/p>\n... <a href=\"https:\/\/www.xtrememarkets.com\/US\/vi\/company-profile-vietnam\/\">continue reading<\/a>.","protected":false},"author":1,"featured_media":0,"parent":0,"menu_order":0,"comment_status":"closed","ping_status":"closed","template":"","meta":[],"yoast_head":"<!-- This site is optimized with the Yoast SEO Premium plugin v16.1 - https:\/\/yoast.com\/wordpress\/plugins\/seo\/ -->\r\n<title>Best Share &amp; Forex Trading Company in world - Xtreamforex<\/title>\r\n<meta name=\"description\" content=\"We are the best share &amp; forex trading company in the world with thousands of satisfied clients that generated easy positive cash flow in their trading accounts.\" \/>\r\n<link rel=\"canonical\" href=\"https:\/\/www.xtrememarkets.com\/US\/vi\/company-profile-vietnam\/\" \/>\r\n<meta property=\"og:locale\" content=\"en_US\" \/>\r\n<meta property=\"og:type\" content=\"article\" \/>\r\n<meta property=\"og:title\" content=\"Best Share &amp; Forex Trading Company in world - Xtreamforex\" \/>\r\n<meta property=\"og:description\" content=\"We are the best share &amp; forex trading company in the world with thousands of satisfied clients that generated easy positive cash flow in their trading accounts.\" \/>\r\n<meta property=\"og:url\" content=\"https:\/\/www.xtrememarkets.com\/US\/vi\/company-profile-vietnam\/\" \/>\r\n<meta property=\"og:site_name\" content=\"Xtreme Markets\" \/>\r\n<meta property=\"article:publisher\" content=\"https:\/\/www.facebook.com\/xtreamforex.official\/\" \/>\r\n<meta property=\"article:modified_time\" content=\"2024-03-12T08:26:55+00:00\" \/>\r\n<meta property=\"og:image\" content=\"https:\/\/www.xtrememarkets.com\/wp-content\/uploads\/2023\/07\/link-banner.jpg\" \/>\r\n<meta name=\"twitter:card\" content=\"summary_large_image\" \/>\r\n<meta name=\"twitter:site\" content=\"@xtreamforex\" \/>\r\n<meta name=\"twitter:label1\" content=\"Est. reading time\">\n\t<meta name=\"twitter:data1\" content=\"7 minutes\">\r\n<script type=\"application\/ld+json\" class=\"yoast-schema-graph\">{\"@context\":\"https:\/\/schema.org\",\"@graph\":[{\"@type\":[\"Organization\",\"Place\"],\"@id\":\"https:\/\/www.xtrememarkets.com\/US\/#organization\",\"name\":\"Xtreamforex\",\"url\":\"https:\/\/www.xtrememarkets.com\/US\/\",\"sameAs\":[\"https:\/\/www.facebook.com\/xtreamforex.official\/\",\"https:\/\/www.instagram.com\/xtreamforex.official\/\",\"https:\/\/in.linkedin.com\/company\/xtream-forex\",\"https:\/\/www.youtube.com\/channel\/UCbbTuJV9XhurjZciRLdvFBg\",\"https:\/\/www.pinterest.com\/xtreamforex_trading\/\",\"https:\/\/twitter.com\/xtreamforex\"],\"logo\":{\"@id\":\"https:\/\/www.xtrememarkets.com\/US\/vi\/company-profile-vietnam\/#local-main-organization-logo\"},\"image\":{\"@id\":\"https:\/\/www.xtrememarkets.com\/US\/vi\/company-profile-vietnam\/#local-main-organization-logo\"},\"openingHoursSpecification\":[{\"@type\":\"OpeningHoursSpecification\",\"dayOfWeek\":[\"Monday\",\"Tuesday\",\"Wednesday\",\"Thursday\",\"Friday\",\"Saturday\",\"Sunday\"],\"opens\":\"09:00\",\"closes\":\"17:00\"}]},{\"@type\":\"WebSite\",\"@id\":\"https:\/\/www.xtrememarkets.com\/US\/#website\",\"url\":\"https:\/\/www.xtrememarkets.com\/US\/\",\"name\":\"Xtreme Markets\",\"description\":\"\",\"publisher\":{\"@id\":\"https:\/\/www.xtrememarkets.com\/US\/#organization\"},\"potentialAction\":[{\"@type\":\"SearchAction\",\"target\":\"https:\/\/www.xtrememarkets.com\/US\/?s={search_term_string}\",\"query-input\":\"required name=search_term_string\"}],\"inLanguage\":\"en-US\"},{\"@type\":\"ImageObject\",\"@id\":\"https:\/\/www.xtrememarkets.com\/US\/vi\/company-profile-vietnam\/#primaryimage\",\"inLanguage\":\"en-US\",\"url\":\"\",\"contentUrl\":\"\"},{\"@type\":\"WebPage\",\"@id\":\"https:\/\/www.xtrememarkets.com\/US\/vi\/company-profile-vietnam\/#webpage\",\"url\":\"https:\/\/www.xtrememarkets.com\/US\/vi\/company-profile-vietnam\/\",\"name\":\"Best Share & Forex Trading Company in world - Xtreamforex\",\"isPartOf\":{\"@id\":\"https:\/\/www.xtrememarkets.com\/US\/#website\"},\"primaryImageOfPage\":{\"@id\":\"https:\/\/www.xtrememarkets.com\/US\/vi\/company-profile-vietnam\/#primaryimage\"},\"datePublished\":\"2021-01-28T04:20:30+00:00\",\"dateModified\":\"2024-03-12T08:26:55+00:00\",\"description\":\"We are the best share & forex trading company in the world with thousands of satisfied clients that generated easy positive cash flow in their trading accounts.\",\"breadcrumb\":{\"@id\":\"https:\/\/www.xtrememarkets.com\/US\/vi\/company-profile-vietnam\/#breadcrumb\"},\"inLanguage\":\"en-US\",\"potentialAction\":[{\"@type\":\"ReadAction\",\"target\":[\"https:\/\/www.xtrememarkets.com\/US\/vi\/company-profile-vietnam\/\"]}]},{\"@type\":\"BreadcrumbList\",\"@id\":\"https:\/\/www.xtrememarkets.com\/US\/vi\/company-profile-vietnam\/#breadcrumb\",\"itemListElement\":[{\"@type\":\"ListItem\",\"position\":1,\"item\":{\"@type\":\"WebPage\",\"@id\":\"https:\/\/www.xtrememarkets.com\/US\/\",\"url\":\"https:\/\/www.xtrememarkets.com\/US\/\",\"name\":\"Home\"}},{\"@type\":\"ListItem\",\"position\":2,\"item\":{\"@type\":\"WebPage\",\"@id\":\"https:\/\/www.xtrememarkets.com\/US\/vi\/company-profile-vietnam\/\",\"url\":\"https:\/\/www.xtrememarkets.com\/US\/vi\/company-profile-vietnam\/\",\"name\":\"Company Profile\"}}]},{\"@type\":\"ImageObject\",\"@id\":\"https:\/\/www.xtrememarkets.com\/US\/vi\/company-profile-vietnam\/#local-main-organization-logo\",\"inLanguage\":\"en-US\",\"url\":\"https:\/\/www.xtrememarkets.com\/US\/wp-content\/uploads\/2024\/02\/image_2024_02_23T12_39_46_331Z.png\",\"contentUrl\":\"https:\/\/www.xtrememarkets.com\/US\/wp-content\/uploads\/2024\/02\/image_2024_02_23T12_39_46_331Z.png\",\"width\":800,\"height\":500,\"caption\":\"Xtreamforex\"}]}<\/script>\r\n<!-- \/ Yoast SEO Premium plugin. -->","_links":{"self":[{"href":"https:\/\/www.xtrememarkets.com\/US\/wp-json\/wp\/v2\/pages\/26275"}],"collection":[{"href":"https:\/\/www.xtrememarkets.com\/US\/wp-json\/wp\/v2\/pages"}],"about":[{"href":"https:\/\/www.xtrememarkets.com\/US\/wp-json\/wp\/v2\/types\/page"}],"author":[{"embeddable":true,"href":"https:\/\/www.xtrememarkets.com\/US\/wp-json\/wp\/v2\/users\/1"}],"replies":[{"embeddable":true,"href":"https:\/\/www.xtrememarkets.com\/US\/wp-json\/wp\/v2\/comments?post=26275"}],"version-history":[{"count":7,"href":"https:\/\/www.xtrememarkets.com\/US\/wp-json\/wp\/v2\/pages\/26275\/revisions"}],"predecessor-version":[{"id":27249,"href":"https:\/\/www.xtrememarkets.com\/US\/wp-json\/wp\/v2\/pages\/26275\/revisions\/27249"}],"wp:attachment":[{"href":"https:\/\/www.xtrememarkets.com\/US\/wp-json\/wp\/v2\/media?parent=26275"}],"curies":[{"name":"wp","href":"https:\/\/api.w.org\/{rel}","templated":true}]}}