{"id":26239,"date":"2021-01-29T07:19:36","date_gmt":"2021-01-29T07:19:36","guid":{"rendered":"https:\/\/www.xtreamforex.com\/?page_id=26239"},"modified":"2024-02-27T13:38:42","modified_gmt":"2024-02-27T13:38:42","slug":"announcements-vietnam","status":"publish","type":"page","link":"https:\/\/www.xtrememarkets.com\/US\/vi\/announcements-vietnam\/","title":{"rendered":"Announcements"},"content":{"rendered":"<p>[vc_row full_width=&#8221;stretch_row&#8221; content_placement=&#8221;middle&#8221; css=&#8221;.vc_custom_1698319675499{ position:relative !important; z-index:-111 !important; margin-top: 0px !important;margin-bottom: 0px !important;padding-top: 50px !important;padding-bottom: 30px !important;background-image: url(https:\/\/www.xtrememarkets.com\/US\/wp-content\/uploads\/2023\/10\/Our-announcements_banner.webp?id=24105) !important;background-position: center !important;background-repeat: no-repeat !important;background-size: cover !important;}&#8221;][vc_column css=&#8221;.vc_custom_1698319593712{padding-top: 50px !important;padding-bottom: 50px !important;background-position: center !important;background-repeat: no-repeat !important;background-size: cover !important;}&#8221;][vc_column_text css=&#8221;.vc_custom_1698319987777{padding-top: 20px !important;padding-bottom: 20px !important;}&#8221;]<\/p>\n<p class=\"upper-head-para\" style=\"color: #db0100; font-weight: 900;\">C\u1ee6A <span style=\"color: #fff;\"> CH\u00daNG T\u00d4I<br \/>\n<\/span><\/p>\n<p>[\/vc_column_text][\/vc_column][\/vc_row][vc_row full_width=&#8221;stretch_row&#8221; css=&#8221;.vc_custom_1698319972919{margin-top: 0px !important;background-image: url(https:\/\/www.xtrememarkets.com\/US\/wp-content\/uploads\/2022\/11\/bg-1-min.jpg?id=15703) !important;background-position: center !important;background-repeat: no-repeat !important;background-size: cover !important;}&#8221;][vc_column][vc_custom_heading 1=&#8221;&#8221; 2=&#8221;style=&#8220;&#8220;display:&#8221; 3=&#8221;block;&#8221; 4=&#8221;overflow:&#8221; 5=&#8221;hidden;&#8221; 6=&#8221;height:&#8221; 7=&#8221;1px;&#8221; 8=&#8221;width:&#8221; 9=&#8221;1px;&#8220;&gt;we&#8221; 10=&#8221;have&#8221; 11=&#8221;best&#8221; 12=&#8221;quality&#8221; 13=&#8221;&#8221; 14=&#8221;href=&#8220;&#8220;https:\/\/it.upscalerolex.to\/product\/acquista-falso-rolex-m50519-0013-cellini-date\/&#8220;&#8220;&gt;acquista&#8221; 15=&#8221;falso&#8221; 16=&#8221;rolex&#8221; 17=&#8221;m50519&#8243; 18=&#8221;0013&#8243; 19=&#8221;cellini&#8221; 20=&#8221;date&#8221; 21=&#8221;at&#8221; 22=&#8221;cheap&#8221; 23=&#8221;price.&#8221; 24=&#8221;high&#8221; 25=&#8221;quality&#8221; 26=&#8221;&#8221; 27=&#8221;href=&#8220;&#8220;https:\/\/www.vapetypes.com\/product-category\/starter-kits\/disposable-e-cigs\/big-puffs-wegwerp-vape\/&#8220;&#8220;&gt;Big&#8221; 28=&#8221;puffs&#8221; 29=&#8221;Wegwerp&#8221; 30=&#8221;Vape&#8221; 31=&#8221;cheap&#8221; 32=&#8221;sale.&#8221; 33=&#8221;&#8220;&#8221; text=&#8221;TH\u00d4NG B\u00c1O<br \/>\n&#8221; font_container=&#8221;tag:h2|text_align:center|color:%23ffffff&#8221;][vc_row_inner][\/vc_row_inner][vc_column_inner width=&#8221;1\/6&#8243;][\/vc_column_inner][vc_column_inner width=&#8221;2\/3&#8243;][vc_single_image image=&#8221;4469&#8243; img_size=&#8221;medium&#8221; alignment=&#8221;center&#8221; css=&#8221;.vc_custom_1611905015746{margin-bottom: 0px !important;padding-bottom: 0px !important;}&#8221;][vc_column_text]<\/p>\n<p style=\"text-align: center; font-size: 18px; color: #ddd;\">Ch\u00e0o m\u1eebng b\u1ea1n \u0111\u1ebfn v\u1edbi trang th\u00f4ng b\u00e1o c\u1ee7a XtremeMarkets, n\u01a1i b\u1ea1n c\u00f3 th\u1ec3 t\u00ecm th\u1ea5y t\u1ea5t c\u1ea3 c\u00e1c th\u00f4ng tin ra m\u1eaft, s\u1ef1 ki\u1ec7n, khuy\u1ebfn m\u00e3i v\u00e0 tin t\u1ee9c m\u1edbi nh\u1ea5t c\u1ee7a c\u00f4ng ty.<\/p>\n<p style=\"text-align: center; font-size: 18px; color: #ddd;\">Ch\u00fang t\u00f4i quy\u1ebft t\u00e2m t\u1ed5 ch\u1ee9c v\u00e0 g\u00e2y b\u1ea5t ng\u1edd cho kh\u00e1ch h\u00e0ng c\u1ee7a m\u00ecnh b\u1eb1ng nh\u1eefng \u01b0u \u0111\u00e3i sinh l\u1eddi c\u00f3 t\u00ednh \u0111\u1ebfn l\u1ee3i \u00edch t\u1ed1t nh\u1ea5t c\u1ee7a h\u1ecd.<\/p>\n<p>[\/vc_column_text][\/vc_column_inner][\/vc_column][\/vc_row][vc_column_inner width=&#8221;1\/6&#8243;][\/vc_column_inner][vc_row full_width=&#8221;stretch_row&#8221; gap=&#8221;20&#8243; css=&#8221;.vc_custom_1704781772499{margin-top: -10px !important;padding-top: 50px !important;background-color: #0a0a0a !important;}&#8221;][vc_column width=&#8221;1\/3&#8243; css=&#8221;.vc_custom_1698997031385{margin-top: 20px !important;margin-right: 20px !important;margin-bottom: 20px !important;padding-top: 20px !important;padding-right: 10px !important;padding-bottom: 0px !important;padding-left: 10px !important;background-color: #e0e0e0 !important;border-radius: 20px !important;}&#8221;][vc_column_text css=&#8221;.vc_custom_1698998314727{border-radius: 20px !important;}&#8221;]<img decoding=\"async\" loading=\"lazy\" class=\"alignnone wp-image-24631 size-full\" src=\"https:\/\/www.xtrememarkets.com\/US\/wp-content\/uploads\/2023\/11\/Banner_image-min-16-300x68-2.jpg\" alt=\"\" width=\"300\" height=\"168\" \/>[\/vc_column_text][vc_column_text css=&#8221;.vc_custom_1704782178738{padding-right: 20px !important;padding-left: 20px !important;}&#8221;]<span style=\"color: #db0100;\">Ti\u1ec1n th\u01b0\u1edfng c\u00f3 th\u1ec3 giao d\u1ecbch 100%<\/span>[\/vc_column_text][vc_column_text css=&#8221;.vc_custom_1709041048506{padding-right: 20px !important;padding-left: 20px !important;}&#8221;]<span style=\"color: #000;\">XtremeMarkets cung c\u1ea5p m\u1ed9t lo\u1ea1t ti\u1ec1n th\u01b0\u1edfng x\u00e1c minh \u0111\u1ec3 n\u00e2ng cao k\u1ef9 n\u0103ng giao d\u1ecbch c\u1ee7a c\u00e1c nh\u00e0 giao d\u1ecbch c\u1ee7a ch\u00fang t\u00f4i. Ph\u1ea7n th\u01b0\u1edfng c\u00f3 th\u1ec3 giao d\u1ecbch 100% cho ph\u00e9p nh\u00e0 giao d\u1ecbch giao d\u1ecbch d\u1ef1a tr\u00ean Ti\u1ec1n th\u01b0\u1edfng nh\u1ea5t \u0111\u1ecbnh. Ti\u1ec1n th\u01b0\u1edfng n\u00e0y c\u1ed9ng v\u00e0o v\u1ed1n ch\u1ee7 s\u1edf h\u1eefu c\u1ee7a b\u1ea1n v\u00e0 gi\u00fap b\u1ea1n&#8230;<\/span><\/p>\n<p>&nbsp;[\/vc_column_text][vc_btn title=&#8221;\u0110\u1ecdc th\u00eam&#8221; shape=&#8221;round&#8221; color=&#8221;danger&#8221; el_class=&#8221;blog-btn-ann&#8221; css=&#8221;.vc_custom_1704781888301{margin-left: 20px !important;border-radius: 30px !important;}&#8221; link=&#8221;url:https%3A%2F%2Fwww.xtreamforex.com%2F100-tradable-bonus%2F||target:%20_blank|&#8221;][\/vc_column][vc_column width=&#8221;1\/3&#8243; css=&#8221;.vc_custom_1698997094949{margin-top: 20px !important;margin-right: 20px !important;margin-bottom: 20px !important;margin-left: 20px !important;padding-top: 20px !important;padding-right: 10px !important;padding-left: 10px !important;background-color: #e0e0e0 !important;border-radius: 20px !important;}&#8221;][vc_column_text css=&#8221;.vc_custom_1698998292370{border-radius: 20px !important;}&#8221;]<img decoding=\"async\" loading=\"lazy\" class=\"alignnone wp-image-24630 size-full\" src=\"https:\/\/www.xtrememarkets.com\/US\/wp-content\/uploads\/2023\/11\/SOCIAL-TRADE.jpg\" alt=\"\" width=\"300\" height=\"168\" \/>[\/vc_column_text][vc_column_text css=&#8221;.vc_custom_1704782245128{padding-right: 20px !important;padding-left: 20px !important;}&#8221;]<span style=\"color: #db0100;\">Cu\u1ed9c thi giao d\u1ecbch x\u00e3 h\u1ed9i<\/span>[\/vc_column_text][vc_column_text css=&#8221;.vc_custom_1709041057906{padding-right: 20px !important;padding-left: 20px !important;}&#8221;]<span style=\"color: #000;\">XtremeMarkets mang \u0111\u1ebfn cho b\u1ea1n cu\u1ed9c thi l\u1edbn nh\u1ea5t trong n\u0103m, Cu\u1ed9c thi sao ch\u00e9p giao d\u1ecbch n\u01a1i b\u1ea1n s\u1ebd ki\u1ebfm \u0111\u01b0\u1ee3c hoa h\u1ed3ng kh\u00f4ng gi\u1edbi h\u1ea1n v\u00e0 chi\u1ebft kh\u1ea5u IB khi giao d\u1ecbch kh\u1ed1i l\u01b0\u1ee3ng v\u1edbi H\u1ec7 th\u1ed1ng giao d\u1ecbch sao ch\u00e9p si\u00eau x\u00e3 h\u1ed9i c\u1ee7a ch\u00fang t\u00f4i&#8230;<br \/>\n<\/span>[\/vc_column_text][vc_btn title=&#8221;\u0110\u1ecdc th\u00eam&#8221; shape=&#8221;round&#8221; color=&#8221;danger&#8221; el_class=&#8221;blog-btn-ann&#8221; css=&#8221;.vc_custom_1704781964292{margin-left: 20px !important;border-radius: 30px !important;}&#8221; link=&#8221;url:https%3A%2F%2Fwww.xtreamforex.com%2Fsocial-trading-contest%2F||target:%20_blank|&#8221;][\/vc_column][vc_column width=&#8221;1\/3&#8243; css=&#8221;.vc_custom_1698997759815{margin-top: 20px !important;margin-right: 20px !important;margin-bottom: 20px !important;margin-left: 20px !important;padding-top: 20px !important;padding-right: 10px !important;padding-left: 10px !important;background-color: #e0e0e0 !important;border-radius: 20px !important;}&#8221;][vc_column_text css=&#8221;.vc_custom_1698998355532{border-radius: 20px !important;}&#8221;]<img decoding=\"async\" loading=\"lazy\" class=\"alignnone wp-image-24628 size-full\" src=\"https:\/\/www.xtrememarkets.com\/US\/wp-content\/uploads\/2023\/11\/Christmas_banner-min-300x168-1.jpg\" alt=\"\" width=\"300\" height=\"168px\" \/>[\/vc_column_text][vc_column_text css=&#8221;.vc_custom_1704782348992{padding-right: 20px !important;padding-left: 20px !important;}&#8221;]<span style=\"color: #db0100;\">\u01afu \u0111\u00e3i Gi\u00e1ng sinh<\/p>\n<p><\/span>[\/vc_column_text][vc_column_text css=&#8221;.vc_custom_1709041068778{padding-right: 20px !important;padding-left: 20px !important;}&#8221;]<span style=\"color: #000;\">Gi\u00e1ng sinh n\u00e0y, XtremeMarkets s\u1ebd khi\u1ebfn n\u00f3 tr\u1edf n\u00ean \u0111\u1eb7c bi\u1ec7t h\u01a1n \u0111\u1ed1i v\u1edbi b\u1ea1n. B\u1ea1n c\u00f3 th\u1ec3 gi\u00e0nh \u0111\u01b0\u1ee3c \u0111i\u1ec7n tho\u1ea1i th\u00f4ng minh ho\u1eb7c c\u00f3 th\u1ec3 t\u1eb7ng ch\u00fang cho nh\u1eefng ng\u01b0\u1eddi th\u00e2n y\u00eau c\u1ee7a m\u00ecnh b\u1eb1ng c\u00e1ch tham gia s\u1ef1 ki\u1ec7n t\u1eb7ng qu\u00e0.<br \/>\n<\/span>[\/vc_column_text][vc_btn title=&#8221;\u0110\u1ecdc th\u00eam&#8221; shape=&#8221;round&#8221; color=&#8221;danger&#8221; el_class=&#8221;blog-btn-ann&#8221; css=&#8221;.vc_custom_1704781975441{margin-left: 20px !important;border-radius: 30px !important;}&#8221; link=&#8221;url:https%3A%2F%2Fwww.xtreamforex.com%2Fchristmas-offer%2F||target:%20_blank|&#8221;][\/vc_column][\/vc_row][vc_row full_width=&#8221;stretch_row&#8221; gap=&#8221;20&#8243; css=&#8221;.vc_custom_1698998897734{margin-top: 0px !important;padding-bottom: 50px !important;background-color: #0a0a0a !important;}&#8221;][vc_column width=&#8221;1\/3&#8243; css=&#8221;.vc_custom_1698997031385{margin-top: 20px !important;margin-right: 20px !important;margin-bottom: 20px !important;padding-top: 20px !important;padding-right: 10px !important;padding-bottom: 0px !important;padding-left: 10px !important;background-color: #e0e0e0 !important;border-radius: 20px !important;}&#8221;][vc_column_text css=&#8221;.vc_custom_1698998637064{border-radius: 20px !important;}&#8221;]<img decoding=\"async\" loading=\"lazy\" class=\"alignnone wp-image-24633 size-full\" src=\"https:\/\/www.xtrememarkets.com\/US\/wp-content\/uploads\/2023\/11\/Trade-Win-min-300x168-1.jpg\" alt=\"\" width=\"300\" height=\"168\" \/>[\/vc_column_text][vc_column_text css=&#8221;.vc_custom_1704782416785{padding-right: 20px !important;padding-left: 20px !important;}&#8221;]<span style=\"color: #db0100;\">Giao d\u1ecbch v\u00e0 gi\u00e0nh chi\u1ebfn th\u1eafng<\/p>\n<p><\/span>[\/vc_column_text][vc_column_text css=&#8221;.vc_custom_1704782441793{padding-right: 20px !important;padding-left: 20px !important;}&#8221;]<span style=\"color: #000;\">Grab the opportunity to win this exclusive giveaway from Trade and Win You can get a real chance to get your hands on the coolest gadgets available in the market.<\/p>\n<p><\/span>[\/vc_column_text][vc_btn title=&#8221;\u0110\u1ecdc th\u00eam&#8221; shape=&#8221;round&#8221; color=&#8221;danger&#8221; el_class=&#8221;blog-btn-ann&#8221; css=&#8221;.vc_custom_1704781995722{margin-left: 20px !important;border-radius: 30px !important;}&#8221; link=&#8221;url:https%3A%2F%2Fwww.xtreamforex.com%2Ftrade-and-win-contest%2F||target:%20_blank|&#8221;][\/vc_column][vc_column width=&#8221;1\/3&#8243; css=&#8221;.vc_custom_1698997094949{margin-top: 20px !important;margin-right: 20px !important;margin-bottom: 20px !important;margin-left: 20px !important;padding-top: 20px !important;padding-right: 10px !important;padding-left: 10px !important;background-color: #e0e0e0 !important;border-radius: 20px !important;}&#8221;][vc_column_text css=&#8221;.vc_custom_1698998665303{border-radius: 20px !important;}&#8221;]<img decoding=\"async\" loading=\"lazy\" class=\"alignnone wp-image-24635 size-full\" src=\"https:\/\/www.xtrememarkets.com\/US\/wp-content\/uploads\/2023\/11\/New_year-banner-min-300x168-1.jpg\" alt=\"\" width=\"300\" height=\"168\" \/>[\/vc_column_text][vc_column_text css=&#8221;.vc_custom_1704783764106{padding-right: 20px !important;padding-left: 20px !important;}&#8221;]<span style=\"color: #db0100;\">\u0110\u1eb7c bi\u1ec7t n\u0103m m\u1edbi<br \/>\n<\/span>[\/vc_column_text][vc_column_text css=&#8221;.vc_custom_1704783790330{padding-right: 20px !important;padding-left: 20px !important;}&#8221;]<span style=\"color: #000;\">\u0110\u00e1nh gi\u00e1 chuy\u1ebfn \u0111i cho \u0111i\u1ec3m \u0111\u1ebfn y\u00eau th\u00edch c\u1ee7a b\u1ea1n v\u00e0 chia s\u1ebb c\u00e2u chuy\u1ec7n du l\u1ecbch c\u1ee7a b\u1ea1n v\u1edbi t\u1ea5t c\u1ea3 ch\u00fang t\u00f4i<br \/>\n<\/span>[\/vc_column_text][vc_btn title=&#8221;\u0110\u1ecdc th\u00eam&#8221; shape=&#8221;round&#8221; color=&#8221;danger&#8221; el_class=&#8221;blog-btn-ann&#8221; css=&#8221;.vc_custom_1704782004610{margin-left: 20px !important;border-radius: 30px !important;}&#8221; link=&#8221;url:https%3A%2F%2Fwww.xtreamforex.com%2Fnew-years-special%2F||target:%20_blank|&#8221;][\/vc_column][vc_column width=&#8221;1\/3&#8243; css=&#8221;.vc_custom_1698997759815{margin-top: 20px !important;margin-right: 20px !important;margin-bottom: 20px !important;margin-left: 20px !important;padding-top: 20px !important;padding-right: 10px !important;padding-left: 10px !important;background-color: #e0e0e0 !important;border-radius: 20px !important;}&#8221;][vc_column_text css=&#8221;.vc_custom_1698998917854{border-radius: 20px !important;}&#8221;]<img decoding=\"async\" loading=\"lazy\" class=\"alignnone wp-image-24634 size-full\" src=\"https:\/\/www.xtrememarkets.com\/US\/wp-content\/uploads\/2023\/11\/300.jpg\" alt=\"\" width=\"300\" height=\"168\" \/>[\/vc_column_text][vc_column_text css=&#8221;.vc_custom_1704783894497{padding-right: 20px !important;padding-left: 20px !important;}&#8221;]<span style=\"color: #db0100;\">30% ti\u1ec1n th\u01b0\u1edfng c\u00f3 th\u1ec3 giao d\u1ecbch<br \/>\n<\/span>[\/vc_column_text][vc_column_text css=&#8221;.vc_custom_1709041092186{padding-right: 20px !important;padding-left: 20px !important;}&#8221;]<span style=\"color: #000;\">XtremeMarkets mang \u0111\u1ebfn cho b\u1ea1n Cu\u1ed9c thi IB \u201cM\u1ecdi ng\u01b0\u1eddi \u0111\u1ec1u th\u1eafng\u201d &#8211; X\u00e2y d\u1ef1ng doanh nghi\u1ec7p c\u1ee7a b\u1ea1n v\u00e0 t\u1eadn h\u01b0\u1edfng k\u1ef3 ngh\u1ec9 \u1edf Dubai. Ki\u1ec3m tra th\u00eam<br \/>\n<\/span>[\/vc_column_text][vc_btn title=&#8221;\u0110\u1ecdc th\u00eam&#8221; shape=&#8221;round&#8221; color=&#8221;danger&#8221; el_class=&#8221;blog-btn-ann&#8221; css=&#8221;.vc_custom_1704782013675{margin-left: 20px !important;border-radius: 30px !important;}&#8221; link=&#8221;url:https%3A%2F%2Fwww.xtreamforex.com%2F30-tradable-bonus%2F||target:%20_blank|&#8221;][\/vc_column][\/vc_row]<\/p>\n","protected":false},"excerpt":{"rendered":"<p>[vc_row full_width=&#8221;stretch_row&#8221; content_placement=&#8221;middle&#8221; css=&#8221;.vc_custom_1698319675499{ position:relative !important; z-index:-111 !important; margin-top: 0px !important;margin-bottom: 0px !important;padding-top: 50px !important;padding-bottom: 30px !important;background-image: url(https:\/\/www.xtrememarkets.com\/US\/wp-content\/uploads\/2023\/10\/Our-announcements_banner.webp?id=24105) !important;background-position: center !important;background-repeat: no-repeat !important;background-size: cover !important;}&#8221;][vc_column css=&#8221;.vc_custom_1698319593712{padding-top: 50px !important;padding-bottom: 50px !important;background-position: center !important;background-repeat: no-repeat !important;background-size: cover !important;}&#8221;][vc_column_text css=&#8221;.vc_custom_1698319987777{padding-top: 20px !important;padding-bottom: 20px !important;}&#8221;] C\u1ee6A CH\u00daNG T\u00d4I [\/vc_column_text][\/vc_column][\/vc_row][vc_row full_width=&#8221;stretch_row&#8221; css=&#8221;.vc_custom_1698319972919{margin-top: 0px !important;background-image: url(https:\/\/www.xtrememarkets.com\/US\/wp-content\/uploads\/2022\/11\/bg-1-min.jpg?id=15703) !important;background-position: center !important;background-repeat: no-repeat !important;background-size:<\/p>\n... <a href=\"https:\/\/www.xtrememarkets.com\/US\/vi\/announcements-vietnam\/\">continue reading<\/a>.","protected":false},"author":1,"featured_media":0,"parent":0,"menu_order":0,"comment_status":"closed","ping_status":"closed","template":"","meta":[],"yoast_head":"<!-- This site is optimized with the Yoast SEO Premium plugin v16.1 - https:\/\/yoast.com\/wordpress\/plugins\/seo\/ -->\r\n<title>Upcoming Announcements of Trading Products by Xtreamforex<\/title>\r\n<meta name=\"description\" content=\"Get the latest updates about the world of trading with Xtreamforex\u2019s announcements page &amp; stay updated with every major event &amp; currency news.\" \/>\r\n<link rel=\"canonical\" href=\"https:\/\/www.xtrememarkets.com\/US\/vi\/announcements-vietnam\/\" \/>\r\n<meta property=\"og:locale\" content=\"en_US\" \/>\r\n<meta property=\"og:type\" content=\"article\" \/>\r\n<meta property=\"og:title\" content=\"Upcoming Announcements of Trading Products by Xtreamforex\" \/>\r\n<meta property=\"og:description\" content=\"Get the latest updates about the world of trading with Xtreamforex\u2019s announcements page &amp; stay updated with every major event &amp; currency news.\" \/>\r\n<meta property=\"og:url\" content=\"https:\/\/www.xtrememarkets.com\/US\/vi\/announcements-vietnam\/\" \/>\r\n<meta property=\"og:site_name\" content=\"Xtreme Markets\" \/>\r\n<meta property=\"article:publisher\" content=\"https:\/\/www.facebook.com\/xtreamforex.official\/\" \/>\r\n<meta property=\"article:modified_time\" content=\"2024-02-27T13:38:42+00:00\" \/>\r\n<meta property=\"og:image\" content=\"https:\/\/www.xtrememarkets.com\/wp-content\/uploads\/2023\/07\/link-banner.jpg\" \/>\r\n<meta name=\"twitter:card\" content=\"summary_large_image\" \/>\r\n<meta name=\"twitter:site\" content=\"@xtreamforex\" \/>\r\n<meta name=\"twitter:label1\" content=\"Est. reading time\">\n\t<meta name=\"twitter:data1\" content=\"8 minutes\">\r\n<script type=\"application\/ld+json\" class=\"yoast-schema-graph\">{\"@context\":\"https:\/\/schema.org\",\"@graph\":[{\"@type\":[\"Organization\",\"Place\"],\"@id\":\"https:\/\/www.xtrememarkets.com\/US\/#organization\",\"name\":\"Xtreamforex\",\"url\":\"https:\/\/www.xtrememarkets.com\/US\/\",\"sameAs\":[\"https:\/\/www.facebook.com\/xtreamforex.official\/\",\"https:\/\/www.instagram.com\/xtreamforex.official\/\",\"https:\/\/in.linkedin.com\/company\/xtream-forex\",\"https:\/\/www.youtube.com\/channel\/UCbbTuJV9XhurjZciRLdvFBg\",\"https:\/\/www.pinterest.com\/xtreamforex_trading\/\",\"https:\/\/twitter.com\/xtreamforex\"],\"logo\":{\"@id\":\"https:\/\/www.xtrememarkets.com\/US\/vi\/announcements-vietnam\/#local-main-organization-logo\"},\"image\":{\"@id\":\"https:\/\/www.xtrememarkets.com\/US\/vi\/announcements-vietnam\/#local-main-organization-logo\"},\"openingHoursSpecification\":[{\"@type\":\"OpeningHoursSpecification\",\"dayOfWeek\":[\"Monday\",\"Tuesday\",\"Wednesday\",\"Thursday\",\"Friday\",\"Saturday\",\"Sunday\"],\"opens\":\"09:00\",\"closes\":\"17:00\"}]},{\"@type\":\"WebSite\",\"@id\":\"https:\/\/www.xtrememarkets.com\/US\/#website\",\"url\":\"https:\/\/www.xtrememarkets.com\/US\/\",\"name\":\"Xtreme Markets\",\"description\":\"\",\"publisher\":{\"@id\":\"https:\/\/www.xtrememarkets.com\/US\/#organization\"},\"potentialAction\":[{\"@type\":\"SearchAction\",\"target\":\"https:\/\/www.xtrememarkets.com\/US\/?s={search_term_string}\",\"query-input\":\"required name=search_term_string\"}],\"inLanguage\":\"en-US\"},{\"@type\":\"ImageObject\",\"@id\":\"https:\/\/www.xtrememarkets.com\/US\/vi\/announcements-vietnam\/#primaryimage\",\"inLanguage\":\"en-US\",\"url\":\"\",\"contentUrl\":\"\"},{\"@type\":\"WebPage\",\"@id\":\"https:\/\/www.xtrememarkets.com\/US\/vi\/announcements-vietnam\/#webpage\",\"url\":\"https:\/\/www.xtrememarkets.com\/US\/vi\/announcements-vietnam\/\",\"name\":\"Upcoming Announcements of Trading Products by Xtreamforex\",\"isPartOf\":{\"@id\":\"https:\/\/www.xtrememarkets.com\/US\/#website\"},\"primaryImageOfPage\":{\"@id\":\"https:\/\/www.xtrememarkets.com\/US\/vi\/announcements-vietnam\/#primaryimage\"},\"datePublished\":\"2021-01-29T07:19:36+00:00\",\"dateModified\":\"2024-02-27T13:38:42+00:00\",\"description\":\"Get the latest updates about the world of trading with Xtreamforex\\u2019s announcements page & stay updated with every major event & currency news.\",\"breadcrumb\":{\"@id\":\"https:\/\/www.xtrememarkets.com\/US\/vi\/announcements-vietnam\/#breadcrumb\"},\"inLanguage\":\"en-US\",\"potentialAction\":[{\"@type\":\"ReadAction\",\"target\":[\"https:\/\/www.xtrememarkets.com\/US\/vi\/announcements-vietnam\/\"]}]},{\"@type\":\"BreadcrumbList\",\"@id\":\"https:\/\/www.xtrememarkets.com\/US\/vi\/announcements-vietnam\/#breadcrumb\",\"itemListElement\":[{\"@type\":\"ListItem\",\"position\":1,\"item\":{\"@type\":\"WebPage\",\"@id\":\"https:\/\/www.xtrememarkets.com\/US\/\",\"url\":\"https:\/\/www.xtrememarkets.com\/US\/\",\"name\":\"Home\"}},{\"@type\":\"ListItem\",\"position\":2,\"item\":{\"@type\":\"WebPage\",\"@id\":\"https:\/\/www.xtrememarkets.com\/US\/vi\/announcements-vietnam\/\",\"url\":\"https:\/\/www.xtrememarkets.com\/US\/vi\/announcements-vietnam\/\",\"name\":\"Announcements\"}}]},{\"@type\":\"ImageObject\",\"@id\":\"https:\/\/www.xtrememarkets.com\/US\/vi\/announcements-vietnam\/#local-main-organization-logo\",\"inLanguage\":\"en-US\",\"url\":\"https:\/\/www.xtrememarkets.com\/US\/wp-content\/uploads\/2024\/02\/image_2024_02_23T12_39_46_331Z.png\",\"contentUrl\":\"https:\/\/www.xtrememarkets.com\/US\/wp-content\/uploads\/2024\/02\/image_2024_02_23T12_39_46_331Z.png\",\"width\":800,\"height\":500,\"caption\":\"Xtreamforex\"}]}<\/script>\r\n<!-- \/ Yoast SEO Premium plugin. -->","_links":{"self":[{"href":"https:\/\/www.xtrememarkets.com\/US\/wp-json\/wp\/v2\/pages\/26239"}],"collection":[{"href":"https:\/\/www.xtrememarkets.com\/US\/wp-json\/wp\/v2\/pages"}],"about":[{"href":"https:\/\/www.xtrememarkets.com\/US\/wp-json\/wp\/v2\/types\/page"}],"author":[{"embeddable":true,"href":"https:\/\/www.xtrememarkets.com\/US\/wp-json\/wp\/v2\/users\/1"}],"replies":[{"embeddable":true,"href":"https:\/\/www.xtrememarkets.com\/US\/wp-json\/wp\/v2\/comments?post=26239"}],"version-history":[{"count":10,"href":"https:\/\/www.xtrememarkets.com\/US\/wp-json\/wp\/v2\/pages\/26239\/revisions"}],"predecessor-version":[{"id":26819,"href":"https:\/\/www.xtrememarkets.com\/US\/wp-json\/wp\/v2\/pages\/26239\/revisions\/26819"}],"wp:attachment":[{"href":"https:\/\/www.xtrememarkets.com\/US\/wp-json\/wp\/v2\/media?parent=26239"}],"curies":[{"name":"wp","href":"https:\/\/api.w.org\/{rel}","templated":true}]}}