{"id":26210,"date":"2022-01-07T11:00:55","date_gmt":"2022-01-07T11:00:55","guid":{"rendered":"https:\/\/www.xtreamforex.com\/?page_id=26210"},"modified":"2024-01-05T07:42:06","modified_gmt":"2024-01-05T07:42:06","slug":"forex-broker-promotions-and-bonuses-vietnam","status":"publish","type":"page","link":"https:\/\/www.xtrememarkets.com\/US\/vi\/forex-broker-promotions-and-bonuses-vietnam\/","title":{"rendered":"Forex Broker Promotions &#038; Bonuses"},"content":{"rendered":"<p>[vc_row full_width=&#8221;stretch_row_content&#8221; css=&#8221;.vc_custom_1681791219070{background-image: url(https:\/\/www.xtrememarkets.com\/US\/wp-content\/uploads\/2023\/04\/banner_image-min-4.jpg?id=18130) !important;}&#8221;][vc_column][vc_row_inner][vc_column_inner width=&#8221;1\/2&#8243; el_id=&#8221;promo_first_sec&#8221;][vc_single_image image=&#8221;19717&#8243; img_size=&#8221;full&#8221; alignment=&#8221;center&#8221; css=&#8221;.vc_custom_1683630460302{margin-top: 0px !important;margin-bottom: 0px !important;padding-top: 0px !important;padding-bottom: 0px !important;}&#8221;][\/vc_column_inner][vc_column_inner width=&#8221;1\/2&#8243; el_id=&#8221;promo_2_sec&#8221;][vc_single_image image=&#8221;19718&#8243; img_size=&#8221;full&#8221; alignment=&#8221;center&#8221; css=&#8221;.vc_custom_1702474080073{padding-right: 50px !important;padding-bottom: 100px !important;padding-left: 50px !important;}&#8221;][\/vc_column_inner][\/vc_row_inner][vc_single_image image=&#8221;19725&#8243; img_size=&#8221;100xauto&#8221; alignment=&#8221;center&#8221; el_id=&#8221;red_round_arrow&#8221;][\/vc_column][\/vc_row][vc_row full_width=&#8221;stretch_row&#8221; css=&#8221;.vc_custom_1681792902172{padding-bottom: 150px !important;background-color: #000000 !important;}&#8221; el_id=&#8221;promo_2row&#8221;][vc_column][vc_row_inner][vc_column_inner width=&#8221;1\/2&#8243;][vc_single_image image=&#8221;19719&#8243; img_size=&#8221;full&#8221; alignment=&#8221;center&#8221;][\/vc_column_inner][vc_column_inner el_class=&#8221;right_sec_promo&#8221; width=&#8221;1\/2&#8243;][vc_column_text css=&#8221;.vc_custom_1704440376970{margin-bottom: 0px !important;padding-top: 140px !important;padding-bottom: 50px !important;}&#8221;]<\/p>\n<h5 class=\"vc_custom_heading para vc_custom_1600345844632\" style=\"font-size: 18px; color: #ffffff; line-height: 24px; text-align: left;\">Nh\u00e0 m\u00f4i gi\u1edbi ngo\u1ea1i h\u1ed1i \u0111\u00e1ng tin c\u1eady <span style=\"color: #db0000;\">Xtreamforex <\/span><\/h5>\n<p style=\"color: #b7b7b7; letter-spacing: 0.7px; font-weight: lighter;\">Xtream Forex th\u01b0\u1edfng cho b\u1ea1n v\u00ec k\u1ef9 n\u0103ng giao d\u1ecbch c\u1ee7a b\u1ea1n v\u00e0 mang \u0111\u1ebfn cho b\u1ea1n c\u01a1 h\u1ed9i ki\u1ebfm th\u00eam ti\u1ec1n. L\u00e0m vi\u1ec7c v\u1edbi Nh\u00e0 m\u00f4i gi\u1edbi ngo\u1ea1i h\u1ed1i t\u1ed1t nh\u1ea5t v\u00e0 nh\u1eadn \u01afu \u0111\u00e3i m\u1edbi nh\u1ea5t tr\u00ean to\u00e0n th\u1ebf gi\u1edbi. C\u00e1c ch\u01b0\u01a1ng tr\u00ecnh khuy\u1ebfn m\u00e3i Forex c\u1ee7a ch\u00fang t\u00f4i gi\u00fap b\u1ea1n t\u0103ng l\u1ee3i nhu\u1eadn m\u00e0 kh\u00f4ng c\u1ea7n \u0111\u1ea7u t\u01b0 l\u1edbn. V\u00ec v\u1eady, h\u00e3y t\u1ea1o m\u1ed9t t\u00e0i kho\u1ea3n v\u00e0 c\u00f3 c\u01a1 h\u1ed9i ki\u1ebfm nhi\u1ec1u ti\u1ec1n h\u01a1n v\u1edbi Khuy\u1ebfn m\u00e3i \u0111\u1ed9c quy\u1ec1n c\u1ee7a XtreamForex.<\/p>\n<p>[\/vc_column_text][\/vc_column_inner][\/vc_row_inner][\/vc_column][\/vc_row][vc_row full_width=&#8221;stretch_row&#8221; css=&#8221;.vc_custom_1681731283251{background-color: #000000 !important;}&#8221;][vc_column][vc_row_inner el_id=&#8221;bonus_sec&#8221; el_class=&#8221;bonus_sec_column&#8221;][vc_column_inner][vc_btn title=&#8221;Ti\u1ec1n th\u01b0\u1edfng&#8221; style=&#8221;custom&#8221; custom_background=&#8221;#db0100&#8243; custom_text=&#8221;#ffffff&#8221; shape=&#8221;square&#8221; css=&#8221;.vc_custom_1704440407609{margin-bottom: 30px !important;}&#8221;][\/vc_column_inner][\/vc_row_inner][vc_row_inner el_class=&#8221;bonuse_img_outer&#8221; el_id=&#8221;bonuse_3img&#8221;][vc_column_inner width=&#8221;1\/3&#8243;][vc_single_image image=&#8221;19721&#8243; img_size=&#8221;full&#8221; alignment=&#8221;center&#8221; onclick=&#8221;custom_link&#8221; css_animation=&#8221;none&#8221; css=&#8221;.vc_custom_1683630642046{margin-bottom: 0px !important;padding-bottom: 0px !important;}&#8221; link=&#8221;\/100-credit-bonus\/&#8221; el_id=&#8221;img_pro&#8221;][\/vc_column_inner][vc_column_inner width=&#8221;1\/3&#8243;][vc_single_image image=&#8221;21914&#8243; img_size=&#8221;full&#8221; alignment=&#8221;center&#8221; onclick=&#8221;custom_link&#8221; css_animation=&#8221;none&#8221; css=&#8221;.vc_custom_1688628667690{margin-bottom: 0px !important;padding-bottom: 0px !important;}&#8221; link=&#8221;\/100-tradable-bonus\/&#8221;][\/vc_column_inner][vc_column_inner width=&#8221;1\/3&#8243;][vc_single_image image=&#8221;21911&#8243; img_size=&#8221;full&#8221; alignment=&#8221;center&#8221; onclick=&#8221;custom_link&#8221; css_animation=&#8221;none&#8221; css=&#8221;.vc_custom_1688628510375{margin-bottom: 0px !important;padding-bottom: 0px !important;}&#8221; link=&#8221;\/50-redeposit-bonus\/&#8221;][\/vc_column_inner][\/vc_row_inner][\/vc_column][\/vc_row][vc_row full_width=&#8221;stretch_row&#8221; css=&#8221;.vc_custom_1641558070856{background-color: #000000 !important;}&#8221;][vc_column][vc_row_inner][vc_column_inner el_id=&#8221;contest_top_btn&#8221;][vc_btn title=&#8221;Cu\u1ed9c thi&#8221; style=&#8221;custom&#8221; custom_background=&#8221;#db0100&#8243; custom_text=&#8221;#ffffff&#8221; shape=&#8221;square&#8221; css=&#8221;.vc_custom_1704440456490{margin-bottom: 30px !important;}&#8221;][\/vc_column_inner][\/vc_row_inner][vc_row_inner css=&#8221;.vc_custom_1670559933238{margin-bottom: 0px !important;padding-bottom: 0px !important;}&#8221; el_class=&#8221;bonuse_img_outer contest_2img&#8221; el_id=&#8221;snd_sec&#8221;][vc_column_inner width=&#8221;1\/2&#8243; el_id=&#8221;contst_row&#8221;][vc_single_image image=&#8221;21916&#8243; img_size=&#8221;full&#8221; alignment=&#8221;center&#8221; onclick=&#8221;custom_link&#8221; link=&#8221;\/trade-and-win-contest\/&#8221;][\/vc_column_inner][vc_column_inner width=&#8221;1\/2&#8243;][vc_single_image image=&#8221;25868&#8243; img_size=&#8221;full&#8221; alignment=&#8221;center&#8221; onclick=&#8221;custom_link&#8221; link=&#8221;https:\/\/www.xtrememarkets.com\/US\/ib-referal-rewards\/&#8221;][\/vc_column_inner][\/vc_row_inner][vc_row_inner css=&#8221;.vc_custom_1641626930450{margin-bottom: 0px !important;padding-bottom: 0px !important;}&#8221; el_class=&#8221;bonuse_img_outer contest_2img&#8221;][vc_column_inner el_class=&#8221;contast_Row_thrd_img&#8221; width=&#8221;1\/2&#8243; el_id=&#8221;contst_row&#8221;][\/vc_column_inner][vc_column_inner width=&#8221;1\/2&#8243;][\/vc_column_inner][\/vc_row_inner][vc_row_inner][vc_column_inner css=&#8221;.vc_custom_1662795720999{padding-top: 20px !important;}&#8221; el_id=&#8221;other_promo&#8221;][vc_btn title=&#8221;Khuy\u1ebfn m\u00e3i kh\u00e1c&#8221; style=&#8221;custom&#8221; custom_background=&#8221;#db0100&#8243; custom_text=&#8221;#ffffff&#8221; shape=&#8221;square&#8221; css=&#8221;.vc_custom_1704440475759{margin-bottom: 30px !important;}&#8221;][\/vc_column_inner][\/vc_row_inner][vc_row_inner css=&#8221;.vc_custom_1662795920778{margin-bottom: 50px !important;}&#8221; el_class=&#8221;bonuse_img_outer contest_2img&#8221; el_id=&#8221;last_promo_sec&#8221;][vc_column_inner width=&#8221;1\/2&#8243; el_id=&#8221;contst_row&#8221;][vc_single_image image=&#8221;19722&#8243; img_size=&#8221;full&#8221; alignment=&#8221;center&#8221; onclick=&#8221;custom_link&#8221; link=&#8221;\/everyday-payout\/&#8221;][\/vc_column_inner][vc_column_inner width=&#8221;1\/2&#8243;][vc_single_image image=&#8221;19723&#8243; img_size=&#8221;full&#8221; alignment=&#8221;center&#8221; onclick=&#8221;custom_link&#8221; link=&#8221;\/vps-hosting\/&#8221;][\/vc_column_inner][\/vc_row_inner][\/vc_column][\/vc_row][vc_row full_width=&#8221;stretch_row&#8221; css=&#8221;.vc_custom_1614671165193{margin-top: -35px !important;background-color: #1a1a1a !important;}&#8221;][vc_column width=&#8221;1\/6&#8243;][\/vc_column][vc_column width=&#8221;2\/3&#8243;][vc_row_inner][vc_column_inner width=&#8221;5\/12&#8243;][vc_btn title=&#8221;\u0110\u0103ng nh\u1eadp th\u00e0nh vi\u00ean&#8221; style=&#8221;custom&#8221; custom_background=&#8221;#000000&#8243; custom_text=&#8221;#ffffff&#8221; shape=&#8221;square&#8221; align=&#8221;center&#8221; link=&#8221;url:https%3A%2F%2Fmy.xtreamforex.com%2F|||&#8221; el_class=&#8221;white_border black_btn&#8221; el_id=&#8221;grey_border_B&#8221;][\/vc_column_inner][vc_column_inner width=&#8221;1\/6&#8243;][vc_column_text el_class=&#8221;ptxt&#8221;]<\/p>\n<p style=\"text-align: center;\">Ho\u1eb7c<\/p>\n<p>[\/vc_column_text][\/vc_column_inner][vc_column_inner width=&#8221;5\/12&#8243;][vc_btn title=&#8221;M\u1edf t\u00e0i kho\u1ea3n tr\u1ef1c ti\u1ebfp&#8221; style=&#8221;custom&#8221; custom_background=&#8221;#000000&#8243; custom_text=&#8221;#ffffff&#8221; shape=&#8221;square&#8221; align=&#8221;center&#8221; link=&#8221;url:https%3A%2F%2Fmy.xtreamforex.com%2FAccount%2FRegister.php|||&#8221; el_class=&#8221;white_border black_btn&#8221; el_id=&#8221;white_border_B_2&#8243;][\/vc_column_inner][\/vc_row_inner][\/vc_column][vc_column width=&#8221;1\/6&#8243;][\/vc_column][\/vc_row]<\/p>\n","protected":false},"excerpt":{"rendered":"<p>[vc_row full_width=&#8221;stretch_row_content&#8221; css=&#8221;.vc_custom_1681791219070{background-image: url(https:\/\/www.xtrememarkets.com\/US\/wp-content\/uploads\/2023\/04\/banner_image-min-4.jpg?id=18130) !important;}&#8221;][vc_column][vc_row_inner][vc_column_inner width=&#8221;1\/2&#8243; el_id=&#8221;promo_first_sec&#8221;][vc_single_image image=&#8221;19717&#8243; img_size=&#8221;full&#8221; alignment=&#8221;center&#8221; css=&#8221;.vc_custom_1683630460302{margin-top: 0px !important;margin-bottom: 0px !important;padding-top: 0px !important;padding-bottom: 0px !important;}&#8221;][\/vc_column_inner][vc_column_inner width=&#8221;1\/2&#8243; el_id=&#8221;promo_2_sec&#8221;][vc_single_image image=&#8221;19718&#8243; img_size=&#8221;full&#8221; alignment=&#8221;center&#8221; css=&#8221;.vc_custom_1702474080073{padding-right: 50px !important;padding-bottom: 100px !important;padding-left: 50px !important;}&#8221;][\/vc_column_inner][\/vc_row_inner][vc_single_image image=&#8221;19725&#8243; img_size=&#8221;100xauto&#8221; alignment=&#8221;center&#8221; el_id=&#8221;red_round_arrow&#8221;][\/vc_column][\/vc_row][vc_row full_width=&#8221;stretch_row&#8221; css=&#8221;.vc_custom_1681792902172{padding-bottom: 150px !important;background-color: #000000 !important;}&#8221; el_id=&#8221;promo_2row&#8221;][vc_column][vc_row_inner][vc_column_inner width=&#8221;1\/2&#8243;][vc_single_image image=&#8221;19719&#8243; img_size=&#8221;full&#8221; alignment=&#8221;center&#8221;][\/vc_column_inner][vc_column_inner el_class=&#8221;right_sec_promo&#8221; width=&#8221;1\/2&#8243;][vc_column_text css=&#8221;.vc_custom_1704440376970{margin-bottom: 0px !important;padding-top: 140px !important;padding-bottom: 50px !important;}&#8221;]<\/p>\n... <a href=\"https:\/\/www.xtrememarkets.com\/US\/vi\/forex-broker-promotions-and-bonuses-vietnam\/\">continue reading<\/a>.","protected":false},"author":1,"featured_media":0,"parent":0,"menu_order":0,"comment_status":"closed","ping_status":"closed","template":"","meta":[],"yoast_head":"<!-- This site is optimized with the Yoast SEO Premium plugin v16.1 - https:\/\/yoast.com\/wordpress\/plugins\/seo\/ -->\r\n<title>Trusted Forex Broker Xtreamforex Helps you in Investing<\/title>\r\n<meta name=\"description\" content=\"Have no high amount but still want to invest? If yes, take the assistance of trusted forex broker Xtreamforex and use the bonus funds to increase amount of your money!\" \/>\r\n<link rel=\"canonical\" href=\"https:\/\/www.xtrememarkets.com\/US\/vi\/forex-broker-promotions-and-bonuses-vietnam\/\" \/>\r\n<meta property=\"og:locale\" content=\"en_US\" \/>\r\n<meta property=\"og:type\" content=\"article\" \/>\r\n<meta property=\"og:title\" content=\"Trusted Forex Broker Xtreamforex Helps you in Investing\" \/>\r\n<meta property=\"og:description\" content=\"Have no high amount but still want to invest? If yes, take the assistance of trusted forex broker Xtreamforex and use the bonus funds to increase amount of your money!\" \/>\r\n<meta property=\"og:url\" content=\"https:\/\/www.xtrememarkets.com\/US\/vi\/forex-broker-promotions-and-bonuses-vietnam\/\" \/>\r\n<meta property=\"og:site_name\" content=\"Xtreme Markets\" \/>\r\n<meta property=\"article:publisher\" content=\"https:\/\/www.facebook.com\/xtreamforex.official\/\" \/>\r\n<meta property=\"article:modified_time\" content=\"2024-01-05T07:42:06+00:00\" \/>\r\n<meta property=\"og:image\" content=\"https:\/\/www.xtrememarkets.com\/US\/wp-content\/uploads\/2024\/02\/image_2024_02_23T12_39_46_331Z.png\" \/>\r\n\t<meta property=\"og:image:width\" content=\"800\" \/>\r\n\t<meta property=\"og:image:height\" content=\"500\" \/>\r\n<meta name=\"twitter:card\" content=\"summary_large_image\" \/>\r\n<meta name=\"twitter:site\" content=\"@xtreamforex\" \/>\r\n<meta name=\"twitter:label1\" content=\"Est. reading time\">\n\t<meta name=\"twitter:data1\" content=\"5 minutes\">\r\n<script type=\"application\/ld+json\" class=\"yoast-schema-graph\">{\"@context\":\"https:\/\/schema.org\",\"@graph\":[{\"@type\":[\"Organization\",\"Place\"],\"@id\":\"https:\/\/www.xtrememarkets.com\/US\/#organization\",\"name\":\"Xtreamforex\",\"url\":\"https:\/\/www.xtrememarkets.com\/US\/\",\"sameAs\":[\"https:\/\/www.facebook.com\/xtreamforex.official\/\",\"https:\/\/www.instagram.com\/xtreamforex.official\/\",\"https:\/\/in.linkedin.com\/company\/xtream-forex\",\"https:\/\/www.youtube.com\/channel\/UCbbTuJV9XhurjZciRLdvFBg\",\"https:\/\/www.pinterest.com\/xtreamforex_trading\/\",\"https:\/\/twitter.com\/xtreamforex\"],\"logo\":{\"@id\":\"https:\/\/www.xtrememarkets.com\/US\/vi\/forex-broker-promotions-and-bonuses-vietnam\/#local-main-organization-logo\"},\"image\":{\"@id\":\"https:\/\/www.xtrememarkets.com\/US\/vi\/forex-broker-promotions-and-bonuses-vietnam\/#local-main-organization-logo\"},\"openingHoursSpecification\":[{\"@type\":\"OpeningHoursSpecification\",\"dayOfWeek\":[\"Monday\",\"Tuesday\",\"Wednesday\",\"Thursday\",\"Friday\",\"Saturday\",\"Sunday\"],\"opens\":\"09:00\",\"closes\":\"17:00\"}]},{\"@type\":\"WebSite\",\"@id\":\"https:\/\/www.xtrememarkets.com\/US\/#website\",\"url\":\"https:\/\/www.xtrememarkets.com\/US\/\",\"name\":\"Xtreme Markets\",\"description\":\"\",\"publisher\":{\"@id\":\"https:\/\/www.xtrememarkets.com\/US\/#organization\"},\"potentialAction\":[{\"@type\":\"SearchAction\",\"target\":\"https:\/\/www.xtrememarkets.com\/US\/?s={search_term_string}\",\"query-input\":\"required name=search_term_string\"}],\"inLanguage\":\"en-US\"},{\"@type\":\"WebPage\",\"@id\":\"https:\/\/www.xtrememarkets.com\/US\/vi\/forex-broker-promotions-and-bonuses-vietnam\/#webpage\",\"url\":\"https:\/\/www.xtrememarkets.com\/US\/vi\/forex-broker-promotions-and-bonuses-vietnam\/\",\"name\":\"Trusted Forex Broker Xtreamforex Helps you in Investing\",\"isPartOf\":{\"@id\":\"https:\/\/www.xtrememarkets.com\/US\/#website\"},\"datePublished\":\"2022-01-07T11:00:55+00:00\",\"dateModified\":\"2024-01-05T07:42:06+00:00\",\"description\":\"Have no high amount but still want to invest? If yes, take the assistance of trusted forex broker Xtreamforex and use the bonus funds to increase amount of your money!\",\"breadcrumb\":{\"@id\":\"https:\/\/www.xtrememarkets.com\/US\/vi\/forex-broker-promotions-and-bonuses-vietnam\/#breadcrumb\"},\"inLanguage\":\"en-US\",\"potentialAction\":[{\"@type\":\"ReadAction\",\"target\":[\"https:\/\/www.xtrememarkets.com\/US\/vi\/forex-broker-promotions-and-bonuses-vietnam\/\"]}]},{\"@type\":\"BreadcrumbList\",\"@id\":\"https:\/\/www.xtrememarkets.com\/US\/vi\/forex-broker-promotions-and-bonuses-vietnam\/#breadcrumb\",\"itemListElement\":[{\"@type\":\"ListItem\",\"position\":1,\"item\":{\"@type\":\"WebPage\",\"@id\":\"https:\/\/www.xtrememarkets.com\/US\/\",\"url\":\"https:\/\/www.xtrememarkets.com\/US\/\",\"name\":\"Home\"}},{\"@type\":\"ListItem\",\"position\":2,\"item\":{\"@type\":\"WebPage\",\"@id\":\"https:\/\/www.xtrememarkets.com\/US\/vi\/forex-broker-promotions-and-bonuses-vietnam\/\",\"url\":\"https:\/\/www.xtrememarkets.com\/US\/vi\/forex-broker-promotions-and-bonuses-vietnam\/\",\"name\":\"Forex Broker Promotions &#038; Bonuses\"}}]},{\"@type\":\"ImageObject\",\"@id\":\"https:\/\/www.xtrememarkets.com\/US\/vi\/forex-broker-promotions-and-bonuses-vietnam\/#local-main-organization-logo\",\"inLanguage\":\"en-US\",\"url\":\"https:\/\/www.xtrememarkets.com\/US\/wp-content\/uploads\/2024\/02\/image_2024_02_23T12_39_46_331Z.png\",\"contentUrl\":\"https:\/\/www.xtrememarkets.com\/US\/wp-content\/uploads\/2024\/02\/image_2024_02_23T12_39_46_331Z.png\",\"width\":800,\"height\":500,\"caption\":\"Xtreamforex\"}]}<\/script>\r\n<!-- \/ Yoast SEO Premium plugin. -->","_links":{"self":[{"href":"https:\/\/www.xtrememarkets.com\/US\/wp-json\/wp\/v2\/pages\/26210"}],"collection":[{"href":"https:\/\/www.xtrememarkets.com\/US\/wp-json\/wp\/v2\/pages"}],"about":[{"href":"https:\/\/www.xtrememarkets.com\/US\/wp-json\/wp\/v2\/types\/page"}],"author":[{"embeddable":true,"href":"https:\/\/www.xtrememarkets.com\/US\/wp-json\/wp\/v2\/users\/1"}],"replies":[{"embeddable":true,"href":"https:\/\/www.xtrememarkets.com\/US\/wp-json\/wp\/v2\/comments?post=26210"}],"version-history":[{"count":2,"href":"https:\/\/www.xtrememarkets.com\/US\/wp-json\/wp\/v2\/pages\/26210\/revisions"}],"predecessor-version":[{"id":26212,"href":"https:\/\/www.xtrememarkets.com\/US\/wp-json\/wp\/v2\/pages\/26210\/revisions\/26212"}],"wp:attachment":[{"href":"https:\/\/www.xtrememarkets.com\/US\/wp-json\/wp\/v2\/media?parent=26210"}],"curies":[{"name":"wp","href":"https:\/\/api.w.org\/{rel}","templated":true}]}}