{"id":26207,"date":"2020-05-14T17:26:24","date_gmt":"2020-05-14T17:26:24","guid":{"rendered":"https:\/\/www.xtreamforex.com\/?page_id=26207"},"modified":"2024-01-05T07:24:36","modified_gmt":"2024-01-05T07:24:36","slug":"trading-platform-vietnam","status":"publish","type":"page","link":"https:\/\/www.xtrememarkets.com\/US\/vi\/trading-platform-vietnam\/","title":{"rendered":"Download Top Online Forex Trading Platform"},"content":{"rendered":"<p>[vc_row full_width=&#8221;stretch_row&#8221; css=&#8221;.vc_custom_1698913461272{margin-top: 0px !important;margin-bottom: 0px !important;padding-top: 70px !important;padding-bottom: 70px !important;background-image: url(https:\/\/www.xtrememarkets.com\/US\/wp-content\/uploads\/2023\/10\/MT5-DESKTOP.png?id=24437) !important;background-position: center !important;background-repeat: no-repeat !important;background-size: cover !important;}&#8221;][vc_column][vc_column_text]<\/p>\n<p class=\"\" style=\"font-size: 50px; color: #db0100; font-weight: bold;\">S\u00c0N <span style=\"color: #fff;\">GIAO D\u1ecaCH<\/span><\/p>\n<p>[\/vc_column_text][\/vc_column][\/vc_row][vc_row full_width=&#8221;stretch_row&#8221; css=&#8221;.vc_custom_1685681153284{background-color: #000000 !important;}&#8221;][vc_column width=&#8221;1\/2&#8243; el_class=&#8221;first_sec_Trading_platform1&#8243;][vc_single_image image=&#8221;20020&#8243; img_size=&#8221;full&#8221;][\/vc_column][vc_column width=&#8221;1\/2&#8243; css=&#8221;.vc_custom_1685689479130{padding-top: 12% !important;}&#8221; el_class=&#8221;first_sec_Trading_platform&#8221;][vc_column_text]<\/p>\n<p style=\"text-align: left;\"><span style=\"color: #ffffff; background-color: #d60302; padding: 5px; text-transform: uppercase;\">s\u00e0n giao d\u1ecbch<\/span><\/p>\n<p>[\/vc_column_text][vc_custom_heading text=&#8221;M\u1edf h\u1ed9p N\u1ec1n t\u1ea3ng giao d\u1ecbch cao c\u1ea5p v\u1edbi XtreamForex<br \/>\n&#8221; font_container=&#8221;tag:h6|text_align:left|color:%23ffffff&#8221; use_theme_fonts=&#8221;yes&#8221;][vc_column_text el_class=&#8221;contact_heding&#8221;]<\/p>\n<p style=\"text-align: left; padding: 0px !important;\"><span style=\"color: #afafaf; font-size: 13px;\">M\u1ed9t n\u1ec1n t\u1ea3ng giao d\u1ecbch Ngo\u1ea1i H\u1ed1i l\u00e0 ph\u1ea7n m\u1ec1m tr\u1ef1c tuy\u1ebfn gi\u00fap nh\u00e0 giao d\u1ecbch th\u1ef1c hi\u1ec7n trao \u0111\u1ed5i tr\u00ean th\u1ecb tr\u01b0\u1eddng qu\u1ed1c t\u1ebf. N\u00f3 \u0111\u00f3ng vai tr\u00f2 nh\u01b0 c\u1ea7u n\u1ed1i gi\u1eefa ng\u01b0\u1eddi m\u00f4i gi\u1edbi v\u00e0 nh\u00e0 giao d\u1ecbch. T\u1ea1i XtreamForex, ch\u00fang t\u00f4i cung c\u1ea5p n\u1ec1n t\u1ea3ng h\u00e0ng \u0111\u1ea7u ph\u00f9 h\u1ee3p v\u1edbi nhu c\u1ea7u c\u1ee7a kh\u00e1ch h\u00e0ng.<\/span><\/p>\n<p style=\"text-align: left; padding: 0px !important; margin-top: -20px;\"><span style=\"color: #afafaf; font-size: 13px;\">MetaTrader 4 v\u00e0 MetaTrader 5 l\u00e0 ph\u1ea7n m\u1ec1m \u0111\u01b0\u1ee3c s\u1eed d\u1ee5ng ph\u1ed5 bi\u1ebfn tr\u00ean to\u00e0n c\u1ea7u. V\u1edbi t\u01b0 c\u00e1ch l\u00e0 m\u1ed9t nh\u00e0 m\u00f4i gi\u1edbi lu\u00f4n h\u01b0\u1edbng t\u1edbi kh\u00e1ch h\u00e0ng, ch\u00fang t\u00f4i lu\u00f4n cung c\u1ea5p nh\u1eefng n\u1ec1n t\u1ea3ng t\u1ed1t nh\u1ea5t \u0111\u1ebfn cho kh\u00e1ch h\u00e0ng.<\/span><\/p>\n<p>[\/vc_column_text][\/vc_column][\/vc_row][vc_row full_width=&#8221;stretch_row&#8221; css=&#8221;.vc_custom_1685680627582{background-color: #000000 !important;background-position: center !important;background-repeat: no-repeat !important;background-size: cover !important;}&#8221;][vc_column][vc_row_inner][vc_column_inner css=&#8221;.vc_custom_1685683084932{margin-top: -5% !important;}&#8221;][vc_column_text]<\/p>\n<p class=\"conform_zone_TP\" style=\"text-align: center; font-size: 25px; line-height: 1.8; font-weight: 600; padding: 10px 175px; letter-spacing: 1px;\"><span style=\"color: #ffffff;\">Ch\u1ecdn trong nh\u1eefng n\u1ec1n t\u1ea3ng t\u1ed1t nh\u1ea5t ph\u00f9 h\u1ee3p v\u1edbi phong c\u00e1ch giao d\u1ecbch c\u1ee7a b\u1ea1n. Ch\u00fang t\u00f4i quan t\u00e2m <\/span> <span style=\"color: #d60302;\">t\u1edbi S\u1ef1 Ti\u1ec7n L\u1ee3i cho b\u1ea1n!<\/span><\/p>\n<p>[\/vc_column_text][\/vc_column_inner][\/vc_row_inner][vc_row_inner el_class=&#8221;image_height_platform_outer&#8221; css=&#8221;.vc_custom_1665985863954{padding-bottom: 40px !important;}&#8221;][vc_column_inner width=&#8221;1\/12&#8243;][\/vc_column_inner][vc_column_inner el_class=&#8221;f_img_white1&#8243; width=&#8221;1\/3&#8243; css=&#8221;.vc_custom_1685684446701{padding-right: 30px !important;background-position: center !important;background-repeat: no-repeat !important;background-size: cover !important;border-radius: 20px !important;}&#8221; el_id=&#8221;f_img_white&#8221;][vc_column_text css=&#8221;.vc_custom_1685687478334{margin-bottom: 0px !important;padding-bottom: 0px !important;}&#8221;]<\/p>\n<h6 style=\"text-align: center;\"><span style=\"color: #d60302; font-weight: bold; letter-spacing: 2px; font-size: 20px;\">X<\/span><span style=\"color: #ffffff; font-weight: bold; text-transform: capitalize; letter-spacing: 2px; font-size: 20px;\">treamforex<\/span><br \/>\n<span style=\"color: #d60302; font-size: 10px; letter-spacing: 4px;\">Platform<\/span><\/h6>\n<p>[\/vc_column_text][vc_single_image image=&#8221;20041&#8243; img_size=&#8221;340*180&#8243; alignment=&#8221;center&#8221; el_class=&#8221;img_height&#8221; el_id=&#8221;img_hght&#8221; css=&#8221;.vc_custom_1685686150847{margin-top: 30px !important;}&#8221;][vc_column_text css=&#8221;.vc_custom_1704439354896{margin-bottom: 0px !important;padding-bottom: 0px !important;}&#8221;]<\/p>\n<h6 style=\"text-align: center; margin-bottom: 25px; color: #ffffff; font-weight: 600; text-transform: capitalize; letter-spacing: 1.4px;\">Nh\u00e0 giao d\u1ecbch tr\u00ean m\u00e1y t\u00ednh \u0111\u1ec3 b\u00e0n<\/h6>\n<p>[\/vc_column_text][vc_btn title=&#8221;t\u1ea3i ngay&#8221; style=&#8221;custom&#8221; custom_background=&#8221;#ffffff&#8221; custom_text=&#8221;#d60302&#8243; shape=&#8221;square&#8221; size=&#8221;sm&#8221; align=&#8221;center&#8221; link=&#8221;url:https%3A%2F%2Fxtreamforex.com%2Fmt4-for-pc%2F|||&#8221; el_class=&#8221;download_now_btn&#8221;][\/vc_column_inner][vc_column_inner width=&#8221;1\/6&#8243;][\/vc_column_inner][vc_column_inner el_class=&#8221;f_img_white2&#8243; width=&#8221;1\/3&#8243; css=&#8221;.vc_custom_1685684453588{background-position: center !important;background-repeat: no-repeat !important;background-size: cover !important;border-radius: 20px !important;}&#8221; el_id=&#8221;f_img_white&#8221;][vc_column_text css=&#8221;.vc_custom_1685687488157{margin-bottom: 0px !important;padding-bottom: 0px !important;}&#8221;]<\/p>\n<h6 style=\"text-align: center;\"><span style=\"color: #d60302; font-weight: bold; letter-spacing: 2px; font-size: 20px;\">X<\/span><span style=\"color: #ffffff; font-weight: bold; text-transform: capitalize; letter-spacing: 2px; font-size: 20px;\">treamforex<\/span><br \/>\n<span style=\"color: #d60302; font-size: 10px; letter-spacing: 4px;\">Platform<\/span><\/h6>\n<p>[\/vc_column_text][vc_single_image image=&#8221;20042&#8243; img_size=&#8221;350*180&#8243; alignment=&#8221;center&#8221; el_class=&#8221;img_height&#8221; css=&#8221;.vc_custom_1685686157526{margin-top: 30px !important;}&#8221;][vc_column_text css=&#8221;.vc_custom_1704439375344{margin-bottom: 0px !important;padding-bottom: 0px !important;}&#8221;]<\/p>\n<h6 style=\"text-align: center; margin-bottom: 25px; color: #ffffff; font-weight: 600; text-transform: capitalize; letter-spacing: 1.4px;\">Nh\u00e0 giao d\u1ecbch Android<\/h6>\n<p>[\/vc_column_text][vc_btn title=&#8221;t\u1ea3i ngay&#8221; style=&#8221;custom&#8221; custom_background=&#8221;#ffffff&#8221; custom_text=&#8221;#d60302&#8243; shape=&#8221;square&#8221; size=&#8221;sm&#8221; align=&#8221;center&#8221; link=&#8221;url:https%3A%2F%2Fxtreamforex.com%2Fmt4-android%2F|||&#8221; el_class=&#8221;download_now_btn&#8221;][\/vc_column_inner][vc_column_inner width=&#8221;1\/12&#8243;][\/vc_column_inner][\/vc_row_inner][\/vc_column][\/vc_row][vc_row full_width=&#8221;stretch_row&#8221; css=&#8221;.vc_custom_1685684148712{padding-top: 8px !important;padding-bottom: 22px !important;background-color: #000000 !important;}&#8221;][vc_column width=&#8221;1\/6&#8243;][\/vc_column][vc_column width=&#8221;2\/3&#8243; el_id=&#8221;or_txt_forex1&#8243;][vc_row_inner][vc_column_inner width=&#8221;5\/12&#8243;][vc_btn title=&#8221;\u0110\u0103ng nh\u1eadp th\u00e0nh vi\u00ean&#8221; style=&#8221;custom&#8221; custom_background=&#8221;#000000&#8243; custom_text=&#8221;#ffffff&#8221; shape=&#8221;square&#8221; align=&#8221;center&#8221; el_class=&#8221;white_border&#8221; link=&#8221;url:https%3A%2F%2Fmy.xtreamforex.com%2F||target:%20_blank|&#8221; el_id=&#8221;W_H_1&#8243;][\/vc_column_inner][vc_column_inner width=&#8221;1\/6&#8243;][vc_column_text el_class=&#8221;ptxt&#8221;]<\/p>\n<p style=\"text-align: center;\">Ho\u1eb7c<\/p>\n<p>[\/vc_column_text][\/vc_column_inner][vc_column_inner width=&#8221;5\/12&#8243;][vc_btn title=&#8221;M\u1edf t\u00e0i kho\u1ea3n tr\u1ef1c ti\u1ebfp&#8221; style=&#8221;custom&#8221; custom_background=&#8221;#000000&#8243; custom_text=&#8221;#ffffff&#8221; shape=&#8221;square&#8221; align=&#8221;center&#8221; el_class=&#8221;white_border&#8221; link=&#8221;url:https%3A%2F%2Fmy.xtreamforex.com%2FAccount%2FRegister.php||target:%20_blank|&#8221; el_id=&#8221;W_H_2&#8243;][\/vc_column_inner][\/vc_row_inner][\/vc_column][vc_column width=&#8221;1\/6&#8243;][\/vc_column][\/vc_row]<\/p>\n","protected":false},"excerpt":{"rendered":"<p>[vc_row full_width=&#8221;stretch_row&#8221; css=&#8221;.vc_custom_1698913461272{margin-top: 0px !important;margin-bottom: 0px !important;padding-top: 70px !important;padding-bottom: 70px !important;background-image: url(https:\/\/www.xtrememarkets.com\/US\/wp-content\/uploads\/2023\/10\/MT5-DESKTOP.png?id=24437) !important;background-position: center !important;background-repeat: no-repeat !important;background-size: cover !important;}&#8221;][vc_column][vc_column_text] S\u00c0N GIAO D\u1ecaCH [\/vc_column_text][\/vc_column][\/vc_row][vc_row full_width=&#8221;stretch_row&#8221; css=&#8221;.vc_custom_1685681153284{background-color: #000000 !important;}&#8221;][vc_column width=&#8221;1\/2&#8243; el_class=&#8221;first_sec_Trading_platform1&#8243;][vc_single_image image=&#8221;20020&#8243; img_size=&#8221;full&#8221;][\/vc_column][vc_column width=&#8221;1\/2&#8243; css=&#8221;.vc_custom_1685689479130{padding-top: 12% !important;}&#8221; el_class=&#8221;first_sec_Trading_platform&#8221;][vc_column_text] s\u00e0n giao d\u1ecbch [\/vc_column_text][vc_custom_heading text=&#8221;M\u1edf h\u1ed9p N\u1ec1n t\u1ea3ng giao d\u1ecbch cao c\u1ea5p v\u1edbi XtreamForex &#8221; font_container=&#8221;tag:h6|text_align:left|color:%23ffffff&#8221; use_theme_fonts=&#8221;yes&#8221;][vc_column_text el_class=&#8221;contact_heding&#8221;] M\u1ed9t<\/p>\n... <a href=\"https:\/\/www.xtrememarkets.com\/US\/vi\/trading-platform-vietnam\/\">continue reading<\/a>.","protected":false},"author":1,"featured_media":0,"parent":0,"menu_order":0,"comment_status":"closed","ping_status":"closed","template":"","meta":[],"yoast_head":"<!-- This site is optimized with the Yoast SEO Premium plugin v16.1 - https:\/\/yoast.com\/wordpress\/plugins\/seo\/ -->\r\n<title>Make Money Using Best Forex Trading Platform | Xtreamforex<\/title>\r\n<meta name=\"description\" content=\"Join the most trusted forex Trading Platform that can be accessed by iPhone, Android, desktop, and iPad and has been awarded the best ECN broker in the world to make money.\" \/>\r\n<link rel=\"canonical\" href=\"https:\/\/www.xtrememarkets.com\/US\/vi\/trading-platform-vietnam\/\" \/>\r\n<meta property=\"og:locale\" content=\"en_US\" \/>\r\n<meta property=\"og:type\" content=\"article\" \/>\r\n<meta property=\"og:title\" content=\"Make Money Using Best Forex Trading Platform | Xtreamforex\" \/>\r\n<meta property=\"og:description\" content=\"Join the most trusted forex Trading Platform that can be accessed by iPhone, Android, desktop, and iPad and has been awarded the best ECN broker in the world to make money.\" \/>\r\n<meta property=\"og:url\" content=\"https:\/\/www.xtrememarkets.com\/US\/vi\/trading-platform-vietnam\/\" \/>\r\n<meta property=\"og:site_name\" content=\"Xtreme Markets\" \/>\r\n<meta property=\"article:publisher\" content=\"https:\/\/www.facebook.com\/xtreamforex.official\/\" \/>\r\n<meta property=\"article:modified_time\" content=\"2024-01-05T07:24:36+00:00\" \/>\r\n<meta property=\"og:image\" content=\"https:\/\/www.xtreamforex.com\/wp-content\/uploads\/2023\/07\/link-banner.jpg\" \/>\r\n<meta name=\"twitter:card\" content=\"summary_large_image\" \/>\r\n<meta name=\"twitter:site\" content=\"@xtreamforex\" \/>\r\n<meta name=\"twitter:label1\" content=\"Est. reading time\">\n\t<meta name=\"twitter:data1\" content=\"4 minutes\">\r\n<script type=\"application\/ld+json\" class=\"yoast-schema-graph\">{\"@context\":\"https:\/\/schema.org\",\"@graph\":[{\"@type\":[\"Organization\",\"Place\"],\"@id\":\"https:\/\/www.xtrememarkets.com\/US\/#organization\",\"name\":\"Xtreamforex\",\"url\":\"https:\/\/www.xtrememarkets.com\/US\/\",\"sameAs\":[\"https:\/\/www.facebook.com\/xtreamforex.official\/\",\"https:\/\/www.instagram.com\/xtreamforex.official\/\",\"https:\/\/in.linkedin.com\/company\/xtream-forex\",\"https:\/\/www.youtube.com\/channel\/UCbbTuJV9XhurjZciRLdvFBg\",\"https:\/\/www.pinterest.com\/xtreamforex_trading\/\",\"https:\/\/twitter.com\/xtreamforex\"],\"logo\":{\"@id\":\"https:\/\/www.xtrememarkets.com\/US\/vi\/trading-platform-vietnam\/#local-main-organization-logo\"},\"image\":{\"@id\":\"https:\/\/www.xtrememarkets.com\/US\/vi\/trading-platform-vietnam\/#local-main-organization-logo\"},\"openingHoursSpecification\":[{\"@type\":\"OpeningHoursSpecification\",\"dayOfWeek\":[\"Monday\",\"Tuesday\",\"Wednesday\",\"Thursday\",\"Friday\",\"Saturday\",\"Sunday\"],\"opens\":\"09:00\",\"closes\":\"17:00\"}]},{\"@type\":\"WebSite\",\"@id\":\"https:\/\/www.xtrememarkets.com\/US\/#website\",\"url\":\"https:\/\/www.xtrememarkets.com\/US\/\",\"name\":\"Xtreme Markets\",\"description\":\"\",\"publisher\":{\"@id\":\"https:\/\/www.xtrememarkets.com\/US\/#organization\"},\"potentialAction\":[{\"@type\":\"SearchAction\",\"target\":\"https:\/\/www.xtrememarkets.com\/US\/?s={search_term_string}\",\"query-input\":\"required name=search_term_string\"}],\"inLanguage\":\"en-US\"},{\"@type\":\"ImageObject\",\"@id\":\"https:\/\/www.xtrememarkets.com\/US\/vi\/trading-platform-vietnam\/#primaryimage\",\"inLanguage\":\"en-US\",\"url\":\"\",\"contentUrl\":\"\"},{\"@type\":\"WebPage\",\"@id\":\"https:\/\/www.xtrememarkets.com\/US\/vi\/trading-platform-vietnam\/#webpage\",\"url\":\"https:\/\/www.xtrememarkets.com\/US\/vi\/trading-platform-vietnam\/\",\"name\":\"Make Money Using Best Forex Trading Platform | Xtreamforex\",\"isPartOf\":{\"@id\":\"https:\/\/www.xtrememarkets.com\/US\/#website\"},\"primaryImageOfPage\":{\"@id\":\"https:\/\/www.xtrememarkets.com\/US\/vi\/trading-platform-vietnam\/#primaryimage\"},\"datePublished\":\"2020-05-14T17:26:24+00:00\",\"dateModified\":\"2024-01-05T07:24:36+00:00\",\"description\":\"Join the most trusted forex Trading Platform that can be accessed by iPhone, Android, desktop, and iPad and has been awarded the best ECN broker in the world to make money.\",\"breadcrumb\":{\"@id\":\"https:\/\/www.xtrememarkets.com\/US\/vi\/trading-platform-vietnam\/#breadcrumb\"},\"inLanguage\":\"en-US\",\"potentialAction\":[{\"@type\":\"ReadAction\",\"target\":[\"https:\/\/www.xtrememarkets.com\/US\/vi\/trading-platform-vietnam\/\"]}]},{\"@type\":\"BreadcrumbList\",\"@id\":\"https:\/\/www.xtrememarkets.com\/US\/vi\/trading-platform-vietnam\/#breadcrumb\",\"itemListElement\":[{\"@type\":\"ListItem\",\"position\":1,\"item\":{\"@type\":\"WebPage\",\"@id\":\"https:\/\/www.xtrememarkets.com\/US\/\",\"url\":\"https:\/\/www.xtrememarkets.com\/US\/\",\"name\":\"Home\"}},{\"@type\":\"ListItem\",\"position\":2,\"item\":{\"@type\":\"WebPage\",\"@id\":\"https:\/\/www.xtrememarkets.com\/US\/vi\/trading-platform-vietnam\/\",\"url\":\"https:\/\/www.xtrememarkets.com\/US\/vi\/trading-platform-vietnam\/\",\"name\":\"Download Top Online Forex Trading Platform\"}}]},{\"@type\":\"ImageObject\",\"@id\":\"https:\/\/www.xtrememarkets.com\/US\/vi\/trading-platform-vietnam\/#local-main-organization-logo\",\"inLanguage\":\"en-US\",\"url\":\"https:\/\/www.xtrememarkets.com\/US\/wp-content\/uploads\/2024\/02\/image_2024_02_23T12_39_46_331Z.png\",\"contentUrl\":\"https:\/\/www.xtrememarkets.com\/US\/wp-content\/uploads\/2024\/02\/image_2024_02_23T12_39_46_331Z.png\",\"width\":800,\"height\":500,\"caption\":\"Xtreamforex\"}]}<\/script>\r\n<!-- \/ Yoast SEO Premium plugin. -->","_links":{"self":[{"href":"https:\/\/www.xtrememarkets.com\/US\/wp-json\/wp\/v2\/pages\/26207"}],"collection":[{"href":"https:\/\/www.xtrememarkets.com\/US\/wp-json\/wp\/v2\/pages"}],"about":[{"href":"https:\/\/www.xtrememarkets.com\/US\/wp-json\/wp\/v2\/types\/page"}],"author":[{"embeddable":true,"href":"https:\/\/www.xtrememarkets.com\/US\/wp-json\/wp\/v2\/users\/1"}],"replies":[{"embeddable":true,"href":"https:\/\/www.xtrememarkets.com\/US\/wp-json\/wp\/v2\/comments?post=26207"}],"version-history":[{"count":2,"href":"https:\/\/www.xtrememarkets.com\/US\/wp-json\/wp\/v2\/pages\/26207\/revisions"}],"predecessor-version":[{"id":26209,"href":"https:\/\/www.xtrememarkets.com\/US\/wp-json\/wp\/v2\/pages\/26207\/revisions\/26209"}],"wp:attachment":[{"href":"https:\/\/www.xtrememarkets.com\/US\/wp-json\/wp\/v2\/media?parent=26207"}],"curies":[{"name":"wp","href":"https:\/\/api.w.org\/{rel}","templated":true}]}}