{"id":25260,"date":"2020-11-21T07:22:00","date_gmt":"2020-11-21T07:22:00","guid":{"rendered":"https:\/\/www.xtreamforex.com\/?page_id=25260"},"modified":"2024-02-26T13:59:05","modified_gmt":"2024-02-26T13:59:05","slug":"trading-glossary-spanish","status":"publish","type":"page","link":"https:\/\/www.xtrememarkets.com\/US\/es\/trading-glossary-spanish\/","title":{"rendered":"Trading Glossary"},"content":{"rendered":"<p>[vc_row full_width=&#8221;stretch_row&#8221; css=&#8221;.vc_custom_1698827743411{margin-top: -20px !important;margin-bottom: 0px !important;padding-top: 70px !important;padding-bottom: 70px !important;background-image: url(https:\/\/www.xtrememarkets.com\/US\/wp-content\/uploads\/2023\/11\/TRADING-GLOSSARY.png?id=24565) !important;background-position: center !important;background-repeat: no-repeat !important;background-size: cover !important;}&#8221;][vc_column][vc_column_text]<\/p>\n<p class=\"\" style=\"font-size: 50px; color: #db0100; font-weight: bold; text-transform:uppercase;\">Glosario de <span style=\"color: #fff;\">trading<\/span><\/p>\n<p>[\/vc_column_text][\/vc_column][\/vc_row][vc_row full_width=&#8221;stretch_row&#8221; css=&#8221;.vc_custom_1687415288326{margin-top: -25px !important;background-color: #000000 !important;}&#8221;][vc_column][vc_custom_heading text=&#8221;Glosario de trading&#8221; font_container=&#8221;tag:h5|text_align:left|color:%23ffffff&#8221; css=&#8221;.vc_custom_1701078323920{margin-bottom: 10px !important;}&#8221; el_id=&#8221;custom-H&#8221;][vc_column_text el_class=&#8221;glossary_p&#8221; css=&#8221;.vc_custom_1708955934560{margin-bottom: 10px !important;margin-left: 3px !important;}&#8221;]<\/p>\n<p style=\"color: #afafaf; font-size: 13px; line-height: 25px;\">XtremeMarkets le proporciona el glosario de Forex online definitivo pensado espec\u00edficamente para los traders de Forex. Entender el vocabulario del trading en Forex es crucial para aprender a operar con divisas y seguir los grandes mercados financieros. Proporcionamos una lista de los t\u00e9rminos de trading que necesitar\u00e1 conocer para operar en Forex. El glosario de Forex est\u00e1 hecho para ayudar a los traders a aprender palabras populares, frases, definiciones y t\u00e9rminos.<\/p>\n<p>[\/vc_column_text][\/vc_column][\/vc_row][vc_row full_width=&#8221;stretch_row&#8221; css=&#8221;.vc_custom_1687926274054{background-color: #000000 !important;}&#8221; el_id=&#8221;last_sec_Tglossary&#8221;][vc_column width=&#8221;1\/6&#8243;][\/vc_column][vc_column width=&#8221;2\/3&#8243;][vc_row_inner][vc_column_inner width=&#8221;5\/12&#8243;][vc_btn title=&#8221;Abierto en vivo Cuenta&#8221; style=&#8221;custom&#8221; custom_background=&#8221;#000000&#8243; custom_text=&#8221;#ffffff&#8221; shape=&#8221;square&#8221; align=&#8221;center&#8221; link=&#8221;url:https%3A%2F%2Fmy.xtreamforex.com%2FAccount%2FRegister.php||target:%20_blank|&#8221; el_class=&#8221;white_border black_btn&#8221;][\/vc_column_inner][vc_column_inner width=&#8221;1\/6&#8243;][vc_column_text css=&#8221;.vc_custom_1687925342116{margin-top: 10px !important;}&#8221;]<\/p>\n<p style=\"text-align: center; color: #fff;\">Or<\/p>\n<p>[\/vc_column_text][\/vc_column_inner][vc_column_inner width=&#8221;5\/12&#8243;][vc_btn title=&#8221;Abrir cuenta demo&#8221; style=&#8221;custom&#8221; custom_background=&#8221;#000000&#8243; custom_text=&#8221;#ffffff&#8221; shape=&#8221;square&#8221; align=&#8221;center&#8221; link=&#8221;url:https%3A%2F%2Fmy.xtreamforex.com%2FAccount%2FRegister.php||target:%20_blank|&#8221; el_class=&#8221;white_border black_btn&#8221;][\/vc_column_inner][\/vc_row_inner][\/vc_column][vc_column width=&#8221;1\/6&#8243;][\/vc_column][\/vc_row][vc_row full_width=&#8221;stretch_row_content&#8221; full_height=&#8221;yes&#8221; css=&#8221;.vc_custom_1700829764259{margin-top: 0px !important;background-color: #000000 !important;}&#8221;][vc_column][\/vc_column][\/vc_row]<\/p>\n","protected":false},"excerpt":{"rendered":"<p>[vc_row full_width=&#8221;stretch_row&#8221; css=&#8221;.vc_custom_1698827743411{margin-top: -20px !important;margin-bottom: 0px !important;padding-top: 70px !important;padding-bottom: 70px !important;background-image: url(https:\/\/www.xtrememarkets.com\/US\/wp-content\/uploads\/2023\/11\/TRADING-GLOSSARY.png?id=24565) !important;background-position: center !important;background-repeat: no-repeat !important;background-size: cover !important;}&#8221;][vc_column][vc_column_text] Glosario de trading [\/vc_column_text][\/vc_column][\/vc_row][vc_row full_width=&#8221;stretch_row&#8221; css=&#8221;.vc_custom_1687415288326{margin-top: -25px !important;background-color: #000000 !important;}&#8221;][vc_column][vc_custom_heading text=&#8221;Glosario de trading&#8221; font_container=&#8221;tag:h5|text_align:left|color:%23ffffff&#8221; css=&#8221;.vc_custom_1701078323920{margin-bottom: 10px !important;}&#8221; el_id=&#8221;custom-H&#8221;][vc_column_text el_class=&#8221;glossary_p&#8221; css=&#8221;.vc_custom_1708955934560{margin-bottom: 10px !important;margin-left: 3px !important;}&#8221;] XtremeMarkets le proporciona el glosario de Forex online definitivo pensado espec\u00edficamente para<\/p>\n... <a href=\"https:\/\/www.xtrememarkets.com\/US\/es\/trading-glossary-spanish\/\">continue reading<\/a>.","protected":false},"author":1,"featured_media":0,"parent":0,"menu_order":0,"comment_status":"closed","ping_status":"closed","template":"templates\/template-glossary.php","meta":[],"yoast_head":"<!-- This site is optimized with the Yoast SEO Premium plugin v16.1 - https:\/\/yoast.com\/wordpress\/plugins\/seo\/ -->\r\n<title>Understand the trading with the online forex glossary<\/title>\r\n<meta name=\"description\" content=\"Keep check on the most useful words that can help you understand forex trading by simply visiting our site and see the glossary page section!\" \/>\r\n<link rel=\"canonical\" href=\"https:\/\/www.xtrememarkets.com\/US\/es\/trading-glossary-spanish\/\" \/>\r\n<meta property=\"og:locale\" content=\"en_US\" \/>\r\n<meta property=\"og:type\" content=\"article\" \/>\r\n<meta property=\"og:title\" content=\"Understand the trading with the online forex glossary\" \/>\r\n<meta property=\"og:description\" content=\"Keep check on the most useful words that can help you understand forex trading by simply visiting our site and see the glossary page section!\" \/>\r\n<meta property=\"og:url\" content=\"https:\/\/www.xtrememarkets.com\/US\/es\/trading-glossary-spanish\/\" \/>\r\n<meta property=\"og:site_name\" content=\"Xtreme Markets\" \/>\r\n<meta property=\"article:publisher\" content=\"https:\/\/www.facebook.com\/xtreamforex.official\/\" \/>\r\n<meta property=\"article:modified_time\" content=\"2024-02-26T13:59:05+00:00\" \/>\r\n<meta property=\"og:image\" content=\"https:\/\/www.xtrememarkets.com\/wp-content\/uploads\/2023\/07\/link-banner.jpg\" \/>\r\n<meta name=\"twitter:card\" content=\"summary_large_image\" \/>\r\n<meta name=\"twitter:site\" content=\"@xtreamforex\" \/>\r\n<meta name=\"twitter:label1\" content=\"Est. reading time\">\n\t<meta name=\"twitter:data1\" content=\"2 minutes\">\r\n<script type=\"application\/ld+json\" class=\"yoast-schema-graph\">{\"@context\":\"https:\/\/schema.org\",\"@graph\":[{\"@type\":[\"Organization\",\"Place\"],\"@id\":\"https:\/\/www.xtrememarkets.com\/US\/#organization\",\"name\":\"Xtreamforex\",\"url\":\"https:\/\/www.xtrememarkets.com\/US\/\",\"sameAs\":[\"https:\/\/www.facebook.com\/xtreamforex.official\/\",\"https:\/\/www.instagram.com\/xtreamforex.official\/\",\"https:\/\/in.linkedin.com\/company\/xtream-forex\",\"https:\/\/www.youtube.com\/channel\/UCbbTuJV9XhurjZciRLdvFBg\",\"https:\/\/www.pinterest.com\/xtreamforex_trading\/\",\"https:\/\/twitter.com\/xtreamforex\"],\"logo\":{\"@id\":\"https:\/\/www.xtrememarkets.com\/US\/es\/trading-glossary-spanish\/#local-main-organization-logo\"},\"image\":{\"@id\":\"https:\/\/www.xtrememarkets.com\/US\/es\/trading-glossary-spanish\/#local-main-organization-logo\"},\"openingHoursSpecification\":[{\"@type\":\"OpeningHoursSpecification\",\"dayOfWeek\":[\"Monday\",\"Tuesday\",\"Wednesday\",\"Thursday\",\"Friday\",\"Saturday\",\"Sunday\"],\"opens\":\"09:00\",\"closes\":\"17:00\"}]},{\"@type\":\"WebSite\",\"@id\":\"https:\/\/www.xtrememarkets.com\/US\/#website\",\"url\":\"https:\/\/www.xtrememarkets.com\/US\/\",\"name\":\"Xtreme Markets\",\"description\":\"\",\"publisher\":{\"@id\":\"https:\/\/www.xtrememarkets.com\/US\/#organization\"},\"potentialAction\":[{\"@type\":\"SearchAction\",\"target\":\"https:\/\/www.xtrememarkets.com\/US\/?s={search_term_string}\",\"query-input\":\"required name=search_term_string\"}],\"inLanguage\":\"en-US\"},{\"@type\":\"ImageObject\",\"@id\":\"https:\/\/www.xtrememarkets.com\/US\/es\/trading-glossary-spanish\/#primaryimage\",\"inLanguage\":\"en-US\",\"url\":\"\",\"contentUrl\":\"\"},{\"@type\":\"WebPage\",\"@id\":\"https:\/\/www.xtrememarkets.com\/US\/es\/trading-glossary-spanish\/#webpage\",\"url\":\"https:\/\/www.xtrememarkets.com\/US\/es\/trading-glossary-spanish\/\",\"name\":\"Understand the trading with the online forex glossary\",\"isPartOf\":{\"@id\":\"https:\/\/www.xtrememarkets.com\/US\/#website\"},\"primaryImageOfPage\":{\"@id\":\"https:\/\/www.xtrememarkets.com\/US\/es\/trading-glossary-spanish\/#primaryimage\"},\"datePublished\":\"2020-11-21T07:22:00+00:00\",\"dateModified\":\"2024-02-26T13:59:05+00:00\",\"description\":\"Keep check on the most useful words that can help you understand forex trading by simply visiting our site and see the glossary page section!\",\"breadcrumb\":{\"@id\":\"https:\/\/www.xtrememarkets.com\/US\/es\/trading-glossary-spanish\/#breadcrumb\"},\"inLanguage\":\"en-US\",\"potentialAction\":[{\"@type\":\"ReadAction\",\"target\":[\"https:\/\/www.xtrememarkets.com\/US\/es\/trading-glossary-spanish\/\"]}]},{\"@type\":\"BreadcrumbList\",\"@id\":\"https:\/\/www.xtrememarkets.com\/US\/es\/trading-glossary-spanish\/#breadcrumb\",\"itemListElement\":[{\"@type\":\"ListItem\",\"position\":1,\"item\":{\"@type\":\"WebPage\",\"@id\":\"https:\/\/www.xtrememarkets.com\/US\/\",\"url\":\"https:\/\/www.xtrememarkets.com\/US\/\",\"name\":\"Home\"}},{\"@type\":\"ListItem\",\"position\":2,\"item\":{\"@type\":\"WebPage\",\"@id\":\"https:\/\/www.xtrememarkets.com\/US\/es\/trading-glossary-spanish\/\",\"url\":\"https:\/\/www.xtrememarkets.com\/US\/es\/trading-glossary-spanish\/\",\"name\":\"Trading Glossary\"}}]},{\"@type\":\"ImageObject\",\"@id\":\"https:\/\/www.xtrememarkets.com\/US\/es\/trading-glossary-spanish\/#local-main-organization-logo\",\"inLanguage\":\"en-US\",\"url\":\"https:\/\/www.xtrememarkets.com\/US\/wp-content\/uploads\/2024\/02\/image_2024_02_23T12_39_46_331Z.png\",\"contentUrl\":\"https:\/\/www.xtrememarkets.com\/US\/wp-content\/uploads\/2024\/02\/image_2024_02_23T12_39_46_331Z.png\",\"width\":800,\"height\":500,\"caption\":\"Xtreamforex\"}]}<\/script>\r\n<!-- \/ Yoast SEO Premium plugin. -->","_links":{"self":[{"href":"https:\/\/www.xtrememarkets.com\/US\/wp-json\/wp\/v2\/pages\/25260"}],"collection":[{"href":"https:\/\/www.xtrememarkets.com\/US\/wp-json\/wp\/v2\/pages"}],"about":[{"href":"https:\/\/www.xtrememarkets.com\/US\/wp-json\/wp\/v2\/types\/page"}],"author":[{"embeddable":true,"href":"https:\/\/www.xtrememarkets.com\/US\/wp-json\/wp\/v2\/users\/1"}],"replies":[{"embeddable":true,"href":"https:\/\/www.xtrememarkets.com\/US\/wp-json\/wp\/v2\/comments?post=25260"}],"version-history":[{"count":6,"href":"https:\/\/www.xtrememarkets.com\/US\/wp-json\/wp\/v2\/pages\/25260\/revisions"}],"predecessor-version":[{"id":26777,"href":"https:\/\/www.xtrememarkets.com\/US\/wp-json\/wp\/v2\/pages\/25260\/revisions\/26777"}],"wp:attachment":[{"href":"https:\/\/www.xtrememarkets.com\/US\/wp-json\/wp\/v2\/media?parent=25260"}],"curies":[{"name":"wp","href":"https:\/\/api.w.org\/{rel}","templated":true}]}}