{"id":25132,"date":"2020-06-01T05:59:25","date_gmt":"2020-06-01T05:59:25","guid":{"rendered":"https:\/\/www.xtreamforex.com\/?page_id=25132"},"modified":"2023-11-23T07:48:06","modified_gmt":"2023-11-23T07:48:06","slug":"position-size-calculator-spanish","status":"publish","type":"page","link":"https:\/\/www.xtrememarkets.com\/US\/es\/position-size-calculator-spanish\/","title":{"rendered":"Position Size Calculator"},"content":{"rendered":"<p>[vc_row full_width=&#8221;stretch_row&#8221; css=&#8221;.vc_custom_1689680753897{background-color: #000000 !important;}&#8221;][vc_column][vc_custom_heading text=&#8221;CALCULADORA DE TAMA\u00d1O DE POSICI\u00d3N&#8221; font_container=&#8221;tag:h3|font_size:35px|text_align:left|color:%23ffffff&#8221; google_fonts=&#8221;font_family:Roboto%3A100%2C100italic%2C300%2C300italic%2Cregular%2Citalic%2C500%2C500italic%2C700%2C700italic%2C900%2C900italic|font_style:400%20regular%3A400%3Anormal&#8221; el_class=&#8221;holiday_hd&#8221; css=&#8221;.vc_custom_1700725591209{padding-top: 20px !important;padding-left: 0px !important;}&#8221;][\/vc_column][\/vc_row][vc_row full_width=&#8221;stretch_row&#8221; css=&#8221;.vc_custom_1689680785433{background-color: #000000 !important;}&#8221;][vc_column][vc_column_text el_class=&#8221;cal_p&#8221; css=&#8221;.vc_custom_1700725682445{padding-top: 20px !important;padding-right: 30px !important;padding-left: 0px !important;}&#8221;]<span style=\"color: #ffffff;\">Administre su riesgo de manera efectiva con la calculadora del tama\u00f1o de posici\u00f3n de XtreamForex. Esta es una herramienta gratuita que le ayuda a estimar el tama\u00f1o correcto de su operaci\u00f3n para evitar riesgos excesivos.<\/span><br \/>\n<span style=\"color: #ffffff;\"><strong style=\"font-weight: 400;\">El tama\u00f1o de su posici\u00f3n siempre debe basarse en su tolerancia al riesgo.<\/strong>.<\/span>[\/vc_column_text][\/vc_column][\/vc_row][vc_row full_width=&#8221;stretch_row&#8221; css=&#8221;.vc_custom_1689680798849{background-color: #000000 !important;}&#8221;][vc_column][vc_raw_html]JTNDZGl2JTIwY2xhc3MlM0QlMjJjb250YWluZXIlMjIlM0UlMEElMjAlMjAlMjAlMjAlMjAlMjAlMjAlMjAlMjAlMjAlMjAlMjAlM0NkaXYlMjBjbGFzcyUzRCUyMmNhbGNfZnJhbWUlMjIlM0UlMEElMjAlMjAlMjAlMjAlMjAlMjAlMjAlMjAlMjAlMjAlMjAlMjAlMjAlM0NpZnJhbWUlMjBzcmMlM0QlMjJodHRwcyUzQSUyRiUyRmZyZWVzZXJ2LmR1a2FzY29weS5jb20lMkYyLjAlMkYlM0ZwYXRoJTNEcG9zaXRpb25fc2l6ZV9jYWxjdWxhdG9yJTJGaW5kZXglMjZhbXAlM0JzaG93SGVhZGVyJTNEZmFsc2UlMjZhbXAlM0JzaG93Rm9vdGVyJTNEZmFsc2UlMjZhbXAlM0JhY2NlbnRDb2xvciUzRCUyNTIzMTIwMDAwJTI2YW1wJTNCYXZhaWxhYmxlSW5zdHJ1bWVudHMlM0RsJTI1M0ElMjZhbXAlM0JpbnN0cnVtZW50JTNERVVSJTJGVVNEJTI2YW1wJTNCYWNjb3VudEN1cnJlbmN5JTNEVVNEJTI2YW1wJTNCYWNjb3VudEJhbGFuY2UlM0QxMDAwJTI2YW1wJTNCc3RvcExvc3NQaXBzJTNENTAlMjZhbXAlM0JyaXNrVW5pdCUzRDElMjZhbXAlM0JyaXNrUGVyY2VudGFnZSUzRDIlMjZhbXAlM0J3aWR0aCUzRDEwMCUyNTI1JTI2YW1wJTNCaGVpZ2h0JTNEMTAwJTI1MjUlMjZhbXAlM0JhZHYlM0Rwb3B1cCUyMiUyMGJvcmRlciUzRCUyMjAlMjIlMjBtYXJnaW53aWR0aCUzRCUyMjAlMjIlMjBtYXJnaW5oZWlnaHQlM0QlMjIwJTIyJTIwZnJhbWVib3JkZXIlM0QlMjIwJTIyJTIwc2Nyb2xsaW5nJTNEJTIybm8lMjIlMjB3aWR0aCUzRCUyMjEwMCUyNSUyMiUyMGhlaWdodCUzRCUyMjEwMCUyNSUyMiUzRSUzQyUyRmlmcmFtZSUzRSUzQyUyRmRpdiUzRSUwQSUyMCUyMCUyMCUyMCUyMCUyMCUyMCUyMCUzQyUyRmRpdiUzRQ==[\/vc_raw_html][\/vc_column][\/vc_row][vc_row][vc_column][vc_column_text][\/vc_column_text][\/vc_column][\/vc_row][vc_row][vc_column][\/vc_column][\/vc_row]<\/p>\n","protected":false},"excerpt":{"rendered":"<p>[vc_row full_width=&#8221;stretch_row&#8221; css=&#8221;.vc_custom_1689680753897{background-color: #000000 !important;}&#8221;][vc_column][vc_custom_heading text=&#8221;CALCULADORA DE TAMA\u00d1O DE POSICI\u00d3N&#8221; font_container=&#8221;tag:h3|font_size:35px|text_align:left|color:%23ffffff&#8221; google_fonts=&#8221;font_family:Roboto%3A100%2C100italic%2C300%2C300italic%2Cregular%2Citalic%2C500%2C500italic%2C700%2C700italic%2C900%2C900italic|font_style:400%20regular%3A400%3Anormal&#8221; el_class=&#8221;holiday_hd&#8221; css=&#8221;.vc_custom_1700725591209{padding-top: 20px !important;padding-left: 0px !important;}&#8221;][\/vc_column][\/vc_row][vc_row full_width=&#8221;stretch_row&#8221; css=&#8221;.vc_custom_1689680785433{background-color: #000000 !important;}&#8221;][vc_column][vc_column_text el_class=&#8221;cal_p&#8221; css=&#8221;.vc_custom_1700725682445{padding-top: 20px !important;padding-right: 30px !important;padding-left: 0px !important;}&#8221;]Administre su riesgo de manera efectiva con la calculadora del tama\u00f1o de posici\u00f3n de XtreamForex. Esta es una herramienta gratuita que le ayuda a estimar el<\/p>\n... <a href=\"https:\/\/www.xtrememarkets.com\/US\/es\/position-size-calculator-spanish\/\">continue reading<\/a>.","protected":false},"author":1,"featured_media":0,"parent":0,"menu_order":0,"comment_status":"closed","ping_status":"closed","template":"","meta":[],"yoast_head":"<!-- This site is optimized with the Yoast SEO Premium plugin v16.1 - https:\/\/yoast.com\/wordpress\/plugins\/seo\/ -->\r\n<title>Position Size Calculator - Xtreamforex<\/title>\r\n<meta name=\"description\" content=\"This is a free tool that helps you to estimate the right size of your trade to avoid excessive risk. Your position size should always be based on your risk tolerance.\" \/>\r\n<link rel=\"canonical\" href=\"https:\/\/www.xtrememarkets.com\/US\/es\/position-size-calculator-spanish\/\" \/>\r\n<meta property=\"og:locale\" content=\"en_US\" \/>\r\n<meta property=\"og:type\" content=\"article\" \/>\r\n<meta property=\"og:title\" content=\"Position Size Calculator - Xtreamforex\" \/>\r\n<meta property=\"og:description\" content=\"This is a free tool that helps you to estimate the right size of your trade to avoid excessive risk. Your position size should always be based on your risk tolerance.\" \/>\r\n<meta property=\"og:url\" content=\"https:\/\/www.xtrememarkets.com\/US\/es\/position-size-calculator-spanish\/\" \/>\r\n<meta property=\"og:site_name\" content=\"Xtreme Markets\" \/>\r\n<meta property=\"article:publisher\" content=\"https:\/\/www.facebook.com\/xtreamforex.official\/\" \/>\r\n<meta property=\"article:modified_time\" content=\"2023-11-23T07:48:06+00:00\" \/>\r\n<meta property=\"og:image\" content=\"https:\/\/www.xtrememarkets.com\/US\/wp-content\/uploads\/2024\/02\/image_2024_02_23T12_39_46_331Z.png\" \/>\r\n\t<meta property=\"og:image:width\" content=\"800\" \/>\r\n\t<meta property=\"og:image:height\" content=\"500\" \/>\r\n<meta name=\"twitter:card\" content=\"summary_large_image\" \/>\r\n<meta name=\"twitter:site\" content=\"@xtreamforex\" \/>\r\n<meta name=\"twitter:label1\" content=\"Est. reading time\">\n\t<meta name=\"twitter:data1\" content=\"2 minutes\">\r\n<script type=\"application\/ld+json\" class=\"yoast-schema-graph\">{\"@context\":\"https:\/\/schema.org\",\"@graph\":[{\"@type\":[\"Organization\",\"Place\"],\"@id\":\"https:\/\/www.xtrememarkets.com\/US\/#organization\",\"name\":\"Xtreamforex\",\"url\":\"https:\/\/www.xtrememarkets.com\/US\/\",\"sameAs\":[\"https:\/\/www.facebook.com\/xtreamforex.official\/\",\"https:\/\/www.instagram.com\/xtreamforex.official\/\",\"https:\/\/in.linkedin.com\/company\/xtream-forex\",\"https:\/\/www.youtube.com\/channel\/UCbbTuJV9XhurjZciRLdvFBg\",\"https:\/\/www.pinterest.com\/xtreamforex_trading\/\",\"https:\/\/twitter.com\/xtreamforex\"],\"logo\":{\"@id\":\"https:\/\/www.xtrememarkets.com\/US\/es\/position-size-calculator-spanish\/#local-main-organization-logo\"},\"image\":{\"@id\":\"https:\/\/www.xtrememarkets.com\/US\/es\/position-size-calculator-spanish\/#local-main-organization-logo\"},\"openingHoursSpecification\":[{\"@type\":\"OpeningHoursSpecification\",\"dayOfWeek\":[\"Monday\",\"Tuesday\",\"Wednesday\",\"Thursday\",\"Friday\",\"Saturday\",\"Sunday\"],\"opens\":\"09:00\",\"closes\":\"17:00\"}]},{\"@type\":\"WebSite\",\"@id\":\"https:\/\/www.xtrememarkets.com\/US\/#website\",\"url\":\"https:\/\/www.xtrememarkets.com\/US\/\",\"name\":\"Xtreme Markets\",\"description\":\"\",\"publisher\":{\"@id\":\"https:\/\/www.xtrememarkets.com\/US\/#organization\"},\"potentialAction\":[{\"@type\":\"SearchAction\",\"target\":\"https:\/\/www.xtrememarkets.com\/US\/?s={search_term_string}\",\"query-input\":\"required name=search_term_string\"}],\"inLanguage\":\"en-US\"},{\"@type\":\"WebPage\",\"@id\":\"https:\/\/www.xtrememarkets.com\/US\/es\/position-size-calculator-spanish\/#webpage\",\"url\":\"https:\/\/www.xtrememarkets.com\/US\/es\/position-size-calculator-spanish\/\",\"name\":\"Position Size Calculator - Xtreamforex\",\"isPartOf\":{\"@id\":\"https:\/\/www.xtrememarkets.com\/US\/#website\"},\"datePublished\":\"2020-06-01T05:59:25+00:00\",\"dateModified\":\"2023-11-23T07:48:06+00:00\",\"description\":\"This is a free tool that helps you to estimate the right size of your trade to avoid excessive risk. Your position size should always be based on your risk tolerance.\",\"breadcrumb\":{\"@id\":\"https:\/\/www.xtrememarkets.com\/US\/es\/position-size-calculator-spanish\/#breadcrumb\"},\"inLanguage\":\"en-US\",\"potentialAction\":[{\"@type\":\"ReadAction\",\"target\":[\"https:\/\/www.xtrememarkets.com\/US\/es\/position-size-calculator-spanish\/\"]}]},{\"@type\":\"BreadcrumbList\",\"@id\":\"https:\/\/www.xtrememarkets.com\/US\/es\/position-size-calculator-spanish\/#breadcrumb\",\"itemListElement\":[{\"@type\":\"ListItem\",\"position\":1,\"item\":{\"@type\":\"WebPage\",\"@id\":\"https:\/\/www.xtrememarkets.com\/US\/\",\"url\":\"https:\/\/www.xtrememarkets.com\/US\/\",\"name\":\"Home\"}},{\"@type\":\"ListItem\",\"position\":2,\"item\":{\"@type\":\"WebPage\",\"@id\":\"https:\/\/www.xtrememarkets.com\/US\/es\/position-size-calculator-spanish\/\",\"url\":\"https:\/\/www.xtrememarkets.com\/US\/es\/position-size-calculator-spanish\/\",\"name\":\"Position Size Calculator\"}}]},{\"@type\":\"ImageObject\",\"@id\":\"https:\/\/www.xtrememarkets.com\/US\/es\/position-size-calculator-spanish\/#local-main-organization-logo\",\"inLanguage\":\"en-US\",\"url\":\"https:\/\/www.xtrememarkets.com\/US\/wp-content\/uploads\/2024\/02\/image_2024_02_23T12_39_46_331Z.png\",\"contentUrl\":\"https:\/\/www.xtrememarkets.com\/US\/wp-content\/uploads\/2024\/02\/image_2024_02_23T12_39_46_331Z.png\",\"width\":800,\"height\":500,\"caption\":\"Xtreamforex\"}]}<\/script>\r\n<!-- \/ Yoast SEO Premium plugin. -->","_links":{"self":[{"href":"https:\/\/www.xtrememarkets.com\/US\/wp-json\/wp\/v2\/pages\/25132"}],"collection":[{"href":"https:\/\/www.xtrememarkets.com\/US\/wp-json\/wp\/v2\/pages"}],"about":[{"href":"https:\/\/www.xtrememarkets.com\/US\/wp-json\/wp\/v2\/types\/page"}],"author":[{"embeddable":true,"href":"https:\/\/www.xtrememarkets.com\/US\/wp-json\/wp\/v2\/users\/1"}],"replies":[{"embeddable":true,"href":"https:\/\/www.xtrememarkets.com\/US\/wp-json\/wp\/v2\/comments?post=25132"}],"version-history":[{"count":2,"href":"https:\/\/www.xtrememarkets.com\/US\/wp-json\/wp\/v2\/pages\/25132\/revisions"}],"predecessor-version":[{"id":25134,"href":"https:\/\/www.xtrememarkets.com\/US\/wp-json\/wp\/v2\/pages\/25132\/revisions\/25134"}],"wp:attachment":[{"href":"https:\/\/www.xtrememarkets.com\/US\/wp-json\/wp\/v2\/media?parent=25132"}],"curies":[{"name":"wp","href":"https:\/\/api.w.org\/{rel}","templated":true}]}}