{"id":24867,"date":"2025-10-24T04:47:04","date_gmt":"2025-10-24T04:47:04","guid":{"rendered":"https:\/\/www.xtreamforex.com\/?page_id=24867"},"modified":"2024-02-26T12:20:06","modified_gmt":"2024-02-26T12:20:06","slug":"ecn-account-spanish","status":"publish","type":"page","link":"https:\/\/www.xtrememarkets.com\/US\/es\/ecn-account-spanish\/","title":{"rendered":"Open ECN Account with Best ECN Forex Broker"},"content":{"rendered":"<p>[vc_row full_width=&#8221;stretch_row&#8221; css=&#8221;.vc_custom_1698751351343{margin-top: 0px !important;margin-bottom: 0px !important;padding-top: 70px !important;padding-bottom: 70px !important;background-image: url(https:\/\/www.xtrememarkets.com\/US\/wp-content\/uploads\/2023\/10\/ecn-account.png?id=24465) !important;background-position: center !important;background-repeat: no-repeat !important;background-size: cover !important;}&#8221;][vc_column][vc_column_text]<\/p>\n<p class=\"\" style=\"font-size: 50px; color: #db0100; font-weight: bold;\">CUENTA <span style=\"color: #fff;\">ECN<\/span><\/p>\n<p>[\/vc_column_text][\/vc_column][\/vc_row][vc_row full_width=&#8221;stretch_row&#8221; css=&#8221;.vc_custom_1698751259069{margin-top: 0px !important;background-color: #000000 !important;}&#8221;][vc_column width=&#8221;1\/2&#8243; el_class=&#8221;ecn_account_1sec&#8221;][vc_single_image image=&#8221;21039&#8243; img_size=&#8221;full&#8221; alignment=&#8221;center&#8221;][\/vc_column][vc_column width=&#8221;1\/2&#8243; el_class=&#8221;ecn_account_1sec&#8221; css=&#8221;.vc_custom_1686981205974{padding-top: 10% !important;}&#8221;][vc_column_text]<\/p>\n<p style=\"text-align: left;\"><span style=\"color: #ffffff; background-color: #db0100; padding: 5px;\">Xtreme Markets<\/span><\/p>\n<p>[\/vc_column_text][vc_column_text]<\/p>\n<h6 style=\"color: #ffffff; text-align: left; font-family: Abril Fatface; font-weight: 600; font-style: normal; font-size: 40px; margin-top: -20px; margin-bottom: 20px;\">CUENTA ECN<\/h6>\n<p>[\/vc_column_text][vc_column_text]<\/p>\n<p style=\"text-align: justify;\"><span style=\"color: #afafaf; font-size: 14px;\">ECN es una red de comunicaci\u00f3n electr\u00f3nica que vincula a distintos participantes en el mercado Forex: fondos de inversi\u00f3n, bancos, traders de forex individuales, etc. Para ejecutar su orden, la tecnolog\u00eda ECN busca entre todas las \u00f3rdenes realizadas por sus participantes en tiempo real. Cuando encuentra una orden opuesta con un precio coincidente y suficiente volumen, su orden se ejecuta. No hay intermediarios ni distribuidores involucrados en el proceso de ejecuci\u00f3n.<\/span><\/p>\n<p style=\"text-align: justify;\"><span style=\"color: #afafaf; font-size: 14px;\">La cuenta ECN de Forex se adapta a los traders de forex minoristas experimentados. Una caracter\u00edstica clave es el spread ECN recibido, que favorece estrategias de scalping. Hay un tama\u00f1o de operaci\u00f3n m\u00ednimo de 0,01 lotes y el incremento del tama\u00f1o de la operaci\u00f3n permanece flexible en 0,01. La cuenta ECN utiliza la plataforma MetaTrader 4.<\/span><\/p>\n<p>[\/vc_column_text][\/vc_column][\/vc_row][vc_row full_width=&#8221;stretch_row&#8221; css=&#8221;.vc_custom_1686981317458{padding-top: 30px !important;background-color: #000000 !important;background-position: center !important;background-repeat: no-repeat !important;background-size: cover !important;}&#8221;][vc_column][vc_column_text el_class=&#8221;career&#8221;]<\/p>\n<h2 style=\"font-size: 32px; font-weight: 400; text-align: center; margin-bottom: 25px;\"><span style=\"color: #ffffff;\">REG\u00cdSTRESE CON EL MEJOR BROKER DE FOREX ECN<\/span><\/h2>\n<p>&nbsp;<\/p>\n<table class=\"table example table-striped\" style=\"background: #fff; margin-bottom: 60px;\">\n<tbody>\n<tr style=\"background: #DB0100;\">\n<th style=\"color: #ffffff; font-weight: bold; width: 50%;\">TIPO DE CUENTA<\/th>\n<th style=\"color: #ffffff; font-weight: bold; width: 50%;\">ECN<\/th>\n<\/tr>\n<tr>\n<td>Dep\u00f3sito m\u00ednimo<\/td>\n<td>$250<\/td>\n<\/tr>\n<tr>\n<td>Spreads a partir de pips<\/td>\n<td>Raw Spread<\/td>\n<\/tr>\n<tr>\n<td>Comisi\u00f3n<\/td>\n<td>7$<\/td>\n<\/tr>\n<tr>\n<td>Nivel de Stop Out<\/td>\n<td>30%<\/td>\n<\/tr>\n<tr>\n<td>Llamada de margen<\/td>\n<td>60%<\/td>\n<\/tr>\n<tr>\n<td>Tipo de ejecuci\u00f3n Mercado<\/td>\n<td>Market<\/td>\n<\/tr>\n<tr>\n<td>Apalancamiento m\u00e1ximo<\/td>\n<td>1:400<\/td>\n<\/tr>\n<tr>\n<td>Cuentas sin swap<\/td>\n<td>Available Islamic<\/td>\n<\/tr>\n<tr>\n<td>Tama\u00f1o de orden m\u00ednimo en lotes<\/td>\n<td>0.01<\/td>\n<\/tr>\n<tr>\n<td>M\u00e1ximo de \u00f3rdenes abiertas:<\/td>\n<td>500<\/td>\n<\/tr>\n<tr>\n<td>Asesor experto<\/td>\n<td><img decoding=\"async\" loading=\"lazy\" class=\"size-full wp-image-691 aligncenter\" src=\"https:\/\/xtreamforex.com\/wp-content\/uploads\/2020\/05\/ticc.png\" alt=\"\" width=\"72\" height=\"56\" \/><\/td>\n<\/tr>\n<tr>\n<td>Scalping\/Cobertura<\/td>\n<td><img decoding=\"async\" loading=\"lazy\" class=\"size-full wp-image-691 aligncenter\" src=\"https:\/\/xtreamforex.com\/wp-content\/uploads\/2020\/05\/ticc.png\" alt=\"\" width=\"72\" height=\"56\" \/><\/td>\n<\/tr>\n<tr>\n<td>Volumen de trading m\u00e1ximo<\/td>\n<td>50 Lot<\/td>\n<\/tr>\n<tr>\n<td>Bono<\/td>\n<td><img decoding=\"async\" loading=\"lazy\" class=\"size-full wp-image-691 aligncenter\" src=\"https:\/\/xtreamforex.com\/wp-content\/uploads\/2020\/05\/ticc.png\" alt=\"\" width=\"72\" height=\"56\" \/><\/td>\n<\/tr>\n<tr>\n<td>Divisas de dep\u00f3sito<\/td>\n<td>USD<\/td>\n<\/tr>\n<tr>\n<td>Gestor de cuenta<\/td>\n<td><img decoding=\"async\" loading=\"lazy\" class=\"size-full wp-image-691 aligncenter\" src=\"https:\/\/xtreamforex.com\/wp-content\/uploads\/2020\/05\/ticc.png\" alt=\"\" width=\"72\" height=\"56\" \/><\/td>\n<\/tr>\n<\/tbody>\n<\/table>\n<p>[\/vc_column_text][\/vc_column][\/vc_row][vc_row full_width=&#8221;stretch_row&#8221; css=&#8221;.vc_custom_1686981326388{margin-top: -25px !important;padding-top: 8px !important;padding-bottom: 22px !important;background-color: #000000 !important;}&#8221;][vc_column width=&#8221;1\/6&#8243;][\/vc_column][vc_column width=&#8221;2\/3&#8243; el_id=&#8221;grey_btn_2&#8243;][vc_row_inner][vc_column_inner width=&#8221;5\/12&#8243;][vc_btn title=&#8221;Abierto en vivo Cuenta&#8221; style=&#8221;custom&#8221; custom_background=&#8221;#000000&#8243; custom_text=&#8221;#ffffff&#8221; shape=&#8221;square&#8221; align=&#8221;center&#8221; el_class=&#8221;white_border&#8221; link=&#8221;url:https%3A%2F%2Fmy.xtreamforex.com%2FAccount%2FRegister.php||target:%20_blank|&#8221;][\/vc_column_inner][vc_column_inner width=&#8221;1\/6&#8243;][vc_column_text el_class=&#8221;ptxt&#8221; el_id=&#8221;or_b&#8221;]<\/p>\n<p style=\"text-align: center;\">O<\/p>\n<p>[\/vc_column_text][\/vc_column_inner][vc_column_inner width=&#8221;5\/12&#8243;][vc_btn title=&#8221;Abrir cuenta demo&#8221; style=&#8221;custom&#8221; custom_background=&#8221;#000000&#8243; custom_text=&#8221;#ffffff&#8221; shape=&#8221;square&#8221; align=&#8221;center&#8221; el_class=&#8221;white_border&#8221; link=&#8221;url:https%3A%2F%2Fmy.xtreamforex.com%2FAccount%2FRegister.php||target:%20_blank|&#8221;][\/vc_column_inner][\/vc_row_inner][\/vc_column][vc_column width=&#8221;1\/6&#8243;][\/vc_column][\/vc_row]<\/p>\n","protected":false},"excerpt":{"rendered":"<p>[vc_row full_width=&#8221;stretch_row&#8221; css=&#8221;.vc_custom_1698751351343{margin-top: 0px !important;margin-bottom: 0px !important;padding-top: 70px !important;padding-bottom: 70px !important;background-image: url(https:\/\/www.xtrememarkets.com\/US\/wp-content\/uploads\/2023\/10\/ecn-account.png?id=24465) !important;background-position: center !important;background-repeat: no-repeat !important;background-size: cover !important;}&#8221;][vc_column][vc_column_text] CUENTA ECN [\/vc_column_text][\/vc_column][\/vc_row][vc_row full_width=&#8221;stretch_row&#8221; css=&#8221;.vc_custom_1698751259069{margin-top: 0px !important;background-color: #000000 !important;}&#8221;][vc_column width=&#8221;1\/2&#8243; el_class=&#8221;ecn_account_1sec&#8221;][vc_single_image image=&#8221;21039&#8243; img_size=&#8221;full&#8221; alignment=&#8221;center&#8221;][\/vc_column][vc_column width=&#8221;1\/2&#8243; el_class=&#8221;ecn_account_1sec&#8221; css=&#8221;.vc_custom_1686981205974{padding-top: 10% !important;}&#8221;][vc_column_text] Xtreme Markets [\/vc_column_text][vc_column_text] CUENTA ECN [\/vc_column_text][vc_column_text] ECN es una red de comunicaci\u00f3n electr\u00f3nica que vincula a distintos<\/p>\n... <a href=\"https:\/\/www.xtrememarkets.com\/US\/es\/ecn-account-spanish\/\">continue reading<\/a>.","protected":false},"author":1,"featured_media":0,"parent":0,"menu_order":0,"comment_status":"closed","ping_status":"closed","template":"","meta":[],"yoast_head":"<!-- This site is optimized with the Yoast SEO Premium plugin v16.1 - https:\/\/yoast.com\/wordpress\/plugins\/seo\/ -->\r\n<title>Join Best ECN Forex Broker to link with forex participants<\/title>\r\n<meta name=\"description\" content=\"Connect with top banks, investment funds &amp; forex traders that generate great leverage &amp; margin call for you. Earn money easily with the best ECN forex broker!\" \/>\r\n<link rel=\"canonical\" href=\"https:\/\/www.xtrememarkets.com\/US\/es\/ecn-account-spanish\/\" \/>\r\n<meta property=\"og:locale\" content=\"en_US\" \/>\r\n<meta property=\"og:type\" content=\"article\" \/>\r\n<meta property=\"og:title\" content=\"Join Best ECN Forex Broker to link with forex participants\" \/>\r\n<meta property=\"og:description\" content=\"Connect with top banks, investment funds &amp; forex traders that generate great leverage &amp; margin call for you. Earn money easily with the best ECN forex broker!\" \/>\r\n<meta property=\"og:url\" content=\"https:\/\/www.xtrememarkets.com\/US\/es\/ecn-account-spanish\/\" \/>\r\n<meta property=\"og:site_name\" content=\"Xtreme Markets\" \/>\r\n<meta property=\"article:publisher\" content=\"https:\/\/www.facebook.com\/xtreamforex.official\/\" \/>\r\n<meta property=\"article:modified_time\" content=\"2024-02-26T12:20:06+00:00\" \/>\r\n<meta property=\"og:image\" content=\"https:\/\/www.xtrememarkets.com\/wp-content\/uploads\/2023\/07\/link-banner.jpg\" \/>\r\n<meta name=\"twitter:card\" content=\"summary_large_image\" \/>\r\n<meta name=\"twitter:site\" content=\"@xtreamforex\" \/>\r\n<meta name=\"twitter:label1\" content=\"Est. reading time\">\n\t<meta name=\"twitter:data1\" content=\"3 minutes\">\r\n<script type=\"application\/ld+json\" class=\"yoast-schema-graph\">{\"@context\":\"https:\/\/schema.org\",\"@graph\":[{\"@type\":[\"Organization\",\"Place\"],\"@id\":\"https:\/\/www.xtrememarkets.com\/US\/#organization\",\"name\":\"Xtreamforex\",\"url\":\"https:\/\/www.xtrememarkets.com\/US\/\",\"sameAs\":[\"https:\/\/www.facebook.com\/xtreamforex.official\/\",\"https:\/\/www.instagram.com\/xtreamforex.official\/\",\"https:\/\/in.linkedin.com\/company\/xtream-forex\",\"https:\/\/www.youtube.com\/channel\/UCbbTuJV9XhurjZciRLdvFBg\",\"https:\/\/www.pinterest.com\/xtreamforex_trading\/\",\"https:\/\/twitter.com\/xtreamforex\"],\"logo\":{\"@id\":\"https:\/\/www.xtrememarkets.com\/US\/es\/ecn-account-spanish\/#local-main-organization-logo\"},\"image\":{\"@id\":\"https:\/\/www.xtrememarkets.com\/US\/es\/ecn-account-spanish\/#local-main-organization-logo\"},\"openingHoursSpecification\":[{\"@type\":\"OpeningHoursSpecification\",\"dayOfWeek\":[\"Monday\",\"Tuesday\",\"Wednesday\",\"Thursday\",\"Friday\",\"Saturday\",\"Sunday\"],\"opens\":\"09:00\",\"closes\":\"17:00\"}]},{\"@type\":\"WebSite\",\"@id\":\"https:\/\/www.xtrememarkets.com\/US\/#website\",\"url\":\"https:\/\/www.xtrememarkets.com\/US\/\",\"name\":\"Xtreme Markets\",\"description\":\"\",\"publisher\":{\"@id\":\"https:\/\/www.xtrememarkets.com\/US\/#organization\"},\"potentialAction\":[{\"@type\":\"SearchAction\",\"target\":\"https:\/\/www.xtrememarkets.com\/US\/?s={search_term_string}\",\"query-input\":\"required name=search_term_string\"}],\"inLanguage\":\"en-US\"},{\"@type\":\"ImageObject\",\"@id\":\"https:\/\/www.xtrememarkets.com\/US\/es\/ecn-account-spanish\/#primaryimage\",\"inLanguage\":\"en-US\",\"url\":\"\",\"contentUrl\":\"\"},{\"@type\":\"WebPage\",\"@id\":\"https:\/\/www.xtrememarkets.com\/US\/es\/ecn-account-spanish\/#webpage\",\"url\":\"https:\/\/www.xtrememarkets.com\/US\/es\/ecn-account-spanish\/\",\"name\":\"Join Best ECN Forex Broker to link with forex participants\",\"isPartOf\":{\"@id\":\"https:\/\/www.xtrememarkets.com\/US\/#website\"},\"primaryImageOfPage\":{\"@id\":\"https:\/\/www.xtrememarkets.com\/US\/es\/ecn-account-spanish\/#primaryimage\"},\"datePublished\":\"2025-10-24T04:47:04+00:00\",\"dateModified\":\"2024-02-26T12:20:06+00:00\",\"description\":\"Connect with top banks, investment funds & forex traders that generate great leverage & margin call for you. Earn money easily with the best ECN forex broker!\",\"breadcrumb\":{\"@id\":\"https:\/\/www.xtrememarkets.com\/US\/es\/ecn-account-spanish\/#breadcrumb\"},\"inLanguage\":\"en-US\",\"potentialAction\":[{\"@type\":\"ReadAction\",\"target\":[\"https:\/\/www.xtrememarkets.com\/US\/es\/ecn-account-spanish\/\"]}]},{\"@type\":\"BreadcrumbList\",\"@id\":\"https:\/\/www.xtrememarkets.com\/US\/es\/ecn-account-spanish\/#breadcrumb\",\"itemListElement\":[{\"@type\":\"ListItem\",\"position\":1,\"item\":{\"@type\":\"WebPage\",\"@id\":\"https:\/\/www.xtrememarkets.com\/US\/\",\"url\":\"https:\/\/www.xtrememarkets.com\/US\/\",\"name\":\"Home\"}},{\"@type\":\"ListItem\",\"position\":2,\"item\":{\"@type\":\"WebPage\",\"@id\":\"https:\/\/www.xtrememarkets.com\/US\/es\/ecn-account-spanish\/\",\"url\":\"https:\/\/www.xtrememarkets.com\/US\/es\/ecn-account-spanish\/\",\"name\":\"Open ECN Account with Best ECN Forex Broker\"}}]},{\"@type\":\"ImageObject\",\"@id\":\"https:\/\/www.xtrememarkets.com\/US\/es\/ecn-account-spanish\/#local-main-organization-logo\",\"inLanguage\":\"en-US\",\"url\":\"https:\/\/www.xtrememarkets.com\/US\/wp-content\/uploads\/2024\/02\/image_2024_02_23T12_39_46_331Z.png\",\"contentUrl\":\"https:\/\/www.xtrememarkets.com\/US\/wp-content\/uploads\/2024\/02\/image_2024_02_23T12_39_46_331Z.png\",\"width\":800,\"height\":500,\"caption\":\"Xtreamforex\"}]}<\/script>\r\n<!-- \/ Yoast SEO Premium plugin. -->","_links":{"self":[{"href":"https:\/\/www.xtrememarkets.com\/US\/wp-json\/wp\/v2\/pages\/24867"}],"collection":[{"href":"https:\/\/www.xtrememarkets.com\/US\/wp-json\/wp\/v2\/pages"}],"about":[{"href":"https:\/\/www.xtrememarkets.com\/US\/wp-json\/wp\/v2\/types\/page"}],"author":[{"embeddable":true,"href":"https:\/\/www.xtrememarkets.com\/US\/wp-json\/wp\/v2\/users\/1"}],"replies":[{"embeddable":true,"href":"https:\/\/www.xtrememarkets.com\/US\/wp-json\/wp\/v2\/comments?post=24867"}],"version-history":[{"count":5,"href":"https:\/\/www.xtrememarkets.com\/US\/wp-json\/wp\/v2\/pages\/24867\/revisions"}],"predecessor-version":[{"id":26765,"href":"https:\/\/www.xtrememarkets.com\/US\/wp-json\/wp\/v2\/pages\/24867\/revisions\/26765"}],"wp:attachment":[{"href":"https:\/\/www.xtrememarkets.com\/US\/wp-json\/wp\/v2\/media?parent=24867"}],"curies":[{"name":"wp","href":"https:\/\/api.w.org\/{rel}","templated":true}]}}