{"id":26901,"date":"2020-09-17T10:59:19","date_gmt":"2020-09-17T10:59:19","guid":{"rendered":"https:\/\/www.xtrememarkets.com\/?page_id=26901"},"modified":"2024-02-29T08:17:40","modified_gmt":"2024-02-29T08:17:40","slug":"xtream-tutorial-guide-vietnam","status":"publish","type":"page","link":"https:\/\/www.xtrememarkets.com\/ID\/vi\/xtream-tutorial-guide-vietnam\/","title":{"rendered":"Xtream Tutorial Guide"},"content":{"rendered":"<p>[vc_row full_width=&#8221;stretch_row&#8221; css=&#8221;.vc_custom_1698819097239{margin-top: 0px !important;margin-bottom: 0px !important;padding-top: 70px !important;padding-bottom: 70px !important;background-image: url(https:\/\/www.xtrememarkets.com\/ID\/wp-content\/uploads\/2023\/11\/Live-webinars.png?id=24527) !important;background-position: center !important;background-repeat: no-repeat !important;background-size: cover !important;}&#8221;][vc_column][vc_column_text]<\/p>\n<p class=\"upper-head-para\" style=\"color: #db0100; font-weight: bold;\">H\u01af\u1edaNG D\u1eaaN H\u01af\u1edaNG D\u1eaaN <span style=\"color: #fff;\">XTREME<\/span><\/p>\n<p>[\/vc_column_text][\/vc_column][\/vc_row][vc_row full_width=&#8221;stretch_row&#8221; css=&#8221;.vc_custom_1698825791223{margin-top: 0px !important;background-color: #000000 !important;}&#8221; el_class=&#8221;tool_need&#8221;][vc_column][vc_column_text]<\/p>\n<h4 style=\"text-align: center; color: #fff; font-size: 30px; font-weight: 600;\"><span style=\"color:#db1000;\">Video h\u01b0\u1edbng d\u1eabn gi\u1edbi thi\u1ec7u <\/span>Xtreme Markets<\/h4>\n<p>[\/vc_column_text][vc_column_text el_class=&#8221;video_text&#8221; css=&#8221;.vc_custom_1709193633323{margin-bottom: 0px !important;}&#8221;]<\/p>\n<p style=\"text-align: center; color: #afafaf; font-size: 14px; line-height: 25px;\">Ch\u00fang t\u00f4i cung c\u1ea5p cho c\u00e1c nh\u00e0 giao d\u1ecbch c\u1ee7a m\u00ecnh t\u1ea5t c\u1ea3 c\u00e1c c\u00f4ng c\u1ee5 c\u1ea7n thi\u1ebft \u0111\u1ec3 ki\u1ebfm l\u1ee3i nhu\u1eadn t\u1eeb giao d\u1ecbch tr\u1ef1c tuy\u1ebfn. H\u01b0\u1edbng d\u1eabn H\u01b0\u1edbng d\u1eabn Xtreme c\u00f3 s\u1eb5n m\u00e0 kh\u00f4ng c\u1ea7n \u0111\u0103ng k\u00fd v\u00e0 h\u01b0\u1edbng d\u1eabn n\u00e0y bao g\u1ed3m c\u00e1c kh\u00e1i ni\u1ec7m gi\u1edbi thi\u1ec7u v\u1ec1 Th\u1ecb tr\u01b0\u1eddng Xtreme, H\u01b0\u1edbng d\u1eabn Metatrader v\u00e0 sao ch\u00e9p giao d\u1ecbch<\/p>\n<p>[\/vc_column_text][\/vc_column][\/vc_row][vc_row full_width=&#8221;stretch_row&#8221; css=&#8221;.vc_custom_1688011988971{margin-right: 0px !important;margin-bottom: 30px !important;margin-left: 0px !important;background-color: #000000 !important;}&#8221; el_class=&#8221;sec_1&#8243; el_id=&#8221;Rsec_1&#8243;][vc_column width=&#8221;1\/2&#8243; css=&#8221;.vc_custom_1688011981700{margin-top: 10% !important;padding-top: 0px !important;padding-right: 0px !important;padding-bottom: 0px !important;padding-left: 0px !important;}&#8221; el_class=&#8221;border_grey_popup&#8221;][vc_column_text]<\/p>\n<p style=\"text-align: center; color: #db1000; font-size: 30px; letter-spacing: 0.9px;\"><strong>MyXtreme<\/strong><br \/>\n<span style=\"color: #fff; font-weight: 100;\">H\u01b0\u1edbng d\u1eabn v\u1ec1 Khu v\u1ef1c\/T\u00e0i kho\u1ea3n<\/span><\/p>\n<p>[\/vc_column_text][vc_single_image image=&#8221;21345&#8243; img_size=&#8221;full&#8221; alignment=&#8221;center&#8221; css=&#8221;.vc_custom_1687763283192{margin-bottom: 0px !important;}&#8221;][vc_column_text]<\/p>\n<p style=\"text-align: justify; font-size: 14px; color: #afafaf; margin: 0px 20px; line-height: 25px;\">My Xtreme Area l\u00e0 gi\u1ea3i ph\u00e1p qu\u1ea3n l\u00fd t\u00e0i kho\u1ea3n t\u1ea5t c\u1ea3 trong m\u1ed9t cho ph\u00e9p ki\u1ec3m so\u00e1t ho\u00e0n to\u00e0n c\u00e1c ho\u1ea1t \u0111\u1ed9ng giao d\u1ecbch v\u00e0 t\u00e0i ch\u00ednh c\u1ee7a b\u1ea1n. Trong video h\u01b0\u1edbng d\u1eabn My Xtreme, b\u1ea1n s\u1ebd t\u00ecm hi\u1ec3u c\u00e1ch m\u1edf t\u00e0i kho\u1ea3n, c\u00e1ch g\u1eedi v\u00e0 r\u00fat ti\u1ec1n, v.v. T\u1ea5t c\u1ea3 c\u00e1c nh\u00e0 giao d\u1ecbch ngo\u1ea1i h\u1ed1i ph\u1ea3i hi\u1ec3u c\u00e1c kh\u00e1i ni\u1ec7m c\u01a1 b\u1ea3n \u0111\u1ec3 s\u1eed d\u1ee5ng b\u1ea3ng \u0111i\u1ec1u khi\u1ec3n Xtreme Markets cho ph\u00e9p h\u1ecd giao d\u1ecbch. Hi\u1ec3u \u0111\u01b0\u1ee3c m\u1ed9t s\u1ed1 video n\u00e0y s\u1ebd gi\u00fap \u00edch cho t\u1ea5t c\u1ea3 c\u00e1c nh\u00e0 giao d\u1ecbch trong s\u1ef1 nghi\u1ec7p giao d\u1ecbch c\u1ee7a h\u1ecd.<\/p>\n<p>[\/vc_column_text][vc_raw_html css=&#8221;.vc_custom_1709193843891{margin-top: 51px !important;margin-bottom: 51px !important;}&#8221; el_class=&#8221;arrow_cont&#8221;]JTNDYSUyMGhyZWYlM0QlMjJqYXZhc2NyaXB0JTNBJTIyJTIwZGF0YS10YXJnJTNEJTIyJTIzUm93X3RhYl8xJTIyJTIwY2xhc3MlM0QlMjJ2Y19wYWdpbmF0aW9uLXRyaWdnZXIlMjIlMjBkYXRhLWlkJTNEJTIyJTIzUnNlY18xJTIyJTIwZGF0YS12Yy10YWJzJTNEJTIyJTIyJTIwZGF0YS12Yy1jb250YWluZXIlM0QlMjIudmNfdHRhJTIyJTNFJTNDaSUyMGNsYXNzJTNEJTIyZmElMjBhcnJvd19pY24lMjBmYS1jaGV2cm9uLWNpcmNsZS1kb3duJTIyJTNFWGVtJTIwdmlkZW8lM0MlMkZpJTNFJTNDJTJGYSUzRQ==[\/vc_raw_html][\/vc_column][vc_column width=&#8221;1\/2&#8243; el_class=&#8221;para&#8221; css=&#8221;.vc_custom_1688013117828{margin-top: 18% !important;padding-top: 0px !important;padding-bottom: 0px !important;}&#8221;][vc_column_text]<\/p>\n<p class=\"guide-text\" style=\"text-align: center; color: #db1000; font-size: 30px; letter-spacing: 0.9px; font-weight: 600;\">SAO CH\u00c9P H\u01af\u1edaNG D\u1eaaN <span style=\"color: #fff; font-weight: 100;\"> GIAO D\u1ecaCH<\/span><\/p>\n<p>[\/vc_column_text][vc_single_image image=&#8221;21346&#8243; img_size=&#8221;full&#8221; alignment=&#8221;center&#8221; css=&#8221;.vc_custom_1687763297414{margin-bottom: 0px !important;}&#8221;][vc_column_text]<\/p>\n<p class=\"text_guide2\" style=\"text-align: justify; font-size: 14px; color: #afafaf; margin: 28px 20px 0px; letter-spacing: 0px; line-height: 25px;\">Xtreme Markets Copy Trading mang \u0111\u1ebfn c\u01a1 h\u1ed9i sao ch\u00e9p t\u1ef1 \u0111\u1ed9ng c\u00e1c nh\u00e0 giao d\u1ecbch h\u00e0ng \u0111\u1ea7u \u0111\u1ec3 b\u1ea1n kh\u00f4ng ph\u1ea3i m\u1ea5t nhi\u1ec1u gi\u1edd \u0111\u1ec3 ph\u00e1t tri\u1ec3n chi\u1ebfn l\u01b0\u1ee3c c\u1ee7a ri\u00eang m\u00ecnh. Ch\u1ecdn chuy\u00ean gia Forex gi\u1ecfi nh\u1ea5t v\u00e0 \u0111a d\u1ea1ng h\u00f3a danh m\u1ee5c \u0111\u1ea7u t\u01b0 giao d\u1ecbch c\u1ee7a b\u1ea1n. B\u1ea1n t\u00f2 m\u00f2 v\u1ec1 quy tr\u00ecnh ho\u1ea1t \u0111\u1ed9ng c\u1ee7a Sao ch\u00e9p Giao d\u1ecbch? \u0110\u1eebng lo l\u1eafng Xtreme Markets lu\u00f4n s\u1eb5n s\u00e0ng tr\u1ee3 gi\u00fap b\u1ea1n. Xem nh\u1eefng video n\u00e0y \u0111\u1ec3 T\u00ecm hi\u1ec3u v\u1ec1 Giao d\u1ecbch Sao ch\u00e9p.<\/p>\n<p>[\/vc_column_text][vc_raw_html css=&#8221;.vc_custom_1709193852250{margin-top: 51px !important;margin-bottom: 51px !important;}&#8221; el_class=&#8221;arrow_cont&#8221;]JTNDYSUyMGhyZWYlM0QlMjJqYXZhc2NyaXB0JTNBJTIyJTIwZGF0YS10YXJnJTNEJTIyJTIzUm93X3RhYl8zJTIyJTIwZGF0YS1pZCUzRCUyMiUyM1JzZWNfMyUyMiUyMGNsYXNzJTNEJTIydmNfcGFnaW5hdGlvbi10cmlnZ2VyJTIyJTIwZGF0YS12Yy10YWJzJTNEJTIyJTIyJTIwZGF0YS12Yy1jb250YWluZXIlM0QlMjIudmNfdHRhJTIyJTIwJTBBaWQlM0QlMjJSc2VjMzMlMjIlM0UlM0NpJTIwY2xhc3MlM0QlMjJmYSUyMGFycm93X2ljbiUyMGZhLWNoZXZyb24tY2lyY2xlLWRvd24lMjIlM0VYZW0lMjB2aWRlbyUwQSUzQyUyRmklM0UlM0MlMkZhJTNF[\/vc_raw_html][\/vc_column][\/vc_row][vc_row full_width=&#8221;stretch_row&#8221; css=&#8221;.vc_custom_1687766561060{margin-right: 0px !important;margin-bottom: 30px !important;margin-left: 0px !important;background-color: #000000 !important;}&#8221; el_class=&#8221;sec_1&#8243; el_id=&#8221;Rsec_3&#8243;][vc_column width=&#8221;1\/2&#8243; css=&#8221;.vc_custom_1591265619062{padding-top: 0px !important;padding-right: 0px !important;padding-bottom: 0px !important;padding-left: 0px !important;}&#8221;][\/vc_column][vc_column width=&#8221;1\/2&#8243; el_class=&#8221;para&#8221; css=&#8221;.vc_custom_1591267374132{margin-top: 28px !important;margin-bottom: 28px !important;padding-top: 0px !important;padding-bottom: 0px !important;}&#8221;][\/vc_column][\/vc_row][vc_row full_width=&#8221;stretch_row&#8221; css=&#8221;.vc_custom_1687945972938{padding-top: 0px !important;padding-bottom: 0px !important;background-color: #000000 !important;}&#8221; el_id=&#8221;Row_tab_1&#8243; el_class=&#8221;tab_panel&#8221;][vc_column][vc_row_inner css=&#8221;.vc_custom_1591273025566{padding-top: 0px !important;padding-bottom: 0px !important;}&#8221;][vc_column_inner el_class=&#8221;video-btn&#8221; width=&#8221;1\/4&#8243; el_id=&#8221;video_cont&#8221;][vc_column_text]<iframe loading=\"lazy\" src=\"https:\/\/www.youtube.com\/embed\/L_YYu8pWVGM\" width=\"560\" height=\"210\" frameborder=\"0\" allowfullscreen=\"allowfullscreen\"><\/iframe>[\/vc_column_text][\/vc_column_inner][vc_column_inner el_class=&#8221;video-box&#8221; width=&#8221;1\/4&#8243; css=&#8221;.vc_custom_1600511082960{padding-top: 0px !important;}&#8221;][vc_column_text]<iframe loading=\"lazy\" src=\"https:\/\/www.youtube.com\/embed\/8twKa4uUHOw\" width=\"560\" height=\"210\" frameborder=\"0\" allowfullscreen=\"allowfullscreen\"><\/iframe>[\/vc_column_text][\/vc_column_inner][vc_column_inner width=&#8221;1\/4&#8243;][vc_column_text]<iframe loading=\"lazy\" src=\"https:\/\/www.youtube.com\/embed\/EHVZsY3vEkg\" width=\"560\" height=\"210\" frameborder=\"0\" allowfullscreen=\"allowfullscreen\"><\/iframe>[\/vc_column_text][\/vc_column_inner][vc_column_inner width=&#8221;1\/4&#8243;][vc_column_text]<iframe loading=\"lazy\" src=\"https:\/\/www.youtube.com\/embed\/85RSDxEl1vk\" width=\"560\" height=\"210\" frameborder=\"0\" allowfullscreen=\"allowfullscreen\"><\/iframe>[\/vc_column_text][\/vc_column_inner][\/vc_row_inner][vc_row_inner][vc_column_inner el_class=&#8221;video-btn&#8221; width=&#8221;1\/4&#8243;][vc_column_text]<iframe loading=\"lazy\" src=\"https:\/\/www.youtube.com\/embed\/DSzAWpfmvsE\" width=\"560\" height=\"210\" frameborder=\"0\" allowfullscreen=\"allowfullscreen\"><\/iframe>[\/vc_column_text][\/vc_column_inner][vc_column_inner el_class=&#8221;video-box&#8221; width=&#8221;1\/4&#8243;][vc_column_text]<iframe loading=\"lazy\" src=\"https:\/\/www.youtube.com\/embed\/xVbKFGA94Ak\" width=\"560\" height=\"210\" frameborder=\"0\" allowfullscreen=\"allowfullscreen\"><\/iframe>[\/vc_column_text][\/vc_column_inner][vc_column_inner width=&#8221;1\/4&#8243;][vc_column_text]<iframe loading=\"lazy\" src=\"https:\/\/www.youtube.com\/embed\/OsBzxNe6zGg\" width=\"560\" height=\"210\" frameborder=\"0\" allowfullscreen=\"allowfullscreen\"><\/iframe>[\/vc_column_text][\/vc_column_inner][vc_column_inner width=&#8221;1\/4&#8243;][\/vc_column_inner][\/vc_row_inner][\/vc_column][\/vc_row][vc_row full_width=&#8221;stretch_row&#8221; css=&#8221;.vc_custom_1688014929218{margin-top: 0px !important;padding-top: 0px !important;padding-bottom: 0px !important;background-color: #000000 !important;}&#8221; el_id=&#8221;Row_tab_3&#8243; el_class=&#8221;tab_panel&#8221;][vc_column][vc_row_inner][vc_column_inner el_class=&#8221;video-btn&#8221; width=&#8221;1\/2&#8243;][vc_column_text]<iframe loading=\"lazy\" src=\"https:\/\/www.youtube.com\/embed\/9lRn_bIsCqc\" width=\"560\" height=\"310\" frameborder=\"0\" allowfullscreen=\"allowfullscreen\"><\/iframe>[\/vc_column_text][\/vc_column_inner][vc_column_inner el_class=&#8221;video-box&#8221; width=&#8221;1\/2&#8243;][vc_column_text]<iframe loading=\"lazy\" src=\"https:\/\/www.youtube.com\/embed\/vxvjY_2y92E\" width=\"560\" height=\"310\" frameborder=\"0\" allowfullscreen=\"allowfullscreen\"><\/iframe>[\/vc_column_text][\/vc_column_inner][\/vc_row_inner][vc_row_inner][vc_column_inner el_class=&#8221;video-btn&#8221; width=&#8221;1\/2&#8243;][\/vc_column_inner][vc_column_inner el_class=&#8221;video-box&#8221; width=&#8221;1\/2&#8243;][vc_custom_heading text=&#8221;L\u00e0m th\u1ebf n\u00e0o \u0111\u1ec3 tr\u1edf th\u00e0nh nh\u00e0 qu\u1ea3n l\u00fd qu\u1ef9?<br \/>\n&#8221; font_container=&#8221;tag:h2|font_size:20|text_align:left|color:%23db0100&#8243; use_theme_fonts=&#8221;yes&#8221; el_class=&#8221;video-detail&#8221; css=&#8221;.vc_custom_1709193879182{margin-top: 10px !important;margin-right: 0px !important;margin-bottom: 10px !important;margin-left: 5px !important;}&#8221;][vc_column_text el_class=&#8221;video-detail&#8221; css=&#8221;.vc_custom_1709193894675{padding-bottom: 5% !important;}&#8221;]<span style=\"color: #333333;\">Trong Video n\u00e0y T\u00ecm hi\u1ec3u c\u00e1ch \u0111\u0103ng k\u00fd T\u00e0i kho\u1ea3n Nh\u00e0 qu\u1ea3n l\u00fd Qu\u1ef9 v\u1edbi XtreamForex. N\u1ebfu b\u1ea1n c\u00f3 kinh nghi\u1ec7m giao d\u1ecbch t\u1ed1t th\u00ec h\u00e3y th\u1ec3 hi\u1ec7n k\u1ef9 n\u0103ng c\u1ee7a m\u00ecnh v\u00e0 thu h\u00fat Ng\u01b0\u1eddi theo d\u00f5i.<br \/>\n<\/span>[\/vc_column_text][\/vc_column_inner][\/vc_row_inner][\/vc_column][\/vc_row][vc_row full_width=&#8221;stretch_row&#8221; css=&#8221;.vc_custom_1687931125154{margin-bottom: 0px !important;background-color: #000000 !important;}&#8221; el_class=&#8221;register_with_xtreamforex&#8221;][vc_column][vc_column_text el_class=&#8221;para&#8221; css=&#8221;.vc_custom_1709193933675{margin-bottom: 16px !important;}&#8221;]<\/p>\n<p style=\"text-align: center; color: #fff; font-size: 35px; letter-spacing: 1px;\"><strong>\u0110\u0103ng k\u00fd v\u1edbi th\u1ecb <span style=\"color: #db1000;\">tr\u01b0\u1eddng Xtreme<\/span><\/strong><\/p>\n<p>[\/vc_column_text][vc_column_text el_class=&#8221;para&#8221;]<\/p>\n<p style=\"text-align: center; color: #afafaf; margin-top: -10px; font-size: 14px; font-weight: 100;\"><strong>D\u01b0\u1edbi \u0111\u00e2y l\u00e0 m\u1ed9t s\u1ed1 b\u01b0\u1edbc c\u1ea7n thi\u1ebft \u0111\u1ec3 t\u1ea1o t\u00e0i kho\u1ea3n<br \/>\n<\/strong><\/p>\n<p>[\/vc_column_text][\/vc_column][\/vc_row][vc_row full_width=&#8221;stretch_row&#8221; css=&#8221;.vc_custom_1688019156022{padding-bottom: 40px !important;background-color: #000000 !important;}&#8221; el_id=&#8221;last_sec_guidesection&#8221;][vc_column width=&#8221;1\/4&#8243; el_class=&#8221;round_img_1_XTG&#8221;][vc_single_image image=&#8221;21411&#8243; img_size=&#8221;full&#8221; alignment=&#8221;center&#8221;][vc_column_text el_class=&#8221;enrol_text&#8221;]<\/p>\n<h6 style=\"color: #db1000; font-size: 14px; text-align: center; margin-bottom: 5px; font-weight: 600; text-transform: capitalize;\">\u0110\u0103ng k\u00fd<\/h6>\n<p style=\"text-align: center; font-size: 12px; color: #000;\">\u0110\u1ec3 m\u1edf T\u00e0i kho\u1ea3n giao d\u1ecbch Forex v\u1edbi Xtreme Markets, h\u00e3y \u0111i\u1ec1n t\u1ea5t c\u1ea3 th\u00f4ng tin v\u00e0o m\u1eabu \u0111\u0103ng k\u00fd tr\u1ef1c tuy\u1ebfn.<\/p>\n<p>[\/vc_column_text][\/vc_column][vc_column width=&#8221;1\/4&#8243; el_class=&#8221;round_img_2_XTG&#8221;][vc_single_image image=&#8221;21412&#8243; img_size=&#8221;full&#8221; alignment=&#8221;center&#8221;][vc_column_text el_class=&#8221;enrol_text&#8221;]<\/p>\n<h6 style=\"color: #db1000; font-size: 14px; text-align: center; margin-bottom: 5px; font-weight: 600; text-transform: capitalize;\">X\u00e1c minh<\/h6>\n<p style=\"text-align: center; font-size: 12px; color: #000;\">\u0110\u1ec3 x\u00e1c minh t\u00e0i kho\u1ea3n c\u1ee7a b\u1ea1n, b\u1ea1n c\u1ea7n g\u1eedi t\u1ea5t c\u1ea3 t\u00e0i li\u1ec7u \u0111\u01b0\u1ee3c y\u00eau c\u1ea7u.<\/p>\n<p>[\/vc_column_text][\/vc_column][vc_column width=&#8221;1\/4&#8243; el_class=&#8221;round_img_3_XTG&#8221;][vc_single_image image=&#8221;21413&#8243; img_size=&#8221;full&#8221; alignment=&#8221;center&#8221;][vc_column_text el_class=&#8221;enrol_text&#8221;]<\/p>\n<h6 style=\"color: #db1000; font-size: 14px; text-align: center; margin-bottom: 5px; font-weight: 600; text-transform: capitalize;\">Qu\u1ef9<\/h6>\n<p style=\"text-align: center; font-size: 12px; color: #000;\">N\u1ea1p ti\u1ec1n v\u00e0o T\u00e0i kho\u1ea3n giao d\u1ecbch c\u1ee7a b\u1ea1n sau khi x\u00e1c minh t\u00e0i kho\u1ea3n.<\/p>\n<p>[\/vc_column_text][\/vc_column][vc_column width=&#8221;1\/4&#8243; el_class=&#8221;round_img_4_XTG&#8221;][vc_single_image image=&#8221;21414&#8243; img_size=&#8221; 245xauto&#8221; alignment=&#8221;center&#8221;][vc_column_text el_class=&#8221;enrol_text&#8221; css=&#8221;.vc_custom_1709194449988{padding-top: 20px !important;padding-right: 20px !important;padding-bottom: 20px !important;padding-left: 20px !important;}&#8221;]<\/p>\n<h6 style=\"color: #db1000; font-size: 14px; text-align: center; margin-bottom: 5px; font-weight: 600; text-transform: capitalize;\">Bu\u00f4n b\u00e1n<\/h6>\n<p style=\"text-align: center; font-size: 12px; color: #000;\">B\u1ea1n c\u00f3 th\u1ec3 b\u1eaft \u0111\u1ea7u giao d\u1ecbch ngay sau khi ho\u00e0n t\u1ea5t qu\u00e1 tr\u00ecnh \u0111\u0103ng k\u00fd v\u00e0 g\u1eedi ti\u1ec1n.<\/p>\n<p>[\/vc_column_text][\/vc_column][\/vc_row][vc_row full_width=&#8221;stretch_row&#8221; css=&#8221;.vc_custom_1687931402405{background-color: #000000 !important;}&#8221;][vc_column width=&#8221;1\/6&#8243;][\/vc_column][vc_column width=&#8221;2\/3&#8243;][vc_row_inner][vc_column_inner width=&#8221;5\/12&#8243;][vc_btn title=&#8221;M\u1edf t\u00e0i kho\u1ea3n tr\u1ef1c ti\u1ebfp&#8221; style=&#8221;custom&#8221; custom_background=&#8221;#000000&#8243; custom_text=&#8221;#ffffff&#8221; shape=&#8221;square&#8221; align=&#8221;center&#8221; el_class=&#8221;white_border&#8221; link=&#8221;url:https%3A%2F%2Fmy.xtreamforex.com%2FAccount%2FRegister.php||target:%20_blank|&#8221;][\/vc_column_inner][vc_column_inner width=&#8221;1\/6&#8243;][vc_column_text el_class=&#8221;ptxt&#8221;]<\/p>\n<p style=\"text-align: center;\">Ho\u1eb7c<\/p>\n<p>[\/vc_column_text][\/vc_column_inner][vc_column_inner width=&#8221;5\/12&#8243;][vc_btn title=&#8221;M\u1edf t\u00e0i kho\u1ea3n demo&#8221; style=&#8221;custom&#8221; custom_background=&#8221;#000000&#8243; custom_text=&#8221;#ffffff&#8221; shape=&#8221;square&#8221; align=&#8221;center&#8221; el_class=&#8221;white_border&#8221; link=&#8221;url:https%3A%2F%2Fmy.xtreamforex.com%2FAccount%2FRegister.php||target:%20_blank|&#8221;][\/vc_column_inner][\/vc_row_inner][\/vc_column][vc_column width=&#8221;1\/6&#8243;][\/vc_column][\/vc_row][vc_row el_class=&#8221;remove_white_bg&#8221;][vc_column][vc_column_text][\/vc_column_text][\/vc_column][\/vc_row]<\/p>\n","protected":false},"excerpt":{"rendered":"<p>[vc_row full_width=&#8221;stretch_row&#8221; css=&#8221;.vc_custom_1698819097239{margin-top: 0px !important;margin-bottom: 0px !important;padding-top: 70px !important;padding-bottom: 70px !important;background-image: url(https:\/\/www.xtrememarkets.com\/ID\/wp-content\/uploads\/2023\/11\/Live-webinars.png?id=24527) !important;background-position: center !important;background-repeat: no-repeat !important;background-size: cover !important;}&#8221;][vc_column][vc_column_text] H\u01af\u1edaNG D\u1eaaN H\u01af\u1edaNG D\u1eaaN XTREME [\/vc_column_text][\/vc_column][\/vc_row][vc_row full_width=&#8221;stretch_row&#8221; css=&#8221;.vc_custom_1698825791223{margin-top: 0px !important;background-color: #000000 !important;}&#8221; el_class=&#8221;tool_need&#8221;][vc_column][vc_column_text] Video h\u01b0\u1edbng d\u1eabn gi\u1edbi thi\u1ec7u Xtreme Markets [\/vc_column_text][vc_column_text el_class=&#8221;video_text&#8221; css=&#8221;.vc_custom_1709193633323{margin-bottom: 0px !important;}&#8221;] Ch\u00fang t\u00f4i cung c\u1ea5p cho c\u00e1c nh\u00e0 giao d\u1ecbch c\u1ee7a m\u00ecnh<\/p>\n... <a href=\"https:\/\/www.xtrememarkets.com\/ID\/vi\/xtream-tutorial-guide-vietnam\/\">continue reading<\/a>.","protected":false},"author":1,"featured_media":0,"parent":0,"menu_order":0,"comment_status":"closed","ping_status":"closed","template":"","meta":[],"yoast_head":"<!-- This site is optimized with the Yoast SEO Premium plugin v16.1 - https:\/\/yoast.com\/wordpress\/plugins\/seo\/ -->\r\n<title>Xtream Tutorial Guide- Learn easily &amp; earn Big!<\/title>\r\n<meta name=\"description\" content=\"Take advantage of Xtream Tutorial guide that will help you understand the concepts of copy trading, MetaTrader and the best way to make money online.\" \/>\r\n<link rel=\"canonical\" href=\"https:\/\/www.xtrememarkets.com\/ID\/vi\/xtream-tutorial-guide-vietnam\/\" \/>\r\n<meta property=\"og:locale\" content=\"en_US\" \/>\r\n<meta property=\"og:type\" content=\"article\" \/>\r\n<meta property=\"og:title\" content=\"Xtream Tutorial Guide- Learn easily &amp; earn Big!\" \/>\r\n<meta property=\"og:description\" content=\"Take advantage of Xtream Tutorial guide that will help you understand the concepts of copy trading, MetaTrader and the best way to make money online.\" \/>\r\n<meta property=\"og:url\" content=\"https:\/\/www.xtrememarkets.com\/ID\/vi\/xtream-tutorial-guide-vietnam\/\" \/>\r\n<meta property=\"og:site_name\" content=\"Xtreme Markets\" \/>\r\n<meta property=\"article:publisher\" content=\"https:\/\/www.facebook.com\/xtreamforex.official\/\" \/>\r\n<meta property=\"article:modified_time\" content=\"2024-02-29T08:17:40+00:00\" \/>\r\n<meta property=\"og:image\" content=\"https:\/\/www.xtrememarkets.com\/wp-content\/uploads\/2023\/07\/link-banner.jpg\" \/>\r\n<meta name=\"twitter:card\" content=\"summary_large_image\" \/>\r\n<meta name=\"twitter:site\" content=\"@xtreamforex\" \/>\r\n<meta name=\"twitter:label1\" content=\"Est. reading time\">\n\t<meta name=\"twitter:data1\" content=\"9 minutes\">\r\n<script type=\"application\/ld+json\" class=\"yoast-schema-graph\">{\"@context\":\"https:\/\/schema.org\",\"@graph\":[{\"@type\":[\"Organization\",\"Place\"],\"@id\":\"https:\/\/www.xtrememarkets.com\/ID\/#organization\",\"name\":\"Xtreamforex\",\"url\":\"https:\/\/www.xtrememarkets.com\/ID\/\",\"sameAs\":[\"https:\/\/www.facebook.com\/xtreamforex.official\/\",\"https:\/\/www.instagram.com\/xtreamforex.official\/\",\"https:\/\/in.linkedin.com\/company\/xtream-forex\",\"https:\/\/www.youtube.com\/channel\/UCbbTuJV9XhurjZciRLdvFBg\",\"https:\/\/www.pinterest.com\/xtreamforex_trading\/\",\"https:\/\/twitter.com\/xtreamforex\"],\"logo\":{\"@id\":\"https:\/\/www.xtrememarkets.com\/ID\/vi\/xtream-tutorial-guide-vietnam\/#local-main-organization-logo\"},\"image\":{\"@id\":\"https:\/\/www.xtrememarkets.com\/ID\/vi\/xtream-tutorial-guide-vietnam\/#local-main-organization-logo\"},\"openingHoursSpecification\":[{\"@type\":\"OpeningHoursSpecification\",\"dayOfWeek\":[\"Monday\",\"Tuesday\",\"Wednesday\",\"Thursday\",\"Friday\",\"Saturday\",\"Sunday\"],\"opens\":\"09:00\",\"closes\":\"17:00\"}]},{\"@type\":\"WebSite\",\"@id\":\"https:\/\/www.xtrememarkets.com\/ID\/#website\",\"url\":\"https:\/\/www.xtrememarkets.com\/ID\/\",\"name\":\"Xtreme Markets\",\"description\":\"\",\"publisher\":{\"@id\":\"https:\/\/www.xtrememarkets.com\/ID\/#organization\"},\"potentialAction\":[{\"@type\":\"SearchAction\",\"target\":\"https:\/\/www.xtrememarkets.com\/ID\/?s={search_term_string}\",\"query-input\":\"required name=search_term_string\"}],\"inLanguage\":\"en-US\"},{\"@type\":\"ImageObject\",\"@id\":\"https:\/\/www.xtrememarkets.com\/ID\/vi\/xtream-tutorial-guide-vietnam\/#primaryimage\",\"inLanguage\":\"en-US\",\"url\":\"\",\"contentUrl\":\"\"},{\"@type\":\"WebPage\",\"@id\":\"https:\/\/www.xtrememarkets.com\/ID\/vi\/xtream-tutorial-guide-vietnam\/#webpage\",\"url\":\"https:\/\/www.xtrememarkets.com\/ID\/vi\/xtream-tutorial-guide-vietnam\/\",\"name\":\"Xtream Tutorial Guide- Learn easily & earn Big!\",\"isPartOf\":{\"@id\":\"https:\/\/www.xtrememarkets.com\/ID\/#website\"},\"primaryImageOfPage\":{\"@id\":\"https:\/\/www.xtrememarkets.com\/ID\/vi\/xtream-tutorial-guide-vietnam\/#primaryimage\"},\"datePublished\":\"2020-09-17T10:59:19+00:00\",\"dateModified\":\"2024-02-29T08:17:40+00:00\",\"description\":\"Take advantage of Xtream Tutorial guide that will help you understand the concepts of copy trading, MetaTrader and the best way to make money online.\",\"breadcrumb\":{\"@id\":\"https:\/\/www.xtrememarkets.com\/ID\/vi\/xtream-tutorial-guide-vietnam\/#breadcrumb\"},\"inLanguage\":\"en-US\",\"potentialAction\":[{\"@type\":\"ReadAction\",\"target\":[\"https:\/\/www.xtrememarkets.com\/ID\/vi\/xtream-tutorial-guide-vietnam\/\"]}]},{\"@type\":\"BreadcrumbList\",\"@id\":\"https:\/\/www.xtrememarkets.com\/ID\/vi\/xtream-tutorial-guide-vietnam\/#breadcrumb\",\"itemListElement\":[{\"@type\":\"ListItem\",\"position\":1,\"item\":{\"@type\":\"WebPage\",\"@id\":\"https:\/\/www.xtrememarkets.com\/\",\"url\":\"https:\/\/www.xtrememarkets.com\/\",\"name\":\"Home\"}},{\"@type\":\"ListItem\",\"position\":2,\"item\":{\"@type\":\"WebPage\",\"@id\":\"https:\/\/www.xtrememarkets.com\/ID\/vi\/xtream-tutorial-guide-vietnam\/\",\"url\":\"https:\/\/www.xtrememarkets.com\/ID\/vi\/xtream-tutorial-guide-vietnam\/\",\"name\":\"Xtream Tutorial Guide\"}}]},{\"@type\":\"ImageObject\",\"@id\":\"https:\/\/www.xtrememarkets.com\/ID\/vi\/xtream-tutorial-guide-vietnam\/#local-main-organization-logo\",\"inLanguage\":\"en-US\",\"url\":\"https:\/\/www.xtrememarkets.com\/ID\/wp-content\/uploads\/2024\/02\/image_2024_02_23T12_39_46_331Z.png\",\"contentUrl\":\"https:\/\/www.xtrememarkets.com\/ID\/wp-content\/uploads\/2024\/02\/image_2024_02_23T12_39_46_331Z.png\",\"width\":800,\"height\":500,\"caption\":\"Xtreamforex\"}]}<\/script>\r\n<!-- \/ Yoast SEO Premium plugin. -->","_links":{"self":[{"href":"https:\/\/www.xtrememarkets.com\/ID\/wp-json\/wp\/v2\/pages\/26901"}],"collection":[{"href":"https:\/\/www.xtrememarkets.com\/ID\/wp-json\/wp\/v2\/pages"}],"about":[{"href":"https:\/\/www.xtrememarkets.com\/ID\/wp-json\/wp\/v2\/types\/page"}],"author":[{"embeddable":true,"href":"https:\/\/www.xtrememarkets.com\/ID\/wp-json\/wp\/v2\/users\/1"}],"replies":[{"embeddable":true,"href":"https:\/\/www.xtrememarkets.com\/ID\/wp-json\/wp\/v2\/comments?post=26901"}],"version-history":[{"count":2,"href":"https:\/\/www.xtrememarkets.com\/ID\/wp-json\/wp\/v2\/pages\/26901\/revisions"}],"predecessor-version":[{"id":26904,"href":"https:\/\/www.xtrememarkets.com\/ID\/wp-json\/wp\/v2\/pages\/26901\/revisions\/26904"}],"wp:attachment":[{"href":"https:\/\/www.xtrememarkets.com\/ID\/wp-json\/wp\/v2\/media?parent=26901"}],"curies":[{"name":"wp","href":"https:\/\/api.w.org\/{rel}","templated":true}]}}