{"id":26897,"date":"2020-05-15T11:44:20","date_gmt":"2020-05-15T11:44:20","guid":{"rendered":"https:\/\/www.xtrememarkets.com\/?page_id=26897"},"modified":"2024-02-29T07:41:39","modified_gmt":"2024-02-29T07:41:39","slug":"forex-economic-calendar-vietnam","status":"publish","type":"page","link":"https:\/\/www.xtrememarkets.com\/ID\/vi\/forex-economic-calendar-vietnam\/","title":{"rendered":"Forex Economic Calendar"},"content":{"rendered":"<p>[vc_row full_width=&#8221;stretch_row&#8221; css=&#8221;.vc_custom_1698822465920{margin-top: 0px !important;margin-bottom: 0px !important;padding-top: 70px !important;padding-bottom: 70px !important;background-image: url(https:\/\/www.xtrememarkets.com\/ID\/wp-content\/uploads\/2023\/11\/economic-calendar.png?id=24552) !important;background-position: center !important;background-repeat: no-repeat !important;background-size: cover !important;}&#8221;][vc_column][vc_column_text]<\/p>\n<p class=\"upper-head-para\" style=\"color: #db0100; font-weight: bold;\">L\u1ecaCH KINH <span style=\"color: #fff;\">T\u1ebe<\/span><\/p>\n<p>[\/vc_column_text][\/vc_column][\/vc_row][vc_row full_width=&#8221;stretch_row&#8221; css=&#8221;.vc_custom_1698822382071{margin-top: 0px !important;background-color: #000000 !important;}&#8221;][vc_column][vc_column_text el_class=&#8221;ecodiv&#8221;]<\/p>\n<p style=\"text-align: center; color: #afafaf; font-size: 15px; line-height: 25px;\">Xtreme Markets cung c\u1ea5p l\u1ecbch \u0111\u1ed9c l\u1eadp, \u0111\u01b0\u1ee3c c\u1eadp nh\u1eadt t\u1ef1 \u0111\u1ed9ng bao g\u1ed3m c\u00e1c s\u1ef1 ki\u1ec7n kinh t\u1ebf quan tr\u1ecdng d\u00e0nh cho c\u00e1c nh\u00e0 giao d\u1ecbch t\u00edch c\u1ef1c. Lu\u00f4n c\u1eadp nh\u1eadt c\u00e1c s\u1ef1 ki\u1ec7n quan tr\u1ecdng v\u1edbi th\u00f4ng tin t\u1ee9c th\u1eddi v\u00e0 \u0111\u01b0a ra quy\u1ebft \u0111\u1ecbnh c\u1ee7a b\u1ea1n theo bi\u1ebfn \u0111\u1ed9ng c\u1ee7a th\u1ecb tr\u01b0\u1eddng.<\/p>\n<p style=\"text-align: center; font-weight: 600; color: #fff; margin-top: 30px; margin-bottom: -20px;\">S\u1eed d\u1ee5ng L\u1ecbch kinh t\u1ebf c\u1ee7a th\u1ecb tr\u01b0\u1eddng Xtreme v\u00e0 xem t\u1ea5t c\u1ea3 c\u00e1c s\u1ef1 ki\u1ec7n kinh t\u1ebf l\u1edbn v\u00e0 nh\u1ecf cho ng\u00e0y h\u00f4m nay ho\u1eb7c trong tu\u1ea7n n\u00e0y.<\/p>\n<p>[\/vc_column_text][\/vc_column][\/vc_row][vc_row full_width=&#8221;stretch_row&#8221; css=&#8221;.vc_custom_1687411963962{background-color: #000000 !important;}&#8221;][vc_column][vc_raw_html]JTNDZGl2JTIwY2xhc3MlM0QlMjJjb2wtbGctMTIlMjBjYWwlMjIlM0UlMEElMjAlMjAlMjAlMjAlMjAlMjAlMjAlMjAlMjAlMjAlMjAlMjAlM0NkaXYlMjBzdHlsZSUzRCUyMmhlaWdodCUzQSUyMDM2cHglM0JiYWNrZ3JvdW5kLWNvbG9yJTNBJTIwd2hpdGUlM0IlMjBib3R0b20lM0ElMjAwcHglM0J6LWluZGV4JTNBJTIwOTk5JTNCd2lkdGglM0ElMjAxMDAlMjUlM0IlMjIlM0UlMEElMjAlMjAlMjAlMjAlMjAlMjAlMjAlMjAlMjAlMjAlMjAlMjAlM0MlMkZkaXYlM0UlMEElMjAlMjAlMjAlMjAlMjAlMjAlMjAlMjAlMjAlMjAlMjAlMjAlM0NpZnJhbWUlMjBzcmMlM0QlMjJodHRwcyUzQSUyRiUyRnd3dy5tcWw1LmNvbSUyRmVuJTJGZWNvbm9taWMtY2FsZW5kYXIlMkZ3aWRnZXQlM0Ztb2RlJTNEMiUyMiUyMGlkJTNEJTIyd2lkZ2V0UHJldmlldyUyMiUyMHN0eWxlJTNEJTIyYm9yZGVyJTNBJTIwMCUzQiUyMiUyMHdpZHRoJTNEJTIyMTAwJTI1JTIyJTIwaGVpZ2h0JTNEJTIyNjExcHglMjIlM0UlM0MlMkZpZnJhbWUlM0UlMEElMjAlMjAlMjAlMjAlMjAlMjAlMjAlMjAlM0MlMkZkaXYlM0U=[\/vc_raw_html][\/vc_column][\/vc_row][vc_row full_width=&#8221;stretch_row&#8221; css=&#8221;.vc_custom_1687412681632{background-color: #000000 !important;}&#8221;][vc_column width=&#8221;1\/6&#8243;][\/vc_column][vc_column width=&#8221;2\/3&#8243;][vc_row_inner][vc_column_inner width=&#8221;5\/12&#8243;][vc_btn title=&#8221;M\u1edf t\u00e0i kho\u1ea3n tr\u1ef1c ti\u1ebfp&#8221; style=&#8221;custom&#8221; custom_background=&#8221;#000000&#8243; custom_text=&#8221;#ffffff&#8221; shape=&#8221;square&#8221; align=&#8221;center&#8221; link=&#8221;url:https%3A%2F%2Fmy.xtreamforex.com%2FAccount%2FRegister.php||target:%20_blank|&#8221; el_class=&#8221;white_border&#8221;][\/vc_column_inner][vc_column_inner width=&#8221;1\/6&#8243;][vc_column_text]<\/p>\n<p style=\"text-align: center;\"><span style=\"color: #ffffff;\">Ho\u1eb7c<\/span><\/p>\n<p>[\/vc_column_text][\/vc_column_inner][vc_column_inner width=&#8221;5\/12&#8243;][vc_btn title=&#8221;M\u1edf t\u00e0i kho\u1ea3n demo&#8221; style=&#8221;custom&#8221; custom_background=&#8221;#000000&#8243; custom_text=&#8221;#ffffff&#8221; shape=&#8221;square&#8221; align=&#8221;center&#8221; link=&#8221;url:https%3A%2F%2Fmy.xtreamforex.com%2FAccount%2FRegister.php||target:%20_blank|&#8221; el_class=&#8221;white_border&#8221;][\/vc_column_inner][\/vc_row_inner][\/vc_column][vc_column width=&#8221;1\/6&#8243;][\/vc_column][\/vc_row]<\/p>\n","protected":false},"excerpt":{"rendered":"<p>[vc_row full_width=&#8221;stretch_row&#8221; css=&#8221;.vc_custom_1698822465920{margin-top: 0px !important;margin-bottom: 0px !important;padding-top: 70px !important;padding-bottom: 70px !important;background-image: url(https:\/\/www.xtrememarkets.com\/ID\/wp-content\/uploads\/2023\/11\/economic-calendar.png?id=24552) !important;background-position: center !important;background-repeat: no-repeat !important;background-size: cover !important;}&#8221;][vc_column][vc_column_text] L\u1ecaCH KINH T\u1ebe [\/vc_column_text][\/vc_column][\/vc_row][vc_row full_width=&#8221;stretch_row&#8221; css=&#8221;.vc_custom_1698822382071{margin-top: 0px !important;background-color: #000000 !important;}&#8221;][vc_column][vc_column_text el_class=&#8221;ecodiv&#8221;] Xtreme Markets cung c\u1ea5p l\u1ecbch \u0111\u1ed9c l\u1eadp, \u0111\u01b0\u1ee3c c\u1eadp nh\u1eadt t\u1ef1 \u0111\u1ed9ng bao g\u1ed3m c\u00e1c s\u1ef1 ki\u1ec7n kinh t\u1ebf quan tr\u1ecdng d\u00e0nh cho c\u00e1c nh\u00e0<\/p>\n... <a href=\"https:\/\/www.xtrememarkets.com\/ID\/vi\/forex-economic-calendar-vietnam\/\">continue reading<\/a>.","protected":false},"author":1,"featured_media":0,"parent":0,"menu_order":0,"comment_status":"closed","ping_status":"closed","template":"","meta":[],"yoast_head":"<!-- This site is optimized with the Yoast SEO Premium plugin v16.1 - https:\/\/yoast.com\/wordpress\/plugins\/seo\/ -->\r\n<title>Avail Forex Trading Knowledge with Forex Economic Calendar<\/title>\r\n<meta name=\"description\" content=\"Use Economic Calendar data to grow in your trading career &amp; know the crucial info about the latest news of economic conditions of the major countries of the world.\" \/>\r\n<link rel=\"canonical\" href=\"https:\/\/www.xtrememarkets.com\/ID\/vi\/forex-economic-calendar-vietnam\/\" \/>\r\n<meta property=\"og:locale\" content=\"en_US\" \/>\r\n<meta property=\"og:type\" content=\"article\" \/>\r\n<meta property=\"og:title\" content=\"Avail Forex Trading Knowledge with Forex Economic Calendar\" \/>\r\n<meta property=\"og:description\" content=\"Use Economic Calendar data to grow in your trading career &amp; know the crucial info about the latest news of economic conditions of the major countries of the world.\" \/>\r\n<meta property=\"og:url\" content=\"https:\/\/www.xtrememarkets.com\/ID\/vi\/forex-economic-calendar-vietnam\/\" \/>\r\n<meta property=\"og:site_name\" content=\"Xtreme Markets\" \/>\r\n<meta property=\"article:publisher\" content=\"https:\/\/www.facebook.com\/xtreamforex.official\/\" \/>\r\n<meta property=\"article:modified_time\" content=\"2024-02-29T07:41:39+00:00\" \/>\r\n<meta property=\"og:image\" content=\"https:\/\/www.xtrememarkets.com\/wp-content\/uploads\/2023\/07\/link-banner.jpg\" \/>\r\n<meta name=\"twitter:card\" content=\"summary_large_image\" \/>\r\n<meta name=\"twitter:site\" content=\"@xtreamforex\" \/>\r\n<meta name=\"twitter:label1\" content=\"Est. reading time\">\n\t<meta name=\"twitter:data1\" content=\"2 minutes\">\r\n<script type=\"application\/ld+json\" class=\"yoast-schema-graph\">{\"@context\":\"https:\/\/schema.org\",\"@graph\":[{\"@type\":[\"Organization\",\"Place\"],\"@id\":\"https:\/\/www.xtrememarkets.com\/ID\/#organization\",\"name\":\"Xtreamforex\",\"url\":\"https:\/\/www.xtrememarkets.com\/ID\/\",\"sameAs\":[\"https:\/\/www.facebook.com\/xtreamforex.official\/\",\"https:\/\/www.instagram.com\/xtreamforex.official\/\",\"https:\/\/in.linkedin.com\/company\/xtream-forex\",\"https:\/\/www.youtube.com\/channel\/UCbbTuJV9XhurjZciRLdvFBg\",\"https:\/\/www.pinterest.com\/xtreamforex_trading\/\",\"https:\/\/twitter.com\/xtreamforex\"],\"logo\":{\"@id\":\"https:\/\/www.xtrememarkets.com\/ID\/vi\/forex-economic-calendar-vietnam\/#local-main-organization-logo\"},\"image\":{\"@id\":\"https:\/\/www.xtrememarkets.com\/ID\/vi\/forex-economic-calendar-vietnam\/#local-main-organization-logo\"},\"openingHoursSpecification\":[{\"@type\":\"OpeningHoursSpecification\",\"dayOfWeek\":[\"Monday\",\"Tuesday\",\"Wednesday\",\"Thursday\",\"Friday\",\"Saturday\",\"Sunday\"],\"opens\":\"09:00\",\"closes\":\"17:00\"}]},{\"@type\":\"WebSite\",\"@id\":\"https:\/\/www.xtrememarkets.com\/ID\/#website\",\"url\":\"https:\/\/www.xtrememarkets.com\/ID\/\",\"name\":\"Xtreme Markets\",\"description\":\"\",\"publisher\":{\"@id\":\"https:\/\/www.xtrememarkets.com\/ID\/#organization\"},\"potentialAction\":[{\"@type\":\"SearchAction\",\"target\":\"https:\/\/www.xtrememarkets.com\/ID\/?s={search_term_string}\",\"query-input\":\"required name=search_term_string\"}],\"inLanguage\":\"en-US\"},{\"@type\":\"ImageObject\",\"@id\":\"https:\/\/www.xtrememarkets.com\/ID\/vi\/forex-economic-calendar-vietnam\/#primaryimage\",\"inLanguage\":\"en-US\",\"url\":\"\",\"contentUrl\":\"\"},{\"@type\":\"WebPage\",\"@id\":\"https:\/\/www.xtrememarkets.com\/ID\/vi\/forex-economic-calendar-vietnam\/#webpage\",\"url\":\"https:\/\/www.xtrememarkets.com\/ID\/vi\/forex-economic-calendar-vietnam\/\",\"name\":\"Avail Forex Trading Knowledge with Forex Economic Calendar\",\"isPartOf\":{\"@id\":\"https:\/\/www.xtrememarkets.com\/ID\/#website\"},\"primaryImageOfPage\":{\"@id\":\"https:\/\/www.xtrememarkets.com\/ID\/vi\/forex-economic-calendar-vietnam\/#primaryimage\"},\"datePublished\":\"2020-05-15T11:44:20+00:00\",\"dateModified\":\"2024-02-29T07:41:39+00:00\",\"description\":\"Use Economic Calendar data to grow in your trading career & know the crucial info about the latest news of economic conditions of the major countries of the world.\",\"breadcrumb\":{\"@id\":\"https:\/\/www.xtrememarkets.com\/ID\/vi\/forex-economic-calendar-vietnam\/#breadcrumb\"},\"inLanguage\":\"en-US\",\"potentialAction\":[{\"@type\":\"ReadAction\",\"target\":[\"https:\/\/www.xtrememarkets.com\/ID\/vi\/forex-economic-calendar-vietnam\/\"]}]},{\"@type\":\"BreadcrumbList\",\"@id\":\"https:\/\/www.xtrememarkets.com\/ID\/vi\/forex-economic-calendar-vietnam\/#breadcrumb\",\"itemListElement\":[{\"@type\":\"ListItem\",\"position\":1,\"item\":{\"@type\":\"WebPage\",\"@id\":\"https:\/\/www.xtrememarkets.com\/\",\"url\":\"https:\/\/www.xtrememarkets.com\/\",\"name\":\"Home\"}},{\"@type\":\"ListItem\",\"position\":2,\"item\":{\"@type\":\"WebPage\",\"@id\":\"https:\/\/www.xtrememarkets.com\/ID\/vi\/forex-economic-calendar-vietnam\/\",\"url\":\"https:\/\/www.xtrememarkets.com\/ID\/vi\/forex-economic-calendar-vietnam\/\",\"name\":\"Forex Economic Calendar\"}}]},{\"@type\":\"ImageObject\",\"@id\":\"https:\/\/www.xtrememarkets.com\/ID\/vi\/forex-economic-calendar-vietnam\/#local-main-organization-logo\",\"inLanguage\":\"en-US\",\"url\":\"https:\/\/www.xtrememarkets.com\/ID\/wp-content\/uploads\/2024\/02\/image_2024_02_23T12_39_46_331Z.png\",\"contentUrl\":\"https:\/\/www.xtrememarkets.com\/ID\/wp-content\/uploads\/2024\/02\/image_2024_02_23T12_39_46_331Z.png\",\"width\":800,\"height\":500,\"caption\":\"Xtreamforex\"}]}<\/script>\r\n<!-- \/ Yoast SEO Premium plugin. -->","_links":{"self":[{"href":"https:\/\/www.xtrememarkets.com\/ID\/wp-json\/wp\/v2\/pages\/26897"}],"collection":[{"href":"https:\/\/www.xtrememarkets.com\/ID\/wp-json\/wp\/v2\/pages"}],"about":[{"href":"https:\/\/www.xtrememarkets.com\/ID\/wp-json\/wp\/v2\/types\/page"}],"author":[{"embeddable":true,"href":"https:\/\/www.xtrememarkets.com\/ID\/wp-json\/wp\/v2\/users\/1"}],"replies":[{"embeddable":true,"href":"https:\/\/www.xtrememarkets.com\/ID\/wp-json\/wp\/v2\/comments?post=26897"}],"version-history":[{"count":3,"href":"https:\/\/www.xtrememarkets.com\/ID\/wp-json\/wp\/v2\/pages\/26897\/revisions"}],"predecessor-version":[{"id":26900,"href":"https:\/\/www.xtrememarkets.com\/ID\/wp-json\/wp\/v2\/pages\/26897\/revisions\/26900"}],"wp:attachment":[{"href":"https:\/\/www.xtrememarkets.com\/ID\/wp-json\/wp\/v2\/media?parent=26897"}],"curies":[{"name":"wp","href":"https:\/\/api.w.org\/{rel}","templated":true}]}}