{"id":26504,"date":"2020-05-15T11:34:48","date_gmt":"2020-05-15T11:34:48","guid":{"rendered":"https:\/\/www.xtreamforex.com\/?page_id=26504"},"modified":"2024-03-12T10:23:50","modified_gmt":"2024-03-12T10:23:50","slug":"vip-account-vietnam","status":"publish","type":"page","link":"https:\/\/www.xtrememarkets.com\/ID\/vi\/vip-account-vietnam\/","title":{"rendered":"Open VIP Trading Account"},"content":{"rendered":"<p>[vc_row full_width=&#8221;stretch_row&#8221; css=&#8221;.vc_custom_1698755898585{margin-top: 0px !important;margin-bottom: 0px !important;padding-top: 70px !important;padding-bottom: 70px !important;background-image: url(https:\/\/www.xtrememarkets.com\/ID\/wp-content\/uploads\/2023\/10\/vip-account.png?id=24484) !important;background-position: center !important;background-repeat: no-repeat !important;background-size: cover !important;}&#8221;][vc_column][vc_column_text]<\/p>\n<p class=\"upper-head-para\" style=\"color: #db0100; font-weight: bold;\">T\u00c0I KHO\u1ea2N <span style=\"color: #fff;\">VIP<br \/>\n<\/span><\/p>\n<p>[\/vc_column_text][\/vc_column][\/vc_row][vc_row full_width=&#8221;stretch_row&#8221; css=&#8221;.vc_custom_1686982244268{background-color: #000000 !important;}&#8221;][vc_column width=&#8221;1\/2&#8243; el_class=&#8221;vip_account_1sec&#8221;][vc_single_image image=&#8221;21054&#8243; img_size=&#8221;full&#8221; alignment=&#8221;center&#8221;][\/vc_column][vc_column width=&#8221;1\/2&#8243; el_class=&#8221;vip_account_1sec&#8221; css=&#8221;.vc_custom_1686982534991{padding-top: 10% !important;}&#8221;][vc_column_text]<\/p>\n<p style=\"text-align: left;\"><span style=\"color: #ffffff; background-color: #db0100; padding: 5px;\">XTREME MARKETS<\/span><\/p>\n<p>[\/vc_column_text][vc_column_text]<\/p>\n<h6 style=\"color: #ffffff; text-align: left; font-family: Abril Fatface; font-weight: 600; font-style: normal; font-size: 40px; margin-top: -20px; margin-bottom: 20px;\">T\u00c0I KHO\u1ea2N VIP<\/h6>\n<p>[\/vc_column_text][vc_column_text]<\/p>\n<p style=\"text-align: justify;\"><span style=\"color: #afafaf; font-size: 14px;\">T\u00e0i Kho\u1ea3n VIP Xtreme Markets l\u00e0 t\u00e0i kho\u1ea3n giao d\u1ecbch d\u00e0nh cho c\u00e1 nh\u00e2n v\u1edbi t\u00e0i s\u1ea3n r\u00f2ng l\u1edbn th\u01b0\u1eddng xuy\u00ean giao d\u1ecbch kh\u1ed1i l\u01b0\u1ee3ng l\u1edbn. V\u1edbi T\u00e0i Kho\u1ea3n VIP, kh\u00e1ch h\u00e0ng c\u00f3 th\u1ec3 t\u1eadn h\u01b0\u1edfng nhi\u1ec1u l\u1ee3i \u00edch \u0111\u1eb7c bi\u1ec7t gi\u00fap \u0111\u1ee1 tr\u1ee3 k\u0129 n\u0103ng giao d\u1ecbch v\u00e0 chi\u1ebfn l\u01b0\u1ee3c.<\/span><\/p>\n<p>&nbsp;[\/vc_column_text][\/vc_column][\/vc_row][vc_row full_width=&#8221;stretch_row&#8221; css=&#8221;.vc_custom_1686982269450{padding-top: 30px !important;background-color: #000000 !important;background-position: center !important;background-repeat: no-repeat !important;background-size: cover !important;}&#8221;][vc_column][vc_column_text el_class=&#8221;career&#8221;]<\/p>\n<h2 style=\"font-size: 32px; font-weight: 400; text-align: center;\"><span style=\"color: #ffffff;\">CHI TI\u1ebeT T\u00c0I KHO\u1ea2N<\/span><\/h2>\n<p>&nbsp;<\/p>\n<table class=\"table example table-striped\" style=\"background: #fff;\">\n<tbody>\n<tr style=\"background: #DB0100;\">\n<th style=\"color: #ffffff; font-weight: bold; width: 50%;\">LO\u1ea0I T\u00c0I KHO\u1ea2N<\/th>\n<th style=\"color: #ffffff; font-weight: bold; width: 50%;\">VIP<\/th>\n<\/tr>\n<tr>\n<td>Ti\u1ec1n n\u1ea1p t\u1ed1i thi\u1ec3u<\/td>\n<td>$20,000<\/td>\n<\/tr>\n<tr>\n<td>Ph\u00ed ch\u00eanh l\u1ec7ch th\u1ea5p<\/td>\n<td>Raw Spread<\/td>\n<\/tr>\n<tr>\n<td>Hoa h\u1ed3ng<\/td>\n<td>1$<\/td>\n<\/tr>\n<tr>\n<td>M\u1ee9c Stop Out<\/td>\n<td>30%<\/td>\n<\/tr>\n<tr>\n<td>Margin Call<\/td>\n<td>60%<\/td>\n<\/tr>\n<tr>\n<td>Kh\u1edbp l\u1ec7nh<\/td>\n<td>Th\u1ecb tr\u01b0\u1eddng<\/td>\n<\/tr>\n<tr>\n<td>\u0110\u00f2n B\u1ea9y T\u1ed1i \u0110a<\/td>\n<td>1:200<\/td>\n<\/tr>\n<tr>\n<td>T\u00e0i Kho\u1ea3n Mi\u1ec5n Ph\u00ed Qua \u0110\u00eam<\/td>\n<td>N\/A<\/td>\n<\/tr>\n<tr>\n<td>K\u00edch th\u01b0\u1edbc l\u1ec7nh t\u1ed1i thi\u1ec3u<\/td>\n<td>0.1<\/td>\n<\/tr>\n<tr>\n<td>K\u00edch th\u01b0\u1edbc l\u1ec7nh t\u1ed1i \u0111a<\/td>\n<td>Unlimited<\/td>\n<\/tr>\n<tr>\n<td>C\u1ed1 v\u1ea5n Chuy\u00ean gia<\/td>\n<td><img decoding=\"async\" loading=\"lazy\" class=\"size-full wp-image-691 aligncenter\" src=\"https:\/\/xtreamforex.com\/wp-content\/uploads\/2020\/05\/ticc.png\" alt=\"\" width=\"72\" height=\"56\" \/><\/td>\n<\/tr>\n<tr>\n<td>L\u01b0\u1edbt s\u00f3ng\/Hedging<\/td>\n<td><img decoding=\"async\" loading=\"lazy\" class=\"size-full wp-image-691 aligncenter\" src=\"https:\/\/xtreamforex.com\/wp-content\/uploads\/2020\/05\/ticc.png\" alt=\"\" width=\"72\" height=\"56\" \/><\/td>\n<\/tr>\n<tr>\n<td>Kh\u1ed1i l\u01b0\u1ee3ng giao d\u1ecbch t\u1ed1i \u0111a<\/td>\n<td>Unlimited<\/td>\n<\/tr>\n<tr>\n<td>Khuy\u1ebfn m\u00e3i<\/td>\n<td><img decoding=\"async\" loading=\"lazy\" class=\"size-full wp-image-693 aligncenter\" src=\"https:\/\/xtreamforex.com\/wp-content\/uploads\/2020\/05\/cros.png\" alt=\"\" width=\"72\" height=\"72\" \/><\/td>\n<\/tr>\n<tr>\n<td>Lo\u1ea1i ti\u1ec1n n\u1ea1p<\/td>\n<td>USD<\/td>\n<\/tr>\n<tr>\n<td>Qu\u1ea3n l\u00fd t\u00e0i kho\u1ea3n<\/td>\n<td><img decoding=\"async\" loading=\"lazy\" class=\"size-full wp-image-691 aligncenter\" src=\"https:\/\/xtreamforex.com\/wp-content\/uploads\/2020\/05\/ticc.png\" alt=\"\" width=\"72\" height=\"56\" \/><\/td>\n<\/tr>\n<tr>\n<td>V\u1ecb tr\u00ed m\u1edf t\u1ed1i \u0111a<\/td>\n<td>100<\/td>\n<\/tr>\n<\/tbody>\n<\/table>\n<p>[\/vc_column_text][\/vc_column][\/vc_row][vc_row full_width=&#8221;stretch_row&#8221; css=&#8221;.vc_custom_1686982282418{padding-top: 8px !important;padding-bottom: 22px !important;background-color: #000000 !important;}&#8221;][vc_column width=&#8221;1\/6&#8243;][\/vc_column][vc_column width=&#8221;2\/3&#8243;][vc_row_inner][vc_column_inner width=&#8221;5\/12&#8243;][vc_btn title=&#8221;M\u1edf t\u00e0i kho\u1ea3n tr\u1ef1c ti\u1ebfp&#8221; style=&#8221;custom&#8221; custom_background=&#8221;#000000&#8243; custom_text=&#8221;#ffffff&#8221; shape=&#8221;square&#8221; align=&#8221;center&#8221; el_class=&#8221;white_border&#8221; link=&#8221;url:https%3A%2F%2Fmy.xtreamforex.com%2FAccount%2FRegister.php||target:%20_blank|&#8221;][\/vc_column_inner][vc_column_inner width=&#8221;1\/6&#8243;][vc_column_text el_class=&#8221;ptxt&#8221;]<\/p>\n<p style=\"text-align: center;\">Ho\u1eb7c<\/p>\n<p>[\/vc_column_text][\/vc_column_inner][vc_column_inner width=&#8221;5\/12&#8243;][vc_btn title=&#8221;M\u1edf t\u00e0i kho\u1ea3n demo&#8221; style=&#8221;custom&#8221; custom_background=&#8221;#000000&#8243; custom_text=&#8221;#ffffff&#8221; shape=&#8221;square&#8221; align=&#8221;center&#8221; el_class=&#8221;white_border&#8221; link=&#8221;url:https%3A%2F%2Fmy.xtreamforex.com%2FAccount%2FRegister.php||target:%20_blank|&#8221;][\/vc_column_inner][\/vc_row_inner][\/vc_column][vc_column width=&#8221;1\/6&#8243;][\/vc_column][\/vc_row]<\/p>\n","protected":false},"excerpt":{"rendered":"<p>[vc_row full_width=&#8221;stretch_row&#8221; css=&#8221;.vc_custom_1698755898585{margin-top: 0px !important;margin-bottom: 0px !important;padding-top: 70px !important;padding-bottom: 70px !important;background-image: url(https:\/\/www.xtrememarkets.com\/ID\/wp-content\/uploads\/2023\/10\/vip-account.png?id=24484) !important;background-position: center !important;background-repeat: no-repeat !important;background-size: cover !important;}&#8221;][vc_column][vc_column_text] T\u00c0I KHO\u1ea2N VIP [\/vc_column_text][\/vc_column][\/vc_row][vc_row full_width=&#8221;stretch_row&#8221; css=&#8221;.vc_custom_1686982244268{background-color: #000000 !important;}&#8221;][vc_column width=&#8221;1\/2&#8243; el_class=&#8221;vip_account_1sec&#8221;][vc_single_image image=&#8221;21054&#8243; img_size=&#8221;full&#8221; alignment=&#8221;center&#8221;][\/vc_column][vc_column width=&#8221;1\/2&#8243; el_class=&#8221;vip_account_1sec&#8221; css=&#8221;.vc_custom_1686982534991{padding-top: 10% !important;}&#8221;][vc_column_text] XTREME MARKETS [\/vc_column_text][vc_column_text] T\u00c0I KHO\u1ea2N VIP [\/vc_column_text][vc_column_text] T\u00e0i Kho\u1ea3n VIP Xtreme Markets l\u00e0 t\u00e0i kho\u1ea3n giao d\u1ecbch d\u00e0nh<\/p>\n... <a href=\"https:\/\/www.xtrememarkets.com\/ID\/vi\/vip-account-vietnam\/\">continue reading<\/a>.","protected":false},"author":1,"featured_media":0,"parent":0,"menu_order":0,"comment_status":"closed","ping_status":"closed","template":"","meta":[],"yoast_head":"<!-- This site is optimized with the Yoast SEO Premium plugin v16.1 - https:\/\/yoast.com\/wordpress\/plugins\/seo\/ -->\r\n<title>Open VIP Trading Account | Xtreme Markets<\/title>\r\n<meta name=\"description\" content=\"Become XtreamForex VIP member and enjoy a range of exclusive benefits to help supplement your trading skills and strategies. Minimum Deposit $20000. | Xtreme Markets\" \/>\r\n<link rel=\"canonical\" href=\"https:\/\/www.xtrememarkets.com\/ID\/vi\/vip-account-vietnam\/\" \/>\r\n<meta property=\"og:locale\" content=\"en_US\" \/>\r\n<meta property=\"og:type\" content=\"article\" \/>\r\n<meta property=\"og:title\" content=\"Open VIP Trading Account | Xtreme Markets\" \/>\r\n<meta property=\"og:description\" content=\"Become XtreamForex VIP member and enjoy a range of exclusive benefits to help supplement your trading skills and strategies. Minimum Deposit $20000. | Xtreme Markets\" \/>\r\n<meta property=\"og:url\" content=\"https:\/\/www.xtrememarkets.com\/ID\/vi\/vip-account-vietnam\/\" \/>\r\n<meta property=\"og:site_name\" content=\"Xtreme Markets\" \/>\r\n<meta property=\"article:publisher\" content=\"https:\/\/www.facebook.com\/xtreamforex.official\/\" \/>\r\n<meta property=\"article:modified_time\" content=\"2024-03-12T10:23:50+00:00\" \/>\r\n<meta property=\"og:image\" content=\"https:\/\/www.xtrememarkets.com\/wp-content\/uploads\/2023\/07\/link-banner.jpg\" \/>\r\n<meta name=\"twitter:card\" content=\"summary_large_image\" \/>\r\n<meta name=\"twitter:site\" content=\"@xtreamforex\" \/>\r\n<meta name=\"twitter:label1\" content=\"Est. reading time\">\n\t<meta name=\"twitter:data1\" content=\"3 minutes\">\r\n<script type=\"application\/ld+json\" class=\"yoast-schema-graph\">{\"@context\":\"https:\/\/schema.org\",\"@graph\":[{\"@type\":[\"Organization\",\"Place\"],\"@id\":\"https:\/\/www.xtrememarkets.com\/ID\/#organization\",\"name\":\"Xtreamforex\",\"url\":\"https:\/\/www.xtrememarkets.com\/ID\/\",\"sameAs\":[\"https:\/\/www.facebook.com\/xtreamforex.official\/\",\"https:\/\/www.instagram.com\/xtreamforex.official\/\",\"https:\/\/in.linkedin.com\/company\/xtream-forex\",\"https:\/\/www.youtube.com\/channel\/UCbbTuJV9XhurjZciRLdvFBg\",\"https:\/\/www.pinterest.com\/xtreamforex_trading\/\",\"https:\/\/twitter.com\/xtreamforex\"],\"logo\":{\"@id\":\"https:\/\/www.xtrememarkets.com\/ID\/vi\/vip-account-vietnam\/#local-main-organization-logo\"},\"image\":{\"@id\":\"https:\/\/www.xtrememarkets.com\/ID\/vi\/vip-account-vietnam\/#local-main-organization-logo\"},\"openingHoursSpecification\":[{\"@type\":\"OpeningHoursSpecification\",\"dayOfWeek\":[\"Monday\",\"Tuesday\",\"Wednesday\",\"Thursday\",\"Friday\",\"Saturday\",\"Sunday\"],\"opens\":\"09:00\",\"closes\":\"17:00\"}]},{\"@type\":\"WebSite\",\"@id\":\"https:\/\/www.xtrememarkets.com\/ID\/#website\",\"url\":\"https:\/\/www.xtrememarkets.com\/ID\/\",\"name\":\"Xtreme Markets\",\"description\":\"\",\"publisher\":{\"@id\":\"https:\/\/www.xtrememarkets.com\/ID\/#organization\"},\"potentialAction\":[{\"@type\":\"SearchAction\",\"target\":\"https:\/\/www.xtrememarkets.com\/ID\/?s={search_term_string}\",\"query-input\":\"required name=search_term_string\"}],\"inLanguage\":\"en-US\"},{\"@type\":\"ImageObject\",\"@id\":\"https:\/\/www.xtrememarkets.com\/ID\/vi\/vip-account-vietnam\/#primaryimage\",\"inLanguage\":\"en-US\",\"url\":\"\",\"contentUrl\":\"\"},{\"@type\":\"WebPage\",\"@id\":\"https:\/\/www.xtrememarkets.com\/ID\/vi\/vip-account-vietnam\/#webpage\",\"url\":\"https:\/\/www.xtrememarkets.com\/ID\/vi\/vip-account-vietnam\/\",\"name\":\"Open VIP Trading Account | Xtreme Markets\",\"isPartOf\":{\"@id\":\"https:\/\/www.xtrememarkets.com\/ID\/#website\"},\"primaryImageOfPage\":{\"@id\":\"https:\/\/www.xtrememarkets.com\/ID\/vi\/vip-account-vietnam\/#primaryimage\"},\"datePublished\":\"2020-05-15T11:34:48+00:00\",\"dateModified\":\"2024-03-12T10:23:50+00:00\",\"description\":\"Become XtreamForex VIP member and enjoy a range of exclusive benefits to help supplement your trading skills and strategies. Minimum Deposit $20000. | Xtreme Markets\",\"breadcrumb\":{\"@id\":\"https:\/\/www.xtrememarkets.com\/ID\/vi\/vip-account-vietnam\/#breadcrumb\"},\"inLanguage\":\"en-US\",\"potentialAction\":[{\"@type\":\"ReadAction\",\"target\":[\"https:\/\/www.xtrememarkets.com\/ID\/vi\/vip-account-vietnam\/\"]}]},{\"@type\":\"BreadcrumbList\",\"@id\":\"https:\/\/www.xtrememarkets.com\/ID\/vi\/vip-account-vietnam\/#breadcrumb\",\"itemListElement\":[{\"@type\":\"ListItem\",\"position\":1,\"item\":{\"@type\":\"WebPage\",\"@id\":\"https:\/\/www.xtrememarkets.com\/\",\"url\":\"https:\/\/www.xtrememarkets.com\/\",\"name\":\"Home\"}},{\"@type\":\"ListItem\",\"position\":2,\"item\":{\"@type\":\"WebPage\",\"@id\":\"https:\/\/www.xtrememarkets.com\/ID\/vi\/vip-account-vietnam\/\",\"url\":\"https:\/\/www.xtrememarkets.com\/ID\/vi\/vip-account-vietnam\/\",\"name\":\"Open VIP Trading Account\"}}]},{\"@type\":\"ImageObject\",\"@id\":\"https:\/\/www.xtrememarkets.com\/ID\/vi\/vip-account-vietnam\/#local-main-organization-logo\",\"inLanguage\":\"en-US\",\"url\":\"https:\/\/www.xtrememarkets.com\/ID\/wp-content\/uploads\/2024\/02\/image_2024_02_23T12_39_46_331Z.png\",\"contentUrl\":\"https:\/\/www.xtrememarkets.com\/ID\/wp-content\/uploads\/2024\/02\/image_2024_02_23T12_39_46_331Z.png\",\"width\":800,\"height\":500,\"caption\":\"Xtreamforex\"}]}<\/script>\r\n<!-- \/ Yoast SEO Premium plugin. -->","_links":{"self":[{"href":"https:\/\/www.xtrememarkets.com\/ID\/wp-json\/wp\/v2\/pages\/26504"}],"collection":[{"href":"https:\/\/www.xtrememarkets.com\/ID\/wp-json\/wp\/v2\/pages"}],"about":[{"href":"https:\/\/www.xtrememarkets.com\/ID\/wp-json\/wp\/v2\/types\/page"}],"author":[{"embeddable":true,"href":"https:\/\/www.xtrememarkets.com\/ID\/wp-json\/wp\/v2\/users\/1"}],"replies":[{"embeddable":true,"href":"https:\/\/www.xtrememarkets.com\/ID\/wp-json\/wp\/v2\/comments?post=26504"}],"version-history":[{"count":3,"href":"https:\/\/www.xtrememarkets.com\/ID\/wp-json\/wp\/v2\/pages\/26504\/revisions"}],"predecessor-version":[{"id":27259,"href":"https:\/\/www.xtrememarkets.com\/ID\/wp-json\/wp\/v2\/pages\/26504\/revisions\/27259"}],"wp:attachment":[{"href":"https:\/\/www.xtrememarkets.com\/ID\/wp-json\/wp\/v2\/media?parent=26504"}],"curies":[{"name":"wp","href":"https:\/\/api.w.org\/{rel}","templated":true}]}}