{"id":26478,"date":"2020-05-15T11:33:38","date_gmt":"2020-05-15T11:33:38","guid":{"rendered":"https:\/\/www.xtreamforex.com\/?page_id=26478"},"modified":"2024-03-12T10:07:24","modified_gmt":"2024-03-12T10:07:24","slug":"micro-account-vietnam","status":"publish","type":"page","link":"https:\/\/www.xtrememarkets.com\/ID\/vi\/micro-account-vietnam\/","title":{"rendered":"Open Micro Account with Best Forex Broker"},"content":{"rendered":"<p>[vc_row full_width=&#8221;stretch_row&#8221; css=&#8221;.vc_custom_1698749134039{margin-top: 0px !important;margin-bottom: 0px !important;padding-top: 70px !important;padding-bottom: 70px !important;background-image: url(https:\/\/www.xtrememarkets.com\/ID\/wp-content\/uploads\/2023\/10\/MICRO-ACCOUNT.png?id=24451) !important;background-position: center !important;background-repeat: no-repeat !important;background-size: cover !important;}&#8221;][vc_column][vc_column_text]<\/p>\n<p class=\"upper-head-para\" style=\" color: #db0100; font-weight: bold;\">T\u00c0I KHO\u1ea2N <span style=\"color: #fff;\">VI M\u00d4<\/span><\/p>\n<p>[\/vc_column_text][\/vc_column][\/vc_row][vc_row full_width=&#8221;stretch_row&#8221; css=&#8221;.vc_custom_1698749160907{margin-top: 0px !important;background-color: #000000 !important;}&#8221;][vc_column width=&#8221;1\/2&#8243; el_class=&#8221;micro_account_1sec&#8221;][vc_single_image image=&#8221;20986&#8243; img_size=&#8221;full&#8221; alignment=&#8221;center&#8221;][\/vc_column][vc_column width=&#8221;1\/2&#8243; css=&#8221;.vc_custom_1686979691723{padding-top: 10% !important;}&#8221; el_class=&#8221;micro_account_1sec&#8221;][vc_column_text]<\/p>\n<p style=\"text-align: left;\"><span style=\"color: #ffffff; background-color: #db0100; padding: 5px;\">XTREME MARKETS<\/span><\/p>\n<p>[\/vc_column_text][vc_column_text]<\/p>\n<h6 style=\"color: #ffffff; text-align: left; font-family: Abril Fatface; font-weight: 600; font-style: normal; font-size: 40px; margin-top: -20px; margin-bottom: 20px;\">T\u00c0I KHO\u1ea2N MICRO<\/h6>\n<p>[\/vc_column_text][vc_column_text]<\/p>\n<p style=\"text-align: justify;\"><span style=\"color: #afafaf; font-size: 14px;\">Xtreme Markets l\u00e0 m\u1ed9t trong nh\u1eefng nh\u00e0 m\u00f4i gi\u1edbi ngo\u1ea1i h\u1ed1i d\u1eabn \u0111\u1ea7u v\u00e0 ph\u00e1t tri\u1ec3n nhanh nh\u1ea5t tr\u00ean th\u1ebf gi\u1edbi. Ch\u00fang t\u00f4i cung c\u1ea5p cho kh\u00e1ch h\u00e0ng m\u00f4i tr\u01b0\u1eddng giao d\u1ecbch Ngo\u1ea1i H\u1ed1i h\u1ea5p d\u1eabn v\u1edbi \u0111a d\u1ea1ng lo\u1ea1i t\u00e0i kho\u1ea3n giao d\u1ecbch, kh\u1edbp l\u1ec7nh nhanh v\u00e0 kh\u00f4ng l\u1ed7i, v\u1edbi c\u00f4ng ngh\u1ec7 lu\u00f4n \u0111\u1ed5i m\u1edbi v\u00e0 d\u1eabn \u0111\u1ea7u ng\u00e0nh.<\/span><\/p>\n<p style=\"text-align: justify;\"><span style=\"color: #afafaf; font-size: 14px;\">Xtreme Markets cung c\u1ea5p c\u00e1c lo\u1ea1i t\u00e0i kho\u1ea3n giao d\u1ecbch ngo\u1ea1i h\u1ed1i \u0111\u01b0\u1ee3c thi\u1ebft k\u1ebf d\u00e0nh cho c\u00e1c nh\u00e0 giao d\u1ecbch v\u1edbi kinh nghi\u1ec7m v\u00e0 k\u0129 n\u0103ng kh\u00e1c nhau. Kh\u00e1ch h\u00e0ng c\u00f3 th\u1ec3 ch\u1ecdn lo\u1ea1i t\u00e0i kho\u1ea3n giao d\u1ecbch ph\u00f9 h\u1ee3p nh\u1ea5t v\u1edbi phong c\u00e1ch giao d\u1ecbch ngo\u1ea1i h\u1ed1i, s\u1ed1 v\u1ed1n, v\u00e0 m\u1ee9c \u0111\u1ed9 r\u1ee7i ro.<\/span><\/p>\n<p style=\"text-align: justify;\"><span style=\"color: #afafaf; font-size: 14px;\">\u0110\u01b0\u1ee3c thi\u1ebft k\u1ebf cho c\u00e1c nh\u00e0 giao d\u1ecbch m\u1edbi l\u00e0m quen v\u1edbi th\u1ecb tr\u01b0\u1eddng ngo\u1ea1i h\u1ed1i v\u00e0 c\u00e1c nh\u00e0 giao d\u1ecbch v\u1edbi s\u1ed1 v\u1ed1n nh\u1ecf. T\u00e0i Kho\u1ea3n Micro Xtreme Markets cho ph\u00e9p nh\u00e0 \u0111\u1ea7u t\u01b0 giao d\u1ecbch v\u1edbi k\u00edch th\u01b0\u1edbc nh\u1ecf h\u01a1n v\u00e0 m\u1edf t\u00e0i kho\u1ea3n giao d\u1ecbch v\u1edbi s\u1ed1 v\u1ed1n ban \u0111\u1ea7u th\u1ea5p h\u01a1n c\u00e1c t\u00e0i kho\u1ea3n kh\u00e1c tr\u00ean n\u1ec1n t\u1ea3ng MetaTrader 4.<\/span><\/p>\n<p>[\/vc_column_text][\/vc_column][\/vc_row][vc_row full_width=&#8221;stretch_row&#8221; css=&#8221;.vc_custom_1686975788127{background-color: #000000 !important;background-position: center !important;background-repeat: no-repeat !important;background-size: cover !important;}&#8221;][vc_column][vc_column_text el_class=&#8221;career&#8221;]<\/p>\n<h2 style=\"font-size: 32px; font-weight: 400; text-align: center; margin-bottom: 20px;\"><span style=\"color: #ffffff; text-transform: capitalize; font-size: 30px; letter-spacing: 1px;\">CHI TI\u1ebeT T\u00c0I KHO\u1ea2N<br \/>\n<\/span><\/h2>\n<table class=\"table example table-striped\" style=\"font-family: arial!important; background: #fff;\">\n<tbody>\n<tr style=\"background: #DB0100;\">\n<th style=\"color: #ffffff; font-weight: bold; width: 50%;\">LO\u1ea0I T\u00c0I KHO\u1ea2N<\/th>\n<th style=\"color: #ffffff; font-weight: bold; width: 50%;\">MICRO<\/th>\n<\/tr>\n<tr>\n<td>Ti\u1ec1n n\u1ea1p t\u1ed1i thi\u1ec3u<\/td>\n<td>$5<\/td>\n<\/tr>\n<tr>\n<td>Ph\u00ed ch\u00eanh l\u1ec7ch th\u1ea5p<\/td>\n<td>1.2<\/td>\n<\/tr>\n<tr>\n<td>Hoa h\u1ed3ng<\/td>\n<td>0<\/td>\n<\/tr>\n<tr>\n<td>M\u1ee9c Stop Out<\/td>\n<td>30%<\/td>\n<\/tr>\n<tr>\n<td>Margin Call<\/td>\n<td>50%<\/td>\n<\/tr>\n<tr>\n<td>Kh\u1edbp l\u1ec7nh<\/td>\n<td>Market<\/td>\n<\/tr>\n<tr>\n<td>\u0110\u00f2n B\u1ea9y T\u1ed1i \u0110a<\/td>\n<td>1:1000<\/td>\n<\/tr>\n<tr>\n<td>T\u00e0i Kho\u1ea3n Mi\u1ec5n Ph\u00ed Qua \u0110\u00eam<\/td>\n<td>Available Islamic<\/td>\n<\/tr>\n<tr>\n<td>K\u00edch th\u01b0\u1edbc l\u1ec7nh t\u1ed1i thi\u1ec3u<\/td>\n<td>0.01<\/td>\n<\/tr>\n<tr>\n<td>K\u00edch th\u01b0\u1edbc l\u1ec7nh t\u1ed1i \u0111a<\/td>\n<td>250<\/td>\n<\/tr>\n<tr>\n<td>C\u1ed1 v\u1ea5n Chuy\u00ean gia<\/td>\n<td><img decoding=\"async\" loading=\"lazy\" class=\"size-full wp-image-691 aligncenter\" src=\"https:\/\/xtreamforex.com\/wp-content\/uploads\/2020\/05\/ticc.png\" alt=\"\" width=\"72\" height=\"56\" \/><\/td>\n<\/tr>\n<tr>\n<td>L\u01b0\u1edbt s\u00f3ng\/Hedging<\/td>\n<td><img decoding=\"async\" loading=\"lazy\" class=\"size-full wp-image-691 aligncenter\" src=\"https:\/\/xtreamforex.com\/wp-content\/uploads\/2020\/05\/ticc.png\" alt=\"\" width=\"72\" height=\"56\" \/><\/td>\n<\/tr>\n<tr>\n<td>Kh\u1ed1i l\u01b0\u1ee3ng giao d\u1ecbch t\u1ed1i \u0111a<\/td>\n<td>5 Lot<\/td>\n<\/tr>\n<tr>\n<td style=\"margin-top: 5px;\">Khuy\u1ebfn m\u00e3i<\/td>\n<td><img decoding=\"async\" loading=\"lazy\" class=\"size-full wp-image-693 aligncenter\" src=\"https:\/\/xtreamforex.com\/wp-content\/uploads\/2020\/05\/cros.png\" alt=\"\" width=\"72\" height=\"72\" \/><\/td>\n<\/tr>\n<tr>\n<td>Lo\u1ea1i ti\u1ec1n n\u1ea1p<\/td>\n<td>USD<\/td>\n<\/tr>\n<tr>\n<td>Account Manager<\/td>\n<td><img decoding=\"async\" loading=\"lazy\" class=\"size-full wp-image-691 aligncenter\" src=\"https:\/\/xtreamforex.com\/wp-content\/uploads\/2020\/05\/ticc.png\" alt=\"\" width=\"72\" height=\"56\" \/><\/td>\n<\/tr>\n<tr>\n<td>Qu\u1ea3n l\u00fd t\u00e0i kho\u1ea3n<\/td>\n<td>100<\/td>\n<\/tr>\n<\/tbody>\n<\/table>\n<p>[\/vc_column_text][\/vc_column][\/vc_row][vc_row full_width=&#8221;stretch_row&#8221; css=&#8221;.vc_custom_1686979518207{padding-top: 8px !important;padding-bottom: 22px !important;background-color: #000000 !important;}&#8221;][vc_column width=&#8221;1\/6&#8243;][\/vc_column][vc_column width=&#8221;2\/3&#8243;][vc_row_inner][vc_column_inner width=&#8221;5\/12&#8243;][vc_btn title=&#8221;M\u1edf t\u00e0i kho\u1ea3n tr\u1ef1c ti\u1ebfp&#8221; style=&#8221;custom&#8221; custom_background=&#8221;#000000&#8243; custom_text=&#8221;#ffffff&#8221; shape=&#8221;square&#8221; align=&#8221;center&#8221; el_class=&#8221;white_border&#8221; link=&#8221;url:https%3A%2F%2Fmy.xtreamforex.com%2FAccount%2FRegister.php||target:%20_blank|&#8221;][\/vc_column_inner][vc_column_inner width=&#8221;1\/6&#8243;][vc_column_text el_class=&#8221;ptxt&#8221;]<\/p>\n<p style=\"text-align: center;\">Ho\u1eb7c<\/p>\n<p>[\/vc_column_text][\/vc_column_inner][vc_column_inner width=&#8221;5\/12&#8243;][vc_btn title=&#8221;M\u1edf t\u00e0i kho\u1ea3n demo&#8221; style=&#8221;custom&#8221; custom_background=&#8221;#000000&#8243; custom_text=&#8221;#ffffff&#8221; shape=&#8221;square&#8221; align=&#8221;center&#8221; el_class=&#8221;white_border&#8221; link=&#8221;url:https%3A%2F%2Fmy.xtreamforex.com%2FAccount%2FRegister.php||target:%20_blank|&#8221;][\/vc_column_inner][\/vc_row_inner][\/vc_column][vc_column width=&#8221;1\/6&#8243;][\/vc_column][\/vc_row]<\/p>\n","protected":false},"excerpt":{"rendered":"<p>[vc_row full_width=&#8221;stretch_row&#8221; css=&#8221;.vc_custom_1698749134039{margin-top: 0px !important;margin-bottom: 0px !important;padding-top: 70px !important;padding-bottom: 70px !important;background-image: url(https:\/\/www.xtrememarkets.com\/ID\/wp-content\/uploads\/2023\/10\/MICRO-ACCOUNT.png?id=24451) !important;background-position: center !important;background-repeat: no-repeat !important;background-size: cover !important;}&#8221;][vc_column][vc_column_text] T\u00c0I KHO\u1ea2N VI M\u00d4 [\/vc_column_text][\/vc_column][\/vc_row][vc_row full_width=&#8221;stretch_row&#8221; css=&#8221;.vc_custom_1698749160907{margin-top: 0px !important;background-color: #000000 !important;}&#8221;][vc_column width=&#8221;1\/2&#8243; el_class=&#8221;micro_account_1sec&#8221;][vc_single_image image=&#8221;20986&#8243; img_size=&#8221;full&#8221; alignment=&#8221;center&#8221;][\/vc_column][vc_column width=&#8221;1\/2&#8243; css=&#8221;.vc_custom_1686979691723{padding-top: 10% !important;}&#8221; el_class=&#8221;micro_account_1sec&#8221;][vc_column_text] XTREME MARKETS [\/vc_column_text][vc_column_text] T\u00c0I KHO\u1ea2N MICRO [\/vc_column_text][vc_column_text] Xtreme Markets l\u00e0 m\u1ed9t trong nh\u1eefng nh\u00e0 m\u00f4i<\/p>\n... <a href=\"https:\/\/www.xtrememarkets.com\/ID\/vi\/micro-account-vietnam\/\">continue reading<\/a>.","protected":false},"author":1,"featured_media":0,"parent":0,"menu_order":0,"comment_status":"closed","ping_status":"closed","template":"","meta":[],"yoast_head":"<!-- This site is optimized with the Yoast SEO Premium plugin v16.1 - https:\/\/yoast.com\/wordpress\/plugins\/seo\/ -->\r\n<title>Open Micro Account in lowest amount with Best Trading Broker<\/title>\r\n<meta name=\"description\" content=\"Open Micro Trading Account with a minimum deposit of $5 and start trading Forex, Indices, Cryptocurrency, and Metal &amp; Energies.\" \/>\r\n<link rel=\"canonical\" href=\"https:\/\/www.xtrememarkets.com\/ID\/vi\/micro-account-vietnam\/\" \/>\r\n<meta property=\"og:locale\" content=\"en_US\" \/>\r\n<meta property=\"og:type\" content=\"article\" \/>\r\n<meta property=\"og:title\" content=\"Open Micro Account in lowest amount with Best Trading Broker\" \/>\r\n<meta property=\"og:description\" content=\"Open Micro Trading Account with a minimum deposit of $5 and start trading Forex, Indices, Cryptocurrency, and Metal &amp; Energies.\" \/>\r\n<meta property=\"og:url\" content=\"https:\/\/www.xtrememarkets.com\/ID\/vi\/micro-account-vietnam\/\" \/>\r\n<meta property=\"og:site_name\" content=\"Xtreme Markets\" \/>\r\n<meta property=\"article:publisher\" content=\"https:\/\/www.facebook.com\/xtreamforex.official\/\" \/>\r\n<meta property=\"article:modified_time\" content=\"2024-03-12T10:07:24+00:00\" \/>\r\n<meta property=\"og:image\" content=\"https:\/\/www.xtrememarkets.com\/wp-content\/uploads\/2023\/07\/link-banner.jpg\" \/>\r\n<meta name=\"twitter:card\" content=\"summary_large_image\" \/>\r\n<meta name=\"twitter:site\" content=\"@xtreamforex\" \/>\r\n<meta name=\"twitter:label1\" content=\"Est. reading time\">\n\t<meta name=\"twitter:data1\" content=\"4 minutes\">\r\n<script type=\"application\/ld+json\" class=\"yoast-schema-graph\">{\"@context\":\"https:\/\/schema.org\",\"@graph\":[{\"@type\":[\"Organization\",\"Place\"],\"@id\":\"https:\/\/www.xtrememarkets.com\/ID\/#organization\",\"name\":\"Xtreamforex\",\"url\":\"https:\/\/www.xtrememarkets.com\/ID\/\",\"sameAs\":[\"https:\/\/www.facebook.com\/xtreamforex.official\/\",\"https:\/\/www.instagram.com\/xtreamforex.official\/\",\"https:\/\/in.linkedin.com\/company\/xtream-forex\",\"https:\/\/www.youtube.com\/channel\/UCbbTuJV9XhurjZciRLdvFBg\",\"https:\/\/www.pinterest.com\/xtreamforex_trading\/\",\"https:\/\/twitter.com\/xtreamforex\"],\"logo\":{\"@id\":\"https:\/\/www.xtrememarkets.com\/ID\/vi\/micro-account-vietnam\/#local-main-organization-logo\"},\"image\":{\"@id\":\"https:\/\/www.xtrememarkets.com\/ID\/vi\/micro-account-vietnam\/#local-main-organization-logo\"},\"openingHoursSpecification\":[{\"@type\":\"OpeningHoursSpecification\",\"dayOfWeek\":[\"Monday\",\"Tuesday\",\"Wednesday\",\"Thursday\",\"Friday\",\"Saturday\",\"Sunday\"],\"opens\":\"09:00\",\"closes\":\"17:00\"}]},{\"@type\":\"WebSite\",\"@id\":\"https:\/\/www.xtrememarkets.com\/ID\/#website\",\"url\":\"https:\/\/www.xtrememarkets.com\/ID\/\",\"name\":\"Xtreme Markets\",\"description\":\"\",\"publisher\":{\"@id\":\"https:\/\/www.xtrememarkets.com\/ID\/#organization\"},\"potentialAction\":[{\"@type\":\"SearchAction\",\"target\":\"https:\/\/www.xtrememarkets.com\/ID\/?s={search_term_string}\",\"query-input\":\"required name=search_term_string\"}],\"inLanguage\":\"en-US\"},{\"@type\":\"ImageObject\",\"@id\":\"https:\/\/www.xtrememarkets.com\/ID\/vi\/micro-account-vietnam\/#primaryimage\",\"inLanguage\":\"en-US\",\"url\":\"\",\"contentUrl\":\"\"},{\"@type\":\"WebPage\",\"@id\":\"https:\/\/www.xtrememarkets.com\/ID\/vi\/micro-account-vietnam\/#webpage\",\"url\":\"https:\/\/www.xtrememarkets.com\/ID\/vi\/micro-account-vietnam\/\",\"name\":\"Open Micro Account in lowest amount with Best Trading Broker\",\"isPartOf\":{\"@id\":\"https:\/\/www.xtrememarkets.com\/ID\/#website\"},\"primaryImageOfPage\":{\"@id\":\"https:\/\/www.xtrememarkets.com\/ID\/vi\/micro-account-vietnam\/#primaryimage\"},\"datePublished\":\"2020-05-15T11:33:38+00:00\",\"dateModified\":\"2024-03-12T10:07:24+00:00\",\"description\":\"Open Micro Trading Account with a minimum deposit of $5 and start trading Forex, Indices, Cryptocurrency, and Metal & Energies.\",\"breadcrumb\":{\"@id\":\"https:\/\/www.xtrememarkets.com\/ID\/vi\/micro-account-vietnam\/#breadcrumb\"},\"inLanguage\":\"en-US\",\"potentialAction\":[{\"@type\":\"ReadAction\",\"target\":[\"https:\/\/www.xtrememarkets.com\/ID\/vi\/micro-account-vietnam\/\"]}]},{\"@type\":\"BreadcrumbList\",\"@id\":\"https:\/\/www.xtrememarkets.com\/ID\/vi\/micro-account-vietnam\/#breadcrumb\",\"itemListElement\":[{\"@type\":\"ListItem\",\"position\":1,\"item\":{\"@type\":\"WebPage\",\"@id\":\"https:\/\/www.xtrememarkets.com\/\",\"url\":\"https:\/\/www.xtrememarkets.com\/\",\"name\":\"Home\"}},{\"@type\":\"ListItem\",\"position\":2,\"item\":{\"@type\":\"WebPage\",\"@id\":\"https:\/\/www.xtrememarkets.com\/ID\/vi\/micro-account-vietnam\/\",\"url\":\"https:\/\/www.xtrememarkets.com\/ID\/vi\/micro-account-vietnam\/\",\"name\":\"Open Micro Account with Best Forex Broker\"}}]},{\"@type\":\"ImageObject\",\"@id\":\"https:\/\/www.xtrememarkets.com\/ID\/vi\/micro-account-vietnam\/#local-main-organization-logo\",\"inLanguage\":\"en-US\",\"url\":\"https:\/\/www.xtrememarkets.com\/ID\/wp-content\/uploads\/2024\/02\/image_2024_02_23T12_39_46_331Z.png\",\"contentUrl\":\"https:\/\/www.xtrememarkets.com\/ID\/wp-content\/uploads\/2024\/02\/image_2024_02_23T12_39_46_331Z.png\",\"width\":800,\"height\":500,\"caption\":\"Xtreamforex\"}]}<\/script>\r\n<!-- \/ Yoast SEO Premium plugin. -->","_links":{"self":[{"href":"https:\/\/www.xtrememarkets.com\/ID\/wp-json\/wp\/v2\/pages\/26478"}],"collection":[{"href":"https:\/\/www.xtrememarkets.com\/ID\/wp-json\/wp\/v2\/pages"}],"about":[{"href":"https:\/\/www.xtrememarkets.com\/ID\/wp-json\/wp\/v2\/types\/page"}],"author":[{"embeddable":true,"href":"https:\/\/www.xtrememarkets.com\/ID\/wp-json\/wp\/v2\/users\/1"}],"replies":[{"embeddable":true,"href":"https:\/\/www.xtrememarkets.com\/ID\/wp-json\/wp\/v2\/comments?post=26478"}],"version-history":[{"count":5,"href":"https:\/\/www.xtrememarkets.com\/ID\/wp-json\/wp\/v2\/pages\/26478\/revisions"}],"predecessor-version":[{"id":27258,"href":"https:\/\/www.xtrememarkets.com\/ID\/wp-json\/wp\/v2\/pages\/26478\/revisions\/27258"}],"wp:attachment":[{"href":"https:\/\/www.xtrememarkets.com\/ID\/wp-json\/wp\/v2\/media?parent=26478"}],"curies":[{"name":"wp","href":"https:\/\/api.w.org\/{rel}","templated":true}]}}