{"id":26475,"date":"2020-06-17T04:29:34","date_gmt":"2020-06-17T04:29:34","guid":{"rendered":"https:\/\/www.xtreamforex.com\/?page_id=26475"},"modified":"2024-01-10T06:14:30","modified_gmt":"2024-01-10T06:14:30","slug":"mt5-webtrader-vietnam","status":"publish","type":"page","link":"https:\/\/www.xtrememarkets.com\/ID\/vi\/mt5-webtrader-vietnam\/","title":{"rendered":"MT5 Webtrader"},"content":{"rendered":"<p>[vc_row full_width=&#8221;stretch_row&#8221; css=&#8221;.vc_custom_1698746347931{margin-top: 0px !important;margin-bottom: 0px !important;padding-top: 70px !important;padding-bottom: 70px !important;background-image: url(https:\/\/www.xtrememarkets.com\/ID\/wp-content\/uploads\/2023\/10\/MT-5-Webtrader.png?id=24431) !important;background-position: center !important;background-repeat: no-repeat !important;background-size: cover !important;}&#8221;][vc_column][vc_column_text]<\/p>\n<p class=\"upper-head-para\" style=\"color: #db0100; font-weight: bold;\">WEBTRADER <span style=\"color: #fff;\">MT5<\/span><\/p>\n<p>[\/vc_column_text][\/vc_column][\/vc_row][vc_row full_width=&#8221;stretch_row&#8221; css=&#8221;.vc_custom_1698746259763{margin-top: 0px !important;background-color: #000000 !important;background-position: center !important;background-repeat: no-repeat !important;background-size: cover !important;}&#8221;][vc_column][vc_row_inner el_id=&#8221;mt5-webtrader&#8221;][vc_column_inner width=&#8221;1\/2&#8243;][vc_single_image image=&#8221;20490&#8243; img_size=&#8221;full&#8221;][vc_btn title=&#8221;T\u1ea3i ngay MT5&#8243; style=&#8221;custom&#8221; custom_background=&#8221;#d60302&#8243; custom_text=&#8221;#ffffff&#8221; shape=&#8221;square&#8221; size=&#8221;sm&#8221; align=&#8221;left&#8221; css_animation=&#8221;none&#8221; link=&#8221;url:https%3A%2F%2Fxtreamforex.com%2Fxtreammarkets-mt5-web-terminal%2F|title:https%3A%2F%2Fxtreamforex.com%2Fxtreammarkets-mt5-web-terminal%2F|target:%20_blank|&#8221; el_class=&#8221;red_border_button&#8221; el_id=&#8221;red-16border-btn&#8221;][\/vc_column_inner][vc_column_inner width=&#8221;1\/2&#8243;][vc_custom_heading text=&#8221;C\u00f3 s\u1eb5n cho t\u1ea5t c\u1ea3 ch\u1ee7 t\u00e0i kho\u1ea3n tr\u1ef1c ti\u1ebfp<br \/>\n&#8221; font_container=&#8221;tag:h1|text_align:left|color:%23db0100&#8243; google_fonts=&#8221;font_family:Roboto%3A100%2C100italic%2C300%2C300italic%2Cregular%2Citalic%2C500%2C500italic%2C700%2C700italic%2C900%2C900italic|font_style:700%20bold%20regular%3A700%3Anormal&#8221; el_class=&#8221;accounts_holdwrs&#8221;][vc_column_text el_class=&#8221;career&#8221;]<\/p>\n<p style=\"text-align: left; margin-top: 20px; line-height: 1.7; font-size: 14px;\"><span style=\"color: #afafaf;\">MetaTrader 5 WebTrader c\u00f3 s\u1eb5n cho t\u1ea5t c\u1ea3 ch\u1ee7 t\u00e0i kho\u1ea3n tr\u1ef1c ti\u1ebfp, cho ph\u00e9p b\u1ea1n truy c\u1eadp n\u1ec1n t\u1ea3ng y\u00eau th\u00edch c\u1ee7a m\u00ecnh t\u1eeb b\u1ea5t k\u1ef3 tr\u00ecnh duy\u1ec7t n\u00e0o b\u1eb1ng c\u00e1ch s\u1eed d\u1ee5ng chi ti\u1ebft \u0111\u0103ng nh\u1eadp hi\u1ec7n c\u00f3 c\u1ee7a b\u1ea1n m\u00e0 kh\u00f4ng c\u1ea7n ph\u1ea7n m\u1ec1m b\u1ed5 sung.<\/span><\/p>\n<p style=\"text-align: left; margin-top: 20px; line-height: 1.7; font-size: 14px;\"><span style=\"color: #afafaf;\">B\u1ea1n c\u00f3 th\u1ec3 truy c\u1eadp b\u1ed9 ch\u1ee9c n\u0103ng \u01b0u vi\u1ec7t c\u00f3 s\u1eb5n trong n\u1ec1n t\u1ea3ng m\u00e1y t\u00ednh \u0111\u1ec3 b\u00e0n MetaTrader 5 tr\u1ef1c ti\u1ebfp tr\u00ean web, ngh\u0129a l\u00e0 b\u1ea1n c\u00f3 th\u1ec3 ph\u00e2n t\u00edch b\u00e1o gi\u00e1 t\u00e0i ch\u00ednh v\u00e0 giao d\u1ecbch m\u00e0 kh\u00f4ng c\u1ea7n t\u1ea3i xu\u1ed1ng ho\u1eb7c c\u00e0i \u0111\u1eb7t b\u1ea5t k\u1ef3 \u1ee9ng d\u1ee5ng n\u00e0o.<\/span><\/p>\n<p style=\"text-align: left; margin-top: 20px; line-height: 1.7; font-size: 14px;\"><span style=\"color: #afafaf;\">Ch\u1ec9 c\u1ea7n kh\u1edfi \u0111\u1ed9ng WebTrader t\u1eeb b\u1ea5t k\u1ef3 m\u00e1y t\u00ednh v\u00e0 tr\u00ecnh duy\u1ec7t n\u00e0o v\u00e0 b\u1eaft \u0111\u1ea7u giao d\u1ecbch sau v\u00e0i gi\u00e2y.<\/span><\/p>\n<p>[\/vc_column_text][vc_column_text el_class=&#8221;red_arrow_ul&#8221;]<\/p>\n<p style=\"margin-bottom: 20px; text-align: left;\"><i class=\"fa fa-check\" style=\"font-size: 12px; color: white; background-color: #db0100; border-radius: 50%; padding: 3px 2px 3px 3px; margin-right: 7px;\"><\/i><span style=\"color: #ffffff; font-size: 16px; letter-spacing: 0.2px; font-weight: 500;\">Truy c\u1eadp t\u1eeb m\u1ecdi tr\u00ecnh duy\u1ec7t v\u00e0 h\u1ec7 \u0111i\u1ec1u h\u00e0nh<\/span><\/p>\n<p style=\"margin-bottom: 20px; text-align: left;\"><i class=\"fa fa-check\" style=\"font-size: 12px; color: white; background-color: #db0100; border-radius: 50%; padding: 3px 2px 3px 3px; margin-right: 7px;\"><\/i><span style=\"color: #ffffff; font-size: 16px; letter-spacing: 0.2px; font-weight: 500;\">Giao d\u1ecbch v\u1edbi c\u00e1c c\u00f4ng c\u1ee5 ph\u00e2n t\u00edch ti\u00ean ti\u1ebfn<\/span><\/p>\n<p style=\"margin-bottom: 20px; text-align: left;\"><i class=\"fa fa-check\" style=\"font-size: 12px; color: white; background-color: #db0100; border-radius: 50%; padding: 3px 2px 3px 3px; margin-right: 7px;\"><\/i><span style=\"color: #ffffff; font-size: 16px; letter-spacing: 0.2px; font-weight: 500;\">Tr\u1ecdn b\u1ed9 l\u1ec7nh giao d\u1ecbch MT5<\/span><\/p>\n<p style=\"margin-bottom: 20px; text-align: left;\"><i class=\"fa fa-check\" style=\"font-size: 12px; color: white; background-color: #db0100; border-radius: 50%; padding: 3px 2px 3px 3px; margin-right: 7px;\"><\/i><span style=\"color: #ffffff; font-size: 16px; letter-spacing: 0.2px; font-weight: 500;\">T\u1ed1c \u0111\u1ed9 n\u1ec1n t\u1ea3ng n\u00e2ng cao<\/span><\/p>\n<p style=\"margin-bottom: 20px; text-align: left;\"><i class=\"fa fa-check\" style=\"font-size: 12px; color: white; background-color: #db0100; border-radius: 50%; padding: 3px 2px 3px 3px; margin-right: 7px;\"><\/i><span style=\"color: #ffffff; font-size: 16px; letter-spacing: 0.2px; font-weight: 500;\">Giao d\u1ecbch b\u1eb1ng m\u1ed9t c\u00fa nh\u1ea5p chu\u1ed9t<br \/>\n<\/span><\/p>\n<p>[\/vc_column_text][\/vc_column_inner][\/vc_row_inner][\/vc_column][\/vc_row][vc_row full_width=&#8221;stretch_row&#8221; css=&#8221;.vc_custom_1686052104342{padding-top: 8px !important;padding-bottom: 22px !important;background-color: #000000 !important;}&#8221; el_class=&#8221;trading_plat_rw&#8221;][vc_column width=&#8221;1\/6&#8243;][\/vc_column][vc_column width=&#8221;2\/3&#8243;][vc_row_inner][vc_column_inner el_class=&#8221;trading_plat_left&#8221; width=&#8221;5\/12&#8243;][vc_btn title=&#8221;M\u1edf t\u00e0i kho\u1ea3n tr\u1ef1c ti\u1ebfp&#8221; style=&#8221;custom&#8221; custom_background=&#8221;#000000&#8243; custom_text=&#8221;#ffffff&#8221; shape=&#8221;square&#8221; align=&#8221;center&#8221; el_class=&#8221;white_border black_btn&#8221; link=&#8221;url:https%3A%2F%2Fmy.xtreamforex.com%2FAccount%2FRegister.php||target:%20_blank|&#8221;][\/vc_column_inner][vc_column_inner el_class=&#8221;trading_plat_or&#8221; width=&#8221;1\/6&#8243;][vc_column_text el_class=&#8221;ptxt&#8221;]<\/p>\n<p style=\"text-align: center;\">Ho\u1eb7c<\/p>\n<p>[\/vc_column_text][\/vc_column_inner][vc_column_inner el_class=&#8221;trading_plat_right&#8221; width=&#8221;5\/12&#8243;][vc_btn title=&#8221;M\u1edf t\u00e0i kho\u1ea3n demo&#8221; style=&#8221;custom&#8221; custom_background=&#8221;#000000&#8243; custom_text=&#8221;#ffffff&#8221; shape=&#8221;square&#8221; align=&#8221;center&#8221; el_class=&#8221;white_border black_btn&#8221; link=&#8221;url:https%3A%2F%2Fmy.xtreamforex.com%2FAccount%2FRegister.php||target:%20_blank|&#8221;][\/vc_column_inner][\/vc_row_inner][\/vc_column][vc_column width=&#8221;1\/6&#8243;][\/vc_column][\/vc_row]<\/p>\n","protected":false},"excerpt":{"rendered":"<p>[vc_row full_width=&#8221;stretch_row&#8221; css=&#8221;.vc_custom_1698746347931{margin-top: 0px !important;margin-bottom: 0px !important;padding-top: 70px !important;padding-bottom: 70px !important;background-image: url(https:\/\/www.xtrememarkets.com\/ID\/wp-content\/uploads\/2023\/10\/MT-5-Webtrader.png?id=24431) !important;background-position: center !important;background-repeat: no-repeat !important;background-size: cover !important;}&#8221;][vc_column][vc_column_text] WEBTRADER MT5 [\/vc_column_text][\/vc_column][\/vc_row][vc_row full_width=&#8221;stretch_row&#8221; css=&#8221;.vc_custom_1698746259763{margin-top: 0px !important;background-color: #000000 !important;background-position: center !important;background-repeat: no-repeat !important;background-size: cover !important;}&#8221;][vc_column][vc_row_inner el_id=&#8221;mt5-webtrader&#8221;][vc_column_inner width=&#8221;1\/2&#8243;][vc_single_image image=&#8221;20490&#8243; img_size=&#8221;full&#8221;][vc_btn title=&#8221;T\u1ea3i ngay MT5&#8243; style=&#8221;custom&#8221; custom_background=&#8221;#d60302&#8243; custom_text=&#8221;#ffffff&#8221; shape=&#8221;square&#8221; size=&#8221;sm&#8221; align=&#8221;left&#8221; css_animation=&#8221;none&#8221; link=&#8221;url:https%3A%2F%2Fxtreamforex.com%2Fxtreammarkets-mt5-web-terminal%2F|title:https%3A%2F%2Fxtreamforex.com%2Fxtreammarkets-mt5-web-terminal%2F|target:%20_blank|&#8221; el_class=&#8221;red_border_button&#8221; el_id=&#8221;red-16border-btn&#8221;][\/vc_column_inner][vc_column_inner width=&#8221;1\/2&#8243;][vc_custom_heading text=&#8221;C\u00f3 s\u1eb5n cho<\/p>\n... <a href=\"https:\/\/www.xtrememarkets.com\/ID\/vi\/mt5-webtrader-vietnam\/\">continue reading<\/a>.","protected":false},"author":1,"featured_media":0,"parent":0,"menu_order":0,"comment_status":"closed","ping_status":"closed","template":"","meta":[],"yoast_head":"<!-- This site is optimized with the Yoast SEO Premium plugin v16.1 - https:\/\/yoast.com\/wordpress\/plugins\/seo\/ -->\r\n<title>MetaTrader 5 Platform to Run Trading Easily | Xtreamforex<\/title>\r\n<meta name=\"description\" content=\"Earn easily by running a live account on the MetaTrader 5 Platform of Xtreamforex &amp; take help from tools to get analytical data that wins you the trade.\" \/>\r\n<link rel=\"canonical\" href=\"https:\/\/www.xtrememarkets.com\/ID\/vi\/mt5-webtrader-vietnam\/\" \/>\r\n<meta property=\"og:locale\" content=\"en_US\" \/>\r\n<meta property=\"og:type\" content=\"article\" \/>\r\n<meta property=\"og:title\" content=\"MetaTrader 5 Platform to Run Trading Easily | Xtreamforex\" \/>\r\n<meta property=\"og:description\" content=\"Earn easily by running a live account on the MetaTrader 5 Platform of Xtreamforex &amp; take help from tools to get analytical data that wins you the trade.\" \/>\r\n<meta property=\"og:url\" content=\"https:\/\/www.xtrememarkets.com\/ID\/vi\/mt5-webtrader-vietnam\/\" \/>\r\n<meta property=\"og:site_name\" content=\"Xtreme Markets\" \/>\r\n<meta property=\"article:publisher\" content=\"https:\/\/www.facebook.com\/xtreamforex.official\/\" \/>\r\n<meta property=\"article:modified_time\" content=\"2024-01-10T06:14:30+00:00\" \/>\r\n<meta property=\"og:image\" content=\"https:\/\/www.xtreamforex.com\/wp-content\/uploads\/2023\/07\/link-banner.jpg\" \/>\r\n<meta name=\"twitter:card\" content=\"summary_large_image\" \/>\r\n<meta name=\"twitter:site\" content=\"@xtreamforex\" \/>\r\n<meta name=\"twitter:label1\" content=\"Est. reading time\">\n\t<meta name=\"twitter:data1\" content=\"3 minutes\">\r\n<script type=\"application\/ld+json\" class=\"yoast-schema-graph\">{\"@context\":\"https:\/\/schema.org\",\"@graph\":[{\"@type\":[\"Organization\",\"Place\"],\"@id\":\"https:\/\/www.xtrememarkets.com\/ID\/#organization\",\"name\":\"Xtreamforex\",\"url\":\"https:\/\/www.xtrememarkets.com\/ID\/\",\"sameAs\":[\"https:\/\/www.facebook.com\/xtreamforex.official\/\",\"https:\/\/www.instagram.com\/xtreamforex.official\/\",\"https:\/\/in.linkedin.com\/company\/xtream-forex\",\"https:\/\/www.youtube.com\/channel\/UCbbTuJV9XhurjZciRLdvFBg\",\"https:\/\/www.pinterest.com\/xtreamforex_trading\/\",\"https:\/\/twitter.com\/xtreamforex\"],\"logo\":{\"@id\":\"https:\/\/www.xtrememarkets.com\/ID\/vi\/mt5-webtrader-vietnam\/#local-main-organization-logo\"},\"image\":{\"@id\":\"https:\/\/www.xtrememarkets.com\/ID\/vi\/mt5-webtrader-vietnam\/#local-main-organization-logo\"},\"openingHoursSpecification\":[{\"@type\":\"OpeningHoursSpecification\",\"dayOfWeek\":[\"Monday\",\"Tuesday\",\"Wednesday\",\"Thursday\",\"Friday\",\"Saturday\",\"Sunday\"],\"opens\":\"09:00\",\"closes\":\"17:00\"}]},{\"@type\":\"WebSite\",\"@id\":\"https:\/\/www.xtrememarkets.com\/ID\/#website\",\"url\":\"https:\/\/www.xtrememarkets.com\/ID\/\",\"name\":\"Xtreme Markets\",\"description\":\"\",\"publisher\":{\"@id\":\"https:\/\/www.xtrememarkets.com\/ID\/#organization\"},\"potentialAction\":[{\"@type\":\"SearchAction\",\"target\":\"https:\/\/www.xtrememarkets.com\/ID\/?s={search_term_string}\",\"query-input\":\"required name=search_term_string\"}],\"inLanguage\":\"en-US\"},{\"@type\":\"ImageObject\",\"@id\":\"https:\/\/www.xtrememarkets.com\/ID\/vi\/mt5-webtrader-vietnam\/#primaryimage\",\"inLanguage\":\"en-US\",\"url\":\"\",\"contentUrl\":\"\"},{\"@type\":\"WebPage\",\"@id\":\"https:\/\/www.xtrememarkets.com\/ID\/vi\/mt5-webtrader-vietnam\/#webpage\",\"url\":\"https:\/\/www.xtrememarkets.com\/ID\/vi\/mt5-webtrader-vietnam\/\",\"name\":\"MetaTrader 5 Platform to Run Trading Easily | Xtreamforex\",\"isPartOf\":{\"@id\":\"https:\/\/www.xtrememarkets.com\/ID\/#website\"},\"primaryImageOfPage\":{\"@id\":\"https:\/\/www.xtrememarkets.com\/ID\/vi\/mt5-webtrader-vietnam\/#primaryimage\"},\"datePublished\":\"2020-06-17T04:29:34+00:00\",\"dateModified\":\"2024-01-10T06:14:30+00:00\",\"description\":\"Earn easily by running a live account on the MetaTrader 5 Platform of Xtreamforex & take help from tools to get analytical data that wins you the trade.\",\"breadcrumb\":{\"@id\":\"https:\/\/www.xtrememarkets.com\/ID\/vi\/mt5-webtrader-vietnam\/#breadcrumb\"},\"inLanguage\":\"en-US\",\"potentialAction\":[{\"@type\":\"ReadAction\",\"target\":[\"https:\/\/www.xtrememarkets.com\/ID\/vi\/mt5-webtrader-vietnam\/\"]}]},{\"@type\":\"BreadcrumbList\",\"@id\":\"https:\/\/www.xtrememarkets.com\/ID\/vi\/mt5-webtrader-vietnam\/#breadcrumb\",\"itemListElement\":[{\"@type\":\"ListItem\",\"position\":1,\"item\":{\"@type\":\"WebPage\",\"@id\":\"https:\/\/www.xtrememarkets.com\/\",\"url\":\"https:\/\/www.xtrememarkets.com\/\",\"name\":\"Home\"}},{\"@type\":\"ListItem\",\"position\":2,\"item\":{\"@type\":\"WebPage\",\"@id\":\"https:\/\/www.xtrememarkets.com\/ID\/vi\/mt5-webtrader-vietnam\/\",\"url\":\"https:\/\/www.xtrememarkets.com\/ID\/vi\/mt5-webtrader-vietnam\/\",\"name\":\"MT5 Webtrader\"}}]},{\"@type\":\"ImageObject\",\"@id\":\"https:\/\/www.xtrememarkets.com\/ID\/vi\/mt5-webtrader-vietnam\/#local-main-organization-logo\",\"inLanguage\":\"en-US\",\"url\":\"https:\/\/www.xtrememarkets.com\/ID\/wp-content\/uploads\/2024\/02\/image_2024_02_23T12_39_46_331Z.png\",\"contentUrl\":\"https:\/\/www.xtrememarkets.com\/ID\/wp-content\/uploads\/2024\/02\/image_2024_02_23T12_39_46_331Z.png\",\"width\":800,\"height\":500,\"caption\":\"Xtreamforex\"}]}<\/script>\r\n<!-- \/ Yoast SEO Premium plugin. -->","_links":{"self":[{"href":"https:\/\/www.xtrememarkets.com\/ID\/wp-json\/wp\/v2\/pages\/26475"}],"collection":[{"href":"https:\/\/www.xtrememarkets.com\/ID\/wp-json\/wp\/v2\/pages"}],"about":[{"href":"https:\/\/www.xtrememarkets.com\/ID\/wp-json\/wp\/v2\/types\/page"}],"author":[{"embeddable":true,"href":"https:\/\/www.xtrememarkets.com\/ID\/wp-json\/wp\/v2\/users\/1"}],"replies":[{"embeddable":true,"href":"https:\/\/www.xtrememarkets.com\/ID\/wp-json\/wp\/v2\/comments?post=26475"}],"version-history":[{"count":2,"href":"https:\/\/www.xtrememarkets.com\/ID\/wp-json\/wp\/v2\/pages\/26475\/revisions"}],"predecessor-version":[{"id":26477,"href":"https:\/\/www.xtrememarkets.com\/ID\/wp-json\/wp\/v2\/pages\/26475\/revisions\/26477"}],"wp:attachment":[{"href":"https:\/\/www.xtrememarkets.com\/ID\/wp-json\/wp\/v2\/media?parent=26475"}],"curies":[{"name":"wp","href":"https:\/\/api.w.org\/{rel}","templated":true}]}}