{"id":26471,"date":"2020-06-17T04:10:59","date_gmt":"2020-06-17T04:10:59","guid":{"rendered":"https:\/\/www.xtreamforex.com\/?page_id=26471"},"modified":"2024-01-10T05:45:29","modified_gmt":"2024-01-10T05:45:29","slug":"metatrader-5-for-android-download-mt5-android-now-vietnam","status":"publish","type":"page","link":"https:\/\/www.xtrememarkets.com\/ID\/vi\/metatrader-5-for-android-download-mt5-android-now-vietnam\/","title":{"rendered":"Metatrader 5 For Android \u2013 Download MT5 Android Now"},"content":{"rendered":"<p>[vc_row full_width=&#8221;stretch_row&#8221; css=&#8221;.vc_custom_1698748291709{margin-top: 0px !important;margin-bottom: 0px !important;padding-top: 70px !important;padding-bottom: 70px !important;background-image: url(https:\/\/www.xtrememarkets.com\/ID\/wp-content\/uploads\/2023\/10\/MT-5-Android.png?id=24445) !important;background-position: center !important;background-repeat: no-repeat !important;background-size: cover !important;}&#8221;][vc_column][vc_column_text]<\/p>\n<p class=\"upper-head-para\" style=\"color: #db0100; font-weight: bold;\">MT5 <span style=\"color: #fff;\">ANDROID<\/span><\/p>\n<p>[\/vc_column_text][\/vc_column][\/vc_row][vc_row full_width=&#8221;stretch_row&#8221; css=&#8221;.vc_custom_1698748304363{margin-top: 0px !important;background-color: #000000 !important;background-position: center !important;background-repeat: no-repeat !important;background-size: cover !important;}&#8221;][vc_column][vc_row_inner el_id=&#8221;two_cols_mt5_adroid&#8221;][vc_column_inner width=&#8221;1\/2&#8243;][vc_single_image image=&#8221;20478&#8243; img_size=&#8221;full&#8221; el_id=&#8221;metatrader_mobile_image&#8221;][vc_btn title=&#8221;T\u1ea3i ngay MT5&#8243; style=&#8221;custom&#8221; custom_background=&#8221;#d60302&#8243; custom_text=&#8221;#ffffff&#8221; shape=&#8221;square&#8221; size=&#8221;sm&#8221; align=&#8221;left&#8221; css_animation=&#8221;none&#8221; link=&#8221;url:https%3A%2F%2Fdownload.mql5.com%2Fcdn%2Fmobile%2Fmt5%2Fandroid%3Fserver%3DXtreamMarkets-Server|||&#8221; el_class=&#8221;red_border_button&#8221; el_id=&#8221;red-14border-btn&#8221;][\/vc_column_inner][vc_column_inner width=&#8221;1\/2&#8243;][vc_custom_heading text=&#8221;Truy c\u1eadp thu\u1eadn ti\u1ec7n v\u00e0o th\u1ecb tr\u01b0\u1eddng ngo\u1ea1i h\u1ed1i v\u00e0 trao \u0111\u1ed5i&#8221; font_container=&#8221;tag:h1|text_align:left|color:%23db0100&#8243; google_fonts=&#8221;font_family:Roboto%3A100%2C100italic%2C300%2C300italic%2Cregular%2Citalic%2C500%2C500italic%2C700%2C700italic%2C900%2C900italic|font_style:700%20bold%20regular%3A700%3Anormal&#8221; el_id=&#8221;custom_heading_mt5android&#8221;][vc_column_text el_class=&#8221;career&#8221;]<\/p>\n<p style=\"text-align: left; margin-top: 20px; line-height: 1.7; font-size: 14px;\"><span style=\"color: #afafaf;\">B\u1ea1n c\u00f3 th\u1ec3 k\u1ebft n\u1ed1i v\u1edbi m\u00e1y ch\u1ee7 c\u1ee7a nh\u00e0 m\u00f4i gi\u1edbi, ph\u00e2n t\u00edch b\u00e1o gi\u00e1 c\u1ed5 phi\u1ebfu v\u00e0 c\u00e1c c\u00f4ng c\u1ee5 trao \u0111\u1ed5i kh\u00e1c c\u0169ng nh\u01b0 th\u1ef1c hi\u1ec7n c\u00e1c ho\u1ea1t \u0111\u1ed9ng giao d\u1ecbch m\u1ecdi l\u00fac, m\u1ecdi n\u01a1i.<\/span><\/p>\n<p style=\"text-align: left; margin-top: 20px; line-height: 1.7; font-size: 14px;\"><span style=\"color: #afafaf;\">Trong c\u1eeda s\u1ed5 Giao d\u1ecbch v\u00e0 l\u1ecbch s\u1eed, b\u1ea1n c\u00f3 th\u1ec3 t\u00ecm th\u1ea5y th\u00f4ng tin m\u1edbi nh\u1ea5t v\u1ec1 t\u1ea5t c\u1ea3 c\u00e1c v\u1ecb th\u1ebf m\u1edfa v\u00e0 t\u1ea5t c\u1ea3 c\u00e1c giao d\u1ecbch \u0111\u00e3 ho\u00e0n th\u00e0nh.<\/span><\/p>\n<p>[\/vc_column_text][vc_column_text el_class=&#8221;red_arrow_ul red_arrow_ul_mb&#8221;]<\/p>\n<p style=\"margin-bottom: 20px; text-align: left;\"><i class=\"fa fa-check\" style=\"font-size: 12px; color: white; background-color: #db0100; border-radius: 50%; padding: 3px 2px 3px 3px; margin-right: 7px;\"><\/i><span style=\"color: #ffffff; font-size: 16px; letter-spacing: 0.2px; font-weight: 500;\">B\u1ea1n c\u00f3 th\u1ec3 giao d\u1ecbch Forex, c\u1ed5 phi\u1ebfu v\u00e0 h\u1ee3p \u0111\u1ed3ng t\u01b0\u01a1ng lai \u1edf b\u1ea5t c\u1ee9 \u0111\u00e2u.<\/span><\/p>\n<p style=\"margin-bottom: 20px; text-align: left;\"><i class=\"fa fa-check\" style=\"font-size: 12px; color: white; background-color: #db0100; border-radius: 50%; padding: 3px 2px 3px 3px; margin-right: 7px;\"><\/i><span style=\"color: #ffffff; font-size: 16px; letter-spacing: 0.2px; font-weight: 500;\">C\u00f4ng c\u1ee5 ph\u00e2n t\u00edch k\u1ef9 thu\u1eadt v\u1edbi c\u00e1c ch\u1ec9 b\u00e1o v\u00e0 \u0111\u1ed1i t\u01b0\u1ee3ng ph\u00e2n t\u00edch.<\/span><\/p>\n<p style=\"margin-bottom: 20px; text-align: left;\"><i class=\"fa fa-check\" style=\"font-size: 12px; color: white; background-color: #db0100; border-radius: 50%; padding: 3px 2px 3px 3px; margin-right: 7px;\"><\/i><span style=\"color: #ffffff; font-size: 16px; letter-spacing: 0.2px; font-weight: 500;\">H\u1ed7 tr\u1ee3 tr\u00f2 chuy\u1ec7n t\u00edch h\u1ee3p.<\/span><\/p>\n<p style=\"margin-bottom: 20px; text-align: left;\"><i class=\"fa fa-check\" style=\"font-size: 12px; color: white; background-color: #db0100; border-radius: 50%; padding: 3px 2px 3px 3px; margin-right: 7px;\"><\/i><span style=\"color: #ffffff; font-size: 16px; letter-spacing: 0.2px; font-weight: 500;\">C\u1ea3nh b\u00e1o v\u00e0 th\u00f4ng b\u00e1o \u0111\u1ea9y.<\/span><\/p>\n<p>[\/vc_column_text][\/vc_column_inner][\/vc_row_inner][\/vc_column][\/vc_row][vc_row full_width=&#8221;stretch_row&#8221; css=&#8221;.vc_custom_1686039087040{padding-top: 8px !important;padding-bottom: 22px !important;background-color: #000000 !important;}&#8221; el_class=&#8221;trading_plat_rw&#8221;][vc_column width=&#8221;1\/6&#8243;][\/vc_column][vc_column width=&#8221;2\/3&#8243;][vc_row_inner][vc_column_inner el_class=&#8221;trading_plat_left&#8221; width=&#8221;5\/12&#8243;][vc_btn title=&#8221;M\u1edf t\u00e0i kho\u1ea3n tr\u1ef1c ti\u1ebfp&#8221; style=&#8221;custom&#8221; custom_background=&#8221;#000000&#8243; custom_text=&#8221;#ffffff&#8221; shape=&#8221;square&#8221; align=&#8221;center&#8221; el_class=&#8221;white_border black_btn white_black_btn&#8221; link=&#8221;url:https%3A%2F%2Fmy.xtreamforex.com%2FAccount%2FRegister.php||target:%20_blank|&#8221;][\/vc_column_inner][vc_column_inner el_class=&#8221;trading_plat_or&#8221; width=&#8221;1\/6&#8243;][vc_column_text el_class=&#8221;ptxt&#8221;]<\/p>\n<p style=\"text-align: center;\">Ho\u1eb7c<\/p>\n<p>[\/vc_column_text][\/vc_column_inner][vc_column_inner el_class=&#8221;trading_plat_right&#8221; width=&#8221;5\/12&#8243;][vc_btn title=&#8221;M\u1edf t\u00e0i kho\u1ea3n demo&#8221; style=&#8221;custom&#8221; custom_background=&#8221;#000000&#8243; custom_text=&#8221;#ffffff&#8221; shape=&#8221;square&#8221; align=&#8221;center&#8221; el_class=&#8221;white_border black_btn&#8221; link=&#8221;url:https%3A%2F%2Fmy.xtreamforex.com%2FAccount%2FRegister.php||target:%20_blank|&#8221;][\/vc_column_inner][\/vc_row_inner][\/vc_column][vc_column width=&#8221;1\/6&#8243;][\/vc_column][\/vc_row]<\/p>\n","protected":false},"excerpt":{"rendered":"<p>[vc_row full_width=&#8221;stretch_row&#8221; css=&#8221;.vc_custom_1698748291709{margin-top: 0px !important;margin-bottom: 0px !important;padding-top: 70px !important;padding-bottom: 70px !important;background-image: url(https:\/\/www.xtrememarkets.com\/ID\/wp-content\/uploads\/2023\/10\/MT-5-Android.png?id=24445) !important;background-position: center !important;background-repeat: no-repeat !important;background-size: cover !important;}&#8221;][vc_column][vc_column_text] MT5 ANDROID [\/vc_column_text][\/vc_column][\/vc_row][vc_row full_width=&#8221;stretch_row&#8221; css=&#8221;.vc_custom_1698748304363{margin-top: 0px !important;background-color: #000000 !important;background-position: center !important;background-repeat: no-repeat !important;background-size: cover !important;}&#8221;][vc_column][vc_row_inner el_id=&#8221;two_cols_mt5_adroid&#8221;][vc_column_inner width=&#8221;1\/2&#8243;][vc_single_image image=&#8221;20478&#8243; img_size=&#8221;full&#8221; el_id=&#8221;metatrader_mobile_image&#8221;][vc_btn title=&#8221;T\u1ea3i ngay MT5&#8243; style=&#8221;custom&#8221; custom_background=&#8221;#d60302&#8243; custom_text=&#8221;#ffffff&#8221; shape=&#8221;square&#8221; size=&#8221;sm&#8221; align=&#8221;left&#8221; css_animation=&#8221;none&#8221; link=&#8221;url:https%3A%2F%2Fdownload.mql5.com%2Fcdn%2Fmobile%2Fmt5%2Fandroid%3Fserver%3DXtreamMarkets-Server|||&#8221; el_class=&#8221;red_border_button&#8221; el_id=&#8221;red-14border-btn&#8221;][\/vc_column_inner][vc_column_inner width=&#8221;1\/2&#8243;][vc_custom_heading text=&#8221;Truy c\u1eadp<\/p>\n... <a href=\"https:\/\/www.xtrememarkets.com\/ID\/vi\/metatrader-5-for-android-download-mt5-android-now-vietnam\/\">continue reading<\/a>.","protected":false},"author":1,"featured_media":0,"parent":0,"menu_order":0,"comment_status":"closed","ping_status":"closed","template":"","meta":[],"yoast_head":"<!-- This site is optimized with the Yoast SEO Premium plugin v16.1 - https:\/\/yoast.com\/wordpress\/plugins\/seo\/ -->\r\n<title>Metatrader 5 for Android - Download MT5 Android Now<\/title>\r\n<meta name=\"description\" content=\"Stay aside from the hassles of using a laptop when you can download the MT5 Trading platform on your Android mobile or tablet and enjoy trading on the go.\" \/>\r\n<link rel=\"canonical\" href=\"https:\/\/www.xtrememarkets.com\/ID\/vi\/metatrader-5-for-android-download-mt5-android-now-vietnam\/\" \/>\r\n<meta property=\"og:locale\" content=\"en_US\" \/>\r\n<meta property=\"og:type\" content=\"article\" \/>\r\n<meta property=\"og:title\" content=\"Metatrader 5 for Android - Download MT5 Android Now\" \/>\r\n<meta property=\"og:description\" content=\"Stay aside from the hassles of using a laptop when you can download the MT5 Trading platform on your Android mobile or tablet and enjoy trading on the go.\" \/>\r\n<meta property=\"og:url\" content=\"https:\/\/www.xtrememarkets.com\/ID\/vi\/metatrader-5-for-android-download-mt5-android-now-vietnam\/\" \/>\r\n<meta property=\"og:site_name\" content=\"Xtreme Markets\" \/>\r\n<meta property=\"article:publisher\" content=\"https:\/\/www.facebook.com\/xtreamforex.official\/\" \/>\r\n<meta property=\"article:modified_time\" content=\"2024-01-10T05:45:29+00:00\" \/>\r\n<meta property=\"og:image\" content=\"https:\/\/www.xtreamforex.com\/wp-content\/uploads\/2023\/07\/link-banner.jpg\" \/>\r\n<meta name=\"twitter:card\" content=\"summary_large_image\" \/>\r\n<meta name=\"twitter:site\" content=\"@xtreamforex\" \/>\r\n<meta name=\"twitter:label1\" content=\"Est. reading time\">\n\t<meta name=\"twitter:data1\" content=\"3 minutes\">\r\n<script type=\"application\/ld+json\" class=\"yoast-schema-graph\">{\"@context\":\"https:\/\/schema.org\",\"@graph\":[{\"@type\":[\"Organization\",\"Place\"],\"@id\":\"https:\/\/www.xtrememarkets.com\/ID\/#organization\",\"name\":\"Xtreamforex\",\"url\":\"https:\/\/www.xtrememarkets.com\/ID\/\",\"sameAs\":[\"https:\/\/www.facebook.com\/xtreamforex.official\/\",\"https:\/\/www.instagram.com\/xtreamforex.official\/\",\"https:\/\/in.linkedin.com\/company\/xtream-forex\",\"https:\/\/www.youtube.com\/channel\/UCbbTuJV9XhurjZciRLdvFBg\",\"https:\/\/www.pinterest.com\/xtreamforex_trading\/\",\"https:\/\/twitter.com\/xtreamforex\"],\"logo\":{\"@id\":\"https:\/\/www.xtrememarkets.com\/ID\/vi\/metatrader-5-for-android-download-mt5-android-now-vietnam\/#local-main-organization-logo\"},\"image\":{\"@id\":\"https:\/\/www.xtrememarkets.com\/ID\/vi\/metatrader-5-for-android-download-mt5-android-now-vietnam\/#local-main-organization-logo\"},\"openingHoursSpecification\":[{\"@type\":\"OpeningHoursSpecification\",\"dayOfWeek\":[\"Monday\",\"Tuesday\",\"Wednesday\",\"Thursday\",\"Friday\",\"Saturday\",\"Sunday\"],\"opens\":\"09:00\",\"closes\":\"17:00\"}]},{\"@type\":\"WebSite\",\"@id\":\"https:\/\/www.xtrememarkets.com\/ID\/#website\",\"url\":\"https:\/\/www.xtrememarkets.com\/ID\/\",\"name\":\"Xtreme Markets\",\"description\":\"\",\"publisher\":{\"@id\":\"https:\/\/www.xtrememarkets.com\/ID\/#organization\"},\"potentialAction\":[{\"@type\":\"SearchAction\",\"target\":\"https:\/\/www.xtrememarkets.com\/ID\/?s={search_term_string}\",\"query-input\":\"required name=search_term_string\"}],\"inLanguage\":\"en-US\"},{\"@type\":\"ImageObject\",\"@id\":\"https:\/\/www.xtrememarkets.com\/ID\/vi\/metatrader-5-for-android-download-mt5-android-now-vietnam\/#primaryimage\",\"inLanguage\":\"en-US\",\"url\":\"\",\"contentUrl\":\"\"},{\"@type\":\"WebPage\",\"@id\":\"https:\/\/www.xtrememarkets.com\/ID\/vi\/metatrader-5-for-android-download-mt5-android-now-vietnam\/#webpage\",\"url\":\"https:\/\/www.xtrememarkets.com\/ID\/vi\/metatrader-5-for-android-download-mt5-android-now-vietnam\/\",\"name\":\"Metatrader 5 for Android - Download MT5 Android Now\",\"isPartOf\":{\"@id\":\"https:\/\/www.xtrememarkets.com\/ID\/#website\"},\"primaryImageOfPage\":{\"@id\":\"https:\/\/www.xtrememarkets.com\/ID\/vi\/metatrader-5-for-android-download-mt5-android-now-vietnam\/#primaryimage\"},\"datePublished\":\"2020-06-17T04:10:59+00:00\",\"dateModified\":\"2024-01-10T05:45:29+00:00\",\"description\":\"Stay aside from the hassles of using a laptop when you can download the MT5 Trading platform on your Android mobile or tablet and enjoy trading on the go.\",\"breadcrumb\":{\"@id\":\"https:\/\/www.xtrememarkets.com\/ID\/vi\/metatrader-5-for-android-download-mt5-android-now-vietnam\/#breadcrumb\"},\"inLanguage\":\"en-US\",\"potentialAction\":[{\"@type\":\"ReadAction\",\"target\":[\"https:\/\/www.xtrememarkets.com\/ID\/vi\/metatrader-5-for-android-download-mt5-android-now-vietnam\/\"]}]},{\"@type\":\"BreadcrumbList\",\"@id\":\"https:\/\/www.xtrememarkets.com\/ID\/vi\/metatrader-5-for-android-download-mt5-android-now-vietnam\/#breadcrumb\",\"itemListElement\":[{\"@type\":\"ListItem\",\"position\":1,\"item\":{\"@type\":\"WebPage\",\"@id\":\"https:\/\/www.xtrememarkets.com\/\",\"url\":\"https:\/\/www.xtrememarkets.com\/\",\"name\":\"Home\"}},{\"@type\":\"ListItem\",\"position\":2,\"item\":{\"@type\":\"WebPage\",\"@id\":\"https:\/\/www.xtrememarkets.com\/ID\/vi\/metatrader-5-for-android-download-mt5-android-now-vietnam\/\",\"url\":\"https:\/\/www.xtrememarkets.com\/ID\/vi\/metatrader-5-for-android-download-mt5-android-now-vietnam\/\",\"name\":\"Metatrader 5 For Android \\u2013 Download MT5 Android Now\"}}]},{\"@type\":\"ImageObject\",\"@id\":\"https:\/\/www.xtrememarkets.com\/ID\/vi\/metatrader-5-for-android-download-mt5-android-now-vietnam\/#local-main-organization-logo\",\"inLanguage\":\"en-US\",\"url\":\"https:\/\/www.xtrememarkets.com\/ID\/wp-content\/uploads\/2024\/02\/image_2024_02_23T12_39_46_331Z.png\",\"contentUrl\":\"https:\/\/www.xtrememarkets.com\/ID\/wp-content\/uploads\/2024\/02\/image_2024_02_23T12_39_46_331Z.png\",\"width\":800,\"height\":500,\"caption\":\"Xtreamforex\"}]}<\/script>\r\n<!-- \/ Yoast SEO Premium plugin. -->","_links":{"self":[{"href":"https:\/\/www.xtrememarkets.com\/ID\/wp-json\/wp\/v2\/pages\/26471"}],"collection":[{"href":"https:\/\/www.xtrememarkets.com\/ID\/wp-json\/wp\/v2\/pages"}],"about":[{"href":"https:\/\/www.xtrememarkets.com\/ID\/wp-json\/wp\/v2\/types\/page"}],"author":[{"embeddable":true,"href":"https:\/\/www.xtrememarkets.com\/ID\/wp-json\/wp\/v2\/users\/1"}],"replies":[{"embeddable":true,"href":"https:\/\/www.xtrememarkets.com\/ID\/wp-json\/wp\/v2\/comments?post=26471"}],"version-history":[{"count":3,"href":"https:\/\/www.xtrememarkets.com\/ID\/wp-json\/wp\/v2\/pages\/26471\/revisions"}],"predecessor-version":[{"id":26474,"href":"https:\/\/www.xtrememarkets.com\/ID\/wp-json\/wp\/v2\/pages\/26471\/revisions\/26474"}],"wp:attachment":[{"href":"https:\/\/www.xtrememarkets.com\/ID\/wp-json\/wp\/v2\/media?parent=26471"}],"curies":[{"name":"wp","href":"https:\/\/api.w.org\/{rel}","templated":true}]}}