{"id":26455,"date":"2020-05-15T11:31:01","date_gmt":"2020-05-15T11:31:01","guid":{"rendered":"https:\/\/www.xtreamforex.com\/?page_id=26455"},"modified":"2024-03-12T09:49:31","modified_gmt":"2024-03-12T09:49:31","slug":"mt4-for-pc-vietnam","status":"publish","type":"page","link":"https:\/\/www.xtrememarkets.com\/ID\/vi\/mt4-for-pc-vietnam\/","title":{"rendered":"Download Robust Desktop MT4 Platform"},"content":{"rendered":"<p>[vc_row full_width=&#8221;stretch_row&#8221; css=&#8221;.vc_custom_1698745158322{margin-top: 0px !important;margin-bottom: 0px !important;padding-top: 70px !important;padding-bottom: 70px !important;background-image: url(https:\/\/www.xtrememarkets.com\/ID\/wp-content\/uploads\/2023\/10\/DESKTOP-TRADER.png?id=24418) !important;background-position: center !important;background-repeat: no-repeat !important;background-size: cover !important;}&#8221;][vc_column][vc_column_text]<\/p>\n<p class=\"upper-head-para\" style=\"color: #db0100; font-weight: bold;\">NG\u01af\u1edcI GIAO D\u1ecaCH<br \/>\n<span style=\"color: #fff;\">M\u00c1Y T\u00cdNH \u0110\u1ec2 B\u00c0N<\/span><\/p>\n<p>[\/vc_column_text][\/vc_column][\/vc_row][vc_row full_width=&#8221;stretch_row&#8221; css=&#8221;.vc_custom_1698745094435{margin-top: 0px !important;background-color: #000000 !important;background-position: center !important;background-repeat: no-repeat !important;background-size: cover !important;}&#8221;][vc_column][vc_row_inner el_id=&#8221;two_cols_mt4&#8243;][vc_column_inner width=&#8221;1\/2&#8243;][vc_single_image image=&#8221;20360&#8243; img_size=&#8221;full&#8221;][vc_btn title=&#8221;T\u1ea3i ngay MT4&#8243; style=&#8221;custom&#8221; custom_background=&#8221;#d60302&#8243; custom_text=&#8221;#ffffff&#8221; shape=&#8221;square&#8221; size=&#8221;sm&#8221; align=&#8221;left&#8221; css_animation=&#8221;none&#8221; link=&#8221;url:https%3A%2F%2Fdownload.mql5.com%2Fcdn%2Fweb%2F22077%2Fmt4%2Fxtreammarkets4setup.exe|||&#8221; el_class=&#8221;red_border_button&#8221; el_id=&#8221;red-border-btn&#8221;][\/vc_column_inner][vc_column_inner width=&#8221;1\/2&#8243; el_id=&#8221;col_red_arrow&#8221; css=&#8221;.vc_custom_1686028935955{padding-top: 5% !important;}&#8221;][vc_custom_heading text=&#8221;NG\u01af\u1edcI GIAO D\u1ecaCH M\u00c1Y T\u00cdNH \u0110\u1ec2 B\u00c0N<br \/>\n&#8221; font_container=&#8221;tag:h1|text_align:left|color:%23db0100&#8243; google_fonts=&#8221;font_family:Roboto%3A100%2C100italic%2C300%2C300italic%2Cregular%2Citalic%2C500%2C500italic%2C700%2C700italic%2C900%2C900italic|font_style:700%20bold%20regular%3A700%3Anormal&#8221; el_class=&#8221;desktop_traders&#8221;][vc_column_text el_class=&#8221;career red_arrow_ul&#8221;]<\/p>\n<p style=\"text-align: left; margin-top: 20px; line-height: 1.7; font-size: 14px;\"><span style=\"color: #afafaf;\">Xtreme Markets cung c\u1ea5p n\u1ec1n t\u1ea3ng giao d\u1ecbch ngo\u1ea1i h\u1ed1i Metatrader (MT4) m\u1ea1nh m\u1ebd. Desktop Trader l\u00e0 m\u1ed9t H\u1ec7 \u0111i\u1ec1u h\u00e0nh \u0111\u00e3 gi\u00e0nh gi\u1ea3i th\u01b0\u1edfng d\u00e0nh cho c\u00e1c thi\u1ebft b\u1ecb d\u1ef1a tr\u00ean m\u00e1y t\u00ednh \u0111\u1ec3 b\u00e0n \u0111\u01b0\u1ee3c h\u00e0ng tri\u1ec7u ng\u01b0\u1eddi tr\u00ean to\u00e0n th\u1ebf gi\u1edbi s\u1eed d\u1ee5ng.<\/span><\/p>\n<p style=\"text-align: left; line-height: 1.7; font-size: 14px;\"><span style=\"color: #afafaf;\">Xtreme Markets cung c\u1ea5p c\u00f4ng ngh\u1ec7 \u0111\u1ec3 kh\u00e1ch h\u00e0ng c\u00f3 th\u1ec3 theo d\u00f5i th\u1ecb tr\u01b0\u1eddng v\u00e0 giao d\u1ecbch tr\u1ef1c ti\u1ebfp t\u1eeb M\u00e1y t\u00ednh \u0111\u1ec3 b\u00e0n c\u1ee7a h\u1ecd.<\/span><\/p>\n<p style=\"text-align: left; line-height: 1.7; font-size: 14px;\"><span style=\"color: #afafaf;\">Gi\u1ea3i ph\u00e1p M\u00e1y t\u00ednh \u0111\u1ec3 b\u00e0n cho ph\u00e9p c\u00e1c nh\u00e0 giao d\u1ecbch t\u1eadn d\u1ee5ng nhi\u1ec1u t\u00ednh n\u0103ng n\u00e2ng cao gi\u00fap giao d\u1ecbch Forex di\u1ec5n ra nhanh ch\u00f3ng, \u0111\u01a1n gi\u1ea3n v\u00e0 an to\u00e0n.<\/span><\/p>\n<p>[\/vc_column_text][vc_column_text el_class=&#8221;red_arrow_ul&#8221;]<\/p>\n<p style=\"margin-bottom: 20px; text-align: left;\"><i class=\"fa fa-check\" style=\"font-size: 12px; color: white; background-color: #db0100; border-radius: 50%; padding: 3px 2px 3px 3px; margin-right: 7px;\"><\/i><span style=\"color: #ffffff; font-size: 16px; letter-spacing: 0.2px; font-weight: 500;\">C\u00f4ng c\u1ee5 ph\u00e2n t\u00edch k\u1ef9 thu\u1eadt v\u00e0 bi\u1ec3u \u0111\u1ed3 \u0111\u1ed9c \u0111\u00e1o.<\/span><\/p>\n<p style=\"margin-bottom: 20px; text-align: left;\"><i class=\"fa fa-check\" style=\"font-size: 12px; color: white; background-color: #db0100; border-radius: 50%; padding: 3px 2px 3px 3px; margin-right: 7px;\"><\/i><span style=\"color: #ffffff; font-size: 16px; letter-spacing: 0.2px; font-weight: 500;\">Tr\u1ef1c quan h\u00f3a \u0111\u1ed3 h\u1ecda \u0111\u1ea7y \u0111\u1ee7 c\u1ee7a bi\u1ec3u \u0111\u1ed3.<\/span><\/p>\n<p style=\"margin-bottom: 20px; text-align: left;\"><i class=\"fa fa-check\" style=\"font-size: 12px; color: white; background-color: #db0100; border-radius: 50%; padding: 3px 2px 3px 3px; margin-right: 7px;\"><\/i><span style=\"color: #ffffff; font-size: 16px; letter-spacing: 0.2px; font-weight: 500;\">B\u00e1o c\u00e1o l\u1ecbch s\u1eed giao d\u1ecbch.<br \/>\n<\/span><\/p>\n<p style=\"margin-bottom: 20px; text-align: left;\"><i class=\"fa fa-check\" style=\"font-size: 12px; color: white; background-color: #db0100; border-radius: 50%; padding: 3px 2px 3px 3px; margin-right: 7px;\"><\/i><span style=\"color: #ffffff; font-size: 16px; letter-spacing: 0.2px; font-weight: 500;\">Ch\u1ee9c n\u0103ng t\u00ecm ki\u1ebfm chi ti\u1ebft.<br \/>\n<\/span><\/p>\n<p>[\/vc_column_text][\/vc_column_inner][\/vc_row_inner][\/vc_column][\/vc_row][vc_row full_width=&#8221;stretch_row&#8221; css=&#8221;.vc_custom_1686035476453{padding-top: 8px !important;padding-bottom: 22px !important;background-color: #000000 !important;}&#8221; el_class=&#8221;trading_plat_rw&#8221;][vc_column width=&#8221;1\/6&#8243;][\/vc_column][vc_column width=&#8221;2\/3&#8243; el_id=&#8221;or_txt_forex&#8221;][vc_row_inner][vc_column_inner el_class=&#8221;trading_plat_left&#8221; width=&#8221;5\/12&#8243;][vc_btn title=&#8221;M\u1edf t\u00e0i kho\u1ea3n tr\u1ef1c ti\u1ebfp&#8221; style=&#8221;custom&#8221; custom_background=&#8221;#000000&#8243; custom_text=&#8221;#ffffff&#8221; shape=&#8221;square&#8221; align=&#8221;center&#8221; el_class=&#8221;white_border black_btn&#8221; link=&#8221;url:https%3A%2F%2Fmy.xtreamforex.com%2FAccount%2FRegister.php||target:%20_blank|&#8221; el_id=&#8221;open_ac-0&#8243;][\/vc_column_inner][vc_column_inner el_class=&#8221;trading_plat_or&#8221; width=&#8221;1\/6&#8243;][vc_column_text el_class=&#8221;ptxt&#8221;]<\/p>\n<p style=\"text-align: center;\">Ho\u1eb7c<\/p>\n<p>[\/vc_column_text][\/vc_column_inner][vc_column_inner el_class=&#8221;trading_plat_right&#8221; width=&#8221;5\/12&#8243;][vc_btn title=&#8221;M\u1edf t\u00e0i kho\u1ea3n demo&#8221; style=&#8221;custom&#8221; custom_background=&#8221;#000000&#8243; custom_text=&#8221;#ffffff&#8221; shape=&#8221;square&#8221; align=&#8221;center&#8221; el_class=&#8221;white_border black_btn&#8221; link=&#8221;url:https%3A%2F%2Fmy.xtreamforex.com%2FAccount%2FRegister.php||target:%20_blank|&#8221; el_id=&#8221;open_ac&#8221;][\/vc_column_inner][\/vc_row_inner][\/vc_column][vc_column width=&#8221;1\/6&#8243;][\/vc_column][\/vc_row]<\/p>\n","protected":false},"excerpt":{"rendered":"<p>[vc_row full_width=&#8221;stretch_row&#8221; css=&#8221;.vc_custom_1698745158322{margin-top: 0px !important;margin-bottom: 0px !important;padding-top: 70px !important;padding-bottom: 70px !important;background-image: url(https:\/\/www.xtrememarkets.com\/ID\/wp-content\/uploads\/2023\/10\/DESKTOP-TRADER.png?id=24418) !important;background-position: center !important;background-repeat: no-repeat !important;background-size: cover !important;}&#8221;][vc_column][vc_column_text] NG\u01af\u1edcI GIAO D\u1ecaCH M\u00c1Y T\u00cdNH \u0110\u1ec2 B\u00c0N [\/vc_column_text][\/vc_column][\/vc_row][vc_row full_width=&#8221;stretch_row&#8221; css=&#8221;.vc_custom_1698745094435{margin-top: 0px !important;background-color: #000000 !important;background-position: center !important;background-repeat: no-repeat !important;background-size: cover !important;}&#8221;][vc_column][vc_row_inner el_id=&#8221;two_cols_mt4&#8243;][vc_column_inner width=&#8221;1\/2&#8243;][vc_single_image image=&#8221;20360&#8243; img_size=&#8221;full&#8221;][vc_btn title=&#8221;T\u1ea3i ngay MT4&#8243; style=&#8221;custom&#8221; custom_background=&#8221;#d60302&#8243; custom_text=&#8221;#ffffff&#8221; shape=&#8221;square&#8221; size=&#8221;sm&#8221; align=&#8221;left&#8221; css_animation=&#8221;none&#8221; link=&#8221;url:https%3A%2F%2Fdownload.mql5.com%2Fcdn%2Fweb%2F22077%2Fmt4%2Fxtreammarkets4setup.exe|||&#8221; el_class=&#8221;red_border_button&#8221;<\/p>\n... <a href=\"https:\/\/www.xtrememarkets.com\/ID\/vi\/mt4-for-pc-vietnam\/\">continue reading<\/a>.","protected":false},"author":1,"featured_media":0,"parent":0,"menu_order":0,"comment_status":"closed","ping_status":"closed","template":"","meta":[],"yoast_head":"<!-- This site is optimized with the Yoast SEO Premium plugin v16.1 - https:\/\/yoast.com\/wordpress\/plugins\/seo\/ -->\r\n<title>Run the MT4 Platform on PC &amp; Start Trading | Xtreamforex<\/title>\r\n<meta name=\"description\" content=\"Are you searching for a Platform that has the options to customize the interface of the software as per your needs? If yes, see the link to MetaTrader 4 Platform!\" \/>\r\n<link rel=\"canonical\" href=\"https:\/\/www.xtrememarkets.com\/ID\/vi\/mt4-for-pc-vietnam\/\" \/>\r\n<meta property=\"og:locale\" content=\"en_US\" \/>\r\n<meta property=\"og:type\" content=\"article\" \/>\r\n<meta property=\"og:title\" content=\"Run the MT4 Platform on PC &amp; Start Trading | Xtreamforex\" \/>\r\n<meta property=\"og:description\" content=\"Are you searching for a Platform that has the options to customize the interface of the software as per your needs? If yes, see the link to MetaTrader 4 Platform!\" \/>\r\n<meta property=\"og:url\" content=\"https:\/\/www.xtrememarkets.com\/ID\/vi\/mt4-for-pc-vietnam\/\" \/>\r\n<meta property=\"og:site_name\" content=\"Xtreme Markets\" \/>\r\n<meta property=\"article:publisher\" content=\"https:\/\/www.facebook.com\/xtreamforex.official\/\" \/>\r\n<meta property=\"article:modified_time\" content=\"2024-03-12T09:49:31+00:00\" \/>\r\n<meta property=\"og:image\" content=\"https:\/\/www.xtrememarkets.com\/wp-content\/uploads\/2023\/07\/link-banner.jpg\" \/>\r\n<meta name=\"twitter:card\" content=\"summary_large_image\" \/>\r\n<meta name=\"twitter:site\" content=\"@xtreamforex\" \/>\r\n<meta name=\"twitter:label1\" content=\"Est. reading time\">\n\t<meta name=\"twitter:data1\" content=\"3 minutes\">\r\n<script type=\"application\/ld+json\" class=\"yoast-schema-graph\">{\"@context\":\"https:\/\/schema.org\",\"@graph\":[{\"@type\":[\"Organization\",\"Place\"],\"@id\":\"https:\/\/www.xtrememarkets.com\/ID\/#organization\",\"name\":\"Xtreamforex\",\"url\":\"https:\/\/www.xtrememarkets.com\/ID\/\",\"sameAs\":[\"https:\/\/www.facebook.com\/xtreamforex.official\/\",\"https:\/\/www.instagram.com\/xtreamforex.official\/\",\"https:\/\/in.linkedin.com\/company\/xtream-forex\",\"https:\/\/www.youtube.com\/channel\/UCbbTuJV9XhurjZciRLdvFBg\",\"https:\/\/www.pinterest.com\/xtreamforex_trading\/\",\"https:\/\/twitter.com\/xtreamforex\"],\"logo\":{\"@id\":\"https:\/\/www.xtrememarkets.com\/ID\/vi\/mt4-for-pc-vietnam\/#local-main-organization-logo\"},\"image\":{\"@id\":\"https:\/\/www.xtrememarkets.com\/ID\/vi\/mt4-for-pc-vietnam\/#local-main-organization-logo\"},\"openingHoursSpecification\":[{\"@type\":\"OpeningHoursSpecification\",\"dayOfWeek\":[\"Monday\",\"Tuesday\",\"Wednesday\",\"Thursday\",\"Friday\",\"Saturday\",\"Sunday\"],\"opens\":\"09:00\",\"closes\":\"17:00\"}]},{\"@type\":\"WebSite\",\"@id\":\"https:\/\/www.xtrememarkets.com\/ID\/#website\",\"url\":\"https:\/\/www.xtrememarkets.com\/ID\/\",\"name\":\"Xtreme Markets\",\"description\":\"\",\"publisher\":{\"@id\":\"https:\/\/www.xtrememarkets.com\/ID\/#organization\"},\"potentialAction\":[{\"@type\":\"SearchAction\",\"target\":\"https:\/\/www.xtrememarkets.com\/ID\/?s={search_term_string}\",\"query-input\":\"required name=search_term_string\"}],\"inLanguage\":\"en-US\"},{\"@type\":\"ImageObject\",\"@id\":\"https:\/\/www.xtrememarkets.com\/ID\/vi\/mt4-for-pc-vietnam\/#primaryimage\",\"inLanguage\":\"en-US\",\"url\":\"\",\"contentUrl\":\"\"},{\"@type\":\"WebPage\",\"@id\":\"https:\/\/www.xtrememarkets.com\/ID\/vi\/mt4-for-pc-vietnam\/#webpage\",\"url\":\"https:\/\/www.xtrememarkets.com\/ID\/vi\/mt4-for-pc-vietnam\/\",\"name\":\"Run the MT4 Platform on PC & Start Trading | Xtreamforex\",\"isPartOf\":{\"@id\":\"https:\/\/www.xtrememarkets.com\/ID\/#website\"},\"primaryImageOfPage\":{\"@id\":\"https:\/\/www.xtrememarkets.com\/ID\/vi\/mt4-for-pc-vietnam\/#primaryimage\"},\"datePublished\":\"2020-05-15T11:31:01+00:00\",\"dateModified\":\"2024-03-12T09:49:31+00:00\",\"description\":\"Are you searching for a Platform that has the options to customize the interface of the software as per your needs? If yes, see the link to MetaTrader 4 Platform!\",\"breadcrumb\":{\"@id\":\"https:\/\/www.xtrememarkets.com\/ID\/vi\/mt4-for-pc-vietnam\/#breadcrumb\"},\"inLanguage\":\"en-US\",\"potentialAction\":[{\"@type\":\"ReadAction\",\"target\":[\"https:\/\/www.xtrememarkets.com\/ID\/vi\/mt4-for-pc-vietnam\/\"]}]},{\"@type\":\"BreadcrumbList\",\"@id\":\"https:\/\/www.xtrememarkets.com\/ID\/vi\/mt4-for-pc-vietnam\/#breadcrumb\",\"itemListElement\":[{\"@type\":\"ListItem\",\"position\":1,\"item\":{\"@type\":\"WebPage\",\"@id\":\"https:\/\/www.xtrememarkets.com\/\",\"url\":\"https:\/\/www.xtrememarkets.com\/\",\"name\":\"Home\"}},{\"@type\":\"ListItem\",\"position\":2,\"item\":{\"@type\":\"WebPage\",\"@id\":\"https:\/\/www.xtrememarkets.com\/ID\/vi\/mt4-for-pc-vietnam\/\",\"url\":\"https:\/\/www.xtrememarkets.com\/ID\/vi\/mt4-for-pc-vietnam\/\",\"name\":\"Download Robust Desktop MT4 Platform\"}}]},{\"@type\":\"ImageObject\",\"@id\":\"https:\/\/www.xtrememarkets.com\/ID\/vi\/mt4-for-pc-vietnam\/#local-main-organization-logo\",\"inLanguage\":\"en-US\",\"url\":\"https:\/\/www.xtrememarkets.com\/ID\/wp-content\/uploads\/2024\/02\/image_2024_02_23T12_39_46_331Z.png\",\"contentUrl\":\"https:\/\/www.xtrememarkets.com\/ID\/wp-content\/uploads\/2024\/02\/image_2024_02_23T12_39_46_331Z.png\",\"width\":800,\"height\":500,\"caption\":\"Xtreamforex\"}]}<\/script>\r\n<!-- \/ Yoast SEO Premium plugin. -->","_links":{"self":[{"href":"https:\/\/www.xtrememarkets.com\/ID\/wp-json\/wp\/v2\/pages\/26455"}],"collection":[{"href":"https:\/\/www.xtrememarkets.com\/ID\/wp-json\/wp\/v2\/pages"}],"about":[{"href":"https:\/\/www.xtrememarkets.com\/ID\/wp-json\/wp\/v2\/types\/page"}],"author":[{"embeddable":true,"href":"https:\/\/www.xtrememarkets.com\/ID\/wp-json\/wp\/v2\/users\/1"}],"replies":[{"embeddable":true,"href":"https:\/\/www.xtrememarkets.com\/ID\/wp-json\/wp\/v2\/comments?post=26455"}],"version-history":[{"count":7,"href":"https:\/\/www.xtrememarkets.com\/ID\/wp-json\/wp\/v2\/pages\/26455\/revisions"}],"predecessor-version":[{"id":27253,"href":"https:\/\/www.xtrememarkets.com\/ID\/wp-json\/wp\/v2\/pages\/26455\/revisions\/27253"}],"wp:attachment":[{"href":"https:\/\/www.xtrememarkets.com\/ID\/wp-json\/wp\/v2\/media?parent=26455"}],"curies":[{"name":"wp","href":"https:\/\/api.w.org\/{rel}","templated":true}]}}