{"id":26444,"date":"2023-09-14T10:24:10","date_gmt":"2023-09-14T10:24:10","guid":{"rendered":"https:\/\/www.xtreamforex.com\/?page_id=26444"},"modified":"2024-03-12T09:43:54","modified_gmt":"2024-03-12T09:43:54","slug":"withdrawals-vietnam","status":"publish","type":"page","link":"https:\/\/www.xtrememarkets.com\/ID\/vi\/withdrawals-vietnam\/","title":{"rendered":"Withdrawals"},"content":{"rendered":"<p>[vc_row full_width=&#8221;stretch_row&#8221; css=&#8221;.vc_custom_1698741850989{padding-top: 50px !important;padding-bottom: 50px !important;background-image: url(https:\/\/www.xtrememarkets.com\/ID\/wp-content\/uploads\/2023\/10\/WITHDRAWAL-OPTIONS.png?id=24404) !important;background-position: center !important;background-repeat: no-repeat !important;background-size: cover !important;}&#8221;][vc_column][vc_column_text]<\/p>\n<p class=\"upper-head-para\" style=\"color: #db0100; font-weight: 900;\">C\u00c1C L\u1ef0A CH\u1eccN <span style=\"color: #fff;\">R\u00daT TI\u1ec0N<\/span><\/p>\n<p>[\/vc_column_text][\/vc_column][\/vc_row][vc_row full_width=&#8221;stretch_row&#8221; css=&#8221;.vc_custom_1698741920339{margin-top: 0px !important;background-color: #000000 !important;}&#8221;][vc_column width=&#8221;1\/2&#8243;][vc_raw_html]JTNDaW1nJTIwc3JjJTNEJTIyaHR0cHMlM0ElMkYlMkZ3d3cueHRyZWFtZm9yZXguY29tJTJGd3AtY29udGVudCUyRnVwbG9hZHMlMkYyMDIzJTJGMDklMkYybmQtcGFnZS0ybmRpbWFnZS5wbmclMjIlM0U=[\/vc_raw_html][\/vc_column][vc_column width=&#8221;1\/2&#8243;][vc_column_text]<\/p>\n<div>\n<p>&nbsp;<\/p>\n<p><span style=\"color: #ff0000;\">T\u00f9y ch\u1ecdn r\u00fat ti\u1ec1n<\/span><\/p>\n<\/div>\n<p style=\"font-size: 47px; color: white;\"><strong>R\u00fat ti\u1ec1n d\u1ec5 d\u00e0ng<\/strong><\/p>\n<div><i class=\"fa fa-check\" style=\"font-size: 12px; color: white; background-color: #db0100; border-radius: 50%; padding: 3px 3px 3px 3px; margin-right: 2px;\"><\/i>\u00a0<span style=\"color: white;\">\u00a0Vi\u1ec7c r\u00fat ti\u1ec1n \u0111\u01b0\u1ee3c g\u1eedi tr\u01b0\u1edbc 10:00 s\u00e1ng theo gi\u1edd m\u00e1y ch\u1ee7 s\u1ebd \u0111\u01b0\u1ee3c x\u1eed l\u00fd trong c\u00f9ng ng\u00e0y l\u00e0m vi\u1ec7c t\u1eeb 7:00 s\u00e1ng \u0111\u1ebfn 5:00 chi\u1ec1u theo gi\u1edd m\u00e1y ch\u1ee7.<\/span><\/div>\n<div><\/div>\n<p>&nbsp;<\/p>\n<div><i class=\"fa fa-check\" style=\"font-size: 12px; color: white; background-color: #db0100; border-radius: 50%; padding: 3px 3px 3px 3px; margin-right: 2px;\"><\/i>\u00a0<span style=\"color: white;\">\u00a0\u0110\u1ec3 ti\u1ebfn h\u00e0nh r\u00fat ti\u1ec1n, vui l\u00f2ng \u0111\u0103ng nh\u1eadp v\u00e0o<span style=\"color: red;\">khu v\u1ef1c myxtrememarkets<\/span> v\u00e0 ch\u1ecdn &#8216;R\u00fat ti\u1ec1n&#8217;.<\/span><\/div>\n<p>&nbsp;<\/p>\n<div><i class=\"fa fa-check\" style=\"font-size: 12px; color: white; background-color: #db0100; border-radius: 50%; padding: 3px 3px 3px 3px; margin-right: 2px;\"><\/i>\u00a0<span style=\"color: white;\">\u00a0B\u1ea5m v\u00e0o \u0111\u00e2y \u0111\u1ec3 bi\u1ebft th\u00eam <span style=\"color: red;\">\u0110i\u1ec1u ki\u1ec7n r\u00fat ti\u1ec1n<\/span><\/span><\/div>\n<p>[\/vc_column_text][\/vc_column][\/vc_row][vc_row full_width=&#8221;stretch_row&#8221; el_class=&#8221;bg-cls&#8221; css=&#8221;.vc_custom_1694672067565{background-color: #000000 !important;}&#8221;][vc_column][vc_column_text css=&#8221;.vc_custom_1694757508493{padding-top: 10px !important;}&#8221;]<\/p>\n<div class=\"deposit_heading\"><a href=\"https:\/\/www.xtrememarkets.com\/ID\/deposits\/\"><span class=\"tabs\" style=\"color: white;\">Deposits<\/span><\/a><a href=\"https:\/\/www.xtrememarkets.com\/ID\/withdrawals\/\"><span class=\"tabs\" style=\"color: white; height: 45px; background: red; width: 10%; text-align: center; padding-top: 11px; margin-left: 1%;\">Withdrawals<\/span><\/a><\/div>\n<p>[\/vc_column_text][vc_row_inner][vc_column_inner][vc_raw_html]JTNDZGl2JTIwaWQlM0QlMjJtYWluX2RpdiUyMiUzRSUwQSUzQ2g2JTNFQkFOSyUyMFRSQU5TRkVSUyUzQyUyRmg2JTNFJTNDYnIlM0UlMEElM0N0YWJsZSUyMGNsYXNzJTNEJTIydGFibGUlMjBleGFtcGxlJTIwdGFibGUtc3RyaXBlZCUyMGFsaWduLWNlbnRlciUyMHdpdGhkcmF3YWxfdGFibGVfb3RlciUyMHVuaXF1ZSUyMiUzRSUwQSUzQ3RoZWFkJTNFJTBBJTNDdHIlMjBjbGFzcyUzRCUyMnRhYmxlSGVhZGVyJTIwY29sb3ItbGlnaHQlMjAlMjIlM0UlMEElM0N0aCUyMGNsYXNzJTNEJTIydGV4dC1hbGlnbi1jZW50ZXIlMjB2ZXJ0aWNhbC1hbGlnbi1taWRkbGUlMjIlM0UlM0NzcGFuJTIwY2xhc3MlM0QlMjJ0aF9zcGFjJTIyJTNFV2l0aGRyYXdhbCUyME9wdGlvbnMlM0MlMkZzcGFuJTNFJTNDJTJGdGglM0UlMEElM0N0aCUyMGNsYXNzJTNEJTIydmVydGljYWwtYWxpZ24tbWlkZGxlJTIyJTNFJTNDc3BhbiUyMGNsYXNzJTNEJTIydGhfc3BhYyUyMHNwYWMlMjIlM0VNaW4uJTIwV2l0aGRyYXdhbCUyMEFtb3VudCUzQyUyRnNwYW4lM0UlM0MlMkZ0aCUzRSUwQSUzQ3RoJTIwY2xhc3MlM0QlMjJ0ZXh0LWFsaWduLWNlbnRlciUyMHZlcnRpY2FsLWFsaWduLW1pZGRsZSUyMiUzRSUzQ3NwYW4lMjBjbGFzcyUzRCUyMnRoX3NwYWMlMjBzcGFjJTIyJTNFV2l0aGRyYXdhbCUyMFRpbWUlM0MlMkZzcGFuJTNFJTNDJTJGdGglM0UlMEElM0N0aCUyMGNsYXNzJTNEJTIydGV4dC1hbGlnbi1jZW50ZXIlMjB2ZXJ0aWNhbC1hbGlnbi1taWRkbGUlMjIlM0UlM0NzcGFuJTIwY2xhc3MlM0QlMjJ0aF9zcGFjJTIyJTNFV2l0aGRyYXdhbCUyMEZlZXMlM0MlMkZzcGFuJTNFJTNDJTJGdGglM0UlMEElM0N0aCUyMGNsYXNzJTNEJTIydGV4dC1hbGlnbi1jZW50ZXIlMjB2ZXJ0aWNhbC1hbGlnbi1taWRkbGUlMjIlM0UlM0NzcGFuJTIwY2xhc3MlM0QlMjJ0aF9zcGFjJTIyJTNFV2l0aGRyYXclM0MlMkZzcGFuJTNFJTNDJTJGdGglM0UlMEElM0MlMkZ0ciUzRSUwQSUzQyUyRnRoZWFkJTNFJTBBJTNDdGJvZHklM0UlMEElM0N0ciUyMGNsYXNzJTNEJTIydHJfYm9yZGVyJTIyJTNFJTBBJTNDdGQlMjBjbGFzcyUzRCUyMnZlcnRpY2FsLWFsaWduLW1pZGRsZSUyMHRleHQtYWxpZ24tY2VudGVyJTIyJTNFJTNDaW1nJTIwc3JjJTNEJTIyaHR0cHMlM0ElMkYlMkZ3d3cueHRyZWFtZm9yZXguY29tJTJGd3AtY29udGVudCUyRnVwbG9hZHMlMkYyMDIzJTJGMDklMkYxLnBuZyUyMiUyMHN0eWxlJTNEJTIybWFyZ2luLWxlZnQlM0E0NHB4JTNCd2lkdGglM0E2OHB4JTNCJTIyJTIwY2xhc3MlM0QlMjJ3aXRoZHJ3cmVzcF9pbWclMjIlM0UlM0MlMkZ0ZCUzRSUwQSUzQ3RkJTIwY2xhc3MlM0QlMjJ2ZXJ0aWNhbC1hbGlnbi1taWRkbGUlMjB0ZXh0LWFsaWduLWNlbnRlciUyMiUzRSUyNDEwMCUzQyUyRnRkJTNFJTBBJTNDdGQlMjBjbGFzcyUzRCUyMnZlcnRpY2FsLWFsaWduLW1pZGRsZSUyMHRleHQtYWxpZ24tY2VudGVyJTIyJTNFRnJvbSUyMDIlMjB0byUyMDEwJTIwYnVzaW5lc3MlMjBkYXlzJTJDZGVwZW5kaW5nJTIwb24lMjB5b3VyJTIwY29ycmVzcG9uZGVudCUyMEJhbmslM0MlMkZ0ZCUzRSUwQSUzQ3RkJTIwY2xhc3MlM0QlMjJ2ZXJ0aWNhbC1hbGlnbi1taWRkbGUlMjB0ZXh0LWFsaWduLWNlbnRlciUyMiUzRU5vbmUlMkElM0MlMkZ0ZCUzRSUwQSUzQ3RkJTIwY2xhc3MlM0QlMjJ2ZXJ0aWNhbC1hbGlnbi1taWRkbGUlMjB0ZXh0LWFsaWduLWNlbnRlciUyMiUzRSUzQ2RpdiUyMGNsYXNzJTNEJTIyZGVwb3NpdF9idXR0b24lMjIlM0VXaXRoZHJhdyUzQyUyRmRpdiUzRSUzQyUyRnRkJTNFJTBBJTBBJTNDJTJGdHIlM0UlMEElM0MlMkZ0Ym9keSUzRSUwQSUzQyUyRnRhYmxlJTNFJTBBJTNDJTJGZGl2JTNF[\/vc_raw_html][vc_column_text]<\/p>\n<div style=\"color: white;\">* Xtreme Markets kh\u00f4ng t\u00ednh ph\u00ed giao d\u1ecbch chuy\u1ec3n kho\u1ea3n ng\u00e2n h\u00e0ng. Tuy nhi\u00ean, ng\u00e2n h\u00e0ng g\u1eedi, \u0111\u1ea1i l\u00fd v\u00e0 ng\u00e2n h\u00e0ng nh\u1eadn c\u00f3 th\u1ec3 t\u00ednh ph\u00ed theo c\u01a1 c\u1ea5u ph\u00ed ri\u00eang c\u1ee7a h\u1ecd.<\/div>\n<p>[\/vc_column_text][vc_raw_html]JTNDZGl2JTIwaWQlM0QlMjJtYWluX2RpdiUyMiUzRSUwQSUzQ2g2JTNFQkFOSyUyMFRSQU5TRkVSUyUzQyUyRmg2JTNFJTNDYnIlM0UlMEElM0N0YWJsZSUyMGNsYXNzJTNEJTIydGFibGUlMjBleGFtcGxlJTIwdGFibGUtc3RyaXBlZCUyMGFsaWduLWNlbnRlciUyMHdpdGhkcmF3YWxfdGFibGVfb3RlciUyMHVuaXF1ZSUyMiUzRSUwQSUzQ3RoZWFkJTNFJTBBJTNDdHIlMjBjbGFzcyUzRCUyMnRhYmxlSGVhZGVyJTIwY29sb3ItbGlnaHQlMjAlMjIlM0UlMEElM0N0aCUyMGNsYXNzJTNEJTIydGV4dC1hbGlnbi1jZW50ZXIlMjB2ZXJ0aWNhbC1hbGlnbi1taWRkbGUlMjIlM0UlM0NzcGFuJTIwY2xhc3MlM0QlMjJ0aF9zcGFjJTIyJTNFV2l0aGRyYXdhbCUyME9wdGlvbnMlM0MlMkZzcGFuJTNFJTNDJTJGdGglM0UlMEElM0N0aCUyMGNsYXNzJTNEJTIydmVydGljYWwtYWxpZ24tbWlkZGxlJTIyJTNFJTNDc3BhbiUyMGNsYXNzJTNEJTIydGhfc3BhYyUyMHNwYWMlMjIlM0VNaW4uJTIwV2l0aGRyYXdhbCUyMEFtb3VudCUzQyUyRnNwYW4lM0UlM0MlMkZ0aCUzRSUwQSUzQ3RoJTIwY2xhc3MlM0QlMjJ0ZXh0LWFsaWduLWNlbnRlciUyMHZlcnRpY2FsLWFsaWduLW1pZGRsZSUyMiUzRSUzQ3NwYW4lMjBjbGFzcyUzRCUyMnRoX3NwYWMlMjBzcGFjJTIyJTNFV2l0aGRyYXdhbCUyMFRpbWUlM0MlMkZzcGFuJTNFJTNDJTJGdGglM0UlMEElM0N0aCUyMGNsYXNzJTNEJTIydGV4dC1hbGlnbi1jZW50ZXIlMjB2ZXJ0aWNhbC1hbGlnbi1taWRkbGUlMjIlM0UlM0NzcGFuJTIwY2xhc3MlM0QlMjJ0aF9zcGFjJTIyJTNFV2l0aGRyYXdhbCUyMEZlZXMlM0MlMkZzcGFuJTNFJTNDJTJGdGglM0UlMEElM0N0aCUyMGNsYXNzJTNEJTIydGV4dC1hbGlnbi1jZW50ZXIlMjB2ZXJ0aWNhbC1hbGlnbi1taWRkbGUlMjIlM0UlM0NzcGFuJTIwY2xhc3MlM0QlMjJ0aF9zcGFjJTIyJTNFV2l0aGRyYXclM0MlMkZzcGFuJTNFJTNDJTJGdGglM0UlMEElM0MlMkZ0ciUzRSUwQSUzQyUyRnRoZWFkJTNFJTBBJTNDdGJvZHklM0UlMEElM0N0ciUyMGNsYXNzJTNEJTIydHJfYm9yZGVyJTIyJTNFJTBBJTNDdGQlMjBjbGFzcyUzRCUyMnZlcnRpY2FsLWFsaWduLW1pZGRsZSUyMHRleHQtYWxpZ24tY2VudGVyJTIyJTNFJTNDaW1nJTIwc3JjJTNEJTIyaHR0cHMlM0ElMkYlMkZ3d3cueHRyZWFtZm9yZXguY29tJTJGd3AtY29udGVudCUyRnVwbG9hZHMlMkYyMDIzJTJGMDklMkYzLnBuZyUyMiUyMHN0eWxlJTNEJTIybWFyZ2luLWxlZnQlM0E0NHB4JTNCd2lkdGglM0E2OHB4JTNCJTIyJTIwY2xhc3MlM0QlMjJ3aXRoZHJ3cmVzcF9pbWclMjIlM0UlM0MlMkZ0ZCUzRSUwQSUzQ3RkJTIwY2xhc3MlM0QlMjJ2ZXJ0aWNhbC1hbGlnbi1taWRkbGUlMjB0ZXh0LWFsaWduLWNlbnRlciUyMiUzRSUyNDUlM0MlMkZ0ZCUzRSUwQSUzQ3RkJTIwY2xhc3MlM0QlMjJ2ZXJ0aWNhbC1hbGlnbi1taWRkbGUlMjB0ZXh0LWFsaWduLWNlbnRlciUyMiUzRUZyb20lMjAyJTIwdG8lMjAxMCUyMGJ1c2luZXNzJTIwZGF5cyUyQyUyMGRlcGVuZGluZyUyMG9uJTIweW91ciUyMGNvcnJlc3BvbmRlbnQlMjBiYW5rJTNDJTJGdGQlM0UlMEElM0N0ZCUyMGNsYXNzJTNEJTIydmVydGljYWwtYWxpZ24tbWlkZGxlJTIwdGV4dC1hbGlnbi1jZW50ZXIlMjIlM0VOb25lJTJBJTNDJTJGdGQlM0UlMEElM0N0ZCUyMGNsYXNzJTNEJTIydmVydGljYWwtYWxpZ24tbWlkZGxlJTIwdGV4dC1hbGlnbi1jZW50ZXIlMjIlM0UlM0NkaXYlMjBjbGFzcyUzRCUyMmRlcG9zaXRfYnV0dG9uJTIyJTNFV2l0aGRyYXclM0MlMkZkaXYlM0UlM0MlMkZ0ZCUzRSUwQSUwQSUzQyUyRnRyJTNFJTBBJTNDJTJGdGJvZHklM0UlMEElM0MlMkZ0YWJsZSUzRSUwQSUzQyUyRmRpdiUzRQ==[\/vc_raw_html][vc_column_text]<\/p>\n<div style=\"color: white;\">\u0110\u1ed1i v\u1edbi th\u1ebb ghi n\u1ee3, ch\u00fang t\u00f4i kh\u00f4ng th\u1ec3 x\u1eed l\u00fd s\u1ed1 ti\u1ec1n r\u00fat v\u01b0\u1ee3t qu\u00e1 s\u1ed1 ti\u1ec1n g\u1eedi ban \u0111\u1ea7u ho\u1eb7c t\u1ed5ng c\u1ee7a t\u1ea5t c\u1ea3 c\u00e1c kho\u1ea3n ti\u1ec1n g\u1eedi b\u1eb1ng th\u1ebb ghi n\u1ee3. Trong tr\u01b0\u1eddng h\u1ee3p s\u1ed1 ti\u1ec1n r\u00fat c\u1ee7a b\u1ea1n v\u01b0\u1ee3t qu\u00e1 s\u1ed1 ti\u1ec1n g\u1eedi ban \u0111\u1ea7u ho\u1eb7c t\u1ed5ng s\u1ed1 ti\u1ec1n g\u1eedi b\u1eb1ng th\u1ebb t\u00edn d\u1ee5ng, b\u1ea1n s\u1ebd c\u00f3 quy\u1ec1n nh\u1eadn ph\u1ea7n ch\u00eanh l\u1ec7ch b\u1eb1ng chuy\u1ec3n kho\u1ea3n ng\u00e2n h\u00e0ng. N\u1ebfu c\u00f3 th\u00eam b\u1ea5t k\u1ef3 c\u00e2u h\u1ecfi n\u00e0o li\u00ean quan \u0111\u1ebfn vi\u1ec7c r\u00fat ti\u1ec1n c\u1ee7a b\u1ea1n, vui l\u00f2ng li\u00ean h\u1ec7 v\u1edbi v\u0103n ph\u00f2ng h\u1ed7 tr\u1ee3 c\u1ee7a ch\u00fang t\u00f4i theo s\u1ed1<a style=\"color: red;\" href=\"mailto:Support@xtreamforex.com\">Support@xtreamforex.com<\/a><\/div>\n<p>[\/vc_column_text][vc_raw_html]JTNDZGl2JTIwaWQlM0QlMjJtYWluX2RpdiUyMiUzRSUwQSUzQ2g2JTNFQUxURVJOQVRJVkUlM0MlMkZoNiUzRSUzQ2JyJTNFJTBBJTNDdGFibGUlMjBjbGFzcyUzRCUyMnRhYmxlJTIwZXhhbXBsZSUyMHRhYmxlLXN0cmlwZWQlMjBhbGlnbi1jZW50ZXIlMjB3aXRoZHJhd2FsX3RhYmxlX290ZXIlMjB1bmlxdWUlMjIlM0UlMEElM0N0aGVhZCUzRSUwQSUzQ3RyJTIwY2xhc3MlM0QlMjJ0YWJsZUhlYWRlciUyMGNvbG9yLWxpZ2h0JTIwJTIyJTNFJTBBJTNDdGglMjBjbGFzcyUzRCUyMnRleHQtYWxpZ24tY2VudGVyJTIwdmVydGljYWwtYWxpZ24tbWlkZGxlJTIyJTNFJTNDc3BhbiUyMGNsYXNzJTNEJTIydGhfc3BhYyUyMiUzRVdpdGhkcmF3YWwlMjBPcHRpb25zJTNDJTJGc3BhbiUzRSUzQyUyRnRoJTNFJTBBJTNDdGglMjBjbGFzcyUzRCUyMnZlcnRpY2FsLWFsaWduLW1pZGRsZSUyMiUzRSUzQ3NwYW4lMjBjbGFzcyUzRCUyMnRoX3NwYWMlMjBzcGFjJTIyJTNFTWluLiUyMFdpdGhkcmF3YWwlMjBBbW91bnQlM0MlMkZzcGFuJTNFJTNDJTJGdGglM0UlMEElM0N0aCUyMGNsYXNzJTNEJTIydGV4dC1hbGlnbi1jZW50ZXIlMjB2ZXJ0aWNhbC1hbGlnbi1taWRkbGUlMjIlM0UlM0NzcGFuJTIwY2xhc3MlM0QlMjJ0aF9zcGFjJTIwc3BhYyUyMiUzRVdpdGhkcmF3YWwlMjBUaW1lJTNDJTJGc3BhbiUzRSUzQyUyRnRoJTNFJTBBJTNDdGglMjBjbGFzcyUzRCUyMnRleHQtYWxpZ24tY2VudGVyJTIwdmVydGljYWwtYWxpZ24tbWlkZGxlJTIyJTNFJTNDc3BhbiUyMGNsYXNzJTNEJTIydGhfc3BhYyUyMiUzRVdpdGhkcmF3YWwlMjBGZWVzJTNDJTJGc3BhbiUzRSUzQyUyRnRoJTNFJTBBJTNDdGglMjBjbGFzcyUzRCUyMnRleHQtYWxpZ24tY2VudGVyJTIwdmVydGljYWwtYWxpZ24tbWlkZGxlJTIyJTNFJTNDc3BhbiUyMGNsYXNzJTNEJTIydGhfc3BhYyUyMiUzRVdpdGhkcmF3JTNDJTJGc3BhbiUzRSUzQyUyRnRoJTNFJTBBJTNDJTJGdHIlM0UlMEElM0MlMkZ0aGVhZCUzRSUwQSUzQ3Rib2R5JTNFJTBBJTNDdHIlMjBjbGFzcyUzRCUyMnRyX2JvcmRlciUyMiUzRSUwQSUzQ3RkJTIwY2xhc3MlM0QlMjJ2ZXJ0aWNhbC1hbGlnbi1taWRkbGUlMjB0ZXh0LWFsaWduLWNlbnRlciUyMiUzRSUzQ2ltZyUyMHNyYyUzRCUyMmh0dHBzJTNBJTJGJTJGd3d3Lnh0cmVhbWZvcmV4LmNvbSUyRndwLWNvbnRlbnQlMkZ1cGxvYWRzJTJGMjAyMyUyRjA5JTJGNC5wbmclMjIlMjBzdHlsZSUzRCUyMm1hcmdpbi1sZWZ0JTNBNDRweCUzQndpZHRoJTNBNjhweCUzQiUyMiUyMGNsYXNzJTNEJTIyd2l0aGRyd3Jlc3BfaW1nJTIyJTNFJTNDJTJGdGQlM0UlMEElM0N0ZCUyMGNsYXNzJTNEJTIydmVydGljYWwtYWxpZ24tbWlkZGxlJTIwdGV4dC1hbGlnbi1jZW50ZXIlMjIlM0UlMjQxMCUzQyUyRnRkJTNFJTBBJTNDdGQlMjBjbGFzcyUzRCUyMnZlcnRpY2FsLWFsaWduLW1pZGRsZSUyMHRleHQtYWxpZ24tY2VudGVyJTIyJTNFVXAlMjB0byUyMDI0JTIwSG91cnMlM0MlMkZ0ZCUzRSUwQSUzQ3RkJTIwY2xhc3MlM0QlMjJ2ZXJ0aWNhbC1hbGlnbi1taWRkbGUlMjB0ZXh0LWFsaWduLWNlbnRlciUyMiUzRU5vbmUlM0MlMkZ0ZCUzRSUwQSUzQ3RkJTIwY2xhc3MlM0QlMjJ2ZXJ0aWNhbC1hbGlnbi1taWRkbGUlMjB0ZXh0LWFsaWduLWNlbnRlciUyMiUzRSUzQ2RpdiUyMGNsYXNzJTNEJTIyZGVwb3NpdF9idXR0b24lMjIlM0VXaXRoZHJhdyUzQyUyRmRpdiUzRSUzQyUyRnRkJTNFJTBBJTBBJTNDJTJGdHIlM0UlMEElM0N0ciUyMGNsYXNzJTNEJTIydHJfYm9yZGVyJTIyJTNFJTBBJTNDdGQlMjBjbGFzcyUzRCUyMnZlcnRpY2FsLWFsaWduLW1pZGRsZSUyMHRleHQtYWxpZ24tY2VudGVyJTIyJTNFJTNDaW1nJTIwc3JjJTNEJTIyaHR0cHMlM0ElMkYlMkZ3d3cueHRyZWFtZm9yZXguY29tJTJGd3AtY29udGVudCUyRnVwbG9hZHMlMkYyMDIzJTJGMDklMkY1LnBuZyUyMiUyMHN0eWxlJTNEJTIybWFyZ2luLWxlZnQlM0E0NHB4JTNCd2lkdGglM0E2OHB4JTNCJTIyJTIwY2xhc3MlM0QlMjJ3aXRoZHJ3cmVzcF9pbWclMjIlM0UlM0MlMkZ0ZCUzRSUwQSUzQ3RkJTIwY2xhc3MlM0QlMjJ2ZXJ0aWNhbC1hbGlnbi1taWRkbGUlMjB0ZXh0LWFsaWduLWNlbnRlciUyMiUzRSUyNDUlM0MlMkZ0ZCUzRSUwQSUzQ3RkJTIwY2xhc3MlM0QlMjJ2ZXJ0aWNhbC1hbGlnbi1taWRkbGUlMjB0ZXh0LWFsaWduLWNlbnRlciUyMiUzRUluc3RhbnQlM0MlMkZ0ZCUzRSUwQSUzQ3RkJTIwY2xhc3MlM0QlMjJ2ZXJ0aWNhbC1hbGlnbi1taWRkbGUlMjB0ZXh0LWFsaWduLWNlbnRlciUyMiUzRU5vbmUlM0MlMkZ0ZCUzRSUwQSUzQ3RkJTIwY2xhc3MlM0QlMjJ2ZXJ0aWNhbC1hbGlnbi1taWRkbGUlMjB0ZXh0LWFsaWduLWNlbnRlciUyMiUzRSUzQ2RpdiUyMGNsYXNzJTNEJTIyZGVwb3NpdF9idXR0b24lMjIlM0VXaXRoZHJhdyUzQyUyRmRpdiUzRSUzQyUyRnRkJTNFJTBBJTBBJTNDJTJGdHIlM0UlMEElM0N0ciUyMGNsYXNzJTNEJTIydHJfYm9yZGVyJTIyJTNFJTBBJTNDdGQlMjBjbGFzcyUzRCUyMnZlcnRpY2FsLWFsaWduLW1pZGRsZSUyMHRleHQtYWxpZ24tY2VudGVyJTIyJTNFJTNDaW1nJTIwc3JjJTNEJTIyaHR0cHMlM0ElMkYlMkZ3d3cueHRyZWFtZm9yZXguY29tJTJGd3AtY29udGVudCUyRnVwbG9hZHMlMkYyMDIzJTJGMDklMkY2LnBuZyUyMiUyMHN0eWxlJTNEJTIybWFyZ2luLWxlZnQlM0E0NHB4JTNCd2lkdGglM0E2OHB4JTNCJTIyJTIwY2xhc3MlM0QlMjJ3aXRoZHJ3cmVzcF9pbWclMjIlM0UlM0MlMkZ0ZCUzRSUwQSUzQ3RkJTIwY2xhc3MlM0QlMjJ2ZXJ0aWNhbC1hbGlnbi1taWRkbGUlMjB0ZXh0LWFsaWduLWNlbnRlciUyMiUzRSUyNDUlM0MlMkZ0ZCUzRSUwQSUzQ3RkJTIwY2xhc3MlM0QlMjJ2ZXJ0aWNhbC1hbGlnbi1taWRkbGUlMjB0ZXh0LWFsaWduLWNlbnRlciUyMiUzRUluc3RhbnQlM0MlMkZ0ZCUzRSUwQSUzQ3RkJTIwY2xhc3MlM0QlMjJ2ZXJ0aWNhbC1hbGlnbi1taWRkbGUlMjB0ZXh0LWFsaWduLWNlbnRlciUyMiUzRU5vbmUlM0MlMkZ0ZCUzRSUwQSUzQ3RkJTIwY2xhc3MlM0QlMjJ2ZXJ0aWNhbC1hbGlnbi1taWRkbGUlMjB0ZXh0LWFsaWduLWNlbnRlciUyMiUzRSUzQ2RpdiUyMGNsYXNzJTNEJTIyZGVwb3NpdF9idXR0b24lMjIlM0VXaXRoZHJhdyUzQyUyRmRpdiUzRSUzQyUyRnRkJTNFJTBBJTBBJTNDJTJGdHIlM0UlMEElM0N0ciUyMGNsYXNzJTNEJTIydHJfYm9yZGVyJTIyJTNFJTBBJTNDdGQlMjBjbGFzcyUzRCUyMnZlcnRpY2FsLWFsaWduLW1pZGRsZSUyMHRleHQtYWxpZ24tY2VudGVyJTIyJTNFJTNDaW1nJTIwc3JjJTNEJTIyaHR0cHMlM0ElMkYlMkZ3d3cueHRyZWFtZm9yZXguY29tJTJGd3AtY29udGVudCUyRnVwbG9hZHMlMkYyMDIzJTJGMDklMkY3LnBuZyUyMiUyMHN0eWxlJTNEJTIybWFyZ2luLWxlZnQlM0E0NHB4JTNCd2lkdGglM0E2OHB4JTNCJTIyJTIwY2xhc3MlM0QlMjJ3aXRoZHJ3cmVzcF9pbWclMjIlM0UlM0MlMkZ0ZCUzRSUwQSUzQ3RkJTIwY2xhc3MlM0QlMjJ2ZXJ0aWNhbC1hbGlnbi1taWRkbGUlMjB0ZXh0LWFsaWduLWNlbnRlciUyMiUzRSUyNDEwMCUzQyUyRnRkJTNFJTBBJTNDdGQlMjBjbGFzcyUzRCUyMnZlcnRpY2FsLWFsaWduLW1pZGRsZSUyMHRleHQtYWxpZ24tY2VudGVyJTIyJTNFVXAlMjB0byUyMDEwJTIwbWludXRlcyUzQyUyRnRkJTNFJTBBJTNDdGQlMjBjbGFzcyUzRCUyMnZlcnRpY2FsLWFsaWduLW1pZGRsZSUyMHRleHQtYWxpZ24tY2VudGVyJTIyJTNFTm9uZSUzQyUyRnRkJTNFJTBBJTNDdGQlMjBjbGFzcyUzRCUyMnZlcnRpY2FsLWFsaWduLW1pZGRsZSUyMHRleHQtYWxpZ24tY2VudGVyJTIyJTNFJTNDZGl2JTIwY2xhc3MlM0QlMjJkZXBvc2l0X2J1dHRvbiUyMiUzRVdpdGhkcmF3JTNDJTJGZGl2JTNFJTNDJTJGdGQlM0UlMEElMEElM0MlMkZ0ciUzRSUwQSUzQ3RyJTIwY2xhc3MlM0QlMjJ0cl9ib3JkZXIlMjIlM0UlMEElM0N0ZCUyMGNsYXNzJTNEJTIydmVydGljYWwtYWxpZ24tbWlkZGxlJTIwdGV4dC1hbGlnbi1jZW50ZXIlMjIlM0UlM0NpbWclMjBzcmMlM0QlMjJodHRwcyUzQSUyRiUyRnd3dy54dHJlYW1mb3JleC5jb20lMkZ3cC1jb250ZW50JTJGdXBsb2FkcyUyRjIwMjMlMkYwOSUyRjgucG5nJTIyJTIwc3R5bGUlM0QlMjJtYXJnaW4tbGVmdCUzQTQ0cHglM0J3aWR0aCUzQTY4cHglM0IlMjIlMjBjbGFzcyUzRCUyMndpdGhkcndyZXNwX2ltZyUyMiUzRSUzQyUyRnRkJTNFJTBBJTNDdGQlMjBjbGFzcyUzRCUyMnZlcnRpY2FsLWFsaWduLW1pZGRsZSUyMHRleHQtYWxpZ24tY2VudGVyJTIyJTNFJTI0MTAlM0MlMkZ0ZCUzRSUwQSUzQ3RkJTIwY2xhc3MlM0QlMjJ2ZXJ0aWNhbC1hbGlnbi1taWRkbGUlMjB0ZXh0LWFsaWduLWNlbnRlciUyMiUzRVVwJTIwdG8lMjAxMCUyMG1pbnV0ZXMlM0MlMkZ0ZCUzRSUwQSUzQ3RkJTIwY2xhc3MlM0QlMjJ2ZXJ0aWNhbC1hbGlnbi1taWRkbGUlMjB0ZXh0LWFsaWduLWNlbnRlciUyMiUzRU5vbmUlM0MlMkZ0ZCUzRSUwQSUzQ3RkJTIwY2xhc3MlM0QlMjJ2ZXJ0aWNhbC1hbGlnbi1taWRkbGUlMjB0ZXh0LWFsaWduLWNlbnRlciUyMiUzRSUzQ2RpdiUyMGNsYXNzJTNEJTIyZGVwb3NpdF9idXR0b24lMjIlM0VXaXRoZHJhdyUzQyUyRmRpdiUzRSUzQyUyRnRkJTNFJTBBJTBBJTNDJTJGdHIlM0UlMEElM0N0ciUyMGNsYXNzJTNEJTIydHJfYm9yZGVyJTIyJTNFJTBBJTNDdGQlMjBjbGFzcyUzRCUyMnZlcnRpY2FsLWFsaWduLW1pZGRsZSUyMHRleHQtYWxpZ24tY2VudGVyJTIyJTNFJTNDaW1nJTIwc3JjJTNEJTIyaHR0cHMlM0ElMkYlMkZ3d3cueHRyZWFtZm9yZXguY29tJTJGd3AtY29udGVudCUyRnVwbG9hZHMlMkYyMDIzJTJGMDklMkY5LnBuZyUyMiUyMHN0eWxlJTNEJTIybWFyZ2luLWxlZnQlM0E0NHB4JTNCd2lkdGglM0E2OHB4JTNCJTIyJTIwY2xhc3MlM0QlMjJ3aXRoZHJ3cmVzcF9pbWclMjIlM0UlM0MlMkZ0ZCUzRSUwQSUzQ3RkJTIwY2xhc3MlM0QlMjJ2ZXJ0aWNhbC1hbGlnbi1taWRkbGUlMjB0ZXh0LWFsaWduLWNlbnRlciUyMiUzRSUyNDUlM0MlMkZ0ZCUzRSUwQSUzQ3RkJTIwY2xhc3MlM0QlMjJ2ZXJ0aWNhbC1hbGlnbi1taWRkbGUlMjB0ZXh0LWFsaWduLWNlbnRlciUyMiUzRUluc3RhbnQlM0MlMkZ0ZCUzRSUwQSUzQ3RkJTIwY2xhc3MlM0QlMjJ2ZXJ0aWNhbC1hbGlnbi1taWRkbGUlMjB0ZXh0LWFsaWduLWNlbnRlciUyMiUzRU5vbmUlM0MlMkZ0ZCUzRSUwQSUzQ3RkJTIwY2xhc3MlM0QlMjJ2ZXJ0aWNhbC1hbGlnbi1taWRkbGUlMjB0ZXh0LWFsaWduLWNlbnRlciUyMiUzRSUzQ2RpdiUyMGNsYXNzJTNEJTIyZGVwb3NpdF9idXR0b24lMjIlM0VXaXRoZHJhdyUzQyUyRmRpdiUzRSUzQyUyRnRkJTNFJTBBJTBBJTNDJTJGdHIlM0UlMEElMEElM0N0ciUyMGNsYXNzJTNEJTIydHJfYm9yZGVyJTIyJTNFJTBBJTNDdGQlMjBjbGFzcyUzRCUyMnZlcnRpY2FsLWFsaWduLW1pZGRsZSUyMHRleHQtYWxpZ24tY2VudGVyJTIyJTNFJTNDaW1nJTIwc3JjJTNEJTIyaHR0cHMlM0ElMkYlMkZ3d3cueHRyZWFtZm9yZXguY29tJTJGd3AtY29udGVudCUyRnVwbG9hZHMlMkYyMDIzJTJGMDklMkYyLTIucG5nJTIyJTIwc3R5bGUlM0QlMjJtYXJnaW4tbGVmdCUzQTQ0cHglM0J3aWR0aCUzQTY4cHglM0IlMjIlMjBjbGFzcyUzRCUyMndpdGhkcndyZXNwX2ltZyUyMiUzRSUzQyUyRnRkJTNFJTBBJTNDdGQlMjBjbGFzcyUzRCUyMnZlcnRpY2FsLWFsaWduLW1pZGRsZSUyMHRleHQtYWxpZ24tY2VudGVyJTIyJTNFJTI0NSUzQyUyRnRkJTNFJTBBJTNDdGQlMjBjbGFzcyUzRCUyMnZlcnRpY2FsLWFsaWduLW1pZGRsZSUyMHRleHQtYWxpZ24tY2VudGVyJTIyJTNFVXAlMjB0byUyMDEwJTIwbWludXRlcyUzQyUyRnRkJTNFJTBBJTNDdGQlMjBjbGFzcyUzRCUyMnZlcnRpY2FsLWFsaWduLW1pZGRsZSUyMHRleHQtYWxpZ24tY2VudGVyJTIyJTNFTm9uZSUzQyUyRnRkJTNFJTBBJTNDdGQlMjBjbGFzcyUzRCUyMnZlcnRpY2FsLWFsaWduLW1pZGRsZSUyMHRleHQtYWxpZ24tY2VudGVyJTIyJTNFJTNDZGl2JTIwY2xhc3MlM0QlMjJkZXBvc2l0X2J1dHRvbiUyMiUzRVdpdGhkcmF3JTNDJTJGZGl2JTNFJTNDJTJGdGQlM0UlMEElMEElM0MlMkZ0ciUzRSUwQSUzQ3RyJTIwY2xhc3MlM0QlMjJ0cl9ib3JkZXIlMjIlM0UlMEElM0N0ZCUyMGNsYXNzJTNEJTIydmVydGljYWwtYWxpZ24tbWlkZGxlJTIwdGV4dC1hbGlnbi1jZW50ZXIlMjIlM0UlM0NpbWclMjBzcmMlM0QlMjJodHRwcyUzQSUyRiUyRnd3dy54dHJlYW1mb3JleC5jb20lMkZ3cC1jb250ZW50JTJGdXBsb2FkcyUyRjIwMjMlMkYwOSUyRjEwLnBuZyUyMiUyMHN0eWxlJTNEJTIybWFyZ2luLWxlZnQlM0E0NHB4JTNCd2lkdGglM0E2OHB4JTNCJTIyJTIwY2xhc3MlM0QlMjJ3aXRoZHJ3cmVzcF9pbWclMjIlM0UlM0MlMkZ0ZCUzRSUwQSUzQ3RkJTIwY2xhc3MlM0QlMjJ2ZXJ0aWNhbC1hbGlnbi1taWRkbGUlMjB0ZXh0LWFsaWduLWNlbnRlciUyMiUzRSUyNDUlM0MlMkZ0ZCUzRSUwQSUzQ3RkJTIwY2xhc3MlM0QlMjJ2ZXJ0aWNhbC1hbGlnbi1taWRkbGUlMjB0ZXh0LWFsaWduLWNlbnRlciUyMiUzRVVwJTIwdG8lMjAyJTIwYnVzaW5lc3MlMjBkYXlzJTNDJTJGdGQlM0UlMEElM0N0ZCUyMGNsYXNzJTNEJTIydmVydGljYWwtYWxpZ24tbWlkZGxlJTIwdGV4dC1hbGlnbi1jZW50ZXIlMjIlM0UxJTI1JTNDJTJGdGQlM0UlMEElM0N0ZCUyMGNsYXNzJTNEJTIydmVydGljYWwtYWxpZ24tbWlkZGxlJTIwdGV4dC1hbGlnbi1jZW50ZXIlMjIlM0UlM0NkaXYlMjBjbGFzcyUzRCUyMmRlcG9zaXRfYnV0dG9uJTIyJTNFV2l0aGRyYXclM0MlMkZkaXYlM0UlM0MlMkZ0ZCUzRSUwQSUwQSUzQyUyRnRyJTNFJTBBJTNDJTJGdGJvZHklM0UlMEElM0MlMkZ0YWJsZSUzRSUwQSUzQyUyRmRpdiUzRQ==[\/vc_raw_html][\/vc_column_inner][\/vc_row_inner][\/vc_column][\/vc_row]<\/p>\n","protected":false},"excerpt":{"rendered":"<p>[vc_row full_width=&#8221;stretch_row&#8221; css=&#8221;.vc_custom_1698741850989{padding-top: 50px !important;padding-bottom: 50px !important;background-image: url(https:\/\/www.xtrememarkets.com\/ID\/wp-content\/uploads\/2023\/10\/WITHDRAWAL-OPTIONS.png?id=24404) !important;background-position: center !important;background-repeat: no-repeat !important;background-size: cover !important;}&#8221;][vc_column][vc_column_text] C\u00c1C L\u1ef0A CH\u1eccN R\u00daT TI\u1ec0N [\/vc_column_text][\/vc_column][\/vc_row][vc_row full_width=&#8221;stretch_row&#8221; css=&#8221;.vc_custom_1698741920339{margin-top: 0px !important;background-color: #000000 !important;}&#8221;][vc_column width=&#8221;1\/2&#8243;][vc_raw_html]JTNDaW1nJTIwc3JjJTNEJTIyaHR0cHMlM0ElMkYlMkZ3d3cueHRyZWFtZm9yZXguY29tJTJGd3AtY29udGVudCUyRnVwbG9hZHMlMkYyMDIzJTJGMDklMkYybmQtcGFnZS0ybmRpbWFnZS5wbmclMjIlM0U=[\/vc_raw_html][\/vc_column][vc_column width=&#8221;1\/2&#8243;][vc_column_text] &nbsp; T\u00f9y ch\u1ecdn r\u00fat ti\u1ec1n R\u00fat ti\u1ec1n d\u1ec5 d\u00e0ng \u00a0\u00a0Vi\u1ec7c r\u00fat ti\u1ec1n \u0111\u01b0\u1ee3c g\u1eedi tr\u01b0\u1edbc 10:00 s\u00e1ng theo gi\u1edd m\u00e1y ch\u1ee7 s\u1ebd \u0111\u01b0\u1ee3c x\u1eed l\u00fd trong<\/p>\n... <a href=\"https:\/\/www.xtrememarkets.com\/ID\/vi\/withdrawals-vietnam\/\">continue reading<\/a>.","protected":false},"author":1,"featured_media":0,"parent":0,"menu_order":0,"comment_status":"closed","ping_status":"closed","template":"","meta":[],"yoast_head":"<!-- This site is optimized with the Yoast SEO Premium plugin v16.1 - https:\/\/yoast.com\/wordpress\/plugins\/seo\/ -->\r\n<title>Making Withdrawals Easy | Xtreamforex<\/title>\r\n<meta name=\"description\" content=\"This page contains a list of ways to withdraw funds for Xtreamforex clients. You can choose the most comfortable withdrawal method.\" \/>\r\n<link rel=\"canonical\" href=\"https:\/\/www.xtrememarkets.com\/ID\/vi\/withdrawals-vietnam\/\" \/>\r\n<meta property=\"og:locale\" content=\"en_US\" \/>\r\n<meta property=\"og:type\" content=\"article\" \/>\r\n<meta property=\"og:title\" content=\"Making Withdrawals Easy | Xtreamforex\" \/>\r\n<meta property=\"og:description\" content=\"This page contains a list of ways to withdraw funds for Xtreamforex clients. You can choose the most comfortable withdrawal method.\" \/>\r\n<meta property=\"og:url\" content=\"https:\/\/www.xtrememarkets.com\/ID\/vi\/withdrawals-vietnam\/\" \/>\r\n<meta property=\"og:site_name\" content=\"Xtreme Markets\" \/>\r\n<meta property=\"article:publisher\" content=\"https:\/\/www.facebook.com\/xtreamforex.official\/\" \/>\r\n<meta property=\"article:modified_time\" content=\"2024-03-12T09:43:54+00:00\" \/>\r\n<meta property=\"og:image\" content=\"https:\/\/www.xtrememarkets.com\/ID\/wp-content\/uploads\/2024\/02\/image_2024_02_23T12_39_46_331Z.png\" \/>\r\n\t<meta property=\"og:image:width\" content=\"800\" \/>\r\n\t<meta property=\"og:image:height\" content=\"500\" \/>\r\n<meta name=\"twitter:card\" content=\"summary_large_image\" \/>\r\n<meta name=\"twitter:site\" content=\"@xtreamforex\" \/>\r\n<meta name=\"twitter:label1\" content=\"Est. reading time\">\n\t<meta name=\"twitter:data1\" content=\"9 minutes\">\r\n<script type=\"application\/ld+json\" class=\"yoast-schema-graph\">{\"@context\":\"https:\/\/schema.org\",\"@graph\":[{\"@type\":[\"Organization\",\"Place\"],\"@id\":\"https:\/\/www.xtrememarkets.com\/ID\/#organization\",\"name\":\"Xtreamforex\",\"url\":\"https:\/\/www.xtrememarkets.com\/ID\/\",\"sameAs\":[\"https:\/\/www.facebook.com\/xtreamforex.official\/\",\"https:\/\/www.instagram.com\/xtreamforex.official\/\",\"https:\/\/in.linkedin.com\/company\/xtream-forex\",\"https:\/\/www.youtube.com\/channel\/UCbbTuJV9XhurjZciRLdvFBg\",\"https:\/\/www.pinterest.com\/xtreamforex_trading\/\",\"https:\/\/twitter.com\/xtreamforex\"],\"logo\":{\"@id\":\"https:\/\/www.xtrememarkets.com\/ID\/vi\/withdrawals-vietnam\/#local-main-organization-logo\"},\"image\":{\"@id\":\"https:\/\/www.xtrememarkets.com\/ID\/vi\/withdrawals-vietnam\/#local-main-organization-logo\"},\"openingHoursSpecification\":[{\"@type\":\"OpeningHoursSpecification\",\"dayOfWeek\":[\"Monday\",\"Tuesday\",\"Wednesday\",\"Thursday\",\"Friday\",\"Saturday\",\"Sunday\"],\"opens\":\"09:00\",\"closes\":\"17:00\"}]},{\"@type\":\"WebSite\",\"@id\":\"https:\/\/www.xtrememarkets.com\/ID\/#website\",\"url\":\"https:\/\/www.xtrememarkets.com\/ID\/\",\"name\":\"Xtreme Markets\",\"description\":\"\",\"publisher\":{\"@id\":\"https:\/\/www.xtrememarkets.com\/ID\/#organization\"},\"potentialAction\":[{\"@type\":\"SearchAction\",\"target\":\"https:\/\/www.xtrememarkets.com\/ID\/?s={search_term_string}\",\"query-input\":\"required name=search_term_string\"}],\"inLanguage\":\"en-US\"},{\"@type\":\"WebPage\",\"@id\":\"https:\/\/www.xtrememarkets.com\/ID\/vi\/withdrawals-vietnam\/#webpage\",\"url\":\"https:\/\/www.xtrememarkets.com\/ID\/vi\/withdrawals-vietnam\/\",\"name\":\"Making Withdrawals Easy | Xtreamforex\",\"isPartOf\":{\"@id\":\"https:\/\/www.xtrememarkets.com\/ID\/#website\"},\"datePublished\":\"2023-09-14T10:24:10+00:00\",\"dateModified\":\"2024-03-12T09:43:54+00:00\",\"description\":\"This page contains a list of ways to withdraw funds for Xtreamforex clients. You can choose the most comfortable withdrawal method.\",\"breadcrumb\":{\"@id\":\"https:\/\/www.xtrememarkets.com\/ID\/vi\/withdrawals-vietnam\/#breadcrumb\"},\"inLanguage\":\"en-US\",\"potentialAction\":[{\"@type\":\"ReadAction\",\"target\":[\"https:\/\/www.xtrememarkets.com\/ID\/vi\/withdrawals-vietnam\/\"]}]},{\"@type\":\"BreadcrumbList\",\"@id\":\"https:\/\/www.xtrememarkets.com\/ID\/vi\/withdrawals-vietnam\/#breadcrumb\",\"itemListElement\":[{\"@type\":\"ListItem\",\"position\":1,\"item\":{\"@type\":\"WebPage\",\"@id\":\"https:\/\/www.xtrememarkets.com\/\",\"url\":\"https:\/\/www.xtrememarkets.com\/\",\"name\":\"Home\"}},{\"@type\":\"ListItem\",\"position\":2,\"item\":{\"@type\":\"WebPage\",\"@id\":\"https:\/\/www.xtrememarkets.com\/ID\/vi\/withdrawals-vietnam\/\",\"url\":\"https:\/\/www.xtrememarkets.com\/ID\/vi\/withdrawals-vietnam\/\",\"name\":\"Withdrawals\"}}]},{\"@type\":\"ImageObject\",\"@id\":\"https:\/\/www.xtrememarkets.com\/ID\/vi\/withdrawals-vietnam\/#local-main-organization-logo\",\"inLanguage\":\"en-US\",\"url\":\"https:\/\/www.xtrememarkets.com\/ID\/wp-content\/uploads\/2024\/02\/image_2024_02_23T12_39_46_331Z.png\",\"contentUrl\":\"https:\/\/www.xtrememarkets.com\/ID\/wp-content\/uploads\/2024\/02\/image_2024_02_23T12_39_46_331Z.png\",\"width\":800,\"height\":500,\"caption\":\"Xtreamforex\"}]}<\/script>\r\n<!-- \/ Yoast SEO Premium plugin. -->","_links":{"self":[{"href":"https:\/\/www.xtrememarkets.com\/ID\/wp-json\/wp\/v2\/pages\/26444"}],"collection":[{"href":"https:\/\/www.xtrememarkets.com\/ID\/wp-json\/wp\/v2\/pages"}],"about":[{"href":"https:\/\/www.xtrememarkets.com\/ID\/wp-json\/wp\/v2\/types\/page"}],"author":[{"embeddable":true,"href":"https:\/\/www.xtrememarkets.com\/ID\/wp-json\/wp\/v2\/users\/1"}],"replies":[{"embeddable":true,"href":"https:\/\/www.xtrememarkets.com\/ID\/wp-json\/wp\/v2\/comments?post=26444"}],"version-history":[{"count":5,"href":"https:\/\/www.xtrememarkets.com\/ID\/wp-json\/wp\/v2\/pages\/26444\/revisions"}],"predecessor-version":[{"id":27252,"href":"https:\/\/www.xtrememarkets.com\/ID\/wp-json\/wp\/v2\/pages\/26444\/revisions\/27252"}],"wp:attachment":[{"href":"https:\/\/www.xtrememarkets.com\/ID\/wp-json\/wp\/v2\/media?parent=26444"}],"curies":[{"name":"wp","href":"https:\/\/api.w.org\/{rel}","templated":true}]}}