{"id":26261,"date":"2021-02-09T09:27:44","date_gmt":"2021-02-09T09:27:44","guid":{"rendered":"https:\/\/www.xtreamforex.com\/?page_id=26261"},"modified":"2024-02-27T13:49:26","modified_gmt":"2024-02-27T13:49:26","slug":"security-of-funds-veitnam","status":"publish","type":"page","link":"https:\/\/www.xtrememarkets.com\/ID\/vi\/security-of-funds-veitnam\/","title":{"rendered":"Security of Funds"},"content":{"rendered":"<p>[vc_row full_width=&#8221;stretch_row&#8221; content_placement=&#8221;middle&#8221; css=&#8221;.vc_custom_1698319675499{position:relative !important; z-index:-111 !important; margin-top: 0px !important;margin-bottom: 0px !important;padding-top: 50px !important;padding-bottom: 30px !important;background-image: url(https:\/\/www.xtrememarkets.com\/ID\/wp-content\/uploads\/2023\/10\/SECURITY-OF-FUNDS.png) !important;background-position: center !important;background-repeat: no-repeat !important;background-size: cover !important;}&#8221;][vc_column css=&#8221;.vc_custom_1698319593712{padding-top: 50px !important;padding-bottom: 50px !important;background-position: center !important;background-repeat: no-repeat !important;background-size: cover !important;}&#8221;][vc_column_text css=&#8221;.vc_custom_1698319516600{padding-top: 20px !important;padding-bottom: 20px !important;}&#8221;]<\/p>\n<p class=\"upper-head-para\" style=\" color: #db0100; font-weight: 900;\">AN <span style=\"color: #fff;\">NINH QU\u1ef8<\/span><\/p>\n<p>[\/vc_column_text][\/vc_column][\/vc_row][vc_row full_width=&#8221;stretch_row&#8221; css=&#8221;.vc_custom_1698323095144{margin-top: 0px !important;background-color: #000000 !important;}&#8221;][vc_column][vc_row_inner css=&#8221;.vc_custom_1685594846769{border-bottom-width: 1px !important;border-bottom-color: #808080 !important;border-bottom-style: dashed !important;}&#8221; el_id=&#8221;first_sec_securityfunds&#8221;][vc_column_inner][vc_column_text]<\/p>\n<p style=\"text-align: center; color: #ffffff; font-size: 15px; line-height: 1.8;\">C\u1ea7n ph\u1ea3i n\u00f3i r\u00f5 r\u1eb1ng s\u1ef1 an to\u00e0n c\u1ee7a ti\u1ec1n l\u00e0 m\u1ed1i quan t\u00e2m l\u1edbn nh\u1ea5t c\u1ee7a m\u1ed7i nh\u00e0 giao d\u1ecbch. Ch\u00fang t\u00f4i, t\u1ea1i Xtreme Markets, lu\u00f4n nh\u1eadn th\u1ee9c \u0111\u01b0\u1ee3c t\u1ea7m quan tr\u1ecdng c\u1ee7a \u0111i\u1ec1u n\u00e0y. \u0110\u00f3 l\u00e0 l\u00fd do t\u1ea1i sao ch\u00fang t\u00f4i coi vi\u1ec7c b\u1ea3o v\u1ec7 ti\u1ec1n g\u1eedi l\u00e0 nguy\u00ean t\u1eafc \u0111\u1ea7u ti\u00ean c\u1ee7a m\u00ecnh. Do \u0111\u00f3, Kh\u00e1ch h\u00e0ng c\u1ee7a ch\u00fang t\u00f4i c\u00f3 th\u1ec3 tin t\u01b0\u1edfng r\u1eb1ng ti\u1ec1n c\u1ee7a h\u1ecd \u0111\u01b0\u1ee3c l\u01b0u gi\u1eef m\u1ed9t c\u00e1ch an to\u00e0n, li\u00eam ch\u00ednh v\u00e0 minh b\u1ea1ch.<\/p>\n<p>[\/vc_column_text][\/vc_column_inner][\/vc_row_inner][vc_row_inner el_class=&#8221;text_img_second_sec&#8221; css=&#8221;.vc_custom_1704181675626{padding-right: 10px !important;padding-left: 10px !important;}&#8221;][vc_column_inner width=&#8221;1\/6&#8243;][vc_single_image image=&#8221;19981&#8243; img_size=&#8221;140xauto&#8221;][\/vc_column_inner][vc_column_inner width=&#8221;5\/6&#8243;][vc_column_text]<\/p>\n<p style=\"color: #ffffff; font-size: 16px; text-align: left;\">Qu\u1ea3n l\u00fd r\u1ee7i ro<\/p>\n<p style=\"color: #afafaf; font-size: 14px; line-height: 1.8; text-align: left;\">Qu\u1ea3n l\u00fd r\u1ee7i ro l\u00e0 nh\u1eadn bi\u1ebft, \u01b0\u1edbc t\u00ednh v\u00e0 qu\u1ea3n l\u00fd c\u00e1c m\u1ed1i \u0111e d\u1ecda ti\u1ec1m \u1ea9n li\u00ean quan \u0111\u1ebfn ho\u1ea1t \u0111\u1ed9ng c\u1ee7a n\u00f3. XtremeMarkets x\u00e1c \u0111\u1ecbnh \u0111i\u1ec1u n\u00e0y m\u1ed9t c\u00e1ch nghi\u00eam t\u00fac. Vi\u1ec7c x\u00e2y d\u1ef1ng c\u00e1c ch\u00ednh s\u00e1ch c\u1ee7a t\u1ed5 ch\u1ee9c l\u00e0 ph\u00f9 h\u1ee3p \u0111\u1ec3 gi\u1ea3m thi\u1ec3u r\u1ee7i ro li\u00ean quan do kh\u1ee7ng ho\u1ea3ng t\u00e0i ch\u00ednh v\u00e0 duy tr\u00ec nhu c\u1ea7u v\u1ec1 v\u1ed1n c\u1ee7a c\u00f4ng ty b\u1ea5t c\u1ee9 l\u00fac n\u00e0o.<\/p>\n<p>[\/vc_column_text][\/vc_column_inner][\/vc_row_inner][vc_row_inner el_class=&#8221;text_img_second_sec&#8221; css=&#8221;.vc_custom_1704181702001{padding-right: 10px !important;padding-left: 10px !important;}&#8221;][vc_column_inner el_class=&#8221;image_securty1&#8243; width=&#8221;1\/6&#8243;][vc_single_image image=&#8221;19994&#8243; img_size=&#8221;140xauto&#8221;][\/vc_column_inner][vc_column_inner el_class=&#8221;text_securty1&#8243; width=&#8221;5\/6&#8243;][vc_column_text el_class=&#8221;text_align_right&#8221;]<\/p>\n<p style=\"color: #ffffff; font-size: 16px; text-align: left !important;\">An to\u00e0n t\u00e0i ch\u00ednh h\u00e0ng \u0111\u1ea7u<\/p>\n<p style=\"color: #afafaf; font-size: 14px; text-align: left !important; ; line-height: 1.8;\">XtremeMarkets \u0111\u00e3 ch\u1ee9ng t\u1ecf m\u00ecnh l\u00e0 c\u00f4ng ty h\u00e0ng \u0111\u1ea7u th\u1ebf gi\u1edbi v\u1ec1 giao d\u1ecbch tr\u1ef1c tuy\u1ebfn, ngo\u1ea1i h\u1ed1i, c\u1ed5 phi\u1ebfu, h\u00e0ng h\u00f3a v\u00e0 ch\u1ec9 s\u1ed1. Ngay t\u1eeb \u0111\u1ea7u, h\u1ec7 t\u01b0 t\u01b0\u1edfng c\u1ee7a ch\u00fang t\u00f4i l\u00e0 lu\u00f4n duy tr\u00ec s\u1ef1 an to\u00e0n cho Qu\u1ef9 kh\u00e1ch h\u00e0ng c\u1ee7a m\u00ecnh. Theo th\u1eddi gian, n\u00f3 \u0111\u00e3 tr\u1edf th\u00e0nh m\u1ed9t ph\u1ea7n n\u1ed5i b\u1eadt c\u1ee7a c\u00f4ng ty ch\u00fang t\u00f4i, c\u00f9ng v\u1edbi c\u00e1c \u0111i\u1ec1u ki\u1ec7n giao d\u1ecbch t\u1ed1t nh\u1ea5t c\u00f3 th\u1ec3 v\u00e0 h\u1ed7 tr\u1ee3 kh\u00e1ch h\u00e0ng \u0111\u1eb7c bi\u1ec7t. V\u1edbi s\u1ef1 tin t\u01b0\u1edfng c\u1ee7a kh\u00e1ch h\u00e0ng v\u00e0 danh ti\u1ebfng v\u1eefng ch\u1eafc, ch\u00fang t\u00f4i \u0111\u1ea3m b\u1ea3o r\u1eb1ng ti\u1ec1n c\u1ee7a kh\u00e1ch h\u00e0ng s\u1ebd \u0111\u01b0\u1ee3c chuy\u1ec3n \u0111\u1ebfn tay an to\u00e0n nh\u1ea5t.<\/p>\n<p>[\/vc_column_text][\/vc_column_inner][\/vc_row_inner][vc_row_inner el_class=&#8221;text_img_second_sec&#8221; css=&#8221;.vc_custom_1704181715496{padding-right: 10px !important;padding-left: 10px !important;}&#8221;][vc_column_inner el_class=&#8221;image_securty2&#8243; width=&#8221;1\/6&#8243;][vc_single_image image=&#8221;19996&#8243; img_size=&#8221;140xauto&#8221;][\/vc_column_inner][vc_column_inner el_class=&#8221;text_securty1&#8243; width=&#8221;5\/6&#8243;][vc_column_text]<\/p>\n<p style=\"color: #ffffff; font-size: 16px; text-align: left !important;\">T\u00e0i kho\u1ea3n v\u1edbi c\u00e1c ng\u00e2n h\u00e0ng l\u1edbn<\/p>\n<p style=\"color: #afafaf; font-size: 14px; line-height: 1.8; text-align: left !important;\">L\u01b0u \u00fd \u0111\u1ebfn t\u1ea7m quan tr\u1ecdng c\u1ee7a ti\u1ec1n c\u1ee7a kh\u00e1ch h\u00e0ng, ch\u00fang t\u00f4i lu\u00f4n \u01b0u ti\u00ean s\u1eed d\u1ee5ng c\u00e1c ng\u00e2n h\u00e0ng n\u1ed5i ti\u1ebfng to\u00e0n c\u1ea7u, v\u00ec \u0111\u01b0\u1ee3c qu\u1ed1c t\u1ebf t\u00f4n tr\u1ecdng, ch\u00fang t\u00f4i \u0111\u1ea3m b\u1ea3o cung c\u1ea5p thanh kho\u1ea3n th\u00f4ng qua c\u00e1c ng\u00e2n h\u00e0ng l\u1edbn.<\/p>\n<p>[\/vc_column_text][\/vc_column_inner][\/vc_row_inner][vc_row_inner el_class=&#8221;text_img_second_sec&#8221; css=&#8221;.vc_custom_1704181751751{padding-right: 10px !important;padding-left: 10px !important;}&#8221;][vc_column_inner el_class=&#8221;image_securty3&#8243; width=&#8221;1\/6&#8243;][vc_single_image image=&#8221;19997&#8243; img_size=&#8221;140xauto&#8221;][\/vc_column_inner][vc_column_inner el_class=&#8221;text_securty1&#8243; width=&#8221;5\/6&#8243;][vc_column_text el_class=&#8221;text_align_right&#8221;]<\/p>\n<p style=\"color: #ffffff; font-size: 16px; text-align: left !important;\">T\u00e0i kho\u1ea3n t\u00e1ch bi\u1ec7t<\/p>\n<p style=\"color: #afafaf; font-size: 14px; text-align: left !important; line-height: 1.8;\">Ti\u1ec1n c\u1ee7a Kh\u00e1ch h\u00e0ng c\u1ee7a ch\u00fang t\u00f4i \u0111\u01b0\u1ee3c duy tr\u00ec t\u00e1ch bi\u1ec7t v\u1edbi qu\u1ef9 ho\u1ea1t \u0111\u1ed9ng c\u1ee7a c\u00f4ng ty ch\u00fang t\u00f4i, v\u00ec v\u1eady \u0111i\u1ec1u n\u00e0y kh\u00f4ng th\u1ec3 d\u1eabn \u0111\u1ebfn b\u1ea5t k\u1ef3 s\u1ef1 nh\u1ea7m l\u1eabn n\u00e0o trong t\u01b0\u01a1ng lai. \u00dd \u0111\u1ecbnh c\u1ee7a ch\u00fang t\u00f4i r\u1ea5t r\u00f5 r\u00e0ng l\u00e0 qu\u1ef9 c\u1ee7a kh\u00e1ch h\u00e0ng s\u1ebd kh\u00f4ng bao gi\u1edd b\u1ecb l\u1ea1m d\u1ee5ng cho b\u1ea5t k\u1ef3 m\u1ee5c \u0111\u00edch n\u00e0o kh\u00e1c. V\u00ec v\u1eady, ch\u00fang t\u00f4i \u0111\u1ea3m b\u1ea3o kh\u00f4ng c\u00f3 ch\u1ed7 cho b\u1ea5t k\u1ef3 sai s\u00f3t n\u00e0o.<\/p>\n<p>[\/vc_column_text][\/vc_column_inner][\/vc_row_inner][vc_row_inner el_class=&#8221;text_img_second_sec&#8221; css=&#8221;.vc_custom_1704181771503{padding-right: 10px !important;padding-left: 10px !important;}&#8221;][vc_column_inner el_class=&#8221;image_securty4&#8243; width=&#8221;1\/6&#8243;][vc_single_image image=&#8221;19998&#8243; img_size=&#8221;140xauto&#8221;][\/vc_column_inner][vc_column_inner el_class=&#8221;text_securty1&#8243; width=&#8221;5\/6&#8243;][vc_column_text]<\/p>\n<p style=\"color: #ffffff; font-size: 16px; text-align: left !important;\">B\u1ea3o v\u1ec7 s\u1ed1 d\u01b0 \u00e2m<\/p>\n<p style=\"color: #afafaf; font-size: 14px; line-height: 1.8; text-align: left !important;\">S\u1ed1 d\u01b0 \u00e2m x\u1ea3y ra khi th\u1ecb tr\u01b0\u1eddng c\u00f3 nhi\u1ec1u bi\u1ebfn \u0111\u1ed9ng, \u0111i\u1ec1u n\u00e0y th\u01b0\u1eddng x\u1ea3y ra. Kh\u00e1ch h\u00e0ng kh\u00f4ng ch\u1ecbu tr\u00e1ch nhi\u1ec7m v\u1ec1 s\u1ed1 d\u01b0 \u00e2m v\u00e0 h\u1ecd kh\u00f4ng c\u1ea7n ph\u1ea3i tr\u1ea3 l\u1ea1i s\u1ed1 ti\u1ec1n \u00e2m. Do \u0111\u00f3, c\u00f4ng ty ch\u1ecbu tr\u00e1ch nhi\u1ec7m ho\u00e0n to\u00e0n v\u00e0 duy nh\u1ea5t b\u1ea5t c\u1ee9 khi n\u00e0o l\u1ec7nh d\u1eebng v\u00e0 l\u1ec7nh g\u1ecdi k\u00fd qu\u1ef9 kh\u00f4ng ho\u1ea1t \u0111\u1ed9ng ch\u00ednh x\u00e1c.<\/p>\n<p>[\/vc_column_text][\/vc_column_inner][\/vc_row_inner][\/vc_column][\/vc_row][vc_row full_width=&#8221;stretch_row&#8221; css=&#8221;.vc_custom_1685594210908{background-color: #000000 !important;}&#8221;][vc_column width=&#8221;1\/6&#8243;][\/vc_column][vc_column width=&#8221;2\/3&#8243;][vc_row_inner][vc_column_inner width=&#8221;5\/12&#8243;][vc_btn title=&#8221;M\u1edf t\u00e0i kho\u1ea3n tr\u1ef1c ti\u1ebfp&#8221; style=&#8221;custom&#8221; custom_background=&#8221;#000000&#8243; custom_text=&#8221;#ffffff&#8221; shape=&#8221;square&#8221; align=&#8221;center&#8221; link=&#8221;url:https%3A%2F%2Fmy.xtreamforex.com%2FAccount%2FRegister.php||target:%20_blank|&#8221; el_class=&#8221;white_border black_btn&#8221;][\/vc_column_inner][vc_column_inner width=&#8221;1\/6&#8243;][vc_column_text el_class=&#8221;ptxt&#8221;]<\/p>\n<p style=\"text-align: center;\">Ho\u1eb7c<\/p>\n<p>[\/vc_column_text][\/vc_column_inner][vc_column_inner width=&#8221;5\/12&#8243;][vc_btn title=&#8221;M\u1edf t\u00e0i kho\u1ea3n demo&#8221; style=&#8221;custom&#8221; custom_background=&#8221;#000000&#8243; custom_text=&#8221;#ffffff&#8221; shape=&#8221;square&#8221; align=&#8221;center&#8221; link=&#8221;url:https%3A%2F%2Fmy.xtreamforex.com%2FAccount%2FRegister.php||target:%20_blank|&#8221; el_class=&#8221;white_border black_btn&#8221;][\/vc_column_inner][\/vc_row_inner][\/vc_column][vc_column width=&#8221;1\/6&#8243;][\/vc_column][\/vc_row]<\/p>\n","protected":false},"excerpt":{"rendered":"<p>[vc_row full_width=&#8221;stretch_row&#8221; content_placement=&#8221;middle&#8221; css=&#8221;.vc_custom_1698319675499{position:relative !important; z-index:-111 !important; margin-top: 0px !important;margin-bottom: 0px !important;padding-top: 50px !important;padding-bottom: 30px !important;background-image: url(https:\/\/www.xtrememarkets.com\/ID\/wp-content\/uploads\/2023\/10\/SECURITY-OF-FUNDS.png) !important;background-position: center !important;background-repeat: no-repeat !important;background-size: cover !important;}&#8221;][vc_column css=&#8221;.vc_custom_1698319593712{padding-top: 50px !important;padding-bottom: 50px !important;background-position: center !important;background-repeat: no-repeat !important;background-size: cover !important;}&#8221;][vc_column_text css=&#8221;.vc_custom_1698319516600{padding-top: 20px !important;padding-bottom: 20px !important;}&#8221;] AN NINH QU\u1ef8 [\/vc_column_text][\/vc_column][\/vc_row][vc_row full_width=&#8221;stretch_row&#8221; css=&#8221;.vc_custom_1698323095144{margin-top: 0px !important;background-color: #000000 !important;}&#8221;][vc_column][vc_row_inner css=&#8221;.vc_custom_1685594846769{border-bottom-width: 1px !important;border-bottom-color: #808080 !important;border-bottom-style:<\/p>\n... <a href=\"https:\/\/www.xtrememarkets.com\/ID\/vi\/security-of-funds-veitnam\/\">continue reading<\/a>.","protected":false},"author":1,"featured_media":0,"parent":0,"menu_order":0,"comment_status":"closed","ping_status":"closed","template":"","meta":[],"yoast_head":"<!-- This site is optimized with the Yoast SEO Premium plugin v16.1 - https:\/\/yoast.com\/wordpress\/plugins\/seo\/ -->\r\n<title>Safely Deposit &amp; withdraw your funds in Xtreamforex account<\/title>\r\n<meta name=\"description\" content=\"Feel free to deposit &amp; withdraw as large money as you can with Xtreamforex Platform as we have the support of Verified banks &amp; encryption techniques that&#039;s hard to beat.\" \/>\r\n<link rel=\"canonical\" href=\"https:\/\/www.xtrememarkets.com\/ID\/vi\/security-of-funds-veitnam\/\" \/>\r\n<meta property=\"og:locale\" content=\"en_US\" \/>\r\n<meta property=\"og:type\" content=\"article\" \/>\r\n<meta property=\"og:title\" content=\"Safely Deposit &amp; withdraw your funds in Xtreamforex account\" \/>\r\n<meta property=\"og:description\" content=\"Feel free to deposit &amp; withdraw as large money as you can with Xtreamforex Platform as we have the support of Verified banks &amp; encryption techniques that&#039;s hard to beat.\" \/>\r\n<meta property=\"og:url\" content=\"https:\/\/www.xtrememarkets.com\/ID\/vi\/security-of-funds-veitnam\/\" \/>\r\n<meta property=\"og:site_name\" content=\"Xtreme Markets\" \/>\r\n<meta property=\"article:publisher\" content=\"https:\/\/www.facebook.com\/xtreamforex.official\/\" \/>\r\n<meta property=\"article:modified_time\" content=\"2024-02-27T13:49:26+00:00\" \/>\r\n<meta property=\"og:image\" content=\"https:\/\/www.xtrememarkets.com\/wp-content\/uploads\/2023\/07\/link-banner.jpg\" \/>\r\n<meta name=\"twitter:card\" content=\"summary_large_image\" \/>\r\n<meta name=\"twitter:site\" content=\"@xtreamforex\" \/>\r\n<meta name=\"twitter:label1\" content=\"Est. reading time\">\n\t<meta name=\"twitter:data1\" content=\"7 minutes\">\r\n<script type=\"application\/ld+json\" class=\"yoast-schema-graph\">{\"@context\":\"https:\/\/schema.org\",\"@graph\":[{\"@type\":[\"Organization\",\"Place\"],\"@id\":\"https:\/\/www.xtrememarkets.com\/ID\/#organization\",\"name\":\"Xtreamforex\",\"url\":\"https:\/\/www.xtrememarkets.com\/ID\/\",\"sameAs\":[\"https:\/\/www.facebook.com\/xtreamforex.official\/\",\"https:\/\/www.instagram.com\/xtreamforex.official\/\",\"https:\/\/in.linkedin.com\/company\/xtream-forex\",\"https:\/\/www.youtube.com\/channel\/UCbbTuJV9XhurjZciRLdvFBg\",\"https:\/\/www.pinterest.com\/xtreamforex_trading\/\",\"https:\/\/twitter.com\/xtreamforex\"],\"logo\":{\"@id\":\"https:\/\/www.xtrememarkets.com\/ID\/vi\/security-of-funds-veitnam\/#local-main-organization-logo\"},\"image\":{\"@id\":\"https:\/\/www.xtrememarkets.com\/ID\/vi\/security-of-funds-veitnam\/#local-main-organization-logo\"},\"openingHoursSpecification\":[{\"@type\":\"OpeningHoursSpecification\",\"dayOfWeek\":[\"Monday\",\"Tuesday\",\"Wednesday\",\"Thursday\",\"Friday\",\"Saturday\",\"Sunday\"],\"opens\":\"09:00\",\"closes\":\"17:00\"}]},{\"@type\":\"WebSite\",\"@id\":\"https:\/\/www.xtrememarkets.com\/ID\/#website\",\"url\":\"https:\/\/www.xtrememarkets.com\/ID\/\",\"name\":\"Xtreme Markets\",\"description\":\"\",\"publisher\":{\"@id\":\"https:\/\/www.xtrememarkets.com\/ID\/#organization\"},\"potentialAction\":[{\"@type\":\"SearchAction\",\"target\":\"https:\/\/www.xtrememarkets.com\/ID\/?s={search_term_string}\",\"query-input\":\"required name=search_term_string\"}],\"inLanguage\":\"en-US\"},{\"@type\":\"ImageObject\",\"@id\":\"https:\/\/www.xtrememarkets.com\/ID\/vi\/security-of-funds-veitnam\/#primaryimage\",\"inLanguage\":\"en-US\",\"url\":\"\",\"contentUrl\":\"\"},{\"@type\":\"WebPage\",\"@id\":\"https:\/\/www.xtrememarkets.com\/ID\/vi\/security-of-funds-veitnam\/#webpage\",\"url\":\"https:\/\/www.xtrememarkets.com\/ID\/vi\/security-of-funds-veitnam\/\",\"name\":\"Safely Deposit & withdraw your funds in Xtreamforex account\",\"isPartOf\":{\"@id\":\"https:\/\/www.xtrememarkets.com\/ID\/#website\"},\"primaryImageOfPage\":{\"@id\":\"https:\/\/www.xtrememarkets.com\/ID\/vi\/security-of-funds-veitnam\/#primaryimage\"},\"datePublished\":\"2021-02-09T09:27:44+00:00\",\"dateModified\":\"2024-02-27T13:49:26+00:00\",\"description\":\"Feel free to deposit & withdraw as large money as you can with Xtreamforex Platform as we have the support of Verified banks & encryption techniques that's hard to beat.\",\"breadcrumb\":{\"@id\":\"https:\/\/www.xtrememarkets.com\/ID\/vi\/security-of-funds-veitnam\/#breadcrumb\"},\"inLanguage\":\"en-US\",\"potentialAction\":[{\"@type\":\"ReadAction\",\"target\":[\"https:\/\/www.xtrememarkets.com\/ID\/vi\/security-of-funds-veitnam\/\"]}]},{\"@type\":\"BreadcrumbList\",\"@id\":\"https:\/\/www.xtrememarkets.com\/ID\/vi\/security-of-funds-veitnam\/#breadcrumb\",\"itemListElement\":[{\"@type\":\"ListItem\",\"position\":1,\"item\":{\"@type\":\"WebPage\",\"@id\":\"https:\/\/www.xtrememarkets.com\/\",\"url\":\"https:\/\/www.xtrememarkets.com\/\",\"name\":\"Home\"}},{\"@type\":\"ListItem\",\"position\":2,\"item\":{\"@type\":\"WebPage\",\"@id\":\"https:\/\/www.xtrememarkets.com\/ID\/vi\/security-of-funds-veitnam\/\",\"url\":\"https:\/\/www.xtrememarkets.com\/ID\/vi\/security-of-funds-veitnam\/\",\"name\":\"Security of Funds\"}}]},{\"@type\":\"ImageObject\",\"@id\":\"https:\/\/www.xtrememarkets.com\/ID\/vi\/security-of-funds-veitnam\/#local-main-organization-logo\",\"inLanguage\":\"en-US\",\"url\":\"https:\/\/www.xtrememarkets.com\/ID\/wp-content\/uploads\/2024\/02\/image_2024_02_23T12_39_46_331Z.png\",\"contentUrl\":\"https:\/\/www.xtrememarkets.com\/ID\/wp-content\/uploads\/2024\/02\/image_2024_02_23T12_39_46_331Z.png\",\"width\":800,\"height\":500,\"caption\":\"Xtreamforex\"}]}<\/script>\r\n<!-- \/ Yoast SEO Premium plugin. -->","_links":{"self":[{"href":"https:\/\/www.xtrememarkets.com\/ID\/wp-json\/wp\/v2\/pages\/26261"}],"collection":[{"href":"https:\/\/www.xtrememarkets.com\/ID\/wp-json\/wp\/v2\/pages"}],"about":[{"href":"https:\/\/www.xtrememarkets.com\/ID\/wp-json\/wp\/v2\/types\/page"}],"author":[{"embeddable":true,"href":"https:\/\/www.xtrememarkets.com\/ID\/wp-json\/wp\/v2\/users\/1"}],"replies":[{"embeddable":true,"href":"https:\/\/www.xtrememarkets.com\/ID\/wp-json\/wp\/v2\/comments?post=26261"}],"version-history":[{"count":6,"href":"https:\/\/www.xtrememarkets.com\/ID\/wp-json\/wp\/v2\/pages\/26261\/revisions"}],"predecessor-version":[{"id":26822,"href":"https:\/\/www.xtrememarkets.com\/ID\/wp-json\/wp\/v2\/pages\/26261\/revisions\/26822"}],"wp:attachment":[{"href":"https:\/\/www.xtrememarkets.com\/ID\/wp-json\/wp\/v2\/media?parent=26261"}],"curies":[{"name":"wp","href":"https:\/\/api.w.org\/{rel}","templated":true}]}}