{"id":26256,"date":"2020-05-15T07:02:50","date_gmt":"2020-05-15T07:02:50","guid":{"rendered":"https:\/\/www.xtreamforex.com\/?page_id=26256"},"modified":"2024-02-27T13:46:48","modified_gmt":"2024-02-27T13:46:48","slug":"legal-documents-vietnam","status":"publish","type":"page","link":"https:\/\/www.xtrememarkets.com\/ID\/vi\/legal-documents-vietnam\/","title":{"rendered":"Legal Documents"},"content":{"rendered":"<p>[vc_row full_width=&#8221;stretch_row&#8221; content_placement=&#8221;middle&#8221; css=&#8221;.vc_custom_1698319675499{position:relative !important; z-index:-111 !important; margin-top: 0px !important;margin-bottom: 0px !important;padding-top: 50px !important;padding-bottom: 30px !important;background-image: url(https:\/\/www.xtrememarkets.com\/ID\/wp-content\/uploads\/2023\/10\/LEGAL-DOCUMENTS.png) !important;background-position: center !important;background-repeat: no-repeat !important;background-size: cover !important;}&#8221;][vc_column css=&#8221;.vc_custom_1698319593712{padding-top: 50px !important;padding-bottom: 50px !important;background-position: center !important;background-repeat: no-repeat !important;background-size: cover !important;}&#8221;][vc_column_text css=&#8221;.vc_custom_1698319516600{padding-top: 20px !important;padding-bottom: 20px !important;}&#8221;]<\/p>\n<p class=\"upper-head-para\" style=\"color: #db0100; font-weight: 900;\">T\u00c0I LI\u1ec6U<span style=\"color: #fff;\"> H\u1ee2P PH\u00c1P<\/span><\/p>\n<p>[\/vc_column_text][\/vc_column][\/vc_row][vc_row full_width=&#8221;stretch_row_content_no_spaces&#8221; css=&#8221;.vc_custom_1683009243951{padding-top: 0px !important;padding-bottom: 0px !important;background-image: url(https:\/\/www.xtrememarkets.com\/ID\/wp-content\/uploads\/2023\/05\/banner_background1.webp?id=19590) !important;background-position: center !important;background-repeat: no-repeat !important;background-size: cover !important;}&#8221; el_id=&#8221;legal_top&#8221;][vc_column][\/vc_column][\/vc_row][vc_row full_width=&#8221;stretch_row&#8221; css=&#8221;.vc_custom_1683007841061{padding-top: 30px !important;background-color: #000000 !important;}&#8221;][vc_column][vc_custom_heading text=&#8221;T\u00e0i li\u1ec7u h\u1ee3p ph\u00e1p<br \/>\n&#8221; font_container=&#8221;tag:h2|text_align:center|color:%23ffffff&#8221; css=&#8221;.vc_custom_1704517237747{margin-bottom: 15px !important;}&#8221;][vc_column_text el_class=&#8221;abtbx font_cali red_col&#8221;]<\/p>\n<p style=\"letter-spacing: 0.5px; font-size: 19px; color: #dddddd; text-align: center;\">Xtreme Markets Ltd cung c\u1ea5p t\u00e0i li\u1ec7u ph\u00e1p l\u00fd \u0111\u1ec3 kh\u00e1ch h\u00e0ng xem x\u00e9t tr\u01b0\u1edbc khi giao d\u1ecbch Forex, CFD ho\u1eb7c b\u1ea5t k\u1ef3 s\u1ea3n ph\u1ea9m t\u00e0i ch\u00ednh n\u00e0o kh\u00e1c hi\u1ec7n c\u00f3. H\u00e3y \u0111\u1ea3m b\u1ea3o \u0111\u1ecdc t\u1ea5t c\u1ea3 t\u00e0i li\u1ec7u ph\u00e1p l\u00fd v\u1edbi Xtreme Markets Ltd.<\/p>\n<hr \/>\n<p>[\/vc_column_text][vc_row_inner][vc_column_inner width=&#8221;1\/4&#8243;][vc_column_text css=&#8221;.vc_custom_1692619713676{margin-bottom: 0px !important;}&#8221;]<a href=\"https:\/\/www.xtrememarkets.com\/ID\/wp-content\/uploads\/2023\/08\/Client-Agreement-1-1.pdf\" target=\"_blank\" rel=\"noopener\"><img decoding=\"async\" loading=\"lazy\" class=\"alignnone size-full wp-image-19708\" src=\"https:\/\/www.xtrememarkets.com\/ID\/vn\/wp-content\/uploads\/2023\/05\/PDF_icon-min.png\" alt=\"\" width=\"100\" height=\"117\" \/><\/a>[\/vc_column_text][vc_column_text]<\/p>\n<p style=\"text-align: center;\"><a href=\"https:\/\/www.xtrememarkets.com\/ID\/wp-content\/uploads\/2023\/08\/Client-Agreement-1-1.pdf\" target=\"_blank\" rel=\"noopener\"><span style=\"color: #dddddd; font-size: 11px;\">Client Agreement<\/span><\/a><\/p>\n<p>[\/vc_column_text][\/vc_column_inner][vc_column_inner width=&#8221;1\/4&#8243;][vc_column_text css=&#8221;.vc_custom_1692351057115{margin-bottom: 0px !important;}&#8221;]<a style=\"pointer-events: none;\" rel=\"noopener\"><img decoding=\"async\" loading=\"lazy\" class=\"alignnone size-full wp-image-19708\" src=\"https:\/\/www.xtrememarkets.com\/ID\/vn\/wp-content\/uploads\/2023\/05\/PDF_icon-min.png\" alt=\"\" width=\"100\" height=\"117\" \/><\/a>[\/vc_column_text][vc_column_text]<\/p>\n<p style=\"text-align: center; pointer-events: none;\"><a href=\"https:\/\/www.xtrememarkets.com\/ID\/wp-content\/uploads\/2023\/05\/AML-CFT-Framework-version-6.0-company-ref.pdf\" target=\"_blank\" rel=\"noopener\"><span style=\"color: #dddddd; font-size: 11px;\">Anti Money Laundering Statement<\/span><\/a><\/p>\n<p>[\/vc_column_text][\/vc_column_inner][vc_column_inner width=&#8221;1\/4&#8243;][vc_column_text css=&#8221;.vc_custom_1692619812745{margin-bottom: 0px !important;}&#8221;]<a href=\"https:\/\/www.xtrememarkets.com\/ID\/wp-content\/uploads\/2023\/08\/Trading-and-Execution-Risk-1-1-1.pdf\" target=\"_blank\" rel=\"noopener\"><img decoding=\"async\" loading=\"lazy\" class=\"alignnone size-full wp-image-19708\" src=\"https:\/\/www.xtrememarkets.com\/ID\/vn\/wp-content\/uploads\/2023\/05\/PDF_icon-min.png\" alt=\"\" width=\"100\" height=\"117\" \/><\/a>[\/vc_column_text][vc_column_text]<\/p>\n<p style=\"text-align: center;\"><a href=\"https:\/\/www.xtrememarkets.com\/ID\/wp-content\/uploads\/2023\/08\/Trading-and-Execution-Risk-1-1-1.pdf\" target=\"_blank\" rel=\"noopener\"><span style=\"color: #dddddd; font-size: 11px;\">Trading and Execution Risk<\/span><\/a><\/p>\n<p>[\/vc_column_text][\/vc_column_inner][vc_column_inner width=&#8221;1\/4&#8243;][vc_column_text css=&#8221;.vc_custom_1692619879657{margin-bottom: 0px !important;}&#8221;]<a href=\"https:\/\/www.xtrememarkets.com\/ID\/wp-content\/uploads\/2023\/08\/Complaint-Handling-Procedure-1-1-1.pdf\" target=\"_blank\" rel=\"noopener\"><img decoding=\"async\" loading=\"lazy\" width=\"100\" height=\"117\" class=\"alignnone size-full wp-image-19708\" src=\"https:\/\/www.xtrememarkets.com\/ID\/vn\/wp-content\/uploads\/2023\/05\/PDF_icon-min.png\" \/><\/a>[\/vc_column_text][vc_column_text]<\/p>\n<p style=\"text-align: center;\"><a href=\"https:\/\/www.xtrememarkets.com\/ID\/wp-content\/uploads\/2023\/08\/Complaint-Handling-Procedure-1-1-1.pdf\" target=\"_blank\" rel=\"noopener\"><span style=\"color: #dddddd; font-size: 11px;\">Complaint Handling Procedure<\/span><\/a><\/p>\n<p>[\/vc_column_text][\/vc_column_inner][\/vc_row_inner][vc_row_inner][vc_column_inner width=&#8221;1\/4&#8243;][vc_column_text css=&#8221;.vc_custom_1696504624071{margin-bottom: 0px !important;}&#8221;]<a href=\"https:\/\/www.xtrememarkets.com\/ID\/wp-content\/uploads\/2023\/10\/General-Risk-Disclosure-4-1-1.pdf\" target=\"_blank\" rel=\"noopener\"><img decoding=\"async\" loading=\"lazy\" class=\"alignnone size-full wp-image-19708\" src=\"https:\/\/www.xtrememarkets.com\/ID\/vn\/wp-content\/uploads\/2023\/05\/PDF_icon-min.png\" alt=\"\" width=\"100\" height=\"117\" \/><\/a>[\/vc_column_text][vc_column_text]<\/p>\n<p style=\"text-align: center;\"><a href=\"https:\/\/www.xtrememarkets.com\/ID\/wp-content\/uploads\/2023\/10\/General-Risk-Disclosure-4-1-1.pdf\" target=\"_blank\" rel=\"noopener\"><span style=\"color: #dddddd; font-size: 11px;\">General Risk Disclosure<\/span><\/a><\/p>\n<p>[\/vc_column_text][\/vc_column_inner][vc_column_inner width=&#8221;1\/4&#8243;][vc_column_text css=&#8221;.vc_custom_1692620049530{margin-bottom: 0px !important;}&#8221;]<a href=\"https:\/\/www.xtrememarkets.com\/ID\/wp-content\/uploads\/2023\/08\/Risk-Desclaimer-Policy-5-1-1-1-1.pdf\" target=\"_blank\" rel=\"noopener\"><img decoding=\"async\" loading=\"lazy\" class=\"alignnone size-full wp-image-19708\" src=\"https:\/\/www.xtrememarkets.com\/ID\/vn\/wp-content\/uploads\/2023\/05\/PDF_icon-min.png\" alt=\"\" width=\"100\" height=\"117\" \/><\/a>[\/vc_column_text][vc_column_text]<\/p>\n<p style=\"text-align: center;\"><a href=\"https:\/\/www.xtrememarkets.com\/ID\/wp-content\/uploads\/2023\/08\/Risk-Desclaimer-Policy-5-1-1-1-1.pdf\" target=\"_blank\" rel=\"noopener\"><span style=\"color: #dddddd; font-size: 11px;\">Risk Disclaimer Policy<\/span><\/a><\/p>\n<p>[\/vc_column_text][\/vc_column_inner][vc_column_inner width=&#8221;1\/4&#8243;][vc_column_text css=&#8221;.vc_custom_1692620117379{margin-bottom: 0px !important;}&#8221;]<\/p>\n<p style=\"text-align: center;\"><a href=\"https:\/\/www.xtrememarkets.com\/ID\/wp-content\/uploads\/2023\/08\/Risks-Associated-with-Transactions-in-Derivative-Financial-Instruments-CFDS-6-1-1-1.pdf\" target=\"_blank\" rel=\"noopener\"><img decoding=\"async\" loading=\"lazy\" class=\"alignnone size-full wp-image-19708\" src=\"https:\/\/www.xtrememarkets.com\/ID\/vn\/wp-content\/uploads\/2023\/05\/PDF_icon-min.png\" alt=\"\" width=\"100\" height=\"117\" \/><\/a><\/p>\n<p>[\/vc_column_text][vc_column_text]<\/p>\n<p style=\"text-align: center;\"><a href=\"https:\/\/www.xtrememarkets.com\/ID\/wp-content\/uploads\/2023\/08\/Risks-Associated-with-Transactions-in-Derivative-Financial-Instruments-CFDS-6-1-1-1.pdf\" target=\"_blank\" rel=\"noopener\"><span style=\"color: #dddddd; font-size: 11px;\">Risks Associated with Transactions in CFDS<\/span><\/a><\/p>\n<p>[\/vc_column_text][\/vc_column_inner][vc_column_inner width=&#8221;1\/4&#8243;][vc_column_text css=&#8221;.vc_custom_1692620245760{margin-bottom: 0px !important;}&#8221;]<\/p>\n<p style=\"text-align: center;\"><a href=\"https:\/\/www.xtrememarkets.com\/ID\/wp-content\/uploads\/2023\/08\/Terms-of-Business-1.pdf\" target=\"_blank\" rel=\"noopener\"><img decoding=\"async\" loading=\"lazy\" class=\"size-full wp-image-19708 aligncenter\" src=\"https:\/\/www.xtrememarkets.com\/ID\/vn\/wp-content\/uploads\/2023\/05\/PDF_icon-min.png\" alt=\"\" width=\"100\" height=\"117\" \/><\/a><\/p>\n<p>[\/vc_column_text][vc_column_text]<\/p>\n<p style=\"text-align: center;\"><a href=\"https:\/\/www.xtrememarkets.com\/ID\/wp-content\/uploads\/2023\/08\/Terms-of-Business-1.pdf\" target=\"_blank\" rel=\"noopener\"><span style=\"color: #dddddd; font-size: 11px;\">Terms of Business<\/span><\/a><\/p>\n<p>[\/vc_column_text][\/vc_column_inner][\/vc_row_inner][vc_row_inner][vc_column_inner width=&#8221;1\/4&#8243;][vc_column_text css=&#8221;.vc_custom_1692620317345{margin-bottom: 0px !important;}&#8221;]<a href=\"https:\/\/www.xtrememarkets.com\/ID\/wp-content\/uploads\/2023\/08\/Conflict-of-Interest-Policy-1.pdf\" target=\"_blank\" rel=\"noopener\"><img decoding=\"async\" loading=\"lazy\" class=\"alignnone size-full wp-image-19708\" src=\"https:\/\/www.xtrememarkets.com\/ID\/vn\/wp-content\/uploads\/2023\/05\/PDF_icon-min.png\" alt=\"\" width=\"100\" height=\"117\" \/><\/a>[\/vc_column_text][vc_column_text]<\/p>\n<p style=\"text-align: center;\"><a href=\"https:\/\/www.xtrememarkets.com\/ID\/wp-content\/uploads\/2023\/08\/Conflict-of-Interest-Policy-1.pdf\" target=\"_blank\" rel=\"noopener\"><span style=\"color: #dddddd; font-size: 11px;\">Conflict of Interest Policy<\/span><\/a><\/p>\n<p>[\/vc_column_text][\/vc_column_inner][vc_column_inner width=&#8221;1\/4&#8243;][vc_column_text css=&#8221;.vc_custom_1692620502698{margin-bottom: 0px !important;}&#8221;]<a href=\"https:\/\/www.xtrememarkets.com\/ID\/wp-content\/uploads\/2023\/08\/Terms-of-Business-Glossary-1.pdf\" target=\"_blank\" rel=\"noopener\"><img decoding=\"async\" loading=\"lazy\" class=\"alignnone size-full wp-image-19708\" src=\"https:\/\/www.xtrememarkets.com\/ID\/vn\/wp-content\/uploads\/2023\/05\/PDF_icon-min.png\" alt=\"\" width=\"100\" height=\"117\" \/><\/a>[\/vc_column_text][vc_column_text]<\/p>\n<p style=\"text-align: center;\"><a href=\"https:\/\/www.xtrememarkets.com\/ID\/wp-content\/uploads\/2023\/08\/Terms-of-Business-Glossary-1.pdf\" target=\"_blank\" rel=\"noopener\"><span style=\"color: #dddddd; font-size: 11px;\">Terms of Business Glossary<\/span><\/a><\/p>\n<p>[\/vc_column_text][\/vc_column_inner][vc_column_inner width=&#8221;1\/4&#8243;][vc_column_text css=&#8221;.vc_custom_1692620555168{margin-bottom: 0px !important;}&#8221;]<a href=\"https:\/\/www.xtrememarkets.com\/ID\/wp-content\/uploads\/2023\/08\/Terms-and-Conditions-of-Credit-Bonus-1.pdf\" target=\"_blank\" rel=\"noopener\"><img decoding=\"async\" loading=\"lazy\" class=\"alignnone size-full wp-image-19708\" src=\"https:\/\/www.xtrememarkets.com\/ID\/vn\/wp-content\/uploads\/2023\/05\/PDF_icon-min.png\" alt=\"\" width=\"100\" height=\"117\" \/><\/a>[\/vc_column_text][vc_column_text]<\/p>\n<p style=\"text-align: center;\"><a href=\"\/wp-content\/themes\/xtreamforex\/docs\/Terms and Conditions of Credit Bonus.pdf\" target=\"_blank\" rel=\"noopener\"><span style=\"color: #dddddd; font-size: 11px;\">Terms and Conditions of Credit Bonus<\/span><\/a><\/p>\n<p>[\/vc_column_text][\/vc_column_inner][vc_column_inner width=&#8221;1\/4&#8243;][vc_column_text css=&#8221;.vc_custom_1692620598664{margin-bottom: 0px !important;}&#8221;]<a href=\"https:\/\/www.xtrememarkets.com\/ID\/wp-content\/uploads\/2023\/08\/XtreamForex-Copy-Agreement-1.pdf\" target=\"_blank\" rel=\"noopener\"><img decoding=\"async\" loading=\"lazy\" class=\"alignnone size-full wp-image-19708\" src=\"https:\/\/www.xtrememarkets.com\/ID\/vn\/wp-content\/uploads\/2023\/05\/PDF_icon-min.png\" alt=\"\" width=\"100\" height=\"117\" \/><\/a>[\/vc_column_text][vc_column_text]<\/p>\n<p style=\"text-align: center;\"><a href=\"https:\/\/www.xtrememarkets.com\/ID\/wp-content\/uploads\/2023\/08\/XtreamForex-Copy-Agreement-1.pdf\" target=\"_blank\" rel=\"noopener\"><span style=\"color: #dddddd; font-size: 11px;\">Xtream Markets Ltd Copy Trading Agreement<\/span><\/a><\/p>\n<p>[\/vc_column_text][\/vc_column_inner][\/vc_row_inner][vc_row_inner][vc_column_inner width=&#8221;1\/4&#8243;][vc_column_text css=&#8221;.vc_custom_1701951567242{margin-bottom: 0px !important;}&#8221;]<a href=\"https:\/\/www.xtrememarkets.com\/ID\/wp-content\/uploads\/2023\/12\/Tradable-Bonus-Terms-and-Conditions-2_compressed.pdf\"><img decoding=\"async\" loading=\"lazy\" class=\"alignnone size-full wp-image-19708\" src=\"https:\/\/www.xtrememarkets.com\/ID\/vn\/wp-content\/uploads\/2023\/05\/PDF_icon-min.png\" alt=\"\" width=\"100\" height=\"117\" \/><\/a>[\/vc_column_text][vc_column_text]<\/p>\n<p style=\"text-align: center;\"><a href=\"https:\/\/www.xtrememarkets.com\/ID\/wp-content\/uploads\/2023\/12\/Tradable-Bonus-Terms-and-Conditions-2_compressed.pdf\"><span style=\"color: #dddddd; font-size: 11px;\">Terms and Conditions of Tradable Bonus<\/span><\/a><\/p>\n<p>\u00a0[\/vc_column_text][\/vc_column_inner][\/vc_row_inner][vc_row_inner][vc_column_inner width=&#8221;1\/4&#8243;][vc_column_text css=&#8221;.vc_custom_1691991789642{margin-bottom: 0px !important;}&#8221;]<a href=\"\/terms-and-conditions\/\" target=\"_blank\" rel=\"noopener\"><img decoding=\"async\" loading=\"lazy\" class=\"alignnone size-full wp-image-19708\" src=\"https:\/\/www.xtrememarkets.com\/ID\/wp-content\/uploads\/2023\/05\/web_icon-min.png\" alt=\"\" width=\"100\" height=\"117\" \/><\/a>[\/vc_column_text][vc_column_text]<\/p>\n<p style=\"text-align: center;\"><a href=\"\/terms-and-conditions\/\" rel=\"noopener\"><span style=\"color: #dddddd; font-size: 11px;\">Terms and Conditions<\/span><\/a><\/p>\n<p>[\/vc_column_text][\/vc_column_inner][vc_column_inner width=&#8221;1\/4&#8243;][vc_column_text css=&#8221;.vc_custom_1691991882445{margin-bottom: 0px !important;}&#8221;]<a href=\"\/risk-disclosure-statement\/\" target=\"_blank\" rel=\"noopener\"><img decoding=\"async\" loading=\"lazy\" class=\"alignnone size-full wp-image-19708\" src=\"https:\/\/www.xtrememarkets.com\/ID\/wp-content\/uploads\/2023\/05\/web_icon-min.png\" alt=\"\" width=\"100\" height=\"117\" \/><\/a>[\/vc_column_text][vc_column_text]<\/p>\n<p style=\"text-align: center;\"><a href=\"\/risk-disclosure-statement\/\"><span style=\"color: #dddddd; font-size: 11px;\">Risk Disclosure Statement<\/span><\/a><\/p>\n<p>[\/vc_column_text][\/vc_column_inner][vc_column_inner width=&#8221;1\/4&#8243;][vc_column_text css=&#8221;.vc_custom_1691991900485{margin-bottom: 0px !important;}&#8221;]<a href=\"\/home\/privacy-policy\/\" target=\"_blank\" rel=\"noopener\"><img decoding=\"async\" loading=\"lazy\" class=\"alignnone size-full wp-image-19708\" src=\"https:\/\/www.xtrememarkets.com\/ID\/wp-content\/uploads\/2023\/05\/web_icon-min.png\" alt=\"\" width=\"100\" height=\"117\" \/><\/a>[\/vc_column_text][vc_column_text]<\/p>\n<p style=\"text-align: center;\"><a href=\"\/home\/privacy-policy\/\"><span style=\"color: #dddddd; font-size: 11px;\">Privacy Policy<\/span><\/a><\/p>\n<p>[\/vc_column_text][\/vc_column_inner][vc_column_inner width=&#8221;1\/4&#8243;][vc_column_text css=&#8221;.vc_custom_1691991915708{margin-bottom: 0px !important;}&#8221;]<a href=\"\/xtreamforex-regulatory\/\" target=\"_blank\" rel=\"noopener\"><img decoding=\"async\" loading=\"lazy\" class=\"alignnone size-full wp-image-19708\" src=\"https:\/\/www.xtrememarkets.com\/ID\/wp-content\/uploads\/2023\/05\/web_icon-min.png\" alt=\"\" width=\"100\" height=\"117\" \/><\/a>[\/vc_column_text][vc_column_text]<\/p>\n<p style=\"text-align: center;\"><a href=\"\/xtreamforex-regulatory\/\"><span style=\"color: #dddddd; font-size: 11px;\">Xtream Markets Ltd Regulatory<\/span><\/a><\/p>\n<p>[\/vc_column_text][\/vc_column_inner][\/vc_row_inner][\/vc_column][\/vc_row][vc_row full_width=&#8221;stretch_row&#8221; css=&#8221;.vc_custom_1683010784498{background-color: #000000 !important;}&#8221;][vc_column css=&#8221;.vc_custom_1612176059050{margin-bottom: 25px !important;}&#8221;][vc_row_inner][vc_column_inner width=&#8221;1\/2&#8243;][vc_btn title=&#8221;M\u1edf t\u00e0i kho\u1ea3n tr\u1ef1c ti\u1ebfp&#8221; style=&#8221;custom&#8221; custom_background=&#8221;#000000&#8243; custom_text=&#8221;#ffffff&#8221; shape=&#8221;square&#8221; align=&#8221;center&#8221; link=&#8221;url:https%3A%2F%2Fmy.xtreamforex.com%2FAccount%2FRegister.php||target:%20_blank|&#8221; el_class=&#8221;white_border black_btn&#8221;][\/vc_column_inner][vc_column_inner width=&#8221;1\/2&#8243;][vc_btn title=&#8221;M\u1edf t\u00e0i kho\u1ea3n demo&#8221; style=&#8221;custom&#8221; custom_background=&#8221;#000000&#8243; custom_text=&#8221;#ffffff&#8221; shape=&#8221;square&#8221; align=&#8221;center&#8221; link=&#8221;url:https%3A%2F%2Fmy.xtreamforex.com%2FAccount%2FRegister.php||target:%20_blank|&#8221; el_class=&#8221;white_border black_btn&#8221;][\/vc_column_inner][\/vc_row_inner][\/vc_column][\/vc_row]<\/p>\n","protected":false},"excerpt":{"rendered":"<p>[vc_row full_width=&#8221;stretch_row&#8221; content_placement=&#8221;middle&#8221; css=&#8221;.vc_custom_1698319675499{position:relative !important; z-index:-111 !important; margin-top: 0px !important;margin-bottom: 0px !important;padding-top: 50px !important;padding-bottom: 30px !important;background-image: url(https:\/\/www.xtrememarkets.com\/ID\/wp-content\/uploads\/2023\/10\/LEGAL-DOCUMENTS.png) !important;background-position: center !important;background-repeat: no-repeat !important;background-size: cover !important;}&#8221;][vc_column css=&#8221;.vc_custom_1698319593712{padding-top: 50px !important;padding-bottom: 50px !important;background-position: center !important;background-repeat: no-repeat !important;background-size: cover !important;}&#8221;][vc_column_text css=&#8221;.vc_custom_1698319516600{padding-top: 20px !important;padding-bottom: 20px !important;}&#8221;] T\u00c0I LI\u1ec6U H\u1ee2P PH\u00c1P [\/vc_column_text][\/vc_column][\/vc_row][vc_row full_width=&#8221;stretch_row_content_no_spaces&#8221; css=&#8221;.vc_custom_1683009243951{padding-top: 0px !important;padding-bottom: 0px !important;background-image: url(https:\/\/www.xtrememarkets.com\/ID\/wp-content\/uploads\/2023\/05\/banner_background1.webp?id=19590) !important;background-position: center !important;background-repeat:<\/p>\n... <a href=\"https:\/\/www.xtrememarkets.com\/ID\/vi\/legal-documents-vietnam\/\">continue reading<\/a>.","protected":false},"author":1,"featured_media":0,"parent":0,"menu_order":0,"comment_status":"closed","ping_status":"closed","template":"","meta":[],"yoast_head":"<!-- This site is optimized with the Yoast SEO Premium plugin v16.1 - https:\/\/yoast.com\/wordpress\/plugins\/seo\/ -->\r\n<title>Our Legal Documents | Xtream Forex | Forex Market<\/title>\r\n<meta name=\"description\" content=\"Read all policies, declaration, copyrights, rules &amp; regulations of Xtream Forex before registering to understand the implications of trading with the broker. For more details emails us at support@xtreamforex.com\" \/>\r\n<link rel=\"canonical\" href=\"https:\/\/www.xtrememarkets.com\/ID\/vi\/legal-documents-vietnam\/\" \/>\r\n<meta property=\"og:locale\" content=\"en_US\" \/>\r\n<meta property=\"og:type\" content=\"article\" \/>\r\n<meta property=\"og:title\" content=\"Our Legal Documents | Xtream Forex | Forex Market\" \/>\r\n<meta property=\"og:description\" content=\"Read all policies, declaration, copyrights, rules &amp; regulations of Xtream Forex before registering to understand the implications of trading with the broker. For more details emails us at support@xtreamforex.com\" \/>\r\n<meta property=\"og:url\" content=\"https:\/\/www.xtrememarkets.com\/ID\/vi\/legal-documents-vietnam\/\" \/>\r\n<meta property=\"og:site_name\" content=\"Xtreme Markets\" \/>\r\n<meta property=\"article:publisher\" content=\"https:\/\/www.facebook.com\/xtreamforex.official\/\" \/>\r\n<meta property=\"article:modified_time\" content=\"2024-02-27T13:46:48+00:00\" \/>\r\n<meta property=\"og:image\" content=\"https:\/\/www.xtrememarkets.com\/wp-content\/uploads\/2023\/07\/link-banner.jpg\" \/>\r\n<meta name=\"twitter:card\" content=\"summary_large_image\" \/>\r\n<meta name=\"twitter:site\" content=\"@xtreamforex\" \/>\r\n<meta name=\"twitter:label1\" content=\"Est. reading time\">\n\t<meta name=\"twitter:data1\" content=\"5 minutes\">\r\n<script type=\"application\/ld+json\" class=\"yoast-schema-graph\">{\"@context\":\"https:\/\/schema.org\",\"@graph\":[{\"@type\":[\"Organization\",\"Place\"],\"@id\":\"https:\/\/www.xtrememarkets.com\/ID\/#organization\",\"name\":\"Xtreamforex\",\"url\":\"https:\/\/www.xtrememarkets.com\/ID\/\",\"sameAs\":[\"https:\/\/www.facebook.com\/xtreamforex.official\/\",\"https:\/\/www.instagram.com\/xtreamforex.official\/\",\"https:\/\/in.linkedin.com\/company\/xtream-forex\",\"https:\/\/www.youtube.com\/channel\/UCbbTuJV9XhurjZciRLdvFBg\",\"https:\/\/www.pinterest.com\/xtreamforex_trading\/\",\"https:\/\/twitter.com\/xtreamforex\"],\"logo\":{\"@id\":\"https:\/\/www.xtrememarkets.com\/ID\/vi\/legal-documents-vietnam\/#local-main-organization-logo\"},\"image\":{\"@id\":\"https:\/\/www.xtrememarkets.com\/ID\/vi\/legal-documents-vietnam\/#local-main-organization-logo\"},\"openingHoursSpecification\":[{\"@type\":\"OpeningHoursSpecification\",\"dayOfWeek\":[\"Monday\",\"Tuesday\",\"Wednesday\",\"Thursday\",\"Friday\",\"Saturday\",\"Sunday\"],\"opens\":\"09:00\",\"closes\":\"17:00\"}]},{\"@type\":\"WebSite\",\"@id\":\"https:\/\/www.xtrememarkets.com\/ID\/#website\",\"url\":\"https:\/\/www.xtrememarkets.com\/ID\/\",\"name\":\"Xtreme Markets\",\"description\":\"\",\"publisher\":{\"@id\":\"https:\/\/www.xtrememarkets.com\/ID\/#organization\"},\"potentialAction\":[{\"@type\":\"SearchAction\",\"target\":\"https:\/\/www.xtrememarkets.com\/ID\/?s={search_term_string}\",\"query-input\":\"required name=search_term_string\"}],\"inLanguage\":\"en-US\"},{\"@type\":\"ImageObject\",\"@id\":\"https:\/\/www.xtrememarkets.com\/ID\/vi\/legal-documents-vietnam\/#primaryimage\",\"inLanguage\":\"en-US\",\"url\":\"\",\"contentUrl\":\"\"},{\"@type\":\"WebPage\",\"@id\":\"https:\/\/www.xtrememarkets.com\/ID\/vi\/legal-documents-vietnam\/#webpage\",\"url\":\"https:\/\/www.xtrememarkets.com\/ID\/vi\/legal-documents-vietnam\/\",\"name\":\"Our Legal Documents | Xtream Forex | Forex Market\",\"isPartOf\":{\"@id\":\"https:\/\/www.xtrememarkets.com\/ID\/#website\"},\"primaryImageOfPage\":{\"@id\":\"https:\/\/www.xtrememarkets.com\/ID\/vi\/legal-documents-vietnam\/#primaryimage\"},\"datePublished\":\"2020-05-15T07:02:50+00:00\",\"dateModified\":\"2024-02-27T13:46:48+00:00\",\"description\":\"Read all policies, declaration, copyrights, rules & regulations of Xtream Forex before registering to understand the implications of trading with the broker. For more details emails us at support@xtreamforex.com\",\"breadcrumb\":{\"@id\":\"https:\/\/www.xtrememarkets.com\/ID\/vi\/legal-documents-vietnam\/#breadcrumb\"},\"inLanguage\":\"en-US\",\"potentialAction\":[{\"@type\":\"ReadAction\",\"target\":[\"https:\/\/www.xtrememarkets.com\/ID\/vi\/legal-documents-vietnam\/\"]}]},{\"@type\":\"BreadcrumbList\",\"@id\":\"https:\/\/www.xtrememarkets.com\/ID\/vi\/legal-documents-vietnam\/#breadcrumb\",\"itemListElement\":[{\"@type\":\"ListItem\",\"position\":1,\"item\":{\"@type\":\"WebPage\",\"@id\":\"https:\/\/www.xtrememarkets.com\/\",\"url\":\"https:\/\/www.xtrememarkets.com\/\",\"name\":\"Home\"}},{\"@type\":\"ListItem\",\"position\":2,\"item\":{\"@type\":\"WebPage\",\"@id\":\"https:\/\/www.xtrememarkets.com\/ID\/vi\/legal-documents-vietnam\/\",\"url\":\"https:\/\/www.xtrememarkets.com\/ID\/vi\/legal-documents-vietnam\/\",\"name\":\"Legal Documents\"}}]},{\"@type\":\"ImageObject\",\"@id\":\"https:\/\/www.xtrememarkets.com\/ID\/vi\/legal-documents-vietnam\/#local-main-organization-logo\",\"inLanguage\":\"en-US\",\"url\":\"https:\/\/www.xtrememarkets.com\/ID\/wp-content\/uploads\/2024\/02\/image_2024_02_23T12_39_46_331Z.png\",\"contentUrl\":\"https:\/\/www.xtrememarkets.com\/ID\/wp-content\/uploads\/2024\/02\/image_2024_02_23T12_39_46_331Z.png\",\"width\":800,\"height\":500,\"caption\":\"Xtreamforex\"}]}<\/script>\r\n<!-- \/ Yoast SEO Premium plugin. -->","_links":{"self":[{"href":"https:\/\/www.xtrememarkets.com\/ID\/wp-json\/wp\/v2\/pages\/26256"}],"collection":[{"href":"https:\/\/www.xtrememarkets.com\/ID\/wp-json\/wp\/v2\/pages"}],"about":[{"href":"https:\/\/www.xtrememarkets.com\/ID\/wp-json\/wp\/v2\/types\/page"}],"author":[{"embeddable":true,"href":"https:\/\/www.xtrememarkets.com\/ID\/wp-json\/wp\/v2\/users\/1"}],"replies":[{"embeddable":true,"href":"https:\/\/www.xtrememarkets.com\/ID\/wp-json\/wp\/v2\/comments?post=26256"}],"version-history":[{"count":5,"href":"https:\/\/www.xtrememarkets.com\/ID\/wp-json\/wp\/v2\/pages\/26256\/revisions"}],"predecessor-version":[{"id":26821,"href":"https:\/\/www.xtrememarkets.com\/ID\/wp-json\/wp\/v2\/pages\/26256\/revisions\/26821"}],"wp:attachment":[{"href":"https:\/\/www.xtrememarkets.com\/ID\/wp-json\/wp\/v2\/media?parent=26256"}],"curies":[{"name":"wp","href":"https:\/\/api.w.org\/{rel}","templated":true}]}}