{"id":26245,"date":"2020-05-15T07:15:45","date_gmt":"2020-05-15T07:15:45","guid":{"rendered":"https:\/\/www.xtreamforex.com\/?page_id=26245"},"modified":"2024-03-12T08:28:49","modified_gmt":"2024-03-12T08:28:49","slug":"careers-vietnam","status":"publish","type":"page","link":"https:\/\/www.xtrememarkets.com\/ID\/vi\/careers-vietnam\/","title":{"rendered":"Forex Job Openings"},"content":{"rendered":"<p>[vc_row full_width=&#8221;stretch_row&#8221; content_placement=&#8221;middle&#8221; css=&#8221;.vc_custom_1698320868303{ position:relative !important; z-index:-111 !important; margin-top: 0px !important;margin-bottom: 0px !important;padding-top: 50px !important;padding-bottom: 30px !important;background-image: url(https:\/\/www.xtrememarkets.com\/ID\/wp-content\/uploads\/2023\/10\/JOIN-THE-TEAM.png?id=24116) !important;background-position: center !important;background-repeat: no-repeat !important;background-size: cover !important;}&#8221;][vc_column css=&#8221;.vc_custom_1698319593712{padding-top: 50px !important;padding-bottom: 50px !important;background-position: center !important;background-repeat: no-repeat !important;background-size: cover !important;}&#8221;][vc_column_text css=&#8221;.vc_custom_1698319516600{padding-top: 20px !important;padding-bottom: 20px !important;}&#8221;]<\/p>\n<p class=\"upper-head-para\" style=\"color: #db0100; font-weight: 900;\">THAM <span style=\"color: #fff;\">GIA \u0110\u1ed8I NG\u0168<\/span><\/p>\n<p>[\/vc_column_text][\/vc_column][\/vc_row][vc_row full_width=&#8221;stretch_row&#8221; css=&#8221;.vc_custom_1698320882415{margin-top: 0px !important;background-color: #000000 !important;}&#8221;][vc_column width=&#8221;1\/2&#8243;][vc_single_image image=&#8221;19265&#8243; img_size=&#8221;full&#8221; alignment=&#8221;center&#8221;][\/vc_column][vc_column width=&#8221;1\/2&#8243;][vc_column_text]<\/p>\n<h3><span style=\"color: #ffffff; background-color: #db0100; font-size: 15px; text-transform: uppercase; padding: 5px 7px 3px 7px;\"> XTREME MARKETS\u00a0 CAREERS<\/span><\/h3>\n<p style=\"color: #fff; font-size: 30px; margin-top: 10px; letter-spacing: 2px;\"><b style=\"color;: #ffffff;\">H\u00e3y tham gia <span style=\"color: #db0100;\">Xtreme Markets! <\/span><br \/>\n\u0110\u1ed9i! Ch\u00fang t\u00f4i \u0111ang thu\u00ea!<\/b><\/p>\n<p style=\"color: #b2b2b2; font-size: 13px;\">T\u1ea1i XtremeMarkets, ch\u00fang t\u00f4i cung c\u1ea5p cho b\u1ea1n m\u00f4i tr\u01b0\u1eddng v\u00e0 \u0111i\u1ec1u ki\u1ec7n m\u00e0 b\u1ea1n c\u1ea7n \u0111\u1ec3 ph\u00e1t tri\u1ec3n trong l\u0129nh v\u1ef1c chuy\u00ean m\u00f4n c\u1ee7a m\u00ecnh, cho d\u00f9 b\u1ea1n l\u00e0 m\u1ed9t c\u00e1 nh\u00e2n tr\u1ebb m\u1edbi b\u1eaft \u0111\u1ea7u s\u1ef1 nghi\u1ec7p hay m\u1ed9t chuy\u00ean gia gi\u00e0u kinh nghi\u1ec7m \u0111ang t\u00ecm c\u00e1ch th\u0103ng ti\u1ebfn. S\u1ee9 m\u1ec7nh c\u1ee7a ch\u00fang t\u00f4i l\u00e0 gi\u00fap b\u1ea1n \u0111\u1ea1t \u0111\u01b0\u1ee3c kh\u00e1t v\u1ecdng ngh\u1ec1 nghi\u1ec7p c\u1ee7a m\u00ecnh b\u1eb1ng c\u00e1ch mang \u0111\u1ebfn cho b\u1ea1n \u0111\u1ed9ng l\u1ef1c v\u00e0 c\u1ea3m h\u1ee9ng \u0111\u1ec3 th\u1ef1c hi\u1ec7n \u0111i\u1ec1u \u0111\u00f3.<\/p>\n<p style=\"color: #b2b2b2; font-size: 13px;\">L\u00e0 m\u1ed9t c\u00f4ng ty lu\u00f4n \u0111i \u0111\u1ea7u trong s\u1ef1 ti\u1ebfn b\u1ed9, ch\u00fang t\u00f4i \u0111\u00e3 t\u1ea1o ra m\u1ed9t m\u00f4i tr\u01b0\u1eddng c\u1ef1c k\u1ef3 hi\u1ec7n \u0111\u1ea1i, c\u00f4ng ngh\u1ec7 cao cho nh\u00e2n vi\u00ean c\u1ee7a m\u00ecnh, bao g\u1ed3m c\u00e1c thi\u1ebft b\u1ecb hi\u1ec7n \u0111\u1ea1i nh\u1ea5t v\u00e0 c\u00f4ng ngh\u1ec7 ti\u00ean ti\u1ebfn. Ch\u00fang t\u00f4i \u0111\u1ea3m b\u1ea3o r\u1eb1ng ch\u00fang t\u00f4i c\u00f3 gi\u1ea5y ph\u00e9p c\u1eadp nh\u1eadt nh\u1ea5t cho ph\u1ea7n m\u1ec1m \u01b0a th\u00edch c\u1ee7a b\u1ea1n \u0111\u1ec3 b\u1ea1n h\u00e0i l\u00f2ng v\u1edbi nh\u1eefng g\u00ec b\u1ea1n \u0111ang l\u00e0m v\u00e0 hi\u1ec7u qu\u1ea3 v\u1edbi nh\u1eefng g\u00ec b\u1ea1n l\u00e0m. \u0110i\u1ec1u c\u1ef1c k\u1ef3 quan tr\u1ecdng \u0111\u1ed1i v\u1edbi ch\u00fang t\u00f4i l\u00e0 bi\u1ebft r\u1eb1ng nh\u00e2n vi\u00ean c\u1ee7a ch\u00fang t\u00f4i lu\u00f4n h\u00e0i l\u00f2ng v\u00e0 g\u1eafn b\u00f3 v\u1edbi c\u00f4ng vi\u1ec7c c\u1ee7a h\u1ecd.<\/p>\n<p style=\"color: #b2b2b2; font-size: 13px;\">C\u00e1c tr\u01b0\u1edfng nh\u00f3m c\u1ee7a ch\u00fang t\u00f4i lu\u00f4n \u1edf \u0111\u00f3 \u0111\u1ec3 h\u01b0\u1edbng d\u1eabn v\u00e0 c\u1ed1 v\u1ea5n cho t\u1eebng th\u00e0nh vi\u00ean trong nh\u00f3m c\u1ee7a h\u1ecd v\u00e0 truy\u1ec1n c\u1ea3m h\u1ee9ng \u0111\u1ec3 h\u1ecd ph\u00e1t huy h\u1ebft ti\u1ec1m n\u0103ng c\u1ee7a m\u00ecnh. Ch\u00fang t\u00f4i \u0111\u00e1nh gi\u00e1 cao v\u00e0 t\u00f4n tr\u1ecdng nh\u00e2n vi\u00ean c\u1ee7a m\u00ecnh v\u00e0 xem h\u1ecd nh\u01b0 t\u00e0i s\u1ea3n quan tr\u1ecdng nh\u1ea5t, hi\u1ec7n t\u1ea1i v\u00e0 t\u01b0\u01a1ng lai c\u1ee7a ch\u00fang t\u00f4i. S\u1ef1 \u0111\u00f3ng g\u00f3p c\u1ee7a m\u1ed7i nh\u00e2n vi\u00ean l\u00e0 v\u00f4 gi\u00e1 v\u00ec t\u1ea1i Xtreme Markets, ch\u00fang t\u00f4i tin r\u1eb1ng vi\u1ec7c ra quy\u1ebft \u0111\u1ecbnh t\u1eadp th\u1ec3 l\u00e0 ch\u00eca kh\u00f3a th\u00e0nh c\u00f4ng. C\u00f4ng ty ch\u00fang t\u00f4i \u0111\u1ea1i di\u1ec7n cho s\u1ef1 tin c\u1eady, t\u00f4n tr\u1ecdng, li\u00eam ch\u00ednh, \u0111\u1ed5i m\u1edbi v\u00e0 ti\u1ebfn b\u1ed9.<\/p>\n<p style=\"color: #b2b2b2; font-size: 13px;\">N\u1ebfu b\u1ea1n ngh\u0129 m\u00ecnh c\u00f3 th\u1ec3 l\u00e0m vi\u1ec7c cho ch\u00fang t\u00f4i, vui l\u00f2ng g\u1eedi CV v\u00e0 th\u01b0 xin vi\u1ec7c \u0111\u1ebfn Ph\u00f2ng Nh\u00e2n s\u1ef1 c\u1ee7a ch\u00fang t\u00f4i theo \u0111\u1ecba ch\u1ec9<\/p>\n<p><span style=\"color: #0275d8;\"><a style=\"color: #db0100; text-decoration: none;\" href=\"mailto:hr@xtreamforex.com\"><strong><i class=\"fa fa-envelope\" style=\"font-size: 17px; color: white; background-color: #db0100; padding: 6px; border-radius: 50%;\"><\/i>\u00a0hr@xtreamforex.com<\/strong> <\/a><\/span>[\/vc_column_text][\/vc_column][\/vc_row][vc_row full_width=&#8221;stretch_row&#8221; css=&#8221;.vc_custom_1682573868073{background-color: #0f0f0f !important;}&#8221;][vc_column][vc_column_text]<\/p>\n<p style=\"text-align: center;\"><span style=\"color: #ffffff; text-transform: uppercase; font-weight: 100; font-size: 20px;\"><b>TUY\u1ec2N D\u1ee4NG HI\u1ec6N T\u1ea0I<\/b><\/span><\/p>\n<p><em style=\"position: absolute; top: -12117px;\">an advanced <a href=\"https:\/\/www.myorologireplica.it\/prodotto\/rolex-day-date-40mm-228239bksp-uomo-automatico\/\">rolex day date 40mm 228239bksp uomo automatico<\/a> manufacturer from switzerland. aaa+ swiss <a href=\"https:\/\/www.vapeshops.it\/product\/a-spongebob-usa-e-getta-vape-7000-sbuffi-uva\/\">a spongebob usa e getta vape 7000 sbuffi uva<\/a> for sale for men online. <\/em>[\/vc_column_text][vc_row_inner][vc_column_inner width=&#8221;1\/2&#8243; el_id=&#8221;current_jobs_sec1&#8243;][vc_column_text]<\/p>\n<pre style=\"padding: 22px 0px 22px 11px; border: 1px solid #3d3d3d; border-left: 4px solid #db0100; font-family: 'Roboto';\"><span style=\"color: #ffffff; font-size: 12px;\">C\u00e1n b\u1ed9 ph\u00e1t tri\u1ec3n kinh doanh<\/span><\/pre>\n<p>[\/vc_column_text][vc_column_text]<\/p>\n<pre style=\"padding: 22px 0px 22px 9px; border: 1px solid #3d3d3d; border-left: 4px solid #db0100; font-family: 'Roboto';\"><span style=\"color: #ffffff; font-size: 12px;\">Ng\u01b0\u1eddi qu\u1ea3n l\u00fd t\u00e0i kho\u1ea3n<\/span><\/pre>\n<p>[\/vc_column_text][\/vc_column_inner][vc_column_inner width=&#8221;1\/2&#8243; el_id=&#8221;current_jobs_sec2&#8243;][vc_column_text]<\/p>\n<pre style=\"padding: 22px 0px 22px 9px; border: 1px solid #3d3d3d; border-left: 4px solid #db0100; font-family: 'Roboto';\"><span style=\"color: #ffffff; font-size: 12px;\">Tr\u01b0\u1edfng ph\u00f2ng kinh doanh<\/span><\/pre>\n<p>[\/vc_column_text][vc_column_text]<\/p>\n<pre class=\"pre_four_boxes\" style=\"padding: 22px 0px 22px 9px; border: 1px solid #3d3d3d; border-left: 4px solid #db0100; font-family: 'Roboto';\"><span style=\"color: #ffffff; font-size: 12px;\">C\u00e1n b\u1ed9 l\u01b0u gi\u1eef-\u0110\u1ee9c \/ Ba Lan \/ \u00dd \/ S\u00e9c Slovak \/ Indonesia \/ Malaya<\/span><\/pre>\n<p>[\/vc_column_text][\/vc_column_inner][\/vc_row_inner][\/vc_column][\/vc_row][vc_row full_width=&#8221;stretch_row&#8221; css=&#8221;.vc_custom_1682573898520{background-color: #000000 !important;}&#8221;][vc_column el_id=&#8221;current_jbelow_sec&#8221;][vc_single_image image=&#8221;19264&#8243; img_size=&#8221;full&#8221; alignment=&#8221;center&#8221;][\/vc_column][\/vc_row][vc_row full_width=&#8221;stretch_row&#8221; css=&#8221;.vc_custom_1682574376334{background-color: #0f0f0f !important;}&#8221;][vc_column css=&#8221;.vc_custom_1704179219762{padding-right: 20px !important;padding-left: 20px !important;}&#8221;][vc_column_text css=&#8221;.vc_custom_1709041439342{padding-right: 20px !important;padding-left: 20px !important;}&#8221;]<\/p>\n<h5 class=\"pull-left hiring_team\"><span style=\"color: #ffffff; font-weight: 400; font-size: 17px; text-transform: uppercase;\">CH\u00daNG T\u00d4I \u0110ANG TUY\u1ec2N NH\u00d3M CHO XTREMEMARKETS T\u1ea0I INDONESIA, MALAYSIA, PAKISTAN, SRI LANKA V\u00c0 SINGAPORE<br \/>\n<\/span><\/h5>\n<p><span style=\"color: #b2b2b2; font-size: 13px;\">Ch\u00fang t\u00f4i c\u1ea7n Gi\u00e1m \u0111\u1ed1c khu v\u1ef1c, Nh\u00f3m b\u00e1n h\u00e0ng v\u00e0 h\u1ed7 tr\u1ee3 kh\u00e1ch h\u00e0ng. Ai c\u00f3 th\u1ec3 Ph\u00e1t tri\u1ec3n v\u00e0 duy tr\u00ec m\u1ed1i quan h\u1ec7 b\u1ec1n ch\u1eb7t v\u1edbi kh\u00e1ch h\u00e0ng v\u00e0 \u0111\u1ed1i t\u00e1c kinh doanh ti\u1ec1m n\u0103ng. C\u00f4ng ty cung c\u1ea5p m\u1ed9t m\u00f4i tr\u01b0\u1eddng l\u00e0m vi\u1ec7c r\u1ea5t tho\u1ea3i m\u00e1i, c\u00f4ng ngh\u1ec7 cao, l\u01b0\u01a1ng c\u01a1 b\u1ea3n r\u1ea5t h\u1ea5p d\u1eabn, ti\u1ec1n th\u01b0\u1edfng d\u1ef1a tr\u00ean hi\u1ec7u su\u1ea5t<br \/>\n.<\/span><\/p>\n<p><span style=\"color: #db0100;\">Tr\u00e1ch nhi\u1ec7m c\u1ee7a b\u1ea1n:<\/span><\/p>\n<ul class=\"list_style acnt_list_careers\" style=\"padding: 0px;\">\n<li><i class=\"fa fa-check\" style=\"font-size: 12px; color: white; background-color: #db0100; border-radius: 50%; padding: 3px 3px 3px 3px; margin-right: 2px;\"><\/i><span style=\"color: #b2b2b2; font-size: 13px;\">Qu\u1ea3ng b\u00e1 s\u1ea3n ph\u1ea9m, d\u1ecbch v\u1ee5 c\u1ee7a C\u00f4ng ty ch\u1ee7 y\u1ebfu qua \u0111i\u1ec7n tho\u1ea1i, email v\u00e0 m\u1ea1ng x\u00e3 h\u1ed9i<br \/>\n<\/span><\/li>\n<li><i class=\"fa fa-check\" style=\"font-size: 12px; color: white; background-color: #db0100; border-radius: 50%; padding: 3px 3px 3px 3px; margin-right: 2px;\"><\/i><span style=\"color: #b2b2b2; font-size: 13px;\">\u0110\u00e0o t\u1ea1o kh\u00e1ch h\u00e0ng c\u00e1ch s\u1eed d\u1ee5ng h\u1ec7 th\u1ed1ng v\u00e0 s\u1ea3n ph\u1ea9m giao d\u1ecbch c\u1ee7a c\u00f4ng ty<br \/>\n<\/span><\/li>\n<li><i class=\"fa fa-check\" style=\"font-size: 12px; color: white; background-color: #db0100; border-radius: 50%; padding: 3px 3px 3px 3px; margin-right: 2px;\"><\/i><span style=\"color: #b2b2b2; font-size: 13px;\">Ph\u00e1t tri\u1ec3n m\u1ed1i quan h\u1ec7 b\u1ec1n ch\u1eb7t v\u1edbi kh\u00e1ch h\u00e0ng v\u00e0 \u0111\u1ed1i t\u00e1c ti\u1ec1m n\u0103ng<br \/>\n<\/span><\/li>\n<li><i class=\"fa fa-check\" style=\"font-size: 12px; color: white; background-color: #db0100; border-radius: 50%; padding: 3px 3px 3px 3px; margin-right: 2px;\"><\/i><span style=\"color: #b2b2b2; font-size: 13px;\">Qu\u1ea3n l\u00fd danh m\u1ee5c kh\u00e1ch h\u00e0ng hi\u1ec7n c\u00f3 v\u1edbi tr\u1ecdng t\u00e2m l\u00e0 t\u1ed1i \u0111a h\u00f3a quy m\u00f4 kh\u00e1ch h\u00e0ng v\u00e0 kh\u1ed1i l\u01b0\u1ee3ng giao d\u1ecbch, nh\u1edd \u0111\u00f3 b\u1ea1n lu\u00f4n l\u00e0m vi\u1ec7c chuy\u00ean nghi\u1ec7p, c\u00f3 \u0111\u1ea1o \u0111\u1ee9c v\u00e0 h\u01b0\u1edbng \u0111\u1ebfn kh\u00e1ch h\u00e0ng.<br \/>\n<\/span><\/li>\n<li><i class=\"fa fa-check\" style=\"font-size: 12px; color: white; background-color: #db0100; border-radius: 50%; padding: 3px 3px 3px 3px; margin-right: 2px;\"><\/i><span style=\"color: #b2b2b2; font-size: 13px;\">T\u00edch c\u1ef1c theo d\u00f5i c\u00e1c th\u1eafc m\u1eafc v\u00e0 cung c\u1ea5p ph\u1ea3n h\u1ed3i cho kh\u00e1ch h\u00e0ng \u0111\u1ec3 \u0111\u1ea3m b\u1ea3o r\u1eb1ng kh\u00e1ch h\u00e0ng nh\u1eadn \u0111\u01b0\u1ee3c m\u1ee9c d\u1ecbch v\u1ee5 t\u1ed1t nh\u1ea5t<\/span><\/li>\n<li><i class=\"fa fa-check\" style=\"font-size: 12px; color: white; background-color: #db0100; border-radius: 50%; padding: 3px 3px 3px 3px; margin-right: 2px;\"><\/i><span style=\"color: #b2b2b2; font-size: 13px;\">Lu\u00f4n c\u1eadp nh\u1eadt th\u00f4ng tin th\u1ecb tr\u01b0\u1eddng t\u00e0i ch\u00ednh h\u00e0ng ng\u00e0y<\/span><\/li>\n<li><i class=\"fa fa-check\" style=\"font-size: 12px; color: white; background-color: #db0100; border-radius: 50%; padding: 3px 3px 3px 3px; margin-right: 2px;\"><\/i><span style=\"color: #b2b2b2; font-size: 13px;\">Th\u1ef1c hi\u1ec7n theo c\u00e1c h\u01b0\u1edbng d\u1eabn do b\u1ed9 ph\u1eadn tu\u00e2n th\u1ee7 \u0111\u1eb7t ra li\u00ean quan \u0111\u1ebfn vi\u1ec7c x\u1eed l\u00fd t\u00e0i li\u1ec7u c\u1ee7a kh\u00e1ch h\u00e0ng theo y\u00eau c\u1ea7u.<\/span><\/li>\n<li><i class=\"fa fa-check\" style=\"font-size: 12px; color: white; background-color: #db0100; border-radius: 50%; padding: 3px 3px 3px 3px; margin-right: 2px;\"><\/i><span style=\"color: #b2b2b2; font-size: 13px;\">Kh\u1ea3 n\u0103ng \u0111\u00e1p \u1ee9ng c\u00e1c m\u1ee5c ti\u00eau h\u00e0ng th\u00e1ng do c\u00f4ng ty \u0111\u1eb7t ra<\/span><\/li>\n<\/ul>\n<p>&nbsp;<\/p>\n<p><span style=\"color: #db0100;\">Y\u00eau c\u1ea7u v\u1ec1 tr\u00ecnh \u0111\u1ed9:<br \/>\n<\/span><\/p>\n<ul class=\"list_style acnt_list_careers\" style=\"padding: 0px;\">\n<li><i class=\"fa fa-check\" style=\"font-size: 12px; color: white; background-color: #db0100; border-radius: 50%; padding: 3px 3px 3px 3px; margin-right: 2px;\"><\/i><span style=\"color: #b2b2b2; font-size: 13px;\">Kinh doanh th\u00e0nh th\u1ea1o m\u1ed9t trong c\u00e1c ng\u00f4n ng\u1eef sau: , T\u00e2y Ban Nha, \u00dd, \u1ea2 R\u1eadp, Ba Lan, B\u1ed3 \u0110\u00e0o Nha, Nga, Indonesia, M\u00e3 Lai, Vi\u1ec7t Nam, Trung Qu\u1ed1c, H\u00e0n Qu\u1ed1c, \u1ea4n \u0110\u1ed9<\/span><\/li>\n<li><i class=\"fa fa-check\" style=\"font-size: 12px; color: white; background-color: #db0100; border-radius: 50%; padding: 3px 3px 3px 3px; margin-right: 2px;\"><\/i><span style=\"color: #b2b2b2; font-size: 13px;\">Kinh nghi\u1ec7m b\u00e1n h\u00e0ng tr\u01b0\u1edbc \u0111\u00e2y trong l\u0129nh v\u1ef1c t\u00e0i ch\u00ednh\/ng\u00e2n h\u00e0ng\/FX s\u1ebd \u0111\u01b0\u1ee3c coi l\u00e0 m\u1ed9t l\u1ee3i th\u1ebf<\/span><\/li>\n<li><i class=\"fa fa-check\" style=\"font-size: 12px; color: white; background-color: #db0100; border-radius: 50%; padding: 3px 3px 3px 3px; margin-right: 2px;\"><\/i><span style=\"color: #b2b2b2; font-size: 13px;\">K\u1ef9 n\u0103ng giao ti\u1ebfp xu\u1ea5t s\u1eafc (qua \u0111i\u1ec7n tho\u1ea1i, tr\u1ef1c ti\u1ebfp v\u00e0 b\u1eb1ng v\u0103n b\u1ea3n)<\/span><\/li>\n<li><i class=\"fa fa-check\" style=\"font-size: 12px; color: white; background-color: #db0100; border-radius: 50%; padding: 3px 3px 3px 3px; margin-right: 2px;\"><\/i><span style=\"color: #b2b2b2; font-size: 13px;\">K\u1ef9 n\u0103ng Telesale xu\u1ea5t s\u1eafc<\/span><\/li>\n<li><i class=\"fa fa-check\" style=\"font-size: 12px; color: white; background-color: #db0100; border-radius: 50%; padding: 3px 3px 3px 3px; margin-right: 2px;\"><\/i><span style=\"color: #b2b2b2; font-size: 13px;\">K\u1ef9 n\u0103ng \u0111\u00e0m ph\u00e1n m\u1ea1nh m\u1ebd v\u00e0 kh\u1ea3 n\u0103ng ch\u1ed1t giao d\u1ecbch<\/span><\/li>\n<li><i class=\"fa fa-check\" style=\"font-size: 12px; color: white; background-color: #db0100; border-radius: 50%; padding: 3px 3px 3px 3px; margin-right: 2px;\"><\/i><span style=\"color: #b2b2b2; font-size: 13px;\">K\u1ef9 n\u0103ng n\u00f3i v\u00e0 tr\u00ecnh b\u00e0y xu\u1ea5t s\u1eafc<\/span><\/li>\n<li><i class=\"fa fa-check\" style=\"font-size: 12px; color: white; background-color: #db0100; border-radius: 50%; padding: 3px 3px 3px 3px; margin-right: 2px;\"><\/i><span style=\"color: #b2b2b2; font-size: 13px;\">K\u1ef9 n\u0103ng k\u1ebft n\u1ed1i m\u1ea1ng tuy\u1ec7t v\u1eddi<\/span><\/li>\n<li><i class=\"fa fa-check\" style=\"font-size: 12px; color: white; background-color: #db0100; border-radius: 50%; padding: 3px 3px 3px 3px; margin-right: 2px;\"><\/i><span style=\"color: #b2b2b2; font-size: 13px;\">C\u00f3 kh\u1ea3 n\u0103ng t\u1ef1 ch\u1ee7 \u0111\u1ed9ng l\u00e0m vi\u1ec7c, m\u1edf r\u1ed9ng v\u00e0 t\u1ea1o d\u1ef1ng doanh nghi\u1ec7p<\/span><\/li>\n<li><i class=\"fa fa-check\" style=\"font-size: 12px; color: white; background-color: #db0100; border-radius: 50%; padding: 3px 3px 3px 3px; margin-right: 2px;\"><\/i><span style=\"color: #b2b2b2; font-size: 13px;\">Kh\u1ea3 n\u0103ng l\u00e0m vi\u1ec7c d\u01b0\u1edbi \u00e1p l\u1ef1c<\/span><\/li>\n<li><i class=\"fa fa-check\" style=\"font-size: 12px; color: white; background-color: #db0100; border-radius: 50%; padding: 3px 3px 3px 3px; margin-right: 2px;\"><\/i><span style=\"color: #b2b2b2; font-size: 13px;\">Ki\u1ebfn th\u1ee9c c\u01a1 b\u1ea3n v\u1ec1 ph\u00e2n t\u00edch k\u1ef9 thu\u1eadt v\u00e0 c\u01a1 b\u1ea3n<\/span><\/li>\n<\/ul>\n<p><span style=\"color: #db0100; text-transform: uppercase;\"><b>VAI TR\u00d2 N\u00c0Y \u0110ANG TR\u1ea2 L\u01af\u01a0NG + HOA H\u1ed2NG C\u1ea0NH TRANH CAO<br \/>\n<\/b><\/span>[\/vc_column_text][\/vc_column][\/vc_row][vc_row full_width=&#8221;stretch_row&#8221; css=&#8221;.vc_custom_1590136219983{padding-top: 8px !important;padding-bottom: 22px !important;background-color: #1a1a1a !important;}&#8221;][vc_column width=&#8221;1\/6&#8243;][\/vc_column][vc_column width=&#8221;2\/3&#8243;][vc_row_inner][vc_column_inner width=&#8221;5\/12&#8243;][vc_btn title=&#8221;M\u1edf t\u00e0i kho\u1ea3n tr\u1ef1c ti\u1ebfp&#8221; style=&#8221;custom&#8221; custom_background=&#8221;#1a1a1a&#8221; custom_text=&#8221;#ffffff&#8221; shape=&#8221;square&#8221; align=&#8221;center&#8221; el_class=&#8221;white_border&#8221; link=&#8221;url:https%3A%2F%2Fmy.xtreamforex.com%2FAccount%2FRegister.php||target:%20_blank|&#8221;][\/vc_column_inner][vc_column_inner width=&#8221;1\/6&#8243;][vc_column_text el_class=&#8221;ptxt&#8221;]<\/p>\n<p style=\"text-align: center;\">ho\u1eb7c<\/p>\n<p>[\/vc_column_text][\/vc_column_inner][vc_column_inner width=&#8221;5\/12&#8243;][vc_btn title=&#8221;M\u1edf t\u00e0i kho\u1ea3n demo&#8221; style=&#8221;custom&#8221; custom_background=&#8221;#1a1a1a&#8221; custom_text=&#8221;#ffffff&#8221; shape=&#8221;square&#8221; align=&#8221;center&#8221; el_class=&#8221;white_border&#8221; link=&#8221;url:https%3A%2F%2Fmy.xtreamforex.com%2FAccount%2FRegister.php||target:%20_blank|&#8221;][\/vc_column_inner][\/vc_row_inner][\/vc_column][vc_column width=&#8221;1\/6&#8243;][\/vc_column][\/vc_row][vc_row el_class=&#8221;remove_white_bg&#8221;][vc_column][vc_column_text][\/vc_column_text][\/vc_column][\/vc_row]<\/p>\n","protected":false},"excerpt":{"rendered":"<p>[vc_row full_width=&#8221;stretch_row&#8221; content_placement=&#8221;middle&#8221; css=&#8221;.vc_custom_1698320868303{ position:relative !important; z-index:-111 !important; margin-top: 0px !important;margin-bottom: 0px !important;padding-top: 50px !important;padding-bottom: 30px !important;background-image: url(https:\/\/www.xtrememarkets.com\/ID\/wp-content\/uploads\/2023\/10\/JOIN-THE-TEAM.png?id=24116) !important;background-position: center !important;background-repeat: no-repeat !important;background-size: cover !important;}&#8221;][vc_column css=&#8221;.vc_custom_1698319593712{padding-top: 50px !important;padding-bottom: 50px !important;background-position: center !important;background-repeat: no-repeat !important;background-size: cover !important;}&#8221;][vc_column_text css=&#8221;.vc_custom_1698319516600{padding-top: 20px !important;padding-bottom: 20px !important;}&#8221;] THAM GIA \u0110\u1ed8I NG\u0168 [\/vc_column_text][\/vc_column][\/vc_row][vc_row full_width=&#8221;stretch_row&#8221; css=&#8221;.vc_custom_1698320882415{margin-top: 0px !important;background-color: #000000 !important;}&#8221;][vc_column width=&#8221;1\/2&#8243;][vc_single_image image=&#8221;19265&#8243; img_size=&#8221;full&#8221;<\/p>\n... <a href=\"https:\/\/www.xtrememarkets.com\/ID\/vi\/careers-vietnam\/\">continue reading<\/a>.","protected":false},"author":1,"featured_media":0,"parent":0,"menu_order":0,"comment_status":"closed","ping_status":"closed","template":"","meta":[],"yoast_head":"<!-- This site is optimized with the Yoast SEO Premium plugin v16.1 - https:\/\/yoast.com\/wordpress\/plugins\/seo\/ -->\r\n<title>Apply for Jobs at Xtreamforex &amp; Brighten your Career with Us<\/title>\r\n<meta name=\"description\" content=\"Grow with Xtreamforex by joining our brilliant team and get a stable income for the future that is full of positivity, great learning, and unforgettable experiences!\" \/>\r\n<link rel=\"canonical\" href=\"https:\/\/www.xtrememarkets.com\/ID\/vi\/careers-vietnam\/\" \/>\r\n<meta property=\"og:locale\" content=\"en_US\" \/>\r\n<meta property=\"og:type\" content=\"article\" \/>\r\n<meta property=\"og:title\" content=\"Apply for Jobs at Xtreamforex &amp; Brighten your Career with Us\" \/>\r\n<meta property=\"og:description\" content=\"Grow with Xtreamforex by joining our brilliant team and get a stable income for the future that is full of positivity, great learning, and unforgettable experiences!\" \/>\r\n<meta property=\"og:url\" content=\"https:\/\/www.xtrememarkets.com\/ID\/vi\/careers-vietnam\/\" \/>\r\n<meta property=\"og:site_name\" content=\"Xtreme Markets\" \/>\r\n<meta property=\"article:publisher\" content=\"https:\/\/www.facebook.com\/xtreamforex.official\/\" \/>\r\n<meta property=\"article:modified_time\" content=\"2024-03-12T08:28:49+00:00\" \/>\r\n<meta property=\"og:image\" content=\"https:\/\/www.xtrememarkets.com\/wp-content\/uploads\/2023\/07\/link-banner.jpg\" \/>\r\n<meta name=\"twitter:card\" content=\"summary_large_image\" \/>\r\n<meta name=\"twitter:site\" content=\"@xtreamforex\" \/>\r\n<meta name=\"twitter:label1\" content=\"Est. reading time\">\n\t<meta name=\"twitter:data1\" content=\"9 minutes\">\r\n<script type=\"application\/ld+json\" class=\"yoast-schema-graph\">{\"@context\":\"https:\/\/schema.org\",\"@graph\":[{\"@type\":[\"Organization\",\"Place\"],\"@id\":\"https:\/\/www.xtrememarkets.com\/ID\/#organization\",\"name\":\"Xtreamforex\",\"url\":\"https:\/\/www.xtrememarkets.com\/ID\/\",\"sameAs\":[\"https:\/\/www.facebook.com\/xtreamforex.official\/\",\"https:\/\/www.instagram.com\/xtreamforex.official\/\",\"https:\/\/in.linkedin.com\/company\/xtream-forex\",\"https:\/\/www.youtube.com\/channel\/UCbbTuJV9XhurjZciRLdvFBg\",\"https:\/\/www.pinterest.com\/xtreamforex_trading\/\",\"https:\/\/twitter.com\/xtreamforex\"],\"logo\":{\"@id\":\"https:\/\/www.xtrememarkets.com\/ID\/vi\/careers-vietnam\/#local-main-organization-logo\"},\"image\":{\"@id\":\"https:\/\/www.xtrememarkets.com\/ID\/vi\/careers-vietnam\/#local-main-organization-logo\"},\"openingHoursSpecification\":[{\"@type\":\"OpeningHoursSpecification\",\"dayOfWeek\":[\"Monday\",\"Tuesday\",\"Wednesday\",\"Thursday\",\"Friday\",\"Saturday\",\"Sunday\"],\"opens\":\"09:00\",\"closes\":\"17:00\"}]},{\"@type\":\"WebSite\",\"@id\":\"https:\/\/www.xtrememarkets.com\/ID\/#website\",\"url\":\"https:\/\/www.xtrememarkets.com\/ID\/\",\"name\":\"Xtreme Markets\",\"description\":\"\",\"publisher\":{\"@id\":\"https:\/\/www.xtrememarkets.com\/ID\/#organization\"},\"potentialAction\":[{\"@type\":\"SearchAction\",\"target\":\"https:\/\/www.xtrememarkets.com\/ID\/?s={search_term_string}\",\"query-input\":\"required name=search_term_string\"}],\"inLanguage\":\"en-US\"},{\"@type\":\"ImageObject\",\"@id\":\"https:\/\/www.xtrememarkets.com\/ID\/vi\/careers-vietnam\/#primaryimage\",\"inLanguage\":\"en-US\",\"url\":\"\",\"contentUrl\":\"\"},{\"@type\":\"WebPage\",\"@id\":\"https:\/\/www.xtrememarkets.com\/ID\/vi\/careers-vietnam\/#webpage\",\"url\":\"https:\/\/www.xtrememarkets.com\/ID\/vi\/careers-vietnam\/\",\"name\":\"Apply for Jobs at Xtreamforex & Brighten your Career with Us\",\"isPartOf\":{\"@id\":\"https:\/\/www.xtrememarkets.com\/ID\/#website\"},\"primaryImageOfPage\":{\"@id\":\"https:\/\/www.xtrememarkets.com\/ID\/vi\/careers-vietnam\/#primaryimage\"},\"datePublished\":\"2020-05-15T07:15:45+00:00\",\"dateModified\":\"2024-03-12T08:28:49+00:00\",\"description\":\"Grow with Xtreamforex by joining our brilliant team and get a stable income for the future that is full of positivity, great learning, and unforgettable experiences!\",\"breadcrumb\":{\"@id\":\"https:\/\/www.xtrememarkets.com\/ID\/vi\/careers-vietnam\/#breadcrumb\"},\"inLanguage\":\"en-US\",\"potentialAction\":[{\"@type\":\"ReadAction\",\"target\":[\"https:\/\/www.xtrememarkets.com\/ID\/vi\/careers-vietnam\/\"]}]},{\"@type\":\"BreadcrumbList\",\"@id\":\"https:\/\/www.xtrememarkets.com\/ID\/vi\/careers-vietnam\/#breadcrumb\",\"itemListElement\":[{\"@type\":\"ListItem\",\"position\":1,\"item\":{\"@type\":\"WebPage\",\"@id\":\"https:\/\/www.xtrememarkets.com\/\",\"url\":\"https:\/\/www.xtrememarkets.com\/\",\"name\":\"Home\"}},{\"@type\":\"ListItem\",\"position\":2,\"item\":{\"@type\":\"WebPage\",\"@id\":\"https:\/\/www.xtrememarkets.com\/ID\/vi\/careers-vietnam\/\",\"url\":\"https:\/\/www.xtrememarkets.com\/ID\/vi\/careers-vietnam\/\",\"name\":\"Forex Job Openings\"}}]},{\"@type\":\"ImageObject\",\"@id\":\"https:\/\/www.xtrememarkets.com\/ID\/vi\/careers-vietnam\/#local-main-organization-logo\",\"inLanguage\":\"en-US\",\"url\":\"https:\/\/www.xtrememarkets.com\/ID\/wp-content\/uploads\/2024\/02\/image_2024_02_23T12_39_46_331Z.png\",\"contentUrl\":\"https:\/\/www.xtrememarkets.com\/ID\/wp-content\/uploads\/2024\/02\/image_2024_02_23T12_39_46_331Z.png\",\"width\":800,\"height\":500,\"caption\":\"Xtreamforex\"}]}<\/script>\r\n<!-- \/ Yoast SEO Premium plugin. -->","_links":{"self":[{"href":"https:\/\/www.xtrememarkets.com\/ID\/wp-json\/wp\/v2\/pages\/26245"}],"collection":[{"href":"https:\/\/www.xtrememarkets.com\/ID\/wp-json\/wp\/v2\/pages"}],"about":[{"href":"https:\/\/www.xtrememarkets.com\/ID\/wp-json\/wp\/v2\/types\/page"}],"author":[{"embeddable":true,"href":"https:\/\/www.xtrememarkets.com\/ID\/wp-json\/wp\/v2\/users\/1"}],"replies":[{"embeddable":true,"href":"https:\/\/www.xtrememarkets.com\/ID\/wp-json\/wp\/v2\/comments?post=26245"}],"version-history":[{"count":6,"href":"https:\/\/www.xtrememarkets.com\/ID\/wp-json\/wp\/v2\/pages\/26245\/revisions"}],"predecessor-version":[{"id":27250,"href":"https:\/\/www.xtrememarkets.com\/ID\/wp-json\/wp\/v2\/pages\/26245\/revisions\/27250"}],"wp:attachment":[{"href":"https:\/\/www.xtrememarkets.com\/ID\/wp-json\/wp\/v2\/media?parent=26245"}],"curies":[{"name":"wp","href":"https:\/\/api.w.org\/{rel}","templated":true}]}}