{"id":26203,"date":"2021-02-06T07:04:42","date_gmt":"2021-02-06T07:04:42","guid":{"rendered":"https:\/\/www.xtreamforex.com\/?page_id=26203"},"modified":"2024-01-05T07:14:06","modified_gmt":"2024-01-05T07:14:06","slug":"markets-vietnam","status":"publish","type":"page","link":"https:\/\/www.xtrememarkets.com\/ID\/vi\/markets-vietnam\/","title":{"rendered":"Trading Products"},"content":{"rendered":"<p>[vc_row full_width=&#8221;stretch_row&#8221; el_class=&#8221;forex_cont&#8221; css=&#8221;.vc_custom_1684838040873{background-color: #000000 !important;background-position: center !important;background-repeat: no-repeat !important;background-size: cover !important;}&#8221;][vc_column][vc_custom_heading text=&#8221;H\u1ee2P T\u00c1C V\u1edaI C\u00c1C NH\u00c0 M\u00d4I GI\u1edaI FOREX TR\u1ef0C TUY\u1ebeN \u0110\u01af\u1ee2C \u0110\u00c1NH GI\u00c1 H\u00c0NG \u0110\u1ea6U<br \/>\n&#8221; font_container=&#8221;tag:h5|text_align:center|color:%23ffffff&#8221; css=&#8221;.vc_custom_1704438840782{padding-bottom: 0px !important;}&#8221;][vc_row_inner el_class=&#8221;products&#8221; el_id=&#8221;forex_heading&#8221;][vc_column_inner width=&#8221;1\/2&#8243;][vc_column_text]<\/p>\n<h6 style=\"text-align: center !important;\"><span style=\"color: #ffffff; font-size: 20px; text-transform: capitalize;\">Forex<\/span><\/h6>\n<p>[\/vc_column_text][vc_single_image image=&#8221;19873&#8243; img_size=&#8221;full&#8221; alignment=&#8221;center&#8221; el_class=&#8221;products_img1&#8243;][vc_column_text el_class=&#8221;products_txt1&#8243;]<\/p>\n<p style=\"text-align: center !important;\"><span style=\"color: #ffffff; line-height: 2;\">Giao d\u1ecbch h\u01a1n 60 c\u1eb7p ti\u1ec1n t\u1ec7 Ch\u00ednh, Ph\u1ee5 v\u00e0<br \/>\nNgo\u1ea1i lai t\u1eeb 0,0 pip.<\/span><\/p>\n<p>[\/vc_column_text][vc_btn title=&#8221;Bi\u00eat nhi\u00eau h\u01a1n&#8221; style=&#8221;custom&#8221; custom_background=&#8221;#db0100&#8243; custom_text=&#8221;#ffffff&#8221; shape=&#8221;square&#8221; align=&#8221;center&#8221; link=&#8221;url:https%3A%2F%2Fxtreamforex.com%2Fforex%2F||target:%20_blank|&#8221; el_class=&#8221;products_btn1&#8243;][\/vc_column_inner][vc_column_inner el_class=&#8221;products_2&#8243; width=&#8221;1\/2&#8243;][vc_column_text]<\/p>\n<h6 style=\"text-align: center !important;\"><span style=\"color: #ffffff; font-size: 20px; text-transform: capitalize;\">Indices<\/span><\/h6>\n<p>[\/vc_column_text][vc_single_image image=&#8221;19874&#8243; img_size=&#8221;full&#8221; alignment=&#8221;center&#8221; el_class=&#8221;products_img2&#8243;][vc_column_text el_class=&#8221;products_txt2&#8243;]<\/p>\n<p style=\"text-align: center !important;\"><span style=\"color: #ffffff; line-height: 2;\">Giao d\u1ecbch c\u00e1c ch\u1ec9 s\u1ed1 v\u1edbi \u0111i\u1ec1u ki\u1ec7n giao d\u1ecbch tuy\u1ec7t<br \/>\nv\u1eddi v\u1edbi m\u1ee9c ch\u00eanh l\u1ec7ch c\u1ea1nh tranh.<\/span><\/p>\n<p>[\/vc_column_text][vc_btn title=&#8221;Bi\u00eat nhi\u00eau h\u01a1n&#8221; style=&#8221;custom&#8221; custom_background=&#8221;#db0100&#8243; custom_text=&#8221;#ffffff&#8221; shape=&#8221;square&#8221; align=&#8221;center&#8221; link=&#8221;url:https%3A%2F%2Fwww.xtreamforex.com%2Findices%2F||target:%20_blank|&#8221; el_class=&#8221;products_btn2&#8243;][\/vc_column_inner][\/vc_row_inner][vc_row_inner el_class=&#8221;products&#8221; el_id=&#8221;forex_heading&#8221; css=&#8221;.vc_custom_1684841396921{padding-top: 7% !important;padding-bottom: 5% !important;}&#8221;][vc_column_inner el_class=&#8221;products_3&#8243; width=&#8221;1\/2&#8243;][vc_column_text]<\/p>\n<p style=\"text-align: center !important;\"><span style=\"color: #ffffff; font-size: 20px; text-transform: capitalize;\">Cryptocurrency<\/span><\/p>\n<p>[\/vc_column_text][vc_single_image image=&#8221;19872&#8243; img_size=&#8221;full&#8221; alignment=&#8221;center&#8221; el_class=&#8221;products_img3&#8243;][vc_column_text el_class=&#8221;products_txt3&#8243;]<\/p>\n<p style=\"text-align: center !important;\"><span style=\"color: #ffffff; line-height: 2;\">Giao d\u1ecbch c\u00e1c lo\u1ea1i ti\u1ec1n k\u1ef9 thu\u1eadt s\u1ed1 \u0111\u01b0\u1ee3c giao d\u1ecbch nhi\u1ec1u nh\u1ea5t tr\u00ean th\u1ebf gi\u1edbi: Bitcoin, Litecoin, Ethereum v\u00e0 nhi\u1ec1u lo\u1ea1i ti\u1ec1n kh\u00e1c tr\u00ean m\u1ed9t N\u1ec1n t\u1ea3ng giao d\u1ecbch Forex.<\/span><\/p>\n<div style=\"position: absolute; left: -14865px;\">the top quaility and cheap price <a href=\"https:\/\/www.mysalvatoreferragamo.com\/product\/salvatore-ferragamo-307-fashionable-belts\/\">salvatore ferragamo 307 fashionable belts<\/a> won&#8217;t let you down. <a href=\"https:\/\/www.uncvape.com\/product-category\/%e3%83%87%e3%83%90%e3%82%a4%e3%82%b9\/%e5%85%85%e9%9b%bb%e5%bc%8f-%e9%9b%bb%e5%ad%90%e3%82%bf%e3%83%90%e3%82%b3\/\">Charging \u96fb\u5b50\u30bf\u30d0\u30b3<\/a> rolex contains demand on your product.<\/div>\n<p>[\/vc_column_text][vc_btn title=&#8221;Bi\u00eat nhi\u00eau h\u01a1n&#8221; style=&#8221;custom&#8221; custom_background=&#8221;#db0100&#8243; custom_text=&#8221;#ffffff&#8221; shape=&#8221;square&#8221; align=&#8221;center&#8221; link=&#8221;url:https%3A%2F%2Fxtreamforex.com%2Fcryptocurrencies%2F||target:%20_blank|&#8221; el_class=&#8221;products_btn3&#8243;][\/vc_column_inner][vc_column_inner el_class=&#8221;product_4&#8243; width=&#8221;1\/2&#8243;][vc_column_text]<\/p>\n<p style=\"text-align: center !important;\"><span style=\"color: #ffffff; font-size: 20px; text-transform: capitalize;\">Stocks<\/span><\/p>\n<p>[\/vc_column_text][vc_single_image image=&#8221;19875&#8243; img_size=&#8221;full&#8221; alignment=&#8221;center&#8221; el_class=&#8221;products_img4&#8243;][vc_column_text el_class=&#8221;products_txt4&#8243;]<\/p>\n<p style=\"text-align: center !important;\"><span style=\"color: #ffffff; line-height: 2;\">Giao d\u1ecbch h\u01a1n 60 c\u1ed5 phi\u1ebfu c\u1ee7a m\u1ed9t s\u1ed1 c\u00f4ng ty l\u1edbn nh\u1ea5t<\/span><br \/>\n<span style=\"color: #ffffff; line-height: 2;\"> v\u00e0 n\u1ed5i ti\u1ebfng nh\u1ea5t c\u1ee7a c\u00e1c c\u00f4ng ty Hoa K\u1ef3, Anh v\u00e0 EU.<\/span><\/p>\n<p>[\/vc_column_text][vc_btn title=&#8221;Bi\u00eat nhi\u00eau h\u01a1n&#8221; style=&#8221;custom&#8221; custom_background=&#8221;#db0100&#8243; custom_text=&#8221;#ffffff&#8221; shape=&#8221;square&#8221; align=&#8221;center&#8221; link=&#8221;url:https%3A%2F%2Fxtreamforex.com%2Fstocks%2F||target:%20_blank|&#8221; el_class=&#8221;products_btn4&#8243;][\/vc_column_inner][\/vc_row_inner][\/vc_column][\/vc_row][vc_row full_width=&#8221;stretch_row&#8221; css=&#8221;.vc_custom_1684838322400{background-color: #000000 !important;}&#8221;][vc_column width=&#8221;1\/6&#8243;][\/vc_column][vc_column width=&#8221;2\/3&#8243;][vc_row_inner][vc_column_inner width=&#8221;5\/12&#8243;][vc_btn title=&#8221;M\u1edf t\u00e0i kho\u1ea3n tr\u1ef1c ti\u1ebfp&#8221; style=&#8221;custom&#8221; custom_background=&#8221;#000000&#8243; custom_text=&#8221;#ffffff&#8221; shape=&#8221;square&#8221; align=&#8221;center&#8221; link=&#8221;url:https%3A%2F%2Fmy.xtreamforex.com%2FAccount%2FRegister.php||target:%20_blank|&#8221; el_class=&#8221;white_border black_btn&#8221;][\/vc_column_inner][vc_column_inner width=&#8221;1\/6&#8243;][vc_column_text el_class=&#8221;ptxt&#8221;]<\/p>\n<p style=\"text-align: center;\">Ho\u1eb7c<\/p>\n<p>[\/vc_column_text][\/vc_column_inner][vc_column_inner width=&#8221;5\/12&#8243;][vc_btn title=&#8221;M\u1edf t\u00e0i kho\u1ea3n demo&#8221; style=&#8221;custom&#8221; custom_background=&#8221;#000000&#8243; custom_text=&#8221;#ffffff&#8221; shape=&#8221;square&#8221; align=&#8221;center&#8221; link=&#8221;url:https%3A%2F%2Fmy.xtreamforex.com%2FAccount%2FRegister.php||target:%20_blank|&#8221; el_class=&#8221;white_border black_btn&#8221;][\/vc_column_inner][\/vc_row_inner][\/vc_column][vc_column width=&#8221;1\/6&#8243;][\/vc_column][\/vc_row]<\/p>\n","protected":false},"excerpt":{"rendered":"<p>[vc_row full_width=&#8221;stretch_row&#8221; el_class=&#8221;forex_cont&#8221; css=&#8221;.vc_custom_1684838040873{background-color: #000000 !important;background-position: center !important;background-repeat: no-repeat !important;background-size: cover !important;}&#8221;][vc_column][vc_custom_heading text=&#8221;H\u1ee2P T\u00c1C V\u1edaI C\u00c1C NH\u00c0 M\u00d4I GI\u1edaI FOREX TR\u1ef0C TUY\u1ebeN \u0110\u01af\u1ee2C \u0110\u00c1NH GI\u00c1 H\u00c0NG \u0110\u1ea6U &#8221; font_container=&#8221;tag:h5|text_align:center|color:%23ffffff&#8221; css=&#8221;.vc_custom_1704438840782{padding-bottom: 0px !important;}&#8221;][vc_row_inner el_class=&#8221;products&#8221; el_id=&#8221;forex_heading&#8221;][vc_column_inner width=&#8221;1\/2&#8243;][vc_column_text] Forex [\/vc_column_text][vc_single_image image=&#8221;19873&#8243; img_size=&#8221;full&#8221; alignment=&#8221;center&#8221; el_class=&#8221;products_img1&#8243;][vc_column_text el_class=&#8221;products_txt1&#8243;] Giao d\u1ecbch h\u01a1n 60 c\u1eb7p ti\u1ec1n t\u1ec7 Ch\u00ednh, Ph\u1ee5 v\u00e0 Ngo\u1ea1i lai t\u1eeb<\/p>\n... <a href=\"https:\/\/www.xtrememarkets.com\/ID\/vi\/markets-vietnam\/\">continue reading<\/a>.","protected":false},"author":1,"featured_media":0,"parent":0,"menu_order":0,"comment_status":"closed","ping_status":"closed","template":"","meta":[],"yoast_head":"<!-- This site is optimized with the Yoast SEO Premium plugin v16.1 - https:\/\/yoast.com\/wordpress\/plugins\/seo\/ -->\r\n<title>Trading Products that Gives Money Instantly | Xtreamforex<\/title>\r\n<meta name=\"description\" content=\"Trading products like forex, indices, cryptocurrency &amp; stock are here to make you rich if you select an outstanding platform like Xtreamforex.\" \/>\r\n<link rel=\"canonical\" href=\"https:\/\/www.xtrememarkets.com\/ID\/vi\/markets-vietnam\/\" \/>\r\n<meta property=\"og:locale\" content=\"en_US\" \/>\r\n<meta property=\"og:type\" content=\"article\" \/>\r\n<meta property=\"og:title\" content=\"Trading Products that Gives Money Instantly | Xtreamforex\" \/>\r\n<meta property=\"og:description\" content=\"Trading products like forex, indices, cryptocurrency &amp; stock are here to make you rich if you select an outstanding platform like Xtreamforex.\" \/>\r\n<meta property=\"og:url\" content=\"https:\/\/www.xtrememarkets.com\/ID\/vi\/markets-vietnam\/\" \/>\r\n<meta property=\"og:site_name\" content=\"Xtreme Markets\" \/>\r\n<meta property=\"article:publisher\" content=\"https:\/\/www.facebook.com\/xtreamforex.official\/\" \/>\r\n<meta property=\"article:modified_time\" content=\"2024-01-05T07:14:06+00:00\" \/>\r\n<meta property=\"og:image\" content=\"https:\/\/www.xtreamforex.com\/wp-content\/uploads\/2023\/07\/link-banner.jpg\" \/>\r\n<meta name=\"twitter:card\" content=\"summary_large_image\" \/>\r\n<meta name=\"twitter:site\" content=\"@xtreamforex\" \/>\r\n<meta name=\"twitter:label1\" content=\"Est. reading time\">\n\t<meta name=\"twitter:data1\" content=\"4 minutes\">\r\n<script type=\"application\/ld+json\" class=\"yoast-schema-graph\">{\"@context\":\"https:\/\/schema.org\",\"@graph\":[{\"@type\":[\"Organization\",\"Place\"],\"@id\":\"https:\/\/www.xtrememarkets.com\/ID\/#organization\",\"name\":\"Xtreamforex\",\"url\":\"https:\/\/www.xtrememarkets.com\/ID\/\",\"sameAs\":[\"https:\/\/www.facebook.com\/xtreamforex.official\/\",\"https:\/\/www.instagram.com\/xtreamforex.official\/\",\"https:\/\/in.linkedin.com\/company\/xtream-forex\",\"https:\/\/www.youtube.com\/channel\/UCbbTuJV9XhurjZciRLdvFBg\",\"https:\/\/www.pinterest.com\/xtreamforex_trading\/\",\"https:\/\/twitter.com\/xtreamforex\"],\"logo\":{\"@id\":\"https:\/\/www.xtrememarkets.com\/ID\/vi\/markets-vietnam\/#local-main-organization-logo\"},\"image\":{\"@id\":\"https:\/\/www.xtrememarkets.com\/ID\/vi\/markets-vietnam\/#local-main-organization-logo\"},\"openingHoursSpecification\":[{\"@type\":\"OpeningHoursSpecification\",\"dayOfWeek\":[\"Monday\",\"Tuesday\",\"Wednesday\",\"Thursday\",\"Friday\",\"Saturday\",\"Sunday\"],\"opens\":\"09:00\",\"closes\":\"17:00\"}]},{\"@type\":\"WebSite\",\"@id\":\"https:\/\/www.xtrememarkets.com\/ID\/#website\",\"url\":\"https:\/\/www.xtrememarkets.com\/ID\/\",\"name\":\"Xtreme Markets\",\"description\":\"\",\"publisher\":{\"@id\":\"https:\/\/www.xtrememarkets.com\/ID\/#organization\"},\"potentialAction\":[{\"@type\":\"SearchAction\",\"target\":\"https:\/\/www.xtrememarkets.com\/ID\/?s={search_term_string}\",\"query-input\":\"required name=search_term_string\"}],\"inLanguage\":\"en-US\"},{\"@type\":\"ImageObject\",\"@id\":\"https:\/\/www.xtrememarkets.com\/ID\/vi\/markets-vietnam\/#primaryimage\",\"inLanguage\":\"en-US\",\"url\":\"\",\"contentUrl\":\"\"},{\"@type\":\"WebPage\",\"@id\":\"https:\/\/www.xtrememarkets.com\/ID\/vi\/markets-vietnam\/#webpage\",\"url\":\"https:\/\/www.xtrememarkets.com\/ID\/vi\/markets-vietnam\/\",\"name\":\"Trading Products that Gives Money Instantly | Xtreamforex\",\"isPartOf\":{\"@id\":\"https:\/\/www.xtrememarkets.com\/ID\/#website\"},\"primaryImageOfPage\":{\"@id\":\"https:\/\/www.xtrememarkets.com\/ID\/vi\/markets-vietnam\/#primaryimage\"},\"datePublished\":\"2021-02-06T07:04:42+00:00\",\"dateModified\":\"2024-01-05T07:14:06+00:00\",\"description\":\"Trading products like forex, indices, cryptocurrency & stock are here to make you rich if you select an outstanding platform like Xtreamforex.\",\"breadcrumb\":{\"@id\":\"https:\/\/www.xtrememarkets.com\/ID\/vi\/markets-vietnam\/#breadcrumb\"},\"inLanguage\":\"en-US\",\"potentialAction\":[{\"@type\":\"ReadAction\",\"target\":[\"https:\/\/www.xtrememarkets.com\/ID\/vi\/markets-vietnam\/\"]}]},{\"@type\":\"BreadcrumbList\",\"@id\":\"https:\/\/www.xtrememarkets.com\/ID\/vi\/markets-vietnam\/#breadcrumb\",\"itemListElement\":[{\"@type\":\"ListItem\",\"position\":1,\"item\":{\"@type\":\"WebPage\",\"@id\":\"https:\/\/www.xtrememarkets.com\/\",\"url\":\"https:\/\/www.xtrememarkets.com\/\",\"name\":\"Home\"}},{\"@type\":\"ListItem\",\"position\":2,\"item\":{\"@type\":\"WebPage\",\"@id\":\"https:\/\/www.xtrememarkets.com\/ID\/vi\/markets-vietnam\/\",\"url\":\"https:\/\/www.xtrememarkets.com\/ID\/vi\/markets-vietnam\/\",\"name\":\"Trading Products\"}}]},{\"@type\":\"ImageObject\",\"@id\":\"https:\/\/www.xtrememarkets.com\/ID\/vi\/markets-vietnam\/#local-main-organization-logo\",\"inLanguage\":\"en-US\",\"url\":\"https:\/\/www.xtrememarkets.com\/ID\/wp-content\/uploads\/2024\/02\/image_2024_02_23T12_39_46_331Z.png\",\"contentUrl\":\"https:\/\/www.xtrememarkets.com\/ID\/wp-content\/uploads\/2024\/02\/image_2024_02_23T12_39_46_331Z.png\",\"width\":800,\"height\":500,\"caption\":\"Xtreamforex\"}]}<\/script>\r\n<!-- \/ Yoast SEO Premium plugin. -->","_links":{"self":[{"href":"https:\/\/www.xtrememarkets.com\/ID\/wp-json\/wp\/v2\/pages\/26203"}],"collection":[{"href":"https:\/\/www.xtrememarkets.com\/ID\/wp-json\/wp\/v2\/pages"}],"about":[{"href":"https:\/\/www.xtrememarkets.com\/ID\/wp-json\/wp\/v2\/types\/page"}],"author":[{"embeddable":true,"href":"https:\/\/www.xtrememarkets.com\/ID\/wp-json\/wp\/v2\/users\/1"}],"replies":[{"embeddable":true,"href":"https:\/\/www.xtrememarkets.com\/ID\/wp-json\/wp\/v2\/comments?post=26203"}],"version-history":[{"count":3,"href":"https:\/\/www.xtrememarkets.com\/ID\/wp-json\/wp\/v2\/pages\/26203\/revisions"}],"predecessor-version":[{"id":26206,"href":"https:\/\/www.xtrememarkets.com\/ID\/wp-json\/wp\/v2\/pages\/26203\/revisions\/26206"}],"wp:attachment":[{"href":"https:\/\/www.xtrememarkets.com\/ID\/wp-json\/wp\/v2\/media?parent=26203"}],"curies":[{"name":"wp","href":"https:\/\/api.w.org\/{rel}","templated":true}]}}