{"id":25297,"date":"2020-09-17T12:12:37","date_gmt":"2020-09-17T12:12:37","guid":{"rendered":"https:\/\/www.xtreamforex.com\/?page_id=25297"},"modified":"2024-02-26T13:41:55","modified_gmt":"2024-02-26T13:41:55","slug":"forex-education-spanish","status":"publish","type":"page","link":"https:\/\/www.xtrememarkets.com\/ID\/es\/forex-education-spanish\/","title":{"rendered":"Forex Education"},"content":{"rendered":"<p>[vc_row full_width=&#8221;stretch_row&#8221; css=&#8221;.vc_custom_1698820016066{margin-top: 0px !important;margin-bottom: 0px !important;padding-top: 70px !important;padding-bottom: 70px !important;background-image: url(https:\/\/www.xtrememarkets.com\/ID\/wp-content\/uploads\/2023\/11\/forex-education-.png?id=24534) !important;background-position: center !important;background-repeat: no-repeat !important;background-size: cover !important;}&#8221;][vc_column][vc_column_text]<\/p>\n<p class=\"\" style=\"font-size: 50px; color: #db0100; font-weight: bold; text-transform:uppercase;\">Educaci\u00f3n sobre <span style=\"color: #fff;\">forex<\/span><\/p>\n<p>[\/vc_column_text][\/vc_column][\/vc_row][vc_row full_width=&#8221;stretch_row&#8221; css=&#8221;.vc_custom_1687238042157{padding-top: 70px !important;padding-bottom: 70px !important;background-color: #000000 !important;}&#8221;][vc_column width=&#8221;1\/3&#8243; el_class=&#8221;forex_edu_firstsec1&#8243;][vc_single_image image=&#8221;21116&#8243; img_size=&#8221;65xauto&#8221; css=&#8221;.vc_custom_1687237516899{margin-bottom: 0px !important;}&#8221;][vc_custom_heading text=&#8221;Aprenda&#8221; font_container=&#8221;tag:h5|font_size:25px|text_align:left|color:%23ffffff&#8221; use_theme_fonts=&#8221;yes&#8221; css=&#8221;.vc_custom_1701084412286{margin-top: 5px !important;margin-bottom: 5px !important;}&#8221;][vc_column_text]<\/p>\n<p class=\"normal\" style=\"line-height: 25px; text-align: justify;\"><span lang=\"EN\" style=\"color: #afafaf; font-size: 13px;\">Obtenga gu\u00edas de trading online gratis y aprenda conceptos b\u00e1sicos, estrategias y t\u00e9cnicas de forex. Tras aprender sobre el trading de forex le esperan oportunidades diarias.<\/span><\/p>\n<p>[\/vc_column_text][\/vc_column][vc_column width=&#8221;1\/3&#8243; el_class=&#8221;forex_edu_firstsec2&#8243;][vc_single_image image=&#8221;21117&#8243; img_size=&#8221;65xauto&#8221; css=&#8221;.vc_custom_1687237522228{margin-bottom: 0px !important;}&#8221;][vc_custom_heading text=&#8221;Practique&#8221; font_container=&#8221;tag:h5|font_size:25px|text_align:left|color:%23ffffff&#8221; use_theme_fonts=&#8221;yes&#8221; css=&#8221;.vc_custom_1701084457175{margin-top: 5px !important;margin-bottom: 5px !important;}&#8221;][vc_column_text]<\/p>\n<p class=\"normal\" style=\"line-height: 25px; text-align: justify;\"><span lang=\"EN\" style=\"color: #afafaf; font-size: 13px;\">Practique el trading de forex y CFDs sin riesgo con precios de compra y venta en vivo. Abra una cuenta demo y pruebe sus estrategias antes de comprometer su propio dinero.<\/span><\/p>\n<p>[\/vc_column_text][\/vc_column][vc_column width=&#8221;1\/3&#8243; el_class=&#8221;forex_edu_firstsec3&#8243;][vc_single_image image=&#8221;21118&#8243; img_size=&#8221;65xauto&#8221; css=&#8221;.vc_custom_1687237527613{margin-bottom: 0px !important;}&#8221;][vc_custom_heading text=&#8221;Opere&#8221; font_container=&#8221;tag:h5|font_size:25px|text_align:left|color:%23ffffff&#8221; use_theme_fonts=&#8221;yes&#8221; css=&#8221;.vc_custom_1701084503536{margin-top: 5px !important;margin-bottom: 5px !important;}&#8221;][vc_column_text]<\/p>\n<p class=\"normal\" style=\"line-height: 25px; text-align: justify;\"><span lang=\"EN\" style=\"color: #afafaf; font-size: 13px;\">Opere en forex en el mercado m\u00e1s negociado del mundo para obtener beneficios. Consiga una exposici\u00f3n total con un peque\u00f1o dep\u00f3sito inicial de tan solo 5 USD.<\/span><\/p>\n<p>[\/vc_column_text][\/vc_column][\/vc_row][vc_row full_width=&#8221;stretch_row&#8221; css=&#8221;.vc_custom_1687236004302{background-color: #0f0f0f !important;}&#8221;][vc_column][vc_row_inner][vc_column_inner el_class=&#8221;edu_guide_section&#8221; width=&#8221;1\/2&#8243;][vc_single_image image=&#8221;21143&#8243; el_class=&#8221;image_leftCont&#8221;][vc_column_text el_class=&#8221;cont_right guide_desc_block&#8221;]<\/p>\n<h5 class=\"post_title\" style=\"color: #fff; padding: 60px 0px 20px 0px; margin: 0px; font-size: 25px; letter-spacing: 1px;\"><span style=\"font-weight: bold;\">Gu\u00eda para <\/span> principiantes<\/h5>\n<p class=\"normal\" style=\"line-height: 25px; margin-bottom: 40px; color: #afafaf;\"><span lang=\"EN\" style=\"font-size: 13px;\"><a style=\"color: #afafaf;\" href=\"https:\/\/www.xtrememarkets.com\/ID\/beginner-guide\/\">Si es novato, aprenda los t\u00e9rminos sencillos y b\u00e1sicos que necesita conocer como principiante para empezar operar en forex.<\/a><\/span><\/p>\n<p>[\/vc_column_text][\/vc_column_inner][vc_column_inner width=&#8221;1\/2&#8243;][vc_single_image image=&#8221;21144&#8243; el_class=&#8221;image_leftCont&#8221;][vc_column_text el_class=&#8221;cont_right text_margin guide_desc_block&#8221;]<\/p>\n<h5 class=\"post_title\" style=\"color: #fff; padding: 60px 0px 20px 0px; margin: 0px; font-size: 25px; letter-spacing: 1px;\"><span style=\"font-weight: bold;\">Gu\u00eda<\/span> elemental<\/h5>\n<p class=\"normal\" style=\"line-height: 25px; margin-bottom: 40px; color: #afafaf;\"><span lang=\"EN\" style=\"font-size: 13px;\"><a style=\"color: #afafaf;\" href=\"https:\/\/www.xtrememarkets.com\/ID\/elementary-guide\/\">Aprenda varios aspectos del an\u00e1lisis t\u00e9cnico y fundamental y pronostique a d\u00f3nde ir\u00e1n los precios de los pares de divisas en el futuro.<\/a><\/span><\/p>\n<p>[\/vc_column_text][\/vc_column_inner][\/vc_row_inner][vc_row_inner][vc_column_inner width=&#8221;1\/2&#8243;][vc_single_image image=&#8221;21146&#8243; el_class=&#8221;image_leftCont&#8221;][vc_column_text el_class=&#8221;cont_right guide_desc_block&#8221;]<\/p>\n<h5 class=\"post_title\" style=\"color: #fff; padding: 60px 0px 20px 0px; margin: 0px; font-size: 25px; letter-spacing: 1px;\"><span style=\"font-weight: bold;\">Gu\u00eda <\/span> intermedia<\/h5>\n<p class=\"normal\" style=\"line-height: 25px; margin-bottom: 40px; color: #afafaf;\"><span lang=\"EN\" style=\"font-size: 13px;\"><a style=\"color: #afafaf;\" href=\"https:\/\/www.xtrememarkets.com\/ID\/intermediate-guide\/\">Aprenda a aplicar estrategias de trading para seguir siendo rentable y a usar herramientas avanzadas para minimizar las p\u00e9rdidas.<\/a><\/span><\/p>\n<p>[\/vc_column_text][\/vc_column_inner][vc_column_inner width=&#8221;1\/2&#8243;][vc_single_image image=&#8221;21147&#8243; el_class=&#8221;image_leftCont&#8221;][vc_column_text el_class=&#8221;cont_right guide_desc_block&#8221;]<\/p>\n<h5 class=\"post_title\" style=\"color: #fff; padding: 60px 0px 20px 0px; margin: 0px; font-size: 25px; letter-spacing: 1px;\"><span style=\"font-weight: bold;\">Gu\u00eda de <\/span> expertos<\/h5>\n<p class=\"normal\" style=\"line-height: 25px; margin-bottom: 40px; color: #afafaf;\"><span lang=\"EN\" style=\"font-size: 13px;\"><a style=\"color: #afafaf;\" href=\"https:\/\/www.xtrememarkets.com\/ID\/experienced-guide\/\">Aprenda todas las estrategias y consejos de gesti\u00f3n de riesgos que necesita para mejorar su carrera de trading.<\/a><\/span><\/p>\n<p><a class=\"postlink\" style=\"display: none;\" href=\"https:\/\/xtreamforex.com\/experienced-guide\/\">Read more<\/a>[\/vc_column_text][\/vc_column_inner][\/vc_row_inner][\/vc_column][\/vc_row][vc_row full_width=&#8221;stretch_row&#8221; css=&#8221;.vc_custom_1687236581586{background-color: #000000 !important;}&#8221;][vc_column][vc_custom_heading text=&#8221;EXPLORE LOS RECURSOS EDUCATIVOS DE XTREMEMARKETS&#8221; font_container=&#8221;tag:h5|text_align:center|color:%23ffffff&#8221; use_theme_fonts=&#8221;yes&#8221; el_class=&#8221;text_upper&#8221;][vc_column_text]<\/p>\n<p class=\"normal\" style=\"line-height: 25px; margin-top: 15px; text-align: center; color: #afafaf; font-size: 13px;\"><span lang=\"EN\">Refuerce su confianza y aprenda a operar en forex con gran cantidad de herramientas educativas y recursos online como art\u00edculos sobre forex, gu\u00edas de forex y v\u00eddeos pr\u00e1cticos que le ayudar\u00e1n a llevar sus habilidades de trading al siguiente nivel. Empiece su aventura en el trading de forex con el broker ECN de forex de confianza Xtreme Markets y aumente sus ganancias.<\/span><\/p>\n<p>[\/vc_column_text][vc_column_text][\/vc_column_text][\/vc_column][\/vc_row][vc_row full_width=&#8221;stretch_row&#8221; css=&#8221;.vc_custom_1687245417525{background-color: #000000 !important;}&#8221; el_class=&#8221;forex_edu_lastsec&#8221;][vc_column width=&#8221;1\/6&#8243;][\/vc_column][vc_column width=&#8221;2\/3&#8243;][vc_row_inner][vc_column_inner width=&#8221;5\/12&#8243;][vc_btn title=&#8221; Abierto en vivo Cuenta&#8221; style=&#8221;custom&#8221; custom_background=&#8221;#000000&#8243; custom_text=&#8221;#ffffff&#8221; shape=&#8221;square&#8221; align=&#8221;center&#8221; link=&#8221;url:https%3A%2F%2Fmy.xtreamforex.com%2FAccount%2FRegister.php||target:%20_blank|&#8221; el_class=&#8221;white_border black_btn&#8221;][\/vc_column_inner][vc_column_inner width=&#8221;1\/6&#8243; el_id=&#8221;or_btn_forex_edu&#8221;][vc_column_text]<\/p>\n<p style=\"text-align: center;\"><span style=\"color: #ffffff;\">o<\/span><\/p>\n<p>[\/vc_column_text][\/vc_column_inner][vc_column_inner width=&#8221;5\/12&#8243;][vc_btn title=&#8221;Abrir cuenta demo&#8221; style=&#8221;custom&#8221; custom_background=&#8221;#000000&#8243; custom_text=&#8221;#ffffff&#8221; shape=&#8221;square&#8221; align=&#8221;center&#8221; link=&#8221;url:https%3A%2F%2Fmy.xtreamforex.com%2FAccount%2FRegister.php||target:%20_blank|&#8221; el_class=&#8221;white_border black_btn&#8221;][\/vc_column_inner][\/vc_row_inner][\/vc_column][vc_column width=&#8221;1\/6&#8243;][\/vc_column][\/vc_row][vc_row][vc_column][\/vc_column][\/vc_row]<\/p>\n","protected":false},"excerpt":{"rendered":"<p>[vc_row full_width=&#8221;stretch_row&#8221; css=&#8221;.vc_custom_1698820016066{margin-top: 0px !important;margin-bottom: 0px !important;padding-top: 70px !important;padding-bottom: 70px !important;background-image: url(https:\/\/www.xtrememarkets.com\/ID\/wp-content\/uploads\/2023\/11\/forex-education-.png?id=24534) !important;background-position: center !important;background-repeat: no-repeat !important;background-size: cover !important;}&#8221;][vc_column][vc_column_text] Educaci\u00f3n sobre forex [\/vc_column_text][\/vc_column][\/vc_row][vc_row full_width=&#8221;stretch_row&#8221; css=&#8221;.vc_custom_1687238042157{padding-top: 70px !important;padding-bottom: 70px !important;background-color: #000000 !important;}&#8221;][vc_column width=&#8221;1\/3&#8243; el_class=&#8221;forex_edu_firstsec1&#8243;][vc_single_image image=&#8221;21116&#8243; img_size=&#8221;65xauto&#8221; css=&#8221;.vc_custom_1687237516899{margin-bottom: 0px !important;}&#8221;][vc_custom_heading text=&#8221;Aprenda&#8221; font_container=&#8221;tag:h5|font_size:25px|text_align:left|color:%23ffffff&#8221; use_theme_fonts=&#8221;yes&#8221; css=&#8221;.vc_custom_1701084412286{margin-top: 5px !important;margin-bottom: 5px !important;}&#8221;][vc_column_text] Obtenga gu\u00edas de trading online gratis y aprenda conceptos<\/p>\n... <a href=\"https:\/\/www.xtrememarkets.com\/ID\/es\/forex-education-spanish\/\">continue reading<\/a>.","protected":false},"author":1,"featured_media":0,"parent":0,"menu_order":0,"comment_status":"closed","ping_status":"closed","template":"","meta":[],"yoast_head":"<!-- This site is optimized with the Yoast SEO Premium plugin v16.1 - https:\/\/yoast.com\/wordpress\/plugins\/seo\/ -->\r\n<title>Take free Forex Education by Reading Advanced Guides<\/title>\r\n<meta name=\"description\" content=\"Learn from the free forex education given by the trading experts of Xtreamforex that will speed up your success in this field &amp; can help you earn a great sum of money.\" \/>\r\n<link rel=\"canonical\" href=\"https:\/\/www.xtrememarkets.com\/ID\/es\/forex-education-spanish\/\" \/>\r\n<meta property=\"og:locale\" content=\"en_US\" \/>\r\n<meta property=\"og:type\" content=\"article\" \/>\r\n<meta property=\"og:title\" content=\"Take free Forex Education by Reading Advanced Guides\" \/>\r\n<meta property=\"og:description\" content=\"Learn from the free forex education given by the trading experts of Xtreamforex that will speed up your success in this field &amp; can help you earn a great sum of money.\" \/>\r\n<meta property=\"og:url\" content=\"https:\/\/www.xtrememarkets.com\/ID\/es\/forex-education-spanish\/\" \/>\r\n<meta property=\"og:site_name\" content=\"Xtreme Markets\" \/>\r\n<meta property=\"article:publisher\" content=\"https:\/\/www.facebook.com\/xtreamforex.official\/\" \/>\r\n<meta property=\"article:modified_time\" content=\"2024-02-26T13:41:55+00:00\" \/>\r\n<meta property=\"og:image\" content=\"https:\/\/www.xtrememarkets.com\/wp-content\/uploads\/2023\/07\/link-banner.jpg\" \/>\r\n<meta name=\"twitter:card\" content=\"summary_large_image\" \/>\r\n<meta name=\"twitter:site\" content=\"@xtreamforex\" \/>\r\n<meta name=\"twitter:label1\" content=\"Est. reading time\">\n\t<meta name=\"twitter:data1\" content=\"4 minutes\">\r\n<script type=\"application\/ld+json\" class=\"yoast-schema-graph\">{\"@context\":\"https:\/\/schema.org\",\"@graph\":[{\"@type\":[\"Organization\",\"Place\"],\"@id\":\"https:\/\/www.xtrememarkets.com\/ID\/#organization\",\"name\":\"Xtreamforex\",\"url\":\"https:\/\/www.xtrememarkets.com\/ID\/\",\"sameAs\":[\"https:\/\/www.facebook.com\/xtreamforex.official\/\",\"https:\/\/www.instagram.com\/xtreamforex.official\/\",\"https:\/\/in.linkedin.com\/company\/xtream-forex\",\"https:\/\/www.youtube.com\/channel\/UCbbTuJV9XhurjZciRLdvFBg\",\"https:\/\/www.pinterest.com\/xtreamforex_trading\/\",\"https:\/\/twitter.com\/xtreamforex\"],\"logo\":{\"@id\":\"https:\/\/www.xtrememarkets.com\/ID\/es\/forex-education-spanish\/#local-main-organization-logo\"},\"image\":{\"@id\":\"https:\/\/www.xtrememarkets.com\/ID\/es\/forex-education-spanish\/#local-main-organization-logo\"},\"openingHoursSpecification\":[{\"@type\":\"OpeningHoursSpecification\",\"dayOfWeek\":[\"Monday\",\"Tuesday\",\"Wednesday\",\"Thursday\",\"Friday\",\"Saturday\",\"Sunday\"],\"opens\":\"09:00\",\"closes\":\"17:00\"}]},{\"@type\":\"WebSite\",\"@id\":\"https:\/\/www.xtrememarkets.com\/ID\/#website\",\"url\":\"https:\/\/www.xtrememarkets.com\/ID\/\",\"name\":\"Xtreme Markets\",\"description\":\"\",\"publisher\":{\"@id\":\"https:\/\/www.xtrememarkets.com\/ID\/#organization\"},\"potentialAction\":[{\"@type\":\"SearchAction\",\"target\":\"https:\/\/www.xtrememarkets.com\/ID\/?s={search_term_string}\",\"query-input\":\"required name=search_term_string\"}],\"inLanguage\":\"en-US\"},{\"@type\":\"ImageObject\",\"@id\":\"https:\/\/www.xtrememarkets.com\/ID\/es\/forex-education-spanish\/#primaryimage\",\"inLanguage\":\"en-US\",\"url\":\"\",\"contentUrl\":\"\"},{\"@type\":\"WebPage\",\"@id\":\"https:\/\/www.xtrememarkets.com\/ID\/es\/forex-education-spanish\/#webpage\",\"url\":\"https:\/\/www.xtrememarkets.com\/ID\/es\/forex-education-spanish\/\",\"name\":\"Take free Forex Education by Reading Advanced Guides\",\"isPartOf\":{\"@id\":\"https:\/\/www.xtrememarkets.com\/ID\/#website\"},\"primaryImageOfPage\":{\"@id\":\"https:\/\/www.xtrememarkets.com\/ID\/es\/forex-education-spanish\/#primaryimage\"},\"datePublished\":\"2020-09-17T12:12:37+00:00\",\"dateModified\":\"2024-02-26T13:41:55+00:00\",\"description\":\"Learn from the free forex education given by the trading experts of Xtreamforex that will speed up your success in this field & can help you earn a great sum of money.\",\"breadcrumb\":{\"@id\":\"https:\/\/www.xtrememarkets.com\/ID\/es\/forex-education-spanish\/#breadcrumb\"},\"inLanguage\":\"en-US\",\"potentialAction\":[{\"@type\":\"ReadAction\",\"target\":[\"https:\/\/www.xtrememarkets.com\/ID\/es\/forex-education-spanish\/\"]}]},{\"@type\":\"BreadcrumbList\",\"@id\":\"https:\/\/www.xtrememarkets.com\/ID\/es\/forex-education-spanish\/#breadcrumb\",\"itemListElement\":[{\"@type\":\"ListItem\",\"position\":1,\"item\":{\"@type\":\"WebPage\",\"@id\":\"https:\/\/www.xtrememarkets.com\/\",\"url\":\"https:\/\/www.xtrememarkets.com\/\",\"name\":\"Home\"}},{\"@type\":\"ListItem\",\"position\":2,\"item\":{\"@type\":\"WebPage\",\"@id\":\"https:\/\/www.xtrememarkets.com\/ID\/es\/forex-education-spanish\/\",\"url\":\"https:\/\/www.xtrememarkets.com\/ID\/es\/forex-education-spanish\/\",\"name\":\"Forex Education\"}}]},{\"@type\":\"ImageObject\",\"@id\":\"https:\/\/www.xtrememarkets.com\/ID\/es\/forex-education-spanish\/#local-main-organization-logo\",\"inLanguage\":\"en-US\",\"url\":\"https:\/\/www.xtrememarkets.com\/ID\/wp-content\/uploads\/2024\/02\/image_2024_02_23T12_39_46_331Z.png\",\"contentUrl\":\"https:\/\/www.xtrememarkets.com\/ID\/wp-content\/uploads\/2024\/02\/image_2024_02_23T12_39_46_331Z.png\",\"width\":800,\"height\":500,\"caption\":\"Xtreamforex\"}]}<\/script>\r\n<!-- \/ Yoast SEO Premium plugin. -->","_links":{"self":[{"href":"https:\/\/www.xtrememarkets.com\/ID\/wp-json\/wp\/v2\/pages\/25297"}],"collection":[{"href":"https:\/\/www.xtrememarkets.com\/ID\/wp-json\/wp\/v2\/pages"}],"about":[{"href":"https:\/\/www.xtrememarkets.com\/ID\/wp-json\/wp\/v2\/types\/page"}],"author":[{"embeddable":true,"href":"https:\/\/www.xtrememarkets.com\/ID\/wp-json\/wp\/v2\/users\/1"}],"replies":[{"embeddable":true,"href":"https:\/\/www.xtrememarkets.com\/ID\/wp-json\/wp\/v2\/comments?post=25297"}],"version-history":[{"count":4,"href":"https:\/\/www.xtrememarkets.com\/ID\/wp-json\/wp\/v2\/pages\/25297\/revisions"}],"predecessor-version":[{"id":26774,"href":"https:\/\/www.xtrememarkets.com\/ID\/wp-json\/wp\/v2\/pages\/25297\/revisions\/26774"}],"wp:attachment":[{"href":"https:\/\/www.xtrememarkets.com\/ID\/wp-json\/wp\/v2\/media?parent=25297"}],"curies":[{"name":"wp","href":"https:\/\/api.w.org\/{rel}","templated":true}]}}