{"id":25276,"date":"2020-09-17T10:59:19","date_gmt":"2020-09-17T10:59:19","guid":{"rendered":"https:\/\/www.xtreamforex.com\/?page_id=25276"},"modified":"2024-03-11T09:39:57","modified_gmt":"2024-03-11T09:39:57","slug":"xtream-tutorial-guide-spanish","status":"publish","type":"page","link":"https:\/\/www.xtrememarkets.com\/ID\/es\/xtream-tutorial-guide-spanish\/","title":{"rendered":"Xtream Tutorial Guide"},"content":{"rendered":"<p>[vc_row full_width=&#8221;stretch_row&#8221; css=&#8221;.vc_custom_1698819097239{margin-top: 0px !important;margin-bottom: 0px !important;padding-top: 70px !important;padding-bottom: 70px !important;background-image: url(https:\/\/www.xtrememarkets.com\/ID\/wp-content\/uploads\/2023\/11\/Live-webinars.png?id=24527) !important;background-position: center !important;background-repeat: no-repeat !important;background-size: cover !important;}&#8221;][vc_column][vc_column_text]<\/p>\n<p class=\"\" style=\"font-size: 50px; color: #db0100; font-weight: bold;\">GU\u00cdA DE TUTORIALES <span style=\"color: #fff;\"><br \/>\nDE XTREME MARKETS<\/span><\/p>\n<p>[\/vc_column_text][\/vc_column][\/vc_row][vc_row full_width=&#8221;stretch_row&#8221; css=&#8221;.vc_custom_1698825791223{margin-top: 0px !important;background-color: #000000 !important;}&#8221; el_class=&#8221;tool_need&#8221;][vc_column][vc_column_text]<\/p>\n<h4 style=\"text-align: center; color: #fff; font-size: 30px; font-weight: 600;\"><span style=\"color: #db1000;\">V\u00cdDEO TUTORIALES INTRODUCTORIOS DE <\/span>XTREME MARKETS<\/h4>\n<p>[\/vc_column_text][vc_column_text el_class=&#8221;video_text&#8221; css=&#8221;.vc_custom_1709703251431{margin-bottom: 0px !important;}&#8221;]<\/p>\n<p style=\"text-align: center; color: #afafaf; font-size: 14px; line-height: 25px;\">Proporcionamos a nuestros traders todas las herramientas que necesitan para beneficiarse del trading online. Los tutoriales de Xtreme est\u00e1n disponibles sin necesidad de registro, y todos ellos cubren conceptos introductorios de XtremeMarkets, tutoriales de Metatrader y copy trading.<\/p>\n<p>[\/vc_column_text][\/vc_column][\/vc_row][vc_row full_width=&#8221;stretch_row&#8221; css=&#8221;.vc_custom_1688011988971{margin-right: 0px !important;margin-bottom: 30px !important;margin-left: 0px !important;background-color: #000000 !important;}&#8221; el_class=&#8221;sec_1&#8243; el_id=&#8221;Rsec_1&#8243;][vc_column width=&#8221;1\/2&#8243; css=&#8221;.vc_custom_1688011981700{margin-top: 10% !important;padding-top: 0px !important;padding-right: 0px !important;padding-bottom: 0px !important;padding-left: 0px !important;}&#8221; el_class=&#8221;border_grey_popup&#8221;][vc_column_text]<\/p>\n<p style=\"text-align: center; color: #db1000; font-size: 30px; letter-spacing: 0.9px;\"><strong>TUTORIALES DE CUENTA<\/strong><br \/>\n<span style=\"color: #fff; font-weight: 100;\">\/\u00c1REA MYXTREME<\/span><\/p>\n<p>[\/vc_column_text][vc_single_image image=&#8221;21345&#8243; img_size=&#8221;full&#8221; alignment=&#8221;center&#8221; css=&#8221;.vc_custom_1687763283192{margin-bottom: 0px !important;}&#8221;][vc_column_text]<\/p>\n<p style=\"text-align: justify; font-size: 14px; color: #afafaf; margin: 0px 20px; line-height: 25px;\">El \u00e1rea My Xtreme es una soluci\u00f3n de gesti\u00f3n de cuentas todo en uno que le proporciona un control completo sobre su trading y sus operaciones financieras. En los v\u00eddeo tutoriales de My Xtreme aprender\u00e1 a abrir una cuenta, a efectuar dep\u00f3sitos y retiros y mucho m\u00e1s.Todos los traders de forex deben entender los conceptos b\u00e1sicos para utilizar el panel de control de Xtreme Markets que les permite operar.Entender estos pocos v\u00eddeos ayudar\u00e1 a todos los traders en su carrera de trading.<\/p>\n<p>[\/vc_column_text][vc_raw_html css=&#8221;.vc_custom_1701074421381{margin-top: 51px !important;margin-bottom: 51px !important;}&#8221; el_class=&#8221;arrow_cont&#8221;]JTNDYSUyMGhyZWYlM0QlMjJqYXZhc2NyaXB0JTNBJTIyJTIwZGF0YS10YXJnJTNEJTIyJTIzUm93X3RhYl8xJTIyJTIwY2xhc3MlM0QlMjJ2Y19wYWdpbmF0aW9uLXRyaWdnZXIlMjIlMjBkYXRhLWlkJTNEJTIyJTIzUnNlY18xJTIyJTIwZGF0YS12Yy10YWJzJTNEJTIyJTIyJTIwZGF0YS12Yy1jb250YWluZXIlM0QlMjIudmNfdHRhJTIyJTNFJTNDaSUyMGNsYXNzJTNEJTIyZmElMjBhcnJvd19pY24lMjBmYS1jaGV2cm9uLWNpcmNsZS1kb3duJTIyJTNFVmVyJTIwdmlkZW8lM0MlMkZpJTNFJTNDJTJGYSUzRQ==[\/vc_raw_html][\/vc_column][vc_column width=&#8221;1\/2&#8243; el_class=&#8221;para&#8221; css=&#8221;.vc_custom_1688013117828{margin-top: 18% !important;padding-top: 0px !important;padding-bottom: 0px !important;}&#8221;][vc_column_text]<\/p>\n<p class=\"guide-text\" style=\"text-align: center; color: #db1000; font-size: 30px; letter-spacing: 0.9px; font-weight: 600;\">TUTORIALES DE COPY <span style=\"color: #fff; font-weight: 100;\"> TRADING<\/span><\/p>\n<p>[\/vc_column_text][vc_single_image image=&#8221;21346&#8243; img_size=&#8221;full&#8221; alignment=&#8221;center&#8221; css=&#8221;.vc_custom_1687763297414{margin-bottom: 0px !important;}&#8221;][vc_column_text]<\/p>\n<p class=\"text_guide2\" style=\"text-align: justify; font-size: 14px; color: #afafaf; margin: 28px 20px 0px; letter-spacing: 0px; line-height: 25px;\">El copy trading de Xtreme Markets ofrece la oportunidad de copiar a traders l\u00edderes autom\u00e1ticamente para que no tenga que emplear muchas horas en desarrollar su propia estrategia. Elija al mejor maestro del Forex y diversifique su cartera de trading. \u00bfSiente curiosidad por el proceso de funcionamiento del Copy Trading? No se preocupe, Xtreme Markets est\u00e1 aqu\u00ed siempre para ayudarle. Vea estos v\u00eddeos para aprender sobre Copy Trading.<\/p>\n<p>[\/vc_column_text][vc_raw_html css=&#8221;.vc_custom_1701074430950{margin-top: 51px !important;margin-bottom: 51px !important;}&#8221; el_class=&#8221;arrow_cont&#8221;]JTNDYSUyMGhyZWYlM0QlMjJqYXZhc2NyaXB0JTNBJTIyJTIwZGF0YS10YXJnJTNEJTIyJTIzUm93X3RhYl8zJTIyJTIwZGF0YS1pZCUzRCUyMiUyM1JzZWNfMyUyMiUyMGNsYXNzJTNEJTIydmNfcGFnaW5hdGlvbi10cmlnZ2VyJTIyJTIwZGF0YS12Yy10YWJzJTNEJTIyJTIyJTIwZGF0YS12Yy1jb250YWluZXIlM0QlMjIudmNfdHRhJTIyJTIwJTBBaWQlM0QlMjJSc2VjMzMlMjIlM0UlM0NpJTIwY2xhc3MlM0QlMjJmYSUyMGFycm93X2ljbiUyMGZhLWNoZXZyb24tY2lyY2xlLWRvd24lMjIlM0VWZXIlMjB2aWRlbyUzQyUyRmklM0UlM0MlMkZhJTNF[\/vc_raw_html][\/vc_column][\/vc_row][vc_row full_width=&#8221;stretch_row&#8221; css=&#8221;.vc_custom_1687766561060{margin-right: 0px !important;margin-bottom: 30px !important;margin-left: 0px !important;background-color: #000000 !important;}&#8221; el_class=&#8221;sec_1&#8243; el_id=&#8221;Rsec_3&#8243;][vc_column width=&#8221;1\/2&#8243; css=&#8221;.vc_custom_1591265619062{padding-top: 0px !important;padding-right: 0px !important;padding-bottom: 0px !important;padding-left: 0px !important;}&#8221;][\/vc_column][vc_column width=&#8221;1\/2&#8243; el_class=&#8221;para&#8221; css=&#8221;.vc_custom_1591267374132{margin-top: 28px !important;margin-bottom: 28px !important;padding-top: 0px !important;padding-bottom: 0px !important;}&#8221;][\/vc_column][\/vc_row][vc_row full_width=&#8221;stretch_row&#8221; css=&#8221;.vc_custom_1687945972938{padding-top: 0px !important;padding-bottom: 0px !important;background-color: #000000 !important;}&#8221; el_id=&#8221;Row_tab_1&#8243; el_class=&#8221;tab_panel&#8221;][vc_column][vc_row_inner css=&#8221;.vc_custom_1591273025566{padding-top: 0px !important;padding-bottom: 0px !important;}&#8221;][vc_column_inner el_class=&#8221;video-btn&#8221; width=&#8221;1\/4&#8243; el_id=&#8221;video_cont&#8221;][vc_column_text]<iframe loading=\"lazy\" src=\"https:\/\/www.youtube.com\/embed\/L_YYu8pWVGM\" width=\"560\" height=\"210\" frameborder=\"0\" allowfullscreen=\"allowfullscreen\"><\/iframe>[\/vc_column_text][\/vc_column_inner][vc_column_inner el_class=&#8221;video-box&#8221; width=&#8221;1\/4&#8243; css=&#8221;.vc_custom_1600511082960{padding-top: 0px !important;}&#8221;][vc_column_text]<iframe loading=\"lazy\" src=\"https:\/\/www.youtube.com\/embed\/8twKa4uUHOw\" width=\"560\" height=\"210\" frameborder=\"0\" allowfullscreen=\"allowfullscreen\"><\/iframe>[\/vc_column_text][\/vc_column_inner][vc_column_inner width=&#8221;1\/4&#8243;][vc_column_text]<iframe loading=\"lazy\" src=\"https:\/\/www.youtube.com\/embed\/EHVZsY3vEkg\" width=\"560\" height=\"210\" frameborder=\"0\" allowfullscreen=\"allowfullscreen\"><\/iframe>[\/vc_column_text][\/vc_column_inner][vc_column_inner width=&#8221;1\/4&#8243;][vc_column_text]<iframe loading=\"lazy\" src=\"https:\/\/www.youtube.com\/embed\/85RSDxEl1vk\" width=\"560\" height=\"210\" frameborder=\"0\" allowfullscreen=\"allowfullscreen\"><\/iframe>[\/vc_column_text][\/vc_column_inner][\/vc_row_inner][vc_row_inner][vc_column_inner el_class=&#8221;video-btn&#8221; width=&#8221;1\/4&#8243;][vc_column_text]<iframe loading=\"lazy\" src=\"https:\/\/www.youtube.com\/embed\/DSzAWpfmvsE\" width=\"560\" height=\"210\" frameborder=\"0\" allowfullscreen=\"allowfullscreen\"><\/iframe>[\/vc_column_text][\/vc_column_inner][vc_column_inner el_class=&#8221;video-box&#8221; width=&#8221;1\/4&#8243;][vc_column_text]<iframe loading=\"lazy\" src=\"https:\/\/www.youtube.com\/embed\/xVbKFGA94Ak\" width=\"560\" height=\"210\" frameborder=\"0\" allowfullscreen=\"allowfullscreen\"><\/iframe>[\/vc_column_text][\/vc_column_inner][vc_column_inner width=&#8221;1\/4&#8243;][vc_column_text]<iframe loading=\"lazy\" src=\"https:\/\/www.youtube.com\/embed\/OsBzxNe6zGg\" width=\"560\" height=\"210\" frameborder=\"0\" allowfullscreen=\"allowfullscreen\"><\/iframe>[\/vc_column_text][\/vc_column_inner][vc_column_inner width=&#8221;1\/4&#8243;][\/vc_column_inner][\/vc_row_inner][\/vc_column][\/vc_row][vc_row full_width=&#8221;stretch_row&#8221; css=&#8221;.vc_custom_1688014929218{margin-top: 0px !important;padding-top: 0px !important;padding-bottom: 0px !important;background-color: #000000 !important;}&#8221; el_id=&#8221;Row_tab_3&#8243; el_class=&#8221;tab_panel&#8221;][vc_column][vc_row_inner][vc_column_inner el_class=&#8221;video-btn&#8221; width=&#8221;1\/2&#8243;][vc_column_text]<iframe loading=\"lazy\" src=\"https:\/\/www.youtube.com\/embed\/9lRn_bIsCqc\" width=\"560\" height=\"310\" frameborder=\"0\" allowfullscreen=\"allowfullscreen\"><\/iframe>[\/vc_column_text][\/vc_column_inner][vc_column_inner el_class=&#8221;video-box&#8221; width=&#8221;1\/2&#8243;][vc_column_text]<iframe loading=\"lazy\" src=\"https:\/\/www.youtube.com\/embed\/vxvjY_2y92E\" width=\"560\" height=\"310\" frameborder=\"0\" allowfullscreen=\"allowfullscreen\"><\/iframe>[\/vc_column_text][\/vc_column_inner][\/vc_row_inner][vc_row_inner][vc_column_inner el_class=&#8221;video-btn&#8221; width=&#8221;1\/2&#8243;][\/vc_column_inner][vc_column_inner el_class=&#8221;video-box&#8221; width=&#8221;1\/2&#8243;][vc_custom_heading text=&#8221;\u00bfC\u00f3mo convertirse en administrador de fondos?&#8221; font_container=&#8221;tag:h2|font_size:20|text_align:left|color:%23db0100&#8243; use_theme_fonts=&#8221;yes&#8221; el_class=&#8221;video-detail&#8221; css=&#8221;.vc_custom_1701074717952{margin-top: 10px !important;margin-right: 0px !important;margin-bottom: 10px !important;margin-left: 5px !important;}&#8221;][vc_column_text el_class=&#8221;video-detail&#8221; css=&#8221;.vc_custom_1710149973121{padding-bottom: 5% !important;}&#8221;]<span style=\"color: #333333;\">En este video aprenda c\u00f3mo registrar una cuenta de administrador de fondos con Xtreme markets. Si tiene buena experiencia en el comercio, demuestre sus habilidades y atraiga seguidores.<br \/>\n<\/span>[\/vc_column_text][\/vc_column_inner][\/vc_row_inner][\/vc_column][\/vc_row][vc_row full_width=&#8221;stretch_row&#8221; css=&#8221;.vc_custom_1687931125154{margin-bottom: 0px !important;background-color: #000000 !important;}&#8221; el_class=&#8221;register_with_xtreamforex&#8221;][vc_column][vc_column_text el_class=&#8221;para&#8221; css=&#8221;.vc_custom_1709703455642{margin-bottom: 16px !important;}&#8221;]<\/p>\n<p style=\"text-align: center; color: #fff; font-size: 35px; letter-spacing: 1px;\"><strong>REG\u00cdSTRESE EN <span style=\"color: #db1000;\">XTREME MARKETS<\/span><\/strong><\/p>\n<p>[\/vc_column_text][vc_column_text el_class=&#8221;para&#8221;]<\/p>\n<p style=\"text-align: center; color: #afafaf; margin-top: -10px; font-size: 14px; font-weight: 100;\"><strong>Aqu\u00ed tiene los pasos requeridos para crear una cuenta<\/strong><\/p>\n<p>[\/vc_column_text][\/vc_column][\/vc_row][vc_row full_width=&#8221;stretch_row&#8221; css=&#8221;.vc_custom_1688019156022{padding-bottom: 40px !important;background-color: #000000 !important;}&#8221; el_id=&#8221;last_sec_guidesection&#8221;][vc_column width=&#8221;1\/4&#8243; el_class=&#8221;round_img_1_XTG&#8221;][vc_single_image image=&#8221;21411&#8243; img_size=&#8221;full&#8221; alignment=&#8221;center&#8221;][vc_column_text el_class=&#8221;enrol_text&#8221;]<\/p>\n<h6 style=\"color: #db1000; font-size: 14px; text-align: center; margin-bottom: 5px; font-weight: 600; text-transform: capitalize;\">REG\u00cdSTRESE<\/h6>\n<p style=\"text-align: center; font-size: 12px; color: #000;\">Para abrir una cuenta de trading de Forex en Xtreme Markets, rellene toda la informaci\u00f3n en el formulario de registro online.<\/p>\n<p>[\/vc_column_text][\/vc_column][vc_column width=&#8221;1\/4&#8243; el_class=&#8221;round_img_2_XTG&#8221;][vc_single_image image=&#8221;21412&#8243; img_size=&#8221;full&#8221; alignment=&#8221;center&#8221;][vc_column_text el_class=&#8221;enrol_text&#8221;]<\/p>\n<h6 style=\"color: #db1000; font-size: 14px; text-align: center; margin-bottom: 5px; font-weight: 600; text-transform: capitalize;\">VERIFIQUE SU CUENTA<\/h6>\n<p style=\"text-align: center; font-size: 12px; color: #000;\">Para verificar su cuenta, tendr\u00e1 que enviar toda la documentaci\u00f3n solicitada.<\/p>\n<p>[\/vc_column_text][\/vc_column][vc_column width=&#8221;1\/4&#8243; el_class=&#8221;round_img_3_XTG&#8221;][vc_single_image image=&#8221;21413&#8243; img_size=&#8221;full&#8221; alignment=&#8221;center&#8221;][vc_column_text el_class=&#8221;enrol_text&#8221;]<\/p>\n<h6 style=\"color: #db1000; font-size: 14px; text-align: center; margin-bottom: 5px; font-weight: 600; text-transform: capitalize;\">A\u00d1ADA FONDOS<\/h6>\n<p style=\"text-align: center; font-size: 12px; color: #000;\">A\u00f1ada fondos en su cuenta de trading tras la verificaci\u00f3n de la misma.<\/p>\n<p>[\/vc_column_text][\/vc_column][vc_column width=&#8221;1\/4&#8243; el_class=&#8221;round_img_4_XTG&#8221;][vc_single_image image=&#8221;21414&#8243; img_size=&#8221; 245xauto&#8221; alignment=&#8221;center&#8221;][vc_column_text el_class=&#8221;enrol_text&#8221;]<\/p>\n<h6 style=\"color: #db1000; font-size: 14px; text-align: center; margin-bottom: 5px; font-weight: 600; text-transform: capitalize;\">OPERE<\/h6>\n<p style=\"text-align: center; font-size: 12px; color: #000;\">Puede empezar a operar inmediatamente tras finalizar el proceso de registro y depositar fondos.<\/p>\n<p>[\/vc_column_text][\/vc_column][\/vc_row][vc_row full_width=&#8221;stretch_row&#8221; css=&#8221;.vc_custom_1687931402405{background-color: #000000 !important;}&#8221;][vc_column width=&#8221;1\/6&#8243;][\/vc_column][vc_column width=&#8221;2\/3&#8243;][vc_row_inner][vc_column_inner width=&#8221;5\/12&#8243;][vc_btn title=&#8221;Abierto en vivo Cuenta&#8221; style=&#8221;custom&#8221; custom_background=&#8221;#000000&#8243; custom_text=&#8221;#ffffff&#8221; shape=&#8221;square&#8221; align=&#8221;center&#8221; el_class=&#8221;white_border&#8221; link=&#8221;url:https%3A%2F%2Fmy.xtreamforex.com%2FAccount%2FRegister.php||target:%20_blank|&#8221;][\/vc_column_inner][vc_column_inner width=&#8221;1\/6&#8243;][vc_column_text el_class=&#8221;ptxt&#8221;]<\/p>\n<p style=\"text-align: center;\">o<\/p>\n<p>[\/vc_column_text][\/vc_column_inner][vc_column_inner width=&#8221;5\/12&#8243;][vc_btn title=&#8221;Abrir cuenta demo&#8221; style=&#8221;custom&#8221; custom_background=&#8221;#000000&#8243; custom_text=&#8221;#ffffff&#8221; shape=&#8221;square&#8221; align=&#8221;center&#8221; el_class=&#8221;white_border&#8221; link=&#8221;url:https%3A%2F%2Fmy.xtreamforex.com%2FAccount%2FRegister.php||target:%20_blank|&#8221;][\/vc_column_inner][\/vc_row_inner][\/vc_column][vc_column width=&#8221;1\/6&#8243;][\/vc_column][\/vc_row][vc_row el_class=&#8221;remove_white_bg&#8221;][vc_column][vc_column_text][\/vc_column_text][\/vc_column][\/vc_row]<\/p>\n","protected":false},"excerpt":{"rendered":"<p>[vc_row full_width=&#8221;stretch_row&#8221; css=&#8221;.vc_custom_1698819097239{margin-top: 0px !important;margin-bottom: 0px !important;padding-top: 70px !important;padding-bottom: 70px !important;background-image: url(https:\/\/www.xtrememarkets.com\/ID\/wp-content\/uploads\/2023\/11\/Live-webinars.png?id=24527) !important;background-position: center !important;background-repeat: no-repeat !important;background-size: cover !important;}&#8221;][vc_column][vc_column_text] GU\u00cdA DE TUTORIALES DE XTREME MARKETS [\/vc_column_text][\/vc_column][\/vc_row][vc_row full_width=&#8221;stretch_row&#8221; css=&#8221;.vc_custom_1698825791223{margin-top: 0px !important;background-color: #000000 !important;}&#8221; el_class=&#8221;tool_need&#8221;][vc_column][vc_column_text] V\u00cdDEO TUTORIALES INTRODUCTORIOS DE XTREME MARKETS [\/vc_column_text][vc_column_text el_class=&#8221;video_text&#8221; css=&#8221;.vc_custom_1709703251431{margin-bottom: 0px !important;}&#8221;] Proporcionamos a nuestros traders todas las herramientas que necesitan para beneficiarse<\/p>\n... <a href=\"https:\/\/www.xtrememarkets.com\/ID\/es\/xtream-tutorial-guide-spanish\/\">continue reading<\/a>.","protected":false},"author":1,"featured_media":0,"parent":0,"menu_order":0,"comment_status":"closed","ping_status":"closed","template":"","meta":[],"yoast_head":"<!-- This site is optimized with the Yoast SEO Premium plugin v16.1 - https:\/\/yoast.com\/wordpress\/plugins\/seo\/ -->\r\n<title>Xtream Tutorial Guide- Learn easily &amp; earn Big!<\/title>\r\n<meta name=\"description\" content=\"Take advantage of Xtream Tutorial guide that will help you understand the concepts of copy trading, MetaTrader and the best way to make money online.\" \/>\r\n<link rel=\"canonical\" href=\"https:\/\/www.xtrememarkets.com\/ID\/es\/xtream-tutorial-guide-spanish\/\" \/>\r\n<meta property=\"og:locale\" content=\"en_US\" \/>\r\n<meta property=\"og:type\" content=\"article\" \/>\r\n<meta property=\"og:title\" content=\"Xtream Tutorial Guide- Learn easily &amp; earn Big!\" \/>\r\n<meta property=\"og:description\" content=\"Take advantage of Xtream Tutorial guide that will help you understand the concepts of copy trading, MetaTrader and the best way to make money online.\" \/>\r\n<meta property=\"og:url\" content=\"https:\/\/www.xtrememarkets.com\/ID\/es\/xtream-tutorial-guide-spanish\/\" \/>\r\n<meta property=\"og:site_name\" content=\"Xtreme Markets\" \/>\r\n<meta property=\"article:publisher\" content=\"https:\/\/www.facebook.com\/xtreamforex.official\/\" \/>\r\n<meta property=\"article:modified_time\" content=\"2024-03-11T09:39:57+00:00\" \/>\r\n<meta property=\"og:image\" content=\"https:\/\/www.xtrememarkets.com\/wp-content\/uploads\/2023\/07\/link-banner.jpg\" \/>\r\n<meta name=\"twitter:card\" content=\"summary_large_image\" \/>\r\n<meta name=\"twitter:site\" content=\"@xtreamforex\" \/>\r\n<meta name=\"twitter:label1\" content=\"Est. reading time\">\n\t<meta name=\"twitter:data1\" content=\"7 minutes\">\r\n<script type=\"application\/ld+json\" class=\"yoast-schema-graph\">{\"@context\":\"https:\/\/schema.org\",\"@graph\":[{\"@type\":[\"Organization\",\"Place\"],\"@id\":\"https:\/\/www.xtrememarkets.com\/ID\/#organization\",\"name\":\"Xtreamforex\",\"url\":\"https:\/\/www.xtrememarkets.com\/ID\/\",\"sameAs\":[\"https:\/\/www.facebook.com\/xtreamforex.official\/\",\"https:\/\/www.instagram.com\/xtreamforex.official\/\",\"https:\/\/in.linkedin.com\/company\/xtream-forex\",\"https:\/\/www.youtube.com\/channel\/UCbbTuJV9XhurjZciRLdvFBg\",\"https:\/\/www.pinterest.com\/xtreamforex_trading\/\",\"https:\/\/twitter.com\/xtreamforex\"],\"logo\":{\"@id\":\"https:\/\/www.xtrememarkets.com\/ID\/es\/xtream-tutorial-guide-spanish\/#local-main-organization-logo\"},\"image\":{\"@id\":\"https:\/\/www.xtrememarkets.com\/ID\/es\/xtream-tutorial-guide-spanish\/#local-main-organization-logo\"},\"openingHoursSpecification\":[{\"@type\":\"OpeningHoursSpecification\",\"dayOfWeek\":[\"Monday\",\"Tuesday\",\"Wednesday\",\"Thursday\",\"Friday\",\"Saturday\",\"Sunday\"],\"opens\":\"09:00\",\"closes\":\"17:00\"}]},{\"@type\":\"WebSite\",\"@id\":\"https:\/\/www.xtrememarkets.com\/ID\/#website\",\"url\":\"https:\/\/www.xtrememarkets.com\/ID\/\",\"name\":\"Xtreme Markets\",\"description\":\"\",\"publisher\":{\"@id\":\"https:\/\/www.xtrememarkets.com\/ID\/#organization\"},\"potentialAction\":[{\"@type\":\"SearchAction\",\"target\":\"https:\/\/www.xtrememarkets.com\/ID\/?s={search_term_string}\",\"query-input\":\"required name=search_term_string\"}],\"inLanguage\":\"en-US\"},{\"@type\":\"ImageObject\",\"@id\":\"https:\/\/www.xtrememarkets.com\/ID\/es\/xtream-tutorial-guide-spanish\/#primaryimage\",\"inLanguage\":\"en-US\",\"url\":\"\",\"contentUrl\":\"\"},{\"@type\":\"WebPage\",\"@id\":\"https:\/\/www.xtrememarkets.com\/ID\/es\/xtream-tutorial-guide-spanish\/#webpage\",\"url\":\"https:\/\/www.xtrememarkets.com\/ID\/es\/xtream-tutorial-guide-spanish\/\",\"name\":\"Xtream Tutorial Guide- Learn easily & earn Big!\",\"isPartOf\":{\"@id\":\"https:\/\/www.xtrememarkets.com\/ID\/#website\"},\"primaryImageOfPage\":{\"@id\":\"https:\/\/www.xtrememarkets.com\/ID\/es\/xtream-tutorial-guide-spanish\/#primaryimage\"},\"datePublished\":\"2020-09-17T10:59:19+00:00\",\"dateModified\":\"2024-03-11T09:39:57+00:00\",\"description\":\"Take advantage of Xtream Tutorial guide that will help you understand the concepts of copy trading, MetaTrader and the best way to make money online.\",\"breadcrumb\":{\"@id\":\"https:\/\/www.xtrememarkets.com\/ID\/es\/xtream-tutorial-guide-spanish\/#breadcrumb\"},\"inLanguage\":\"en-US\",\"potentialAction\":[{\"@type\":\"ReadAction\",\"target\":[\"https:\/\/www.xtrememarkets.com\/ID\/es\/xtream-tutorial-guide-spanish\/\"]}]},{\"@type\":\"BreadcrumbList\",\"@id\":\"https:\/\/www.xtrememarkets.com\/ID\/es\/xtream-tutorial-guide-spanish\/#breadcrumb\",\"itemListElement\":[{\"@type\":\"ListItem\",\"position\":1,\"item\":{\"@type\":\"WebPage\",\"@id\":\"https:\/\/www.xtrememarkets.com\/\",\"url\":\"https:\/\/www.xtrememarkets.com\/\",\"name\":\"Home\"}},{\"@type\":\"ListItem\",\"position\":2,\"item\":{\"@type\":\"WebPage\",\"@id\":\"https:\/\/www.xtrememarkets.com\/ID\/es\/xtream-tutorial-guide-spanish\/\",\"url\":\"https:\/\/www.xtrememarkets.com\/ID\/es\/xtream-tutorial-guide-spanish\/\",\"name\":\"Xtream Tutorial Guide\"}}]},{\"@type\":\"ImageObject\",\"@id\":\"https:\/\/www.xtrememarkets.com\/ID\/es\/xtream-tutorial-guide-spanish\/#local-main-organization-logo\",\"inLanguage\":\"en-US\",\"url\":\"https:\/\/www.xtrememarkets.com\/ID\/wp-content\/uploads\/2024\/02\/image_2024_02_23T12_39_46_331Z.png\",\"contentUrl\":\"https:\/\/www.xtrememarkets.com\/ID\/wp-content\/uploads\/2024\/02\/image_2024_02_23T12_39_46_331Z.png\",\"width\":800,\"height\":500,\"caption\":\"Xtreamforex\"}]}<\/script>\r\n<!-- \/ Yoast SEO Premium plugin. -->","_links":{"self":[{"href":"https:\/\/www.xtrememarkets.com\/ID\/wp-json\/wp\/v2\/pages\/25276"}],"collection":[{"href":"https:\/\/www.xtrememarkets.com\/ID\/wp-json\/wp\/v2\/pages"}],"about":[{"href":"https:\/\/www.xtrememarkets.com\/ID\/wp-json\/wp\/v2\/types\/page"}],"author":[{"embeddable":true,"href":"https:\/\/www.xtrememarkets.com\/ID\/wp-json\/wp\/v2\/users\/1"}],"replies":[{"embeddable":true,"href":"https:\/\/www.xtrememarkets.com\/ID\/wp-json\/wp\/v2\/comments?post=25276"}],"version-history":[{"count":7,"href":"https:\/\/www.xtrememarkets.com\/ID\/wp-json\/wp\/v2\/pages\/25276\/revisions"}],"predecessor-version":[{"id":27229,"href":"https:\/\/www.xtrememarkets.com\/ID\/wp-json\/wp\/v2\/pages\/25276\/revisions\/27229"}],"wp:attachment":[{"href":"https:\/\/www.xtrememarkets.com\/ID\/wp-json\/wp\/v2\/media?parent=25276"}],"curies":[{"name":"wp","href":"https:\/\/api.w.org\/{rel}","templated":true}]}}