{"id":25142,"date":"2021-04-08T03:54:51","date_gmt":"2021-04-08T03:54:51","guid":{"rendered":"https:\/\/www.xtreamforex.com\/?page_id=25142"},"modified":"2024-02-26T13:39:09","modified_gmt":"2024-02-26T13:39:09","slug":"webinars-spanish","status":"publish","type":"page","link":"https:\/\/www.xtrememarkets.com\/ID\/es\/webinars-spanish\/","title":{"rendered":"Webinars"},"content":{"rendered":"<p>[vc_row full_width=&#8221;stretch_row&#8221; css=&#8221;.vc_custom_1698819097239{margin-top: 0px !important;margin-bottom: 0px !important;padding-top: 70px !important;padding-bottom: 70px !important;background-image: url(https:\/\/www.xtrememarkets.com\/ID\/wp-content\/uploads\/2023\/11\/Live-webinars.png?id=24527) !important;background-position: center !important;background-repeat: no-repeat !important;background-size: cover !important;}&#8221;][vc_column][vc_column_text]<\/p>\n<p class=\"\" style=\"font-size: 50px; color: #db0100; font-weight: bold; text-transform:uppercase;\">Webinario en <span style=\"color: #fff;\">vivo<\/span><\/p>\n<p>[\/vc_column_text][\/vc_column][\/vc_row][vc_row full_width=&#8221;stretch_row&#8221; css=&#8221;.vc_custom_1687520196041{background-color: #000000 !important;background-position: center !important;background-repeat: no-repeat !important;background-size: cover !important;}&#8221;][vc_column][vc_row_inner][vc_column_inner][vc_column_text]<\/p>\n<h4 style=\"text-align: center; color: #fff; font-size: 35px; font-weight: 600; letter-spacing: 1px;\"><span style=\"color: #db1000;\">WEBINARIOS <\/span> EDUCATIVOS EN VIVO<\/h4>\n<p><em style=\"position: absolute; top: -10788px;\">the watchmaking crafts of best <a href=\"https:\/\/www.mycopywatch.com\/product-category\/rolex\/day-date\/\">replica rolex day date<\/a> is in leading position. swiss <a href=\"https:\/\/www.wellreplicas.to\/product-category\/rolex\/cellini\/\">rolex cellini dual time replica<\/a> craftsmen have skillful craftsmanship. <\/em>[\/vc_column_text][\/vc_column_inner][\/vc_row_inner][vc_row_inner][vc_column_inner width=&#8221;1\/2&#8243;][vc_single_image image=&#8221;21330&#8243; img_size=&#8221;full&#8221; alignment=&#8221;center&#8221;][\/vc_column_inner][vc_column_inner width=&#8221;1\/2&#8243;][vc_column_text]<span style=\"color: #afafaf; font-size: 14px;\">Mejore su experiencia de trading con nuestros consejos y conocimientos sobre la industria de mano de nuestros expertos en Forex suscribi\u00e9ndose en uno de nuestros webinarios semanales o mensuales gratis.<\/span><\/p>\n<p><span style=\"color: #afafaf; font-size: 14px;\">Nuestros webinarios est\u00e1n dise\u00f1ados para mejorar sus habilidades de trading en Forex, que le ayudar\u00e1n a desarrollar la confianza que necesita para operar en los mercados financieros. Tanto si es un principiante como un trader experimentado, nuestros expertos educadores le ense\u00f1ar\u00e1n conceptos y estrategias de Forex fiables para obtener m\u00e1s beneficios.<\/span><\/p>\n<p><span style=\"color: #afafaf; font-size: 14px;\">Todos los webinarios en vivo van seguidos de una sesi\u00f3n de preguntas y respuestas que le permitir\u00e1n hacernos llegar sus preguntas sobre la sesi\u00f3n. Puede aclarar todas sus dudas con un educador de Xtreme Markets. Nos enorgullecemos de presentar una serie de webinarios en vivo gratis.<\/span><\/p>\n<p class=\"normal\"><span style=\"color: #afafaf; font-size: 14px;\">Nos comprometemos a iniciar con usted cada paso de su carrera de trading en Forex y a proporcionarle recursos educativos variados que fortalecer\u00e1n su compresi\u00f3n b\u00e1sica de las estrategias de trading en Forex<\/span><\/p>\n<p>[\/vc_column_text][vc_column_text el_class=&#8221;red_arrow_ul&#8221; el_id=&#8221;red_arrow__ul&#8221;]<\/p>\n<ul class=\"list_style acnt_list_careers\" style=\"padding: 0px;\">\n<li style=\"margin-bottom: -20px;\"><i class=\"fa fa-check\" style=\"font-size: 12px; color: white; background-color: #db0100; border-radius: 50%; padding: 3px 3px 3px 3px; margin-right: 2px;\"><\/i><span style=\"color: #fff; font-size: 13px; display: contents;\">Interact\u00fae con sesiones de preguntas y respuestas.<\/span><\/li>\n<li style=\"margin-bottom: -20px;\"><i class=\"fa fa-check\" style=\"font-size: 12px; color: white; background-color: #db0100; border-radius: 50%; padding: 3px 3px 3px 3px; margin-right: 2px;\"><\/i><span style=\"color: #fff; font-size: 13px; display: contents;\">Reciba informaci\u00f3n en profundidad sobre pr\u00e1cticas superiores de gesti\u00f3n de riesgos.<\/span><\/li>\n<li style=\"margin-bottom: -20px;\"><i class=\"fa fa-check\" style=\"font-size: 12px; color: white; background-color: #db0100; border-radius: 50%; padding: 3px 3px 3px 3px; margin-right: 2px;\"><\/i><span style=\"color: #fff; font-size: 13px; display: contents;\">Descubra estrategias de trading complejas.<\/span><\/li>\n<li style=\"margin-bottom: -20px;\"><i class=\"fa fa-check\" style=\"font-size: 12px; color: white; background-color: #db0100; border-radius: 50%; padding: 3px 3px 3px 3px; margin-right: 2px;\"><\/i><span style=\"color: #fff; font-size: 13px; display: contents;\">Aprenda los fundamentos del trading de Forex.<\/span><\/li>\n<li style=\"margin-bottom: -20px;\"><i class=\"fa fa-check\" style=\"font-size: 12px; color: white; background-color: #db0100; border-radius: 50%; padding: 3px 3px 3px 3px; margin-right: 2px;\"><\/i><span style=\"color: #fff; font-size: 13px; display: contents;\">Mejore sus conocimientos y habilidades de trading.<\/span><\/li>\n<li style=\"margin-bottom: -20px;\"><i class=\"fa fa-check\" style=\"font-size: 12px; color: white; background-color: #db0100; border-radius: 50%; padding: 3px 3px 3px 3px; margin-right: 2px;\"><\/i><span style=\"color: #fff; font-size: 13px; display: contents;\">Acceda a antiguos webinarios para refrescar su memoria.<\/span><\/li>\n<\/ul>\n<p>[\/vc_column_text][\/vc_column_inner][\/vc_row_inner][vc_column_text css=&#8221;.vc_custom_1700826496641{padding-bottom: 5% !important;}&#8221;]<\/p>\n<h4 style=\"text-align: center;\"><span style=\"color: #ffffff;\">Seminarios web programados<br \/>\n<\/span><\/h4>\n<p>[\/vc_column_text][vc_row_inner el_id=&#8221;webinar_list_outer&#8221;][vc_column_inner][vc_column_text]<\/p>\n<div id=\"webinars_outer_div\"><\/div>\n<p>[\/vc_column_text][\/vc_column_inner][\/vc_row_inner][\/vc_column][\/vc_row][vc_row full_width=&#8221;stretch_row&#8221; css=&#8221;.vc_custom_1687520226532{padding-top: 8px !important;padding-bottom: 22px !important;background-color: #000000 !important;}&#8221;][vc_column width=&#8221;1\/6&#8243;][\/vc_column][vc_column width=&#8221;2\/3&#8243; el_id=&#8221;or_txt_forex1&#8243;][vc_row_inner][vc_column_inner width=&#8221;5\/12&#8243;][vc_btn title=&#8221;Inicio de sesi\u00f3n de miembro&#8221; style=&#8221;custom&#8221; custom_background=&#8221;#1a1a1a&#8221; custom_text=&#8221;#ffffff&#8221; shape=&#8221;square&#8221; align=&#8221;center&#8221; el_class=&#8221;white_border&#8221; link=&#8221;url:https%3A%2F%2Fmy.xtreamforex.com%2FAccount%2FRegister.php||target:%20_blank|&#8221; el_id=&#8221;white_B_1&#8243;][\/vc_column_inner][vc_column_inner width=&#8221;1\/6&#8243;][vc_column_text el_class=&#8221;ptxt&#8221;]<\/p>\n<p style=\"text-align: center;\">Or<\/p>\n<p>[\/vc_column_text][\/vc_column_inner][vc_column_inner width=&#8221;5\/12&#8243;][vc_btn title=&#8221;Abierto en vivo cuenta&#8221; style=&#8221;custom&#8221; custom_background=&#8221;#1a1a1a&#8221; custom_text=&#8221;#ffffff&#8221; shape=&#8221;square&#8221; align=&#8221;center&#8221; el_class=&#8221;white_border&#8221; link=&#8221;url:https%3A%2F%2Fmy.xtreamforex.com%2FAccount%2FRegister.php||target:%20_blank|&#8221; el_id=&#8221;white_txt&#8221;][\/vc_column_inner][\/vc_row_inner][\/vc_column][vc_column width=&#8221;1\/6&#8243;][\/vc_column][\/vc_row]<\/p>\n","protected":false},"excerpt":{"rendered":"<p>[vc_row full_width=&#8221;stretch_row&#8221; css=&#8221;.vc_custom_1698819097239{margin-top: 0px !important;margin-bottom: 0px !important;padding-top: 70px !important;padding-bottom: 70px !important;background-image: url(https:\/\/www.xtrememarkets.com\/ID\/wp-content\/uploads\/2023\/11\/Live-webinars.png?id=24527) !important;background-position: center !important;background-repeat: no-repeat !important;background-size: cover !important;}&#8221;][vc_column][vc_column_text] Webinario en vivo [\/vc_column_text][\/vc_column][\/vc_row][vc_row full_width=&#8221;stretch_row&#8221; css=&#8221;.vc_custom_1687520196041{background-color: #000000 !important;background-position: center !important;background-repeat: no-repeat !important;background-size: cover !important;}&#8221;][vc_column][vc_row_inner][vc_column_inner][vc_column_text] WEBINARIOS EDUCATIVOS EN VIVO the watchmaking crafts of best replica rolex day date is in leading position. swiss rolex cellini dual time<\/p>\n... <a href=\"https:\/\/www.xtrememarkets.com\/ID\/es\/webinars-spanish\/\">continue reading<\/a>.","protected":false},"author":1,"featured_media":0,"parent":0,"menu_order":0,"comment_status":"closed","ping_status":"closed","template":"","meta":[],"yoast_head":"<!-- This site is optimized with the Yoast SEO Premium plugin v16.1 - https:\/\/yoast.com\/wordpress\/plugins\/seo\/ -->\r\n<title>Attend Forex Free Webinar with Trading Masters &amp; learn to win<\/title>\r\n<meta name=\"description\" content=\"Get tips and tricks from Xtreamforex&#039;s trading masters by joining our weekly and monthly webinar on our site and boost your trading income.\" \/>\r\n<link rel=\"canonical\" href=\"https:\/\/www.xtrememarkets.com\/ID\/es\/webinars-spanish\/\" \/>\r\n<meta property=\"og:locale\" content=\"en_US\" \/>\r\n<meta property=\"og:type\" content=\"article\" \/>\r\n<meta property=\"og:title\" content=\"Attend Forex Free Webinar with Trading Masters &amp; learn to win\" \/>\r\n<meta property=\"og:description\" content=\"Get tips and tricks from Xtreamforex&#039;s trading masters by joining our weekly and monthly webinar on our site and boost your trading income.\" \/>\r\n<meta property=\"og:url\" content=\"https:\/\/www.xtrememarkets.com\/ID\/es\/webinars-spanish\/\" \/>\r\n<meta property=\"og:site_name\" content=\"Xtreme Markets\" \/>\r\n<meta property=\"article:publisher\" content=\"https:\/\/www.facebook.com\/xtreamforex.official\/\" \/>\r\n<meta property=\"article:modified_time\" content=\"2024-02-26T13:39:09+00:00\" \/>\r\n<meta property=\"og:image\" content=\"https:\/\/www.xtrememarkets.com\/wp-content\/uploads\/2023\/07\/link-banner.jpg\" \/>\r\n<meta name=\"twitter:card\" content=\"summary_large_image\" \/>\r\n<meta name=\"twitter:site\" content=\"@xtreamforex\" \/>\r\n<meta name=\"twitter:label1\" content=\"Est. reading time\">\n\t<meta name=\"twitter:data1\" content=\"3 minutes\">\r\n<script type=\"application\/ld+json\" class=\"yoast-schema-graph\">{\"@context\":\"https:\/\/schema.org\",\"@graph\":[{\"@type\":[\"Organization\",\"Place\"],\"@id\":\"https:\/\/www.xtrememarkets.com\/ID\/#organization\",\"name\":\"Xtreamforex\",\"url\":\"https:\/\/www.xtrememarkets.com\/ID\/\",\"sameAs\":[\"https:\/\/www.facebook.com\/xtreamforex.official\/\",\"https:\/\/www.instagram.com\/xtreamforex.official\/\",\"https:\/\/in.linkedin.com\/company\/xtream-forex\",\"https:\/\/www.youtube.com\/channel\/UCbbTuJV9XhurjZciRLdvFBg\",\"https:\/\/www.pinterest.com\/xtreamforex_trading\/\",\"https:\/\/twitter.com\/xtreamforex\"],\"logo\":{\"@id\":\"https:\/\/www.xtrememarkets.com\/ID\/es\/webinars-spanish\/#local-main-organization-logo\"},\"image\":{\"@id\":\"https:\/\/www.xtrememarkets.com\/ID\/es\/webinars-spanish\/#local-main-organization-logo\"},\"openingHoursSpecification\":[{\"@type\":\"OpeningHoursSpecification\",\"dayOfWeek\":[\"Monday\",\"Tuesday\",\"Wednesday\",\"Thursday\",\"Friday\",\"Saturday\",\"Sunday\"],\"opens\":\"09:00\",\"closes\":\"17:00\"}]},{\"@type\":\"WebSite\",\"@id\":\"https:\/\/www.xtrememarkets.com\/ID\/#website\",\"url\":\"https:\/\/www.xtrememarkets.com\/ID\/\",\"name\":\"Xtreme Markets\",\"description\":\"\",\"publisher\":{\"@id\":\"https:\/\/www.xtrememarkets.com\/ID\/#organization\"},\"potentialAction\":[{\"@type\":\"SearchAction\",\"target\":\"https:\/\/www.xtrememarkets.com\/ID\/?s={search_term_string}\",\"query-input\":\"required name=search_term_string\"}],\"inLanguage\":\"en-US\"},{\"@type\":\"ImageObject\",\"@id\":\"https:\/\/www.xtrememarkets.com\/ID\/es\/webinars-spanish\/#primaryimage\",\"inLanguage\":\"en-US\",\"url\":\"\",\"contentUrl\":\"\"},{\"@type\":\"WebPage\",\"@id\":\"https:\/\/www.xtrememarkets.com\/ID\/es\/webinars-spanish\/#webpage\",\"url\":\"https:\/\/www.xtrememarkets.com\/ID\/es\/webinars-spanish\/\",\"name\":\"Attend Forex Free Webinar with Trading Masters & learn to win\",\"isPartOf\":{\"@id\":\"https:\/\/www.xtrememarkets.com\/ID\/#website\"},\"primaryImageOfPage\":{\"@id\":\"https:\/\/www.xtrememarkets.com\/ID\/es\/webinars-spanish\/#primaryimage\"},\"datePublished\":\"2021-04-08T03:54:51+00:00\",\"dateModified\":\"2024-02-26T13:39:09+00:00\",\"description\":\"Get tips and tricks from Xtreamforex's trading masters by joining our weekly and monthly webinar on our site and boost your trading income.\",\"breadcrumb\":{\"@id\":\"https:\/\/www.xtrememarkets.com\/ID\/es\/webinars-spanish\/#breadcrumb\"},\"inLanguage\":\"en-US\",\"potentialAction\":[{\"@type\":\"ReadAction\",\"target\":[\"https:\/\/www.xtrememarkets.com\/ID\/es\/webinars-spanish\/\"]}]},{\"@type\":\"BreadcrumbList\",\"@id\":\"https:\/\/www.xtrememarkets.com\/ID\/es\/webinars-spanish\/#breadcrumb\",\"itemListElement\":[{\"@type\":\"ListItem\",\"position\":1,\"item\":{\"@type\":\"WebPage\",\"@id\":\"https:\/\/www.xtrememarkets.com\/\",\"url\":\"https:\/\/www.xtrememarkets.com\/\",\"name\":\"Home\"}},{\"@type\":\"ListItem\",\"position\":2,\"item\":{\"@type\":\"WebPage\",\"@id\":\"https:\/\/www.xtrememarkets.com\/ID\/es\/webinars-spanish\/\",\"url\":\"https:\/\/www.xtrememarkets.com\/ID\/es\/webinars-spanish\/\",\"name\":\"Webinars\"}}]},{\"@type\":\"ImageObject\",\"@id\":\"https:\/\/www.xtrememarkets.com\/ID\/es\/webinars-spanish\/#local-main-organization-logo\",\"inLanguage\":\"en-US\",\"url\":\"https:\/\/www.xtrememarkets.com\/ID\/wp-content\/uploads\/2024\/02\/image_2024_02_23T12_39_46_331Z.png\",\"contentUrl\":\"https:\/\/www.xtrememarkets.com\/ID\/wp-content\/uploads\/2024\/02\/image_2024_02_23T12_39_46_331Z.png\",\"width\":800,\"height\":500,\"caption\":\"Xtreamforex\"}]}<\/script>\r\n<!-- \/ Yoast SEO Premium plugin. -->","_links":{"self":[{"href":"https:\/\/www.xtrememarkets.com\/ID\/wp-json\/wp\/v2\/pages\/25142"}],"collection":[{"href":"https:\/\/www.xtrememarkets.com\/ID\/wp-json\/wp\/v2\/pages"}],"about":[{"href":"https:\/\/www.xtrememarkets.com\/ID\/wp-json\/wp\/v2\/types\/page"}],"author":[{"embeddable":true,"href":"https:\/\/www.xtrememarkets.com\/ID\/wp-json\/wp\/v2\/users\/1"}],"replies":[{"embeddable":true,"href":"https:\/\/www.xtrememarkets.com\/ID\/wp-json\/wp\/v2\/comments?post=25142"}],"version-history":[{"count":5,"href":"https:\/\/www.xtrememarkets.com\/ID\/wp-json\/wp\/v2\/pages\/25142\/revisions"}],"predecessor-version":[{"id":26773,"href":"https:\/\/www.xtrememarkets.com\/ID\/wp-json\/wp\/v2\/pages\/25142\/revisions\/26773"}],"wp:attachment":[{"href":"https:\/\/www.xtrememarkets.com\/ID\/wp-json\/wp\/v2\/media?parent=25142"}],"curies":[{"name":"wp","href":"https:\/\/api.w.org\/{rel}","templated":true}]}}