{"id":25122,"date":"2020-05-15T11:43:18","date_gmt":"2020-05-15T11:43:18","guid":{"rendered":"https:\/\/www.xtreamforex.com\/?page_id=25122"},"modified":"2024-02-26T13:37:00","modified_gmt":"2024-02-26T13:37:00","slug":"trading-tools-spanish","status":"publish","type":"page","link":"https:\/\/www.xtrememarkets.com\/ID\/es\/trading-tools-spanish\/","title":{"rendered":"Powerful Trading Tools"},"content":{"rendered":"<p>[vc_row full_width=&#8221;stretch_row&#8221; css=&#8221;.vc_custom_1698760659888{margin-top: 0px !important;margin-bottom: 0px !important;padding-top: 70px !important;padding-bottom: 70px !important;background-image: url(https:\/\/www.xtrememarkets.com\/ID\/wp-content\/uploads\/2023\/10\/trading-tools.png?id=24513) !important;background-position: center !important;background-repeat: no-repeat !important;background-size: cover !important;}&#8221;][vc_column][vc_column_text]<\/p>\n<p class=\"\" style=\"font-size: 50px; color: #db0100; font-weight: bold; text-transform:uppercase;\">Herramientas de <span style=\"color: #fff;\">trading<br \/>\n<\/span><\/p>\n<p>[\/vc_column_text][\/vc_column][\/vc_row][vc_row full_width=&#8221;stretch_row&#8221; css=&#8221;.vc_custom_1698760682775{margin-top: 0px !important;background-color: #000000 !important;}&#8221;][vc_column el_id=&#8221;T_T_first_p&#8221;][vc_column_text css=&#8221;.vc_custom_1708954598585{padding-top: 10px !important;padding-right: 10px !important;padding-bottom: 10px !important;padding-left: 10px !important;}&#8221; el_class=&#8221;aa&#8221;]<\/p>\n<p style=\"color: #afafaf; font-size: 15px; line-height: 25px;\">\u00a1No se pierda la oportunidad de minimizar su riesgo! Mejore sus estrategias de trading y tome mejores decisiones con las potentes herramientas de trading de XtremeMarkets, como el conversor de divisas, calculadoras de pips y otros mecanismos de trading que pueden utilizarse en el mercado de Forex.<\/p>\n<p>[\/vc_column_text][\/vc_column][\/vc_row][vc_row full_width=&#8221;stretch_row&#8221; css=&#8221;.vc_custom_1689155140161{padding-bottom: 28px !important;background-color: #000000 !important;}&#8221; el_class=&#8221;rowpd&#8221;][vc_column width=&#8221;1\/3&#8243; el_id=&#8221;imgs_TT&#8221;][vc_single_image image=&#8221;22001&#8243; img_size=&#8221;350&#215;230&#8243; alignment=&#8221;center&#8221; css=&#8221;.vc_custom_1697026826525{margin-top: -35px !important;margin-bottom: 0px !important;margin-left: -15px !important;}&#8221; el_class=&#8221;boximg&#8221;][\/vc_column][vc_column width=&#8221;2\/3&#8243; el_class=&#8221;colpdng&#8221; el_id=&#8221;trading_first_sec-1&#8243;][vc_column_text el_class=&#8221;boxhd&#8221;]<span style=\"color: #ffffff;\"><strong>Festivos de <\/strong> Forex<\/span>[\/vc_column_text][vc_column_text el_class=&#8221;boxpara&#8221; el_id=&#8221;pip_calculator&#8221;]<span style=\"color: #afafaf; font-size: 15px;\">Aqu\u00ed tiene una lista detallada de los festivos a nivel mundial que pueden influir en el trading de Forex. \u00a1Consulte la lista detallada del calendario de festivos de Forex!<\/span>[\/vc_column_text][vc_btn title=&#8221;Utilice esta herramienta&#8221; style=&#8221;custom&#8221; custom_background=&#8221;#db0100&#8243; custom_text=&#8221;#dedede&#8221; shape=&#8221;square&#8221; link=&#8221;url:https%3A%2F%2Fxtreamforex.com%2Fes%2Fforex-holidays-spanish%2F|||&#8221; el_class=&#8221;boxbtn2 use_this_tool&#8221; el_id=&#8221;TT_first_btn&#8221;][\/vc_column][\/vc_row][vc_row full_width=&#8221;stretch_row&#8221; css=&#8221;.vc_custom_1689155155896{padding-bottom: 28px !important;background-color: #000000 !important;}&#8221; el_class=&#8221;rowpd&#8221;][vc_column width=&#8221;1\/3&#8243; el_id=&#8221;imgs_TT&#8221;][vc_single_image image=&#8221;22000&#8243; img_size=&#8221;350&#215;230&#8243; alignment=&#8221;center&#8221; css=&#8221;.vc_custom_1697026835111{margin-top: -35px !important;margin-bottom: 0px !important;margin-left: -15px !important;}&#8221; el_class=&#8221;boximg&#8221;][\/vc_column][vc_column width=&#8221;2\/3&#8243; el_class=&#8221;colpdng&#8221; el_id=&#8221;trading_first_sec-2&#8243;][vc_column_text el_class=&#8221;boxhd&#8221;]<span style=\"color: #ffffff;\"><strong>Calculadora del tama\u00f1o de <\/strong> posici\u00f3n<\/span>[\/vc_column_text][vc_column_text el_class=&#8221;boxpara&#8221;]<span style=\"color: #afafaf; font-size: 15px;\">La calculadora del tama\u00f1o de posici\u00f3n ayuda a analizar el valor en tiempo real con los precios de mercado actuales y le proporciona resultados precisos.<\/span>[\/vc_column_text][vc_btn title=&#8221;Utilice esta herramienta&#8221; style=&#8221;custom&#8221; custom_background=&#8221;#db0100&#8243; custom_text=&#8221;#dedede&#8221; shape=&#8221;square&#8221; el_class=&#8221;boxbtn2&#8243; css=&#8221;.vc_custom_1700726984357{margin-top: -12px !important;padding-top: 0px !important;padding-right: 0px !important;padding-bottom: 0px !important;padding-left: 0px !important;}&#8221; link=&#8221;url:https%3A%2F%2Fxtreamforex.com%2Fes%2Fposition-size-calculator-spanish%2F|||&#8221; el_id=&#8221;TT_first_btn&#8221;][\/vc_column][\/vc_row][vc_row full_width=&#8221;stretch_row&#8221; css=&#8221;.vc_custom_1689155161468{padding-bottom: 28px !important;background-color: #000000 !important;}&#8221; el_class=&#8221;rowpd&#8221;][vc_column width=&#8221;1\/3&#8243; el_id=&#8221;imgs_TT&#8221;][vc_single_image image=&#8221;21999&#8243; img_size=&#8221;350&#215;230&#8243; alignment=&#8221;center&#8221; css=&#8221;.vc_custom_1697026840948{margin-top: -35px !important;margin-bottom: 0px !important;margin-left: -15px !important;}&#8221; el_class=&#8221;boximg&#8221;][\/vc_column][vc_column width=&#8221;2\/3&#8243; el_class=&#8221;colpdng&#8221; el_id=&#8221;trading_first_sec-3&#8243;][vc_column_text el_class=&#8221;boxhd&#8221;]<span style=\"color: #ffffff;\"><strong>Calculadora de <\/strong> pips<\/span>[\/vc_column_text][vc_column_text el_class=&#8221;boxpara&#8221; el_id=&#8221;pip_calculator&#8221;]<span style=\"color: #afafaf; font-size: 15px;\">Use la calculadora de pips y opere con CFDs sobre Forex para calcular el valor del pip que desea negociar en forex.<\/span>[\/vc_column_text][vc_btn title=&#8221;Utilice esta herramienta&#8221; style=&#8221;custom&#8221; custom_background=&#8221;#db0100&#8243; custom_text=&#8221;#dedede&#8221; shape=&#8221;square&#8221; el_class=&#8221;boxbtn2 use_this_tool&#8221; css=&#8221;.vc_custom_1700727005362{margin-top: -10px !important;padding-top: 0px !important;padding-right: 0px !important;padding-bottom: 0px !important;padding-left: 0px !important;}&#8221; link=&#8221;url:https%3A%2F%2Fxtreamforex.com%2Fes%2Fpip-calculator-spanish%2F|||&#8221; el_id=&#8221;TT_first_btn&#8221;][\/vc_column][\/vc_row][vc_row full_width=&#8221;stretch_row&#8221; css=&#8221;.vc_custom_1689155233767{padding-bottom: 28px !important;background-color: #000000 !important;}&#8221; el_class=&#8221;rowpd&#8221;][vc_column width=&#8221;1\/3&#8243; el_id=&#8221;imgs_TT&#8221;][vc_single_image image=&#8221;21998&#8243; img_size=&#8221;350&#215;230&#8243; alignment=&#8221;center&#8221; css=&#8221;.vc_custom_1697026847372{margin-top: -35px !important;margin-bottom: 0px !important;margin-left: -15px !important;}&#8221; el_class=&#8221;boximg&#8221;][\/vc_column][vc_column width=&#8221;2\/3&#8243; el_class=&#8221;colpdng&#8221; el_id=&#8221;trading_first_sec-4&#8243;][vc_column_text el_class=&#8221;boxhd&#8221;]<span style=\"color: #ffffff;\"><strong>Calendario <\/strong> econ\u00f3mico<\/span>[\/vc_column_text][vc_column_text el_class=&#8221;boxpara&#8221; el_id=&#8221;pip_calculator&#8221;]<span style=\"color: #afafaf; font-size: 15px;\">Mant\u00e9ngase al d\u00eda de todos los eventos econ\u00f3micos que mueven los mercados en todo el mundo. Una forma sencilla de seguir las actualizaciones econ\u00f3micas.<\/span>[\/vc_column_text][vc_btn title=&#8221;Utilice esta herramienta&#8221; style=&#8221;custom&#8221; custom_background=&#8221;#db0100&#8243; custom_text=&#8221;#dedede&#8221; shape=&#8221;square&#8221; el_class=&#8221;boxbtn2&#8243; css=&#8221;.vc_custom_1700727136563{margin-top: -10px !important;padding-top: 0px !important;padding-right: 0px !important;padding-bottom: 0px !important;padding-left: 0px !important;}&#8221; link=&#8221;url:https%3A%2F%2Fxtreamforex.com%2Fes%2Feconomic-calendar-spanish%2F|||&#8221; el_id=&#8221;TT_first_btn&#8221;][\/vc_column][\/vc_row][vc_row full_width=&#8221;stretch_row&#8221; css=&#8221;.vc_custom_1689157980024{background-color: #000000 !important;}&#8221;][vc_column width=&#8221;1\/6&#8243;][\/vc_column][vc_column width=&#8221;2\/3&#8243;][vc_row_inner][vc_column_inner width=&#8221;5\/12&#8243;][vc_btn title=&#8221;Abierto en vivo Cuenta&#8221; style=&#8221;custom&#8221; custom_background=&#8221;#000000&#8243; custom_text=&#8221;#ffffff&#8221; shape=&#8221;square&#8221; align=&#8221;center&#8221; el_class=&#8221;white_border black_btn&#8221; link=&#8221;url:https%3A%2F%2Fmy.xtreamforex.com%2FAccount%2FRegister.php||target:%20_blank|&#8221;][\/vc_column_inner][vc_column_inner width=&#8221;1\/6&#8243;][vc_column_text]<\/p>\n<p style=\"text-align: center;\"><span style=\"color: #ffffff;\">o<\/span><\/p>\n<p>[\/vc_column_text][\/vc_column_inner][vc_column_inner width=&#8221;5\/12&#8243;][vc_btn title=&#8221;Abrir cuenta demo&#8221; style=&#8221;custom&#8221; custom_background=&#8221;#000000&#8243; custom_text=&#8221;#ffffff&#8221; shape=&#8221;square&#8221; align=&#8221;center&#8221; el_class=&#8221;white_border black_btn&#8221; link=&#8221;url:https%3A%2F%2Fmy.xtreamforex.com%2FAccount%2FRegister.php||target:%20_blank|&#8221;][\/vc_column_inner][\/vc_row_inner][\/vc_column][vc_column width=&#8221;1\/6&#8243;][\/vc_column][\/vc_row]<\/p>\n","protected":false},"excerpt":{"rendered":"<p>[vc_row full_width=&#8221;stretch_row&#8221; css=&#8221;.vc_custom_1698760659888{margin-top: 0px !important;margin-bottom: 0px !important;padding-top: 70px !important;padding-bottom: 70px !important;background-image: url(https:\/\/www.xtrememarkets.com\/ID\/wp-content\/uploads\/2023\/10\/trading-tools.png?id=24513) !important;background-position: center !important;background-repeat: no-repeat !important;background-size: cover !important;}&#8221;][vc_column][vc_column_text] Herramientas de trading [\/vc_column_text][\/vc_column][\/vc_row][vc_row full_width=&#8221;stretch_row&#8221; css=&#8221;.vc_custom_1698760682775{margin-top: 0px !important;background-color: #000000 !important;}&#8221;][vc_column el_id=&#8221;T_T_first_p&#8221;][vc_column_text css=&#8221;.vc_custom_1708954598585{padding-top: 10px !important;padding-right: 10px !important;padding-bottom: 10px !important;padding-left: 10px !important;}&#8221; el_class=&#8221;aa&#8221;] \u00a1No se pierda la oportunidad de minimizar su riesgo! Mejore sus estrategias de trading y<\/p>\n... <a href=\"https:\/\/www.xtrememarkets.com\/ID\/es\/trading-tools-spanish\/\">continue reading<\/a>.","protected":false},"author":1,"featured_media":0,"parent":0,"menu_order":0,"comment_status":"closed","ping_status":"closed","template":"","meta":[],"yoast_head":"<!-- This site is optimized with the Yoast SEO Premium plugin v16.1 - https:\/\/yoast.com\/wordpress\/plugins\/seo\/ -->\r\n<title>Powerful Trading Tools | Xtreme Markets<\/title>\r\n<meta name=\"description\" content=\"Improve your trading strategies and make better decisions with XtreamForex powerful Trading Tools such as currency converter, pip calculators and various other trding mechanisms. | Xtreme Markets\" \/>\r\n<link rel=\"canonical\" href=\"https:\/\/www.xtrememarkets.com\/ID\/es\/trading-tools-spanish\/\" \/>\r\n<meta property=\"og:locale\" content=\"en_US\" \/>\r\n<meta property=\"og:type\" content=\"article\" \/>\r\n<meta property=\"og:title\" content=\"Powerful Trading Tools | Xtreme Markets\" \/>\r\n<meta property=\"og:description\" content=\"Improve your trading strategies and make better decisions with XtreamForex powerful Trading Tools such as currency converter, pip calculators and various other trding mechanisms. | Xtreme Markets\" \/>\r\n<meta property=\"og:url\" content=\"https:\/\/www.xtrememarkets.com\/ID\/es\/trading-tools-spanish\/\" \/>\r\n<meta property=\"og:site_name\" content=\"Xtreme Markets\" \/>\r\n<meta property=\"article:publisher\" content=\"https:\/\/www.facebook.com\/xtreamforex.official\/\" \/>\r\n<meta property=\"article:modified_time\" content=\"2024-02-26T13:37:00+00:00\" \/>\r\n<meta property=\"og:image\" content=\"https:\/\/www.xtrememarkets.com\/wp-content\/uploads\/2023\/07\/link-banner.jpg\" \/>\r\n<meta name=\"twitter:card\" content=\"summary_large_image\" \/>\r\n<meta name=\"twitter:site\" content=\"@xtreamforex\" \/>\r\n<meta name=\"twitter:label1\" content=\"Est. reading time\">\n\t<meta name=\"twitter:data1\" content=\"5 minutes\">\r\n<script type=\"application\/ld+json\" class=\"yoast-schema-graph\">{\"@context\":\"https:\/\/schema.org\",\"@graph\":[{\"@type\":[\"Organization\",\"Place\"],\"@id\":\"https:\/\/www.xtrememarkets.com\/ID\/#organization\",\"name\":\"Xtreamforex\",\"url\":\"https:\/\/www.xtrememarkets.com\/ID\/\",\"sameAs\":[\"https:\/\/www.facebook.com\/xtreamforex.official\/\",\"https:\/\/www.instagram.com\/xtreamforex.official\/\",\"https:\/\/in.linkedin.com\/company\/xtream-forex\",\"https:\/\/www.youtube.com\/channel\/UCbbTuJV9XhurjZciRLdvFBg\",\"https:\/\/www.pinterest.com\/xtreamforex_trading\/\",\"https:\/\/twitter.com\/xtreamforex\"],\"logo\":{\"@id\":\"https:\/\/www.xtrememarkets.com\/ID\/es\/trading-tools-spanish\/#local-main-organization-logo\"},\"image\":{\"@id\":\"https:\/\/www.xtrememarkets.com\/ID\/es\/trading-tools-spanish\/#local-main-organization-logo\"},\"openingHoursSpecification\":[{\"@type\":\"OpeningHoursSpecification\",\"dayOfWeek\":[\"Monday\",\"Tuesday\",\"Wednesday\",\"Thursday\",\"Friday\",\"Saturday\",\"Sunday\"],\"opens\":\"09:00\",\"closes\":\"17:00\"}]},{\"@type\":\"WebSite\",\"@id\":\"https:\/\/www.xtrememarkets.com\/ID\/#website\",\"url\":\"https:\/\/www.xtrememarkets.com\/ID\/\",\"name\":\"Xtreme Markets\",\"description\":\"\",\"publisher\":{\"@id\":\"https:\/\/www.xtrememarkets.com\/ID\/#organization\"},\"potentialAction\":[{\"@type\":\"SearchAction\",\"target\":\"https:\/\/www.xtrememarkets.com\/ID\/?s={search_term_string}\",\"query-input\":\"required name=search_term_string\"}],\"inLanguage\":\"en-US\"},{\"@type\":\"ImageObject\",\"@id\":\"https:\/\/www.xtrememarkets.com\/ID\/es\/trading-tools-spanish\/#primaryimage\",\"inLanguage\":\"en-US\",\"url\":\"\",\"contentUrl\":\"\"},{\"@type\":\"WebPage\",\"@id\":\"https:\/\/www.xtrememarkets.com\/ID\/es\/trading-tools-spanish\/#webpage\",\"url\":\"https:\/\/www.xtrememarkets.com\/ID\/es\/trading-tools-spanish\/\",\"name\":\"Powerful Trading Tools | Xtreme Markets\",\"isPartOf\":{\"@id\":\"https:\/\/www.xtrememarkets.com\/ID\/#website\"},\"primaryImageOfPage\":{\"@id\":\"https:\/\/www.xtrememarkets.com\/ID\/es\/trading-tools-spanish\/#primaryimage\"},\"datePublished\":\"2020-05-15T11:43:18+00:00\",\"dateModified\":\"2024-02-26T13:37:00+00:00\",\"description\":\"Improve your trading strategies and make better decisions with XtreamForex powerful Trading Tools such as currency converter, pip calculators and various other trding mechanisms. | Xtreme Markets\",\"breadcrumb\":{\"@id\":\"https:\/\/www.xtrememarkets.com\/ID\/es\/trading-tools-spanish\/#breadcrumb\"},\"inLanguage\":\"en-US\",\"potentialAction\":[{\"@type\":\"ReadAction\",\"target\":[\"https:\/\/www.xtrememarkets.com\/ID\/es\/trading-tools-spanish\/\"]}]},{\"@type\":\"BreadcrumbList\",\"@id\":\"https:\/\/www.xtrememarkets.com\/ID\/es\/trading-tools-spanish\/#breadcrumb\",\"itemListElement\":[{\"@type\":\"ListItem\",\"position\":1,\"item\":{\"@type\":\"WebPage\",\"@id\":\"https:\/\/www.xtrememarkets.com\/\",\"url\":\"https:\/\/www.xtrememarkets.com\/\",\"name\":\"Home\"}},{\"@type\":\"ListItem\",\"position\":2,\"item\":{\"@type\":\"WebPage\",\"@id\":\"https:\/\/www.xtrememarkets.com\/ID\/es\/trading-tools-spanish\/\",\"url\":\"https:\/\/www.xtrememarkets.com\/ID\/es\/trading-tools-spanish\/\",\"name\":\"Powerful Trading Tools\"}}]},{\"@type\":\"ImageObject\",\"@id\":\"https:\/\/www.xtrememarkets.com\/ID\/es\/trading-tools-spanish\/#local-main-organization-logo\",\"inLanguage\":\"en-US\",\"url\":\"https:\/\/www.xtrememarkets.com\/ID\/wp-content\/uploads\/2024\/02\/image_2024_02_23T12_39_46_331Z.png\",\"contentUrl\":\"https:\/\/www.xtrememarkets.com\/ID\/wp-content\/uploads\/2024\/02\/image_2024_02_23T12_39_46_331Z.png\",\"width\":800,\"height\":500,\"caption\":\"Xtreamforex\"}]}<\/script>\r\n<!-- \/ Yoast SEO Premium plugin. -->","_links":{"self":[{"href":"https:\/\/www.xtrememarkets.com\/ID\/wp-json\/wp\/v2\/pages\/25122"}],"collection":[{"href":"https:\/\/www.xtrememarkets.com\/ID\/wp-json\/wp\/v2\/pages"}],"about":[{"href":"https:\/\/www.xtrememarkets.com\/ID\/wp-json\/wp\/v2\/types\/page"}],"author":[{"embeddable":true,"href":"https:\/\/www.xtrememarkets.com\/ID\/wp-json\/wp\/v2\/users\/1"}],"replies":[{"embeddable":true,"href":"https:\/\/www.xtrememarkets.com\/ID\/wp-json\/wp\/v2\/comments?post=25122"}],"version-history":[{"count":6,"href":"https:\/\/www.xtrememarkets.com\/ID\/wp-json\/wp\/v2\/pages\/25122\/revisions"}],"predecessor-version":[{"id":26772,"href":"https:\/\/www.xtrememarkets.com\/ID\/wp-json\/wp\/v2\/pages\/25122\/revisions\/26772"}],"wp:attachment":[{"href":"https:\/\/www.xtrememarkets.com\/ID\/wp-json\/wp\/v2\/media?parent=25122"}],"curies":[{"name":"wp","href":"https:\/\/api.w.org\/{rel}","templated":true}]}}