{"id":25036,"date":"2022-12-03T11:04:28","date_gmt":"2022-12-03T11:04:28","guid":{"rendered":"https:\/\/www.xtreamforex.com\/?page_id=25036"},"modified":"2023-12-13T06:35:12","modified_gmt":"2023-12-13T06:35:12","slug":"trade-and-win-contest-spanish","status":"publish","type":"page","link":"https:\/\/www.xtrememarkets.com\/ID\/es\/trade-and-win-contest-spanish\/","title":{"rendered":"Trade and Win"},"content":{"rendered":"<p>[vc_row full_width=&#8221;stretch_row&#8221; css=&#8221;.vc_custom_1688465326760{background-image: url(https:\/\/www.xtrememarkets.com\/ID\/wp-content\/uploads\/2022\/12\/Page_1bg.webp?id=16557) !important;}&#8221; el_id=&#8221;one_img_G&#8221;][vc_column][vc_column_text]<\/p>\n<h1 id=\"text-g1\">Opere y <span style=\"background-color: #e80010; padding: 0px 15px;\">GANE<\/span><\/h1>\n<p>[\/vc_column_text][vc_column_text]<\/p>\n<p style=\"text-align: center; margin-top: -20px !important;\"><span style=\"color: #e80010;\">No se pierda su oportunidad <\/span> <span style=\"color: #ffffff;\">de ganar<\/span><\/p>\n<p>[\/vc_column_text][vc_single_image image=&#8221;21635&#8243; img_size=&#8221;full&#8221; alignment=&#8221;center&#8221; el_id=&#8221;single_img_tradeandwin2&#8243;][vc_column_text]<\/p>\n<p class=\"margin_txt_trade_win\" style=\"padding: 0px 85px; letter-spacing: 0.5px; line-height: 25px;\"><span style=\"color: #ffffff;\">Aproveche la oportunidad de ganar este regalo exclusivo de Opere y Gane. Puede conseguir una oportunidad real de hacerse con los gadgets m\u00e1s deseados del mercado. Las reglas son muy f\u00e1ciles de seguir y ejecutar. Solo tiene que abrir una cuenta de trading en vivo con nosotros y completar el volumen espec\u00edfico en su cuenta de trading tal y como se menciona a continuaci\u00f3n para ganar premios emocionantes cada mes.<\/span><\/p>\n<p>[\/vc_column_text][\/vc_column][\/vc_row][vc_row full_width=&#8221;stretch_row&#8221; css=&#8221;.vc_custom_1670911195340{background-color: #141414 !important;}&#8221;][vc_column][vc_row_inner][vc_column_inner width=&#8221;1\/3&#8243;][vc_single_image image=&#8221;21796&#8243; alignment=&#8221;center&#8221; el_class=&#8221;soild_border&#8221;][vc_column_text]<\/p>\n<p style=\"text-align: center;\"><span style=\"color: #fff;\">Croma 10W de carga r\u00e1pida.<br \/>\nPol\u00edmero de litio de 10.000 mAh<br \/>\nPower Bank<br \/>\n<\/span><\/p>\n<p>[\/vc_column_text][\/vc_column_inner][vc_column_inner width=&#8221;1\/3&#8243;][vc_single_image image=&#8221;21807&#8243; alignment=&#8221;center&#8221; el_class=&#8221;soild_border&#8221;][vc_column_text]<\/p>\n<p style=\"text-align: center;\"><span style=\"color: #fff;\">256 GB SATA<br \/>\nDisco duro SSD<\/span><\/p>\n<p>[\/vc_column_text][\/vc_column_inner][vc_column_inner width=&#8221;1\/3&#8243;][vc_single_image image=&#8221;21806&#8243; alignment=&#8221;center&#8221; el_class=&#8221;soild_border&#8221;][vc_column_text]<\/p>\n<p style=\"text-align: center;\"><span style=\"color: #fff;\">Smart Watch<\/span><\/p>\n<p>[\/vc_column_text][\/vc_column_inner][\/vc_row_inner][vc_row_inner][vc_column_inner width=&#8221;1\/3&#8243;][vc_single_image image=&#8221;21805&#8243; alignment=&#8221;center&#8221; el_class=&#8221;soild_border&#8221;][vc_column_text]<\/p>\n<p style=\"text-align: center;\"><span style=\"color: #fff;\">Smartphone<br \/>\n(2GB RAM, almacenamiento de 32 GB)<\/span><\/p>\n<p>[\/vc_column_text][\/vc_column_inner][vc_column_inner width=&#8221;1\/3&#8243;][vc_single_image image=&#8221;21804&#8243; alignment=&#8221;center&#8221; el_class=&#8221;soild_border&#8221;][vc_column_text]<\/p>\n<p style=\"text-align: center;\"><span style=\"color: #fff;\">Tablet Smartphone <\/span><\/p>\n<p>[\/vc_column_text][\/vc_column_inner][vc_column_inner width=&#8221;1\/3&#8243;][vc_single_image image=&#8221;21803&#8243; alignment=&#8221;center&#8221; el_class=&#8221;soild_border&#8221;][vc_column_text]<\/p>\n<p style=\"text-align: center;\"><span style=\"color: #fff;\">Lenovo ThinkPad Thin &amp; Light<br \/>\nLaptop HD<\/span><\/p>\n<p>[\/vc_column_text][\/vc_column_inner][\/vc_row_inner][vc_row_inner][vc_column_inner width=&#8221;1\/3&#8243;][vc_single_image image=&#8221;21802&#8243; alignment=&#8221;center&#8221; el_class=&#8221;soild_border&#8221;][vc_column_text]<\/p>\n<p style=\"text-align: center;\"><span style=\"color: #fff;\">Acer Aspire 3 Laptop\/Android<br \/>\nTel\u00e9fono<\/span><\/p>\n<p>[\/vc_column_text][\/vc_column_inner][vc_column_inner width=&#8221;1\/3&#8243;][vc_single_image image=&#8221;21801&#8243; alignment=&#8221;center&#8221; el_class=&#8221;soild_border&#8221;][vc_column_text]<\/p>\n<p style=\"text-align: center;\"><span style=\"color: #fff;\">OnePlus Nord 2T 5G \/ iPhone<\/span><\/p>\n<p>[\/vc_column_text][\/vc_column_inner][vc_column_inner width=&#8221;1\/3&#8243;][vc_single_image image=&#8221;21800&#8243; alignment=&#8221;center&#8221; el_class=&#8221;soild_border&#8221;][vc_column_text]<\/p>\n<p style=\"text-align: center;\"><span style=\"color: #fff;\">Moto deportiva<\/span><\/p>\n<p>[\/vc_column_text][\/vc_column_inner][\/vc_row_inner][vc_row_inner][vc_column_inner width=&#8221;1\/3&#8243;][\/vc_column_inner][vc_column_inner width=&#8221;1\/3&#8243;][vc_single_image image=&#8221;21799&#8243; alignment=&#8221;center&#8221; el_class=&#8221;soild_border&#8221;][vc_column_text]<\/p>\n<p style=\"text-align: center;\"><span style=\"color: #fff;\">*Coche Hyundai Aura\/ Royal Enfield Himalayan: Pago inicial<\/span><\/p>\n<p>[\/vc_column_text][\/vc_column_inner][vc_column_inner width=&#8221;1\/3&#8243;][\/vc_column_inner][\/vc_row_inner][vc_column_text css=&#8221;.vc_custom_1700652865328{margin-bottom: 0px !important;padding-top: 20px !important;padding-bottom: 0px !important;}&#8221;]<\/p>\n<p style=\"text-align: center;\"><span style=\"color: #fff;\">Para m\u00e1s informaci\u00f3n lea esto<\/span><\/p>\n<p>[\/vc_column_text][vc_btn title=&#8221;T\u00e9rminos y condiciones&#8221; style=&#8221;custom&#8221; custom_background=&#8221;#db0100&#8243; custom_text=&#8221;#ffffff&#8221; shape=&#8221;square&#8221; align=&#8221;center&#8221; css=&#8221;.vc_custom_1702449300378{margin-top: 10px !important;margin-bottom: 50px !important;}&#8221; link=&#8221;url:https%3A%2F%2Fwww.xtreamforex.com%2Fwp-content%2Fuploads%2F2023%2F12%2FTrade-Win-new-pdf_1-2-1.pdf||target:%20_blank|&#8221;][vc_column_text]<\/p>\n<p style=\"text-align: center; margin-top: -30px; letter-spacing: 0.5px;\"><span style=\"color: #ffffff;\"><strong style=\"font-weight: bold;\">Gane los premios en efectivo <\/strong>por cada cliente<\/span><\/p>\n<p>[\/vc_column_text][\/vc_column][\/vc_row]<\/p>\n","protected":false},"excerpt":{"rendered":"<p>[vc_row full_width=&#8221;stretch_row&#8221; css=&#8221;.vc_custom_1688465326760{background-image: url(https:\/\/www.xtrememarkets.com\/ID\/wp-content\/uploads\/2022\/12\/Page_1bg.webp?id=16557) !important;}&#8221; el_id=&#8221;one_img_G&#8221;][vc_column][vc_column_text] Opere y GANE [\/vc_column_text][vc_column_text] No se pierda su oportunidad de ganar [\/vc_column_text][vc_single_image image=&#8221;21635&#8243; img_size=&#8221;full&#8221; alignment=&#8221;center&#8221; el_id=&#8221;single_img_tradeandwin2&#8243;][vc_column_text] Aproveche la oportunidad de ganar este regalo exclusivo de Opere y Gane. Puede conseguir una oportunidad real de hacerse con los gadgets m\u00e1s deseados del mercado. Las reglas son muy f\u00e1ciles de seguir<\/p>\n... <a href=\"https:\/\/www.xtrememarkets.com\/ID\/es\/trade-and-win-contest-spanish\/\">continue reading<\/a>.","protected":false},"author":1,"featured_media":0,"parent":0,"menu_order":0,"comment_status":"closed","ping_status":"closed","template":"","meta":[],"yoast_head":"<!-- This site is optimized with the Yoast SEO Premium plugin v16.1 - https:\/\/yoast.com\/wordpress\/plugins\/seo\/ -->\r\n<title>Trade &amp; Win Contest | Xtreamforex<\/title>\r\n<meta name=\"description\" content=\"You can join Trade and Win Giveaway Contest by opening a real trading account with Xtreamforex. Complete the specific volume in your trading account and win the exciting prizes every month.\" \/>\r\n<link rel=\"canonical\" href=\"https:\/\/www.xtrememarkets.com\/ID\/es\/trade-and-win-contest-spanish\/\" \/>\r\n<meta property=\"og:locale\" content=\"en_US\" \/>\r\n<meta property=\"og:type\" content=\"article\" \/>\r\n<meta property=\"og:title\" content=\"Trade &amp; Win Contest | Xtreamforex\" \/>\r\n<meta property=\"og:description\" content=\"You can join Trade and Win Giveaway Contest by opening a real trading account with Xtreamforex. Complete the specific volume in your trading account and win the exciting prizes every month.\" \/>\r\n<meta property=\"og:url\" content=\"https:\/\/www.xtrememarkets.com\/ID\/es\/trade-and-win-contest-spanish\/\" \/>\r\n<meta property=\"og:site_name\" content=\"Xtreme Markets\" \/>\r\n<meta property=\"article:publisher\" content=\"https:\/\/www.facebook.com\/xtreamforex.official\/\" \/>\r\n<meta property=\"article:modified_time\" content=\"2023-12-13T06:35:12+00:00\" \/>\r\n<meta property=\"og:image\" content=\"https:\/\/www.xtreamforex.com\/wp-content\/uploads\/2023\/07\/link-banner.jpg\" \/>\r\n<meta name=\"twitter:card\" content=\"summary_large_image\" \/>\r\n<meta name=\"twitter:site\" content=\"@xtreamforex\" \/>\r\n<meta name=\"twitter:label1\" content=\"Est. reading time\">\n\t<meta name=\"twitter:data1\" content=\"3 minutes\">\r\n<script type=\"application\/ld+json\" class=\"yoast-schema-graph\">{\"@context\":\"https:\/\/schema.org\",\"@graph\":[{\"@type\":[\"Organization\",\"Place\"],\"@id\":\"https:\/\/www.xtrememarkets.com\/ID\/#organization\",\"name\":\"Xtreamforex\",\"url\":\"https:\/\/www.xtrememarkets.com\/ID\/\",\"sameAs\":[\"https:\/\/www.facebook.com\/xtreamforex.official\/\",\"https:\/\/www.instagram.com\/xtreamforex.official\/\",\"https:\/\/in.linkedin.com\/company\/xtream-forex\",\"https:\/\/www.youtube.com\/channel\/UCbbTuJV9XhurjZciRLdvFBg\",\"https:\/\/www.pinterest.com\/xtreamforex_trading\/\",\"https:\/\/twitter.com\/xtreamforex\"],\"logo\":{\"@id\":\"https:\/\/www.xtrememarkets.com\/ID\/es\/trade-and-win-contest-spanish\/#local-main-organization-logo\"},\"image\":{\"@id\":\"https:\/\/www.xtrememarkets.com\/ID\/es\/trade-and-win-contest-spanish\/#local-main-organization-logo\"},\"openingHoursSpecification\":[{\"@type\":\"OpeningHoursSpecification\",\"dayOfWeek\":[\"Monday\",\"Tuesday\",\"Wednesday\",\"Thursday\",\"Friday\",\"Saturday\",\"Sunday\"],\"opens\":\"09:00\",\"closes\":\"17:00\"}]},{\"@type\":\"WebSite\",\"@id\":\"https:\/\/www.xtrememarkets.com\/ID\/#website\",\"url\":\"https:\/\/www.xtrememarkets.com\/ID\/\",\"name\":\"Xtreme Markets\",\"description\":\"\",\"publisher\":{\"@id\":\"https:\/\/www.xtrememarkets.com\/ID\/#organization\"},\"potentialAction\":[{\"@type\":\"SearchAction\",\"target\":\"https:\/\/www.xtrememarkets.com\/ID\/?s={search_term_string}\",\"query-input\":\"required name=search_term_string\"}],\"inLanguage\":\"en-US\"},{\"@type\":\"ImageObject\",\"@id\":\"https:\/\/www.xtrememarkets.com\/ID\/es\/trade-and-win-contest-spanish\/#primaryimage\",\"inLanguage\":\"en-US\",\"url\":\"\",\"contentUrl\":\"\"},{\"@type\":\"WebPage\",\"@id\":\"https:\/\/www.xtrememarkets.com\/ID\/es\/trade-and-win-contest-spanish\/#webpage\",\"url\":\"https:\/\/www.xtrememarkets.com\/ID\/es\/trade-and-win-contest-spanish\/\",\"name\":\"Trade & Win Contest | Xtreamforex\",\"isPartOf\":{\"@id\":\"https:\/\/www.xtrememarkets.com\/ID\/#website\"},\"primaryImageOfPage\":{\"@id\":\"https:\/\/www.xtrememarkets.com\/ID\/es\/trade-and-win-contest-spanish\/#primaryimage\"},\"datePublished\":\"2022-12-03T11:04:28+00:00\",\"dateModified\":\"2023-12-13T06:35:12+00:00\",\"description\":\"You can join Trade and Win Giveaway Contest by opening a real trading account with Xtreamforex. Complete the specific volume in your trading account and win the exciting prizes every month.\",\"breadcrumb\":{\"@id\":\"https:\/\/www.xtrememarkets.com\/ID\/es\/trade-and-win-contest-spanish\/#breadcrumb\"},\"inLanguage\":\"en-US\",\"potentialAction\":[{\"@type\":\"ReadAction\",\"target\":[\"https:\/\/www.xtrememarkets.com\/ID\/es\/trade-and-win-contest-spanish\/\"]}]},{\"@type\":\"BreadcrumbList\",\"@id\":\"https:\/\/www.xtrememarkets.com\/ID\/es\/trade-and-win-contest-spanish\/#breadcrumb\",\"itemListElement\":[{\"@type\":\"ListItem\",\"position\":1,\"item\":{\"@type\":\"WebPage\",\"@id\":\"https:\/\/www.xtrememarkets.com\/\",\"url\":\"https:\/\/www.xtrememarkets.com\/\",\"name\":\"Home\"}},{\"@type\":\"ListItem\",\"position\":2,\"item\":{\"@type\":\"WebPage\",\"@id\":\"https:\/\/www.xtrememarkets.com\/ID\/es\/trade-and-win-contest-spanish\/\",\"url\":\"https:\/\/www.xtrememarkets.com\/ID\/es\/trade-and-win-contest-spanish\/\",\"name\":\"Trade and Win\"}}]},{\"@type\":\"ImageObject\",\"@id\":\"https:\/\/www.xtrememarkets.com\/ID\/es\/trade-and-win-contest-spanish\/#local-main-organization-logo\",\"inLanguage\":\"en-US\",\"url\":\"https:\/\/www.xtrememarkets.com\/ID\/wp-content\/uploads\/2024\/02\/image_2024_02_23T12_39_46_331Z.png\",\"contentUrl\":\"https:\/\/www.xtrememarkets.com\/ID\/wp-content\/uploads\/2024\/02\/image_2024_02_23T12_39_46_331Z.png\",\"width\":800,\"height\":500,\"caption\":\"Xtreamforex\"}]}<\/script>\r\n<!-- \/ Yoast SEO Premium plugin. -->","_links":{"self":[{"href":"https:\/\/www.xtrememarkets.com\/ID\/wp-json\/wp\/v2\/pages\/25036"}],"collection":[{"href":"https:\/\/www.xtrememarkets.com\/ID\/wp-json\/wp\/v2\/pages"}],"about":[{"href":"https:\/\/www.xtrememarkets.com\/ID\/wp-json\/wp\/v2\/types\/page"}],"author":[{"embeddable":true,"href":"https:\/\/www.xtrememarkets.com\/ID\/wp-json\/wp\/v2\/users\/1"}],"replies":[{"embeddable":true,"href":"https:\/\/www.xtrememarkets.com\/ID\/wp-json\/wp\/v2\/comments?post=25036"}],"version-history":[{"count":4,"href":"https:\/\/www.xtrememarkets.com\/ID\/wp-json\/wp\/v2\/pages\/25036\/revisions"}],"predecessor-version":[{"id":25854,"href":"https:\/\/www.xtrememarkets.com\/ID\/wp-json\/wp\/v2\/pages\/25036\/revisions\/25854"}],"wp:attachment":[{"href":"https:\/\/www.xtrememarkets.com\/ID\/wp-json\/wp\/v2\/media?parent=25036"}],"curies":[{"name":"wp","href":"https:\/\/api.w.org\/{rel}","templated":true}]}}