{"id":25033,"date":"2020-05-15T11:36:40","date_gmt":"2020-05-15T11:36:40","guid":{"rendered":"https:\/\/www.xtreamforex.com\/?page_id=25033"},"modified":"2024-02-26T12:38:41","modified_gmt":"2024-02-26T12:38:41","slug":"100-credit-bonus-spanish","status":"publish","type":"page","link":"https:\/\/www.xtrememarkets.com\/ID\/es\/100-credit-bonus-spanish\/","title":{"rendered":"Get 100% Credit Bonus"},"content":{"rendered":"<p>[vc_row full_width=&#8221;stretch_row&#8221; css=&#8221;.vc_custom_1698759860446{margin-top: 0px !important;margin-bottom: 0px !important;padding-top: 70px !important;padding-bottom: 70px !important;background-image: url(https:\/\/www.xtrememarkets.com\/ID\/wp-content\/uploads\/2023\/10\/100-credit-bonus22.png?id=24508) !important;background-position: center !important;background-repeat: no-repeat !important;background-size: cover !important;}&#8221;][vc_column][vc_column_text]<\/p>\n<p class=\"\" style=\"font-size: 50px; color: #db0100; font-weight: bold;\">Bono de cr\u00e9dito  <span style=\"color: #fff;\">del 100% <\/span><\/p>\n<p>[\/vc_column_text][\/vc_column][\/vc_row][vc_row full_width=&#8221;stretch_row&#8221; css=&#8221;.vc_custom_1698759870879{margin-top: 0px !important;background-color: #000000 !important;}&#8221; el_id=&#8221;first_sec_100percentss&#8221;][vc_column width=&#8221;1\/2&#8243; el_class=&#8221;100_percent_sec1&#8243;][vc_single_image image=&#8221;19667&#8243; img_size=&#8221;full&#8221; alignment=&#8221;center&#8221;][\/vc_column][vc_column width=&#8221;1\/2&#8243; css=&#8221;.vc_custom_1682916584020{margin-top: 60px !important;}&#8221; el_class=&#8221;100_percent_sec2&#8243;][vc_column_text el_class=&#8221;creditp&#8221; css=&#8221;.vc_custom_1708951068702{padding-right: 20px !important;padding-bottom: 20px !important;padding-left: 20px !important;}&#8221;]<\/p>\n<p class=\"credit_bonus_bg_red\" style=\"color: #fff; background-color: #d60302; width: 195px; font-size: 13px; text-transform: uppercase; padding: 0px 5px;\">Bono de cr\u00e9dito del 100%<\/p>\n<p class=\"now_recieve\" style=\"color: #fff; font-size: 26px; letter-spacing: 1px;\"><strong>Empiece a operar ahora y reciba hasta 20.000 USD por cuenta<\/strong><\/p>\n<p style=\"color: #b2b2b2; font-size: 13px; line-height: 1.7;\">Inicie su carrera en el trading de forex con XtremeMarkets y reciba un BONO de cr\u00e9dito del 100%. Haga un dep\u00f3sito en su cuenta con una cantidad m\u00ednima. Tras un dep\u00f3sito exitoso, el bono de cr\u00e9dito se abonar\u00e1 autom\u00e1ticamente en una cuenta de trading.<\/p>\n<p style=\"color: #fff; font-size: 16px; font-weight: 100;\"><strong>\u00a1Con el bono de cr\u00e9dito del 100% disfrutar\u00e1 de la ventaja de un apalancamiento incrementado al operar!<\/strong><\/p>\n<p>[\/vc_column_text][\/vc_column][\/vc_row][vc_row full_width=&#8221;stretch_row&#8221; css=&#8221;.vc_custom_1682913400472{background-color: #0f0f0f !important;}&#8221;][vc_column][vc_column_text]<\/p>\n<h1 class=\"text-center\" style=\"text-align: center; color: #ffffff; font-size: 25px !important;\">T\u00c9RMINOS GENERALES<\/h1>\n<p>[\/vc_column_text][vc_column_text el_class=&#8221;creditlist&#8221;]<\/p>\n<ul style=\"list-style-type: none;\">\n<li><i class=\"fa fa-check\" style=\"font-size: 12px; color: white; background-color: #db0100; border-radius: 50%; padding: 3px 3px 3px 3px; margin-right: 5px;\"><\/i><span style=\"color: #b2b2b2; font-size: 13px;\">Al abrir una cuenta de trading bajo este programa de bono de cr\u00e9dito del 100%, el Cliente reconoce que ha le\u00eddo y aceptado someterse a estos t\u00e9rminos y condiciones y a los t\u00e9rminos y condiciones de trading de la Compa\u00f1\u00eda.<\/span><\/li>\n<li><i class=\"fa fa-check\" style=\"font-size: 12px; color: white; background-color: #db0100; border-radius: 50%; padding: 3px 3px 3px 3px; margin-right: 5px;\"><\/i><span style=\"color: #b2b2b2; font-size: 13px;\">El plazo promocional para esta oferta de bono de cr\u00e9dito del 100% se extender\u00e1 del 11 de noviembre de 2018 en adelante. No hay l\u00edmite de tiempo para completar los requisitos de volumen del bono.<\/span><\/li>\n<li><i class=\"fa fa-check\" style=\"font-size: 12px; color: white; background-color: #db0100; border-radius: 50%; padding: 3px 3px 3px 3px; margin-right: 5px;\"><\/i><span style=\"color: #b2b2b2; font-size: 13px;\">La Compa\u00f1\u00eda tiene derecho a modificar, alterar o finalizar esta promoci\u00f3n de bono a su sola discreci\u00f3n y en cualquier momento sin previo aviso.<\/span><\/li>\n<li><i class=\"fa fa-check\" style=\"font-size: 12px; color: white; background-color: #db0100; border-radius: 50%; padding: 3px 3px 3px 3px; margin-right: 5px;\"><\/i><span style=\"color: #b2b2b2; font-size: 13px;\">La Compa\u00f1\u00eda se reserva el derecho de rechazar ofrecer el bono de cr\u00e9dito del 100% a su sola discreci\u00f3n sin necesidad de proporcionar justificaci\u00f3n. La Compa\u00f1\u00eda no ser\u00e1 responsable por ning\u00fan stop out ni ninguna otra consecuencia que se derive de la cancelaci\u00f3n y\/o eliminaci\u00f3n de un bono.<\/span><\/li>\n<li><i class=\"fa fa-check\" style=\"font-size: 12px; color: white; background-color: #db0100; border-radius: 50%; padding: 3px 3px 3px 3px; margin-right: 5px;\"><\/i><span style=\"color: #b2b2b2; font-size: 13px;\">Cualquier disputa o situaci\u00f3n no cubierta por estos t\u00e9rminos ser\u00e1 resuelta por la direcci\u00f3n de la Compa\u00f1\u00eda de forma justa.<\/span><\/li>\n<li><i class=\"fa fa-check\" style=\"font-size: 12px; color: white; background-color: #db0100; border-radius: 50%; padding: 3px 3px 3px 3px; margin-right: 5px;\"><\/i><span style=\"color: #b2b2b2; font-size: 13px;\">Si la Compa\u00f1\u00eda sospecha que un Cliente ha abusado o intentado abusar de una promoci\u00f3n, o que ha actuado de cualquier otra forma con falta de buena fe hacia nosotros, la Compa\u00f1\u00eda se reserva el derecho, a su sola discreci\u00f3n, de denegar, retener o retirarle a ese Cliente el bono de cr\u00e9dito del 100% o la promoci\u00f3n y, si fuera necesario, cancelar cualquier t\u00e9rmino o condici\u00f3n en relaci\u00f3n con el Cliente, temporal o permanentemente, o finalizar el acceso del Cliente al servicio y\/o bloquear la cuenta del Cliente.<\/span><\/li>\n<li><i class=\"fa fa-check\" style=\"font-size: 12px; color: white; background-color: #db0100; border-radius: 50%; padding: 3px 3px 3px 3px; margin-right: 5px;\"><\/i><span style=\"color: #b2b2b2; font-size: 13px;\">El bono de cr\u00e9dito del 100% solo se aplica a nuevos dep\u00f3sitos o transferencias internas a cuentas de trading de al menos 250 USD.<\/span><\/li>\n<li><i class=\"fa fa-check\" style=\"font-size: 12px; color: white; background-color: #db0100; border-radius: 50%; padding: 3px 3px 3px 3px; margin-right: 5px;\"><\/i><span style=\"color: #b2b2b2; font-size: 13px;\">El bono de cr\u00e9dito del 100% solo se aplica a la cuenta Est\u00e1ndar.<\/span><\/li>\n<li><i class=\"fa fa-check\" style=\"font-size: 12px; color: white; background-color: #db0100; border-radius: 50%; padding: 3px 3px 3px 3px; margin-right: 5px;\"><\/i><span style=\"color: #b2b2b2; font-size: 13px;\">Cuando el cliente complete el requisito de dep\u00f3sito, el bono se a\u00f1adir\u00e1 autom\u00e1ticamente en la cuenta de trading pertinente.<\/span><\/li>\n<li><i class=\"fa fa-check\" style=\"font-size: 12px; color: white; background-color: #db0100; border-radius: 50%; padding: 3px 3px 3px 3px; margin-right: 5px;\"><\/i><span style=\"color: #b2b2b2; font-size: 13px;\">No se permite la participaci\u00f3n en el bono de cr\u00e9dito del 100% a personas menores de 18 a\u00f1os de edad o que no sean mayores de edad legalmente en su pa\u00eds de residencia (&#8220;menores&#8221;).<\/span><\/li>\n<li><i class=\"fa fa-check\" style=\"font-size: 12px; color: white; background-color: #db0100; border-radius: 50%; padding: 3px 3px 3px 3px; margin-right: 5px;\"><\/i><span style=\"color: #b2b2b2; font-size: 13px;\">Por favor, tenga en cuenta que no puede alternar entre programas de bono ofrecidos por la Compa\u00f1\u00eda. Si ya no desea utilizar una cuenta de trading con bono, por favor, env\u00ede un email a <strong>support@xtreamforex.com<\/strong> para archivar la cuenta de bono.<\/span><\/li>\n<\/ul>\n<p>[\/vc_column_text][\/vc_column][\/vc_row][vc_row full_width=&#8221;stretch_row&#8221; css=&#8221;.vc_custom_1682914252433{background-color: #000000 !important;}&#8221;][vc_column][vc_column_text el_class=&#8221;credithd2&#8243;]<\/p>\n<h1 class=\"text-center\" style=\"text-align: center; color: #ffffff; font-size: 25px !important;\">CONDICIONES DE FUNCIONAMIENTO<\/h1>\n<p>[\/vc_column_text][vc_column_text el_class=&#8221;creditlist&#8221;]<\/p>\n<ul style=\"list-style-type: none;\">\n<li><i class=\"fa fa-check\" style=\"font-size: 12px; color: white; background-color: #db0100; border-radius: 50%; padding: 3px 3px 3px 3px; margin-right: 5px;\"><\/i><span style=\"color: #b2b2b2; font-size: 13px;\">Cuando un cliente efect\u00fae un retiro desde su cuenta, estar\u00e1 sujeto a un retiro proporcional de la cantidad de bono concedida. La f\u00f3rmula utilizada por el sistema en cuanto a retiros de bono tras una solicitud de retiro es: CANTIDAD DE RETIRO X 1 (100%). T\u00e9rminos y condiciones del bono de cr\u00e9dito del 100%. Por ejemplo: Si un Cliente retira 100 USD de su cuenta, se deducir\u00e1n autom\u00e1ticamente 100 USD de la cantidad del bono del 100% que se haya reclamado y concedido previamente.<\/span><\/li>\n<li><i class=\"fa fa-check\" style=\"font-size: 12px; color: white; background-color: #db0100; border-radius: 50%; padding: 3px 3px 3px 3px; margin-right: 5px;\"><\/i><span style=\"color: #b2b2b2; font-size: 13px;\">Salvo que todos los requisitos del programa se hayan cumplido, no puede retirar m\u00e1s que su dep\u00f3sito original m\u00e1s beneficios (o menos p\u00e9rdidas) en cualquier momento. Si el dep\u00f3sito original se retira, el bono se pierde. Si se retira una parte del dep\u00f3sito original, el bono se retira de forma prorrateada, por lo tanto se producir\u00e1 un retiro parcial del bono.<\/span><\/li>\n<li><i class=\"fa fa-check\" style=\"font-size: 12px; color: white; background-color: #db0100; border-radius: 50%; padding: 3px 3px 3px 3px; margin-right: 5px;\"><\/i><span style=\"color: #b2b2b2; font-size: 13px;\">Los fondos internos transferidos entre cuentas de trading dentro de la Compa\u00f1\u00eda se consideran retiros, por lo que se aplicar\u00e1 el retiro del bono si la cantidad que se transfiere desde la cuenta del bono de cr\u00e9dito del 100% pertenece al saldo original al que se concedi\u00f3 un bono respectivo. Los bonos de cr\u00e9dito no pueden transferirse entre o desde las cuentas de trading de clientes elegibles dentro de la Compa\u00f1\u00eda.<\/span><\/li>\n<li><i class=\"fa fa-check\" style=\"font-size: 12px; color: white; background-color: #db0100; border-radius: 50%; padding: 3px 3px 3px 3px; margin-right: 5px;\"><\/i><span style=\"color: #b2b2b2; font-size: 13px;\">Estos t\u00e9rminos y condiciones se redactaron en ingl\u00e9s. Cualquier otra traducci\u00f3n a otro idioma se proporciona solo por comodidad. Si se produce cualquier contradicci\u00f3n o discrepancia entre los textos originales en ingl\u00e9s y su traducci\u00f3n en cualquier otro idioma, en su caso, prevalecer\u00e1n las versiones originales en ingl\u00e9s.<\/span><\/li>\n<\/ul>\n<p>[\/vc_column_text][\/vc_column][\/vc_row][vc_row full_width=&#8221;stretch_row&#8221; css=&#8221;.vc_custom_1682914234884{margin-top: -25px !important;padding-bottom: 30px !important;background-color: #000000 !important;}&#8221;][vc_column css=&#8221;.vc_custom_1682915097533{padding-top: 15px !important;}&#8221;][vc_column_text css=&#8221;.vc_custom_1700652226729{margin-top: 0px !important;margin-bottom: 30px !important;padding-top: 0px !important;padding-left: 30px !important;}&#8221; el_class=&#8221;term&#8221;]<\/p>\n<h5><span style=\"color: #d60302;\">Se aplican los t\u00e9rminos y condiciones<\/span> <i class=\"fa fa-asterisk\" style=\"color: #db0100; font-size: 9px; position: relative; top: -5px; left: -5px;\"><\/i><\/h5>\n<p>[\/vc_column_text][\/vc_column][\/vc_row][vc_row full_width=&#8221;stretch_row&#8221; css=&#8221;.vc_custom_1682915158032{padding-top: 10px !important;padding-bottom: 10px !important;background-color: #000000 !important;}&#8221;][vc_column width=&#8221;1\/6&#8243;][\/vc_column][vc_column width=&#8221;2\/3&#8243;][vc_row_inner][vc_column_inner width=&#8221;5\/12&#8243;][vc_btn title=&#8221;Abierto en vivo Cuenta&#8221; style=&#8221;custom&#8221; custom_background=&#8221;&#8221; custom_text=&#8221;#ffffff&#8221; shape=&#8221;square&#8221; align=&#8221;center&#8221; link=&#8221;url:https%3A%2F%2Fmy.xtreamforex.com%2FAccount%2FRegister.php||target:%20_blank|&#8221; el_class=&#8221;white_border black_btn&#8221;][\/vc_column_inner][vc_column_inner width=&#8221;1\/6&#8243;][vc_column_text el_class=&#8221;ptxt&#8221;]<\/p>\n<p style=\"text-align: center;\">O<\/p>\n<p>[\/vc_column_text][\/vc_column_inner][vc_column_inner width=&#8221;5\/12&#8243;][vc_btn title=&#8221;Abrir cuenta demo&#8221; style=&#8221;custom&#8221; custom_background=&#8221;&#8221; custom_text=&#8221;#ffffff&#8221; shape=&#8221;square&#8221; align=&#8221;center&#8221; link=&#8221;url:https%3A%2F%2Fmy.xtreamforex.com%2FAccount%2FRegister.php||target:%20_blank|&#8221; el_class=&#8221;white_border black_btn&#8221;][\/vc_column_inner][\/vc_row_inner][\/vc_column][vc_column width=&#8221;1\/6&#8243;][\/vc_column][\/vc_row]<\/p>\n","protected":false},"excerpt":{"rendered":"<p>[vc_row full_width=&#8221;stretch_row&#8221; css=&#8221;.vc_custom_1698759860446{margin-top: 0px !important;margin-bottom: 0px !important;padding-top: 70px !important;padding-bottom: 70px !important;background-image: url(https:\/\/www.xtrememarkets.com\/ID\/wp-content\/uploads\/2023\/10\/100-credit-bonus22.png?id=24508) !important;background-position: center !important;background-repeat: no-repeat !important;background-size: cover !important;}&#8221;][vc_column][vc_column_text] Bono de cr\u00e9dito del 100% [\/vc_column_text][\/vc_column][\/vc_row][vc_row full_width=&#8221;stretch_row&#8221; css=&#8221;.vc_custom_1698759870879{margin-top: 0px !important;background-color: #000000 !important;}&#8221; el_id=&#8221;first_sec_100percentss&#8221;][vc_column width=&#8221;1\/2&#8243; el_class=&#8221;100_percent_sec1&#8243;][vc_single_image image=&#8221;19667&#8243; img_size=&#8221;full&#8221; alignment=&#8221;center&#8221;][\/vc_column][vc_column width=&#8221;1\/2&#8243; css=&#8221;.vc_custom_1682916584020{margin-top: 60px !important;}&#8221; el_class=&#8221;100_percent_sec2&#8243;][vc_column_text el_class=&#8221;creditp&#8221; css=&#8221;.vc_custom_1708951068702{padding-right: 20px !important;padding-bottom: 20px !important;padding-left: 20px !important;}&#8221;] Bono de cr\u00e9dito del 100%<\/p>\n... <a href=\"https:\/\/www.xtrememarkets.com\/ID\/es\/100-credit-bonus-spanish\/\">continue reading<\/a>.","protected":false},"author":1,"featured_media":0,"parent":0,"menu_order":0,"comment_status":"closed","ping_status":"closed","template":"","meta":[],"yoast_head":"<!-- This site is optimized with the Yoast SEO Premium plugin v16.1 - https:\/\/yoast.com\/wordpress\/plugins\/seo\/ -->\r\n<title>Create Account &amp; Get 100% Credit Bonus with Xtreamforex<\/title>\r\n<meta name=\"description\" content=\"Obtain up to $20,000 per account by opening a new account with Xtreamforex or transfer money of at least $250 to get bonus right away in your account!\" \/>\r\n<link rel=\"canonical\" href=\"https:\/\/www.xtrememarkets.com\/ID\/es\/100-credit-bonus-spanish\/\" \/>\r\n<meta property=\"og:locale\" content=\"en_US\" \/>\r\n<meta property=\"og:type\" content=\"article\" \/>\r\n<meta property=\"og:title\" content=\"Create Account &amp; Get 100% Credit Bonus with Xtreamforex\" \/>\r\n<meta property=\"og:description\" content=\"Obtain up to $20,000 per account by opening a new account with Xtreamforex or transfer money of at least $250 to get bonus right away in your account!\" \/>\r\n<meta property=\"og:url\" content=\"https:\/\/www.xtrememarkets.com\/ID\/es\/100-credit-bonus-spanish\/\" \/>\r\n<meta property=\"og:site_name\" content=\"Xtreme Markets\" \/>\r\n<meta property=\"article:publisher\" content=\"https:\/\/www.facebook.com\/xtreamforex.official\/\" \/>\r\n<meta property=\"article:modified_time\" content=\"2024-02-26T12:38:41+00:00\" \/>\r\n<meta property=\"og:image\" content=\"https:\/\/www.xtrememarkets.com\/wp-content\/uploads\/2023\/07\/link-banner.jpg\" \/>\r\n<meta name=\"twitter:card\" content=\"summary_large_image\" \/>\r\n<meta name=\"twitter:site\" content=\"@xtreamforex\" \/>\r\n<meta name=\"twitter:label1\" content=\"Est. reading time\">\n\t<meta name=\"twitter:data1\" content=\"6 minutes\">\r\n<script type=\"application\/ld+json\" class=\"yoast-schema-graph\">{\"@context\":\"https:\/\/schema.org\",\"@graph\":[{\"@type\":[\"Organization\",\"Place\"],\"@id\":\"https:\/\/www.xtrememarkets.com\/ID\/#organization\",\"name\":\"Xtreamforex\",\"url\":\"https:\/\/www.xtrememarkets.com\/ID\/\",\"sameAs\":[\"https:\/\/www.facebook.com\/xtreamforex.official\/\",\"https:\/\/www.instagram.com\/xtreamforex.official\/\",\"https:\/\/in.linkedin.com\/company\/xtream-forex\",\"https:\/\/www.youtube.com\/channel\/UCbbTuJV9XhurjZciRLdvFBg\",\"https:\/\/www.pinterest.com\/xtreamforex_trading\/\",\"https:\/\/twitter.com\/xtreamforex\"],\"logo\":{\"@id\":\"https:\/\/www.xtrememarkets.com\/ID\/es\/100-credit-bonus-spanish\/#local-main-organization-logo\"},\"image\":{\"@id\":\"https:\/\/www.xtrememarkets.com\/ID\/es\/100-credit-bonus-spanish\/#local-main-organization-logo\"},\"openingHoursSpecification\":[{\"@type\":\"OpeningHoursSpecification\",\"dayOfWeek\":[\"Monday\",\"Tuesday\",\"Wednesday\",\"Thursday\",\"Friday\",\"Saturday\",\"Sunday\"],\"opens\":\"09:00\",\"closes\":\"17:00\"}]},{\"@type\":\"WebSite\",\"@id\":\"https:\/\/www.xtrememarkets.com\/ID\/#website\",\"url\":\"https:\/\/www.xtrememarkets.com\/ID\/\",\"name\":\"Xtreme Markets\",\"description\":\"\",\"publisher\":{\"@id\":\"https:\/\/www.xtrememarkets.com\/ID\/#organization\"},\"potentialAction\":[{\"@type\":\"SearchAction\",\"target\":\"https:\/\/www.xtrememarkets.com\/ID\/?s={search_term_string}\",\"query-input\":\"required name=search_term_string\"}],\"inLanguage\":\"en-US\"},{\"@type\":\"ImageObject\",\"@id\":\"https:\/\/www.xtrememarkets.com\/ID\/es\/100-credit-bonus-spanish\/#primaryimage\",\"inLanguage\":\"en-US\",\"url\":\"\",\"contentUrl\":\"\"},{\"@type\":\"WebPage\",\"@id\":\"https:\/\/www.xtrememarkets.com\/ID\/es\/100-credit-bonus-spanish\/#webpage\",\"url\":\"https:\/\/www.xtrememarkets.com\/ID\/es\/100-credit-bonus-spanish\/\",\"name\":\"Create Account & Get 100% Credit Bonus with Xtreamforex\",\"isPartOf\":{\"@id\":\"https:\/\/www.xtrememarkets.com\/ID\/#website\"},\"primaryImageOfPage\":{\"@id\":\"https:\/\/www.xtrememarkets.com\/ID\/es\/100-credit-bonus-spanish\/#primaryimage\"},\"datePublished\":\"2020-05-15T11:36:40+00:00\",\"dateModified\":\"2024-02-26T12:38:41+00:00\",\"description\":\"Obtain up to $20,000 per account by opening a new account with Xtreamforex or transfer money of at least $250 to get bonus right away in your account!\",\"breadcrumb\":{\"@id\":\"https:\/\/www.xtrememarkets.com\/ID\/es\/100-credit-bonus-spanish\/#breadcrumb\"},\"inLanguage\":\"en-US\",\"potentialAction\":[{\"@type\":\"ReadAction\",\"target\":[\"https:\/\/www.xtrememarkets.com\/ID\/es\/100-credit-bonus-spanish\/\"]}]},{\"@type\":\"BreadcrumbList\",\"@id\":\"https:\/\/www.xtrememarkets.com\/ID\/es\/100-credit-bonus-spanish\/#breadcrumb\",\"itemListElement\":[{\"@type\":\"ListItem\",\"position\":1,\"item\":{\"@type\":\"WebPage\",\"@id\":\"https:\/\/www.xtrememarkets.com\/\",\"url\":\"https:\/\/www.xtrememarkets.com\/\",\"name\":\"Home\"}},{\"@type\":\"ListItem\",\"position\":2,\"item\":{\"@type\":\"WebPage\",\"@id\":\"https:\/\/www.xtrememarkets.com\/ID\/es\/100-credit-bonus-spanish\/\",\"url\":\"https:\/\/www.xtrememarkets.com\/ID\/es\/100-credit-bonus-spanish\/\",\"name\":\"Get 100% Credit Bonus\"}}]},{\"@type\":\"ImageObject\",\"@id\":\"https:\/\/www.xtrememarkets.com\/ID\/es\/100-credit-bonus-spanish\/#local-main-organization-logo\",\"inLanguage\":\"en-US\",\"url\":\"https:\/\/www.xtrememarkets.com\/ID\/wp-content\/uploads\/2024\/02\/image_2024_02_23T12_39_46_331Z.png\",\"contentUrl\":\"https:\/\/www.xtrememarkets.com\/ID\/wp-content\/uploads\/2024\/02\/image_2024_02_23T12_39_46_331Z.png\",\"width\":800,\"height\":500,\"caption\":\"Xtreamforex\"}]}<\/script>\r\n<!-- \/ Yoast SEO Premium plugin. -->","_links":{"self":[{"href":"https:\/\/www.xtrememarkets.com\/ID\/wp-json\/wp\/v2\/pages\/25033"}],"collection":[{"href":"https:\/\/www.xtrememarkets.com\/ID\/wp-json\/wp\/v2\/pages"}],"about":[{"href":"https:\/\/www.xtrememarkets.com\/ID\/wp-json\/wp\/v2\/types\/page"}],"author":[{"embeddable":true,"href":"https:\/\/www.xtrememarkets.com\/ID\/wp-json\/wp\/v2\/users\/1"}],"replies":[{"embeddable":true,"href":"https:\/\/www.xtrememarkets.com\/ID\/wp-json\/wp\/v2\/comments?post=25033"}],"version-history":[{"count":3,"href":"https:\/\/www.xtrememarkets.com\/ID\/wp-json\/wp\/v2\/pages\/25033\/revisions"}],"predecessor-version":[{"id":26771,"href":"https:\/\/www.xtrememarkets.com\/ID\/wp-json\/wp\/v2\/pages\/25033\/revisions\/26771"}],"wp:attachment":[{"href":"https:\/\/www.xtrememarkets.com\/ID\/wp-json\/wp\/v2\/media?parent=25033"}],"curies":[{"name":"wp","href":"https:\/\/api.w.org\/{rel}","templated":true}]}}