{"id":25028,"date":"2020-05-15T11:38:35","date_gmt":"2020-05-15T11:38:35","guid":{"rendered":"https:\/\/www.xtreamforex.com\/?page_id=25028"},"modified":"2024-03-06T05:14:39","modified_gmt":"2024-03-06T05:14:39","slug":"everyday-payout-spanish","status":"publish","type":"page","link":"https:\/\/www.xtrememarkets.com\/ID\/es\/everyday-payout-spanish\/","title":{"rendered":"Make Money Online &#038; Withdraw Daily"},"content":{"rendered":"<p>[vc_row full_width=&#8221;stretch_row&#8221; css=&#8221;.vc_custom_1698759149756{margin-top: 0px !important;margin-bottom: 0px !important;padding-top: 70px !important;padding-bottom: 70px !important;background-image: url(https:\/\/www.xtrememarkets.com\/ID\/wp-content\/uploads\/2023\/10\/everyday-payout-21.png?id=24503) !important;background-position: center !important;background-repeat: no-repeat !important;background-size: cover !important;}&#8221;][vc_column][vc_column_text]<\/p>\n<p class=\"\" style=\"font-size: 50px; color: #db0100; font-weight: bold;\">Pago <span style=\"color: #fff;\">diario<br \/>\n<\/span><\/p>\n<p>[\/vc_column_text][\/vc_column][\/vc_row][vc_row full_width=&#8221;stretch_row&#8221; css=&#8221;.vc_custom_1698759119143{margin-top: 0px !important;background-color: #000000 !important;}&#8221;][vc_column width=&#8221;1\/2&#8243; el_id=&#8221;everyday_p_firt_imgsec&#8221;][vc_single_image image=&#8221;19663&#8243; img_size=&#8221;full&#8221; alignment=&#8221;center&#8221;][\/vc_column][vc_column width=&#8221;1\/2&#8243; el_id=&#8221;everyday_p_firt_textsec&#8221;][vc_column_text el_class=&#8221;payout_p&#8221; css=&#8221;.vc_custom_1709702068891{padding-top: 20px !important;padding-right: 30px !important;padding-bottom: 20px !important;padding-left: 30px !important;}&#8221;]<\/p>\n<h2 style=\"text-transform: inherit; color: #ffffff; font-size: 39px; line-height: 1.4; letter-spacing: 1px; margin-top: 55px;\">Cobre su COMISI\u00d3N DE<br \/>\n<span style=\"color: #d60302;\">IB DIARIAMENTE<\/span><\/h2>\n<p style=\"color: #b2b2b2; font-size: 13px; margin-top: 15px;\">XtremeMarkets es un broker ECN de trading de forex para traders individuales o institucionales, IBs y afiliados. Como broker ECN de trading de forex, mantenemos el compromiso de proporcionar los mejores servicios y promociones a nuestros clientes. Por eso, es el momento de presentar nuestra nueva promoci\u00f3n para nuestros IBs.<\/p>\n<p style=\"color: #b2b2b2; font-size: 13px; margin-top: 15px;\">Un Broker Introductor (IB) es una persona o empresa que refiere clientes a Xtreme Markets. Mientras estos clientes operen, el IB recibe una comisi\u00f3n de XtremeMarkets. Es un modelo ampliamente extendido que es rentable tanto para el broker como para el IB.<\/p>\n<p style=\"color: #b2b2b2; font-size: 13px; margin-top: 15px;\">Como IB puede ganar comisiones de hasta 25 USD\/lote por cada lote negociado por los clientes que haya referido, y esta vez puede retirar las comisiones que haya ganado diariamente al final del d\u00eda. Cada 24 horas podr\u00e1 cobrar la comisi\u00f3n que haya ganado en su cuenta de IB.<\/p>\n<p>[\/vc_column_text][\/vc_column][\/vc_row][vc_row full_width=&#8221;stretch_row&#8221; css=&#8221;.vc_custom_1682673202532{background-color: #0f0f0f !important;}&#8221;][vc_column width=&#8221;1\/2&#8243; css=&#8221;.vc_custom_1682673699396{padding-top: 10% !important;}&#8221;][vc_column_text css=&#8221;.vc_custom_1708950894288{padding-left: 30px !important;}&#8221; el_class=&#8221;list_style&#8221;]<\/p>\n<h3><span style=\"color: #fff; font-size: 25px; letter-spacing: 0.5px;\">\u00bfC\u00f3mo empezar como broker introductor?<\/span><\/h3>\n<ul style=\"margin-top: 15px;\">\n<li><i class=\"fa fa-check\" style=\"font-size: 12px; color: white; background-color: #db0100; border-radius: 50%; padding: 3px 2px 3px 3px;\"><\/i><span class=\"list_T\" style=\"color: #b2b2b2; font-size: 13px;\">Para iniciarse como IB con XtremeMarkets, abra primero una cuenta en vivo.<\/span><\/li>\n<li><i class=\"fa fa-check\" style=\"font-size: 12px; color: white; background-color: #db0100; border-radius: 50%; padding: 3px 2px 3px 3px;\"><\/i><span class=\"list_T\" style=\"color: #b2b2b2; font-size: 13px;\">Env\u00ede los documentos necesarios y verifique su cuenta.<\/span><\/li>\n<li><i class=\"fa fa-check\" style=\"font-size: 12px; color: white; background-color: #db0100; border-radius: 50%; padding: 3px 2px 3px 3px;\"><\/i><span class=\"list_T\" style=\"color: #b2b2b2; font-size: 13px;\">Inicie sesi\u00f3n en su \u00e1rea de cliente y seleccione la opci\u00f3n de asociaci\u00f3n de IB.<\/span><\/li>\n<li><i class=\"fa fa-check\" style=\"font-size: 12px; color: white; background-color: #db0100; border-radius: 50%; padding: 3px 2px 3px 3px;\"><\/i><span class=\"list_T\" style=\"color: #b2b2b2; font-size: 13px;\"> Contacte con nuestro servicio de atenci\u00f3n al cliente para tener confirmaci\u00f3n y verificaci\u00f3n.<\/span><\/li>\n<li><i class=\"fa fa-check\" style=\"font-size: 12px; color: white; background-color: #db0100; border-radius: 50%; padding: 3px 2px 3px 3px;\"><\/i><span class=\"list_T\" style=\"color: #b2b2b2; font-size: 13px;\"> Reciba su link de referidos en su \u00e1rea de cliente.<\/span><\/li>\n<\/ul>\n<p><span style=\"color: #d60302; font-size: 13px;\">El link de referidos tiene este formato: <a href=\"https:\/\/www.xtrememarkets.com\/ID\/\">https:\/\/www.xtrememarkets.com\/ID\/<\/a>?refid={su ID de referenciador}<\/span>[\/vc_column_text][\/vc_column][vc_column width=&#8221;1\/2&#8243; el_id=&#8221;payout_eday_rightimg&#8221;][vc_single_image image=&#8221;19664&#8243; img_size=&#8221;full&#8221; alignment=&#8221;center&#8221;][\/vc_column][\/vc_row][vc_row full_width=&#8221;stretch_row&#8221; css=&#8221;.vc_custom_1682674570615{background-color: #000000 !important;}&#8221;][vc_column][vc_column_text]<\/p>\n<h3 style=\"text-align: center;\"><span style=\"color: #ffffff; font-size: 23px; letter-spacing: 0.5px;\">Ventajas de los brokers introductores de Xtreme Markets:<\/span><\/h3>\n<p>[\/vc_column_text][vc_row_inner][vc_column_inner width=&#8221;1\/2&#8243;][vc_column_text el_class=&#8221;list_style&#8221; css=&#8221;.vc_custom_1700650937161{padding-left: 30px !important;}&#8221;]<\/p>\n<ul style=\"margin-top: 10px;\">\n<li><i class=\"fa fa-check\" style=\"font-size: 12px; color: white; background-color: #db0100; border-radius: 50%; padding: 3px 2px 3px 3px;\"><\/i><span style=\"color: #b2b2b2; font-size: 13px;\"> Puede ganar comisiones de hasta 25 USD\/lote por cada lote negociado.<\/span><\/li>\n<li><i class=\"fa fa-check\" style=\"font-size: 12px; color: white; background-color: #db0100; border-radius: 50%; padding: 3px 2px 3px 3px;\"><\/i><span style=\"color: #b2b2b2; font-size: 13px;\"> Acceso total a su extracto de comisiones.<\/span><\/li>\n<li><i class=\"fa fa-check\" style=\"font-size: 12px; color: white; background-color: #db0100; border-radius: 50%; padding: 3px 2px 3px 3px;\"><\/i><span class=\"list_T\" style=\"color: #b2b2b2; font-size: 13px;\"> C\u00e1lculo de comisiones instant\u00e1neo y autom\u00e1tico.<\/span><\/li>\n<li><i class=\"fa fa-check\" style=\"font-size: 12px; color: white; background-color: #db0100; border-radius: 50%; padding: 3px 2px 3px 3px;\"><\/i><span class=\"list_T\" style=\"color: #b2b2b2; font-size: 13px;\"> Puede a\u00f1adir un margen en el spread para una comisi\u00f3n extra.<\/span><\/li>\n<li><i class=\"fa fa-check\" style=\"font-size: 12px; color: white; background-color: #db0100; border-radius: 50%; padding: 3px 2px 3px 3px;\"><\/i><span class=\"list_T\" style=\"color: #b2b2b2; font-size: 13px;\"> Se proporcionar\u00e1n herramientas de marketing, banners, contenido de marketing y landing pages.<\/span><\/li>\n<\/ul>\n<p>[\/vc_column_text][\/vc_column_inner][vc_column_inner width=&#8221;1\/2&#8243;][vc_column_text el_class=&#8221;list_style&#8221;]<\/p>\n<ul style=\"margin-top: 10px;\">\n<li><i class=\"fa fa-check\" style=\"font-size: 12px; color: white; background-color: #db0100; border-radius: 50%; padding: 3px 2px 3px 3px;\"><\/i><span class=\"list_T\" style=\"color: #b2b2b2; font-size: 13px;\"> Gestor de asociaci\u00f3n personal.<\/span><\/li>\n<li><i class=\"fa fa-check\" style=\"font-size: 12px; color: white; background-color: #db0100; border-radius: 50%; padding: 3px 2px 3px 3px;\"><\/i><span class=\"list_T\" style=\"color: #b2b2b2; font-size: 13px;\">Lo mejor para personas, empresas, gestores de carteras y administradores de p\u00e1ginas web.<\/span><\/li>\n<li><i class=\"fa fa-check\" style=\"font-size: 12px; color: white; background-color: #db0100; border-radius: 50%; padding: 3px 2px 3px 3px;\"><\/i><span class=\"list_T\" style=\"color: #b2b2b2; font-size: 13px;\"> Soporte continuo en IT y marketing.<\/span><\/li>\n<li><i class=\"fa fa-check\" style=\"font-size: 12px; color: white; background-color: #db0100; border-radius: 50%; padding: 3px 2px 3px 3px;\"><\/i><span class=\"list_T\" style=\"color: #b2b2b2; font-size: 13px;\"> Atenci\u00f3n multiling\u00fce.<\/span><\/li>\n<li><i class=\"fa fa-check\" style=\"font-size: 12px; color: white; background-color: #db0100; border-radius: 50%; padding: 3px 2px 3px 3px;\"><\/i><span class=\"list_T\" style=\"color: #b2b2b2; font-size: 13px;\"> Retire su comisi\u00f3n en cualquier momento.<\/span><\/li>\n<\/ul>\n<p>[\/vc_column_text][\/vc_column_inner][\/vc_row_inner][\/vc_column][\/vc_row][vc_row full_width=&#8221;stretch_row_content&#8221; css=&#8221;.vc_custom_1690532650988{background-image: url(https:\/\/www.xtrememarkets.com\/ID\/wp-content\/uploads\/2023\/04\/Image-min-1.jpg?id=19472) !important;}&#8221;][vc_column][vc_column_text el_class=&#8221;last-txt_payoutss&#8221;]<\/p>\n<h3 style=\"margin-bottom: 20px; text-align: left;\"><span style=\"color: #ffffff; font-size: 23px; font-weight: 600; letter-spacing: 0.7px;\">\u00bfC\u00f3mo retiro la comisi\u00f3n que gano diariamente?<\/span><\/h3>\n<p style=\"text-align: left;\"><span style=\"color: #ffffff; line-height: 28px;\">Como IB puede retirar la comisi\u00f3n que haya ganado diariamente poni\u00e9ndose en contacto con nuestro equipo de atenci\u00f3n al cliente mediante email. Nuestro equipo de atenci\u00f3n al cliente le responder\u00e1 de inmediato para cualquier procedimiento adicional.<\/span><\/p>\n<p>[\/vc_column_text][\/vc_column][\/vc_row][vc_row full_width=&#8221;stretch_row&#8221; css=&#8221;.vc_custom_1682679953750{background-color: #000000 !important;}&#8221;][vc_column width=&#8221;1\/6&#8243;][\/vc_column][vc_column width=&#8221;2\/3&#8243;][vc_row_inner][vc_column_inner width=&#8221;5\/12&#8243;][vc_btn title=&#8221;Abierto en vivo Cuenta&#8221; style=&#8221;custom&#8221; custom_background=&#8221;#000000&#8243; custom_text=&#8221;#ffffff&#8221; shape=&#8221;square&#8221; align=&#8221;center&#8221; link=&#8221;url:https%3A%2F%2Fmy.xtreamforex.com%2FAccount%2FRegister.php||target:%20_blank|&#8221; el_class=&#8221;white_border black_btn&#8221;][\/vc_column_inner][vc_column_inner width=&#8221;1\/6&#8243;][vc_column_text el_class=&#8221;ptxt&#8221;]<\/p>\n<p style=\"text-align: center;\"><span style=\"color: #ffffff;\">o<\/span><\/p>\n<p>[\/vc_column_text][\/vc_column_inner][vc_column_inner width=&#8221;5\/12&#8243;][vc_btn title=&#8221;Abrir cuenta demo&#8221; style=&#8221;custom&#8221; custom_background=&#8221;#000000&#8243; custom_text=&#8221;#ffffff&#8221; shape=&#8221;square&#8221; align=&#8221;center&#8221; link=&#8221;url:https%3A%2F%2Fmy.xtreamforex.com%2FAccount%2FRegister.php||target:%20_blank|&#8221; el_class=&#8221;white_border black_btn&#8221;][\/vc_column_inner][\/vc_row_inner][\/vc_column][vc_column width=&#8221;1\/6&#8243;][\/vc_column][\/vc_row]<\/p>\n","protected":false},"excerpt":{"rendered":"<p>[vc_row full_width=&#8221;stretch_row&#8221; css=&#8221;.vc_custom_1698759149756{margin-top: 0px !important;margin-bottom: 0px !important;padding-top: 70px !important;padding-bottom: 70px !important;background-image: url(https:\/\/www.xtrememarkets.com\/ID\/wp-content\/uploads\/2023\/10\/everyday-payout-21.png?id=24503) !important;background-position: center !important;background-repeat: no-repeat !important;background-size: cover !important;}&#8221;][vc_column][vc_column_text] Pago diario [\/vc_column_text][\/vc_column][\/vc_row][vc_row full_width=&#8221;stretch_row&#8221; css=&#8221;.vc_custom_1698759119143{margin-top: 0px !important;background-color: #000000 !important;}&#8221;][vc_column width=&#8221;1\/2&#8243; el_id=&#8221;everyday_p_firt_imgsec&#8221;][vc_single_image image=&#8221;19663&#8243; img_size=&#8221;full&#8221; alignment=&#8221;center&#8221;][\/vc_column][vc_column width=&#8221;1\/2&#8243; el_id=&#8221;everyday_p_firt_textsec&#8221;][vc_column_text el_class=&#8221;payout_p&#8221; css=&#8221;.vc_custom_1709702068891{padding-top: 20px !important;padding-right: 30px !important;padding-bottom: 20px !important;padding-left: 30px !important;}&#8221;] Cobre su COMISI\u00d3N DE IB DIARIAMENTE XtremeMarkets es un broker<\/p>\n... <a href=\"https:\/\/www.xtrememarkets.com\/ID\/es\/everyday-payout-spanish\/\">continue reading<\/a>.","protected":false},"author":1,"featured_media":0,"parent":0,"menu_order":0,"comment_status":"closed","ping_status":"closed","template":"","meta":[],"yoast_head":"<!-- This site is optimized with the Yoast SEO Premium plugin v16.1 - https:\/\/yoast.com\/wordpress\/plugins\/seo\/ -->\r\n<title>Make Money Online &#038; Withdraw Daily | Xtreme Markets<\/title>\r\n<meta name=\"description\" content=\"Earn up to $25 commissions for each traded lot by your referred clients. Withdraw your daily earned commission at the end of the day. | Xtreme Markets\" \/>\r\n<link rel=\"canonical\" href=\"https:\/\/www.xtrememarkets.com\/ID\/es\/everyday-payout-spanish\/\" \/>\r\n<meta property=\"og:locale\" content=\"en_US\" \/>\r\n<meta property=\"og:type\" content=\"article\" \/>\r\n<meta property=\"og:title\" content=\"Make Money Online &#038; Withdraw Daily | Xtreme Markets\" \/>\r\n<meta property=\"og:description\" content=\"Earn up to $25 commissions for each traded lot by your referred clients. Withdraw your daily earned commission at the end of the day. | Xtreme Markets\" \/>\r\n<meta property=\"og:url\" content=\"https:\/\/www.xtrememarkets.com\/ID\/es\/everyday-payout-spanish\/\" \/>\r\n<meta property=\"og:site_name\" content=\"Xtreme Markets\" \/>\r\n<meta property=\"article:publisher\" content=\"https:\/\/www.facebook.com\/xtreamforex.official\/\" \/>\r\n<meta property=\"article:modified_time\" content=\"2024-03-06T05:14:39+00:00\" \/>\r\n<meta property=\"og:image\" content=\"https:\/\/www.xtrememarkets.com\/wp-content\/uploads\/2023\/07\/link-banner.jpg\" \/>\r\n<meta name=\"twitter:card\" content=\"summary_large_image\" \/>\r\n<meta name=\"twitter:site\" content=\"@xtreamforex\" \/>\r\n<meta name=\"twitter:label1\" content=\"Est. reading time\">\n\t<meta name=\"twitter:data1\" content=\"4 minutes\">\r\n<script type=\"application\/ld+json\" class=\"yoast-schema-graph\">{\"@context\":\"https:\/\/schema.org\",\"@graph\":[{\"@type\":[\"Organization\",\"Place\"],\"@id\":\"https:\/\/www.xtrememarkets.com\/ID\/#organization\",\"name\":\"Xtreamforex\",\"url\":\"https:\/\/www.xtrememarkets.com\/ID\/\",\"sameAs\":[\"https:\/\/www.facebook.com\/xtreamforex.official\/\",\"https:\/\/www.instagram.com\/xtreamforex.official\/\",\"https:\/\/in.linkedin.com\/company\/xtream-forex\",\"https:\/\/www.youtube.com\/channel\/UCbbTuJV9XhurjZciRLdvFBg\",\"https:\/\/www.pinterest.com\/xtreamforex_trading\/\",\"https:\/\/twitter.com\/xtreamforex\"],\"logo\":{\"@id\":\"https:\/\/www.xtrememarkets.com\/ID\/es\/everyday-payout-spanish\/#local-main-organization-logo\"},\"image\":{\"@id\":\"https:\/\/www.xtrememarkets.com\/ID\/es\/everyday-payout-spanish\/#local-main-organization-logo\"},\"openingHoursSpecification\":[{\"@type\":\"OpeningHoursSpecification\",\"dayOfWeek\":[\"Monday\",\"Tuesday\",\"Wednesday\",\"Thursday\",\"Friday\",\"Saturday\",\"Sunday\"],\"opens\":\"09:00\",\"closes\":\"17:00\"}]},{\"@type\":\"WebSite\",\"@id\":\"https:\/\/www.xtrememarkets.com\/ID\/#website\",\"url\":\"https:\/\/www.xtrememarkets.com\/ID\/\",\"name\":\"Xtreme Markets\",\"description\":\"\",\"publisher\":{\"@id\":\"https:\/\/www.xtrememarkets.com\/ID\/#organization\"},\"potentialAction\":[{\"@type\":\"SearchAction\",\"target\":\"https:\/\/www.xtrememarkets.com\/ID\/?s={search_term_string}\",\"query-input\":\"required name=search_term_string\"}],\"inLanguage\":\"en-US\"},{\"@type\":\"ImageObject\",\"@id\":\"https:\/\/www.xtrememarkets.com\/ID\/es\/everyday-payout-spanish\/#primaryimage\",\"inLanguage\":\"en-US\",\"url\":\"\",\"contentUrl\":\"\"},{\"@type\":\"WebPage\",\"@id\":\"https:\/\/www.xtrememarkets.com\/ID\/es\/everyday-payout-spanish\/#webpage\",\"url\":\"https:\/\/www.xtrememarkets.com\/ID\/es\/everyday-payout-spanish\/\",\"name\":\"Make Money Online &#038; Withdraw Daily | Xtreme Markets\",\"isPartOf\":{\"@id\":\"https:\/\/www.xtrememarkets.com\/ID\/#website\"},\"primaryImageOfPage\":{\"@id\":\"https:\/\/www.xtrememarkets.com\/ID\/es\/everyday-payout-spanish\/#primaryimage\"},\"datePublished\":\"2020-05-15T11:38:35+00:00\",\"dateModified\":\"2024-03-06T05:14:39+00:00\",\"description\":\"Earn up to $25 commissions for each traded lot by your referred clients. Withdraw your daily earned commission at the end of the day. | Xtreme Markets\",\"breadcrumb\":{\"@id\":\"https:\/\/www.xtrememarkets.com\/ID\/es\/everyday-payout-spanish\/#breadcrumb\"},\"inLanguage\":\"en-US\",\"potentialAction\":[{\"@type\":\"ReadAction\",\"target\":[\"https:\/\/www.xtrememarkets.com\/ID\/es\/everyday-payout-spanish\/\"]}]},{\"@type\":\"BreadcrumbList\",\"@id\":\"https:\/\/www.xtrememarkets.com\/ID\/es\/everyday-payout-spanish\/#breadcrumb\",\"itemListElement\":[{\"@type\":\"ListItem\",\"position\":1,\"item\":{\"@type\":\"WebPage\",\"@id\":\"https:\/\/www.xtrememarkets.com\/\",\"url\":\"https:\/\/www.xtrememarkets.com\/\",\"name\":\"Home\"}},{\"@type\":\"ListItem\",\"position\":2,\"item\":{\"@type\":\"WebPage\",\"@id\":\"https:\/\/www.xtrememarkets.com\/ID\/es\/everyday-payout-spanish\/\",\"url\":\"https:\/\/www.xtrememarkets.com\/ID\/es\/everyday-payout-spanish\/\",\"name\":\"Make Money Online &#038; Withdraw Daily\"}}]},{\"@type\":\"ImageObject\",\"@id\":\"https:\/\/www.xtrememarkets.com\/ID\/es\/everyday-payout-spanish\/#local-main-organization-logo\",\"inLanguage\":\"en-US\",\"url\":\"https:\/\/www.xtrememarkets.com\/ID\/wp-content\/uploads\/2024\/02\/image_2024_02_23T12_39_46_331Z.png\",\"contentUrl\":\"https:\/\/www.xtrememarkets.com\/ID\/wp-content\/uploads\/2024\/02\/image_2024_02_23T12_39_46_331Z.png\",\"width\":800,\"height\":500,\"caption\":\"Xtreamforex\"}]}<\/script>\r\n<!-- \/ Yoast SEO Premium plugin. -->","_links":{"self":[{"href":"https:\/\/www.xtrememarkets.com\/ID\/wp-json\/wp\/v2\/pages\/25028"}],"collection":[{"href":"https:\/\/www.xtrememarkets.com\/ID\/wp-json\/wp\/v2\/pages"}],"about":[{"href":"https:\/\/www.xtrememarkets.com\/ID\/wp-json\/wp\/v2\/types\/page"}],"author":[{"embeddable":true,"href":"https:\/\/www.xtrememarkets.com\/ID\/wp-json\/wp\/v2\/users\/1"}],"replies":[{"embeddable":true,"href":"https:\/\/www.xtrememarkets.com\/ID\/wp-json\/wp\/v2\/comments?post=25028"}],"version-history":[{"count":4,"href":"https:\/\/www.xtrememarkets.com\/ID\/wp-json\/wp\/v2\/pages\/25028\/revisions"}],"predecessor-version":[{"id":27072,"href":"https:\/\/www.xtrememarkets.com\/ID\/wp-json\/wp\/v2\/pages\/25028\/revisions\/27072"}],"wp:attachment":[{"href":"https:\/\/www.xtrememarkets.com\/ID\/wp-json\/wp\/v2\/media?parent=25028"}],"curies":[{"name":"wp","href":"https:\/\/api.w.org\/{rel}","templated":true}]}}