{"id":25022,"date":"2021-02-24T08:57:28","date_gmt":"2021-02-24T08:57:28","guid":{"rendered":"https:\/\/www.xtreamforex.com\/?page_id=25022"},"modified":"2024-03-06T05:11:53","modified_gmt":"2024-03-06T05:11:53","slug":"vps-hosting-spanish","status":"publish","type":"page","link":"https:\/\/www.xtrememarkets.com\/ID\/es\/vps-hosting-spanish\/","title":{"rendered":"VPS Hosting"},"content":{"rendered":"<p>[vc_row full_width=&#8221;stretch_row&#8221; css=&#8221;.vc_custom_1698758724040{margin-top: 0px !important;margin-bottom: 0px !important;padding-top: 70px !important;padding-bottom: 70px !important;background-image: url(https:\/\/www.xtrememarkets.com\/ID\/wp-content\/uploads\/2023\/10\/vps-hosting.png?id=24497) !important;background-position: center !important;background-repeat: no-repeat !important;background-size: cover !important;}&#8221;][vc_column][vc_column_text]<\/p>\n<p class=\"\" style=\"font-size: 50px; color: #db0100; font-weight: bold;\">Alojamiento <span style=\"color: #fff;\">VPS<br \/>\n<\/span><\/p>\n<p>[\/vc_column_text][\/vc_column][\/vc_row][vc_row full_width=&#8221;stretch_row&#8221; css=&#8221;.vc_custom_1698758684778{margin-top: 0px !important;background-color: #000000 !important;background-position: center !important;background-repeat: no-repeat !important;background-size: cover !important;}&#8221;][vc_column][vc_row_inner][vc_column_inner width=&#8221;1\/2&#8243;][vc_single_image image=&#8221;19660&#8243; img_size=&#8221;full&#8221; alignment=&#8221;center&#8221;][\/vc_column_inner][vc_column_inner el_class=&#8221;vps_second_sec-right&#8221; width=&#8221;1\/2&#8243;][vc_column_text]<\/p>\n<h2 style=\"color: #fff; letter-spacing: 2px; text-transform: capitalize; padding: 110px 0px 16px 0px;\"><span style=\"color: #d60302; font-size: 35px; line-height: 1.3;\">Prep\u00e1rese para un trading ininterrumpido<span style=\"color: #ffffff;\"><strong><\/strong><\/span><\/span><\/h2>\n<p style=\"text-align: left;\"><span style=\"color: #b2b2b2; font-size: 13px;\">Se conoce popularmente al servidor privado virtual como VPS, por sus siglas en ingl\u00e9s. Es un servicio remoto que funciona de forma aut\u00f3noma. Un VPS se ejecuta virtualmente imitando un servidor dedicado en grandes servidores. Imparte un trading seguro y firme proporcionando una conectividad permanente a Internet sin ninguna disrupci\u00f3n.<\/span><\/p>\n<p>[\/vc_column_text][\/vc_column_inner][\/vc_row_inner][\/vc_column][\/vc_row][vc_row full_width=&#8221;stretch_row&#8221; css=&#8221;.vc_custom_1682656335007{background-color: #0f0f0f !important;background-position: center !important;background-repeat: no-repeat !important;background-size: cover !important;}&#8221;][vc_column][vc_row_inner css=&#8221;.vc_custom_1614163500265{padding-bottom: 50px !important;}&#8221;][vc_column_inner][vc_custom_heading text=&#8221;VENTAJAS DEL VPS&#8221; font_container=&#8221;tag:h6|text_align:center|color:%23ffffff&#8221;][\/vc_column_inner][\/vc_row_inner][vc_row_inner][vc_column_inner width=&#8221;1\/6&#8243;][vc_single_image image=&#8221;19325&#8243; img_size=&#8221;full&#8221; alignment=&#8221;center&#8221; el_class=&#8221;six_imgs_vps&#8221;][vc_column_text el_class=&#8221;six_text_vps&#8221;]<\/p>\n<p style=\"text-align: center;\"><span style=\"color: #ffffff;\">Funciona 24\/7<\/span><\/p>\n<p>[\/vc_column_text][\/vc_column_inner][vc_column_inner width=&#8221;1\/6&#8243;][vc_single_image image=&#8221;19328&#8243; img_size=&#8221;full&#8221; alignment=&#8221;center&#8221; el_class=&#8221;six_imgs_vps&#8221;][vc_column_text el_class=&#8221;six_text_vps&#8221;]<\/p>\n<p style=\"text-align: center;\"><span style=\"color: #ffffff;\">Velocidad de conexi\u00f3n ideal<\/span><br \/>\n<span style=\"color: #ffffff;\"><\/span><\/p>\n<p>[\/vc_column_text][\/vc_column_inner][vc_column_inner width=&#8221;1\/6&#8243;][vc_single_image image=&#8221;19326&#8243; img_size=&#8221;full&#8221; alignment=&#8221;center&#8221; el_class=&#8221;six_imgs_vps&#8221;][vc_column_text el_class=&#8221;six_text_vps&#8221;]<\/p>\n<p style=\"text-align: center;\"><span style=\"color: #ffffff;\">Sin el efecto de periodos de inactividad, cortes de luz ni otros obst\u00e1culos imprevistos.<\/span><\/p>\n<p>[\/vc_column_text][\/vc_column_inner][vc_column_inner width=&#8221;1\/6&#8243;][vc_single_image image=&#8221;19327&#8243; img_size=&#8221;full&#8221; alignment=&#8221;center&#8221; el_class=&#8221;six_imgs_vps&#8221;][vc_column_text el_class=&#8221;six_text_vps&#8221;]<\/p>\n<p style=\"text-align: center;\"><span style=\"color: #ffffff;\">Retraso m\u00ednimo en la ejecuci\u00f3n de \u00f3rdenes<\/span><\/p>\n<p>[\/vc_column_text][\/vc_column_inner][vc_column_inner width=&#8221;1\/6&#8243;][vc_single_image image=&#8221;19329&#8243; img_size=&#8221;full&#8221; alignment=&#8221;center&#8221; el_class=&#8221;six_imgs_vps&#8221;][vc_column_text el_class=&#8221;six_text_vps&#8221;]<\/p>\n<p style=\"text-align: center;\"><span style=\"color: #ffffff;\">Recuperaci\u00f3n r\u00e1pida de datos perdidos<\/span><\/p>\n<p>[\/vc_column_text][\/vc_column_inner][vc_column_inner width=&#8221;1\/6&#8243;][vc_single_image image=&#8221;19324&#8243; img_size=&#8221;full&#8221; alignment=&#8221;center&#8221; el_class=&#8221;six_imgs_vps&#8221;][vc_column_text el_class=&#8221;six_text_vps&#8221;]<\/p>\n<p style=\"text-align: center;\"><span style=\"color: #ffffff;\">Funcionamiento fluido junto con otros sistemas operativos<\/span><\/p>\n<p>[\/vc_column_text][\/vc_column_inner][\/vc_row_inner][\/vc_column][\/vc_row][vc_row full_width=&#8221;stretch_row&#8221; css=&#8221;.vc_custom_1682666124165{padding-bottom: 5% !important;background-color: #000000 !important;background-position: center !important;background-repeat: no-repeat !important;background-size: cover !important;}&#8221;][vc_column][vc_row_inner][vc_column_inner][vc_custom_heading text=&#8221;C\u00d3MO FUNCIONA EL TRADING EN VPS&#8221; font_container=&#8221;tag:h6|text_align:center|color:%23ffffff&#8221;][\/vc_column_inner][\/vc_row_inner][vc_row_inner css=&#8221;.vc_custom_1682666279632{padding-top: 3% !important;}&#8221;][vc_column_inner width=&#8221;1\/2&#8243;][vc_single_image image=&#8221;19381&#8243; img_size=&#8221;full&#8221; el_class=&#8221;img_1_vps&#8221;][vc_column_text el_class=&#8221;vps_pre_boxes1&#8243;]<\/p>\n<pre><span style=\"color: #b2b2b2; font-size: 13px;\">Para continuar con el VPS, deber\u00e1 unirse a la red de brokers prestigiosos como Xtrememarkets.<\/span><\/pre>\n<p>[\/vc_column_text][vc_single_image image=&#8221;19379&#8243; img_size=&#8221;full&#8221; el_class=&#8221;img_3_vps&#8221;][vc_column_text el_class=&#8221;vps_pre_boxes13&#8243;]<\/p>\n<pre><span style=\"color: #b2b2b2; font-size: 13px;\">Cuando la conexi\u00f3n del VPS est\u00e9 activa, se le dirigir\u00e1 a un escritorio diferente con la privacidad y funciones de un PC real.<\/span><\/pre>\n<p>[\/vc_column_text][\/vc_column_inner][vc_column_inner width=&#8221;1\/2&#8243;][vc_single_image image=&#8221;19380&#8243; img_size=&#8221;full&#8221; el_class=&#8221;img_2_vps&#8221;][vc_column_text el_class=&#8221;vps_pre_boxes12&#8243;]<\/p>\n<pre><span style=\"color: #b2b2b2; font-size: 13px;\">Tras la aprobaci\u00f3n de su broker, recibir\u00e1 un nombre de usuario y contrase\u00f1a para acceder a su direcci\u00f3n IP y vincularla al servidor utilizando una aplicaci\u00f3n de escritorio remota.<\/span><\/pre>\n<p>[\/vc_column_text][vc_single_image image=&#8221;19378&#8243; img_size=&#8221;full&#8221; el_class=&#8221;img_4_vps&#8221;][vc_column_text el_class=&#8221;vps_pre_boxes14&#8243;]<\/p>\n<pre><span style=\"color: #b2b2b2; font-size: 13px;\">Por \u00faltimo, puede iniciar sesi\u00f3n y empezar a operar como siempre, con actividades de trading normales.<\/span><\/pre>\n<p>[\/vc_column_text][\/vc_column_inner][\/vc_row_inner][\/vc_column][\/vc_row][vc_row full_width=&#8221;stretch_row&#8221; css=&#8221;.vc_custom_1682657436111{background-color: #0f0f0f !important;background-position: center !important;background-repeat: no-repeat !important;background-size: cover !important;}&#8221;][vc_column][vc_row_inner][vc_column_inner width=&#8221;1\/2&#8243; el_id=&#8221;last_left_txtvps&#8221;][vc_column_text]<\/p>\n<h2 style=\"font-size: 35px; color: #ffffff; text-transform: capitalize; letter-spacing: 2px; font-weight: 100 !important;\">Reg\u00edstrese GRATIS<\/h2>\n<p style=\"text-align: left;\"><span class=\"veri_imp_vps\" style=\"color: #dddddd;\">XtremeMarkets se compromete a proporcionar tecnolog\u00eda avanzada. Esta vez hemos unido fuerzas con el mejor proveedor para permitir el acceso a hosting VPS gratis a nuestros clientes para unas condiciones de trading excepcionales con seguridad y flexibilidad. <\/span><\/p>\n<p>[\/vc_column_text][vc_btn title=&#8221;Reg\u00edstrese&#8221; style=&#8221;custom&#8221; custom_background=&#8221;#d60302&#8243; custom_text=&#8221;#ffffff&#8221; shape=&#8221;square&#8221; size=&#8221;sm&#8221; align=&#8221;left&#8221; link=&#8221;url:https%3A%2F%2Fmy.xtreamforex.com%2FAccount%2FRegister.php||target:%20_blank|&#8221; el_id=&#8221;vps_lastsec_btn&#8221;][\/vc_column_inner][vc_column_inner width=&#8221;1\/2&#8243; el_id=&#8221;vps_last_secimage&#8221;][vc_single_image image=&#8221;19333&#8243; img_size=&#8221;full&#8221; alignment=&#8221;center&#8221;][\/vc_column_inner][\/vc_row_inner][\/vc_column][\/vc_row][vc_row full_width=&#8221;stretch_row&#8221; css=&#8221;.vc_custom_1682674895885{background-color: #000000 !important;}&#8221;][vc_column width=&#8221;1\/6&#8243;][\/vc_column][vc_column width=&#8221;2\/3&#8243; css=&#8221;.vc_custom_1682676401491{padding-top: 6% !important;padding-bottom: 30px !important;}&#8221; el_id=&#8221;bts_vps_sec&#8221;][vc_row_inner][vc_column_inner width=&#8221;5\/12&#8243;][vc_btn title=&#8221;Abierto en vivo Cuenta&#8221; style=&#8221;custom&#8221; custom_background=&#8221;#0a0a0a&#8221; custom_text=&#8221;#ffffff&#8221; shape=&#8221;square&#8221; align=&#8221;center&#8221; link=&#8221;url:https%3A%2F%2Fmy.xtreamforex.com%2FAccount%2FRegister.php||target:%20_blank|&#8221; el_class=&#8221;white_border black_btn&#8221;][\/vc_column_inner][vc_column_inner width=&#8221;1\/6&#8243; css=&#8221;.vc_custom_1682675784970{padding-top: 6% !important;}&#8221; el_id=&#8221;or_btn_vps&#8221;][vc_column_text]<\/p>\n<p style=\"text-align: center;\"><span style=\"color: #ffffff;\">O<\/span><\/p>\n<p>[\/vc_column_text][\/vc_column_inner][vc_column_inner width=&#8221;5\/12&#8243;][vc_btn title=&#8221;Abrir cuenta demo&#8221; style=&#8221;custom&#8221; custom_background=&#8221;#0a0a0a&#8221; custom_text=&#8221;#ffffff&#8221; shape=&#8221;square&#8221; align=&#8221;center&#8221; link=&#8221;url:https%3A%2F%2Fmy.xtreamforex.com%2FAccount%2FRegister.php||target:%20_blank|&#8221; el_class=&#8221;white_border black_btn&#8221;][\/vc_column_inner][\/vc_row_inner][\/vc_column][vc_column width=&#8221;1\/6&#8243;][\/vc_column][\/vc_row]<\/p>\n","protected":false},"excerpt":{"rendered":"<p>[vc_row full_width=&#8221;stretch_row&#8221; css=&#8221;.vc_custom_1698758724040{margin-top: 0px !important;margin-bottom: 0px !important;padding-top: 70px !important;padding-bottom: 70px !important;background-image: url(https:\/\/www.xtrememarkets.com\/ID\/wp-content\/uploads\/2023\/10\/vps-hosting.png?id=24497) !important;background-position: center !important;background-repeat: no-repeat !important;background-size: cover !important;}&#8221;][vc_column][vc_column_text] Alojamiento VPS [\/vc_column_text][\/vc_column][\/vc_row][vc_row full_width=&#8221;stretch_row&#8221; css=&#8221;.vc_custom_1698758684778{margin-top: 0px !important;background-color: #000000 !important;background-position: center !important;background-repeat: no-repeat !important;background-size: cover !important;}&#8221;][vc_column][vc_row_inner][vc_column_inner width=&#8221;1\/2&#8243;][vc_single_image image=&#8221;19660&#8243; img_size=&#8221;full&#8221; alignment=&#8221;center&#8221;][\/vc_column_inner][vc_column_inner el_class=&#8221;vps_second_sec-right&#8221; width=&#8221;1\/2&#8243;][vc_column_text] Prep\u00e1rese para un trading ininterrumpido Se conoce popularmente al servidor privado virtual como VPS, por<\/p>\n... <a href=\"https:\/\/www.xtrememarkets.com\/ID\/es\/vps-hosting-spanish\/\">continue reading<\/a>.","protected":false},"author":1,"featured_media":0,"parent":0,"menu_order":0,"comment_status":"closed","ping_status":"closed","template":"","meta":[],"yoast_head":"<!-- This site is optimized with the Yoast SEO Premium plugin v16.1 - https:\/\/yoast.com\/wordpress\/plugins\/seo\/ -->\r\n<title>Speedup trading tasks with VPS enabled Xtreamforex<\/title>\r\n<meta name=\"description\" content=\"Get ready to experience the VPS-enabled trading platform Xtreamforex that lets you run the platform with an IP address.\" \/>\r\n<link rel=\"canonical\" href=\"https:\/\/www.xtrememarkets.com\/ID\/es\/vps-hosting-spanish\/\" \/>\r\n<meta property=\"og:locale\" content=\"en_US\" \/>\r\n<meta property=\"og:type\" content=\"article\" \/>\r\n<meta property=\"og:title\" content=\"Speedup trading tasks with VPS enabled Xtreamforex\" \/>\r\n<meta property=\"og:description\" content=\"Get ready to experience the VPS-enabled trading platform Xtreamforex that lets you run the platform with an IP address.\" \/>\r\n<meta property=\"og:url\" content=\"https:\/\/www.xtrememarkets.com\/ID\/es\/vps-hosting-spanish\/\" \/>\r\n<meta property=\"og:site_name\" content=\"Xtreme Markets\" \/>\r\n<meta property=\"article:publisher\" content=\"https:\/\/www.facebook.com\/xtreamforex.official\/\" \/>\r\n<meta property=\"article:modified_time\" content=\"2024-03-06T05:11:53+00:00\" \/>\r\n<meta property=\"og:image\" content=\"https:\/\/www.xtrememarkets.com\/wp-content\/uploads\/2023\/07\/link-banner.jpg\" \/>\r\n<meta name=\"twitter:card\" content=\"summary_large_image\" \/>\r\n<meta name=\"twitter:site\" content=\"@xtreamforex\" \/>\r\n<meta name=\"twitter:label1\" content=\"Est. reading time\">\n\t<meta name=\"twitter:data1\" content=\"3 minutes\">\r\n<script type=\"application\/ld+json\" class=\"yoast-schema-graph\">{\"@context\":\"https:\/\/schema.org\",\"@graph\":[{\"@type\":[\"Organization\",\"Place\"],\"@id\":\"https:\/\/www.xtrememarkets.com\/ID\/#organization\",\"name\":\"Xtreamforex\",\"url\":\"https:\/\/www.xtrememarkets.com\/ID\/\",\"sameAs\":[\"https:\/\/www.facebook.com\/xtreamforex.official\/\",\"https:\/\/www.instagram.com\/xtreamforex.official\/\",\"https:\/\/in.linkedin.com\/company\/xtream-forex\",\"https:\/\/www.youtube.com\/channel\/UCbbTuJV9XhurjZciRLdvFBg\",\"https:\/\/www.pinterest.com\/xtreamforex_trading\/\",\"https:\/\/twitter.com\/xtreamforex\"],\"logo\":{\"@id\":\"https:\/\/www.xtrememarkets.com\/ID\/es\/vps-hosting-spanish\/#local-main-organization-logo\"},\"image\":{\"@id\":\"https:\/\/www.xtrememarkets.com\/ID\/es\/vps-hosting-spanish\/#local-main-organization-logo\"},\"openingHoursSpecification\":[{\"@type\":\"OpeningHoursSpecification\",\"dayOfWeek\":[\"Monday\",\"Tuesday\",\"Wednesday\",\"Thursday\",\"Friday\",\"Saturday\",\"Sunday\"],\"opens\":\"09:00\",\"closes\":\"17:00\"}]},{\"@type\":\"WebSite\",\"@id\":\"https:\/\/www.xtrememarkets.com\/ID\/#website\",\"url\":\"https:\/\/www.xtrememarkets.com\/ID\/\",\"name\":\"Xtreme Markets\",\"description\":\"\",\"publisher\":{\"@id\":\"https:\/\/www.xtrememarkets.com\/ID\/#organization\"},\"potentialAction\":[{\"@type\":\"SearchAction\",\"target\":\"https:\/\/www.xtrememarkets.com\/ID\/?s={search_term_string}\",\"query-input\":\"required name=search_term_string\"}],\"inLanguage\":\"en-US\"},{\"@type\":\"ImageObject\",\"@id\":\"https:\/\/www.xtrememarkets.com\/ID\/es\/vps-hosting-spanish\/#primaryimage\",\"inLanguage\":\"en-US\",\"url\":\"\",\"contentUrl\":\"\"},{\"@type\":\"WebPage\",\"@id\":\"https:\/\/www.xtrememarkets.com\/ID\/es\/vps-hosting-spanish\/#webpage\",\"url\":\"https:\/\/www.xtrememarkets.com\/ID\/es\/vps-hosting-spanish\/\",\"name\":\"Speedup trading tasks with VPS enabled Xtreamforex\",\"isPartOf\":{\"@id\":\"https:\/\/www.xtrememarkets.com\/ID\/#website\"},\"primaryImageOfPage\":{\"@id\":\"https:\/\/www.xtrememarkets.com\/ID\/es\/vps-hosting-spanish\/#primaryimage\"},\"datePublished\":\"2021-02-24T08:57:28+00:00\",\"dateModified\":\"2024-03-06T05:11:53+00:00\",\"description\":\"Get ready to experience the VPS-enabled trading platform Xtreamforex that lets you run the platform with an IP address.\",\"breadcrumb\":{\"@id\":\"https:\/\/www.xtrememarkets.com\/ID\/es\/vps-hosting-spanish\/#breadcrumb\"},\"inLanguage\":\"en-US\",\"potentialAction\":[{\"@type\":\"ReadAction\",\"target\":[\"https:\/\/www.xtrememarkets.com\/ID\/es\/vps-hosting-spanish\/\"]}]},{\"@type\":\"BreadcrumbList\",\"@id\":\"https:\/\/www.xtrememarkets.com\/ID\/es\/vps-hosting-spanish\/#breadcrumb\",\"itemListElement\":[{\"@type\":\"ListItem\",\"position\":1,\"item\":{\"@type\":\"WebPage\",\"@id\":\"https:\/\/www.xtrememarkets.com\/\",\"url\":\"https:\/\/www.xtrememarkets.com\/\",\"name\":\"Home\"}},{\"@type\":\"ListItem\",\"position\":2,\"item\":{\"@type\":\"WebPage\",\"@id\":\"https:\/\/www.xtrememarkets.com\/ID\/es\/vps-hosting-spanish\/\",\"url\":\"https:\/\/www.xtrememarkets.com\/ID\/es\/vps-hosting-spanish\/\",\"name\":\"VPS Hosting\"}}]},{\"@type\":\"ImageObject\",\"@id\":\"https:\/\/www.xtrememarkets.com\/ID\/es\/vps-hosting-spanish\/#local-main-organization-logo\",\"inLanguage\":\"en-US\",\"url\":\"https:\/\/www.xtrememarkets.com\/ID\/wp-content\/uploads\/2024\/02\/image_2024_02_23T12_39_46_331Z.png\",\"contentUrl\":\"https:\/\/www.xtrememarkets.com\/ID\/wp-content\/uploads\/2024\/02\/image_2024_02_23T12_39_46_331Z.png\",\"width\":800,\"height\":500,\"caption\":\"Xtreamforex\"}]}<\/script>\r\n<!-- \/ Yoast SEO Premium plugin. -->","_links":{"self":[{"href":"https:\/\/www.xtrememarkets.com\/ID\/wp-json\/wp\/v2\/pages\/25022"}],"collection":[{"href":"https:\/\/www.xtrememarkets.com\/ID\/wp-json\/wp\/v2\/pages"}],"about":[{"href":"https:\/\/www.xtrememarkets.com\/ID\/wp-json\/wp\/v2\/types\/page"}],"author":[{"embeddable":true,"href":"https:\/\/www.xtrememarkets.com\/ID\/wp-json\/wp\/v2\/users\/1"}],"replies":[{"embeddable":true,"href":"https:\/\/www.xtrememarkets.com\/ID\/wp-json\/wp\/v2\/comments?post=25022"}],"version-history":[{"count":5,"href":"https:\/\/www.xtrememarkets.com\/ID\/wp-json\/wp\/v2\/pages\/25022\/revisions"}],"predecessor-version":[{"id":27071,"href":"https:\/\/www.xtrememarkets.com\/ID\/wp-json\/wp\/v2\/pages\/25022\/revisions\/27071"}],"wp:attachment":[{"href":"https:\/\/www.xtrememarkets.com\/ID\/wp-json\/wp\/v2\/media?parent=25022"}],"curies":[{"name":"wp","href":"https:\/\/api.w.org\/{rel}","templated":true}]}}