{"id":24973,"date":"2021-02-09T09:27:44","date_gmt":"2021-02-09T09:27:44","guid":{"rendered":"https:\/\/www.xtreamforex.com\/?page_id=24973"},"modified":"2024-02-26T11:47:06","modified_gmt":"2024-02-26T11:47:06","slug":"security-of-funds-spanish","status":"publish","type":"page","link":"https:\/\/www.xtrememarkets.com\/ID\/es\/security-of-funds-spanish\/","title":{"rendered":"Security of Funds"},"content":{"rendered":"<p>[vc_row full_width=&#8221;stretch_row&#8221; content_placement=&#8221;middle&#8221; css=&#8221;.vc_custom_1698319675499{position:relative !important; z-index:-111 !important; margin-top: 0px !important;margin-bottom: 0px !important;padding-top: 50px !important;padding-bottom: 30px !important;background-image: url(https:\/\/www.xtrememarkets.com\/ID\/wp-content\/uploads\/2023\/10\/SECURITY-OF-FUNDS.png) !important;background-position: center !important;background-repeat: no-repeat !important;background-size: cover !important;}&#8221;][vc_column css=&#8221;.vc_custom_1698319593712{padding-top: 50px !important;padding-bottom: 50px !important;background-position: center !important;background-repeat: no-repeat !important;background-size: cover !important;}&#8221;][vc_column_text css=&#8221;.vc_custom_1698319516600{padding-top: 20px !important;padding-bottom: 20px !important;}&#8221;]<\/p>\n<p class=\"\" style=\"font-size: 60px; color: #db0100; font-weight: 900;\">FONDOS DE <span style=\"color: #fff;\">OF SEGURIDAD<\/span><\/p>\n<p>[\/vc_column_text][\/vc_column][\/vc_row][vc_row full_width=&#8221;stretch_row&#8221; css=&#8221;.vc_custom_1698323095144{margin-top: 0px !important;background-color: #000000 !important;}&#8221;][vc_column][vc_row_inner css=&#8221;.vc_custom_1685594846769{border-bottom-width: 1px !important;border-bottom-color: #808080 !important;border-bottom-style: dashed !important;}&#8221; el_id=&#8221;first_sec_securityfunds&#8221;][vc_column_inner][vc_column_text]<\/p>\n<p style=\"text-align: center; color: #ffffff; font-size: 15px; line-height: 1.8;\">Es imperativo afirmar que la seguridad de los fondos es la m\u00e1xima preocupaci\u00f3n de todo comerciante. Nosotros, en XtremeMarkets, percibimos la importancia de esto en todo momento. Por eso hemos hecho de la protecci\u00f3n del dep\u00f3sito nuestro primer principio. Por lo tanto, Nuestros Clientes pueden estar seguros de que sus fondos se retienen con seguridad, integridad y transparencia.<\/p>\n<p>[\/vc_column_text][\/vc_column_inner][\/vc_row_inner][vc_row_inner el_class=&#8221;text_img_second_sec&#8221;][vc_column_inner width=&#8221;1\/6&#8243;][vc_single_image image=&#8221;19981&#8243; img_size=&#8221;140xauto&#8221;][\/vc_column_inner][vc_column_inner width=&#8221;5\/6&#8243;][vc_column_text]<\/p>\n<p style=\"color: #ffffff; font-size: 16px;\">Gesti\u00f3n de riesgos<\/p>\n<p style=\"color: #afafaf; font-size: 14px; line-height: 1.8;\">La gesti\u00f3n de riesgos consiste en reconocer, estimar y gestionar las amenazas potenciales involucradas en su funcionamiento. Xtrememarkets define esto con dignidad. Las pol\u00edticas desarrolladas por la organizaci\u00f3n son adecuadas para mitigar el riesgo asociado a crisis financieras y sostener el requerimiento de capital de la empresa en cualquier momento.<\/p>\n<p>[\/vc_column_text][\/vc_column_inner][\/vc_row_inner][vc_row_inner el_class=&#8221;text_img_second_sec&#8221;][vc_column_inner el_class=&#8221;image_securty1&#8243; width=&#8221;1\/6&#8243;][vc_single_image image=&#8221;19994&#8243; img_size=&#8221;140xauto&#8221;][\/vc_column_inner][vc_column_inner el_class=&#8221;text_securty1&#8243; width=&#8221;5\/6&#8243;][vc_column_text el_class=&#8221;text_align_right&#8221;]<\/p>\n<p style=\"color: #ffffff; font-size: 16px; text-align: left !important;\">L\u00edder en seguridad financiera<\/p>\n<p style=\"color: #afafaf; font-size: 14px; text-align: left !important; ; line-height: 1.8;\">Xtreme Markets ha demostrado ser un l\u00edder mundial en operaciones en l\u00ednea, forex, acciones, materias primas e \u00edndices. Al principio, nuestra ideolog\u00eda siempre fue mantener la seguridad de los fondos de nuestros clientes. Con el tiempo, se convirti\u00f3 en la parte m\u00e1s destacada de nuestra empresa, junto con las mejores condiciones comerciales posibles y una atenci\u00f3n al cliente excepcional. Con la confianza de nuestros clientes y una s\u00f3lida reputaci\u00f3n, garantizamos que los fondos del cliente est\u00e1n en las manos m\u00e1s seguras.<\/p>\n<p>[\/vc_column_text][\/vc_column_inner][\/vc_row_inner][vc_row_inner el_class=&#8221;text_img_second_sec&#8221;][vc_column_inner el_class=&#8221;image_securty2&#8243; width=&#8221;1\/6&#8243;][vc_single_image image=&#8221;19996&#8243; img_size=&#8221;140xauto&#8221;][\/vc_column_inner][vc_column_inner el_class=&#8221;text_securty1&#8243; width=&#8221;5\/6&#8243;][vc_column_text]<\/p>\n<p style=\"color: #ffffff; font-size: 16px; text-align: left !important;\">Cuentas con los principales bancos<\/p>\n<p style=\"color: #afafaf; font-size: 14px; line-height: 1.8; text-align: left !important;\">Teniendo en cuenta la importancia de los fondos de los clientes, siempre priorizamos el uso de bancos globales de renombre, ya que somos respetados internacionalmente y nos aseguramos de proporcionar liquidez a trav\u00e9s de los principales bancos.<\/p>\n<p>[\/vc_column_text][\/vc_column_inner][\/vc_row_inner][vc_row_inner el_class=&#8221;text_img_second_sec&#8221;][vc_column_inner el_class=&#8221;image_securty3&#8243; width=&#8221;1\/6&#8243;][vc_single_image image=&#8221;19997&#8243; img_size=&#8221;140xauto&#8221;][\/vc_column_inner][vc_column_inner el_class=&#8221;text_securty1&#8243; width=&#8221;5\/6&#8243;][vc_column_text el_class=&#8221;text_align_right&#8221;]<\/p>\n<p style=\"color: #ffffff; font-size: 16px; text-align: left !important;\">Cuentas segregadas<\/p>\n<p style=\"color: #afafaf; font-size: 14px; text-align: left !important; line-height: 1.8;\">Los fondos de nuestro Cliente se mantienen separados de los fondos operativos de nuestra empresa, por lo que no podr\u00eda generar ninguna confusi\u00f3n en el futuro. Nuestras intenciones son muy claras: el fondo del cliente nunca se utilizar\u00e1 indebidamente para ning\u00fan otro prop\u00f3sito. Por lo tanto, nos aseguramos de que no haya lugar a errores.<\/p>\n<p>[\/vc_column_text][\/vc_column_inner][\/vc_row_inner][vc_row_inner el_class=&#8221;text_img_second_sec&#8221;][vc_column_inner el_class=&#8221;image_securty4&#8243; width=&#8221;1\/6&#8243;][vc_single_image image=&#8221;19998&#8243; img_size=&#8221;140xauto&#8221;][\/vc_column_inner][vc_column_inner el_class=&#8221;text_securty1&#8243; width=&#8221;5\/6&#8243;][vc_column_text]<\/p>\n<p style=\"color: #ffffff; font-size: 16px; text-align: left !important;\">Protecci\u00f3n de saldo negativo<\/p>\n<p style=\"color: #afafaf; font-size: 14px; line-height: 1.8; text-align: left !important;\">Se produce un saldo negativo cuando el mercado es muy vol\u00e1til, lo que suele suceder. Los clientes no son responsables del saldo negativo y no necesitan devolver el monto negativo. Por lo tanto, la empresa asume toda la responsabilidad cuando los stop-outs y margin call no funcionan correctamente.<\/p>\n<p>[\/vc_column_text][\/vc_column_inner][\/vc_row_inner][\/vc_column][\/vc_row][vc_row full_width=&#8221;stretch_row&#8221; css=&#8221;.vc_custom_1685594210908{background-color: #000000 !important;}&#8221;][vc_column width=&#8221;1\/6&#8243;][\/vc_column][vc_column width=&#8221;2\/3&#8243;][vc_row_inner][vc_column_inner width=&#8221;5\/12&#8243;][vc_btn title=&#8221;Abierto en vivo Cuenta&#8221; style=&#8221;custom&#8221; custom_background=&#8221;#000000&#8243; custom_text=&#8221;#ffffff&#8221; shape=&#8221;square&#8221; align=&#8221;center&#8221; link=&#8221;url:https%3A%2F%2Fmy.xtreamforex.com%2FAccount%2FRegister.php||target:%20_blank|&#8221; el_class=&#8221;white_border black_btn&#8221;][\/vc_column_inner][vc_column_inner width=&#8221;1\/6&#8243;][vc_column_text el_class=&#8221;ptxt&#8221;]<\/p>\n<p style=\"text-align: center;\">O<\/p>\n<p>[\/vc_column_text][\/vc_column_inner][vc_column_inner width=&#8221;5\/12&#8243;][vc_btn title=&#8221;Abrir cuenta demo&#8221; style=&#8221;custom&#8221; custom_background=&#8221;#000000&#8243; custom_text=&#8221;#ffffff&#8221; shape=&#8221;square&#8221; align=&#8221;center&#8221; link=&#8221;url:https%3A%2F%2Fmy.xtreamforex.com%2FAccount%2FRegister.php||target:%20_blank|&#8221; el_class=&#8221;white_border black_btn&#8221;][\/vc_column_inner][\/vc_row_inner][\/vc_column][vc_column width=&#8221;1\/6&#8243;][\/vc_column][\/vc_row]<\/p>\n","protected":false},"excerpt":{"rendered":"<p>[vc_row full_width=&#8221;stretch_row&#8221; content_placement=&#8221;middle&#8221; css=&#8221;.vc_custom_1698319675499{position:relative !important; z-index:-111 !important; margin-top: 0px !important;margin-bottom: 0px !important;padding-top: 50px !important;padding-bottom: 30px !important;background-image: url(https:\/\/www.xtrememarkets.com\/ID\/wp-content\/uploads\/2023\/10\/SECURITY-OF-FUNDS.png) !important;background-position: center !important;background-repeat: no-repeat !important;background-size: cover !important;}&#8221;][vc_column css=&#8221;.vc_custom_1698319593712{padding-top: 50px !important;padding-bottom: 50px !important;background-position: center !important;background-repeat: no-repeat !important;background-size: cover !important;}&#8221;][vc_column_text css=&#8221;.vc_custom_1698319516600{padding-top: 20px !important;padding-bottom: 20px !important;}&#8221;] FONDOS DE OF SEGURIDAD [\/vc_column_text][\/vc_column][\/vc_row][vc_row full_width=&#8221;stretch_row&#8221; css=&#8221;.vc_custom_1698323095144{margin-top: 0px !important;background-color: #000000 !important;}&#8221;][vc_column][vc_row_inner css=&#8221;.vc_custom_1685594846769{border-bottom-width: 1px !important;border-bottom-color: #808080<\/p>\n... <a href=\"https:\/\/www.xtrememarkets.com\/ID\/es\/security-of-funds-spanish\/\">continue reading<\/a>.","protected":false},"author":1,"featured_media":0,"parent":0,"menu_order":0,"comment_status":"closed","ping_status":"closed","template":"","meta":[],"yoast_head":"<!-- This site is optimized with the Yoast SEO Premium plugin v16.1 - https:\/\/yoast.com\/wordpress\/plugins\/seo\/ -->\r\n<title>Safely Deposit &amp; withdraw your funds in Xtreamforex account<\/title>\r\n<meta name=\"description\" content=\"Feel free to deposit &amp; withdraw as large money as you can with Xtreamforex Platform as we have the support of Verified banks &amp; encryption techniques that&#039;s hard to beat.\" \/>\r\n<link rel=\"canonical\" href=\"https:\/\/www.xtrememarkets.com\/ID\/es\/security-of-funds-spanish\/\" \/>\r\n<meta property=\"og:locale\" content=\"en_US\" \/>\r\n<meta property=\"og:type\" content=\"article\" \/>\r\n<meta property=\"og:title\" content=\"Safely Deposit &amp; withdraw your funds in Xtreamforex account\" \/>\r\n<meta property=\"og:description\" content=\"Feel free to deposit &amp; withdraw as large money as you can with Xtreamforex Platform as we have the support of Verified banks &amp; encryption techniques that&#039;s hard to beat.\" \/>\r\n<meta property=\"og:url\" content=\"https:\/\/www.xtrememarkets.com\/ID\/es\/security-of-funds-spanish\/\" \/>\r\n<meta property=\"og:site_name\" content=\"Xtreme Markets\" \/>\r\n<meta property=\"article:publisher\" content=\"https:\/\/www.facebook.com\/xtreamforex.official\/\" \/>\r\n<meta property=\"article:modified_time\" content=\"2024-02-26T11:47:06+00:00\" \/>\r\n<meta property=\"og:image\" content=\"https:\/\/www.xtrememarkets.com\/wp-content\/uploads\/2023\/07\/link-banner.jpg\" \/>\r\n<meta name=\"twitter:card\" content=\"summary_large_image\" \/>\r\n<meta name=\"twitter:site\" content=\"@xtreamforex\" \/>\r\n<meta name=\"twitter:label1\" content=\"Est. reading time\">\n\t<meta name=\"twitter:data1\" content=\"4 minutes\">\r\n<script type=\"application\/ld+json\" class=\"yoast-schema-graph\">{\"@context\":\"https:\/\/schema.org\",\"@graph\":[{\"@type\":[\"Organization\",\"Place\"],\"@id\":\"https:\/\/www.xtrememarkets.com\/ID\/#organization\",\"name\":\"Xtreamforex\",\"url\":\"https:\/\/www.xtrememarkets.com\/ID\/\",\"sameAs\":[\"https:\/\/www.facebook.com\/xtreamforex.official\/\",\"https:\/\/www.instagram.com\/xtreamforex.official\/\",\"https:\/\/in.linkedin.com\/company\/xtream-forex\",\"https:\/\/www.youtube.com\/channel\/UCbbTuJV9XhurjZciRLdvFBg\",\"https:\/\/www.pinterest.com\/xtreamforex_trading\/\",\"https:\/\/twitter.com\/xtreamforex\"],\"logo\":{\"@id\":\"https:\/\/www.xtrememarkets.com\/ID\/es\/security-of-funds-spanish\/#local-main-organization-logo\"},\"image\":{\"@id\":\"https:\/\/www.xtrememarkets.com\/ID\/es\/security-of-funds-spanish\/#local-main-organization-logo\"},\"openingHoursSpecification\":[{\"@type\":\"OpeningHoursSpecification\",\"dayOfWeek\":[\"Monday\",\"Tuesday\",\"Wednesday\",\"Thursday\",\"Friday\",\"Saturday\",\"Sunday\"],\"opens\":\"09:00\",\"closes\":\"17:00\"}]},{\"@type\":\"WebSite\",\"@id\":\"https:\/\/www.xtrememarkets.com\/ID\/#website\",\"url\":\"https:\/\/www.xtrememarkets.com\/ID\/\",\"name\":\"Xtreme Markets\",\"description\":\"\",\"publisher\":{\"@id\":\"https:\/\/www.xtrememarkets.com\/ID\/#organization\"},\"potentialAction\":[{\"@type\":\"SearchAction\",\"target\":\"https:\/\/www.xtrememarkets.com\/ID\/?s={search_term_string}\",\"query-input\":\"required name=search_term_string\"}],\"inLanguage\":\"en-US\"},{\"@type\":\"ImageObject\",\"@id\":\"https:\/\/www.xtrememarkets.com\/ID\/es\/security-of-funds-spanish\/#primaryimage\",\"inLanguage\":\"en-US\",\"url\":\"\",\"contentUrl\":\"\"},{\"@type\":\"WebPage\",\"@id\":\"https:\/\/www.xtrememarkets.com\/ID\/es\/security-of-funds-spanish\/#webpage\",\"url\":\"https:\/\/www.xtrememarkets.com\/ID\/es\/security-of-funds-spanish\/\",\"name\":\"Safely Deposit & withdraw your funds in Xtreamforex account\",\"isPartOf\":{\"@id\":\"https:\/\/www.xtrememarkets.com\/ID\/#website\"},\"primaryImageOfPage\":{\"@id\":\"https:\/\/www.xtrememarkets.com\/ID\/es\/security-of-funds-spanish\/#primaryimage\"},\"datePublished\":\"2021-02-09T09:27:44+00:00\",\"dateModified\":\"2024-02-26T11:47:06+00:00\",\"description\":\"Feel free to deposit & withdraw as large money as you can with Xtreamforex Platform as we have the support of Verified banks & encryption techniques that's hard to beat.\",\"breadcrumb\":{\"@id\":\"https:\/\/www.xtrememarkets.com\/ID\/es\/security-of-funds-spanish\/#breadcrumb\"},\"inLanguage\":\"en-US\",\"potentialAction\":[{\"@type\":\"ReadAction\",\"target\":[\"https:\/\/www.xtrememarkets.com\/ID\/es\/security-of-funds-spanish\/\"]}]},{\"@type\":\"BreadcrumbList\",\"@id\":\"https:\/\/www.xtrememarkets.com\/ID\/es\/security-of-funds-spanish\/#breadcrumb\",\"itemListElement\":[{\"@type\":\"ListItem\",\"position\":1,\"item\":{\"@type\":\"WebPage\",\"@id\":\"https:\/\/www.xtrememarkets.com\/\",\"url\":\"https:\/\/www.xtrememarkets.com\/\",\"name\":\"Home\"}},{\"@type\":\"ListItem\",\"position\":2,\"item\":{\"@type\":\"WebPage\",\"@id\":\"https:\/\/www.xtrememarkets.com\/ID\/es\/security-of-funds-spanish\/\",\"url\":\"https:\/\/www.xtrememarkets.com\/ID\/es\/security-of-funds-spanish\/\",\"name\":\"Security of Funds\"}}]},{\"@type\":\"ImageObject\",\"@id\":\"https:\/\/www.xtrememarkets.com\/ID\/es\/security-of-funds-spanish\/#local-main-organization-logo\",\"inLanguage\":\"en-US\",\"url\":\"https:\/\/www.xtrememarkets.com\/ID\/wp-content\/uploads\/2024\/02\/image_2024_02_23T12_39_46_331Z.png\",\"contentUrl\":\"https:\/\/www.xtrememarkets.com\/ID\/wp-content\/uploads\/2024\/02\/image_2024_02_23T12_39_46_331Z.png\",\"width\":800,\"height\":500,\"caption\":\"Xtreamforex\"}]}<\/script>\r\n<!-- \/ Yoast SEO Premium plugin. -->","_links":{"self":[{"href":"https:\/\/www.xtrememarkets.com\/ID\/wp-json\/wp\/v2\/pages\/24973"}],"collection":[{"href":"https:\/\/www.xtrememarkets.com\/ID\/wp-json\/wp\/v2\/pages"}],"about":[{"href":"https:\/\/www.xtrememarkets.com\/ID\/wp-json\/wp\/v2\/types\/page"}],"author":[{"embeddable":true,"href":"https:\/\/www.xtrememarkets.com\/ID\/wp-json\/wp\/v2\/users\/1"}],"replies":[{"embeddable":true,"href":"https:\/\/www.xtrememarkets.com\/ID\/wp-json\/wp\/v2\/comments?post=24973"}],"version-history":[{"count":4,"href":"https:\/\/www.xtrememarkets.com\/ID\/wp-json\/wp\/v2\/pages\/24973\/revisions"}],"predecessor-version":[{"id":26756,"href":"https:\/\/www.xtrememarkets.com\/ID\/wp-json\/wp\/v2\/pages\/24973\/revisions\/26756"}],"wp:attachment":[{"href":"https:\/\/www.xtrememarkets.com\/ID\/wp-json\/wp\/v2\/media?parent=24973"}],"curies":[{"name":"wp","href":"https:\/\/api.w.org\/{rel}","templated":true}]}}