{"id":24940,"date":"2023-09-04T11:59:33","date_gmt":"2023-09-04T11:59:33","guid":{"rendered":"https:\/\/www.xtreamforex.com\/?page_id=24940"},"modified":"2023-11-21T13:35:38","modified_gmt":"2023-11-21T13:35:38","slug":"metal-energies-spanish","status":"publish","type":"page","link":"https:\/\/www.xtrememarkets.com\/ID\/es\/metal-energies-spanish\/","title":{"rendered":"Metal &#038; Energies"},"content":{"rendered":"<p>[vc_row full_width=&#8221;stretch_row&#8221; css=&#8221;.vc_custom_1698736358622{padding-top: 50px !important;padding-bottom: 50px !important;background-image: url(https:\/\/www.xtrememarkets.com\/ID\/wp-content\/uploads\/2023\/10\/METALS-AND-ENERGIES-1.png?id=24377) !important;background-position: center !important;background-repeat: no-repeat !important;background-size: cover !important;}&#8221;][vc_column][vc_column_text]<\/p>\n<p class=\"\" style=\"font-size: 54px; color: #db0100; font-weight: 900;\">Metales y <span style=\"color: #fff;\">Energ\u00edas<\/span><\/p>\n<p>[\/vc_column_text][\/vc_column][\/vc_row][vc_row full_width=&#8221;stretch_row&#8221; css=&#8221;.vc_custom_1700572243063{background-color: #000000 !important;}&#8221;][vc_column][vc_custom_heading text=&#8221;ESPECIFICACIONES DE LOS METALES&#8221; font_container=&#8221;tag:h2|text_align:center|color:%23ffffff&#8221; use_theme_fonts=&#8221;yes&#8221; el_class=&#8221;heading&#8221;][\/vc_column][\/vc_row][vc_row full_width=&#8221;stretch_row&#8221; css=&#8221;.vc_custom_1700572255056{background-color: #000000 !important;}&#8221;][vc_column][vc_column_text]<\/p>\n<p style=\"text-align: center;\"><span style=\"font-size: 14px; color: #b2b2b2;\">El trading de metales normalmente involucra al oro y la plata. El trading de metales est\u00e1 estrechamente vinculado con las perspectivas de la econom\u00eda global general y las divisas mayores.<\/span><\/p>\n<p>[\/vc_column_text][\/vc_column][\/vc_row][vc_row full_width=&#8221;stretch_row&#8221; css=&#8221;.vc_custom_1700572270575{background-color: #000000 !important;}&#8221;][vc_column][vc_column_text]<\/p>\n<div style=\"overflow-x: scroll;\">\n<table id=\"products_cryptocurrencies\" class=\"table example table-striped align-center instruments-with-swaps-and-hours\">\n<thead>\n<tr class=\"tableHeader color-light bg-color-black\">\n<th class=\"vertical-align-middle\">S\u00edmbolo<\/th>\n<th class=\"text-align-center vertical-align-middle\">Descripci\u00f3n<\/th>\n<th class=\"text-align-center vertical-align-middle\">Tama\u00f1o del lote<\/th>\n<th class=\"text-align-center vertical-align-middle\">D\u00edgitos<\/th>\n<th class=\"text-align-center vertical-align-middle\">Porcentaje de margen<\/th>\n<th class=\"text-align-center vertical-align-middle\">Swap corto<\/th>\n<th class=\"text-align-center vertical-align-middle\">Swap largo<\/th>\n<th class=\"text-align-center vertical-align-middle\">Spread<\/th>\n<th class=\"text-align-center vertical-align-middle\">Sesi\u00f3n de trading (hora del servidor)<\/th>\n<\/tr>\n<\/thead>\n<tbody>\n<tr class=\"hoverable\">\n<td class=\"vertical-align-middle text-align-center\">XAUEUR<\/td>\n<td class=\"vertical-align-middle text-align-center\">Oro\/Euro<\/td>\n<td class=\"vertical-align-middle text-align-center\">100<\/td>\n<td class=\"vertical-align-middle text-align-center\">2<\/td>\n<td class=\"vertical-align-middle text-align-center\">100%<\/td>\n<td class=\"vertical-align-middle text-align-center\">-1<\/td>\n<td class=\"vertical-align-middle text-align-center\">-99<\/td>\n<td class=\"vertical-align-middle text-align-center\">2.8<\/td>\n<td class=\"vertical-align-middle text-align-center\">01:05 -23:55<\/td>\n<\/tr>\n<tr class=\"hoverable\">\n<td class=\"vertical-align-middle text-align-center\">XAUUSD<\/td>\n<td class=\"vertical-align-middle text-align-center\">Oro\/D\u00f3lar estadounidense<\/td>\n<td class=\"vertical-align-middle text-align-center\">100<\/td>\n<td class=\"vertical-align-middle text-align-center\">2<\/td>\n<td class=\"vertical-align-middle text-align-center\">100%<\/td>\n<td class=\"vertical-align-middle text-align-center\">-6.7<\/td>\n<td class=\"vertical-align-middle text-align-center\">-17.9<\/td>\n<td class=\"vertical-align-middle text-align-center\">2.1<\/td>\n<td class=\"vertical-align-middle text-align-center\">01:05 -23:55<\/td>\n<\/tr>\n<tr class=\"hoverable\">\n<td class=\"vertical-align-middle text-align-center\">XAGUSD<\/td>\n<td class=\"vertical-align-middle text-align-center\">Plata\/D\u00f3lar estadounidense<\/td>\n<td class=\"vertical-align-middle text-align-center\">100<\/td>\n<td class=\"vertical-align-middle text-align-center\">2<\/td>\n<td class=\"vertical-align-middle text-align-center\">100%<\/td>\n<td class=\"vertical-align-middle text-align-center\">0.54<\/td>\n<td class=\"vertical-align-middle text-align-center\">-1.48<\/td>\n<td class=\"vertical-align-middle text-align-center\">2.5<\/td>\n<td class=\"vertical-align-middle text-align-center\">01:05 -23:55<\/td>\n<\/tr>\n<\/tbody>\n<\/table>\n<\/div>\n<p>[\/vc_column_text][vc_column_text][\/vc_column_text][\/vc_column][\/vc_row][vc_row full_width=&#8221;stretch_row&#8221; css=&#8221;.vc_custom_1700572289784{background-color: #000000 !important;}&#8221;][vc_column][vc_custom_heading text=&#8221;ESPECIFICACIONES DE LAS ENERG\u00cdAS&#8221; font_container=&#8221;tag:h2|text_align:center|color:%23ffffff&#8221; use_theme_fonts=&#8221;yes&#8221; el_class=&#8221;heading&#8221;][\/vc_column][vc_column][vc_column_text]<span style=\"font-size: 14px; color: #b2b2b2;\">El trading de energ\u00edas involucra productos como el petr\u00f3leo crudo, el gas natural y la energ\u00eda e\u00f3lica. Como estas commodities a menudo fluct\u00faan abruptamente, pueden ser atractivas para los especuladores.<\/span>[\/vc_column_text][\/vc_column][\/vc_row][vc_row full_width=&#8221;stretch_row&#8221; css=&#8221;.vc_custom_1700572324256{background-color: #000000 !important;}&#8221;][vc_column][vc_column_text]<\/p>\n<div style=\"overflow-x: scroll;\">\n<table id=\"products_cryptocurrencies\" class=\"table example table-striped align-center instruments-with-swaps-and-hours\">\n<thead>\n<tr class=\"tableHeader color-light bg-color-black\">\n<th class=\"vertical-align-middle\">S\u00edmbolo<\/th>\n<th class=\"text-align-center vertical-align-middle\">Descripci\u00f3n<\/th>\n<th class=\"text-align-center vertical-align-middle\">Tama\u00f1o del lote<\/th>\n<th class=\"text-align-center vertical-align-middle\">D\u00edgitos<\/th>\n<th class=\"text-align-center vertical-align-middle\">Porcentaje de margen<\/th>\n<th class=\"text-align-center vertical-align-middle\">Swap corto<\/th>\n<th class=\"text-align-center vertical-align-middle\">Swap largo<\/th>\n<th class=\"text-align-center vertical-align-middle\">Spread<\/th>\n<th class=\"text-align-center vertical-align-middle\">Sesi\u00f3n de trading (hora del servidor)<\/th>\n<\/tr>\n<\/thead>\n<tbody>\n<tr class=\"hoverable\">\n<td class=\"vertical-align-middle text-align-center\">NGAS<\/td>\n<td class=\"vertical-align-middle text-align-center\">Gas natural spot<\/td>\n<td class=\"vertical-align-middle text-align-center\">100<\/td>\n<td class=\"vertical-align-middle text-align-center\">3<\/td>\n<td class=\"vertical-align-middle text-align-center\">50%<\/td>\n<td class=\"vertical-align-middle text-align-center\">-15<\/td>\n<td class=\"vertical-align-middle text-align-center\">-20<\/td>\n<td class=\"vertical-align-middle text-align-center\">1.3<\/td>\n<td class=\"vertical-align-middle text-align-center\">01:05 -23:55<\/td>\n<\/tr>\n<tr class=\"hoverable\">\n<td class=\"vertical-align-middle text-align-center\">USOIL<\/td>\n<td class=\"vertical-align-middle text-align-center\">Petr\u00f3leo crudo (WTI)<\/td>\n<td class=\"vertical-align-middle text-align-center\">100<\/td>\n<td class=\"vertical-align-middle text-align-center\">2<\/td>\n<td class=\"vertical-align-middle text-align-center\">50%<\/td>\n<td class=\"vertical-align-middle text-align-center\">-0.8<\/td>\n<td class=\"vertical-align-middle text-align-center\">-1.9<\/td>\n<td class=\"vertical-align-middle text-align-center\">1.4<\/td>\n<td class=\"vertical-align-middle text-align-center\">01:05 -23:55<\/td>\n<\/tr>\n<tr class=\"hoverable\">\n<td class=\"vertical-align-middle text-align-center\">UKOIL<\/td>\n<td class=\"vertical-align-middle text-align-center\">Petr\u00f3leo crudo (Brent)<\/td>\n<td class=\"vertical-align-middle text-align-center\">100<\/td>\n<td class=\"vertical-align-middle text-align-center\">2<\/td>\n<td class=\"vertical-align-middle text-align-center\">50%<\/td>\n<td class=\"vertical-align-middle text-align-center\">-0.9<\/td>\n<td class=\"vertical-align-middle text-align-center\">-3.4<\/td>\n<td class=\"vertical-align-middle text-align-center\">1.2<\/td>\n<td class=\"vertical-align-middle text-align-center\">01:05 -23:55<\/td>\n<\/tr>\n<\/tbody>\n<\/table>\n<\/div>\n<p>[\/vc_column_text][\/vc_column][\/vc_row][vc_row full_width=&#8221;stretch_row&#8221; css=&#8221;.vc_custom_1700572350974{background-color: #000000 !important;}&#8221;][vc_column][vc_column_text]<span style=\"color: #d60302;\"><strong>IMPORTANTE<\/strong><\/span><\/p>\n<div class=\"row\">\n<div class=\"col-md-12 col-sm-12 col-xs-12 m-b-30\">\n<p><span style=\"color: #b2b2b2; font-size: 14px;\">1.Los valores de los swaps pueden ajustarse diariamente en funci\u00f3n de las condiciones de mercado, y los precios proporcionados por nuestro proveedor de precios son aplicables a todas las posiciones abiertas.<\/span><br \/>\n<span style=\"color: #b2b2b2; font-size: 14px;\"><b>Se aplican swaps triples todos los mi\u00e9rcoles.<\/b><\/span><\/p>\n<p><span style=\"color: #b2b2b2; font-size: 14px;\">2. Horarios del servidor: Invierno: GMT+2 y verano:: GMT+3 (DST) (del \u00faltimo domingo de marzo al \u00faltimo domingo de octubre).<\/span><\/p>\n<p><span style=\"color: #b2b2b2; font-size: 14px;\">3. Todas las \u00f3rdenes pendientes se cerrar\u00e1n forzosamente durante los descansos del mercado. Si queda alguna orden pendiente, se borrar\u00e1 autom\u00e1ticamente cuando el mercado cierre el viernes.<\/span><\/p>\n<\/div>\n<\/div>\n<p>[\/vc_column_text][\/vc_column][\/vc_row][vc_row full_width=&#8221;stretch_row&#8221; css=&#8221;.vc_custom_1700572375928{background-color: #000000 !important;}&#8221;][vc_column width=&#8221;1\/2&#8243;][vc_column_text]<span style=\"color: #b2b2b2; font-size: 14px;\">C\u00e1lculo de los requisitos de margen de metales \u2013 Por ejemplo<br \/>\nDivisa de la cuenta: USD<br \/>\nPosici\u00f3n: Abrir 10 lotes COMPRAR XAUUSD a 1924.449<br \/>\nTama\u00f1o de 1 lote: 100 onzas<br \/>\nL\u00edmite de apalancamiento: 1:200<br \/>\nEl valor nocional es: 10 \u00d7 100 \u00d7 1924.449 = 1924449 USD<br \/>\nEl margen requerido es: 1924449\/200 = 9622.245 USD<\/span>[\/vc_column_text][\/vc_column][vc_column width=&#8221;1\/2&#8243;][vc_column_text]<span style=\"color: #b2b2b2; font-size: 14px;\">C\u00e1lculo de los requisitos de margen de energ\u00edas \u2013 Por ejemplo<br \/>\nDivisa de la cuenta: USD<br \/>\nPosici\u00f3n: Abrir 10 lotes COMPRAR USOIL a 43.20<br \/>\nTama\u00f1o de 1 lote: 100 barriles<br \/>\nRequisito de margen: 2% de valor nocional<br \/>\nEl valor nocional es:: 10 \u00d7 100 \u00d7 43.20 = 43200 USD<br \/>\nEl margen requerido es: 43,200 USD \/ 0.02 = 864 USD<br \/>\n<\/span>[\/vc_column_text][\/vc_column][\/vc_row]<\/p>\n","protected":false},"excerpt":{"rendered":"<p>[vc_row full_width=&#8221;stretch_row&#8221; css=&#8221;.vc_custom_1698736358622{padding-top: 50px !important;padding-bottom: 50px !important;background-image: url(https:\/\/www.xtrememarkets.com\/ID\/wp-content\/uploads\/2023\/10\/METALS-AND-ENERGIES-1.png?id=24377) !important;background-position: center !important;background-repeat: no-repeat !important;background-size: cover !important;}&#8221;][vc_column][vc_column_text] Metales y Energ\u00edas [\/vc_column_text][\/vc_column][\/vc_row][vc_row full_width=&#8221;stretch_row&#8221; css=&#8221;.vc_custom_1700572243063{background-color: #000000 !important;}&#8221;][vc_column][vc_custom_heading text=&#8221;ESPECIFICACIONES DE LOS METALES&#8221; font_container=&#8221;tag:h2|text_align:center|color:%23ffffff&#8221; use_theme_fonts=&#8221;yes&#8221; el_class=&#8221;heading&#8221;][\/vc_column][\/vc_row][vc_row full_width=&#8221;stretch_row&#8221; css=&#8221;.vc_custom_1700572255056{background-color: #000000 !important;}&#8221;][vc_column][vc_column_text] El trading de metales normalmente involucra al oro y la plata. El trading de metales est\u00e1 estrechamente vinculado con las perspectivas<\/p>\n... <a href=\"https:\/\/www.xtrememarkets.com\/ID\/es\/metal-energies-spanish\/\">continue reading<\/a>.","protected":false},"author":1,"featured_media":0,"parent":0,"menu_order":0,"comment_status":"closed","ping_status":"closed","template":"","meta":[],"yoast_head":"<!-- This site is optimized with the Yoast SEO Premium plugin v16.1 - https:\/\/yoast.com\/wordpress\/plugins\/seo\/ -->\r\n<title>Metals &amp; Energies Trading Online | Oil &amp; Gold Trading | Xtreamforex<\/title>\r\n<meta name=\"description\" content=\"Metals &amp; Energies Trading. Start trading oil, Gold and other metals with a multi-asset regulated and licensed global broker. Trade Gold Now \u2713 Xtreamforex.\" \/>\r\n<link rel=\"canonical\" href=\"https:\/\/www.xtrememarkets.com\/ID\/es\/metal-energies-spanish\/\" \/>\r\n<meta property=\"og:locale\" content=\"en_US\" \/>\r\n<meta property=\"og:type\" content=\"article\" \/>\r\n<meta property=\"og:title\" content=\"Metals &amp; Energies Trading Online | Oil &amp; Gold Trading | Xtreamforex\" \/>\r\n<meta property=\"og:description\" content=\"Metals &amp; Energies Trading. Start trading oil, Gold and other metals with a multi-asset regulated and licensed global broker. Trade Gold Now \u2713 Xtreamforex.\" \/>\r\n<meta property=\"og:url\" content=\"https:\/\/www.xtrememarkets.com\/ID\/es\/metal-energies-spanish\/\" \/>\r\n<meta property=\"og:site_name\" content=\"Xtreme Markets\" \/>\r\n<meta property=\"article:publisher\" content=\"https:\/\/www.facebook.com\/xtreamforex.official\/\" \/>\r\n<meta property=\"article:modified_time\" content=\"2023-11-21T13:35:38+00:00\" \/>\r\n<meta property=\"og:image\" content=\"https:\/\/www.xtrememarkets.com\/ID\/wp-content\/uploads\/2024\/02\/image_2024_02_23T12_39_46_331Z.png\" \/>\r\n\t<meta property=\"og:image:width\" content=\"800\" \/>\r\n\t<meta property=\"og:image:height\" content=\"500\" \/>\r\n<meta name=\"twitter:card\" content=\"summary_large_image\" \/>\r\n<meta name=\"twitter:site\" content=\"@xtreamforex\" \/>\r\n<meta name=\"twitter:label1\" content=\"Est. reading time\">\n\t<meta name=\"twitter:data1\" content=\"3 minutes\">\r\n<script type=\"application\/ld+json\" class=\"yoast-schema-graph\">{\"@context\":\"https:\/\/schema.org\",\"@graph\":[{\"@type\":[\"Organization\",\"Place\"],\"@id\":\"https:\/\/www.xtrememarkets.com\/ID\/#organization\",\"name\":\"Xtreamforex\",\"url\":\"https:\/\/www.xtrememarkets.com\/ID\/\",\"sameAs\":[\"https:\/\/www.facebook.com\/xtreamforex.official\/\",\"https:\/\/www.instagram.com\/xtreamforex.official\/\",\"https:\/\/in.linkedin.com\/company\/xtream-forex\",\"https:\/\/www.youtube.com\/channel\/UCbbTuJV9XhurjZciRLdvFBg\",\"https:\/\/www.pinterest.com\/xtreamforex_trading\/\",\"https:\/\/twitter.com\/xtreamforex\"],\"logo\":{\"@id\":\"https:\/\/www.xtrememarkets.com\/ID\/es\/metal-energies-spanish\/#local-main-organization-logo\"},\"image\":{\"@id\":\"https:\/\/www.xtrememarkets.com\/ID\/es\/metal-energies-spanish\/#local-main-organization-logo\"},\"openingHoursSpecification\":[{\"@type\":\"OpeningHoursSpecification\",\"dayOfWeek\":[\"Monday\",\"Tuesday\",\"Wednesday\",\"Thursday\",\"Friday\",\"Saturday\",\"Sunday\"],\"opens\":\"09:00\",\"closes\":\"17:00\"}]},{\"@type\":\"WebSite\",\"@id\":\"https:\/\/www.xtrememarkets.com\/ID\/#website\",\"url\":\"https:\/\/www.xtrememarkets.com\/ID\/\",\"name\":\"Xtreme Markets\",\"description\":\"\",\"publisher\":{\"@id\":\"https:\/\/www.xtrememarkets.com\/ID\/#organization\"},\"potentialAction\":[{\"@type\":\"SearchAction\",\"target\":\"https:\/\/www.xtrememarkets.com\/ID\/?s={search_term_string}\",\"query-input\":\"required name=search_term_string\"}],\"inLanguage\":\"en-US\"},{\"@type\":\"WebPage\",\"@id\":\"https:\/\/www.xtrememarkets.com\/ID\/es\/metal-energies-spanish\/#webpage\",\"url\":\"https:\/\/www.xtrememarkets.com\/ID\/es\/metal-energies-spanish\/\",\"name\":\"Metals & Energies Trading Online | Oil & Gold Trading | Xtreamforex\",\"isPartOf\":{\"@id\":\"https:\/\/www.xtrememarkets.com\/ID\/#website\"},\"datePublished\":\"2023-09-04T11:59:33+00:00\",\"dateModified\":\"2023-11-21T13:35:38+00:00\",\"description\":\"Metals & Energies Trading. Start trading oil, Gold and other metals with a multi-asset regulated and licensed global broker. Trade Gold Now \\u2713 Xtreamforex.\",\"breadcrumb\":{\"@id\":\"https:\/\/www.xtrememarkets.com\/ID\/es\/metal-energies-spanish\/#breadcrumb\"},\"inLanguage\":\"en-US\",\"potentialAction\":[{\"@type\":\"ReadAction\",\"target\":[\"https:\/\/www.xtrememarkets.com\/ID\/es\/metal-energies-spanish\/\"]}]},{\"@type\":\"BreadcrumbList\",\"@id\":\"https:\/\/www.xtrememarkets.com\/ID\/es\/metal-energies-spanish\/#breadcrumb\",\"itemListElement\":[{\"@type\":\"ListItem\",\"position\":1,\"item\":{\"@type\":\"WebPage\",\"@id\":\"https:\/\/www.xtrememarkets.com\/\",\"url\":\"https:\/\/www.xtrememarkets.com\/\",\"name\":\"Home\"}},{\"@type\":\"ListItem\",\"position\":2,\"item\":{\"@type\":\"WebPage\",\"@id\":\"https:\/\/www.xtrememarkets.com\/ID\/es\/metal-energies-spanish\/\",\"url\":\"https:\/\/www.xtrememarkets.com\/ID\/es\/metal-energies-spanish\/\",\"name\":\"Metal &#038; Energies\"}}]},{\"@type\":\"ImageObject\",\"@id\":\"https:\/\/www.xtrememarkets.com\/ID\/es\/metal-energies-spanish\/#local-main-organization-logo\",\"inLanguage\":\"en-US\",\"url\":\"https:\/\/www.xtrememarkets.com\/ID\/wp-content\/uploads\/2024\/02\/image_2024_02_23T12_39_46_331Z.png\",\"contentUrl\":\"https:\/\/www.xtrememarkets.com\/ID\/wp-content\/uploads\/2024\/02\/image_2024_02_23T12_39_46_331Z.png\",\"width\":800,\"height\":500,\"caption\":\"Xtreamforex\"}]}<\/script>\r\n<!-- \/ Yoast SEO Premium plugin. -->","_links":{"self":[{"href":"https:\/\/www.xtrememarkets.com\/ID\/wp-json\/wp\/v2\/pages\/24940"}],"collection":[{"href":"https:\/\/www.xtrememarkets.com\/ID\/wp-json\/wp\/v2\/pages"}],"about":[{"href":"https:\/\/www.xtrememarkets.com\/ID\/wp-json\/wp\/v2\/types\/page"}],"author":[{"embeddable":true,"href":"https:\/\/www.xtrememarkets.com\/ID\/wp-json\/wp\/v2\/users\/1"}],"replies":[{"embeddable":true,"href":"https:\/\/www.xtrememarkets.com\/ID\/wp-json\/wp\/v2\/comments?post=24940"}],"version-history":[{"count":7,"href":"https:\/\/www.xtrememarkets.com\/ID\/wp-json\/wp\/v2\/pages\/24940\/revisions"}],"predecessor-version":[{"id":24947,"href":"https:\/\/www.xtrememarkets.com\/ID\/wp-json\/wp\/v2\/pages\/24940\/revisions\/24947"}],"wp:attachment":[{"href":"https:\/\/www.xtrememarkets.com\/ID\/wp-json\/wp\/v2\/media?parent=24940"}],"curies":[{"name":"wp","href":"https:\/\/api.w.org\/{rel}","templated":true}]}}