{"id":24925,"date":"2021-02-06T06:51:18","date_gmt":"2021-02-06T06:51:18","guid":{"rendered":"https:\/\/www.xtreamforex.com\/?page_id=24925"},"modified":"2023-11-21T12:20:02","modified_gmt":"2023-11-21T12:20:02","slug":"indices-spanish","status":"publish","type":"page","link":"https:\/\/www.xtrememarkets.com\/ID\/es\/indices-spanish\/","title":{"rendered":"Indices"},"content":{"rendered":"<p>[vc_row full_width=&#8221;stretch_row&#8221; content_placement=&#8221;middle&#8221; css=&#8221;.vc_custom_1698319675499{position:relative !important; z-index:-111 !important; margin-top: 0px !important;margin-bottom: 0px !important;padding-top: 50px !important;padding-bottom: 30px !important;background-image: url(https:\/\/www.xtrememarkets.com\/ID\/wp-content\/uploads\/2023\/10\/INDICES-TRADING.png) !important;background-position: center !important;background-repeat: no-repeat !important;background-size: cover !important;}&#8221;][vc_column css=&#8221;.vc_custom_1698319593712{padding-top: 50px !important;padding-bottom: 50px !important;background-position: center !important;background-repeat: no-repeat !important;background-size: cover !important;}&#8221;][vc_column_text css=&#8221;.vc_custom_1698319516600{padding-top: 20px !important;padding-bottom: 20px !important;}&#8221;]<\/p>\n<p class=\"\" style=\"font-size: 60px; color: #db0100; font-weight: 900;\">COMERCIO CON <span style=\"color: #fff;\"> \u00cdNDICES<\/span><\/p>\n<p>[\/vc_column_text][\/vc_column][\/vc_row][vc_row full_width=&#8221;stretch_row&#8221; el_class=&#8221;scroll_cont&#8221; css=&#8221;.vc_custom_1698731618436{margin-top: 0px !important;background-color: #000000 !important;background-position: center !important;background-repeat: no-repeat !important;background-size: cover !important;}&#8221;][vc_column][vc_custom_heading text=&#8221;\u00cdNDICES&#8221; font_container=&#8221;tag:h2|text_align:center|color:%23ffffff&#8221; use_theme_fonts=&#8221;yes&#8221; css=&#8221;.vc_custom_1700568952375{padding-top: 20px !important;}&#8221;][vc_single_image image=&#8221;4469&#8243; img_size=&#8221;medium&#8221; alignment=&#8221;center&#8221; el_class=&#8221;stock_red&#8221; css=&#8221;.vc_custom_1612594445418{margin-bottom: 0px !important;padding-bottom: 0px !important;}&#8221;][vc_column_text el_class=&#8221;fx-para&#8221;]<\/p>\n<p style=\"text-align: center;\"><span style=\"font-weight: 400; color: #dddddd;\">Los \u00edndices son la medida de la ejecuci\u00f3n del precio de un conjunto de acciones de una bolsa.Por ejemplo, el FTSE100 sigue las 100 organizaciones m\u00e1s importantes de la Bolsa de Londres. Operar con \u00edndices le permite entrar en toda la econom\u00eda de una vez, con tan solo abrir una posici\u00f3n. <\/span><\/p>\n<p style=\"text-align: center;\"><span style=\"color: #dddddd;\">Una cesta de un mont\u00f3n de \u00edndices entre los que elegir para operar con los \u00edndices de acciones m\u00e1s activos del mundo, incluyendo NAS100, SPX500 y US30<\/span><\/p>\n<p>[\/vc_column_text][vc_custom_heading text=&#8221;Especificaciones de los productos de trading de \u00edndices&#8221; font_container=&#8221;tag:h5|font_size:20|text_align:center|color:%23d60302&#8243; use_theme_fonts=&#8221;yes&#8221; el_class=&#8221;fx-heading&#8221; css=&#8221;.vc_custom_1700569022375{margin-bottom: 30px !important;}&#8221;][vc_column_text]<\/p>\n<div style=\"overflow: scroll;\">\n<table id=\"products_cryptocurrencies\" class=\"table example table-striped align-center instruments-with-swaps-and-hours\">\n<thead>\n<tr class=\"tableHeader color-light bg-color-black\">\n<th class=\"text-align-center vertical-align-middle\">Type<\/th>\n<th class=\"vertical-align-middle\">Inst. Currency Pairs<\/th>\n<th class=\"text-align-center vertical-align-middle\">Description<\/th>\n<th class=\"text-align-center vertical-align-middle\">Contract Size (1 Lot)<\/th>\n<th class=\"text-align-center vertical-align-middle\">Min. Trade Size<\/th>\n<th class=\"text-align-center vertical-align-middle\">Digits<\/th>\n<th class=\"text-align-center vertical-align-middle\">Margin Percentage<\/th>\n<th class=\"text-align-center vertical-align-middle\">Swap Long<\/th>\n<th class=\"text-align-center vertical-align-middle\">Swap Short<\/th>\n<th class=\"text-align-center vertical-align-middle\">Spread<\/th>\n<th class=\"text-align-center vertical-align-middle\">Trading Session (Server time)<\/th>\n<\/tr>\n<\/thead>\n<tbody>\n<tr class=\"hoverable\">\n<td class=\"vertical-align-middle text-align-center\">Indices<\/td>\n<td class=\"vertical-align-middle text-align-center\">AUS200<\/td>\n<td class=\"vertical-align-middle text-align-center\">(S&amp;P ASX)<\/td>\n<td class=\"vertical-align-middle text-align-center\">100<\/td>\n<td class=\"vertical-align-middle text-align-center\">.01 lot<\/td>\n<td class=\"vertical-align-middle text-align-center\">2<\/td>\n<td class=\"vertical-align-middle text-align-center\">0.50%<\/td>\n<td class=\"vertical-align-middle text-align-center\">-82<\/td>\n<td class=\"vertical-align-middle text-align-center\">0<\/td>\n<td class=\"vertical-align-middle text-align-center\">Floating<\/td>\n<td class=\"vertical-align-middle text-align-center\">00:05 -23:55<\/td>\n<\/tr>\n<tr class=\"hoverable\">\n<td class=\"vertical-align-middle text-align-center\">Indices<\/td>\n<td class=\"vertical-align-middle text-align-center\">ESP35<\/td>\n<td class=\"vertical-align-middle text-align-center\">IBEX HK 35 INDEX<\/td>\n<td class=\"vertical-align-middle text-align-center\">100<\/td>\n<td class=\"vertical-align-middle text-align-center\">.01 lot<\/td>\n<td class=\"vertical-align-middle text-align-center\">2<\/td>\n<td class=\"vertical-align-middle text-align-center\">0.50%<\/td>\n<td class=\"vertical-align-middle text-align-center\">-69<\/td>\n<td class=\"vertical-align-middle text-align-center\">0<\/td>\n<td class=\"vertical-align-middle text-align-center\">Floating<\/td>\n<td class=\"vertical-align-middle text-align-center\">00:05 -23:55<\/td>\n<\/tr>\n<tr class=\"hoverable\">\n<td class=\"vertical-align-middle text-align-center\">Indices<\/td>\n<td class=\"vertical-align-middle text-align-center\">EUSTX50<\/td>\n<td class=\"vertical-align-middle text-align-center\">EURO STOCK 50 INDEX<\/td>\n<td class=\"vertical-align-middle text-align-center\">100<\/td>\n<td class=\"vertical-align-middle text-align-center\">.01 lot<\/td>\n<td class=\"vertical-align-middle text-align-center\">2<\/td>\n<td class=\"vertical-align-middle text-align-center\">0.50%<\/td>\n<td class=\"vertical-align-middle text-align-center\">-24<\/td>\n<td class=\"vertical-align-middle text-align-center\">0<\/td>\n<td class=\"vertical-align-middle text-align-center\">Floating<\/td>\n<td class=\"vertical-align-middle text-align-center\">00:05 -23:55<\/td>\n<\/tr>\n<tr class=\"hoverable\">\n<td class=\"vertical-align-middle text-align-center\">Indices<\/td>\n<td class=\"vertical-align-middle text-align-center\">FRA40<\/td>\n<td class=\"vertical-align-middle text-align-center\">CAC 40 INDEX FRANCE<\/td>\n<td class=\"vertical-align-middle text-align-center\">100<\/td>\n<td class=\"vertical-align-middle text-align-center\">.01 lot<\/td>\n<td class=\"vertical-align-middle text-align-center\">2<\/td>\n<td class=\"vertical-align-middle text-align-center\">0.50%<\/td>\n<td class=\"vertical-align-middle text-align-center\">-35<\/td>\n<td class=\"vertical-align-middle text-align-center\">0<\/td>\n<td class=\"vertical-align-middle text-align-center\">Floating<\/td>\n<td class=\"vertical-align-middle text-align-center\">00:05 -23:55<\/td>\n<\/tr>\n<tr class=\"hoverable\">\n<td class=\"vertical-align-middle text-align-center\">Indices<\/td>\n<td class=\"vertical-align-middle text-align-center\">UK100<\/td>\n<td class=\"vertical-align-middle text-align-center\">UK TOP 100<\/td>\n<td class=\"vertical-align-middle text-align-center\">100<\/td>\n<td class=\"vertical-align-middle text-align-center\">.01 lot<\/td>\n<td class=\"vertical-align-middle text-align-center\">2<\/td>\n<td class=\"vertical-align-middle text-align-center\">0.50%<\/td>\n<td class=\"vertical-align-middle text-align-center\">-71<\/td>\n<td class=\"vertical-align-middle text-align-center\">0<\/td>\n<td class=\"vertical-align-middle text-align-center\">Floating<\/td>\n<td class=\"vertical-align-middle text-align-center\">00:05 -23:55<\/td>\n<\/tr>\n<tr class=\"hoverable\">\n<td class=\"vertical-align-middle text-align-center\">Indices<\/td>\n<td class=\"vertical-align-middle text-align-center\">GER30<\/td>\n<td class=\"vertical-align-middle text-align-center\">DAX GERMANY<\/td>\n<td class=\"vertical-align-middle text-align-center\">100<\/td>\n<td class=\"vertical-align-middle text-align-center\">.01 lot<\/td>\n<td class=\"vertical-align-middle text-align-center\">2<\/td>\n<td class=\"vertical-align-middle text-align-center\">0.50%<\/td>\n<td class=\"vertical-align-middle text-align-center\">-81.3<\/td>\n<td class=\"vertical-align-middle text-align-center\">0<\/td>\n<td class=\"vertical-align-middle text-align-center\">Floating<\/td>\n<td class=\"vertical-align-middle text-align-center\">00:05 -23:55<\/td>\n<\/tr>\n<tr class=\"hoverable\">\n<td class=\"vertical-align-middle text-align-center\">Indices<\/td>\n<td class=\"vertical-align-middle text-align-center\">JPN225<\/td>\n<td class=\"vertical-align-middle text-align-center\">NIKKEI 225 INDEX JAPAN<\/td>\n<td class=\"vertical-align-middle text-align-center\">1000<\/td>\n<td class=\"vertical-align-middle text-align-center\">.01 lot<\/td>\n<td class=\"vertical-align-middle text-align-center\">2<\/td>\n<td class=\"vertical-align-middle text-align-center\">0.50%<\/td>\n<td class=\"vertical-align-middle text-align-center\">-1<\/td>\n<td class=\"vertical-align-middle text-align-center\">0<\/td>\n<td class=\"vertical-align-middle text-align-center\">Floating<\/td>\n<td class=\"vertical-align-middle text-align-center\">00:05 -23:55<\/td>\n<\/tr>\n<tr class=\"hoverable\">\n<td class=\"vertical-align-middle text-align-center\">Indices<\/td>\n<td class=\"vertical-align-middle text-align-center\">NAS100<\/td>\n<td class=\"vertical-align-middle text-align-center\">NASDAQ 100<\/td>\n<td class=\"vertical-align-middle text-align-center\">100<\/td>\n<td class=\"vertical-align-middle text-align-center\">.01 lot<\/td>\n<td class=\"vertical-align-middle text-align-center\">2<\/td>\n<td class=\"vertical-align-middle text-align-center\">0.50%<\/td>\n<td class=\"vertical-align-middle text-align-center\">-51<\/td>\n<td class=\"vertical-align-middle text-align-center\">0<\/td>\n<td class=\"vertical-align-middle text-align-center\">Floating<\/td>\n<td class=\"vertical-align-middle text-align-center\">00:05 -23:55<\/td>\n<\/tr>\n<tr class=\"hoverable\">\n<td class=\"vertical-align-middle text-align-center\">Indices<\/td>\n<td class=\"vertical-align-middle text-align-center\">SPX500<\/td>\n<td class=\"vertical-align-middle text-align-center\">S&amp;P 500 INDEX<\/td>\n<td class=\"vertical-align-middle text-align-center\">100<\/td>\n<td class=\"vertical-align-middle text-align-center\">.01 lot<\/td>\n<td class=\"vertical-align-middle text-align-center\">2<\/td>\n<td class=\"vertical-align-middle text-align-center\">0.50%<\/td>\n<td class=\"vertical-align-middle text-align-center\">-7.2<\/td>\n<td class=\"vertical-align-middle text-align-center\">-22.3<\/td>\n<td class=\"vertical-align-middle text-align-center\">Floating<\/td>\n<td class=\"vertical-align-middle text-align-center\">00:05 -23:55<\/td>\n<\/tr>\n<tr class=\"hoverable\">\n<td class=\"vertical-align-middle text-align-center\">Indices<\/td>\n<td class=\"vertical-align-middle text-align-center\">US30<\/td>\n<td class=\"vertical-align-middle text-align-center\">US TOP 30<\/td>\n<td class=\"vertical-align-middle text-align-center\">100<\/td>\n<td class=\"vertical-align-middle text-align-center\">.01 lot<\/td>\n<td class=\"vertical-align-middle text-align-center\">2<\/td>\n<td class=\"vertical-align-middle text-align-center\">0.50%<\/td>\n<td class=\"vertical-align-middle text-align-center\">-20.4<\/td>\n<td class=\"vertical-align-middle text-align-center\">0<\/td>\n<td class=\"vertical-align-middle text-align-center\">Floating<\/td>\n<td class=\"vertical-align-middle text-align-center\">00:05 -23:55<\/td>\n<\/tr>\n<tr class=\"hoverable\">\n<td class=\"vertical-align-middle text-align-center\">Indices<\/td>\n<td class=\"vertical-align-middle text-align-center\">HKG50<\/td>\n<td class=\"vertical-align-middle text-align-center\">HANG SANG INDEX HONG KONG<\/td>\n<td class=\"vertical-align-middle text-align-center\">100<\/td>\n<td class=\"vertical-align-middle text-align-center\">.01 lot<\/td>\n<td class=\"vertical-align-middle text-align-center\">2<\/td>\n<td class=\"vertical-align-middle text-align-center\">0.50%<\/td>\n<td class=\"vertical-align-middle text-align-center\">-28.34<\/td>\n<td class=\"vertical-align-middle text-align-center\">3.27<\/td>\n<td class=\"vertical-align-middle text-align-center\">Floating<\/td>\n<td class=\"vertical-align-middle text-align-center\">00:05 -23:55<\/td>\n<\/tr>\n<tr class=\"hoverable\">\n<td class=\"vertical-align-middle text-align-center\">Futures<\/td>\n<td class=\"vertical-align-middle text-align-center\">COPPER<\/td>\n<td class=\"vertical-align-middle text-align-center\">Comex Copper Futures<\/td>\n<td class=\"vertical-align-middle text-align-center\">1<\/td>\n<td class=\"vertical-align-middle text-align-center\">.01 lot<\/td>\n<td class=\"vertical-align-middle text-align-center\">4<\/td>\n<td class=\"vertical-align-middle text-align-center\">0.50%<\/td>\n<td class=\"vertical-align-middle text-align-center\">0<\/td>\n<td class=\"vertical-align-middle text-align-center\">0<\/td>\n<td class=\"vertical-align-middle text-align-center\">Floating<\/td>\n<td class=\"vertical-align-middle text-align-center\">01:00-24:00<\/td>\n<\/tr>\n<tr class=\"hoverable\">\n<td class=\"vertical-align-middle text-align-center\">Futures<\/td>\n<td class=\"vertical-align-middle text-align-center\">DOLLAR<\/td>\n<td class=\"vertical-align-middle text-align-center\">Dollar Index Futures<\/td>\n<td class=\"vertical-align-middle text-align-center\">1 = 100 underlying<\/td>\n<td class=\"vertical-align-middle text-align-center\">.01 lot<\/td>\n<td class=\"vertical-align-middle text-align-center\">3<\/td>\n<td class=\"vertical-align-middle text-align-center\">0.50%<\/td>\n<td class=\"vertical-align-middle text-align-center\">0<\/td>\n<td class=\"vertical-align-middle text-align-center\">-1.7<\/td>\n<td class=\"vertical-align-middle text-align-center\">Floating<\/td>\n<td class=\"vertical-align-middle text-align-center\">01:00-24:00<\/td>\n<\/tr>\n<\/tbody>\n<\/table>\n<\/div>\n<p>[\/vc_column_text][\/vc_column][\/vc_row][vc_row full_width=&#8221;stretch_row&#8221; css=&#8221;.vc_custom_1612594064805{background-color: #1a1a1a !important;}&#8221;][vc_column width=&#8221;1\/6&#8243;][\/vc_column][vc_column width=&#8221;2\/3&#8243;][vc_row_inner][vc_column_inner width=&#8221;5\/12&#8243;][vc_btn title=&#8221;Abierto en vivo Cuenta&#8221; style=&#8221;custom&#8221; custom_background=&#8221;#000000&#8243; custom_text=&#8221;#ffffff&#8221; shape=&#8221;square&#8221; align=&#8221;center&#8221; link=&#8221;url:https%3A%2F%2Fmy.xtreamforex.com%2FAccount%2FRegister.php||target:%20_blank|&#8221; el_class=&#8221;white_border black_btn&#8221;][\/vc_column_inner][vc_column_inner width=&#8221;1\/6&#8243;][vc_column_text el_class=&#8221;ptxt&#8221;]<\/p>\n<p style=\"text-align: center;\">o<\/p>\n<p>[\/vc_column_text][\/vc_column_inner][vc_column_inner width=&#8221;5\/12&#8243;][vc_btn title=&#8221;Abrir cuenta demo&#8221; style=&#8221;custom&#8221; custom_background=&#8221;#000000&#8243; custom_text=&#8221;#ffffff&#8221; shape=&#8221;square&#8221; align=&#8221;center&#8221; link=&#8221;url:https%3A%2F%2Fmy.xtreamforex.com%2FAccount%2FRegister.php||target:%20_blank|&#8221; el_class=&#8221;white_border black_btn&#8221;][\/vc_column_inner][\/vc_row_inner][\/vc_column][vc_column width=&#8221;1\/6&#8243;][\/vc_column][\/vc_row]<\/p>\n","protected":false},"excerpt":{"rendered":"<p>[vc_row full_width=&#8221;stretch_row&#8221; content_placement=&#8221;middle&#8221; css=&#8221;.vc_custom_1698319675499{position:relative !important; z-index:-111 !important; margin-top: 0px !important;margin-bottom: 0px !important;padding-top: 50px !important;padding-bottom: 30px !important;background-image: url(https:\/\/www.xtrememarkets.com\/ID\/wp-content\/uploads\/2023\/10\/INDICES-TRADING.png) !important;background-position: center !important;background-repeat: no-repeat !important;background-size: cover !important;}&#8221;][vc_column css=&#8221;.vc_custom_1698319593712{padding-top: 50px !important;padding-bottom: 50px !important;background-position: center !important;background-repeat: no-repeat !important;background-size: cover !important;}&#8221;][vc_column_text css=&#8221;.vc_custom_1698319516600{padding-top: 20px !important;padding-bottom: 20px !important;}&#8221;] COMERCIO CON \u00cdNDICES [\/vc_column_text][\/vc_column][\/vc_row][vc_row full_width=&#8221;stretch_row&#8221; el_class=&#8221;scroll_cont&#8221; css=&#8221;.vc_custom_1698731618436{margin-top: 0px !important;background-color: #000000 !important;background-position: center !important;background-repeat: no-repeat !important;background-size:<\/p>\n... <a href=\"https:\/\/www.xtrememarkets.com\/ID\/es\/indices-spanish\/\">continue reading<\/a>.","protected":false},"author":1,"featured_media":0,"parent":0,"menu_order":0,"comment_status":"closed","ping_status":"closed","template":"","meta":[],"yoast_head":"<!-- This site is optimized with the Yoast SEO Premium plugin v16.1 - https:\/\/yoast.com\/wordpress\/plugins\/seo\/ -->\r\n<title>Use Indices Trading Products of Xtreamforex to Make Money!<\/title>\r\n<meta name=\"description\" content=\"Trade with Indices Trading products &amp; generate a positive return on investments that will brighten your future and fulfill all your dreams &amp; desires in an easy way.\" \/>\r\n<link rel=\"canonical\" href=\"https:\/\/www.xtrememarkets.com\/ID\/es\/indices-spanish\/\" \/>\r\n<meta property=\"og:locale\" content=\"en_US\" \/>\r\n<meta property=\"og:type\" content=\"article\" \/>\r\n<meta property=\"og:title\" content=\"Use Indices Trading Products of Xtreamforex to Make Money!\" \/>\r\n<meta property=\"og:description\" content=\"Trade with Indices Trading products &amp; generate a positive return on investments that will brighten your future and fulfill all your dreams &amp; desires in an easy way.\" \/>\r\n<meta property=\"og:url\" content=\"https:\/\/www.xtrememarkets.com\/ID\/es\/indices-spanish\/\" \/>\r\n<meta property=\"og:site_name\" content=\"Xtreme Markets\" \/>\r\n<meta property=\"article:publisher\" content=\"https:\/\/www.facebook.com\/xtreamforex.official\/\" \/>\r\n<meta property=\"article:modified_time\" content=\"2023-11-21T12:20:02+00:00\" \/>\r\n<meta property=\"og:image\" content=\"https:\/\/www.xtreamforex.com\/wp-content\/uploads\/2023\/07\/link-banner.jpg\" \/>\r\n<meta name=\"twitter:card\" content=\"summary_large_image\" \/>\r\n<meta name=\"twitter:site\" content=\"@xtreamforex\" \/>\r\n<meta name=\"twitter:label1\" content=\"Est. reading time\">\n\t<meta name=\"twitter:data1\" content=\"3 minutes\">\r\n<script type=\"application\/ld+json\" class=\"yoast-schema-graph\">{\"@context\":\"https:\/\/schema.org\",\"@graph\":[{\"@type\":[\"Organization\",\"Place\"],\"@id\":\"https:\/\/www.xtrememarkets.com\/ID\/#organization\",\"name\":\"Xtreamforex\",\"url\":\"https:\/\/www.xtrememarkets.com\/ID\/\",\"sameAs\":[\"https:\/\/www.facebook.com\/xtreamforex.official\/\",\"https:\/\/www.instagram.com\/xtreamforex.official\/\",\"https:\/\/in.linkedin.com\/company\/xtream-forex\",\"https:\/\/www.youtube.com\/channel\/UCbbTuJV9XhurjZciRLdvFBg\",\"https:\/\/www.pinterest.com\/xtreamforex_trading\/\",\"https:\/\/twitter.com\/xtreamforex\"],\"logo\":{\"@id\":\"https:\/\/www.xtrememarkets.com\/ID\/es\/indices-spanish\/#local-main-organization-logo\"},\"image\":{\"@id\":\"https:\/\/www.xtrememarkets.com\/ID\/es\/indices-spanish\/#local-main-organization-logo\"},\"openingHoursSpecification\":[{\"@type\":\"OpeningHoursSpecification\",\"dayOfWeek\":[\"Monday\",\"Tuesday\",\"Wednesday\",\"Thursday\",\"Friday\",\"Saturday\",\"Sunday\"],\"opens\":\"09:00\",\"closes\":\"17:00\"}]},{\"@type\":\"WebSite\",\"@id\":\"https:\/\/www.xtrememarkets.com\/ID\/#website\",\"url\":\"https:\/\/www.xtrememarkets.com\/ID\/\",\"name\":\"Xtreme Markets\",\"description\":\"\",\"publisher\":{\"@id\":\"https:\/\/www.xtrememarkets.com\/ID\/#organization\"},\"potentialAction\":[{\"@type\":\"SearchAction\",\"target\":\"https:\/\/www.xtrememarkets.com\/ID\/?s={search_term_string}\",\"query-input\":\"required name=search_term_string\"}],\"inLanguage\":\"en-US\"},{\"@type\":\"ImageObject\",\"@id\":\"https:\/\/www.xtrememarkets.com\/ID\/es\/indices-spanish\/#primaryimage\",\"inLanguage\":\"en-US\",\"url\":\"\",\"contentUrl\":\"\"},{\"@type\":\"WebPage\",\"@id\":\"https:\/\/www.xtrememarkets.com\/ID\/es\/indices-spanish\/#webpage\",\"url\":\"https:\/\/www.xtrememarkets.com\/ID\/es\/indices-spanish\/\",\"name\":\"Use Indices Trading Products of Xtreamforex to Make Money!\",\"isPartOf\":{\"@id\":\"https:\/\/www.xtrememarkets.com\/ID\/#website\"},\"primaryImageOfPage\":{\"@id\":\"https:\/\/www.xtrememarkets.com\/ID\/es\/indices-spanish\/#primaryimage\"},\"datePublished\":\"2021-02-06T06:51:18+00:00\",\"dateModified\":\"2023-11-21T12:20:02+00:00\",\"description\":\"Trade with Indices Trading products & generate a positive return on investments that will brighten your future and fulfill all your dreams & desires in an easy way.\",\"breadcrumb\":{\"@id\":\"https:\/\/www.xtrememarkets.com\/ID\/es\/indices-spanish\/#breadcrumb\"},\"inLanguage\":\"en-US\",\"potentialAction\":[{\"@type\":\"ReadAction\",\"target\":[\"https:\/\/www.xtrememarkets.com\/ID\/es\/indices-spanish\/\"]}]},{\"@type\":\"BreadcrumbList\",\"@id\":\"https:\/\/www.xtrememarkets.com\/ID\/es\/indices-spanish\/#breadcrumb\",\"itemListElement\":[{\"@type\":\"ListItem\",\"position\":1,\"item\":{\"@type\":\"WebPage\",\"@id\":\"https:\/\/www.xtrememarkets.com\/\",\"url\":\"https:\/\/www.xtrememarkets.com\/\",\"name\":\"Home\"}},{\"@type\":\"ListItem\",\"position\":2,\"item\":{\"@type\":\"WebPage\",\"@id\":\"https:\/\/www.xtrememarkets.com\/ID\/es\/indices-spanish\/\",\"url\":\"https:\/\/www.xtrememarkets.com\/ID\/es\/indices-spanish\/\",\"name\":\"Indices\"}}]},{\"@type\":\"ImageObject\",\"@id\":\"https:\/\/www.xtrememarkets.com\/ID\/es\/indices-spanish\/#local-main-organization-logo\",\"inLanguage\":\"en-US\",\"url\":\"https:\/\/www.xtrememarkets.com\/ID\/wp-content\/uploads\/2024\/02\/image_2024_02_23T12_39_46_331Z.png\",\"contentUrl\":\"https:\/\/www.xtrememarkets.com\/ID\/wp-content\/uploads\/2024\/02\/image_2024_02_23T12_39_46_331Z.png\",\"width\":800,\"height\":500,\"caption\":\"Xtreamforex\"}]}<\/script>\r\n<!-- \/ Yoast SEO Premium plugin. -->","_links":{"self":[{"href":"https:\/\/www.xtrememarkets.com\/ID\/wp-json\/wp\/v2\/pages\/24925"}],"collection":[{"href":"https:\/\/www.xtrememarkets.com\/ID\/wp-json\/wp\/v2\/pages"}],"about":[{"href":"https:\/\/www.xtrememarkets.com\/ID\/wp-json\/wp\/v2\/types\/page"}],"author":[{"embeddable":true,"href":"https:\/\/www.xtrememarkets.com\/ID\/wp-json\/wp\/v2\/users\/1"}],"replies":[{"embeddable":true,"href":"https:\/\/www.xtrememarkets.com\/ID\/wp-json\/wp\/v2\/comments?post=24925"}],"version-history":[{"count":3,"href":"https:\/\/www.xtrememarkets.com\/ID\/wp-json\/wp\/v2\/pages\/24925\/revisions"}],"predecessor-version":[{"id":24928,"href":"https:\/\/www.xtrememarkets.com\/ID\/wp-json\/wp\/v2\/pages\/24925\/revisions\/24928"}],"wp:attachment":[{"href":"https:\/\/www.xtrememarkets.com\/ID\/wp-json\/wp\/v2\/media?parent=24925"}],"curies":[{"name":"wp","href":"https:\/\/api.w.org\/{rel}","templated":true}]}}