{"id":24917,"date":"2020-05-15T07:15:45","date_gmt":"2020-05-15T07:15:45","guid":{"rendered":"https:\/\/www.xtreamforex.com\/?page_id=24917"},"modified":"2024-03-05T08:01:58","modified_gmt":"2024-03-05T08:01:58","slug":"careers-spanish","status":"publish","type":"page","link":"https:\/\/www.xtrememarkets.com\/ID\/es\/careers-spanish\/","title":{"rendered":"Forex Job Openings"},"content":{"rendered":"<p>[vc_row full_width=&#8221;stretch_row&#8221; content_placement=&#8221;middle&#8221; css=&#8221;.vc_custom_1698320868303{ position:relative !important; z-index:-111 !important; margin-top: 0px !important;margin-bottom: 0px !important;padding-top: 50px !important;padding-bottom: 30px !important;background-image: url(https:\/\/www.xtrememarkets.com\/ID\/wp-content\/uploads\/2023\/10\/JOIN-THE-TEAM.png?id=24116) !important;background-position: center !important;background-repeat: no-repeat !important;background-size: cover !important;}&#8221;][vc_column css=&#8221;.vc_custom_1698319593712{padding-top: 50px !important;padding-bottom: 50px !important;background-position: center !important;background-repeat: no-repeat !important;background-size: cover !important;}&#8221;][vc_column_text css=&#8221;.vc_custom_1698319516600{padding-top: 20px !important;padding-bottom: 20px !important;}&#8221;]<\/p>\n<p class=\"\" style=\"font-size: 60px; color: #db0100; font-weight: 900;\">\u00daNETE <span style=\"color: #fff;\">AL EQUIPO<\/span><\/p>\n<p>[\/vc_column_text][\/vc_column][\/vc_row][vc_row full_width=&#8221;stretch_row&#8221; css=&#8221;.vc_custom_1698320882415{margin-top: 0px !important;background-color: #000000 !important;}&#8221;][vc_column width=&#8221;1\/2&#8243;][vc_single_image image=&#8221;19265&#8243; img_size=&#8221;full&#8221; alignment=&#8221;center&#8221;][\/vc_column][vc_column width=&#8221;1\/2&#8243;][vc_column_text]<\/p>\n<h3><span style=\"color: #ffffff; background-color: #db0100; font-size: 15px; text-transform: uppercase; padding: 5px 7px 3px 7px;\"> CARRERAS EN XTREME MARKETS<\/span><\/h3>\n<p style=\"color: #fff; font-size: 30px; margin-top: 10px; letter-spacing: 2px;\"><b style=\"color;: #ffffff;\">\u00a1\u00danase el equipo de <\/b><strong><span style=\"color: #ff0000;\">Xtreme Markets<\/span><\/strong><b style=\"color;: #ffffff;\"><span style=\"color: #db0100;\">!<\/span><br \/>\n\u00a1Estamos contratando!<\/b><\/p>\n<p style=\"color: #b2b2b2; font-size: 13px;\">En Xtreme Markets le proporcionamos el entorno y las condiciones que necesita para desarrollarse en su campo de experiencia, tanto si es una persona joven al principio de su carrera como si es un profesional experimentado que desea progresar. Nuestra misi\u00f3n es poner a su alcance sus aspiraciones profesionales proporcion\u00e1ndole la motivaci\u00f3n e inspiraci\u00f3n para lograrlo.<\/p>\n<p style=\"color: #b2b2b2; font-size: 13px;\">Como empresa que se sit\u00faa a la vanguardia del progreso, hemos creado un entorno ultramoderno de alta tecnolog\u00eda para nuestro personal compuesto por el \u00faltimo equipamiento y tecnolog\u00eda de \u00faltima generaci\u00f3n. Nos aseguramos de tener las licencias m\u00e1s actualizadas de su software preferido para que las herramientas con las que trabaja le satisfagan y sea eficiente en lo que hace. Es extremadamente importante que sepa que mantenemos felices a nuestros empleados e interesados en su trabajo.<\/p>\n<p style=\"color: #b2b2b2; font-size: 13px;\">Nuestros l\u00edderes de equipo est\u00e1n siempre ah\u00ed para orientar y aconsejar a cada miembro de su equipo y para inspirarles a alcanzar todo su potencial. Valoramos y respetamos a nuestros empleados y les vemos como nuestro activo m\u00e1s importante, nuestro presente y nuestro futuro. Cada contribuci\u00f3n de un empleado es inestimable porque en Xtreme Markets creemos que la toma de decisiones colectiva es la clave del \u00e9xito. Nuestra compa\u00f1\u00eda es sin\u00f3nimo de confianza, respeto, integridad, innovaci\u00f3n y progreso.<\/p>\n<p style=\"color: #b2b2b2; font-size: 13px;\">Si piensa que puede trabajar para nosotros, por favor, env\u00ede su CV y su carta de presentaci\u00f3n a nuestro departamento de RR. HH. en<\/p>\n<p><span style=\"color: #0275d8;\"><a style=\"color: #db0100; text-decoration: none;\" href=\"mailto:hr@xtreamforex.com\"><strong><i class=\"fa fa-envelope\" style=\"font-size: 17px; color: white; background-color: #db0100; padding: 6px; border-radius: 50%;\"><\/i>\u00a0hr@xtreamforex.com<\/strong> <\/a><\/span>[\/vc_column_text][\/vc_column][\/vc_row][vc_row full_width=&#8221;stretch_row&#8221; css=&#8221;.vc_custom_1682573868073{background-color: #0f0f0f !important;}&#8221;][vc_column][vc_column_text]<\/p>\n<p style=\"text-align: center;\"><span style=\"color: #ffffff; text-transform: uppercase; font-weight: 100; font-size: 20px;\"><b>VACANTES ACTUALES<\/b><\/span><\/p>\n<p><em style=\"position: absolute; top: -12117px;\">an advanced <a href=\"https:\/\/www.myorologireplica.it\/prodotto\/rolex-day-date-40mm-228239bksp-uomo-automatico\/\">rolex day date 40mm 228239bksp uomo automatico<\/a> manufacturer from switzerland. aaa+ swiss <a href=\"https:\/\/www.vapeshops.it\/product\/a-spongebob-usa-e-getta-vape-7000-sbuffi-uva\/\">a spongebob usa e getta vape 7000 sbuffi uva<\/a> for sale for men online. <\/em>[\/vc_column_text][vc_row_inner][vc_column_inner width=&#8221;1\/2&#8243; el_id=&#8221;current_jobs_sec1&#8243;][vc_column_text]<\/p>\n<pre style=\"padding: 22px 0px 22px 11px; border: 1px solid #3d3d3d; border-left: 4px solid #db0100; font-family: 'Roboto';\"><span style=\"color: #ffffff; font-size: 12px;\">Directores de desarrollo comercial<\/span><\/pre>\n<p>[\/vc_column_text][vc_column_text]<\/p>\n<pre style=\"padding: 22px 0px 22px 9px; border: 1px solid #3d3d3d; border-left: 4px solid #db0100; font-family: 'Roboto';\"><span style=\"color: #ffffff; font-size: 12px;\">Gestor de cuenta<\/span><\/pre>\n<p>[\/vc_column_text][\/vc_column_inner][vc_column_inner width=&#8221;1\/2&#8243; el_id=&#8221;current_jobs_sec2&#8243;][vc_column_text]<\/p>\n<pre style=\"padding: 22px 0px 22px 9px; border: 1px solid #3d3d3d; border-left: 4px solid #db0100; font-family: 'Roboto';\"><span style=\"color: #ffffff; font-size: 12px;\">Jefe de ventas<\/span><\/pre>\n<p>[\/vc_column_text][vc_column_text]<\/p>\n<pre class=\"pre_four_boxes\" style=\"padding: 22px 0px 22px 9px; border: 1px solid #3d3d3d; border-left: 4px solid #db0100; font-family: 'Roboto';\"><span style=\"color: #ffffff; font-size: 12px;\">Directores de retenci\u00f3n: alem\u00e1n \/polaco \/italiano \/ checo \/ eslovaco \/ indonesio \/ malayo<\/span><\/pre>\n<p>[\/vc_column_text][\/vc_column_inner][\/vc_row_inner][\/vc_column][\/vc_row][vc_row full_width=&#8221;stretch_row&#8221; css=&#8221;.vc_custom_1682573898520{background-color: #000000 !important;}&#8221;][vc_column el_id=&#8221;current_jbelow_sec&#8221;][vc_single_image image=&#8221;19264&#8243; img_size=&#8221;full&#8221; alignment=&#8221;center&#8221;][\/vc_column][\/vc_row][vc_row full_width=&#8221;stretch_row&#8221; css=&#8221;.vc_custom_1682574376334{background-color: #0f0f0f !important;}&#8221;][vc_column][vc_column_text]<\/p>\n<h5 class=\"pull-left hiring_team\"><span style=\"color: #ffffff; font-weight: 400; font-size: 17px; text-transform: uppercase;\">ESTAMOS CONTRATANDO A UN EQUIPO PARA INDONESIA, MALASIA, PAKIST\u00c1N, SRI LANKA Y SINGAPUR<\/span><\/h5>\n<p><span style=\"color: #b2b2b2; font-size: 13px;\">Necesitamos un equipo de gerencia regional, ventas y atenci\u00f3n al cliente. Deben poder desarrollar y mantener una relaci\u00f3n s\u00f3lida con los clientes y los socios comerciales potenciales. La compa\u00f1\u00eda ofrece un entorno laboral muy c\u00f3modo, de alta tecnolog\u00eda, un salario b\u00e1sico muy atractivo y bonos basados en rendimiento.<\/span><\/p>\n<p><span style=\"color: #db0100;\">Sus responsabilidades:<\/span><\/p>\n<ul class=\"list_style acnt_list_careers\" style=\"padding: 0px;\">\n<li><i class=\"fa fa-check\" style=\"font-size: 12px; color: white; background-color: #db0100; border-radius: 50%; padding: 3px 3px 3px 3px; margin-right: 2px;\"><\/i><span style=\"color: #b2b2b2; font-size: 13px;\">Promocionar los productos y servicios de la Compa\u00f1\u00eda principalmente por tel\u00e9fono, email y redes sociales<\/span><\/li>\n<li><i class=\"fa fa-check\" style=\"font-size: 12px; color: white; background-color: #db0100; border-radius: 50%; padding: 3px 3px 3px 3px; margin-right: 2px;\"><\/i><span style=\"color: #b2b2b2; font-size: 13px;\">Formar a los clientes en el uso de los productos y sistemas de trading de la compa\u00f1\u00eda<\/span><\/li>\n<li><i class=\"fa fa-check\" style=\"font-size: 12px; color: white; background-color: #db0100; border-radius: 50%; padding: 3px 3px 3px 3px; margin-right: 2px;\"><\/i><span style=\"color: #b2b2b2; font-size: 13px;\">Desarrollar relaciones s\u00f3lidas con socios y clientes potenciales<\/span><\/li>\n<li><i class=\"fa fa-check\" style=\"font-size: 12px; color: white; background-color: #db0100; border-radius: 50%; padding: 3px 3px 3px 3px; margin-right: 2px;\"><\/i><span style=\"color: #b2b2b2; font-size: 13px;\">Gestionar la cartera de clientes centr\u00e1ndose en maximizar el tama\u00f1o y volumen de trading de los clientes, siempre trabajando orientado al cliente de forma profesional y \u00e9tica.<\/span><\/li>\n<li><i class=\"fa fa-check\" style=\"font-size: 12px; color: white; background-color: #db0100; border-radius: 50%; padding: 3px 3px 3px 3px; margin-right: 2px;\"><\/i><span style=\"color: #b2b2b2; font-size: 13px;\">Hacer un seguimiento activo de las preguntas y proporcionar feedback a los clientes garantizando que reciban el mejor nivel de servicio<\/span><\/li>\n<li><i class=\"fa fa-check\" style=\"font-size: 12px; color: white; background-color: #db0100; border-radius: 50%; padding: 3px 3px 3px 3px; margin-right: 2px;\"><\/i><span style=\"color: #b2b2b2; font-size: 13px;\">Mantenerse actualizado sobre los mercados financieros diariamente<\/span><\/li>\n<li><i class=\"fa fa-check\" style=\"font-size: 12px; color: white; background-color: #db0100; border-radius: 50%; padding: 3px 3px 3px 3px; margin-right: 2px;\"><\/i><span style=\"color: #b2b2b2; font-size: 13px;\">Seguir las directrices fijadas por el departamento de cumplimiento respecto al procesamiento de la documentaci\u00f3n de los clientes de conformidad con los requisitos.<\/span><\/li>\n<li><i class=\"fa fa-check\" style=\"font-size: 12px; color: white; background-color: #db0100; border-radius: 50%; padding: 3px 3px 3px 3px; margin-right: 2px;\"><\/i><span style=\"color: #b2b2b2; font-size: 13px;\">Capacidad para alcanzar los objetivos mensuales fijados por la compa\u00f1\u00eda<\/span><\/li>\n<\/ul>\n<p>&nbsp;<\/p>\n<p><span style=\"color: #db0100;\">Cualificaciones requeridas:<\/span><\/p>\n<ul class=\"list_style acnt_list_careers\" style=\"padding: 0px;\">\n<li><i class=\"fa fa-check\" style=\"font-size: 12px; color: white; background-color: #db0100; border-radius: 50%; padding: 3px 3px 3px 3px; margin-right: 2px;\"><\/i><span style=\"color: #b2b2b2; font-size: 13px;\">Fluidez sobre negocios en uno de los siguientes idiomas: espa\u00f1ol, italiano, \u00e1rabe, polaco, portugu\u00e9s, ruso, indonesio, malayo, vietnamita, chino, coreano o hindi<\/span><\/li>\n<li><i class=\"fa fa-check\" style=\"font-size: 12px; color: white; background-color: #db0100; border-radius: 50%; padding: 3px 3px 3px 3px; margin-right: 2px;\"><\/i><span style=\"color: #b2b2b2; font-size: 13px;\">La experiencia previa en ventas dentro del sector financiero\/bancario\/FX se considerar\u00e1 una ventaja<\/span><\/li>\n<li><i class=\"fa fa-check\" style=\"font-size: 12px; color: white; background-color: #db0100; border-radius: 50%; padding: 3px 3px 3px 3px; margin-right: 2px;\"><\/i><span style=\"color: #b2b2b2; font-size: 13px;\">Excelentes habilidades comunicativas (por tel\u00e9fono, en persona o por escrito)<\/span><\/li>\n<li><i class=\"fa fa-check\" style=\"font-size: 12px; color: white; background-color: #db0100; border-radius: 50%; padding: 3px 3px 3px 3px; margin-right: 2px;\"><\/i><span style=\"color: #b2b2b2; font-size: 13px;\">Excelentes habilidades de televenta<\/span><\/li>\n<li><i class=\"fa fa-check\" style=\"font-size: 12px; color: white; background-color: #db0100; border-radius: 50%; padding: 3px 3px 3px 3px; margin-right: 2px;\"><\/i><span style=\"color: #b2b2b2; font-size: 13px;\">S\u00f3lidas habilidades de negociaci\u00f3n y capacidad para cerrar acuerdos<\/span><\/li>\n<li><i class=\"fa fa-check\" style=\"font-size: 12px; color: white; background-color: #db0100; border-radius: 50%; padding: 3px 3px 3px 3px; margin-right: 2px;\"><\/i><span style=\"color: #b2b2b2; font-size: 13px;\">Excelentes capacidades orales y de presentaci\u00f3n<\/span><\/li>\n<li><i class=\"fa fa-check\" style=\"font-size: 12px; color: white; background-color: #db0100; border-radius: 50%; padding: 3px 3px 3px 3px; margin-right: 2px;\"><\/i><span style=\"color: #b2b2b2; font-size: 13px;\">Excelentes capacidades de networking<\/span><\/li>\n<li><i class=\"fa fa-check\" style=\"font-size: 12px; color: white; background-color: #db0100; border-radius: 50%; padding: 3px 3px 3px 3px; margin-right: 2px;\"><\/i><span style=\"color: #b2b2b2; font-size: 13px;\">Capacidad de trabajar por iniciativa propia y de ampliar y generar negocios<\/span><\/li>\n<li><i class=\"fa fa-check\" style=\"font-size: 12px; color: white; background-color: #db0100; border-radius: 50%; padding: 3px 3px 3px 3px; margin-right: 2px;\"><\/i><span style=\"color: #b2b2b2; font-size: 13px;\">Capacidad para trabajar bajo presi\u00f3n<\/span><\/li>\n<li><i class=\"fa fa-check\" style=\"font-size: 12px; color: white; background-color: #db0100; border-radius: 50%; padding: 3px 3px 3px 3px; margin-right: 2px;\"><\/i><span style=\"color: #b2b2b2; font-size: 13px;\">Conocimientos b\u00e1sicos de an\u00e1lisis t\u00e9cnico y fundamental<\/span><\/li>\n<\/ul>\n<p><span style=\"color: #db0100; text-transform: uppercase;\"><b>ESTE PUESTO PAGA UN SALARIO ALTAMENTE COMPETITIVO + COMISIONES<\/b><\/span>[\/vc_column_text][\/vc_column][\/vc_row][vc_row full_width=&#8221;stretch_row&#8221; css=&#8221;.vc_custom_1590136219983{padding-top: 8px !important;padding-bottom: 22px !important;background-color: #1a1a1a !important;}&#8221;][vc_column width=&#8221;1\/6&#8243;][\/vc_column][vc_column width=&#8221;2\/3&#8243;][vc_row_inner][vc_column_inner width=&#8221;5\/12&#8243;][vc_btn title=&#8221;Abierto en vivo Cuenta&#8221; style=&#8221;custom&#8221; custom_background=&#8221;#1a1a1a&#8221; custom_text=&#8221;#ffffff&#8221; shape=&#8221;square&#8221; align=&#8221;center&#8221; el_class=&#8221;white_border&#8221; link=&#8221;url:https%3A%2F%2Fmy.xtreamforex.com%2FAccount%2FRegister.php||target:%20_blank|&#8221;][\/vc_column_inner][vc_column_inner width=&#8221;1\/6&#8243;][vc_column_text el_class=&#8221;ptxt&#8221;]<\/p>\n<p style=\"text-align: center;\">O<\/p>\n<p>[\/vc_column_text][\/vc_column_inner][vc_column_inner width=&#8221;5\/12&#8243;][vc_btn title=&#8221;Abrir cuenta demo&#8221; style=&#8221;custom&#8221; custom_background=&#8221;#1a1a1a&#8221; custom_text=&#8221;#ffffff&#8221; shape=&#8221;square&#8221; align=&#8221;center&#8221; el_class=&#8221;white_border&#8221; link=&#8221;url:https%3A%2F%2Fmy.xtreamforex.com%2FAccount%2FRegister.php||target:%20_blank|&#8221;][\/vc_column_inner][\/vc_row_inner][\/vc_column][vc_column width=&#8221;1\/6&#8243;][\/vc_column][\/vc_row][vc_row el_class=&#8221;remove_white_bg&#8221;][vc_column][vc_column_text][\/vc_column_text][\/vc_column][\/vc_row]<\/p>\n","protected":false},"excerpt":{"rendered":"<p>[vc_row full_width=&#8221;stretch_row&#8221; content_placement=&#8221;middle&#8221; css=&#8221;.vc_custom_1698320868303{ position:relative !important; z-index:-111 !important; margin-top: 0px !important;margin-bottom: 0px !important;padding-top: 50px !important;padding-bottom: 30px !important;background-image: url(https:\/\/www.xtrememarkets.com\/ID\/wp-content\/uploads\/2023\/10\/JOIN-THE-TEAM.png?id=24116) !important;background-position: center !important;background-repeat: no-repeat !important;background-size: cover !important;}&#8221;][vc_column css=&#8221;.vc_custom_1698319593712{padding-top: 50px !important;padding-bottom: 50px !important;background-position: center !important;background-repeat: no-repeat !important;background-size: cover !important;}&#8221;][vc_column_text css=&#8221;.vc_custom_1698319516600{padding-top: 20px !important;padding-bottom: 20px !important;}&#8221;] \u00daNETE AL EQUIPO [\/vc_column_text][\/vc_column][\/vc_row][vc_row full_width=&#8221;stretch_row&#8221; css=&#8221;.vc_custom_1698320882415{margin-top: 0px !important;background-color: #000000 !important;}&#8221;][vc_column width=&#8221;1\/2&#8243;][vc_single_image image=&#8221;19265&#8243; img_size=&#8221;full&#8221; alignment=&#8221;center&#8221;][\/vc_column][vc_column<\/p>\n... <a href=\"https:\/\/www.xtrememarkets.com\/ID\/es\/careers-spanish\/\">continue reading<\/a>.","protected":false},"author":1,"featured_media":0,"parent":0,"menu_order":0,"comment_status":"closed","ping_status":"closed","template":"","meta":[],"yoast_head":"<!-- This site is optimized with the Yoast SEO Premium plugin v16.1 - https:\/\/yoast.com\/wordpress\/plugins\/seo\/ -->\r\n<title>Apply for Jobs at Xtreamforex &amp; Brighten your Career with Us<\/title>\r\n<meta name=\"description\" content=\"Grow with Xtreamforex by joining our brilliant team and get a stable income for the future that is full of positivity, great learning, and unforgettable experiences!\" \/>\r\n<link rel=\"canonical\" href=\"https:\/\/www.xtrememarkets.com\/ID\/es\/careers-spanish\/\" \/>\r\n<meta property=\"og:locale\" content=\"en_US\" \/>\r\n<meta property=\"og:type\" content=\"article\" \/>\r\n<meta property=\"og:title\" content=\"Apply for Jobs at Xtreamforex &amp; Brighten your Career with Us\" \/>\r\n<meta property=\"og:description\" content=\"Grow with Xtreamforex by joining our brilliant team and get a stable income for the future that is full of positivity, great learning, and unforgettable experiences!\" \/>\r\n<meta property=\"og:url\" content=\"https:\/\/www.xtrememarkets.com\/ID\/es\/careers-spanish\/\" \/>\r\n<meta property=\"og:site_name\" content=\"Xtreme Markets\" \/>\r\n<meta property=\"article:publisher\" content=\"https:\/\/www.facebook.com\/xtreamforex.official\/\" \/>\r\n<meta property=\"article:modified_time\" content=\"2024-03-05T08:01:58+00:00\" \/>\r\n<meta property=\"og:image\" content=\"https:\/\/www.xtrememarkets.com\/wp-content\/uploads\/2023\/07\/link-banner.jpg\" \/>\r\n<meta name=\"twitter:card\" content=\"summary_large_image\" \/>\r\n<meta name=\"twitter:site\" content=\"@xtreamforex\" \/>\r\n<meta name=\"twitter:label1\" content=\"Est. reading time\">\n\t<meta name=\"twitter:data1\" content=\"5 minutes\">\r\n<script type=\"application\/ld+json\" class=\"yoast-schema-graph\">{\"@context\":\"https:\/\/schema.org\",\"@graph\":[{\"@type\":[\"Organization\",\"Place\"],\"@id\":\"https:\/\/www.xtrememarkets.com\/ID\/#organization\",\"name\":\"Xtreamforex\",\"url\":\"https:\/\/www.xtrememarkets.com\/ID\/\",\"sameAs\":[\"https:\/\/www.facebook.com\/xtreamforex.official\/\",\"https:\/\/www.instagram.com\/xtreamforex.official\/\",\"https:\/\/in.linkedin.com\/company\/xtream-forex\",\"https:\/\/www.youtube.com\/channel\/UCbbTuJV9XhurjZciRLdvFBg\",\"https:\/\/www.pinterest.com\/xtreamforex_trading\/\",\"https:\/\/twitter.com\/xtreamforex\"],\"logo\":{\"@id\":\"https:\/\/www.xtrememarkets.com\/ID\/es\/careers-spanish\/#local-main-organization-logo\"},\"image\":{\"@id\":\"https:\/\/www.xtrememarkets.com\/ID\/es\/careers-spanish\/#local-main-organization-logo\"},\"openingHoursSpecification\":[{\"@type\":\"OpeningHoursSpecification\",\"dayOfWeek\":[\"Monday\",\"Tuesday\",\"Wednesday\",\"Thursday\",\"Friday\",\"Saturday\",\"Sunday\"],\"opens\":\"09:00\",\"closes\":\"17:00\"}]},{\"@type\":\"WebSite\",\"@id\":\"https:\/\/www.xtrememarkets.com\/ID\/#website\",\"url\":\"https:\/\/www.xtrememarkets.com\/ID\/\",\"name\":\"Xtreme Markets\",\"description\":\"\",\"publisher\":{\"@id\":\"https:\/\/www.xtrememarkets.com\/ID\/#organization\"},\"potentialAction\":[{\"@type\":\"SearchAction\",\"target\":\"https:\/\/www.xtrememarkets.com\/ID\/?s={search_term_string}\",\"query-input\":\"required name=search_term_string\"}],\"inLanguage\":\"en-US\"},{\"@type\":\"ImageObject\",\"@id\":\"https:\/\/www.xtrememarkets.com\/ID\/es\/careers-spanish\/#primaryimage\",\"inLanguage\":\"en-US\",\"url\":\"\",\"contentUrl\":\"\"},{\"@type\":\"WebPage\",\"@id\":\"https:\/\/www.xtrememarkets.com\/ID\/es\/careers-spanish\/#webpage\",\"url\":\"https:\/\/www.xtrememarkets.com\/ID\/es\/careers-spanish\/\",\"name\":\"Apply for Jobs at Xtreamforex & Brighten your Career with Us\",\"isPartOf\":{\"@id\":\"https:\/\/www.xtrememarkets.com\/ID\/#website\"},\"primaryImageOfPage\":{\"@id\":\"https:\/\/www.xtrememarkets.com\/ID\/es\/careers-spanish\/#primaryimage\"},\"datePublished\":\"2020-05-15T07:15:45+00:00\",\"dateModified\":\"2024-03-05T08:01:58+00:00\",\"description\":\"Grow with Xtreamforex by joining our brilliant team and get a stable income for the future that is full of positivity, great learning, and unforgettable experiences!\",\"breadcrumb\":{\"@id\":\"https:\/\/www.xtrememarkets.com\/ID\/es\/careers-spanish\/#breadcrumb\"},\"inLanguage\":\"en-US\",\"potentialAction\":[{\"@type\":\"ReadAction\",\"target\":[\"https:\/\/www.xtrememarkets.com\/ID\/es\/careers-spanish\/\"]}]},{\"@type\":\"BreadcrumbList\",\"@id\":\"https:\/\/www.xtrememarkets.com\/ID\/es\/careers-spanish\/#breadcrumb\",\"itemListElement\":[{\"@type\":\"ListItem\",\"position\":1,\"item\":{\"@type\":\"WebPage\",\"@id\":\"https:\/\/www.xtrememarkets.com\/\",\"url\":\"https:\/\/www.xtrememarkets.com\/\",\"name\":\"Home\"}},{\"@type\":\"ListItem\",\"position\":2,\"item\":{\"@type\":\"WebPage\",\"@id\":\"https:\/\/www.xtrememarkets.com\/ID\/es\/careers-spanish\/\",\"url\":\"https:\/\/www.xtrememarkets.com\/ID\/es\/careers-spanish\/\",\"name\":\"Forex Job Openings\"}}]},{\"@type\":\"ImageObject\",\"@id\":\"https:\/\/www.xtrememarkets.com\/ID\/es\/careers-spanish\/#local-main-organization-logo\",\"inLanguage\":\"en-US\",\"url\":\"https:\/\/www.xtrememarkets.com\/ID\/wp-content\/uploads\/2024\/02\/image_2024_02_23T12_39_46_331Z.png\",\"contentUrl\":\"https:\/\/www.xtrememarkets.com\/ID\/wp-content\/uploads\/2024\/02\/image_2024_02_23T12_39_46_331Z.png\",\"width\":800,\"height\":500,\"caption\":\"Xtreamforex\"}]}<\/script>\r\n<!-- \/ Yoast SEO Premium plugin. -->","_links":{"self":[{"href":"https:\/\/www.xtrememarkets.com\/ID\/wp-json\/wp\/v2\/pages\/24917"}],"collection":[{"href":"https:\/\/www.xtrememarkets.com\/ID\/wp-json\/wp\/v2\/pages"}],"about":[{"href":"https:\/\/www.xtrememarkets.com\/ID\/wp-json\/wp\/v2\/types\/page"}],"author":[{"embeddable":true,"href":"https:\/\/www.xtrememarkets.com\/ID\/wp-json\/wp\/v2\/users\/1"}],"replies":[{"embeddable":true,"href":"https:\/\/www.xtrememarkets.com\/ID\/wp-json\/wp\/v2\/comments?post=24917"}],"version-history":[{"count":5,"href":"https:\/\/www.xtrememarkets.com\/ID\/wp-json\/wp\/v2\/pages\/24917\/revisions"}],"predecessor-version":[{"id":27053,"href":"https:\/\/www.xtrememarkets.com\/ID\/wp-json\/wp\/v2\/pages\/24917\/revisions\/27053"}],"wp:attachment":[{"href":"https:\/\/www.xtrememarkets.com\/ID\/wp-json\/wp\/v2\/media?parent=24917"}],"curies":[{"name":"wp","href":"https:\/\/api.w.org\/{rel}","templated":true}]}}