{"id":24905,"date":"2021-01-29T07:19:36","date_gmt":"2021-01-29T07:19:36","guid":{"rendered":"https:\/\/www.xtreamforex.com\/?page_id=24905"},"modified":"2024-02-26T11:35:56","modified_gmt":"2024-02-26T11:35:56","slug":"announcements-spanish","status":"publish","type":"page","link":"https:\/\/www.xtrememarkets.com\/ID\/es\/announcements-spanish\/","title":{"rendered":"Announcements"},"content":{"rendered":"<p>[vc_row full_width=&#8221;stretch_row&#8221; content_placement=&#8221;middle&#8221; css=&#8221;.vc_custom_1698319675499{margin-top: 0px !important;margin-bottom: 0px !important;padding-top: 50px !important;padding-bottom: 30px !important;background-image: url(https:\/\/www.xtrememarkets.com\/ID\/wp-content\/uploads\/2023\/10\/Our-announcements_banner.webp?id=24105) !important;background-position: center !important;background-repeat: no-repeat !important;background-size: cover !important;}&#8221;][vc_column css=&#8221;.vc_custom_1698319593712{padding-top: 50px !important;padding-bottom: 50px !important;background-position: center !important;background-repeat: no-repeat !important;background-size: cover !important;}&#8221;][vc_column_text css=&#8221;.vc_custom_1700557112669{padding-top: 20px !important;padding-bottom: 20px !important;}&#8221;]<\/p>\n<p class=\"\" style=\"font-size: 50px; color: #db0100; font-weight: 900;\">nuestros anuncios<\/p>\n<p>[\/vc_column_text][\/vc_column][\/vc_row][vc_row full_width=&#8221;stretch_row&#8221; css=&#8221;.vc_custom_1698995582821{margin-top: 0px !important;padding-bottom: 50px !important;background-image: url(https:\/\/www.xtrememarkets.com\/ID\/wp-content\/uploads\/2022\/11\/bg-1-min.jpg?id=15703) !important;background-position: center !important;background-repeat: no-repeat !important;background-size: cover !important;}&#8221;][vc_column][vc_row_inner][vc_column_inner width=&#8221;1\/6&#8243;][\/vc_column_inner][vc_column_inner width=&#8221;2\/3&#8243;][vc_custom_heading 1=&#8221;&#8221; 2=&#8221;style=&#8220;&#96;&#96;display:&#8221; 3=&#8221;block;&#8221; 4=&#8221;overflow:&#8221; 5=&#8221;hidden;&#8221; 6=&#8221;height:&#8221; 7=&#8221;1px;&#8221; 8=&#8221;width:&#8221; 9=&#8221;1px;&#8220;>we&#8221; 10=&#8221;have&#8221; 11=&#8221;best&#8221; 12=&#8221;quality&#8221; 13=&#8221;&#8221; 14=&#8221;href=&#8220;&#96;&#96;https:\/\/it.upscalerolex.to\/product\/acquista-falso-rolex-m50519-0013-cellini-date\/&#96;&#96;&#8220;>acquista&#8221; 15=&#8221;falso&#8221; 16=&#8221;rolex&#8221; 17=&#8221;m50519&#8243; 18=&#8221;0013&#8243; 19=&#8221;cellini&#8221; 20=&#8221;date<\/a>&#8221; 21=&#8221;at&#8221; 22=&#8221;cheap&#8221; 23=&#8221;price.&#8221; 24=&#8221;high&#8221; 25=&#8221;quality&#8221; 26=&#8221;&#8221; 27=&#8221;href=&#8220;&#96;&#96;https:\/\/www.vapetypes.com\/product-category\/starter-kits\/disposable-e-cigs\/big-puffs-wegwerp-vape\/&#96;&#96;&#8220;>Big&#8221; 28=&#8221;puffs&#8221; 29=&#8221;Wegwerp&#8221; 30=&#8221;Vape<\/a>&#8221; 31=&#8221;cheap&#8221; 32=&#8221;sale.&#8221; 33=&#8221;<\/cite>&#8220;&#8221; text=&#8221;ANUNCIOS&#8221; font_container=&#8221;tag:h2|text_align:center|color:%23ffffff&#8221;][vc_single_image image=&#8221;4469&#8243; img_size=&#8221;medium&#8221; alignment=&#8221;center&#8221; css=&#8221;.vc_custom_1611905015746{margin-bottom: 0px !important;padding-bottom: 0px !important;}&#8221;][vc_column_text]<\/p>\n<p style=\"text-align: center; font-size: 18px; color: #ddd;\">Le damos la bienvenida a la p\u00e1gina de anuncios de Xtreme Markets, en la que puede encontrar los \u00faltimos lanzamientos, eventos, promociones y noticias de la compa\u00f1\u00eda. Estamos decididos a organizar y sorprender a nuestros clientes con las ofertas m\u00e1s rentables que tengan siempre en cuenta su mejor inter\u00e9s.<\/p>\n<p>[\/vc_column_text][\/vc_column_inner][vc_column_inner width=&#8221;1\/6&#8243;][\/vc_column_inner][\/vc_row_inner][\/vc_column][\/vc_row][vc_row full_width=&#8221;stretch_row&#8221; gap=&#8221;20&#8243; css=&#8221;.vc_custom_1698999356018{margin-top: 0px !important;padding-top: 50px !important;background-color: #0a0a0a !important;}&#8221;][vc_column width=&#8221;1\/3&#8243; css=&#8221;.vc_custom_1698997031385{margin-top: 20px !important;margin-right: 20px !important;margin-bottom: 20px !important;padding-top: 20px !important;padding-right: 10px !important;padding-bottom: 0px !important;padding-left: 10px !important;background-color: #e0e0e0 !important;border-radius: 20px !important;}&#8221;][vc_column_text css=&#8221;.vc_custom_1698998314727{border-radius: 20px !important;}&#8221;]<img decoding=\"async\" loading=\"lazy\" class=\"alignnone wp-image-24631 size-full\" src=\"https:\/\/www.xtrememarkets.com\/ID\/wp-content\/uploads\/2023\/11\/Banner_image-min-16-300x68-2.jpg\" alt=\"\" width=\"300\" height=\"168\" \/>[\/vc_column_text][vc_column_text css=&#8221;.vc_custom_1700557297789{padding-right: 20px !important;padding-left: 20px !important;}&#8221;]<span style=\"color: #db0100;\">Bono 100% negociable<\/span>[\/vc_column_text][vc_column_text css=&#8221;.vc_custom_1708947289763{padding-right: 20px !important;padding-left: 20px !important;}&#8221;]<span style=\"color: #000;\">Xtreme Markets ofrece una gama verificada de bonos para mejorar las habilidades comerciales de nuestros operadores. El bono 100% negociable permite al operador operar con un bono determinado. Este bono se suma a tu patrimonio y te ayuda&#8230;<\/span>[\/vc_column_text][vc_btn title=&#8221;Leer m\u00e1s&#8221; shape=&#8221;round&#8221; color=&#8221;danger&#8221; el_class=&#8221;blog-btn-ann&#8221; css=&#8221;.vc_custom_1700557373526{margin-left: 20px !important;border-radius: 30px !important;}&#8221; link=&#8221;url:https%3A%2F%2Fwww.xtreamforex.com%2F100-tradable-bonus%2F||target:%20_blank|&#8221;][\/vc_column][vc_column width=&#8221;1\/3&#8243; css=&#8221;.vc_custom_1698997094949{margin-top: 20px !important;margin-right: 20px !important;margin-bottom: 20px !important;margin-left: 20px !important;padding-top: 20px !important;padding-right: 10px !important;padding-left: 10px !important;background-color: #e0e0e0 !important;border-radius: 20px !important;}&#8221;][vc_column_text css=&#8221;.vc_custom_1698998292370{border-radius: 20px !important;}&#8221;]<img decoding=\"async\" loading=\"lazy\" class=\"alignnone wp-image-24630 size-full\" src=\"https:\/\/www.xtrememarkets.com\/ID\/wp-content\/uploads\/2023\/11\/SOCIAL-TRADE.jpg\" alt=\"\" width=\"300\" height=\"168\" \/>[\/vc_column_text][vc_column_text css=&#8221;.vc_custom_1700557439004{padding-right: 20px !important;padding-left: 20px !important;}&#8221;]<span style=\"color: #db0100;\">Concurso de comercio social<\/span>[\/vc_column_text][vc_column_text css=&#8221;.vc_custom_1708947299580{padding-right: 20px !important;padding-left: 20px !important;}&#8221;]<span style=\"color: #000;\">Xtreme Markets le ofrece el concurso m\u00e1s grande del a\u00f1o: el concurso de copy trading donde ganar\u00e1 comisiones ilimitadas y reembolsos de IB por el volumen de trading con nuestro sistema s\u00faper social de copy trading&#8230;<\/span>[\/vc_column_text][vc_btn title=&#8221;Leer m\u00e1s&#8221; shape=&#8221;round&#8221; color=&#8221;danger&#8221; el_class=&#8221;blog-btn-ann&#8221; css=&#8221;.vc_custom_1700557383401{margin-left: 20px !important;border-radius: 30px !important;}&#8221; link=&#8221;url:https%3A%2F%2Fwww.xtreamforex.com%2Fsocial-trading-contest%2F||target:%20_blank|&#8221;][\/vc_column][vc_column width=&#8221;1\/3&#8243; css=&#8221;.vc_custom_1698997759815{margin-top: 20px !important;margin-right: 20px !important;margin-bottom: 20px !important;margin-left: 20px !important;padding-top: 20px !important;padding-right: 10px !important;padding-left: 10px !important;background-color: #e0e0e0 !important;border-radius: 20px !important;}&#8221;][vc_column_text css=&#8221;.vc_custom_1698998355532{border-radius: 20px !important;}&#8221;]<img decoding=\"async\" loading=\"lazy\" class=\"alignnone wp-image-24628 size-full\" src=\"https:\/\/www.xtrememarkets.com\/ID\/wp-content\/uploads\/2023\/11\/Christmas_banner-min-300x168-1.jpg\" alt=\"\" width=\"300\" height=\"168px\" \/>[\/vc_column_text][vc_column_text css=&#8221;.vc_custom_1700557484196{padding-right: 20px !important;padding-left: 20px !important;}&#8221;]<span style=\"color: #db0100;\">Oferta de Navidad<\/span>[\/vc_column_text][vc_column_text css=&#8221;.vc_custom_1708947310555{padding-right: 20px !important;padding-left: 20px !important;}&#8221;]<span style=\"color: #000;\">Esta Navidad, Xtreme Markets la hace m\u00e1s especial para ti. Puedes ganar tel\u00e9fonos inteligentes o regalarlos a tus seres queridos participando en el evento de sorteo.<\/span>[\/vc_column_text][vc_btn title=&#8221;Leer m\u00e1s&#8221; shape=&#8221;round&#8221; color=&#8221;danger&#8221; el_class=&#8221;blog-btn-ann&#8221; css=&#8221;.vc_custom_1700557390973{margin-left: 20px !important;border-radius: 30px !important;}&#8221; link=&#8221;url:https%3A%2F%2Fwww.xtreamforex.com%2Fchristmas-offer%2F||target:%20_blank|&#8221;][\/vc_column][\/vc_row][vc_row full_width=&#8221;stretch_row&#8221; gap=&#8221;20&#8243; css=&#8221;.vc_custom_1698998897734{margin-top: 0px !important;padding-bottom: 50px !important;background-color: #0a0a0a !important;}&#8221;][vc_column width=&#8221;1\/3&#8243; css=&#8221;.vc_custom_1698997031385{margin-top: 20px !important;margin-right: 20px !important;margin-bottom: 20px !important;padding-top: 20px !important;padding-right: 10px !important;padding-bottom: 0px !important;padding-left: 10px !important;background-color: #e0e0e0 !important;border-radius: 20px !important;}&#8221;][vc_column_text css=&#8221;.vc_custom_1698998637064{border-radius: 20px !important;}&#8221;]<img decoding=\"async\" loading=\"lazy\" class=\"alignnone wp-image-24633 size-full\" src=\"https:\/\/www.xtrememarkets.com\/ID\/wp-content\/uploads\/2023\/11\/Trade-Win-min-300x168-1.jpg\" alt=\"\" width=\"300\" height=\"168\" \/>[\/vc_column_text][vc_column_text css=&#8221;.vc_custom_1700557534246{padding-right: 20px !important;padding-left: 20px !important;}&#8221;]<span style=\"color: #db0100;\">Opere y gane<br \/>\n<\/span>[\/vc_column_text][vc_column_text css=&#8221;.vc_custom_1700557558173{padding-right: 20px !important;padding-left: 20px !important;}&#8221;]<span style=\"color: #000;\">Aprovecha la oportunidad de ganar este sorteo exclusivo de Trade and Win. Puedes tener una oportunidad real de conseguir los mejores dispositivos disponibles en el mercado.<\/span>[\/vc_column_text][vc_btn title=&#8221;Leer m\u00e1s&#8221; shape=&#8221;round&#8221; color=&#8221;danger&#8221; el_class=&#8221;blog-btn-ann&#8221; css=&#8221;.vc_custom_1700557401142{margin-left: 20px !important;border-radius: 30px !important;}&#8221; link=&#8221;url:https%3A%2F%2Fwww.xtreamforex.com%2Ftrade-and-win-contest%2F||target:%20_blank|&#8221;][\/vc_column][vc_column width=&#8221;1\/3&#8243; css=&#8221;.vc_custom_1698997094949{margin-top: 20px !important;margin-right: 20px !important;margin-bottom: 20px !important;margin-left: 20px !important;padding-top: 20px !important;padding-right: 10px !important;padding-left: 10px !important;background-color: #e0e0e0 !important;border-radius: 20px !important;}&#8221;][vc_column_text css=&#8221;.vc_custom_1698998665303{border-radius: 20px !important;}&#8221;]<img decoding=\"async\" loading=\"lazy\" class=\"alignnone wp-image-24635 size-full\" src=\"https:\/\/www.xtrememarkets.com\/ID\/wp-content\/uploads\/2023\/11\/New_year-banner-min-300x168-1.jpg\" alt=\"\" width=\"300\" height=\"168\" \/>[\/vc_column_text][vc_column_text css=&#8221;.vc_custom_1700557578637{padding-right: 20px !important;padding-left: 20px !important;}&#8221;]<span style=\"color: #db0100;\">Especial de a\u00f1o nuevo<\/span>[\/vc_column_text][vc_column_text css=&#8221;.vc_custom_1700557599941{padding-right: 20px !important;padding-left: 20px !important;}&#8221;]<span style=\"color: #000;\">Califique su viaje para su destino favorito y comparta su historia de viaje con todos nosotros<\/span>[\/vc_column_text][vc_btn title=&#8221;Leer m\u00e1s&#8221; shape=&#8221;round&#8221; color=&#8221;danger&#8221; el_class=&#8221;blog-btn-ann&#8221; css=&#8221;.vc_custom_1700557409545{margin-left: 20px !important;border-radius: 30px !important;}&#8221; link=&#8221;url:https%3A%2F%2Fwww.xtreamforex.com%2Fnew-years-special%2F||target:%20_blank|&#8221;][\/vc_column][vc_column width=&#8221;1\/3&#8243; css=&#8221;.vc_custom_1698997759815{margin-top: 20px !important;margin-right: 20px !important;margin-bottom: 20px !important;margin-left: 20px !important;padding-top: 20px !important;padding-right: 10px !important;padding-left: 10px !important;background-color: #e0e0e0 !important;border-radius: 20px !important;}&#8221;][vc_column_text css=&#8221;.vc_custom_1698998917854{border-radius: 20px !important;}&#8221;]<img decoding=\"async\" loading=\"lazy\" class=\"alignnone wp-image-24634 size-full\" src=\"https:\/\/www.xtrememarkets.com\/ID\/wp-content\/uploads\/2023\/11\/300.jpg\" alt=\"\" width=\"300\" height=\"168\" \/>[\/vc_column_text][vc_column_text css=&#8221;.vc_custom_1700557659773{padding-right: 20px !important;padding-left: 20px !important;}&#8221;]<span style=\"color: #db0100;\">Bono negociable del 30%<\/span>[\/vc_column_text][vc_column_text css=&#8221;.vc_custom_1708947329603{padding-right: 20px !important;padding-left: 20px !important;}&#8221;]<span style=\"color: #000;\">Xtreme Markets le ofrece el concurso IB &#8220;Todos ganan&#8221;: desarrolle su negocio y disfrute de su estad\u00eda en Dub\u00e1i. Ver m\u00e1s<\/span>[\/vc_column_text][vc_btn title=&#8221;Leer m\u00e1s&#8221; shape=&#8221;round&#8221; color=&#8221;danger&#8221; el_class=&#8221;blog-btn-ann&#8221; css=&#8221;.vc_custom_1700557417250{margin-left: 20px !important;border-radius: 30px !important;}&#8221; link=&#8221;url:https%3A%2F%2Fwww.xtreamforex.com%2F30-tradable-bonus%2F||target:%20_blank|&#8221;][\/vc_column][\/vc_row]<\/p>\n","protected":false},"excerpt":{"rendered":"<p>[vc_row full_width=&#8221;stretch_row&#8221; content_placement=&#8221;middle&#8221; css=&#8221;.vc_custom_1698319675499{margin-top: 0px !important;margin-bottom: 0px !important;padding-top: 50px !important;padding-bottom: 30px !important;background-image: url(https:\/\/www.xtrememarkets.com\/ID\/wp-content\/uploads\/2023\/10\/Our-announcements_banner.webp?id=24105) !important;background-position: center !important;background-repeat: no-repeat !important;background-size: cover !important;}&#8221;][vc_column css=&#8221;.vc_custom_1698319593712{padding-top: 50px !important;padding-bottom: 50px !important;background-position: center !important;background-repeat: no-repeat !important;background-size: cover !important;}&#8221;][vc_column_text css=&#8221;.vc_custom_1700557112669{padding-top: 20px !important;padding-bottom: 20px !important;}&#8221;] nuestros anuncios [\/vc_column_text][\/vc_column][\/vc_row][vc_row full_width=&#8221;stretch_row&#8221; css=&#8221;.vc_custom_1698995582821{margin-top: 0px !important;padding-bottom: 50px !important;background-image: url(https:\/\/www.xtrememarkets.com\/ID\/wp-content\/uploads\/2022\/11\/bg-1-min.jpg?id=15703) !important;background-position: center !important;background-repeat: no-repeat !important;background-size: cover !important;}&#8221;][vc_column][vc_row_inner][vc_column_inner width=&#8221;1\/6&#8243;][\/vc_column_inner][vc_column_inner width=&#8221;2\/3&#8243;][vc_custom_heading<\/p>\n... <a href=\"https:\/\/www.xtrememarkets.com\/ID\/es\/announcements-spanish\/\">continue reading<\/a>.","protected":false},"author":1,"featured_media":0,"parent":0,"menu_order":0,"comment_status":"closed","ping_status":"closed","template":"","meta":[],"yoast_head":"<!-- This site is optimized with the Yoast SEO Premium plugin v16.1 - https:\/\/yoast.com\/wordpress\/plugins\/seo\/ -->\r\n<title>Upcoming Announcements of Trading Products by Xtreamforex<\/title>\r\n<meta name=\"description\" content=\"Get the latest updates about the world of trading with Xtreamforex\u2019s announcements page &amp; stay updated with every major event &amp; currency news.\" \/>\r\n<link rel=\"canonical\" href=\"https:\/\/www.xtrememarkets.com\/ID\/es\/announcements-spanish\/\" \/>\r\n<meta property=\"og:locale\" content=\"en_US\" \/>\r\n<meta property=\"og:type\" content=\"article\" \/>\r\n<meta property=\"og:title\" content=\"Upcoming Announcements of Trading Products by Xtreamforex\" \/>\r\n<meta property=\"og:description\" content=\"Get the latest updates about the world of trading with Xtreamforex\u2019s announcements page &amp; stay updated with every major event &amp; currency news.\" \/>\r\n<meta property=\"og:url\" content=\"https:\/\/www.xtrememarkets.com\/ID\/es\/announcements-spanish\/\" \/>\r\n<meta property=\"og:site_name\" content=\"Xtreme Markets\" \/>\r\n<meta property=\"article:publisher\" content=\"https:\/\/www.facebook.com\/xtreamforex.official\/\" \/>\r\n<meta property=\"article:modified_time\" content=\"2024-02-26T11:35:56+00:00\" \/>\r\n<meta property=\"og:image\" content=\"https:\/\/www.xtrememarkets.com\/wp-content\/uploads\/2023\/07\/link-banner.jpg\" \/>\r\n<meta name=\"twitter:card\" content=\"summary_large_image\" \/>\r\n<meta name=\"twitter:site\" content=\"@xtreamforex\" \/>\r\n<meta name=\"twitter:label1\" content=\"Est. reading time\">\n\t<meta name=\"twitter:data1\" content=\"6 minutes\">\r\n<script type=\"application\/ld+json\" class=\"yoast-schema-graph\">{\"@context\":\"https:\/\/schema.org\",\"@graph\":[{\"@type\":[\"Organization\",\"Place\"],\"@id\":\"https:\/\/www.xtrememarkets.com\/ID\/#organization\",\"name\":\"Xtreamforex\",\"url\":\"https:\/\/www.xtrememarkets.com\/ID\/\",\"sameAs\":[\"https:\/\/www.facebook.com\/xtreamforex.official\/\",\"https:\/\/www.instagram.com\/xtreamforex.official\/\",\"https:\/\/in.linkedin.com\/company\/xtream-forex\",\"https:\/\/www.youtube.com\/channel\/UCbbTuJV9XhurjZciRLdvFBg\",\"https:\/\/www.pinterest.com\/xtreamforex_trading\/\",\"https:\/\/twitter.com\/xtreamforex\"],\"logo\":{\"@id\":\"https:\/\/www.xtrememarkets.com\/ID\/es\/announcements-spanish\/#local-main-organization-logo\"},\"image\":{\"@id\":\"https:\/\/www.xtrememarkets.com\/ID\/es\/announcements-spanish\/#local-main-organization-logo\"},\"openingHoursSpecification\":[{\"@type\":\"OpeningHoursSpecification\",\"dayOfWeek\":[\"Monday\",\"Tuesday\",\"Wednesday\",\"Thursday\",\"Friday\",\"Saturday\",\"Sunday\"],\"opens\":\"09:00\",\"closes\":\"17:00\"}]},{\"@type\":\"WebSite\",\"@id\":\"https:\/\/www.xtrememarkets.com\/ID\/#website\",\"url\":\"https:\/\/www.xtrememarkets.com\/ID\/\",\"name\":\"Xtreme Markets\",\"description\":\"\",\"publisher\":{\"@id\":\"https:\/\/www.xtrememarkets.com\/ID\/#organization\"},\"potentialAction\":[{\"@type\":\"SearchAction\",\"target\":\"https:\/\/www.xtrememarkets.com\/ID\/?s={search_term_string}\",\"query-input\":\"required name=search_term_string\"}],\"inLanguage\":\"en-US\"},{\"@type\":\"ImageObject\",\"@id\":\"https:\/\/www.xtrememarkets.com\/ID\/es\/announcements-spanish\/#primaryimage\",\"inLanguage\":\"en-US\",\"url\":\"\",\"contentUrl\":\"\"},{\"@type\":\"WebPage\",\"@id\":\"https:\/\/www.xtrememarkets.com\/ID\/es\/announcements-spanish\/#webpage\",\"url\":\"https:\/\/www.xtrememarkets.com\/ID\/es\/announcements-spanish\/\",\"name\":\"Upcoming Announcements of Trading Products by Xtreamforex\",\"isPartOf\":{\"@id\":\"https:\/\/www.xtrememarkets.com\/ID\/#website\"},\"primaryImageOfPage\":{\"@id\":\"https:\/\/www.xtrememarkets.com\/ID\/es\/announcements-spanish\/#primaryimage\"},\"datePublished\":\"2021-01-29T07:19:36+00:00\",\"dateModified\":\"2024-02-26T11:35:56+00:00\",\"description\":\"Get the latest updates about the world of trading with Xtreamforex\\u2019s announcements page & stay updated with every major event & currency news.\",\"breadcrumb\":{\"@id\":\"https:\/\/www.xtrememarkets.com\/ID\/es\/announcements-spanish\/#breadcrumb\"},\"inLanguage\":\"en-US\",\"potentialAction\":[{\"@type\":\"ReadAction\",\"target\":[\"https:\/\/www.xtrememarkets.com\/ID\/es\/announcements-spanish\/\"]}]},{\"@type\":\"BreadcrumbList\",\"@id\":\"https:\/\/www.xtrememarkets.com\/ID\/es\/announcements-spanish\/#breadcrumb\",\"itemListElement\":[{\"@type\":\"ListItem\",\"position\":1,\"item\":{\"@type\":\"WebPage\",\"@id\":\"https:\/\/www.xtrememarkets.com\/\",\"url\":\"https:\/\/www.xtrememarkets.com\/\",\"name\":\"Home\"}},{\"@type\":\"ListItem\",\"position\":2,\"item\":{\"@type\":\"WebPage\",\"@id\":\"https:\/\/www.xtrememarkets.com\/ID\/es\/announcements-spanish\/\",\"url\":\"https:\/\/www.xtrememarkets.com\/ID\/es\/announcements-spanish\/\",\"name\":\"Announcements\"}}]},{\"@type\":\"ImageObject\",\"@id\":\"https:\/\/www.xtrememarkets.com\/ID\/es\/announcements-spanish\/#local-main-organization-logo\",\"inLanguage\":\"en-US\",\"url\":\"https:\/\/www.xtrememarkets.com\/ID\/wp-content\/uploads\/2024\/02\/image_2024_02_23T12_39_46_331Z.png\",\"contentUrl\":\"https:\/\/www.xtrememarkets.com\/ID\/wp-content\/uploads\/2024\/02\/image_2024_02_23T12_39_46_331Z.png\",\"width\":800,\"height\":500,\"caption\":\"Xtreamforex\"}]}<\/script>\r\n<!-- \/ Yoast SEO Premium plugin. -->","_links":{"self":[{"href":"https:\/\/www.xtrememarkets.com\/ID\/wp-json\/wp\/v2\/pages\/24905"}],"collection":[{"href":"https:\/\/www.xtrememarkets.com\/ID\/wp-json\/wp\/v2\/pages"}],"about":[{"href":"https:\/\/www.xtrememarkets.com\/ID\/wp-json\/wp\/v2\/types\/page"}],"author":[{"embeddable":true,"href":"https:\/\/www.xtrememarkets.com\/ID\/wp-json\/wp\/v2\/users\/1"}],"replies":[{"embeddable":true,"href":"https:\/\/www.xtrememarkets.com\/ID\/wp-json\/wp\/v2\/comments?post=24905"}],"version-history":[{"count":4,"href":"https:\/\/www.xtrememarkets.com\/ID\/wp-json\/wp\/v2\/pages\/24905\/revisions"}],"predecessor-version":[{"id":26753,"href":"https:\/\/www.xtrememarkets.com\/ID\/wp-json\/wp\/v2\/pages\/24905\/revisions\/26753"}],"wp:attachment":[{"href":"https:\/\/www.xtrememarkets.com\/ID\/wp-json\/wp\/v2\/media?parent=24905"}],"curies":[{"name":"wp","href":"https:\/\/api.w.org\/{rel}","templated":true}]}}