{"id":24900,"date":"2021-01-28T04:20:30","date_gmt":"2021-01-28T04:20:30","guid":{"rendered":"https:\/\/www.xtreamforex.com\/?page_id=24900"},"modified":"2024-02-26T11:30:59","modified_gmt":"2024-02-26T11:30:59","slug":"company-profile-spanish","status":"publish","type":"page","link":"https:\/\/www.xtrememarkets.com\/ID\/es\/company-profile-spanish\/","title":{"rendered":"Company Profile"},"content":{"rendered":"<p>[vc_row full_width=&#8221;stretch_row&#8221; content_placement=&#8221;middle&#8221; css=&#8221;.vc_custom_1698318677675{position:relative !important; z-index:-111 !important; padding-top: 50px !important;padding-bottom: 50px !important;background-image: url(https:\/\/www.xtrememarkets.com\/ID\/wp-content\/uploads\/2023\/10\/Company_profile_banner.webp?id=24090) !important;background-position: center !important;background-repeat: no-repeat !important;background-size: cover !important;}&#8221;][vc_column][vc_row_inner][vc_column_inner][vc_column_text css=&#8221;.vc_custom_1698317686242{padding-top: 20px !important;padding-bottom: 20px !important;}&#8221;]<\/p>\n<p class=\"upper-head-para\" style=\"color: #db0100; font-weight: 900;\">Perfil de <span style=\"color: #fff;\">la empresa<\/span><\/p>\n<p>[\/vc_column_text][\/vc_column_inner][\/vc_row_inner][\/vc_column][\/vc_row][vc_row full_width=&#8221;stretch_row&#8221; css=&#8221;.vc_custom_1684318324649{background-color: #000000 !important;background-position: center !important;background-repeat: no-repeat !important;background-size: cover !important;}&#8221;][vc_column][vc_row_inner][vc_column_inner][vc_raw_html css=&#8221;.vc_custom_1700556010635{margin-top: 50px !important;margin-bottom: 100px !important;padding-bottom: 100px !important;}&#8221;]JTNDZGl2JTIwc3R5bGUlM0QlMjJ3aWR0aCUzQTEwMCUyNSUzQiUyMiUzRSUwQSUwQSUzQ2RpdiUyMGNsYXNzJTNEJTIyZGl2XzIwd2lkdGglMjIlM0UlMEElM0NwJTNFb3ZlciUzQyUyRnAlM0UlMEElM0NoMiUzRTIuMU0lM0MlMkZoMiUzRSUwQSUzQ3AlM0VDdWVudGFzJTIwcmVnaXN0cmFkYXMlM0MlMkZwJTNFJTBBJTNDJTJGZGl2JTNFJTBBJTBBJTNDZGl2JTIwY2xhc3MlM0QlMjJkaXZfMjB3aWR0aCUyMiUzRSUwQSUzQ3AlM0VvdmVyJTNDJTJGcCUzRSUwQSUzQ2gyJTNFOCUzQyUyRmgyJTNFJTBBJTNDcCUzRWElQzMlQjFvJTIwZW4lMjBlbCUyMG5lZ29jaW8lM0MlMkZwJTNFJTBBJTNDJTJGZGl2JTNFJTBBJTBBJTNDZGl2JTIwY2xhc3MlM0QlMjJkaXZfMjB3aWR0aCUyMiUzRSUwQSUzQ3AlM0VvdmVyJTNDJTJGcCUzRSUwQSUzQ2gyJTNFMjUlM0MlMkZoMiUzRSUwQSUzQ3AlM0VQcmVtaW9zJTIwZGUlMjBsYSUyMGluZHVzdHJpYSUzQyUyRnAlM0UlMEElM0MlMkZkaXYlM0UlMEElMEElM0NkaXYlMjBjbGFzcyUzRCUyMmRpdl8yMHdpZHRoJTIyJTNFJTBBJTNDcCUzRW92ZXIlM0MlMkZwJTNFJTBBJTNDaDIlM0UxNTAlM0MlMkZoMiUzRSUwQSUzQ3AlM0VJTlNUUlVNRU5UT1MlMjBDT01FUkNJQUxFUyUzQyUyRnAlM0UlMEElM0MlMkZkaXYlM0UlMEElMEElM0NkaXYlMjBjbGFzcyUzRCUyMmRpdl8yMHdpZHRoJTIyJTNFJTBBJTNDcCUzRW92ZXIlM0MlMkZwJTNFJTBBJTNDaDIlM0UxNjAlM0MlMkZoMiUzRSUwQSUzQ3AlM0VlbXBsZWFkb3MlMjBlbiUyMHRvZG8lMjBlbCUyMG11bmRvJTNDJTJGcCUzRSUwQSUzQyUyRmRpdiUzRSUwQSUwQSUzQyUyRmRpdiUzRQ==[\/vc_raw_html][\/vc_column_inner][\/vc_row_inner][\/vc_column][vc_column][\/vc_column][\/vc_row][vc_row full_width=&#8221;stretch_row&#8221; css=&#8221;.vc_custom_1684318363056{background-color: #000000 !important;background-position: center !important;background-repeat: no-repeat !important;background-size: cover !important;}&#8221;][vc_column el_class=&#8221;about_sec_CP&#8221;][vc_row_inner][vc_column_inner][vc_custom_heading text=&#8221;SOBRE Xtreme Markets&#8221; font_container=&#8221;tag:h6|text_align:left|color:%23ffffff&#8221;][vc_column_text]<\/p>\n<p style=\"color: #afafaf; font-size: 14px; text-align: left; font-weight: lighter; margin-top: 20px; line-height: 1.7;\">Xtreme Markets es el broker ECN de crecimiento m\u00e1s r\u00e1pido gestionado por Xtreme Markets Ltd. Estamos registrados y regulados en las islas Marshall. Xtreme Markets proporciona servicios de trading de Forex, commodities, \u00edndices, acciones y criptodivisas.<\/p>\n<p>[\/vc_column_text][vc_custom_heading text=&#8221;Descubra un trading superior&#8221; font_container=&#8221;tag:h6|text_align:left|color:%23db0100&#8243;][vc_column_text]<\/p>\n<p style=\"text-align: left; color: #afafaf; font-size: 14px; font-weight: lighter; margin-top: 20px; line-height: 1.7;\">Con las mejores condiciones de trading posibles, le ofrecemos una selecci\u00f3n de tipos de cuentas, plataformas y dispositivos sin rival que los clientes pueden seleccionar para adaptarse a una experiencia de trading c\u00f3moda y eficiente.<\/p>\n<p>[\/vc_column_text][\/vc_column_inner][\/vc_row_inner][vc_row_inner css=&#8221;.vc_custom_1611810278340{margin-top: 50px !important;}&#8221;][vc_column_inner width=&#8221;1\/2&#8243; el_id=&#8221;prsn_img&#8221;][vc_single_image image=&#8221;19793&#8243; img_size=&#8221;large&#8221;][\/vc_column_inner][vc_column_inner el_class=&#8221;text_right_CP&#8221; width=&#8221;1\/2&#8243;][vc_column_text]<\/p>\n<p style=\"color: #db0100; font-size: 15px; margin: 50px 0px 5px 0px;\">Perfil de la empresa<\/p>\n<h4 style=\"color: #fff; font-weight: bold; letter-spacing: 1px; font-size: 30px;\">MISI\u00d3N Y VISI\u00d3N<\/h4>\n<p style=\"color: #afafaf; font-size: 15px; margin-top: 25px; line-height: 2; text-align: justify;\">Aspiramos a ser el proveedor de servicios de Forex l\u00edder para traders de Forex en todo el mundo. El broker ideal es el sue\u00f1o de todos los clientes, que pueda gestionar el dinero que han ganado con esfuerzo. Xtreme Markets se centra en proporcionar mejor asesoramiento para transformar sus esfuerzos en beneficios. Tenemos un grupo de maestros excepcional que ofrece excelentes servicios con experiencia productiva. Estamos abriendo camino hacia un futuro exitoso, brillante y seguro para nuestra empresa y estamos verdaderamente comprometidos en el desarrollo de relaciones a largo plazo con nuestros clientes.<\/p>\n<p>[\/vc_column_text][\/vc_column_inner][\/vc_row_inner][vc_row_inner css=&#8221;.vc_custom_1611810927185{margin-top: 50px !important;}&#8221;][vc_column_inner][vc_custom_heading text=&#8221;SPREADS AJUSTADOS COMPETITIVOS&#8221; font_container=&#8221;tag:h6|text_align:left|color:%23ffffff&#8221;][vc_column_text]<\/p>\n<p style=\"text-align: left; font-size: 14px; color: #afafaf; margin-top: 15px; line-height: 1.7;\">Xtreme Markets ofrece los precios m\u00e1s competitivos del mercado. Su orden pasar\u00e1 directamente a nuestros proveedores de liquidez; por lo tanto, no hay intervenci\u00f3n de ninguna mesa de operaciones.<\/p>\n<p>[\/vc_column_text][\/vc_column_inner][\/vc_row_inner][\/vc_column][\/vc_row][vc_row full_width=&#8221;stretch_row&#8221; css=&#8221;.vc_custom_1684321101708{background-color: #000000 !important;}&#8221;][vc_column][vc_row_inner][vc_column_inner width=&#8221;1\/2&#8243;][vc_column_text]<\/p>\n<p style=\"text-align: left;\"><span style=\"color: #ffffff;\">V\u00eddeo corporativo oficial de Xtreme Markets<\/span><\/p>\n<p>[\/vc_column_text][vc_raw_html]JTNDZGl2JTIwY2xhc3MlM0QlMjJ2aWRfb3V0ZXIlMjIlM0UlMEElM0N2aWRlbyUyMGNvbnRyb2xzJTIwc3R5bGUlM0QlMjJ3aWR0aCUzQSUyMDEwMCUyNSUzQiUyMiUyMHBvc3RlciUzRCUyMiUyRndwLWNvbnRlbnQlMkZ1cGxvYWRzJTJGMjAyMyUyRjA1JTJGMi00LTIucG5nJTIyJTNFJTA5JTIwJTBBJTNDc291cmNlJTIwc3JjJTNEJTIyJTJGd3AtY29udGVudCUyRnVwbG9hZHMlMkYyMDIzJTJGMDUlMkZYdHJlYW1mb3JleCUyMG9mZmljaWFsJTIwY29wb3JhdGUlMjB2aWRlby5tcDQlMjIlMjB0eXBlJTNEJTIydmlkZW8lMkZtcDQlMjIlM0UlMEElM0MlMkZ2aWRlbyUzRSUwQSUzQyUyRmRpdiUzRQ==[\/vc_raw_html][\/vc_column_inner][vc_column_inner width=&#8221;1\/2&#8243;][vc_column_text]<\/p>\n<p style=\"text-align: left;\"><span style=\"color: #ffffff;\">Siempre a tu lado<\/span><\/p>\n<p>[\/vc_column_text][vc_raw_html]JTNDZGl2JTIwY2xhc3MlM0QlMjJ2aWRfb3V0ZXIlMjIlM0UlMEElM0N2aWRlbyUyMGNvbnRyb2xzJTIwc3R5bGUlM0QlMjJ3aWR0aCUzQSUyMDEwMCUyNSUzQiUyMiUyMHBvc3RlciUzRCUyMmh0dHBzJTNBJTJGd3AtY29udGVudCUyRnVwbG9hZHMlMkYyMDIzJTJGMDUlMkYxLTEtMS5wbmclMjIlM0UlMDklMjAlMEElM0Nzb3VyY2UlMjBzcmMlM0QlMjIlMkZ3cC1jb250ZW50JTJGdXBsb2FkcyUyRjIwMjMlMkYwNSUyRkFsd2F5cyUyMGJ5JTIweW91ciUyMHNpZGUubXA0JTIyJTIwdHlwZSUzRCUyMnZpZGVvJTJGbXA0JTIyJTNFJTBBJTNDJTJGdmlkZW8lM0UlMEElM0MlMkZkaXYlM0U=[\/vc_raw_html][\/vc_column_inner][\/vc_row_inner][\/vc_column][\/vc_row][vc_row full_width=&#8221;stretch_row&#8221; css=&#8221;.vc_custom_1684320735924{background-color: #000000 !important;background-position: center !important;background-repeat: no-repeat !important;background-size: cover !important;}&#8221;][vc_column][vc_custom_heading text=&#8221;POR QU\u00c9 ELEGIR Xtreme Markets&#8221; font_container=&#8221;tag:h6|text_align:left|color:%23ffffff&#8221; el_id=&#8221;why_choose_H&#8221;][vc_empty_space][vc_row_inner el_id=&#8221;two_lists_sec&#8221;][vc_column_inner width=&#8221;1\/2&#8243; el_id=&#8221;col_red_arrow&#8221;][vc_column_text el_class=&#8221;red_arrow_ul&#8221;]<\/p>\n<ul>\n<li><span style=\"color: #dddddd; font-size: 14px; font-weight: lighter;\">Liquidez profunda de proveedores de liquidez de primer nivel<\/span><\/li>\n<li><span style=\"color: #dddddd; font-size: 14px; font-weight: lighter;\">Opere con precios competitivos (raw o con margen) directamente de nuestros proveedores de liquidez<\/span><\/li>\n<li><span style=\"color: #dddddd; font-size: 14px; font-weight: lighter;\">Calidad superior en la ejecuci\u00f3n de \u00f3rdenes<\/span><\/li>\n<li><span style=\"color: #dddddd; font-size: 14px; font-weight: lighter;\">Niveles de stop\/l\u00edmite muy ajustados<\/span><\/li>\n<li><span style=\"color: #dddddd; font-size: 14px; font-weight: lighter;\">Seguridad de los fondos de los clientes<\/span><\/li>\n<\/ul>\n<p>[\/vc_column_text][\/vc_column_inner][vc_column_inner width=&#8221;1\/2&#8243; el_id=&#8221;col_red_arrow&#8221;][vc_column_text el_class=&#8221;red_arrow_ul&#8221;]<\/p>\n<ul>\n<li><span style=\"color: #dddddd; font-size: 14px; font-weight: lighter;\">Dep\u00f3sitos y retiros m\u00e1s r\u00e1pidos<\/span><\/li>\n<li><span style=\"color: #dddddd; font-size: 14px; font-weight: lighter;\">Servicio de atenci\u00f3n al cliente excepcional<\/span><\/li>\n<li><span style=\"color: #dddddd; font-size: 14px; font-weight: lighter;\">El paquete de productos de trading de Forex m\u00e1s amplio<\/span><\/li>\n<li><span style=\"color: #dddddd; font-size: 14px; font-weight: lighter;\">Las mejores condiciones de trading de Forex<\/span><\/li>\n<li><span style=\"color: #dddddd; font-size: 14px; font-weight: lighter;\">Protecci\u00f3n frente a saldo negativo<\/span><\/li>\n<\/ul>\n<p>[\/vc_column_text][\/vc_column_inner][\/vc_row_inner][\/vc_column][\/vc_row][vc_row full_width=&#8221;stretch_row_content&#8221; css=&#8221;.vc_custom_1684320698736{background-color: #000000 !important;}&#8221;][vc_column width=&#8221;1\/6&#8243;][\/vc_column][vc_column width=&#8221;2\/3&#8243;][vc_row_inner][vc_column_inner width=&#8221;5\/12&#8243;][vc_btn title=&#8221;Abierto en vivo Cuenta&#8221; style=&#8221;custom&#8221; custom_background=&#8221;#000000&#8243; custom_text=&#8221;#ffffff&#8221; shape=&#8221;square&#8221; align=&#8221;center&#8221; link=&#8221;url:https%3A%2F%2Fmy.xtreamforex.com%2FAccount%2FRegister.php|||&#8221; el_class=&#8221;white_border black_btn&#8221;][\/vc_column_inner][vc_column_inner width=&#8221;1\/6&#8243;][vc_column_text]<\/p>\n<p style=\"text-align: center;\"><span style=\"color: #ffffff;\">O<\/span><\/p>\n<p>[\/vc_column_text][\/vc_column_inner][vc_column_inner width=&#8221;5\/12&#8243;][vc_btn title=&#8221;Abrir cuenta demo&#8221; style=&#8221;custom&#8221; custom_background=&#8221;#000000&#8243; custom_text=&#8221;#ffffff&#8221; shape=&#8221;square&#8221; align=&#8221;center&#8221; link=&#8221;url:https%3A%2F%2Fmy.xtreamforex.com%2FAccount%2FRegister.php||target:%20_blank|&#8221; el_class=&#8221;white_border black_btn&#8221;][\/vc_column_inner][\/vc_row_inner][\/vc_column][vc_column width=&#8221;1\/6&#8243;][\/vc_column][\/vc_row][vc_row][vc_column][\/vc_column][\/vc_row]<\/p>\n","protected":false},"excerpt":{"rendered":"<p>[vc_row full_width=&#8221;stretch_row&#8221; content_placement=&#8221;middle&#8221; css=&#8221;.vc_custom_1698318677675{position:relative !important; z-index:-111 !important; padding-top: 50px !important;padding-bottom: 50px !important;background-image: url(https:\/\/www.xtrememarkets.com\/ID\/wp-content\/uploads\/2023\/10\/Company_profile_banner.webp?id=24090) !important;background-position: center !important;background-repeat: no-repeat !important;background-size: cover !important;}&#8221;][vc_column][vc_row_inner][vc_column_inner][vc_column_text css=&#8221;.vc_custom_1698317686242{padding-top: 20px !important;padding-bottom: 20px !important;}&#8221;] Perfil de la empresa [\/vc_column_text][\/vc_column_inner][\/vc_row_inner][\/vc_column][\/vc_row][vc_row full_width=&#8221;stretch_row&#8221; css=&#8221;.vc_custom_1684318324649{background-color: #000000 !important;background-position: center !important;background-repeat: no-repeat !important;background-size: cover !important;}&#8221;][vc_column][vc_row_inner][vc_column_inner][vc_raw_html css=&#8221;.vc_custom_1700556010635{margin-top: 50px !important;margin-bottom: 100px !important;padding-bottom: 100px !important;}&#8221;]JTNDZGl2JTIwc3R5bGUlM0QlMjJ3aWR0aCUzQTEwMCUyNSUzQiUyMiUzRSUwQSUwQSUzQ2RpdiUyMGNsYXNzJTNEJTIyZGl2XzIwd2lkdGglMjIlM0UlMEElM0NwJTNFb3ZlciUzQyUyRnAlM0UlMEElM0NoMiUzRTIuMU0lM0MlMkZoMiUzRSUwQSUzQ3AlM0VDdWVudGFzJTIwcmVnaXN0cmFkYXMlM0MlMkZwJTNFJTBBJTNDJTJGZGl2JTNFJTBBJTBBJTNDZGl2JTIwY2xhc3MlM0QlMjJkaXZfMjB3aWR0aCUyMiUzRSUwQSUzQ3AlM0VvdmVyJTNDJTJGcCUzRSUwQSUzQ2gyJTNFOCUzQyUyRmgyJTNFJTBBJTNDcCUzRWElQzMlQjFvJTIwZW4lMjBlbCUyMG5lZ29jaW8lM0MlMkZwJTNFJTBBJTNDJTJGZGl2JTNFJTBBJTBBJTNDZGl2JTIwY2xhc3MlM0QlMjJkaXZfMjB3aWR0aCUyMiUzRSUwQSUzQ3AlM0VvdmVyJTNDJTJGcCUzRSUwQSUzQ2gyJTNFMjUlM0MlMkZoMiUzRSUwQSUzQ3AlM0VQcmVtaW9zJTIwZGUlMjBsYSUyMGluZHVzdHJpYSUzQyUyRnAlM0UlMEElM0MlMkZkaXYlM0UlMEElMEElM0NkaXYlMjBjbGFzcyUzRCUyMmRpdl8yMHdpZHRoJTIyJTNFJTBBJTNDcCUzRW92ZXIlM0MlMkZwJTNFJTBBJTNDaDIlM0UxNTAlM0MlMkZoMiUzRSUwQSUzQ3AlM0VJTlNUUlVNRU5UT1MlMjBDT01FUkNJQUxFUyUzQyUyRnAlM0UlMEElM0MlMkZkaXYlM0UlMEElMEElM0NkaXYlMjBjbGFzcyUzRCUyMmRpdl8yMHdpZHRoJTIyJTNFJTBBJTNDcCUzRW92ZXIlM0MlMkZwJTNFJTBBJTNDaDIlM0UxNjAlM0MlMkZoMiUzRSUwQSUzQ3AlM0VlbXBsZWFkb3MlMjBlbiUyMHRvZG8lMjBlbCUyMG11bmRvJTNDJTJGcCUzRSUwQSUzQyUyRmRpdiUzRSUwQSUwQSUzQyUyRmRpdiUzRQ==[\/vc_raw_html][\/vc_column_inner][\/vc_row_inner][\/vc_column][vc_column][\/vc_column][\/vc_row][vc_row full_width=&#8221;stretch_row&#8221; css=&#8221;.vc_custom_1684318363056{background-color: #000000 !important;background-position: center !important;background-repeat: no-repeat !important;background-size:<\/p>\n... <a href=\"https:\/\/www.xtrememarkets.com\/ID\/es\/company-profile-spanish\/\">continue reading<\/a>.","protected":false},"author":1,"featured_media":0,"parent":0,"menu_order":0,"comment_status":"closed","ping_status":"closed","template":"","meta":[],"yoast_head":"<!-- This site is optimized with the Yoast SEO Premium plugin v16.1 - https:\/\/yoast.com\/wordpress\/plugins\/seo\/ -->\r\n<title>Best Share &amp; Forex Trading Company in world - Xtreamforex<\/title>\r\n<meta name=\"description\" content=\"We are the best share &amp; forex trading company in the world with thousands of satisfied clients that generated easy positive cash flow in their trading accounts.\" \/>\r\n<link rel=\"canonical\" href=\"https:\/\/www.xtrememarkets.com\/ID\/es\/company-profile-spanish\/\" \/>\r\n<meta property=\"og:locale\" content=\"en_US\" \/>\r\n<meta property=\"og:type\" content=\"article\" \/>\r\n<meta property=\"og:title\" content=\"Best Share &amp; Forex Trading Company in world - Xtreamforex\" \/>\r\n<meta property=\"og:description\" content=\"We are the best share &amp; forex trading company in the world with thousands of satisfied clients that generated easy positive cash flow in their trading accounts.\" \/>\r\n<meta property=\"og:url\" content=\"https:\/\/www.xtrememarkets.com\/ID\/es\/company-profile-spanish\/\" \/>\r\n<meta property=\"og:site_name\" content=\"Xtreme Markets\" \/>\r\n<meta property=\"article:publisher\" content=\"https:\/\/www.facebook.com\/xtreamforex.official\/\" \/>\r\n<meta property=\"article:modified_time\" content=\"2024-02-26T11:30:59+00:00\" \/>\r\n<meta property=\"og:image\" content=\"https:\/\/www.xtrememarkets.com\/wp-content\/uploads\/2023\/07\/link-banner.jpg\" \/>\r\n<meta name=\"twitter:card\" content=\"summary_large_image\" \/>\r\n<meta name=\"twitter:site\" content=\"@xtreamforex\" \/>\r\n<meta name=\"twitter:label1\" content=\"Est. reading time\">\n\t<meta name=\"twitter:data1\" content=\"6 minutes\">\r\n<script type=\"application\/ld+json\" class=\"yoast-schema-graph\">{\"@context\":\"https:\/\/schema.org\",\"@graph\":[{\"@type\":[\"Organization\",\"Place\"],\"@id\":\"https:\/\/www.xtrememarkets.com\/ID\/#organization\",\"name\":\"Xtreamforex\",\"url\":\"https:\/\/www.xtrememarkets.com\/ID\/\",\"sameAs\":[\"https:\/\/www.facebook.com\/xtreamforex.official\/\",\"https:\/\/www.instagram.com\/xtreamforex.official\/\",\"https:\/\/in.linkedin.com\/company\/xtream-forex\",\"https:\/\/www.youtube.com\/channel\/UCbbTuJV9XhurjZciRLdvFBg\",\"https:\/\/www.pinterest.com\/xtreamforex_trading\/\",\"https:\/\/twitter.com\/xtreamforex\"],\"logo\":{\"@id\":\"https:\/\/www.xtrememarkets.com\/ID\/es\/company-profile-spanish\/#local-main-organization-logo\"},\"image\":{\"@id\":\"https:\/\/www.xtrememarkets.com\/ID\/es\/company-profile-spanish\/#local-main-organization-logo\"},\"openingHoursSpecification\":[{\"@type\":\"OpeningHoursSpecification\",\"dayOfWeek\":[\"Monday\",\"Tuesday\",\"Wednesday\",\"Thursday\",\"Friday\",\"Saturday\",\"Sunday\"],\"opens\":\"09:00\",\"closes\":\"17:00\"}]},{\"@type\":\"WebSite\",\"@id\":\"https:\/\/www.xtrememarkets.com\/ID\/#website\",\"url\":\"https:\/\/www.xtrememarkets.com\/ID\/\",\"name\":\"Xtreme Markets\",\"description\":\"\",\"publisher\":{\"@id\":\"https:\/\/www.xtrememarkets.com\/ID\/#organization\"},\"potentialAction\":[{\"@type\":\"SearchAction\",\"target\":\"https:\/\/www.xtrememarkets.com\/ID\/?s={search_term_string}\",\"query-input\":\"required name=search_term_string\"}],\"inLanguage\":\"en-US\"},{\"@type\":\"ImageObject\",\"@id\":\"https:\/\/www.xtrememarkets.com\/ID\/es\/company-profile-spanish\/#primaryimage\",\"inLanguage\":\"en-US\",\"url\":\"\",\"contentUrl\":\"\"},{\"@type\":\"WebPage\",\"@id\":\"https:\/\/www.xtrememarkets.com\/ID\/es\/company-profile-spanish\/#webpage\",\"url\":\"https:\/\/www.xtrememarkets.com\/ID\/es\/company-profile-spanish\/\",\"name\":\"Best Share & Forex Trading Company in world - Xtreamforex\",\"isPartOf\":{\"@id\":\"https:\/\/www.xtrememarkets.com\/ID\/#website\"},\"primaryImageOfPage\":{\"@id\":\"https:\/\/www.xtrememarkets.com\/ID\/es\/company-profile-spanish\/#primaryimage\"},\"datePublished\":\"2021-01-28T04:20:30+00:00\",\"dateModified\":\"2024-02-26T11:30:59+00:00\",\"description\":\"We are the best share & forex trading company in the world with thousands of satisfied clients that generated easy positive cash flow in their trading accounts.\",\"breadcrumb\":{\"@id\":\"https:\/\/www.xtrememarkets.com\/ID\/es\/company-profile-spanish\/#breadcrumb\"},\"inLanguage\":\"en-US\",\"potentialAction\":[{\"@type\":\"ReadAction\",\"target\":[\"https:\/\/www.xtrememarkets.com\/ID\/es\/company-profile-spanish\/\"]}]},{\"@type\":\"BreadcrumbList\",\"@id\":\"https:\/\/www.xtrememarkets.com\/ID\/es\/company-profile-spanish\/#breadcrumb\",\"itemListElement\":[{\"@type\":\"ListItem\",\"position\":1,\"item\":{\"@type\":\"WebPage\",\"@id\":\"https:\/\/www.xtrememarkets.com\/\",\"url\":\"https:\/\/www.xtrememarkets.com\/\",\"name\":\"Home\"}},{\"@type\":\"ListItem\",\"position\":2,\"item\":{\"@type\":\"WebPage\",\"@id\":\"https:\/\/www.xtrememarkets.com\/ID\/es\/company-profile-spanish\/\",\"url\":\"https:\/\/www.xtrememarkets.com\/ID\/es\/company-profile-spanish\/\",\"name\":\"Company Profile\"}}]},{\"@type\":\"ImageObject\",\"@id\":\"https:\/\/www.xtrememarkets.com\/ID\/es\/company-profile-spanish\/#local-main-organization-logo\",\"inLanguage\":\"en-US\",\"url\":\"https:\/\/www.xtrememarkets.com\/ID\/wp-content\/uploads\/2024\/02\/image_2024_02_23T12_39_46_331Z.png\",\"contentUrl\":\"https:\/\/www.xtrememarkets.com\/ID\/wp-content\/uploads\/2024\/02\/image_2024_02_23T12_39_46_331Z.png\",\"width\":800,\"height\":500,\"caption\":\"Xtreamforex\"}]}<\/script>\r\n<!-- \/ Yoast SEO Premium plugin. -->","_links":{"self":[{"href":"https:\/\/www.xtrememarkets.com\/ID\/wp-json\/wp\/v2\/pages\/24900"}],"collection":[{"href":"https:\/\/www.xtrememarkets.com\/ID\/wp-json\/wp\/v2\/pages"}],"about":[{"href":"https:\/\/www.xtrememarkets.com\/ID\/wp-json\/wp\/v2\/types\/page"}],"author":[{"embeddable":true,"href":"https:\/\/www.xtrememarkets.com\/ID\/wp-json\/wp\/v2\/users\/1"}],"replies":[{"embeddable":true,"href":"https:\/\/www.xtrememarkets.com\/ID\/wp-json\/wp\/v2\/comments?post=24900"}],"version-history":[{"count":7,"href":"https:\/\/www.xtrememarkets.com\/ID\/wp-json\/wp\/v2\/pages\/24900\/revisions"}],"predecessor-version":[{"id":26752,"href":"https:\/\/www.xtrememarkets.com\/ID\/wp-json\/wp\/v2\/pages\/24900\/revisions\/26752"}],"wp:attachment":[{"href":"https:\/\/www.xtrememarkets.com\/ID\/wp-json\/wp\/v2\/media?parent=24900"}],"curies":[{"name":"wp","href":"https:\/\/api.w.org\/{rel}","templated":true}]}}