{"id":24859,"date":"2020-05-15T11:33:38","date_gmt":"2020-05-15T11:33:38","guid":{"rendered":"https:\/\/www.xtreamforex.com\/?page_id=24859"},"modified":"2024-02-26T12:17:08","modified_gmt":"2024-02-26T12:17:08","slug":"micro-account-spanish","status":"publish","type":"page","link":"https:\/\/www.xtrememarkets.com\/ID\/es\/micro-account-spanish\/","title":{"rendered":"Open Micro Account with Best Forex Broker"},"content":{"rendered":"<p>[vc_row full_width=&#8221;stretch_row&#8221; css=&#8221;.vc_custom_1698749134039{margin-top: 0px !important;margin-bottom: 0px !important;padding-top: 70px !important;padding-bottom: 70px !important;background-image: url(https:\/\/www.xtrememarkets.com\/ID\/wp-content\/uploads\/2023\/10\/MICRO-ACCOUNT.png?id=24451) !important;background-position: center !important;background-repeat: no-repeat !important;background-size: cover !important;}&#8221;][vc_column][vc_column_text]<\/p>\n<p class=\"\" style=\"font-size: 50px; color: #db0100; font-weight: bold;\">CUENTA <span style=\"color: #fff;\">MICRO<\/span><\/p>\n<p>[\/vc_column_text][\/vc_column][\/vc_row][vc_row full_width=&#8221;stretch_row&#8221; css=&#8221;.vc_custom_1698749160907{margin-top: 0px !important;background-color: #000000 !important;}&#8221;][vc_column width=&#8221;1\/2&#8243; el_class=&#8221;micro_account_1sec&#8221;][vc_single_image image=&#8221;20986&#8243; img_size=&#8221;full&#8221; alignment=&#8221;center&#8221;][\/vc_column][vc_column width=&#8221;1\/2&#8243; css=&#8221;.vc_custom_1686979691723{padding-top: 10% !important;}&#8221; el_class=&#8221;micro_account_1sec&#8221;][vc_column_text css=&#8221;.vc_custom_1708949610141{padding-bottom: 6px !important;}&#8221;]<strong><span style=\"color: #db0100;\">XtremeMarkets<\/span><\/strong>[\/vc_column_text][vc_column_text css=&#8221;.vc_custom_1708949621820{margin-top: 5px !important;}&#8221;]<\/p>\n<h6 style=\"color: #ffffff; text-align: left; font-family: Abril Fatface; font-weight: 600; font-style: normal; font-size: 40px; margin-top: -20px; margin-bottom: 20px;\">CUENTA MICRO<\/h6>\n<p>[\/vc_column_text][vc_column_text]<\/p>\n<p style=\"text-align: justify;\"><span style=\"color: #afafaf; font-size: 14px;\">XtremeMarkets es uno de los brokers de trading de forex de m\u00e1s r\u00e1pido crecimiento l\u00edder en el mundo. Ofrecemos a nuestros clientes condiciones de trading en Forex atractivas y distintos tipos de cuentas de trading, una ejecuci\u00f3n de \u00f3rdenes r\u00e1pida y sin errores y las soluciones tecnol\u00f3gicas m\u00e1s avanzadas e innovadoras de la industria.<\/span><\/p>\n<p style=\"text-align: justify;\"><span style=\"color: #afafaf; font-size: 14px;\">Las cuentas de trading para forex de XtremeMarkets est\u00e1n dise\u00f1adas para traders con distintos niveles de experiencia y capacidades. Puede elegir el tipo de cuenta de trading que mejor se ajuste a su estilo de trading en forex, capital y tolerancia al riesgo.<\/span><\/p>\n<p style=\"text-align: justify;\"><span style=\"color: #afafaf; font-size: 14px;\">Dise\u00f1ada para traders de forex principiantes en el mercado de forex y para los que operan con vol\u00famenes m\u00e1s peque\u00f1os. La cuenta Micro de XtremeMarkets permite a los inversores operar con tama\u00f1os de operaci\u00f3n m\u00e1s peque\u00f1os y abrir una cuenta de trading con un dep\u00f3sito inicial m\u00e1s bajo que otras cuentas, todo ello desde la potente plataforma MetaTrader 4.<\/span><\/p>\n<p>[\/vc_column_text][\/vc_column][\/vc_row][vc_row full_width=&#8221;stretch_row&#8221; css=&#8221;.vc_custom_1686975788127{background-color: #000000 !important;background-position: center !important;background-repeat: no-repeat !important;background-size: cover !important;}&#8221;][vc_column][vc_column_text el_class=&#8221;career&#8221;]<\/p>\n<h2 style=\"font-size: 32px; font-weight: 400; text-align: center; margin-bottom: 20px;\"><span style=\"color: #ffffff; text-transform: capitalize; font-size: 30px; letter-spacing: 1px;\">detalles de la cuenta<\/span><\/h2>\n<table class=\"table example table-striped\" style=\"font-family: arial!important; background: #fff;\">\n<tbody>\n<tr style=\"background: #DB0100;\">\n<th style=\"color: #ffffff; font-weight: bold; width: 50%;\"><strong>TIPO DE CUENTA\u00a0<\/strong><\/th>\n<th style=\"color: #ffffff; font-weight: bold; width: 50%;\">MICRO<\/th>\n<\/tr>\n<tr>\n<td>Dep\u00f3sito m\u00ednimo<\/td>\n<td>$5<\/td>\n<\/tr>\n<tr>\n<td>Spreads a partir de pips<\/td>\n<td>1.2<\/td>\n<\/tr>\n<tr>\n<td>Comisi\u00f3n<\/td>\n<td>0<\/td>\n<\/tr>\n<tr>\n<td>Nivel de Stop Out<\/td>\n<td>30%<\/td>\n<\/tr>\n<tr>\n<td>Llamada de margen<\/td>\n<td>50%<\/td>\n<\/tr>\n<tr>\n<td>Tipo de ejecuci\u00f3n Mercado<\/td>\n<td>Market<\/td>\n<\/tr>\n<tr>\n<td>Apalancamiento m\u00e1ximo<\/td>\n<td>1:1000<\/td>\n<\/tr>\n<tr>\n<td>Cuentas sin swap<\/td>\n<td>Available Islamic<\/td>\n<\/tr>\n<tr>\n<td>Tama\u00f1o de orden m\u00ednimo en lotes<\/td>\n<td>0.01<\/td>\n<\/tr>\n<tr>\n<td>M\u00e1ximo de \u00f3rdenes abiertas:<\/td>\n<td>250<\/td>\n<\/tr>\n<tr>\n<td>Asesor experto<\/td>\n<td><img decoding=\"async\" loading=\"lazy\" class=\"size-full wp-image-691 aligncenter\" src=\"https:\/\/xtreamforex.com\/wp-content\/uploads\/2020\/05\/ticc.png\" alt=\"\" width=\"72\" height=\"56\" \/><\/td>\n<\/tr>\n<tr>\n<td>Scalping\/Hedging<\/td>\n<td><img decoding=\"async\" loading=\"lazy\" class=\"size-full wp-image-691 aligncenter\" src=\"https:\/\/xtreamforex.com\/wp-content\/uploads\/2020\/05\/ticc.png\" alt=\"\" width=\"72\" height=\"56\" \/><\/td>\n<\/tr>\n<tr>\n<td>Volumen de trading m\u00e1ximo<\/td>\n<td>5 Lot<\/td>\n<\/tr>\n<tr>\n<td style=\"margin-top: 5px;\">Bono<\/td>\n<td><img decoding=\"async\" loading=\"lazy\" class=\"size-full wp-image-693 aligncenter\" src=\"https:\/\/xtreamforex.com\/wp-content\/uploads\/2020\/05\/cros.png\" alt=\"\" width=\"72\" height=\"72\" \/><\/td>\n<\/tr>\n<tr>\n<td>Divisas de dep\u00f3sito<\/td>\n<td>USD<\/td>\n<\/tr>\n<tr>\n<td>Gestor de cuenta<\/td>\n<td><img decoding=\"async\" loading=\"lazy\" class=\"size-full wp-image-691 aligncenter\" src=\"https:\/\/xtreamforex.com\/wp-content\/uploads\/2020\/05\/ticc.png\" alt=\"\" width=\"72\" height=\"56\" \/><\/td>\n<\/tr>\n<\/tbody>\n<\/table>\n<p>[\/vc_column_text][\/vc_column][\/vc_row][vc_row full_width=&#8221;stretch_row&#8221; css=&#8221;.vc_custom_1686979518207{padding-top: 8px !important;padding-bottom: 22px !important;background-color: #000000 !important;}&#8221;][vc_column width=&#8221;1\/6&#8243;][\/vc_column][vc_column width=&#8221;2\/3&#8243;][vc_row_inner][vc_column_inner width=&#8221;5\/12&#8243;][vc_btn title=&#8221;Abierto en vivo Cuenta&#8221; style=&#8221;custom&#8221; custom_background=&#8221;#000000&#8243; custom_text=&#8221;#ffffff&#8221; shape=&#8221;square&#8221; align=&#8221;center&#8221; el_class=&#8221;white_border&#8221; link=&#8221;url:https%3A%2F%2Fmy.xtreamforex.com%2FAccount%2FRegister.php||target:%20_blank|&#8221;][\/vc_column_inner][vc_column_inner width=&#8221;1\/6&#8243;][vc_column_text el_class=&#8221;ptxt&#8221;]<\/p>\n<p style=\"text-align: center;\">o<\/p>\n<p>[\/vc_column_text][\/vc_column_inner][vc_column_inner width=&#8221;5\/12&#8243;][vc_btn title=&#8221;Abrir cuenta demo&#8221; style=&#8221;custom&#8221; custom_background=&#8221;#000000&#8243; custom_text=&#8221;#ffffff&#8221; shape=&#8221;square&#8221; align=&#8221;center&#8221; el_class=&#8221;white_border&#8221; link=&#8221;url:https%3A%2F%2Fmy.xtreamforex.com%2FAccount%2FRegister.php||target:%20_blank|&#8221;][\/vc_column_inner][\/vc_row_inner][\/vc_column][vc_column width=&#8221;1\/6&#8243;][\/vc_column][\/vc_row]<\/p>\n","protected":false},"excerpt":{"rendered":"<p>[vc_row full_width=&#8221;stretch_row&#8221; css=&#8221;.vc_custom_1698749134039{margin-top: 0px !important;margin-bottom: 0px !important;padding-top: 70px !important;padding-bottom: 70px !important;background-image: url(https:\/\/www.xtrememarkets.com\/ID\/wp-content\/uploads\/2023\/10\/MICRO-ACCOUNT.png?id=24451) !important;background-position: center !important;background-repeat: no-repeat !important;background-size: cover !important;}&#8221;][vc_column][vc_column_text] CUENTA MICRO [\/vc_column_text][\/vc_column][\/vc_row][vc_row full_width=&#8221;stretch_row&#8221; css=&#8221;.vc_custom_1698749160907{margin-top: 0px !important;background-color: #000000 !important;}&#8221;][vc_column width=&#8221;1\/2&#8243; el_class=&#8221;micro_account_1sec&#8221;][vc_single_image image=&#8221;20986&#8243; img_size=&#8221;full&#8221; alignment=&#8221;center&#8221;][\/vc_column][vc_column width=&#8221;1\/2&#8243; css=&#8221;.vc_custom_1686979691723{padding-top: 10% !important;}&#8221; el_class=&#8221;micro_account_1sec&#8221;][vc_column_text css=&#8221;.vc_custom_1708949610141{padding-bottom: 6px !important;}&#8221;]XtremeMarkets[\/vc_column_text][vc_column_text css=&#8221;.vc_custom_1708949621820{margin-top: 5px !important;}&#8221;] CUENTA MICRO [\/vc_column_text][vc_column_text] XtremeMarkets es uno de los brokers de trading<\/p>\n... <a href=\"https:\/\/www.xtrememarkets.com\/ID\/es\/micro-account-spanish\/\">continue reading<\/a>.","protected":false},"author":1,"featured_media":0,"parent":0,"menu_order":0,"comment_status":"closed","ping_status":"closed","template":"","meta":[],"yoast_head":"<!-- This site is optimized with the Yoast SEO Premium plugin v16.1 - https:\/\/yoast.com\/wordpress\/plugins\/seo\/ -->\r\n<title>Open Micro Account in lowest amount with Best Trading Broker<\/title>\r\n<meta name=\"description\" content=\"Open Micro Trading Account with a minimum deposit of $5 and start trading Forex, Indices, Cryptocurrency, and Metal &amp; Energies.\" \/>\r\n<link rel=\"canonical\" href=\"https:\/\/www.xtrememarkets.com\/ID\/es\/micro-account-spanish\/\" \/>\r\n<meta property=\"og:locale\" content=\"en_US\" \/>\r\n<meta property=\"og:type\" content=\"article\" \/>\r\n<meta property=\"og:title\" content=\"Open Micro Account in lowest amount with Best Trading Broker\" \/>\r\n<meta property=\"og:description\" content=\"Open Micro Trading Account with a minimum deposit of $5 and start trading Forex, Indices, Cryptocurrency, and Metal &amp; Energies.\" \/>\r\n<meta property=\"og:url\" content=\"https:\/\/www.xtrememarkets.com\/ID\/es\/micro-account-spanish\/\" \/>\r\n<meta property=\"og:site_name\" content=\"Xtreme Markets\" \/>\r\n<meta property=\"article:publisher\" content=\"https:\/\/www.facebook.com\/xtreamforex.official\/\" \/>\r\n<meta property=\"article:modified_time\" content=\"2024-02-26T12:17:08+00:00\" \/>\r\n<meta property=\"og:image\" content=\"https:\/\/www.xtrememarkets.com\/wp-content\/uploads\/2023\/07\/link-banner.jpg\" \/>\r\n<meta name=\"twitter:card\" content=\"summary_large_image\" \/>\r\n<meta name=\"twitter:site\" content=\"@xtreamforex\" \/>\r\n<meta name=\"twitter:label1\" content=\"Est. reading time\">\n\t<meta name=\"twitter:data1\" content=\"3 minutes\">\r\n<script type=\"application\/ld+json\" class=\"yoast-schema-graph\">{\"@context\":\"https:\/\/schema.org\",\"@graph\":[{\"@type\":[\"Organization\",\"Place\"],\"@id\":\"https:\/\/www.xtrememarkets.com\/ID\/#organization\",\"name\":\"Xtreamforex\",\"url\":\"https:\/\/www.xtrememarkets.com\/ID\/\",\"sameAs\":[\"https:\/\/www.facebook.com\/xtreamforex.official\/\",\"https:\/\/www.instagram.com\/xtreamforex.official\/\",\"https:\/\/in.linkedin.com\/company\/xtream-forex\",\"https:\/\/www.youtube.com\/channel\/UCbbTuJV9XhurjZciRLdvFBg\",\"https:\/\/www.pinterest.com\/xtreamforex_trading\/\",\"https:\/\/twitter.com\/xtreamforex\"],\"logo\":{\"@id\":\"https:\/\/www.xtrememarkets.com\/ID\/es\/micro-account-spanish\/#local-main-organization-logo\"},\"image\":{\"@id\":\"https:\/\/www.xtrememarkets.com\/ID\/es\/micro-account-spanish\/#local-main-organization-logo\"},\"openingHoursSpecification\":[{\"@type\":\"OpeningHoursSpecification\",\"dayOfWeek\":[\"Monday\",\"Tuesday\",\"Wednesday\",\"Thursday\",\"Friday\",\"Saturday\",\"Sunday\"],\"opens\":\"09:00\",\"closes\":\"17:00\"}]},{\"@type\":\"WebSite\",\"@id\":\"https:\/\/www.xtrememarkets.com\/ID\/#website\",\"url\":\"https:\/\/www.xtrememarkets.com\/ID\/\",\"name\":\"Xtreme Markets\",\"description\":\"\",\"publisher\":{\"@id\":\"https:\/\/www.xtrememarkets.com\/ID\/#organization\"},\"potentialAction\":[{\"@type\":\"SearchAction\",\"target\":\"https:\/\/www.xtrememarkets.com\/ID\/?s={search_term_string}\",\"query-input\":\"required name=search_term_string\"}],\"inLanguage\":\"en-US\"},{\"@type\":\"ImageObject\",\"@id\":\"https:\/\/www.xtrememarkets.com\/ID\/es\/micro-account-spanish\/#primaryimage\",\"inLanguage\":\"en-US\",\"url\":\"\",\"contentUrl\":\"\"},{\"@type\":\"WebPage\",\"@id\":\"https:\/\/www.xtrememarkets.com\/ID\/es\/micro-account-spanish\/#webpage\",\"url\":\"https:\/\/www.xtrememarkets.com\/ID\/es\/micro-account-spanish\/\",\"name\":\"Open Micro Account in lowest amount with Best Trading Broker\",\"isPartOf\":{\"@id\":\"https:\/\/www.xtrememarkets.com\/ID\/#website\"},\"primaryImageOfPage\":{\"@id\":\"https:\/\/www.xtrememarkets.com\/ID\/es\/micro-account-spanish\/#primaryimage\"},\"datePublished\":\"2020-05-15T11:33:38+00:00\",\"dateModified\":\"2024-02-26T12:17:08+00:00\",\"description\":\"Open Micro Trading Account with a minimum deposit of $5 and start trading Forex, Indices, Cryptocurrency, and Metal & Energies.\",\"breadcrumb\":{\"@id\":\"https:\/\/www.xtrememarkets.com\/ID\/es\/micro-account-spanish\/#breadcrumb\"},\"inLanguage\":\"en-US\",\"potentialAction\":[{\"@type\":\"ReadAction\",\"target\":[\"https:\/\/www.xtrememarkets.com\/ID\/es\/micro-account-spanish\/\"]}]},{\"@type\":\"BreadcrumbList\",\"@id\":\"https:\/\/www.xtrememarkets.com\/ID\/es\/micro-account-spanish\/#breadcrumb\",\"itemListElement\":[{\"@type\":\"ListItem\",\"position\":1,\"item\":{\"@type\":\"WebPage\",\"@id\":\"https:\/\/www.xtrememarkets.com\/\",\"url\":\"https:\/\/www.xtrememarkets.com\/\",\"name\":\"Home\"}},{\"@type\":\"ListItem\",\"position\":2,\"item\":{\"@type\":\"WebPage\",\"@id\":\"https:\/\/www.xtrememarkets.com\/ID\/es\/micro-account-spanish\/\",\"url\":\"https:\/\/www.xtrememarkets.com\/ID\/es\/micro-account-spanish\/\",\"name\":\"Open Micro Account with Best Forex Broker\"}}]},{\"@type\":\"ImageObject\",\"@id\":\"https:\/\/www.xtrememarkets.com\/ID\/es\/micro-account-spanish\/#local-main-organization-logo\",\"inLanguage\":\"en-US\",\"url\":\"https:\/\/www.xtrememarkets.com\/ID\/wp-content\/uploads\/2024\/02\/image_2024_02_23T12_39_46_331Z.png\",\"contentUrl\":\"https:\/\/www.xtrememarkets.com\/ID\/wp-content\/uploads\/2024\/02\/image_2024_02_23T12_39_46_331Z.png\",\"width\":800,\"height\":500,\"caption\":\"Xtreamforex\"}]}<\/script>\r\n<!-- \/ Yoast SEO Premium plugin. -->","_links":{"self":[{"href":"https:\/\/www.xtrememarkets.com\/ID\/wp-json\/wp\/v2\/pages\/24859"}],"collection":[{"href":"https:\/\/www.xtrememarkets.com\/ID\/wp-json\/wp\/v2\/pages"}],"about":[{"href":"https:\/\/www.xtrememarkets.com\/ID\/wp-json\/wp\/v2\/types\/page"}],"author":[{"embeddable":true,"href":"https:\/\/www.xtrememarkets.com\/ID\/wp-json\/wp\/v2\/users\/1"}],"replies":[{"embeddable":true,"href":"https:\/\/www.xtrememarkets.com\/ID\/wp-json\/wp\/v2\/comments?post=24859"}],"version-history":[{"count":5,"href":"https:\/\/www.xtrememarkets.com\/ID\/wp-json\/wp\/v2\/pages\/24859\/revisions"}],"predecessor-version":[{"id":26763,"href":"https:\/\/www.xtrememarkets.com\/ID\/wp-json\/wp\/v2\/pages\/24859\/revisions\/26763"}],"wp:attachment":[{"href":"https:\/\/www.xtrememarkets.com\/ID\/wp-json\/wp\/v2\/media?parent=24859"}],"curies":[{"name":"wp","href":"https:\/\/api.w.org\/{rel}","templated":true}]}}